{"id":28524,"date":"2023-09-08T14:17:42","date_gmt":"2023-09-08T19:17:42","guid":{"rendered":"https:\/\/globaltraining.com\/?post_type=product&#038;p=28524"},"modified":"2024-12-09T10:11:20","modified_gmt":"2024-12-09T16:11:20","slug":"tehlikeli-iletisim","status":"publish","type":"product","link":"https:\/\/globaltraining.com\/tr\/product\/hazardous-communication\/","title":{"rendered":"Tehlikeli \u0130leti\u015fim"},"content":{"rendered":"<h2>Tehlikeli \u0130leti\u015fim E\u011fitimine Ho\u015f Geldiniz<\/h2>\n<p>Genellikle HazCom Standard\u0131 olarak an\u0131lan Tehlikeli \u0130leti\u015fim Standard\u0131n\u0131 anlamak ve ona uymak, i\u015fyeri g\u00fcvenli\u011finin sa\u011flanmas\u0131nda hayati \u00f6neme sahiptir. Tehlikeli \u0130leti\u015fim E\u011fitimi kursumuz, i\u015f g\u00fcvenli\u011fi ve sa\u011fl\u0131\u011f\u0131n\u0131n bu kritik boyutunda uzmanla\u015fmaya y\u00f6nelik kapsaml\u0131 rehberinizdir.<\/p>\n<h2>HazCom Standard\u0131n\u0131n Gizemi Ortaya \u00c7\u0131kt\u0131<\/h2>\n<p>Tehlikeli \u0130leti\u015fim Standard\u0131 (HazCom), \u00e7al\u0131\u015fanlar\u0131n i\u015fyerinde kar\u015f\u0131la\u015fabilecekleri tehlikeli kimyasallar hakk\u0131nda bilgi sahibi olmalar\u0131n\u0131 sa\u011flamak amac\u0131yla OSHA (Mesleki G\u00fcvenlik ve Sa\u011fl\u0131k \u0130daresi) taraf\u0131ndan olu\u015fturulan bir dizi d\u00fczenlemedir. Bu kursta \u015funlar\u0131 yapacaks\u0131n\u0131z:<\/p>\n<p>1. HazCom Esaslar\u0131n\u0131 \u00d6\u011frenin: Tehlike s\u0131n\u0131fland\u0131rmas\u0131, etiketleme, g\u00fcvenlik veri sayfalar\u0131 (SDS) ve \u00e7al\u0131\u015fan e\u011fitimi gereksinimleri dahil olmak \u00fczere HazCom Standard\u0131n\u0131n temel bile\u015fenlerini kapsaml\u0131 bir \u015fekilde anlay\u0131n.<\/p>\n<p>2. HazCom Uyumlulu\u011fu: HazCom Standard\u0131na nas\u0131l uyum sa\u011flanaca\u011f\u0131n\u0131 ke\u015ffedin. Kimyasal tehlikeleri tan\u0131mlamak ve de\u011ferlendirmek, kaplar\u0131 uygun \u015fekilde etiketlemek ve g\u00fcncel g\u00fcvenlik veri formlar\u0131n\u0131 tutmak i\u00e7in gerekli ad\u0131mlarda size rehberlik edece\u011fiz.<\/p>\n<p>3. \u00c7al\u0131\u015fan E\u011fitimi: \u00c7al\u0131\u015fanlar\u0131n\u0131z\u0131 tehlikeli kimyasallara maruz kalma, g\u00fcvenli kullan\u0131m prosed\u00fcrleri ve acil durum m\u00fcdahale protokolleri konusunda e\u011fitmek i\u00e7in etkili stratejiler \u00f6\u011frenin. Ekibinizi kimyasal riskleri tan\u0131ma, anlama ve azaltma konusunda g\u00fc\u00e7lendirin.<\/p>\n<h2>Tehlikeli \u0130leti\u015fim E\u011fitimi Neden \u00d6nemlidir?<\/h2>\n<p>HazCom Standard\u0131, \u00e7al\u0131\u015fanlar\u0131 i\u015fyerindeki tehlikeli kimyasallar\u0131n tehlikelerinden korumak i\u00e7in tasarlanm\u0131\u015ft\u0131r. Bu standarda uygunluk yaln\u0131zca \u00e7al\u0131\u015fanlar\u0131n g\u00fcvenli\u011fini sa\u011flamakla kalmaz, ayn\u0131 zamanda kimyasal maddelere maruz kalmayla ilgili kazalar\u0131n, yaralanmalar\u0131n ve hastal\u0131klar\u0131n \u00f6nlenmesine de yard\u0131mc\u0131 olur.<\/p>\n<p>Tehlikeli \u0130leti\u015fim E\u011fitimimize kaydolarak daha g\u00fcvenli bir \u00e7al\u0131\u015fma ortam\u0131na ve OSHA d\u00fczenlemelerine uyuma y\u00f6nelik proaktif bir ad\u0131m at\u0131yorsunuz. Bilgili \u00e7al\u0131\u015fanlar, tehlikeli maddeleri g\u00fcvenli bir \u015fekilde kullanmak ve bunlarla \u00e7al\u0131\u015fmak i\u00e7in daha donan\u0131ml\u0131d\u0131r.<\/p>\n<h2>\u015eimdi Kaydolun ve \u0130\u015fyeri G\u00fcvenli\u011fine \u00d6ncelik Verin<\/h2>\n<p>Kimyasallarla ilgili bir olay meydana gelene kadar beklemeyin. Bug\u00fcn Tehlikeli \u0130leti\u015fim E\u011fitimi kursumuza kat\u0131l\u0131n ve kendinizi i\u015fyeri g\u00fcvenli\u011fini ve HazCom uyumlulu\u011funu sa\u011flamak i\u00e7in gereken bilgi ve becerilerle donat\u0131n. Kursu ba\u015far\u0131yla tamamlad\u0131\u011f\u0131n\u0131zda HazCom Standard\u0131n\u0131 anlad\u0131\u011f\u0131n\u0131z\u0131 do\u011frulayan bir sertifika alacaks\u0131n\u0131z. \u015eimdi kaydolun ve i\u015f yerinizi daha g\u00fcvenli bir ortam haline getirin!<\/p>","protected":false},"excerpt":{"rendered":"<p>Tehlikeli \u0130leti\u015fim E\u011fitimimizle i\u015fyeri g\u00fcvenli\u011fini ve uyumlulu\u011fu sa\u011flay\u0131n. HazCom&#039;un temellerini, uyumluluk ad\u0131mlar\u0131n\u0131 ve etkili \u00e7al\u0131\u015fan e\u011fitimini \u00f6\u011frenin. Daha g\u00fcvenli bir i\u015f yeri i\u00e7in bug\u00fcn kaydolun!<\/p>","protected":false},"featured_media":27183,"template":"","meta":{"_et_pb_use_builder":"","_et_pb_old_content":"","_et_gb_content_width":""},"product_brand":[],"product_cat":[125,174,141,142,64],"product_tag":[],"class_list":{"0":"post-28524","1":"product","2":"type-product","3":"status-publish","4":"has-post-thumbnail","6":"product_cat-dangerous-chemicals","7":"product_cat-environmental","8":"product_cat-hazardous-materials","9":"product_cat-hazwoper","10":"product_cat-health-safety","12":"first","13":"instock","14":"virtual","15":"sold-individually","16":"purchasable","17":"product-type-simple"},"yoast_head":"<!-- This site is optimized with the Yoast SEO plugin v27.3 - https:\/\/yoast.com\/product\/yoast-seo-wordpress\/ -->\n<title>Hazardous Communication - Global Safety &amp; Environmental<\/title>\n<meta name=\"description\" content=\"Master the HazCom Standard with our Hazardous Communication Training. Learn HazCom essentials, compliance, and employee training. Enroll now!\" \/>\n<meta name=\"robots\" content=\"index, follow, max-snippet:-1, max-image-preview:large, max-video-preview:-1\" \/>\n<link rel=\"canonical\" href=\"https:\/\/globaltraining.com\/tr\/urun\/tehlikeli-iletisim\/\" \/>\n<meta property=\"og:locale\" content=\"tr_TR\" \/>\n<meta property=\"og:type\" content=\"article\" \/>\n<meta property=\"og:title\" content=\"Hazardous Communication - Global Safety &amp; Environmental\" \/>\n<meta property=\"og:description\" content=\"Master the HazCom Standard with our Hazardous Communication Training. Learn HazCom essentials, compliance, and employee training. Enroll now!\" \/>\n<meta property=\"og:url\" content=\"https:\/\/globaltraining.com\/tr\/urun\/tehlikeli-iletisim\/\" \/>\n<meta property=\"og:site_name\" content=\"Global Safety &amp; Environmental\" \/>\n<meta property=\"article:modified_time\" content=\"2024-12-09T16:11:20+00:00\" \/>\n<meta property=\"og:image\" content=\"https:\/\/globaltraining.com\/wp-content\/uploads\/2021\/08\/hazardous-materials-e1621368784922.jpg\" \/>\n\t<meta property=\"og:image:width\" content=\"1200\" \/>\n\t<meta property=\"og:image:height\" content=\"801\" \/>\n\t<meta property=\"og:image:type\" content=\"image\/jpeg\" \/>\n<meta name=\"twitter:card\" content=\"summary_large_image\" \/>\n<meta name=\"twitter:label1\" content=\"Est. reading time\" \/>\n\t<meta name=\"twitter:data1\" content=\"2 minutes\" \/>\n<script type=\"application\/ld+json\" class=\"yoast-schema-graph\">{\"@context\":\"https:\\\/\\\/schema.org\",\"@graph\":[{\"@type\":\"WebPage\",\"@id\":\"https:\\\/\\\/globaltraining.com\\\/product\\\/hazardous-communication\\\/\",\"url\":\"https:\\\/\\\/globaltraining.com\\\/product\\\/hazardous-communication\\\/\",\"name\":\"Hazardous Communication - Global Safety &amp; Environmental\",\"isPartOf\":{\"@id\":\"https:\\\/\\\/globaltraining.com\\\/#website\"},\"primaryImageOfPage\":{\"@id\":\"https:\\\/\\\/globaltraining.com\\\/product\\\/hazardous-communication\\\/#primaryimage\"},\"image\":{\"@id\":\"https:\\\/\\\/globaltraining.com\\\/product\\\/hazardous-communication\\\/#primaryimage\"},\"thumbnailUrl\":\"https:\\\/\\\/globaltraining.com\\\/wp-content\\\/uploads\\\/2021\\\/08\\\/hazardous-materials-e1621368784922.jpg\",\"datePublished\":\"2023-09-08T19:17:42+00:00\",\"dateModified\":\"2024-12-09T16:11:20+00:00\",\"description\":\"Master the HazCom Standard with our Hazardous Communication Training. Learn HazCom essentials, compliance, and employee training. Enroll now!\",\"breadcrumb\":{\"@id\":\"https:\\\/\\\/globaltraining.com\\\/product\\\/hazardous-communication\\\/#breadcrumb\"},\"inLanguage\":\"tr-TR\",\"potentialAction\":[{\"@type\":\"ReadAction\",\"target\":[\"https:\\\/\\\/globaltraining.com\\\/product\\\/hazardous-communication\\\/\"]}]},{\"@type\":\"ImageObject\",\"inLanguage\":\"tr-TR\",\"@id\":\"https:\\\/\\\/globaltraining.com\\\/product\\\/hazardous-communication\\\/#primaryimage\",\"url\":\"https:\\\/\\\/globaltraining.com\\\/wp-content\\\/uploads\\\/2021\\\/08\\\/hazardous-materials-e1621368784922.jpg\",\"contentUrl\":\"https:\\\/\\\/globaltraining.com\\\/wp-content\\\/uploads\\\/2021\\\/08\\\/hazardous-materials-e1621368784922.jpg\",\"width\":1200,\"height\":801,\"caption\":\"Hazardous Communication\"},{\"@type\":\"BreadcrumbList\",\"@id\":\"https:\\\/\\\/globaltraining.com\\\/product\\\/hazardous-communication\\\/#breadcrumb\",\"itemListElement\":[{\"@type\":\"ListItem\",\"position\":1,\"name\":\"Home\",\"item\":\"https:\\\/\\\/globaltraining.com\\\/\"},{\"@type\":\"ListItem\",\"position\":2,\"name\":\"Productos\",\"item\":\"https:\\\/\\\/globaltraining.com\\\/es\\\/shop\\\/\"},{\"@type\":\"ListItem\",\"position\":3,\"name\":\"Hazardous Communication\"}]},{\"@type\":\"WebSite\",\"@id\":\"https:\\\/\\\/globaltraining.com\\\/#website\",\"url\":\"https:\\\/\\\/globaltraining.com\\\/\",\"name\":\"Global Safety & Environmental\",\"description\":\"Full Service Health, Safety, and Environmental Courses\",\"publisher\":{\"@id\":\"https:\\\/\\\/globaltraining.com\\\/#organization\"},\"potentialAction\":[{\"@type\":\"SearchAction\",\"target\":{\"@type\":\"EntryPoint\",\"urlTemplate\":\"https:\\\/\\\/globaltraining.com\\\/?s={search_term_string}\"},\"query-input\":{\"@type\":\"PropertyValueSpecification\",\"valueRequired\":true,\"valueName\":\"search_term_string\"}}],\"inLanguage\":\"tr-TR\"},{\"@type\":\"Organization\",\"@id\":\"https:\\\/\\\/globaltraining.com\\\/#organization\",\"name\":\"Global Safety & Environmental\",\"url\":\"https:\\\/\\\/globaltraining.com\\\/\",\"logo\":{\"@type\":\"ImageObject\",\"inLanguage\":\"tr-TR\",\"@id\":\"https:\\\/\\\/globaltraining.com\\\/#\\\/schema\\\/logo\\\/image\\\/\",\"url\":\"https:\\\/\\\/globaltraining.com\\\/wp-content\\\/uploads\\\/2021\\\/01\\\/GSE-Logo-for-email.png\",\"contentUrl\":\"https:\\\/\\\/globaltraining.com\\\/wp-content\\\/uploads\\\/2021\\\/01\\\/GSE-Logo-for-email.png\",\"width\":400,\"height\":101,\"caption\":\"Global Safety & Environmental\"},\"image\":{\"@id\":\"https:\\\/\\\/globaltraining.com\\\/#\\\/schema\\\/logo\\\/image\\\/\"}}]}<\/script>\n<!-- \/ Yoast SEO plugin. -->","yoast_head_json":{"title":"Tehlikeli \u0130leti\u015fim - K\u00fcresel G\u00fcvenlik ve \u00c7evre","description":"Tehlikeli \u0130leti\u015fim E\u011fitimimizle HazCom Standard\u0131na hakim olun. HazCom temellerini, uyumlulu\u011fu ve \u00e7al\u0131\u015fan e\u011fitimini \u00f6\u011frenin. Hemen kaydolun!","robots":{"index":"index","follow":"follow","max-snippet":"max-snippet:-1","max-image-preview":"max-image-preview:large","max-video-preview":"max-video-preview:-1"},"canonical":"https:\/\/globaltraining.com\/tr\/urun\/tehlikeli-iletisim\/","og_locale":"tr_TR","og_type":"article","og_title":"Hazardous Communication - Global Safety &amp; Environmental","og_description":"Master the HazCom Standard with our Hazardous Communication Training. Learn HazCom essentials, compliance, and employee training. Enroll now!","og_url":"https:\/\/globaltraining.com\/tr\/urun\/tehlikeli-iletisim\/","og_site_name":"Global Safety &amp; Environmental","article_modified_time":"2024-12-09T16:11:20+00:00","og_image":[{"width":1200,"height":801,"url":"https:\/\/globaltraining.com\/wp-content\/uploads\/2021\/08\/hazardous-materials-e1621368784922.jpg","type":"image\/jpeg"}],"twitter_card":"summary_large_image","twitter_misc":{"Est. reading time":"2 minutes"},"schema":{"@context":"https:\/\/schema.org","@graph":[{"@type":"WebPage","@id":"https:\/\/globaltraining.com\/product\/hazardous-communication\/","url":"https:\/\/globaltraining.com\/product\/hazardous-communication\/","name":"Tehlikeli \u0130leti\u015fim - K\u00fcresel G\u00fcvenlik ve \u00c7evre","isPartOf":{"@id":"https:\/\/globaltraining.com\/#website"},"primaryImageOfPage":{"@id":"https:\/\/globaltraining.com\/product\/hazardous-communication\/#primaryimage"},"image":{"@id":"https:\/\/globaltraining.com\/product\/hazardous-communication\/#primaryimage"},"thumbnailUrl":"https:\/\/globaltraining.com\/wp-content\/uploads\/2021\/08\/hazardous-materials-e1621368784922.jpg","datePublished":"2023-09-08T19:17:42+00:00","dateModified":"2024-12-09T16:11:20+00:00","description":"Tehlikeli \u0130leti\u015fim E\u011fitimimizle HazCom Standard\u0131na hakim olun. HazCom temellerini, uyumlulu\u011fu ve \u00e7al\u0131\u015fan e\u011fitimini \u00f6\u011frenin. Hemen kaydolun!","breadcrumb":{"@id":"https:\/\/globaltraining.com\/product\/hazardous-communication\/#breadcrumb"},"inLanguage":"tr-TR","potentialAction":[{"@type":"ReadAction","target":["https:\/\/globaltraining.com\/product\/hazardous-communication\/"]}]},{"@type":"ImageObject","inLanguage":"tr-TR","@id":"https:\/\/globaltraining.com\/product\/hazardous-communication\/#primaryimage","url":"https:\/\/globaltraining.com\/wp-content\/uploads\/2021\/08\/hazardous-materials-e1621368784922.jpg","contentUrl":"https:\/\/globaltraining.com\/wp-content\/uploads\/2021\/08\/hazardous-materials-e1621368784922.jpg","width":1200,"height":801,"caption":"Hazardous Communication"},{"@type":"BreadcrumbList","@id":"https:\/\/globaltraining.com\/product\/hazardous-communication\/#breadcrumb","itemListElement":[{"@type":"ListItem","position":1,"name":"Home","item":"https:\/\/globaltraining.com\/"},{"@type":"ListItem","position":2,"name":"Productos","item":"https:\/\/globaltraining.com\/es\/shop\/"},{"@type":"ListItem","position":3,"name":"Hazardous Communication"}]},{"@type":"WebSite","@id":"https:\/\/globaltraining.com\/#website","url":"https:\/\/globaltraining.com\/","name":"K\u00fcresel G\u00fcvenlik ve \u00c7evre","description":"Tam Hizmet Sa\u011fl\u0131k, G\u00fcvenlik ve \u00c7evre Kurslar\u0131","publisher":{"@id":"https:\/\/globaltraining.com\/#organization"},"potentialAction":[{"@type":"SearchAction","target":{"@type":"EntryPoint","urlTemplate":"https:\/\/globaltraining.com\/?s={search_term_string}"},"query-input":{"@type":"PropertyValueSpecification","valueRequired":true,"valueName":"search_term_string"}}],"inLanguage":"tr-TR"},{"@type":"Organization","@id":"https:\/\/globaltraining.com\/#organization","name":"K\u00fcresel G\u00fcvenlik ve \u00c7evre","url":"https:\/\/globaltraining.com\/","logo":{"@type":"ImageObject","inLanguage":"tr-TR","@id":"https:\/\/globaltraining.com\/#\/schema\/logo\/image\/","url":"https:\/\/globaltraining.com\/wp-content\/uploads\/2021\/01\/GSE-Logo-for-email.png","contentUrl":"https:\/\/globaltraining.com\/wp-content\/uploads\/2021\/01\/GSE-Logo-for-email.png","width":400,"height":101,"caption":"Global Safety & Environmental"},"image":{"@id":"https:\/\/globaltraining.com\/#\/schema\/logo\/image\/"}}]}},"_links":{"self":[{"href":"https:\/\/globaltraining.com\/tr\/wp-json\/wp\/v2\/product\/28524","targetHints":{"allow":["GET"]}}],"collection":[{"href":"https:\/\/globaltraining.com\/tr\/wp-json\/wp\/v2\/product"}],"about":[{"href":"https:\/\/globaltraining.com\/tr\/wp-json\/wp\/v2\/types\/product"}],"wp:featuredmedia":[{"embeddable":true,"href":"https:\/\/globaltraining.com\/tr\/wp-json\/wp\/v2\/media\/27183"}],"wp:attachment":[{"href":"https:\/\/globaltraining.com\/tr\/wp-json\/wp\/v2\/media?parent=28524"}],"wp:term":[{"taxonomy":"product_brand","embeddable":true,"href":"https:\/\/globaltraining.com\/tr\/wp-json\/wp\/v2\/product_brand?post=28524"},{"taxonomy":"product_cat","embeddable":true,"href":"https:\/\/globaltraining.com\/tr\/wp-json\/wp\/v2\/product_cat?post=28524"},{"taxonomy":"product_tag","embeddable":true,"href":"https:\/\/globaltraining.com\/tr\/wp-json\/wp\/v2\/product_tag?post=28524"}],"curies":[{"name":"wp","href":"https:\/\/api.w.org\/{rel}","templated":true}]}}