{"id":28522,"date":"2023-09-08T14:04:18","date_gmt":"2023-09-08T19:04:18","guid":{"rendered":"https:\/\/globaltraining.com\/?post_type=product&#038;p=28522"},"modified":"2024-12-06T14:58:02","modified_gmt":"2024-12-06T20:58:02","slug":"el-yikama-ellerinizi-nasil-duzgun-bir-sekilde-yikarsiniz","status":"publish","type":"product","link":"https:\/\/globaltraining.com\/tr\/product\/hand-washing-how-to-properly-wash-your-hands\/","title":{"rendered":"El Y\u0131kama E\u011fitimi"},"content":{"rendered":"<h2>El Y\u0131kama E\u011fitimine Ho\u015f Geldiniz<\/h2>\n<p>Kapsaml\u0131 El Y\u0131kama E\u011fitimi kursumuza ho\u015f geldiniz. El hijyeni ki\u015fisel ve toplum sa\u011fl\u0131\u011f\u0131n\u0131n \u00e7ok \u00f6nemli bir y\u00f6n\u00fcd\u00fcr ve bu kurs size etkili el y\u0131kama uygulamalar\u0131 i\u00e7in gerekli bilgi ve becerileri sa\u011flamak \u00fczere tasarlanm\u0131\u015ft\u0131r.<\/p>\n<h2>El Y\u0131kaman\u0131n \u00d6nemi<\/h2>\n<p>Do\u011fru el hijyeni mikroplar\u0131n, hastal\u0131klar\u0131n ve enfeksiyonlar\u0131n yay\u0131lmas\u0131n\u0131 \u00f6nlemenin en etkili yollar\u0131ndan biridir. El Y\u0131kama E\u011fitimimizde sadece el y\u0131kaman\u0131n \u00f6nemini de\u011fil, arkas\u0131ndaki bilimi de \u00f6\u011freneceksiniz. El y\u0131kaman\u0131n hastal\u0131klar\u0131n \u00f6nlenmesindeki rol\u00fcn\u00fc anlamak, daha sa\u011fl\u0131kl\u0131 ve daha g\u00fcvenli bir \u00e7evreye do\u011fru at\u0131lan ilk ad\u0131md\u0131r.<\/p>\n<h2>Kursun \u00d6nemli Noktalar\u0131<\/h2>\n<p>El Y\u0131kama E\u011fitimi kursumuz a\u015fa\u011f\u0131daki temel konular\u0131 kapsamaktad\u0131r:<\/p>\n<p>1. El Hijyeni E\u011fitimi: El hijyeni, sa\u011fl\u0131k bak\u0131m ortamlar\u0131ndaki \u00f6nemi ve g\u00fcnl\u00fck ya\u015famdaki \u00f6nemi konusunda kapsaml\u0131 bir anlay\u0131\u015f kazan\u0131n. Kirlenmi\u015f eller yoluyla bula\u015fabilecek farkl\u0131 mikrop ve hastal\u0131k t\u00fcrleri hakk\u0131nda bilgi edinin.<\/p>\n<p>2. Etkili El Y\u0131kama Teknikleri: Etkili el y\u0131kama sanat\u0131nda ustala\u015f\u0131n. S\u00fcre, sabun se\u00e7imi ve su s\u0131cakl\u0131\u011f\u0131 gibi uygun teknikleri ke\u015ffedin. Ellerinizi iyice temizledi\u011finizden emin olmak i\u00e7in size ad\u0131m ad\u0131m s\u00fcre\u00e7 boyunca rehberlik edece\u011fiz.<\/p>\n<p>3. CDC El Hijyeni E\u011fitimi: Kursumuz, Hastal\u0131k Kontrol ve \u00d6nleme Merkezlerinin (CDC) y\u00f6nergeleri ve tavsiyeleriyle uyumlu olacak \u015fekilde tasarlanm\u0131\u015ft\u0131r. En y\u00fcksek el hijyeni standartlar\u0131n\u0131 kar\u015f\u0131layan ve sizi \u00e7e\u015fitli ortamlardaki en iyi uygulamalar\u0131 takip etmeye haz\u0131r hale getiren bir e\u011fitim alacaks\u0131n\u0131z.<\/p>\n<h2>El Y\u0131kama Neden \u00d6nemlidir?<\/h2>\n<p>El y\u0131kamak sadece ki\u015fisel bir al\u0131\u015fkanl\u0131k de\u011fildir; topluluklar\u0131n ve kurulu\u015flar\u0131n refah\u0131 i\u00e7in ortak bir sorumluluktur. Sa\u011fl\u0131k hizmetlerinde, yemek hizmetlerinde veya halka a\u00e7\u0131k herhangi bir ortamda \u00e7al\u0131\u015f\u0131yor olsan\u0131z da, el hijyeni uygulamalar\u0131n\u0131z etraf\u0131n\u0131zdakilerin sa\u011fl\u0131\u011f\u0131n\u0131 etkiler.<\/p>\n<p>El Y\u0131kama E\u011fitimine kaydolarak daha g\u00fcvenli, sa\u011fl\u0131kl\u0131 bir \u00e7evreye do\u011fru proaktif bir ad\u0131m at\u0131yorsunuz. \u0130\u015fverenler hijyene \u00f6ncelik veren ki\u015filere de\u011fer verir ve bu kurs \u00e7e\u015fitli mesleklere y\u00f6nelik niteliklerinizi geli\u015ftirir.<\/p>\n<h2>Daha Sa\u011fl\u0131kl\u0131 Bir Yar\u0131n \u0130\u00e7in Bug\u00fcn Kay\u0131t Olun<\/h2>\n<p>Do\u011fru el y\u0131kaman\u0131n g\u00fcc\u00fcn\u00fc hafife almay\u0131n. El hijyeni bilgi ve becerilerinizi geli\u015ftirmek i\u00e7in bug\u00fcn El Y\u0131kama E\u011fitimi kursumuza kaydolun. Ba\u015far\u0131l\u0131 bir \u015fekilde tamamlad\u0131\u011f\u0131n\u0131zda, hijyenik ve g\u00fcvenli bir ortam s\u00fcrd\u00fcrme konusundaki kararl\u0131l\u0131\u011f\u0131n\u0131z\u0131 yans\u0131tan de\u011ferli bir sertifika alacaks\u0131n\u0131z. \u015eimdi bize kat\u0131l\u0131n ve daha sa\u011fl\u0131kl\u0131 bir yar\u0131na katk\u0131da bulunun!<\/p>","protected":false},"excerpt":{"rendered":"<p>El Y\u0131kama E\u011fitimi kursumuzla ki\u015fisel ve toplum sa\u011fl\u0131\u011f\u0131n\u0131 geli\u015ftirin. Uygun el hijyeni tekniklerinde ustala\u015f\u0131n ve de\u011ferli bir sertifika kazan\u0131n. Daha g\u00fcvenli bir yar\u0131n i\u00e7in bug\u00fcn kaydolun!<\/p>","protected":false},"featured_media":27122,"template":"","meta":{"_et_pb_use_builder":"","_et_pb_old_content":"","_et_gb_content_width":""},"product_brand":[],"product_cat":[136,140,141,143,160],"product_tag":[],"class_list":{"0":"post-28522","1":"product","2":"type-product","3":"status-publish","4":"has-post-thumbnail","6":"product_cat-first-aid","7":"product_cat-hand-protection","8":"product_cat-hazardous-materials","9":"product_cat-health-and-safety","10":"product_cat-ppe","12":"first","13":"instock","14":"virtual","15":"sold-individually","16":"purchasable","17":"product-type-simple"},"yoast_head":"<!-- This site is optimized with the Yoast SEO plugin v27.3 - https:\/\/yoast.com\/product\/yoast-seo-wordpress\/ -->\n<title>Hand Washing Training - Global Safety &amp; Environmental<\/title>\n<meta name=\"description\" content=\"Enhance public health with our Hand Washing Training. Learn effective hand hygiene techniques aligned with CDC guidelines. Enroll now!\" \/>\n<meta name=\"robots\" content=\"index, follow, max-snippet:-1, max-image-preview:large, max-video-preview:-1\" \/>\n<link rel=\"canonical\" href=\"https:\/\/globaltraining.com\/tr\/urun\/el-yikama-ellerinizi-nasil-duzgun-bir-sekilde-yikarsiniz\/\" \/>\n<meta property=\"og:locale\" content=\"tr_TR\" \/>\n<meta property=\"og:type\" content=\"article\" \/>\n<meta property=\"og:title\" content=\"Hand Washing Training - Global Safety &amp; Environmental\" \/>\n<meta property=\"og:description\" content=\"Enhance public health with our Hand Washing Training. Learn effective hand hygiene techniques aligned with CDC guidelines. Enroll now!\" \/>\n<meta property=\"og:url\" content=\"https:\/\/globaltraining.com\/tr\/urun\/el-yikama-ellerinizi-nasil-duzgun-bir-sekilde-yikarsiniz\/\" \/>\n<meta property=\"og:site_name\" content=\"Global Safety &amp; Environmental\" \/>\n<meta property=\"article:modified_time\" content=\"2024-12-06T20:58:02+00:00\" \/>\n<meta property=\"og:image\" content=\"https:\/\/globaltraining.com\/wp-content\/uploads\/2021\/09\/iStock-1210777633.jpg\" \/>\n\t<meta property=\"og:image:width\" content=\"1200\" \/>\n\t<meta property=\"og:image:height\" content=\"800\" \/>\n\t<meta property=\"og:image:type\" content=\"image\/jpeg\" \/>\n<meta name=\"twitter:card\" content=\"summary_large_image\" \/>\n<meta name=\"twitter:label1\" content=\"Est. reading time\" \/>\n\t<meta name=\"twitter:data1\" content=\"2 minutes\" \/>\n<script type=\"application\/ld+json\" class=\"yoast-schema-graph\">{\"@context\":\"https:\\\/\\\/schema.org\",\"@graph\":[{\"@type\":\"WebPage\",\"@id\":\"https:\\\/\\\/globaltraining.com\\\/product\\\/hand-washing-how-to-properly-wash-your-hands\\\/\",\"url\":\"https:\\\/\\\/globaltraining.com\\\/product\\\/hand-washing-how-to-properly-wash-your-hands\\\/\",\"name\":\"Hand Washing Training - Global Safety &amp; Environmental\",\"isPartOf\":{\"@id\":\"https:\\\/\\\/globaltraining.com\\\/#website\"},\"primaryImageOfPage\":{\"@id\":\"https:\\\/\\\/globaltraining.com\\\/product\\\/hand-washing-how-to-properly-wash-your-hands\\\/#primaryimage\"},\"image\":{\"@id\":\"https:\\\/\\\/globaltraining.com\\\/product\\\/hand-washing-how-to-properly-wash-your-hands\\\/#primaryimage\"},\"thumbnailUrl\":\"https:\\\/\\\/globaltraining.com\\\/wp-content\\\/uploads\\\/2021\\\/09\\\/iStock-1210777633.jpg\",\"datePublished\":\"2023-09-08T19:04:18+00:00\",\"dateModified\":\"2024-12-06T20:58:02+00:00\",\"description\":\"Enhance public health with our Hand Washing Training. Learn effective hand hygiene techniques aligned with CDC guidelines. Enroll now!\",\"breadcrumb\":{\"@id\":\"https:\\\/\\\/globaltraining.com\\\/product\\\/hand-washing-how-to-properly-wash-your-hands\\\/#breadcrumb\"},\"inLanguage\":\"tr-TR\",\"potentialAction\":[{\"@type\":\"ReadAction\",\"target\":[\"https:\\\/\\\/globaltraining.com\\\/product\\\/hand-washing-how-to-properly-wash-your-hands\\\/\"]}]},{\"@type\":\"ImageObject\",\"inLanguage\":\"tr-TR\",\"@id\":\"https:\\\/\\\/globaltraining.com\\\/product\\\/hand-washing-how-to-properly-wash-your-hands\\\/#primaryimage\",\"url\":\"https:\\\/\\\/globaltraining.com\\\/wp-content\\\/uploads\\\/2021\\\/09\\\/iStock-1210777633.jpg\",\"contentUrl\":\"https:\\\/\\\/globaltraining.com\\\/wp-content\\\/uploads\\\/2021\\\/09\\\/iStock-1210777633.jpg\",\"width\":1200,\"height\":800,\"caption\":\"Hand Washing Training\"},{\"@type\":\"BreadcrumbList\",\"@id\":\"https:\\\/\\\/globaltraining.com\\\/product\\\/hand-washing-how-to-properly-wash-your-hands\\\/#breadcrumb\",\"itemListElement\":[{\"@type\":\"ListItem\",\"position\":1,\"name\":\"Home\",\"item\":\"https:\\\/\\\/globaltraining.com\\\/\"},{\"@type\":\"ListItem\",\"position\":2,\"name\":\"Productos\",\"item\":\"https:\\\/\\\/globaltraining.com\\\/es\\\/shop\\\/\"},{\"@type\":\"ListItem\",\"position\":3,\"name\":\"Hand Washing Training\"}]},{\"@type\":\"WebSite\",\"@id\":\"https:\\\/\\\/globaltraining.com\\\/#website\",\"url\":\"https:\\\/\\\/globaltraining.com\\\/\",\"name\":\"Global Safety & Environmental\",\"description\":\"Full Service Health, Safety, and Environmental Courses\",\"publisher\":{\"@id\":\"https:\\\/\\\/globaltraining.com\\\/#organization\"},\"potentialAction\":[{\"@type\":\"SearchAction\",\"target\":{\"@type\":\"EntryPoint\",\"urlTemplate\":\"https:\\\/\\\/globaltraining.com\\\/?s={search_term_string}\"},\"query-input\":{\"@type\":\"PropertyValueSpecification\",\"valueRequired\":true,\"valueName\":\"search_term_string\"}}],\"inLanguage\":\"tr-TR\"},{\"@type\":\"Organization\",\"@id\":\"https:\\\/\\\/globaltraining.com\\\/#organization\",\"name\":\"Global Safety & Environmental\",\"url\":\"https:\\\/\\\/globaltraining.com\\\/\",\"logo\":{\"@type\":\"ImageObject\",\"inLanguage\":\"tr-TR\",\"@id\":\"https:\\\/\\\/globaltraining.com\\\/#\\\/schema\\\/logo\\\/image\\\/\",\"url\":\"https:\\\/\\\/globaltraining.com\\\/wp-content\\\/uploads\\\/2021\\\/01\\\/GSE-Logo-for-email.png\",\"contentUrl\":\"https:\\\/\\\/globaltraining.com\\\/wp-content\\\/uploads\\\/2021\\\/01\\\/GSE-Logo-for-email.png\",\"width\":400,\"height\":101,\"caption\":\"Global Safety & Environmental\"},\"image\":{\"@id\":\"https:\\\/\\\/globaltraining.com\\\/#\\\/schema\\\/logo\\\/image\\\/\"}}]}<\/script>\n<!-- \/ Yoast SEO plugin. -->","yoast_head_json":{"title":"El Y\u0131kama E\u011fitimi - K\u00fcresel G\u00fcvenlik ve \u00c7evre","description":"El Y\u0131kama E\u011fitimimizle halk sa\u011fl\u0131\u011f\u0131n\u0131 iyile\u015ftirin. CDC y\u00f6nergeleriyle uyumlu etkili el hijyeni tekniklerini \u00f6\u011frenin. Hemen kaydolun!","robots":{"index":"index","follow":"follow","max-snippet":"max-snippet:-1","max-image-preview":"max-image-preview:large","max-video-preview":"max-video-preview:-1"},"canonical":"https:\/\/globaltraining.com\/tr\/urun\/el-yikama-ellerinizi-nasil-duzgun-bir-sekilde-yikarsiniz\/","og_locale":"tr_TR","og_type":"article","og_title":"Hand Washing Training - Global Safety &amp; Environmental","og_description":"Enhance public health with our Hand Washing Training. Learn effective hand hygiene techniques aligned with CDC guidelines. Enroll now!","og_url":"https:\/\/globaltraining.com\/tr\/urun\/el-yikama-ellerinizi-nasil-duzgun-bir-sekilde-yikarsiniz\/","og_site_name":"Global Safety &amp; Environmental","article_modified_time":"2024-12-06T20:58:02+00:00","og_image":[{"width":1200,"height":800,"url":"https:\/\/globaltraining.com\/wp-content\/uploads\/2021\/09\/iStock-1210777633.jpg","type":"image\/jpeg"}],"twitter_card":"summary_large_image","twitter_misc":{"Est. reading time":"2 minutes"},"schema":{"@context":"https:\/\/schema.org","@graph":[{"@type":"WebPage","@id":"https:\/\/globaltraining.com\/product\/hand-washing-how-to-properly-wash-your-hands\/","url":"https:\/\/globaltraining.com\/product\/hand-washing-how-to-properly-wash-your-hands\/","name":"El Y\u0131kama E\u011fitimi - K\u00fcresel G\u00fcvenlik ve \u00c7evre","isPartOf":{"@id":"https:\/\/globaltraining.com\/#website"},"primaryImageOfPage":{"@id":"https:\/\/globaltraining.com\/product\/hand-washing-how-to-properly-wash-your-hands\/#primaryimage"},"image":{"@id":"https:\/\/globaltraining.com\/product\/hand-washing-how-to-properly-wash-your-hands\/#primaryimage"},"thumbnailUrl":"https:\/\/globaltraining.com\/wp-content\/uploads\/2021\/09\/iStock-1210777633.jpg","datePublished":"2023-09-08T19:04:18+00:00","dateModified":"2024-12-06T20:58:02+00:00","description":"El Y\u0131kama E\u011fitimimizle halk sa\u011fl\u0131\u011f\u0131n\u0131 iyile\u015ftirin. CDC y\u00f6nergeleriyle uyumlu etkili el hijyeni tekniklerini \u00f6\u011frenin. Hemen kaydolun!","breadcrumb":{"@id":"https:\/\/globaltraining.com\/product\/hand-washing-how-to-properly-wash-your-hands\/#breadcrumb"},"inLanguage":"tr-TR","potentialAction":[{"@type":"ReadAction","target":["https:\/\/globaltraining.com\/product\/hand-washing-how-to-properly-wash-your-hands\/"]}]},{"@type":"ImageObject","inLanguage":"tr-TR","@id":"https:\/\/globaltraining.com\/product\/hand-washing-how-to-properly-wash-your-hands\/#primaryimage","url":"https:\/\/globaltraining.com\/wp-content\/uploads\/2021\/09\/iStock-1210777633.jpg","contentUrl":"https:\/\/globaltraining.com\/wp-content\/uploads\/2021\/09\/iStock-1210777633.jpg","width":1200,"height":800,"caption":"Hand Washing Training"},{"@type":"BreadcrumbList","@id":"https:\/\/globaltraining.com\/product\/hand-washing-how-to-properly-wash-your-hands\/#breadcrumb","itemListElement":[{"@type":"ListItem","position":1,"name":"Home","item":"https:\/\/globaltraining.com\/"},{"@type":"ListItem","position":2,"name":"Productos","item":"https:\/\/globaltraining.com\/es\/shop\/"},{"@type":"ListItem","position":3,"name":"Hand Washing Training"}]},{"@type":"WebSite","@id":"https:\/\/globaltraining.com\/#website","url":"https:\/\/globaltraining.com\/","name":"K\u00fcresel G\u00fcvenlik ve \u00c7evre","description":"Tam Hizmet Sa\u011fl\u0131k, G\u00fcvenlik ve \u00c7evre Kurslar\u0131","publisher":{"@id":"https:\/\/globaltraining.com\/#organization"},"potentialAction":[{"@type":"SearchAction","target":{"@type":"EntryPoint","urlTemplate":"https:\/\/globaltraining.com\/?s={search_term_string}"},"query-input":{"@type":"PropertyValueSpecification","valueRequired":true,"valueName":"search_term_string"}}],"inLanguage":"tr-TR"},{"@type":"Organization","@id":"https:\/\/globaltraining.com\/#organization","name":"K\u00fcresel G\u00fcvenlik ve \u00c7evre","url":"https:\/\/globaltraining.com\/","logo":{"@type":"ImageObject","inLanguage":"tr-TR","@id":"https:\/\/globaltraining.com\/#\/schema\/logo\/image\/","url":"https:\/\/globaltraining.com\/wp-content\/uploads\/2021\/01\/GSE-Logo-for-email.png","contentUrl":"https:\/\/globaltraining.com\/wp-content\/uploads\/2021\/01\/GSE-Logo-for-email.png","width":400,"height":101,"caption":"Global Safety & Environmental"},"image":{"@id":"https:\/\/globaltraining.com\/#\/schema\/logo\/image\/"}}]}},"_links":{"self":[{"href":"https:\/\/globaltraining.com\/tr\/wp-json\/wp\/v2\/product\/28522","targetHints":{"allow":["GET"]}}],"collection":[{"href":"https:\/\/globaltraining.com\/tr\/wp-json\/wp\/v2\/product"}],"about":[{"href":"https:\/\/globaltraining.com\/tr\/wp-json\/wp\/v2\/types\/product"}],"wp:featuredmedia":[{"embeddable":true,"href":"https:\/\/globaltraining.com\/tr\/wp-json\/wp\/v2\/media\/27122"}],"wp:attachment":[{"href":"https:\/\/globaltraining.com\/tr\/wp-json\/wp\/v2\/media?parent=28522"}],"wp:term":[{"taxonomy":"product_brand","embeddable":true,"href":"https:\/\/globaltraining.com\/tr\/wp-json\/wp\/v2\/product_brand?post=28522"},{"taxonomy":"product_cat","embeddable":true,"href":"https:\/\/globaltraining.com\/tr\/wp-json\/wp\/v2\/product_cat?post=28522"},{"taxonomy":"product_tag","embeddable":true,"href":"https:\/\/globaltraining.com\/tr\/wp-json\/wp\/v2\/product_tag?post=28522"}],"curies":[{"name":"wp","href":"https:\/\/api.w.org\/{rel}","templated":true}]}}