{"id":28520,"date":"2023-09-08T13:56:39","date_gmt":"2023-09-08T18:56:39","guid":{"rendered":"https:\/\/globaltraining.com\/?post_type=product&#038;p=28520"},"modified":"2024-12-06T14:57:42","modified_gmt":"2024-12-06T20:57:42","slug":"el-koruma-egitimi","status":"publish","type":"product","link":"https:\/\/globaltraining.com\/tr\/product\/hand-protection-training\/","title":{"rendered":"El Koruma E\u011fitimi"},"content":{"rendered":"<h2>El Koruma E\u011fitimine Ho\u015f Geldiniz<\/h2>\n<p>Kapsaml\u0131 El Koruma E\u011fitimi kursumuza ho\u015f geldiniz. El g\u00fcvenli\u011fi \u00e7e\u015fitli end\u00fcstrilerde \u00e7ok \u00f6nemlidir ve bu kurs sizi tehlikeli ortamlarda \u00e7al\u0131\u015f\u0131rken ellerinizi koruyacak bilgi ve becerilerle donatmak i\u00e7in tasarlanm\u0131\u015ft\u0131r.<\/p>\n<h2>El G\u00fcvenli\u011finin \u00d6nemi<\/h2>\n<p>Eller paha bi\u00e7ilmezdir ve onlar\u0131 korumak en b\u00fcy\u00fck \u00f6ncelik olmal\u0131d\u0131r. El yaralanmalar\u0131 ciddi olabilir ve s\u0131kl\u0131kla ya\u015fam boyu sonu\u00e7lara yol a\u00e7abilir. El Koruma E\u011fitimi sadece kurallara uymakla ilgili de\u011fildir; refah\u0131n\u0131z\u0131 ve \u00fcretkenli\u011finizi garanti alt\u0131na almakla ilgilidir.<\/p>\n<h2>Kursun \u00d6nemli Noktalar\u0131<\/h2>\n<p>El Koruma kursumuz temel konular\u0131 kapsar:<\/p>\n<p>1. Eldiven G\u00fcvenli\u011fi: El korumas\u0131nda eldivenlerin \u00f6nemini ke\u015ffedin. Farkl\u0131 eldiven t\u00fcrleri, bunlar\u0131n do\u011fru se\u00e7imi ve el yaralanmalar\u0131n\u0131 \u00f6nlemek i\u00e7in bunlar\u0131n etkili bir \u015fekilde nas\u0131l kullan\u0131laca\u011f\u0131 hakk\u0131nda bilgi edinin.<\/p>\n<p>2. El G\u00fcvenli\u011fi En \u0130yi Uygulamalar\u0131: Risk de\u011ferlendirmesi, tehlike tan\u0131mlama ve azaltma dahil olmak \u00fczere el g\u00fcvenli\u011fine ili\u015fkin en iyi uygulamalar\u0131 derinlemesine inceleyin. Daha g\u00fcvenli bir \u00e7al\u0131\u015fma ortam\u0131n\u0131n nas\u0131l olu\u015fturulaca\u011f\u0131n\u0131 ve el yaralanmas\u0131 riskinin nas\u0131l azalt\u0131laca\u011f\u0131n\u0131 anlay\u0131n.<\/p>\n<h2>El Korumas\u0131 Neden \u00d6nemlidir?<\/h2>\n<p>El yaralanmalar\u0131 a\u011fr\u0131ya, ac\u0131ya ve \u00fcretkenlik kayb\u0131na neden olabilir. \u0130\u015fverenler el g\u00fcvenli\u011fine \u00f6ncelik veren e\u011fitimli personele de\u011fer verir. \u0130\u015fyerinde kaza riskini azalt\u0131r, g\u00fcvenlik d\u00fczenlemelerine uyumu sa\u011flar ve genel verimlili\u011fi art\u0131r\u0131r.<\/p>\n<p>El Koruma E\u011fitimine yat\u0131r\u0131m yapmak yaln\u0131zca ellerinizi korumakla kalmaz, ayn\u0131 zamanda istihdam edilebilirli\u011finizi de art\u0131r\u0131r. \u0130\u015fverenlerin el g\u00fcvenli\u011fi protokolleri konusunda bilgili ki\u015fileri i\u015fe alma ve i\u015fte tutma olas\u0131l\u0131klar\u0131 daha y\u00fcksektir.<\/p>\n<h2>El G\u00fcvenli\u011fi Uzmanl\u0131\u011f\u0131na Bug\u00fcn Kaydolun<\/h2>\n<p>El g\u00fcvenli\u011finden \u00f6d\u00fcn vermeyin. El Koruma E\u011fitimi kursumuza bug\u00fcn kaydolun ve i\u015f yerinde ellerinizi etkili bir \u015fekilde korumak i\u00e7in gereken bilgi ve becerileri edinin.<\/p>\n<p>El g\u00fcvenli\u011fi konusunda uzman olma yolunda ilk ad\u0131m\u0131 at\u0131n. Ba\u015far\u0131l\u0131 bir \u015fekilde tamamlad\u0131\u011f\u0131n\u0131zda, el korumas\u0131ndaki yeterlili\u011finizi onaylayan bir sertifika alacaks\u0131n\u0131z. \u015eimdi bize kat\u0131l\u0131n ve daha g\u00fcvenli ve daha verimli i\u015fyerleri yaratmaya yard\u0131mc\u0131 olun.<\/p>","protected":false},"excerpt":{"rendered":"<p>El Koruma E\u011fitimi kursumuzla el g\u00fcvenli\u011fini art\u0131r\u0131n. Eldiven g\u00fcvenli\u011fi ve en iyi uygulamalar hakk\u0131nda bilgi edinin ve de\u011ferli bir sertifika kazan\u0131n. G\u00fcvenli\u011fe \u00f6ncelik verin ve hemen kaydolun!<\/p>","protected":false},"featured_media":27124,"template":"","meta":{"_et_pb_use_builder":"","_et_pb_old_content":"","_et_gb_content_width":""},"product_brand":[],"product_cat":[139,140,143,156],"product_tag":[],"class_list":{"0":"post-28520","1":"product","2":"type-product","3":"status-publish","4":"has-post-thumbnail","6":"product_cat-hand-and-power-tools","7":"product_cat-hand-protection","8":"product_cat-health-and-safety","9":"product_cat-occupational-health-and-safety","11":"first","12":"instock","13":"virtual","14":"sold-individually","15":"purchasable","16":"product-type-simple"},"yoast_head":"<!-- This site is optimized with the Yoast SEO plugin v27.3 - https:\/\/yoast.com\/product\/yoast-seo-wordpress\/ -->\n<title>Hand Protection Training - Global Safety &amp; Environmental<\/title>\n<meta name=\"description\" content=\"Protect your hands with our Hand Protection Training. Learn about glove safety, hand safety best practices, and more. Enroll today for a safer workplace!\" \/>\n<meta name=\"robots\" content=\"index, follow, max-snippet:-1, max-image-preview:large, max-video-preview:-1\" \/>\n<link rel=\"canonical\" href=\"https:\/\/globaltraining.com\/tr\/urun\/el-koruma-egitimi\/\" \/>\n<meta property=\"og:locale\" content=\"tr_TR\" \/>\n<meta property=\"og:type\" content=\"article\" \/>\n<meta property=\"og:title\" content=\"Hand Protection Training - Global Safety &amp; Environmental\" \/>\n<meta property=\"og:description\" content=\"Protect your hands with our Hand Protection Training. Learn about glove safety, hand safety best practices, and more. Enroll today for a safer workplace!\" \/>\n<meta property=\"og:url\" content=\"https:\/\/globaltraining.com\/tr\/urun\/el-koruma-egitimi\/\" \/>\n<meta property=\"og:site_name\" content=\"Global Safety &amp; Environmental\" \/>\n<meta property=\"article:modified_time\" content=\"2024-12-06T20:57:42+00:00\" \/>\n<meta property=\"og:image\" content=\"https:\/\/globaltraining.com\/wp-content\/uploads\/2021\/09\/cropped-shot-of-repairwoman-putting-on-work-gloves-P45WE76.jpg\" \/>\n\t<meta property=\"og:image:width\" content=\"1200\" \/>\n\t<meta property=\"og:image:height\" content=\"801\" \/>\n\t<meta property=\"og:image:type\" content=\"image\/jpeg\" \/>\n<meta name=\"twitter:card\" content=\"summary_large_image\" \/>\n<meta name=\"twitter:label1\" content=\"Est. reading time\" \/>\n\t<meta name=\"twitter:data1\" content=\"2 minutes\" \/>\n<script type=\"application\/ld+json\" class=\"yoast-schema-graph\">{\"@context\":\"https:\\\/\\\/schema.org\",\"@graph\":[{\"@type\":\"WebPage\",\"@id\":\"https:\\\/\\\/globaltraining.com\\\/product\\\/hand-protection-training\\\/\",\"url\":\"https:\\\/\\\/globaltraining.com\\\/product\\\/hand-protection-training\\\/\",\"name\":\"Hand Protection Training - Global Safety &amp; Environmental\",\"isPartOf\":{\"@id\":\"https:\\\/\\\/globaltraining.com\\\/#website\"},\"primaryImageOfPage\":{\"@id\":\"https:\\\/\\\/globaltraining.com\\\/product\\\/hand-protection-training\\\/#primaryimage\"},\"image\":{\"@id\":\"https:\\\/\\\/globaltraining.com\\\/product\\\/hand-protection-training\\\/#primaryimage\"},\"thumbnailUrl\":\"https:\\\/\\\/globaltraining.com\\\/wp-content\\\/uploads\\\/2021\\\/09\\\/cropped-shot-of-repairwoman-putting-on-work-gloves-P45WE76.jpg\",\"datePublished\":\"2023-09-08T18:56:39+00:00\",\"dateModified\":\"2024-12-06T20:57:42+00:00\",\"description\":\"Protect your hands with our Hand Protection Training. Learn about glove safety, hand safety best practices, and more. Enroll today for a safer workplace!\",\"breadcrumb\":{\"@id\":\"https:\\\/\\\/globaltraining.com\\\/product\\\/hand-protection-training\\\/#breadcrumb\"},\"inLanguage\":\"tr-TR\",\"potentialAction\":[{\"@type\":\"ReadAction\",\"target\":[\"https:\\\/\\\/globaltraining.com\\\/product\\\/hand-protection-training\\\/\"]}]},{\"@type\":\"ImageObject\",\"inLanguage\":\"tr-TR\",\"@id\":\"https:\\\/\\\/globaltraining.com\\\/product\\\/hand-protection-training\\\/#primaryimage\",\"url\":\"https:\\\/\\\/globaltraining.com\\\/wp-content\\\/uploads\\\/2021\\\/09\\\/cropped-shot-of-repairwoman-putting-on-work-gloves-P45WE76.jpg\",\"contentUrl\":\"https:\\\/\\\/globaltraining.com\\\/wp-content\\\/uploads\\\/2021\\\/09\\\/cropped-shot-of-repairwoman-putting-on-work-gloves-P45WE76.jpg\",\"width\":1200,\"height\":801,\"caption\":\"Hand Protection Training\"},{\"@type\":\"BreadcrumbList\",\"@id\":\"https:\\\/\\\/globaltraining.com\\\/product\\\/hand-protection-training\\\/#breadcrumb\",\"itemListElement\":[{\"@type\":\"ListItem\",\"position\":1,\"name\":\"Home\",\"item\":\"https:\\\/\\\/globaltraining.com\\\/\"},{\"@type\":\"ListItem\",\"position\":2,\"name\":\"Productos\",\"item\":\"https:\\\/\\\/globaltraining.com\\\/es\\\/shop\\\/\"},{\"@type\":\"ListItem\",\"position\":3,\"name\":\"Hand Protection Training\"}]},{\"@type\":\"WebSite\",\"@id\":\"https:\\\/\\\/globaltraining.com\\\/#website\",\"url\":\"https:\\\/\\\/globaltraining.com\\\/\",\"name\":\"Global Safety & Environmental\",\"description\":\"Full Service Health, Safety, and Environmental Courses\",\"publisher\":{\"@id\":\"https:\\\/\\\/globaltraining.com\\\/#organization\"},\"potentialAction\":[{\"@type\":\"SearchAction\",\"target\":{\"@type\":\"EntryPoint\",\"urlTemplate\":\"https:\\\/\\\/globaltraining.com\\\/?s={search_term_string}\"},\"query-input\":{\"@type\":\"PropertyValueSpecification\",\"valueRequired\":true,\"valueName\":\"search_term_string\"}}],\"inLanguage\":\"tr-TR\"},{\"@type\":\"Organization\",\"@id\":\"https:\\\/\\\/globaltraining.com\\\/#organization\",\"name\":\"Global Safety & Environmental\",\"url\":\"https:\\\/\\\/globaltraining.com\\\/\",\"logo\":{\"@type\":\"ImageObject\",\"inLanguage\":\"tr-TR\",\"@id\":\"https:\\\/\\\/globaltraining.com\\\/#\\\/schema\\\/logo\\\/image\\\/\",\"url\":\"https:\\\/\\\/globaltraining.com\\\/wp-content\\\/uploads\\\/2021\\\/01\\\/GSE-Logo-for-email.png\",\"contentUrl\":\"https:\\\/\\\/globaltraining.com\\\/wp-content\\\/uploads\\\/2021\\\/01\\\/GSE-Logo-for-email.png\",\"width\":400,\"height\":101,\"caption\":\"Global Safety & Environmental\"},\"image\":{\"@id\":\"https:\\\/\\\/globaltraining.com\\\/#\\\/schema\\\/logo\\\/image\\\/\"}}]}<\/script>\n<!-- \/ Yoast SEO plugin. -->","yoast_head_json":{"title":"El Koruma E\u011fitimi - K\u00fcresel G\u00fcvenlik ve \u00c7evre","description":"El Koruma E\u011fitimimiz ile ellerinizi koruyun. Eldiven g\u00fcvenli\u011fi, el g\u00fcvenli\u011fi en iyi uygulamalar\u0131 ve daha fazlas\u0131 hakk\u0131nda bilgi edinin. Daha g\u00fcvenli bir i\u015f yeri i\u00e7in bug\u00fcn kaydolun!","robots":{"index":"index","follow":"follow","max-snippet":"max-snippet:-1","max-image-preview":"max-image-preview:large","max-video-preview":"max-video-preview:-1"},"canonical":"https:\/\/globaltraining.com\/tr\/urun\/el-koruma-egitimi\/","og_locale":"tr_TR","og_type":"article","og_title":"Hand Protection Training - Global Safety &amp; Environmental","og_description":"Protect your hands with our Hand Protection Training. Learn about glove safety, hand safety best practices, and more. Enroll today for a safer workplace!","og_url":"https:\/\/globaltraining.com\/tr\/urun\/el-koruma-egitimi\/","og_site_name":"Global Safety &amp; Environmental","article_modified_time":"2024-12-06T20:57:42+00:00","og_image":[{"width":1200,"height":801,"url":"https:\/\/globaltraining.com\/wp-content\/uploads\/2021\/09\/cropped-shot-of-repairwoman-putting-on-work-gloves-P45WE76.jpg","type":"image\/jpeg"}],"twitter_card":"summary_large_image","twitter_misc":{"Est. reading time":"2 minutes"},"schema":{"@context":"https:\/\/schema.org","@graph":[{"@type":"WebPage","@id":"https:\/\/globaltraining.com\/product\/hand-protection-training\/","url":"https:\/\/globaltraining.com\/product\/hand-protection-training\/","name":"El Koruma E\u011fitimi - K\u00fcresel G\u00fcvenlik ve \u00c7evre","isPartOf":{"@id":"https:\/\/globaltraining.com\/#website"},"primaryImageOfPage":{"@id":"https:\/\/globaltraining.com\/product\/hand-protection-training\/#primaryimage"},"image":{"@id":"https:\/\/globaltraining.com\/product\/hand-protection-training\/#primaryimage"},"thumbnailUrl":"https:\/\/globaltraining.com\/wp-content\/uploads\/2021\/09\/cropped-shot-of-repairwoman-putting-on-work-gloves-P45WE76.jpg","datePublished":"2023-09-08T18:56:39+00:00","dateModified":"2024-12-06T20:57:42+00:00","description":"El Koruma E\u011fitimimiz ile ellerinizi koruyun. Eldiven g\u00fcvenli\u011fi, el g\u00fcvenli\u011fi en iyi uygulamalar\u0131 ve daha fazlas\u0131 hakk\u0131nda bilgi edinin. Daha g\u00fcvenli bir i\u015f yeri i\u00e7in bug\u00fcn kaydolun!","breadcrumb":{"@id":"https:\/\/globaltraining.com\/product\/hand-protection-training\/#breadcrumb"},"inLanguage":"tr-TR","potentialAction":[{"@type":"ReadAction","target":["https:\/\/globaltraining.com\/product\/hand-protection-training\/"]}]},{"@type":"ImageObject","inLanguage":"tr-TR","@id":"https:\/\/globaltraining.com\/product\/hand-protection-training\/#primaryimage","url":"https:\/\/globaltraining.com\/wp-content\/uploads\/2021\/09\/cropped-shot-of-repairwoman-putting-on-work-gloves-P45WE76.jpg","contentUrl":"https:\/\/globaltraining.com\/wp-content\/uploads\/2021\/09\/cropped-shot-of-repairwoman-putting-on-work-gloves-P45WE76.jpg","width":1200,"height":801,"caption":"Hand Protection Training"},{"@type":"BreadcrumbList","@id":"https:\/\/globaltraining.com\/product\/hand-protection-training\/#breadcrumb","itemListElement":[{"@type":"ListItem","position":1,"name":"Home","item":"https:\/\/globaltraining.com\/"},{"@type":"ListItem","position":2,"name":"Productos","item":"https:\/\/globaltraining.com\/es\/shop\/"},{"@type":"ListItem","position":3,"name":"Hand Protection Training"}]},{"@type":"WebSite","@id":"https:\/\/globaltraining.com\/#website","url":"https:\/\/globaltraining.com\/","name":"K\u00fcresel G\u00fcvenlik ve \u00c7evre","description":"Tam Hizmet Sa\u011fl\u0131k, G\u00fcvenlik ve \u00c7evre Kurslar\u0131","publisher":{"@id":"https:\/\/globaltraining.com\/#organization"},"potentialAction":[{"@type":"SearchAction","target":{"@type":"EntryPoint","urlTemplate":"https:\/\/globaltraining.com\/?s={search_term_string}"},"query-input":{"@type":"PropertyValueSpecification","valueRequired":true,"valueName":"search_term_string"}}],"inLanguage":"tr-TR"},{"@type":"Organization","@id":"https:\/\/globaltraining.com\/#organization","name":"K\u00fcresel G\u00fcvenlik ve \u00c7evre","url":"https:\/\/globaltraining.com\/","logo":{"@type":"ImageObject","inLanguage":"tr-TR","@id":"https:\/\/globaltraining.com\/#\/schema\/logo\/image\/","url":"https:\/\/globaltraining.com\/wp-content\/uploads\/2021\/01\/GSE-Logo-for-email.png","contentUrl":"https:\/\/globaltraining.com\/wp-content\/uploads\/2021\/01\/GSE-Logo-for-email.png","width":400,"height":101,"caption":"Global Safety & Environmental"},"image":{"@id":"https:\/\/globaltraining.com\/#\/schema\/logo\/image\/"}}]}},"_links":{"self":[{"href":"https:\/\/globaltraining.com\/tr\/wp-json\/wp\/v2\/product\/28520","targetHints":{"allow":["GET"]}}],"collection":[{"href":"https:\/\/globaltraining.com\/tr\/wp-json\/wp\/v2\/product"}],"about":[{"href":"https:\/\/globaltraining.com\/tr\/wp-json\/wp\/v2\/types\/product"}],"wp:featuredmedia":[{"embeddable":true,"href":"https:\/\/globaltraining.com\/tr\/wp-json\/wp\/v2\/media\/27124"}],"wp:attachment":[{"href":"https:\/\/globaltraining.com\/tr\/wp-json\/wp\/v2\/media?parent=28520"}],"wp:term":[{"taxonomy":"product_brand","embeddable":true,"href":"https:\/\/globaltraining.com\/tr\/wp-json\/wp\/v2\/product_brand?post=28520"},{"taxonomy":"product_cat","embeddable":true,"href":"https:\/\/globaltraining.com\/tr\/wp-json\/wp\/v2\/product_cat?post=28520"},{"taxonomy":"product_tag","embeddable":true,"href":"https:\/\/globaltraining.com\/tr\/wp-json\/wp\/v2\/product_tag?post=28520"}],"curies":[{"name":"wp","href":"https:\/\/api.w.org\/{rel}","templated":true}]}}