{"id":28519,"date":"2023-09-08T13:52:54","date_gmt":"2023-09-08T18:52:54","guid":{"rendered":"https:\/\/globaltraining.com\/?post_type=product&#038;p=28519"},"modified":"2024-12-06T10:49:05","modified_gmt":"2024-12-06T16:49:05","slug":"elektrikli-el-aleti-guvenlik-egitimi","status":"publish","type":"product","link":"https:\/\/globaltraining.com\/tr\/product\/power-tool-safety-training\/","title":{"rendered":"Elektrikli Alet G\u00fcvenli\u011fi E\u011fitimi"},"content":{"rendered":"<h2>Elektrikli Alet G\u00fcvenli\u011fi E\u011fitimine Ho\u015f Geldiniz<\/h2>\n<p>Kapsaml\u0131 Elektrikli Alet G\u00fcvenli\u011fi E\u011fitimi kursumuza ho\u015f geldiniz. El ve elektrikli aletlerle \u00e7al\u0131\u015fmak \u00e7e\u015fitli end\u00fcstrilerde yayg\u0131nd\u0131r ancak do\u011fas\u0131 gere\u011fi riskleri de beraberinde getirir. Bu kurs, bu temel ara\u00e7lar\u0131 kullan\u0131rken g\u00fcvenli\u011finizi ve yeterlili\u011finizi garanti alt\u0131na alacak bilgi ve becerilerle sizi donatmak i\u00e7in tasarlanm\u0131\u015ft\u0131r.<\/p>\n<h2>Elektrikli Alet G\u00fcvenli\u011finin \u00d6nemi<\/h2>\n<p>El ve elektrikli aletler, \u00e7e\u015fitli g\u00f6revlerin yerine getirilmesi i\u00e7in hayati \u00f6neme sahiptir, ancak do\u011fru \u015fekilde kullan\u0131lmazsa kazalara ve yaralanmalara yol a\u00e7abilirler. El G\u00fcvenli\u011fi E\u011fitimi sadece kurallara uymakla ilgili de\u011fildir; kendinizi ve i\u015fyerindeki di\u011fer ki\u015fileri korumakla ilgilidir.<\/p>\n<h2>Kursun \u00d6nemli Noktalar\u0131<\/h2>\n<p>E\u011fitim kursumuz temel konular\u0131 kapsar:<\/p>\n<p>1. El ve Elektrikli Alet G\u00fcvenli\u011fi: Sekt\u00f6r\u00fcn\u00fczde yayg\u0131n olarak kullan\u0131lan farkl\u0131 t\u00fcrdeki el ve elektrikli aletler hakk\u0131nda bilgi edinin. Her t\u00fcrle ili\u015fkili tehlikeleri ve bunlar\u0131n g\u00fcvenli bir \u015fekilde nas\u0131l kullan\u0131laca\u011f\u0131n\u0131 anlay\u0131n.<\/p>\n<p>2. El Alet G\u00fcvenli\u011fi: El aletlerinin do\u011fru se\u00e7imi, incelenmesi ve bak\u0131m\u0131 da dahil olmak \u00fczere el aleti g\u00fcvenli\u011fi konusunu derinlemesine inceleyin. El aletlerine ba\u011fl\u0131 yaralanmalar\u0131 \u00f6nlemeye y\u00f6nelik en iyi uygulamalar\u0131 ke\u015ffedin.<\/p>\n<h2>Elektrikli Alet G\u00fcvenli\u011fi Neden \u00d6nemlidir?<\/h2>\n<p>Elektrikli Alet G\u00fcvenli\u011fi E\u011fitimi sa\u011fl\u0131\u011f\u0131n\u0131z ve \u00fcretkenli\u011finiz i\u00e7in \u00e7ok \u00f6nemlidir. Bu aletleri g\u00fcvenli bir \u015fekilde nas\u0131l kullanaca\u011f\u0131n\u0131z\u0131 bildi\u011finiz zaman i\u015fyerinde kaza, yaralanma ve hatta \u00f6l\u00fcm riskini en aza indirirsiniz.<\/p>\n<p>\u00dcstelik i\u015fverenler, el ve elektrikli aletleri g\u00fcvenli ve verimli bir \u015fekilde kullanabilen e\u011fitimli personele de\u011fer veriyor. \u0130\u015fyerinde kaza riskini azalt\u0131r, g\u00fcvenlik d\u00fczenlemelerine uyumu sa\u011flar ve genel verimlili\u011fi art\u0131r\u0131r.<\/p>\n<h2>Elektrikli Alet Uzmanl\u0131\u011f\u0131 i\u00e7in Bug\u00fcn Kaydolun<\/h2>\n<p>El ve elektrikli aletlerle \u00e7al\u0131\u015f\u0131rken g\u00fcvenlikten \u00f6d\u00fcn vermeyin. Bug\u00fcn Elektrikli Alet G\u00fcvenli\u011fi E\u011fitimi kursumuza kaydolun ve bu aletleri g\u00fcvenli ve etkili bir \u015fekilde \u00e7al\u0131\u015ft\u0131rmak i\u00e7in gereken bilgi ve becerileri edinin.<\/p>\n<p>Elektrikli alet g\u00fcvenli\u011fi konusunda uzman olma yolunda ilk ad\u0131m\u0131 at\u0131n. Ba\u015far\u0131l\u0131 bir \u015fekilde tamamlad\u0131\u011f\u0131n\u0131zda, el g\u00fcvenli\u011fi ve elektrikli aletler konusundaki yeterlili\u011finizi onaylayan bir sertifika alacaks\u0131n\u0131z. \u015eimdi bize kat\u0131l\u0131n ve daha g\u00fcvenli ve daha verimli i\u015fyerleri yaratmaya yard\u0131mc\u0131 olun.<\/p>","protected":false},"excerpt":{"rendered":"<p>Elektrikli Alet G\u00fcvenli\u011fi E\u011fitimi kursumuzla g\u00fcvenli\u011finizi ve \u00fcretkenli\u011finizi art\u0131r\u0131n. El ve elektrikli alet g\u00fcvenli\u011fi, bak\u0131m\u0131 ve daha fazlas\u0131 hakk\u0131nda bilgi edinin. Sertifika al\u0131n ve becerilerinizi geli\u015ftirin. \u015eimdi kay\u0131t!<\/p>","protected":false},"featured_media":27171,"template":"","meta":{"_et_pb_use_builder":"","_et_pb_old_content":"","_et_gb_content_width":""},"product_brand":[],"product_cat":[139,140,156],"product_tag":[],"class_list":{"0":"post-28519","1":"product","2":"type-product","3":"status-publish","4":"has-post-thumbnail","6":"product_cat-hand-and-power-tools","7":"product_cat-hand-protection","8":"product_cat-occupational-health-and-safety","10":"first","11":"instock","12":"virtual","13":"sold-individually","14":"purchasable","15":"product-type-simple"},"yoast_head":"<!-- This site is optimized with the Yoast SEO plugin v27.3 - https:\/\/yoast.com\/product\/yoast-seo-wordpress\/ -->\n<title>Power Tool Safety Training - Global Safety &amp; Environmental<\/title>\n<meta name=\"description\" content=\"Master power tool safety with our comprehensive training. Learn about hand and power tool safety, best practices, and more. Enroll today!\" \/>\n<meta name=\"robots\" content=\"index, follow, max-snippet:-1, max-image-preview:large, max-video-preview:-1\" \/>\n<link rel=\"canonical\" href=\"https:\/\/globaltraining.com\/tr\/urun\/elektrikli-el-aleti-guvenlik-egitimi\/\" \/>\n<meta property=\"og:locale\" content=\"tr_TR\" \/>\n<meta property=\"og:type\" content=\"article\" \/>\n<meta property=\"og:title\" content=\"Power Tool Safety Training - Global Safety &amp; Environmental\" \/>\n<meta property=\"og:description\" content=\"Master power tool safety with our comprehensive training. Learn about hand and power tool safety, best practices, and more. Enroll today!\" \/>\n<meta property=\"og:url\" content=\"https:\/\/globaltraining.com\/tr\/urun\/elektrikli-el-aleti-guvenlik-egitimi\/\" \/>\n<meta property=\"og:site_name\" content=\"Global Safety &amp; Environmental\" \/>\n<meta property=\"article:modified_time\" content=\"2024-12-06T16:49:05+00:00\" \/>\n<meta property=\"og:image\" content=\"https:\/\/globaltraining.com\/wp-content\/uploads\/2021\/08\/iStock-1221297702.jpg\" \/>\n\t<meta property=\"og:image:width\" content=\"1200\" \/>\n\t<meta property=\"og:image:height\" content=\"800\" \/>\n\t<meta property=\"og:image:type\" content=\"image\/jpeg\" \/>\n<meta name=\"twitter:card\" content=\"summary_large_image\" \/>\n<meta name=\"twitter:label1\" content=\"Est. reading time\" \/>\n\t<meta name=\"twitter:data1\" content=\"2 minutes\" \/>\n<script type=\"application\/ld+json\" class=\"yoast-schema-graph\">{\"@context\":\"https:\\\/\\\/schema.org\",\"@graph\":[{\"@type\":\"WebPage\",\"@id\":\"https:\\\/\\\/globaltraining.com\\\/product\\\/power-tool-safety-training\\\/\",\"url\":\"https:\\\/\\\/globaltraining.com\\\/product\\\/power-tool-safety-training\\\/\",\"name\":\"Power Tool Safety Training - Global Safety &amp; Environmental\",\"isPartOf\":{\"@id\":\"https:\\\/\\\/globaltraining.com\\\/#website\"},\"primaryImageOfPage\":{\"@id\":\"https:\\\/\\\/globaltraining.com\\\/product\\\/power-tool-safety-training\\\/#primaryimage\"},\"image\":{\"@id\":\"https:\\\/\\\/globaltraining.com\\\/product\\\/power-tool-safety-training\\\/#primaryimage\"},\"thumbnailUrl\":\"https:\\\/\\\/globaltraining.com\\\/wp-content\\\/uploads\\\/2021\\\/08\\\/iStock-1221297702.jpg\",\"datePublished\":\"2023-09-08T18:52:54+00:00\",\"dateModified\":\"2024-12-06T16:49:05+00:00\",\"description\":\"Master power tool safety with our comprehensive training. Learn about hand and power tool safety, best practices, and more. Enroll today!\",\"breadcrumb\":{\"@id\":\"https:\\\/\\\/globaltraining.com\\\/product\\\/power-tool-safety-training\\\/#breadcrumb\"},\"inLanguage\":\"tr-TR\",\"potentialAction\":[{\"@type\":\"ReadAction\",\"target\":[\"https:\\\/\\\/globaltraining.com\\\/product\\\/power-tool-safety-training\\\/\"]}]},{\"@type\":\"ImageObject\",\"inLanguage\":\"tr-TR\",\"@id\":\"https:\\\/\\\/globaltraining.com\\\/product\\\/power-tool-safety-training\\\/#primaryimage\",\"url\":\"https:\\\/\\\/globaltraining.com\\\/wp-content\\\/uploads\\\/2021\\\/08\\\/iStock-1221297702.jpg\",\"contentUrl\":\"https:\\\/\\\/globaltraining.com\\\/wp-content\\\/uploads\\\/2021\\\/08\\\/iStock-1221297702.jpg\",\"width\":1200,\"height\":800,\"caption\":\"Power Tool Safety Training\"},{\"@type\":\"BreadcrumbList\",\"@id\":\"https:\\\/\\\/globaltraining.com\\\/product\\\/power-tool-safety-training\\\/#breadcrumb\",\"itemListElement\":[{\"@type\":\"ListItem\",\"position\":1,\"name\":\"Home\",\"item\":\"https:\\\/\\\/globaltraining.com\\\/\"},{\"@type\":\"ListItem\",\"position\":2,\"name\":\"Productos\",\"item\":\"https:\\\/\\\/globaltraining.com\\\/es\\\/shop\\\/\"},{\"@type\":\"ListItem\",\"position\":3,\"name\":\"Power Tool Safety Training\"}]},{\"@type\":\"WebSite\",\"@id\":\"https:\\\/\\\/globaltraining.com\\\/#website\",\"url\":\"https:\\\/\\\/globaltraining.com\\\/\",\"name\":\"Global Safety & Environmental\",\"description\":\"Full Service Health, Safety, and Environmental Courses\",\"publisher\":{\"@id\":\"https:\\\/\\\/globaltraining.com\\\/#organization\"},\"potentialAction\":[{\"@type\":\"SearchAction\",\"target\":{\"@type\":\"EntryPoint\",\"urlTemplate\":\"https:\\\/\\\/globaltraining.com\\\/?s={search_term_string}\"},\"query-input\":{\"@type\":\"PropertyValueSpecification\",\"valueRequired\":true,\"valueName\":\"search_term_string\"}}],\"inLanguage\":\"tr-TR\"},{\"@type\":\"Organization\",\"@id\":\"https:\\\/\\\/globaltraining.com\\\/#organization\",\"name\":\"Global Safety & Environmental\",\"url\":\"https:\\\/\\\/globaltraining.com\\\/\",\"logo\":{\"@type\":\"ImageObject\",\"inLanguage\":\"tr-TR\",\"@id\":\"https:\\\/\\\/globaltraining.com\\\/#\\\/schema\\\/logo\\\/image\\\/\",\"url\":\"https:\\\/\\\/globaltraining.com\\\/wp-content\\\/uploads\\\/2021\\\/01\\\/GSE-Logo-for-email.png\",\"contentUrl\":\"https:\\\/\\\/globaltraining.com\\\/wp-content\\\/uploads\\\/2021\\\/01\\\/GSE-Logo-for-email.png\",\"width\":400,\"height\":101,\"caption\":\"Global Safety & Environmental\"},\"image\":{\"@id\":\"https:\\\/\\\/globaltraining.com\\\/#\\\/schema\\\/logo\\\/image\\\/\"}}]}<\/script>\n<!-- \/ Yoast SEO plugin. -->","yoast_head_json":{"title":"Elektrikli Alet G\u00fcvenlik E\u011fitimi - K\u00fcresel G\u00fcvenlik ve \u00c7evre","description":"Kapsaml\u0131 e\u011fitimimizle elektrikli alet g\u00fcvenli\u011finde ustala\u015f\u0131n. El ve elektrikli alet g\u00fcvenli\u011fi, en iyi uygulamalar ve daha fazlas\u0131 hakk\u0131nda bilgi edinin. Bug\u00fcn kaydolun!","robots":{"index":"index","follow":"follow","max-snippet":"max-snippet:-1","max-image-preview":"max-image-preview:large","max-video-preview":"max-video-preview:-1"},"canonical":"https:\/\/globaltraining.com\/tr\/urun\/elektrikli-el-aleti-guvenlik-egitimi\/","og_locale":"tr_TR","og_type":"article","og_title":"Power Tool Safety Training - Global Safety &amp; Environmental","og_description":"Master power tool safety with our comprehensive training. Learn about hand and power tool safety, best practices, and more. Enroll today!","og_url":"https:\/\/globaltraining.com\/tr\/urun\/elektrikli-el-aleti-guvenlik-egitimi\/","og_site_name":"Global Safety &amp; Environmental","article_modified_time":"2024-12-06T16:49:05+00:00","og_image":[{"width":1200,"height":800,"url":"https:\/\/globaltraining.com\/wp-content\/uploads\/2021\/08\/iStock-1221297702.jpg","type":"image\/jpeg"}],"twitter_card":"summary_large_image","twitter_misc":{"Est. reading time":"2 minutes"},"schema":{"@context":"https:\/\/schema.org","@graph":[{"@type":"WebPage","@id":"https:\/\/globaltraining.com\/product\/power-tool-safety-training\/","url":"https:\/\/globaltraining.com\/product\/power-tool-safety-training\/","name":"Elektrikli Alet G\u00fcvenlik E\u011fitimi - K\u00fcresel G\u00fcvenlik ve \u00c7evre","isPartOf":{"@id":"https:\/\/globaltraining.com\/#website"},"primaryImageOfPage":{"@id":"https:\/\/globaltraining.com\/product\/power-tool-safety-training\/#primaryimage"},"image":{"@id":"https:\/\/globaltraining.com\/product\/power-tool-safety-training\/#primaryimage"},"thumbnailUrl":"https:\/\/globaltraining.com\/wp-content\/uploads\/2021\/08\/iStock-1221297702.jpg","datePublished":"2023-09-08T18:52:54+00:00","dateModified":"2024-12-06T16:49:05+00:00","description":"Kapsaml\u0131 e\u011fitimimizle elektrikli alet g\u00fcvenli\u011finde ustala\u015f\u0131n. El ve elektrikli alet g\u00fcvenli\u011fi, en iyi uygulamalar ve daha fazlas\u0131 hakk\u0131nda bilgi edinin. Bug\u00fcn kaydolun!","breadcrumb":{"@id":"https:\/\/globaltraining.com\/product\/power-tool-safety-training\/#breadcrumb"},"inLanguage":"tr-TR","potentialAction":[{"@type":"ReadAction","target":["https:\/\/globaltraining.com\/product\/power-tool-safety-training\/"]}]},{"@type":"ImageObject","inLanguage":"tr-TR","@id":"https:\/\/globaltraining.com\/product\/power-tool-safety-training\/#primaryimage","url":"https:\/\/globaltraining.com\/wp-content\/uploads\/2021\/08\/iStock-1221297702.jpg","contentUrl":"https:\/\/globaltraining.com\/wp-content\/uploads\/2021\/08\/iStock-1221297702.jpg","width":1200,"height":800,"caption":"Power Tool Safety Training"},{"@type":"BreadcrumbList","@id":"https:\/\/globaltraining.com\/product\/power-tool-safety-training\/#breadcrumb","itemListElement":[{"@type":"ListItem","position":1,"name":"Home","item":"https:\/\/globaltraining.com\/"},{"@type":"ListItem","position":2,"name":"Productos","item":"https:\/\/globaltraining.com\/es\/shop\/"},{"@type":"ListItem","position":3,"name":"Power Tool Safety Training"}]},{"@type":"WebSite","@id":"https:\/\/globaltraining.com\/#website","url":"https:\/\/globaltraining.com\/","name":"K\u00fcresel G\u00fcvenlik ve \u00c7evre","description":"Tam Hizmet Sa\u011fl\u0131k, G\u00fcvenlik ve \u00c7evre Kurslar\u0131","publisher":{"@id":"https:\/\/globaltraining.com\/#organization"},"potentialAction":[{"@type":"SearchAction","target":{"@type":"EntryPoint","urlTemplate":"https:\/\/globaltraining.com\/?s={search_term_string}"},"query-input":{"@type":"PropertyValueSpecification","valueRequired":true,"valueName":"search_term_string"}}],"inLanguage":"tr-TR"},{"@type":"Organization","@id":"https:\/\/globaltraining.com\/#organization","name":"K\u00fcresel G\u00fcvenlik ve \u00c7evre","url":"https:\/\/globaltraining.com\/","logo":{"@type":"ImageObject","inLanguage":"tr-TR","@id":"https:\/\/globaltraining.com\/#\/schema\/logo\/image\/","url":"https:\/\/globaltraining.com\/wp-content\/uploads\/2021\/01\/GSE-Logo-for-email.png","contentUrl":"https:\/\/globaltraining.com\/wp-content\/uploads\/2021\/01\/GSE-Logo-for-email.png","width":400,"height":101,"caption":"Global Safety & Environmental"},"image":{"@id":"https:\/\/globaltraining.com\/#\/schema\/logo\/image\/"}}]}},"_links":{"self":[{"href":"https:\/\/globaltraining.com\/tr\/wp-json\/wp\/v2\/product\/28519","targetHints":{"allow":["GET"]}}],"collection":[{"href":"https:\/\/globaltraining.com\/tr\/wp-json\/wp\/v2\/product"}],"about":[{"href":"https:\/\/globaltraining.com\/tr\/wp-json\/wp\/v2\/types\/product"}],"wp:featuredmedia":[{"embeddable":true,"href":"https:\/\/globaltraining.com\/tr\/wp-json\/wp\/v2\/media\/27171"}],"wp:attachment":[{"href":"https:\/\/globaltraining.com\/tr\/wp-json\/wp\/v2\/media?parent=28519"}],"wp:term":[{"taxonomy":"product_brand","embeddable":true,"href":"https:\/\/globaltraining.com\/tr\/wp-json\/wp\/v2\/product_brand?post=28519"},{"taxonomy":"product_cat","embeddable":true,"href":"https:\/\/globaltraining.com\/tr\/wp-json\/wp\/v2\/product_cat?post=28519"},{"taxonomy":"product_tag","embeddable":true,"href":"https:\/\/globaltraining.com\/tr\/wp-json\/wp\/v2\/product_tag?post=28519"}],"curies":[{"name":"wp","href":"https:\/\/api.w.org\/{rel}","templated":true}]}}