{"id":28517,"date":"2023-09-08T13:43:11","date_gmt":"2023-09-08T18:43:11","guid":{"rendered":"https:\/\/globaltraining.com\/?post_type=product&#038;p=28517"},"modified":"2024-12-06T10:50:20","modified_gmt":"2024-12-06T16:50:20","slug":"kuresel-uyumlu-sistem-egitimi","status":"publish","type":"product","link":"https:\/\/globaltraining.com\/tr\/product\/global-harmonized-system-training\/","title":{"rendered":"Global Harmonize Sistem E\u011fitimi"},"content":{"rendered":"<h2>K\u00fcresel Harmonize Sistem E\u011fitimine Giri\u015f<\/h2>\n<p>Kapsaml\u0131 K\u00fcresel Uyumla\u015ft\u0131r\u0131lm\u0131\u015f Sistem (GHS) E\u011fitim kursumuza ho\u015f geldiniz. GHS, kimyasallar\u0131n s\u0131n\u0131fland\u0131r\u0131lmas\u0131 ve etiketlenmesi i\u00e7in kritik bir uluslararas\u0131 standartt\u0131r ve tehlikelerin iletilmesinde k\u00fcresel tutarl\u0131l\u0131k sa\u011flar. Bu kursta, GHS ve bunun d\u00fcnya \u00e7ap\u0131ndaki i\u015fyerlerinde g\u00fcvenli\u011fi nas\u0131l destekledi\u011fi konusunda derinlemesine bilgi sahibi olacaks\u0131n\u0131z.<\/p>\n<h2>K\u00fcresel Harmonize Sistemin \u00d6nemi<\/h2>\n<p>K\u00fcresel Harmonize Sistem, kimyasallar\u0131n s\u0131n\u0131fland\u0131r\u0131lmas\u0131na ve tehlikelerinin bildirilmesine y\u00f6nelik standart bir yakla\u015f\u0131md\u0131r. A\u00e7\u0131k, evrensel olarak tan\u0131nan etiketler ve g\u00fcvenlik veri formlar\u0131 (SDS) sa\u011flayarak \u00e7al\u0131\u015fanlar\u0131n ve \u00e7evrenin g\u00fcvenli\u011finin sa\u011flanmas\u0131nda \u00f6nemli bir rol oynar.<\/p>\n<h2>Kursun \u00d6nemli Noktalar\u0131<\/h2>\n<p>GHS E\u011fitim kursumuz \u00e7ok \u00e7e\u015fitli konular\u0131 kapsar:<\/p>\n<p>1. GHS&#039;yi Anlamak: K\u00fcresel Uyumla\u015ft\u0131r\u0131lm\u0131\u015f Sistemin tarihini ve amac\u0131n\u0131 ke\u015ffedin. Kimyasal tehlikeleri etkili bir \u015fekilde iletmek i\u00e7in tehlike s\u0131n\u0131fland\u0131rma kriterleri ve GHS piktogramlar\u0131n\u0131n kullan\u0131m\u0131 gibi temel unsurlar hakk\u0131nda bilgi edinin.<\/p>\n<p>2. GHS Piktogramlar\u0131: GHS piktogramlar\u0131 ve sembollerinin d\u00fcnyas\u0131na dal\u0131n. Her piktogram\u0131n ard\u0131ndaki anlam\u0131 anlayarak kimyasal tehlikeleri h\u0131zl\u0131 bir \u015fekilde tan\u0131mlayabilmenizi ve uygun g\u00fcvenlik \u00f6nlemlerini alabilmenizi sa\u011flay\u0131n.<\/p>\n<h2>GHS E\u011fitimi Neden \u00d6nemlidir?<\/h2>\n<p>GHS E\u011fitimi \u00e7e\u015fitli nedenlerden dolay\u0131 hayati \u00f6neme sahiptir. Kimyasallarla \u00e7al\u0131\u015fan i\u015f\u00e7ilerin g\u00fcvenli\u011fini ve korunmas\u0131n\u0131 art\u0131r\u0131r, kaza riskini ve tehlikeli maddelere maruz kalma riskini azalt\u0131r. Ek olarak, tutarl\u0131 tehlike ileti\u015fim standartlar\u0131 sa\u011flayarak, kimyasal \u00fcr\u00fcnlerin d\u00fcnya \u00e7ap\u0131nda g\u00fcvenli bir \u015fekilde ta\u015f\u0131nmas\u0131n\u0131 ve kullan\u0131lmas\u0131n\u0131 sa\u011flayarak k\u00fcresel ticarete yard\u0131mc\u0131 olur.<\/p>\n<p>Ayr\u0131ca, GHS bilgisi genellikle mevzuata uygunluk i\u00e7in bir gerekliliktir. GHS standartlar\u0131na uymamak, para cezalar\u0131na, yasal sorunlara ve kurulu\u015flar\u0131n itibar\u0131n\u0131n zarar g\u00f6rmesine neden olabilir.<\/p>\n<h2>GHS Uzmanl\u0131\u011f\u0131 i\u00e7in Bug\u00fcn Kaydolun<\/h2>\n<p>Bug\u00fcn GHS E\u011fitim kursumuza kat\u0131l\u0131n ve K\u00fcresel Uyumla\u015ft\u0131r\u0131lm\u0131\u015f Sistemde uzmanla\u015f\u0131n. Kimyasallar\u0131 g\u00fcvenli bir \u015fekilde kullanmak, g\u00fcvenlik veri sayfalar\u0131n\u0131 yorumlamak ve GHS piktogramlar\u0131n\u0131 tan\u0131mak i\u00e7in gereken bilgi ve becerilerle kendinizi donat\u0131n.<\/p>\n<p>\u015eimdi kaydolun ve GHS uzman\u0131 olma yolunda ilk ad\u0131m\u0131 at\u0131n. Ba\u015far\u0131l\u0131 bir \u015fekilde tamamlad\u0131\u011f\u0131n\u0131zda, GHS&#039;deki yeterlili\u011finizi tan\u0131yan, niteliklerinizi ve kariyer olanaklar\u0131n\u0131z\u0131 geli\u015ftiren bir sertifika alacaks\u0131n\u0131z.<\/p>","protected":false},"excerpt":{"rendered":"<p>Kapsaml\u0131 e\u011fitimimizle GHS uzman\u0131 olun. GHS piktogramlar\u0131n\u0131, tehlike ileti\u015fimini ve daha fazlas\u0131n\u0131 \u00f6\u011frenin. Sertifika al\u0131n ve kariyerinizi geli\u015ftirin. \u015eimdi kay\u0131t!<\/p>","protected":false},"featured_media":27138,"template":"","meta":{"_et_pb_use_builder":"","_et_pb_old_content":"","_et_gb_content_width":""},"product_brand":[],"product_cat":[141,143,151,175],"product_tag":[],"class_list":{"0":"post-28517","1":"product","2":"type-product","3":"status-publish","4":"has-post-thumbnail","6":"product_cat-hazardous-materials","7":"product_cat-health-and-safety","8":"product_cat-labels","9":"product_cat-material-handling","11":"first","12":"instock","13":"virtual","14":"sold-individually","15":"purchasable","16":"product-type-simple"},"yoast_head":"<!-- This site is optimized with the Yoast SEO plugin v27.4 - https:\/\/yoast.com\/product\/yoast-seo-wordpress\/ -->\n<title>Global Harmonized System Training - Global Safety &amp; Environmental<\/title>\n<meta name=\"description\" content=\"Master the Global Harmonized System Training (GHS) with our comprehensive training course. Learn about GHS pictograms, hazard communication, and more.\" \/>\n<meta name=\"robots\" content=\"index, follow, max-snippet:-1, max-image-preview:large, max-video-preview:-1\" \/>\n<link rel=\"canonical\" href=\"https:\/\/globaltraining.com\/tr\/urun\/kuresel-uyumlu-sistem-egitimi\/\" \/>\n<meta property=\"og:locale\" content=\"tr_TR\" \/>\n<meta property=\"og:type\" content=\"article\" \/>\n<meta property=\"og:title\" content=\"Global Harmonized System Training - Global Safety &amp; Environmental\" \/>\n<meta property=\"og:description\" content=\"Master the Global Harmonized System Training (GHS) with our comprehensive training course. Learn about GHS pictograms, hazard communication, and more.\" \/>\n<meta property=\"og:url\" content=\"https:\/\/globaltraining.com\/tr\/urun\/kuresel-uyumlu-sistem-egitimi\/\" \/>\n<meta property=\"og:site_name\" content=\"Global Safety &amp; Environmental\" \/>\n<meta property=\"article:modified_time\" content=\"2024-12-06T16:50:20+00:00\" \/>\n<meta property=\"og:image\" content=\"https:\/\/globaltraining.com\/wp-content\/uploads\/2021\/08\/ghs.jpg\" \/>\n\t<meta property=\"og:image:width\" content=\"1200\" \/>\n\t<meta property=\"og:image:height\" content=\"800\" \/>\n\t<meta property=\"og:image:type\" content=\"image\/jpeg\" \/>\n<meta name=\"twitter:card\" content=\"summary_large_image\" \/>\n<meta name=\"twitter:label1\" content=\"Est. reading time\" \/>\n\t<meta name=\"twitter:data1\" content=\"2 minutes\" \/>\n<script type=\"application\/ld+json\" class=\"yoast-schema-graph\">{\"@context\":\"https:\\\/\\\/schema.org\",\"@graph\":[{\"@type\":\"WebPage\",\"@id\":\"https:\\\/\\\/globaltraining.com\\\/product\\\/global-harmonized-system-training\\\/\",\"url\":\"https:\\\/\\\/globaltraining.com\\\/product\\\/global-harmonized-system-training\\\/\",\"name\":\"Global Harmonized System Training - Global Safety &amp; Environmental\",\"isPartOf\":{\"@id\":\"https:\\\/\\\/globaltraining.com\\\/#website\"},\"primaryImageOfPage\":{\"@id\":\"https:\\\/\\\/globaltraining.com\\\/product\\\/global-harmonized-system-training\\\/#primaryimage\"},\"image\":{\"@id\":\"https:\\\/\\\/globaltraining.com\\\/product\\\/global-harmonized-system-training\\\/#primaryimage\"},\"thumbnailUrl\":\"https:\\\/\\\/globaltraining.com\\\/wp-content\\\/uploads\\\/2021\\\/08\\\/ghs.jpg\",\"datePublished\":\"2023-09-08T18:43:11+00:00\",\"dateModified\":\"2024-12-06T16:50:20+00:00\",\"description\":\"Master the Global Harmonized System Training (GHS) with our comprehensive training course. Learn about GHS pictograms, hazard communication, and more.\",\"breadcrumb\":{\"@id\":\"https:\\\/\\\/globaltraining.com\\\/product\\\/global-harmonized-system-training\\\/#breadcrumb\"},\"inLanguage\":\"tr-TR\",\"potentialAction\":[{\"@type\":\"ReadAction\",\"target\":[\"https:\\\/\\\/globaltraining.com\\\/product\\\/global-harmonized-system-training\\\/\"]}]},{\"@type\":\"ImageObject\",\"inLanguage\":\"tr-TR\",\"@id\":\"https:\\\/\\\/globaltraining.com\\\/product\\\/global-harmonized-system-training\\\/#primaryimage\",\"url\":\"https:\\\/\\\/globaltraining.com\\\/wp-content\\\/uploads\\\/2021\\\/08\\\/ghs.jpg\",\"contentUrl\":\"https:\\\/\\\/globaltraining.com\\\/wp-content\\\/uploads\\\/2021\\\/08\\\/ghs.jpg\",\"width\":1200,\"height\":800},{\"@type\":\"BreadcrumbList\",\"@id\":\"https:\\\/\\\/globaltraining.com\\\/product\\\/global-harmonized-system-training\\\/#breadcrumb\",\"itemListElement\":[{\"@type\":\"ListItem\",\"position\":1,\"name\":\"Home\",\"item\":\"https:\\\/\\\/globaltraining.com\\\/\"},{\"@type\":\"ListItem\",\"position\":2,\"name\":\"Productos\",\"item\":\"https:\\\/\\\/globaltraining.com\\\/es\\\/shop\\\/\"},{\"@type\":\"ListItem\",\"position\":3,\"name\":\"Global Harmonized System Training\"}]},{\"@type\":\"WebSite\",\"@id\":\"https:\\\/\\\/globaltraining.com\\\/#website\",\"url\":\"https:\\\/\\\/globaltraining.com\\\/\",\"name\":\"Global Safety & Environmental\",\"description\":\"Full Service Health, Safety, and Environmental Courses\",\"publisher\":{\"@id\":\"https:\\\/\\\/globaltraining.com\\\/#organization\"},\"potentialAction\":[{\"@type\":\"SearchAction\",\"target\":{\"@type\":\"EntryPoint\",\"urlTemplate\":\"https:\\\/\\\/globaltraining.com\\\/?s={search_term_string}\"},\"query-input\":{\"@type\":\"PropertyValueSpecification\",\"valueRequired\":true,\"valueName\":\"search_term_string\"}}],\"inLanguage\":\"tr-TR\"},{\"@type\":\"Organization\",\"@id\":\"https:\\\/\\\/globaltraining.com\\\/#organization\",\"name\":\"Global Safety & Environmental\",\"url\":\"https:\\\/\\\/globaltraining.com\\\/\",\"logo\":{\"@type\":\"ImageObject\",\"inLanguage\":\"tr-TR\",\"@id\":\"https:\\\/\\\/globaltraining.com\\\/#\\\/schema\\\/logo\\\/image\\\/\",\"url\":\"https:\\\/\\\/globaltraining.com\\\/wp-content\\\/uploads\\\/2021\\\/01\\\/GSE-Logo-for-email.png\",\"contentUrl\":\"https:\\\/\\\/globaltraining.com\\\/wp-content\\\/uploads\\\/2021\\\/01\\\/GSE-Logo-for-email.png\",\"width\":400,\"height\":101,\"caption\":\"Global Safety & Environmental\"},\"image\":{\"@id\":\"https:\\\/\\\/globaltraining.com\\\/#\\\/schema\\\/logo\\\/image\\\/\"}}]}<\/script>\n<!-- \/ Yoast SEO plugin. -->","yoast_head_json":{"title":"K\u00fcresel Uyumlu Sistem E\u011fitimi - K\u00fcresel G\u00fcvenlik ve \u00c7evre","description":"Kapsaml\u0131 e\u011fitim kursumuzla K\u00fcresel Uyumlu Sistem E\u011fitiminde (GHS) ustala\u015f\u0131n. GHS piktogramlar\u0131, tehlike ileti\u015fimi ve daha fazlas\u0131 hakk\u0131nda bilgi edinin.","robots":{"index":"index","follow":"follow","max-snippet":"max-snippet:-1","max-image-preview":"max-image-preview:large","max-video-preview":"max-video-preview:-1"},"canonical":"https:\/\/globaltraining.com\/tr\/urun\/kuresel-uyumlu-sistem-egitimi\/","og_locale":"tr_TR","og_type":"article","og_title":"Global Harmonized System Training - Global Safety &amp; Environmental","og_description":"Master the Global Harmonized System Training (GHS) with our comprehensive training course. Learn about GHS pictograms, hazard communication, and more.","og_url":"https:\/\/globaltraining.com\/tr\/urun\/kuresel-uyumlu-sistem-egitimi\/","og_site_name":"Global Safety &amp; Environmental","article_modified_time":"2024-12-06T16:50:20+00:00","og_image":[{"width":1200,"height":800,"url":"https:\/\/globaltraining.com\/wp-content\/uploads\/2021\/08\/ghs.jpg","type":"image\/jpeg"}],"twitter_card":"summary_large_image","twitter_misc":{"Est. reading time":"2 minutes"},"schema":{"@context":"https:\/\/schema.org","@graph":[{"@type":"WebPage","@id":"https:\/\/globaltraining.com\/product\/global-harmonized-system-training\/","url":"https:\/\/globaltraining.com\/product\/global-harmonized-system-training\/","name":"K\u00fcresel Uyumlu Sistem E\u011fitimi - K\u00fcresel G\u00fcvenlik ve \u00c7evre","isPartOf":{"@id":"https:\/\/globaltraining.com\/#website"},"primaryImageOfPage":{"@id":"https:\/\/globaltraining.com\/product\/global-harmonized-system-training\/#primaryimage"},"image":{"@id":"https:\/\/globaltraining.com\/product\/global-harmonized-system-training\/#primaryimage"},"thumbnailUrl":"https:\/\/globaltraining.com\/wp-content\/uploads\/2021\/08\/ghs.jpg","datePublished":"2023-09-08T18:43:11+00:00","dateModified":"2024-12-06T16:50:20+00:00","description":"Kapsaml\u0131 e\u011fitim kursumuzla K\u00fcresel Uyumlu Sistem E\u011fitiminde (GHS) ustala\u015f\u0131n. GHS piktogramlar\u0131, tehlike ileti\u015fimi ve daha fazlas\u0131 hakk\u0131nda bilgi edinin.","breadcrumb":{"@id":"https:\/\/globaltraining.com\/product\/global-harmonized-system-training\/#breadcrumb"},"inLanguage":"tr-TR","potentialAction":[{"@type":"ReadAction","target":["https:\/\/globaltraining.com\/product\/global-harmonized-system-training\/"]}]},{"@type":"ImageObject","inLanguage":"tr-TR","@id":"https:\/\/globaltraining.com\/product\/global-harmonized-system-training\/#primaryimage","url":"https:\/\/globaltraining.com\/wp-content\/uploads\/2021\/08\/ghs.jpg","contentUrl":"https:\/\/globaltraining.com\/wp-content\/uploads\/2021\/08\/ghs.jpg","width":1200,"height":800},{"@type":"BreadcrumbList","@id":"https:\/\/globaltraining.com\/product\/global-harmonized-system-training\/#breadcrumb","itemListElement":[{"@type":"ListItem","position":1,"name":"Home","item":"https:\/\/globaltraining.com\/"},{"@type":"ListItem","position":2,"name":"Productos","item":"https:\/\/globaltraining.com\/es\/shop\/"},{"@type":"ListItem","position":3,"name":"Global Harmonized System Training"}]},{"@type":"WebSite","@id":"https:\/\/globaltraining.com\/#website","url":"https:\/\/globaltraining.com\/","name":"K\u00fcresel G\u00fcvenlik ve \u00c7evre","description":"Tam Hizmet Sa\u011fl\u0131k, G\u00fcvenlik ve \u00c7evre Kurslar\u0131","publisher":{"@id":"https:\/\/globaltraining.com\/#organization"},"potentialAction":[{"@type":"SearchAction","target":{"@type":"EntryPoint","urlTemplate":"https:\/\/globaltraining.com\/?s={search_term_string}"},"query-input":{"@type":"PropertyValueSpecification","valueRequired":true,"valueName":"search_term_string"}}],"inLanguage":"tr-TR"},{"@type":"Organization","@id":"https:\/\/globaltraining.com\/#organization","name":"K\u00fcresel G\u00fcvenlik ve \u00c7evre","url":"https:\/\/globaltraining.com\/","logo":{"@type":"ImageObject","inLanguage":"tr-TR","@id":"https:\/\/globaltraining.com\/#\/schema\/logo\/image\/","url":"https:\/\/globaltraining.com\/wp-content\/uploads\/2021\/01\/GSE-Logo-for-email.png","contentUrl":"https:\/\/globaltraining.com\/wp-content\/uploads\/2021\/01\/GSE-Logo-for-email.png","width":400,"height":101,"caption":"Global Safety & Environmental"},"image":{"@id":"https:\/\/globaltraining.com\/#\/schema\/logo\/image\/"}}]}},"_links":{"self":[{"href":"https:\/\/globaltraining.com\/tr\/wp-json\/wp\/v2\/product\/28517","targetHints":{"allow":["GET"]}}],"collection":[{"href":"https:\/\/globaltraining.com\/tr\/wp-json\/wp\/v2\/product"}],"about":[{"href":"https:\/\/globaltraining.com\/tr\/wp-json\/wp\/v2\/types\/product"}],"wp:featuredmedia":[{"embeddable":true,"href":"https:\/\/globaltraining.com\/tr\/wp-json\/wp\/v2\/media\/27138"}],"wp:attachment":[{"href":"https:\/\/globaltraining.com\/tr\/wp-json\/wp\/v2\/media?parent=28517"}],"wp:term":[{"taxonomy":"product_brand","embeddable":true,"href":"https:\/\/globaltraining.com\/tr\/wp-json\/wp\/v2\/product_brand?post=28517"},{"taxonomy":"product_cat","embeddable":true,"href":"https:\/\/globaltraining.com\/tr\/wp-json\/wp\/v2\/product_cat?post=28517"},{"taxonomy":"product_tag","embeddable":true,"href":"https:\/\/globaltraining.com\/tr\/wp-json\/wp\/v2\/product_tag?post=28517"}],"curies":[{"name":"wp","href":"https:\/\/api.w.org\/{rel}","templated":true}]}}