{"id":28516,"date":"2023-09-08T13:40:19","date_gmt":"2023-09-08T18:40:19","guid":{"rendered":"https:\/\/globaltraining.com\/?post_type=product&#038;p=28516"},"modified":"2024-12-06T10:54:12","modified_gmt":"2024-12-06T16:54:12","slug":"ofis-temizligi","status":"publish","type":"product","link":"https:\/\/globaltraining.com\/tr\/product\/office-housekeeping\/","title":{"rendered":"Ofis Kat Hizmetleri"},"content":{"rendered":"<h2>Ofis Kat Hizmetlerine Giri\u015f<\/h2>\n<p>Kapsaml\u0131 Ofis Temizlik kursumuza ho\u015f geldiniz. Temiz ve d\u00fczenli bir ofis ortam\u0131 yaln\u0131zca estetik a\u00e7\u0131dan ho\u015f olmakla kalmaz, ayn\u0131 zamanda \u00fcretkenli\u011fi ve \u00e7al\u0131\u015fanlar\u0131n refah\u0131n\u0131 korumak i\u00e7in de gereklidir. Bu kursta temizlik i\u015finin temellerini ve bunun olumlu bir \u00e7al\u0131\u015fma atmosferine nas\u0131l katk\u0131da bulundu\u011funu \u00f6\u011freneceksiniz.<\/p>\n<h2>Ofis Temizli\u011finin \u00d6nemi<\/h2>\n<p>Temizlik, profesyonel bir imaj\u0131n korunmas\u0131nda, g\u00fcvenli\u011fin sa\u011flanmas\u0131nda ve verimlili\u011fin artt\u0131r\u0131lmas\u0131nda \u00e7ok \u00f6nemli bir rol oynar. Da\u011f\u0131n\u0131kl\u0131\u011f\u0131n olmad\u0131\u011f\u0131 bir \u00e7al\u0131\u015fma alan\u0131 \u00e7al\u0131\u015fanlar\u0131n moralini art\u0131r\u0131r ve i\u015fyeri stresini azalt\u0131r. Ayn\u0131 zamanda m\u00fc\u015fteriler ve ziyaret\u00e7iler \u00fczerinde kal\u0131c\u0131 bir izlenim b\u0131rak\u0131yor.<\/p>\n<h2>Kursun \u00d6nemli Noktalar\u0131<\/h2>\n<p>Ofis Temizlik kursumuz \u00e7ok \u00e7e\u015fitli konular\u0131 kapsar:<\/p>\n<p>1. Kat Hizmetleri \u0130lkeleri: Temizlik, organizasyon ve bak\u0131m da dahil olmak \u00fczere temizlik i\u015finin temel ilkelerini \u00f6\u011frenin. Bu ilkelerin daha verimli ve keyifli bir \u00e7al\u0131\u015fma ortam\u0131na nas\u0131l katk\u0131da bulundu\u011funu ke\u015ffedin.<\/p>\n<p>2. Ofis Temizleme Teknikleri: Kabinlerden konferans salonlar\u0131na kadar \u00e7e\u015fitli ofis alanlar\u0131 i\u00e7in etkili temizlik tekniklerini ke\u015ffedin. Farkl\u0131 y\u00fczeyler i\u00e7in do\u011fru temizlik maddelerini ve ara\u00e7lar\u0131n\u0131 kullanman\u0131n \u00f6nemini anlay\u0131n.<\/p>\n<h2>Temizlik Neden \u00d6nemlidir?<\/h2>\n<p>Etkili ofis temizli\u011fi estetikten daha fazlas\u0131d\u0131r; \u00c7al\u0131\u015fan sa\u011fl\u0131\u011f\u0131 ve g\u00fcvenli\u011fine katk\u0131da bulunur. Bak\u0131ml\u0131 bir ofis, kayma ve d\u00fc\u015fme gibi kaza riskini azalt\u0131r ve mikroplar\u0131n ve alerjenlerin yay\u0131lmas\u0131n\u0131 en aza indirir.<\/p>\n<p>Ayr\u0131ca temiz ve d\u00fczenli bir ofis, olumlu bir kurum k\u00fclt\u00fcr\u00fcn\u00fc te\u015fvik eder. \u00c7al\u0131\u015fanlar\u0131n i\u015fyerlerinden gurur duyma olas\u0131l\u0131klar\u0131 daha y\u00fcksektir, bu da i\u015f tatmininin ve \u00fcretkenli\u011fin artmas\u0131na neden olur.<\/p>\n<h2>Daha Temiz, Daha \u00dcretken Bir Ofis \u0130\u00e7in Bug\u00fcn Kaydolun<\/h2>\n<p>Kursumuza bug\u00fcn kat\u0131l\u0131n ve ofisinizi temiz, d\u00fczenli ve verimli bir \u00e7al\u0131\u015fma alan\u0131na d\u00f6n\u00fc\u015ft\u00fcr\u00fcn. Da\u011f\u0131n\u0131kl\u0131\u011f\u0131n olmad\u0131\u011f\u0131 bir ortam sa\u011flamak ve herkes i\u00e7in daha iyi bir \u00e7al\u0131\u015fma deneyimi sa\u011flamak i\u00e7in en iyi uygulamalar\u0131 \u00f6\u011frenin.<\/p>\n<p>\u015eimdi kaydolun ve ofiste temizlik uzman\u0131 olma yolunda ilk ad\u0131m\u0131 at\u0131n. Ba\u015far\u0131l\u0131 bir \u015fekilde tamamlad\u0131\u011f\u0131n\u0131zda, temiz ve d\u00fczenli bir ofisi s\u00fcrd\u00fcrme konusundaki kararl\u0131l\u0131\u011f\u0131n\u0131z\u0131 onaylayan bir sertifika alacaks\u0131n\u0131z.<\/p>","protected":false},"excerpt":{"rendered":"<p>Ofis Temizlik kursumuzla ofisinizi d\u00f6n\u00fc\u015ft\u00fcr\u00fcn. Daha temiz, daha \u00fcretken bir \u00e7al\u0131\u015fma alan\u0131 i\u00e7in temizlik tekniklerinde, organizasyonunda ve ilkelerinde uzmanla\u015f\u0131n. Bug\u00fcn kaydolun!<\/p>","protected":false},"featured_media":27197,"template":"","meta":{"_et_pb_use_builder":"","_et_pb_old_content":"","_et_gb_content_width":""},"product_brand":[],"product_cat":[119,152,156],"product_tag":[],"class_list":{"0":"post-28516","1":"product","2":"type-product","3":"status-publish","4":"has-post-thumbnail","6":"product_cat-audit-readiness","7":"product_cat-management-training","8":"product_cat-occupational-health-and-safety","10":"first","11":"instock","12":"virtual","13":"sold-individually","14":"purchasable","15":"product-type-simple"},"yoast_head":"<!-- This site is optimized with the Yoast SEO plugin v27.3 - https:\/\/yoast.com\/product\/yoast-seo-wordpress\/ -->\n<title>Office Housekeeping - Global Safety &amp; Environmental<\/title>\n<meta name=\"description\" content=\"Enhance your office environment with our Office Housekeeping course. Learn cleaning techniques and principles. Enroll now for a more productive office!\" \/>\n<meta name=\"robots\" content=\"index, follow, max-snippet:-1, max-image-preview:large, max-video-preview:-1\" \/>\n<link rel=\"canonical\" href=\"https:\/\/globaltraining.com\/tr\/urun\/ofis-temizligi\/\" \/>\n<meta property=\"og:locale\" content=\"tr_TR\" \/>\n<meta property=\"og:type\" content=\"article\" \/>\n<meta property=\"og:title\" content=\"Office Housekeeping - Global Safety &amp; Environmental\" \/>\n<meta property=\"og:description\" content=\"Enhance your office environment with our Office Housekeeping course. Learn cleaning techniques and principles. Enroll now for a more productive office!\" \/>\n<meta property=\"og:url\" content=\"https:\/\/globaltraining.com\/tr\/urun\/ofis-temizligi\/\" \/>\n<meta property=\"og:site_name\" content=\"Global Safety &amp; Environmental\" \/>\n<meta property=\"article:modified_time\" content=\"2024-12-06T16:54:12+00:00\" \/>\n<meta property=\"og:image\" content=\"https:\/\/globaltraining.com\/wp-content\/uploads\/2021\/08\/housekeeping-2.jpg\" \/>\n\t<meta property=\"og:image:width\" content=\"1200\" \/>\n\t<meta property=\"og:image:height\" content=\"800\" \/>\n\t<meta property=\"og:image:type\" content=\"image\/jpeg\" \/>\n<meta name=\"twitter:card\" content=\"summary_large_image\" \/>\n<meta name=\"twitter:label1\" content=\"Est. reading time\" \/>\n\t<meta name=\"twitter:data1\" content=\"2 minutes\" \/>\n<script type=\"application\/ld+json\" class=\"yoast-schema-graph\">{\"@context\":\"https:\\\/\\\/schema.org\",\"@graph\":[{\"@type\":\"WebPage\",\"@id\":\"https:\\\/\\\/globaltraining.com\\\/product\\\/office-housekeeping\\\/\",\"url\":\"https:\\\/\\\/globaltraining.com\\\/product\\\/office-housekeeping\\\/\",\"name\":\"Office Housekeeping - Global Safety &amp; Environmental\",\"isPartOf\":{\"@id\":\"https:\\\/\\\/globaltraining.com\\\/#website\"},\"primaryImageOfPage\":{\"@id\":\"https:\\\/\\\/globaltraining.com\\\/product\\\/office-housekeeping\\\/#primaryimage\"},\"image\":{\"@id\":\"https:\\\/\\\/globaltraining.com\\\/product\\\/office-housekeeping\\\/#primaryimage\"},\"thumbnailUrl\":\"https:\\\/\\\/globaltraining.com\\\/wp-content\\\/uploads\\\/2021\\\/08\\\/housekeeping-2.jpg\",\"datePublished\":\"2023-09-08T18:40:19+00:00\",\"dateModified\":\"2024-12-06T16:54:12+00:00\",\"description\":\"Enhance your office environment with our Office Housekeeping course. Learn cleaning techniques and principles. Enroll now for a more productive office!\",\"breadcrumb\":{\"@id\":\"https:\\\/\\\/globaltraining.com\\\/product\\\/office-housekeeping\\\/#breadcrumb\"},\"inLanguage\":\"tr-TR\",\"potentialAction\":[{\"@type\":\"ReadAction\",\"target\":[\"https:\\\/\\\/globaltraining.com\\\/product\\\/office-housekeeping\\\/\"]}]},{\"@type\":\"ImageObject\",\"inLanguage\":\"tr-TR\",\"@id\":\"https:\\\/\\\/globaltraining.com\\\/product\\\/office-housekeeping\\\/#primaryimage\",\"url\":\"https:\\\/\\\/globaltraining.com\\\/wp-content\\\/uploads\\\/2021\\\/08\\\/housekeeping-2.jpg\",\"contentUrl\":\"https:\\\/\\\/globaltraining.com\\\/wp-content\\\/uploads\\\/2021\\\/08\\\/housekeeping-2.jpg\",\"width\":1200,\"height\":800,\"caption\":\"Office Housekeeping\"},{\"@type\":\"BreadcrumbList\",\"@id\":\"https:\\\/\\\/globaltraining.com\\\/product\\\/office-housekeeping\\\/#breadcrumb\",\"itemListElement\":[{\"@type\":\"ListItem\",\"position\":1,\"name\":\"Home\",\"item\":\"https:\\\/\\\/globaltraining.com\\\/\"},{\"@type\":\"ListItem\",\"position\":2,\"name\":\"Productos\",\"item\":\"https:\\\/\\\/globaltraining.com\\\/es\\\/shop\\\/\"},{\"@type\":\"ListItem\",\"position\":3,\"name\":\"Office Housekeeping\"}]},{\"@type\":\"WebSite\",\"@id\":\"https:\\\/\\\/globaltraining.com\\\/#website\",\"url\":\"https:\\\/\\\/globaltraining.com\\\/\",\"name\":\"Global Safety & Environmental\",\"description\":\"Full Service Health, Safety, and Environmental Courses\",\"publisher\":{\"@id\":\"https:\\\/\\\/globaltraining.com\\\/#organization\"},\"potentialAction\":[{\"@type\":\"SearchAction\",\"target\":{\"@type\":\"EntryPoint\",\"urlTemplate\":\"https:\\\/\\\/globaltraining.com\\\/?s={search_term_string}\"},\"query-input\":{\"@type\":\"PropertyValueSpecification\",\"valueRequired\":true,\"valueName\":\"search_term_string\"}}],\"inLanguage\":\"tr-TR\"},{\"@type\":\"Organization\",\"@id\":\"https:\\\/\\\/globaltraining.com\\\/#organization\",\"name\":\"Global Safety & Environmental\",\"url\":\"https:\\\/\\\/globaltraining.com\\\/\",\"logo\":{\"@type\":\"ImageObject\",\"inLanguage\":\"tr-TR\",\"@id\":\"https:\\\/\\\/globaltraining.com\\\/#\\\/schema\\\/logo\\\/image\\\/\",\"url\":\"https:\\\/\\\/globaltraining.com\\\/wp-content\\\/uploads\\\/2021\\\/01\\\/GSE-Logo-for-email.png\",\"contentUrl\":\"https:\\\/\\\/globaltraining.com\\\/wp-content\\\/uploads\\\/2021\\\/01\\\/GSE-Logo-for-email.png\",\"width\":400,\"height\":101,\"caption\":\"Global Safety & Environmental\"},\"image\":{\"@id\":\"https:\\\/\\\/globaltraining.com\\\/#\\\/schema\\\/logo\\\/image\\\/\"}}]}<\/script>\n<!-- \/ Yoast SEO plugin. -->","yoast_head_json":{"title":"Ofis Temizlik Hizmetleri - K\u00fcresel G\u00fcvenlik ve \u00c7evre","description":"Ofis Temizlik kursumuzla ofis ortam\u0131n\u0131z\u0131 geli\u015ftirin. Temizlik tekniklerini ve prensiplerini \u00f6\u011frenin. Daha \u00fcretken bir ofis i\u00e7in hemen kaydolun!","robots":{"index":"index","follow":"follow","max-snippet":"max-snippet:-1","max-image-preview":"max-image-preview:large","max-video-preview":"max-video-preview:-1"},"canonical":"https:\/\/globaltraining.com\/tr\/urun\/ofis-temizligi\/","og_locale":"tr_TR","og_type":"article","og_title":"Office Housekeeping - Global Safety &amp; Environmental","og_description":"Enhance your office environment with our Office Housekeeping course. Learn cleaning techniques and principles. Enroll now for a more productive office!","og_url":"https:\/\/globaltraining.com\/tr\/urun\/ofis-temizligi\/","og_site_name":"Global Safety &amp; Environmental","article_modified_time":"2024-12-06T16:54:12+00:00","og_image":[{"width":1200,"height":800,"url":"https:\/\/globaltraining.com\/wp-content\/uploads\/2021\/08\/housekeeping-2.jpg","type":"image\/jpeg"}],"twitter_card":"summary_large_image","twitter_misc":{"Est. reading time":"2 minutes"},"schema":{"@context":"https:\/\/schema.org","@graph":[{"@type":"WebPage","@id":"https:\/\/globaltraining.com\/product\/office-housekeeping\/","url":"https:\/\/globaltraining.com\/product\/office-housekeeping\/","name":"Ofis Temizlik Hizmetleri - K\u00fcresel G\u00fcvenlik ve \u00c7evre","isPartOf":{"@id":"https:\/\/globaltraining.com\/#website"},"primaryImageOfPage":{"@id":"https:\/\/globaltraining.com\/product\/office-housekeeping\/#primaryimage"},"image":{"@id":"https:\/\/globaltraining.com\/product\/office-housekeeping\/#primaryimage"},"thumbnailUrl":"https:\/\/globaltraining.com\/wp-content\/uploads\/2021\/08\/housekeeping-2.jpg","datePublished":"2023-09-08T18:40:19+00:00","dateModified":"2024-12-06T16:54:12+00:00","description":"Ofis Temizlik kursumuzla ofis ortam\u0131n\u0131z\u0131 geli\u015ftirin. Temizlik tekniklerini ve prensiplerini \u00f6\u011frenin. Daha \u00fcretken bir ofis i\u00e7in hemen kaydolun!","breadcrumb":{"@id":"https:\/\/globaltraining.com\/product\/office-housekeeping\/#breadcrumb"},"inLanguage":"tr-TR","potentialAction":[{"@type":"ReadAction","target":["https:\/\/globaltraining.com\/product\/office-housekeeping\/"]}]},{"@type":"ImageObject","inLanguage":"tr-TR","@id":"https:\/\/globaltraining.com\/product\/office-housekeeping\/#primaryimage","url":"https:\/\/globaltraining.com\/wp-content\/uploads\/2021\/08\/housekeeping-2.jpg","contentUrl":"https:\/\/globaltraining.com\/wp-content\/uploads\/2021\/08\/housekeeping-2.jpg","width":1200,"height":800,"caption":"Office Housekeeping"},{"@type":"BreadcrumbList","@id":"https:\/\/globaltraining.com\/product\/office-housekeeping\/#breadcrumb","itemListElement":[{"@type":"ListItem","position":1,"name":"Home","item":"https:\/\/globaltraining.com\/"},{"@type":"ListItem","position":2,"name":"Productos","item":"https:\/\/globaltraining.com\/es\/shop\/"},{"@type":"ListItem","position":3,"name":"Office Housekeeping"}]},{"@type":"WebSite","@id":"https:\/\/globaltraining.com\/#website","url":"https:\/\/globaltraining.com\/","name":"K\u00fcresel G\u00fcvenlik ve \u00c7evre","description":"Tam Hizmet Sa\u011fl\u0131k, G\u00fcvenlik ve \u00c7evre Kurslar\u0131","publisher":{"@id":"https:\/\/globaltraining.com\/#organization"},"potentialAction":[{"@type":"SearchAction","target":{"@type":"EntryPoint","urlTemplate":"https:\/\/globaltraining.com\/?s={search_term_string}"},"query-input":{"@type":"PropertyValueSpecification","valueRequired":true,"valueName":"search_term_string"}}],"inLanguage":"tr-TR"},{"@type":"Organization","@id":"https:\/\/globaltraining.com\/#organization","name":"K\u00fcresel G\u00fcvenlik ve \u00c7evre","url":"https:\/\/globaltraining.com\/","logo":{"@type":"ImageObject","inLanguage":"tr-TR","@id":"https:\/\/globaltraining.com\/#\/schema\/logo\/image\/","url":"https:\/\/globaltraining.com\/wp-content\/uploads\/2021\/01\/GSE-Logo-for-email.png","contentUrl":"https:\/\/globaltraining.com\/wp-content\/uploads\/2021\/01\/GSE-Logo-for-email.png","width":400,"height":101,"caption":"Global Safety & Environmental"},"image":{"@id":"https:\/\/globaltraining.com\/#\/schema\/logo\/image\/"}}]}},"_links":{"self":[{"href":"https:\/\/globaltraining.com\/tr\/wp-json\/wp\/v2\/product\/28516","targetHints":{"allow":["GET"]}}],"collection":[{"href":"https:\/\/globaltraining.com\/tr\/wp-json\/wp\/v2\/product"}],"about":[{"href":"https:\/\/globaltraining.com\/tr\/wp-json\/wp\/v2\/types\/product"}],"wp:featuredmedia":[{"embeddable":true,"href":"https:\/\/globaltraining.com\/tr\/wp-json\/wp\/v2\/media\/27197"}],"wp:attachment":[{"href":"https:\/\/globaltraining.com\/tr\/wp-json\/wp\/v2\/media?parent=28516"}],"wp:term":[{"taxonomy":"product_brand","embeddable":true,"href":"https:\/\/globaltraining.com\/tr\/wp-json\/wp\/v2\/product_brand?post=28516"},{"taxonomy":"product_cat","embeddable":true,"href":"https:\/\/globaltraining.com\/tr\/wp-json\/wp\/v2\/product_cat?post=28516"},{"taxonomy":"product_tag","embeddable":true,"href":"https:\/\/globaltraining.com\/tr\/wp-json\/wp\/v2\/product_tag?post=28516"}],"curies":[{"name":"wp","href":"https:\/\/api.w.org\/{rel}","templated":true}]}}