{"id":28515,"date":"2023-09-08T13:38:09","date_gmt":"2023-09-08T18:38:09","guid":{"rendered":"https:\/\/globaltraining.com\/?post_type=product&#038;p=28515"},"modified":"2024-12-06T11:11:18","modified_gmt":"2024-12-06T17:11:18","slug":"genel-cevre-bilinci","status":"publish","type":"product","link":"https:\/\/globaltraining.com\/tr\/product\/general-environmental-awareness\/","title":{"rendered":"Genel \u00c7evre Bilinci"},"content":{"rendered":"<h2>Genel \u00c7evre Bilincini Anlamak<\/h2>\n<p>Kapsaml\u0131 Genel \u00c7evre Bilinci kursumuza ho\u015f geldiniz. G\u00fcn\u00fcm\u00fcz d\u00fcnyas\u0131nda \u00e7evre bilinci hem bireyler hem de kurulu\u015flar i\u00e7in b\u00fcy\u00fck \u00f6nem ta\u015f\u0131maktad\u0131r. Kursumuz, genel \u00e7evre bilinci konusunda size g\u00fc\u00e7l\u00fc bir temel sa\u011flamak, bilin\u00e7li kararlar vermenize ve daha s\u00fcrd\u00fcr\u00fclebilir bir gelece\u011fe katk\u0131da bulunman\u0131za yard\u0131mc\u0131 olmak i\u00e7in tasarlanm\u0131\u015ft\u0131r.<\/p>\n<h2>\u00c7evre Bilincinin \u00d6nemi<\/h2>\n<p>\u00c7evre bilinci, insan faaliyetlerinin \u00e7evre \u00fczerindeki etkisini anlamak ve do\u011fal kaynaklar\u0131 koruman\u0131n \u00f6nemini anlamakla ilgilidir. Bu sadece etik bir sorumluluk de\u011fil, ayn\u0131 zamanda pratik bir gerekliliktir. End\u00fcstriler giderek \u00e7evre dostu uygulamalar\u0131 benimsiyor ve bireyler karbon ayak izlerini azaltmada hayati bir rol oynayabilir.<\/p>\n<h2>Kursun \u00d6nemli Noktalar\u0131<\/h2>\n<p>Kursumuz \u00e7ok \u00e7e\u015fitli konular\u0131 kapsamaktad\u0131r:<\/p>\n<p>1. \u00c7evre Sorunlar\u0131: \u0130klim de\u011fi\u015fikli\u011fi, kirlilik, ormans\u0131zla\u015fma ve habitat tahribat\u0131 gibi mevcut \u00e7evresel sorunlar\u0131 ara\u015ft\u0131r\u0131yoruz. Bu sorunlar\u0131 anlamak, onlar\u0131 \u00e7\u00f6zmenin ilk ad\u0131m\u0131d\u0131r.<\/p>\n<p>2. Koruma ve S\u00fcrd\u00fcr\u00fclebilirlik: Gezegenimizi korumaya yard\u0131mc\u0131 olan koruma stratejileri ve s\u00fcrd\u00fcr\u00fclebilir uygulamalar\u0131 \u00f6\u011freneceksiniz. Buna enerji tasarrufu, at\u0131klar\u0131n azalt\u0131lmas\u0131 ve sorumlu kaynak y\u00f6netimi konular\u0131ndaki tart\u0131\u015fmalar da dahildir.<\/p>\n<p>3. Yasal \u00c7er\u00e7eve: Hayat\u0131m\u0131z\u0131n \u00e7e\u015fitli y\u00f6nlerini d\u00fczenleyen \u00e7evre yasalar\u0131n\u0131 ve d\u00fczenlemelerini ara\u015ft\u0131r\u0131yoruz. Bu yasalar\u0131n bilinmesi, uyum ve olumlu de\u011fi\u015fimin savunulmas\u0131 i\u00e7in gereklidir.<\/p>\n<h2>Genel \u00c7evre Bilinci Neden \u00d6nemlidir?<\/h2>\n<p>\u00c7evresel Fark\u0131ndal\u0131k sadece moda bir kelime de\u011fildir; daha iyi bir gelecek i\u00e7in bir taahh\u00fctt\u00fcr. \u00c7evre bilincine sahip bireylerin, plastik kullan\u0131m\u0131n\u0131 azaltmak, su tasarrufu yapmak veya ye\u015fil giri\u015fimleri desteklemek gibi \u00e7evre dostu se\u00e7imler yapma olas\u0131l\u0131klar\u0131 daha y\u00fcksektir.<\/p>\n<p>\u0130\u015fverenler ayn\u0131 zamanda \u00e7evre bilincine sahip \u00e7al\u0131\u015fanlara da de\u011fer veriyor. S\u00fcrd\u00fcr\u00fclebilirlik, i\u015f operasyonlar\u0131nda \u00f6nemli bir husus haline geliyor ve \u00e7evre sorunlar\u0131n\u0131 anlayan profesyoneller, kurulu\u015flar\u0131n\u0131n varl\u0131klar\u0131 haline geliyor.<\/p>\n<h2>S\u00fcrd\u00fcr\u00fclebilir Bir Yar\u0131n i\u00e7in Bug\u00fcn Kaydolun<\/h2>\n<p>Bug\u00fcn Genel \u00c7evre Fark\u0131ndal\u0131\u011f\u0131 kursumuza kat\u0131l\u0131n ve \u00e7evre \u00fczerinde olumlu bir etki yaratmak i\u00e7in gereken bilgi ve fark\u0131ndal\u0131kla kendinizi g\u00fc\u00e7lendirin. Her eylemin \u00f6nemli oldu\u011fu s\u00fcrd\u00fcr\u00fclebilir bir gelecek i\u00e7in birlikte \u00e7al\u0131\u015fabiliriz.<\/p>\n<p>\u015eimdi kaydolun ve daha ye\u015fil ve daha sorumlu bir yar\u0131n i\u00e7in ilk ad\u0131m\u0131 at\u0131n. Ba\u015far\u0131l\u0131 bir \u015fekilde tamamlad\u0131\u011f\u0131n\u0131zda, Genel \u00c7evre Bilincine olan ba\u011fl\u0131l\u0131\u011f\u0131n\u0131z\u0131 onaylayan bir sertifika alacaks\u0131n\u0131z.<\/p>","protected":false},"excerpt":{"rendered":"<p>Genel \u00c7evre Bilinci kursumuza kat\u0131l\u0131n ve \u00e7evreye duyarl\u0131 bir birey olun. \u00c7evre sorunlar\u0131, koruma ve s\u00fcrd\u00fcr\u00fclebilirlik hakk\u0131nda bilgi edinin. Daha ye\u015fil bir gelecek i\u00e7in bug\u00fcn kaydolun!<\/p>","protected":false},"featured_media":15360,"template":"","meta":{"_et_pb_use_builder":"","_et_pb_old_content":"","_et_gb_content_width":""},"product_brand":[],"product_cat":[174,176],"product_tag":[],"class_list":{"0":"post-28515","1":"product","2":"type-product","3":"status-publish","4":"has-post-thumbnail","6":"product_cat-environmental","7":"product_cat-marine","9":"first","10":"instock","11":"virtual","12":"sold-individually","13":"purchasable","14":"product-type-simple"},"yoast_head":"<!-- This site is optimized with the Yoast SEO plugin v27.3 - https:\/\/yoast.com\/product\/yoast-seo-wordpress\/ -->\n<title>General Environmental Awareness - Global Safety &amp; Environmental<\/title>\n<meta name=\"description\" content=\"Enhance your knowledge with our General Environmental Awareness course. Understand environmental issues, conservation, and legal frameworks. Enroll now!\" \/>\n<meta name=\"robots\" content=\"index, follow, max-snippet:-1, max-image-preview:large, max-video-preview:-1\" \/>\n<link rel=\"canonical\" href=\"https:\/\/globaltraining.com\/tr\/urun\/genel-cevre-bilinci\/\" \/>\n<meta property=\"og:locale\" content=\"tr_TR\" \/>\n<meta property=\"og:type\" content=\"article\" \/>\n<meta property=\"og:title\" content=\"General Environmental Awareness - Global Safety &amp; Environmental\" \/>\n<meta property=\"og:description\" content=\"Enhance your knowledge with our General Environmental Awareness course. Understand environmental issues, conservation, and legal frameworks. Enroll now!\" \/>\n<meta property=\"og:url\" content=\"https:\/\/globaltraining.com\/tr\/urun\/genel-cevre-bilinci\/\" \/>\n<meta property=\"og:site_name\" content=\"Global Safety &amp; Environmental\" \/>\n<meta property=\"article:modified_time\" content=\"2024-12-06T17:11:18+00:00\" \/>\n<meta property=\"og:image\" content=\"https:\/\/globaltraining.com\/wp-content\/uploads\/2023\/06\/nature-pollution-1.jpg\" \/>\n\t<meta property=\"og:image:width\" content=\"1200\" \/>\n\t<meta property=\"og:image:height\" content=\"800\" \/>\n\t<meta property=\"og:image:type\" content=\"image\/jpeg\" \/>\n<meta name=\"twitter:card\" content=\"summary_large_image\" \/>\n<meta name=\"twitter:label1\" content=\"Est. reading time\" \/>\n\t<meta name=\"twitter:data1\" content=\"2 minutes\" \/>\n<script type=\"application\/ld+json\" class=\"yoast-schema-graph\">{\"@context\":\"https:\\\/\\\/schema.org\",\"@graph\":[{\"@type\":\"WebPage\",\"@id\":\"https:\\\/\\\/globaltraining.com\\\/product\\\/general-environmental-awareness\\\/\",\"url\":\"https:\\\/\\\/globaltraining.com\\\/product\\\/general-environmental-awareness\\\/\",\"name\":\"General Environmental Awareness - Global Safety &amp; Environmental\",\"isPartOf\":{\"@id\":\"https:\\\/\\\/globaltraining.com\\\/#website\"},\"primaryImageOfPage\":{\"@id\":\"https:\\\/\\\/globaltraining.com\\\/product\\\/general-environmental-awareness\\\/#primaryimage\"},\"image\":{\"@id\":\"https:\\\/\\\/globaltraining.com\\\/product\\\/general-environmental-awareness\\\/#primaryimage\"},\"thumbnailUrl\":\"https:\\\/\\\/globaltraining.com\\\/wp-content\\\/uploads\\\/2023\\\/06\\\/nature-pollution-1.jpg\",\"datePublished\":\"2023-09-08T18:38:09+00:00\",\"dateModified\":\"2024-12-06T17:11:18+00:00\",\"description\":\"Enhance your knowledge with our General Environmental Awareness course. Understand environmental issues, conservation, and legal frameworks. Enroll now!\",\"breadcrumb\":{\"@id\":\"https:\\\/\\\/globaltraining.com\\\/product\\\/general-environmental-awareness\\\/#breadcrumb\"},\"inLanguage\":\"tr-TR\",\"potentialAction\":[{\"@type\":\"ReadAction\",\"target\":[\"https:\\\/\\\/globaltraining.com\\\/product\\\/general-environmental-awareness\\\/\"]}]},{\"@type\":\"ImageObject\",\"inLanguage\":\"tr-TR\",\"@id\":\"https:\\\/\\\/globaltraining.com\\\/product\\\/general-environmental-awareness\\\/#primaryimage\",\"url\":\"https:\\\/\\\/globaltraining.com\\\/wp-content\\\/uploads\\\/2023\\\/06\\\/nature-pollution-1.jpg\",\"contentUrl\":\"https:\\\/\\\/globaltraining.com\\\/wp-content\\\/uploads\\\/2023\\\/06\\\/nature-pollution-1.jpg\",\"width\":1200,\"height\":800,\"caption\":\"General Environmental Awareness\"},{\"@type\":\"BreadcrumbList\",\"@id\":\"https:\\\/\\\/globaltraining.com\\\/product\\\/general-environmental-awareness\\\/#breadcrumb\",\"itemListElement\":[{\"@type\":\"ListItem\",\"position\":1,\"name\":\"Home\",\"item\":\"https:\\\/\\\/globaltraining.com\\\/\"},{\"@type\":\"ListItem\",\"position\":2,\"name\":\"Productos\",\"item\":\"https:\\\/\\\/globaltraining.com\\\/es\\\/shop\\\/\"},{\"@type\":\"ListItem\",\"position\":3,\"name\":\"General Environmental Awareness\"}]},{\"@type\":\"WebSite\",\"@id\":\"https:\\\/\\\/globaltraining.com\\\/#website\",\"url\":\"https:\\\/\\\/globaltraining.com\\\/\",\"name\":\"Global Safety & Environmental\",\"description\":\"Full Service Health, Safety, and Environmental Courses\",\"publisher\":{\"@id\":\"https:\\\/\\\/globaltraining.com\\\/#organization\"},\"potentialAction\":[{\"@type\":\"SearchAction\",\"target\":{\"@type\":\"EntryPoint\",\"urlTemplate\":\"https:\\\/\\\/globaltraining.com\\\/?s={search_term_string}\"},\"query-input\":{\"@type\":\"PropertyValueSpecification\",\"valueRequired\":true,\"valueName\":\"search_term_string\"}}],\"inLanguage\":\"tr-TR\"},{\"@type\":\"Organization\",\"@id\":\"https:\\\/\\\/globaltraining.com\\\/#organization\",\"name\":\"Global Safety & Environmental\",\"url\":\"https:\\\/\\\/globaltraining.com\\\/\",\"logo\":{\"@type\":\"ImageObject\",\"inLanguage\":\"tr-TR\",\"@id\":\"https:\\\/\\\/globaltraining.com\\\/#\\\/schema\\\/logo\\\/image\\\/\",\"url\":\"https:\\\/\\\/globaltraining.com\\\/wp-content\\\/uploads\\\/2021\\\/01\\\/GSE-Logo-for-email.png\",\"contentUrl\":\"https:\\\/\\\/globaltraining.com\\\/wp-content\\\/uploads\\\/2021\\\/01\\\/GSE-Logo-for-email.png\",\"width\":400,\"height\":101,\"caption\":\"Global Safety & Environmental\"},\"image\":{\"@id\":\"https:\\\/\\\/globaltraining.com\\\/#\\\/schema\\\/logo\\\/image\\\/\"}}]}<\/script>\n<!-- \/ Yoast SEO plugin. -->","yoast_head_json":{"title":"Genel \u00c7evresel Fark\u0131ndal\u0131k - K\u00fcresel G\u00fcvenlik ve \u00c7evre","description":"Genel \u00c7evre Fark\u0131ndal\u0131\u011f\u0131 kursumuzla bilginizi art\u0131r\u0131n. \u00c7evre sorunlar\u0131n\u0131, korumay\u0131 ve yasal \u00e7er\u00e7eveleri anlay\u0131n. Hemen kaydolun!","robots":{"index":"index","follow":"follow","max-snippet":"max-snippet:-1","max-image-preview":"max-image-preview:large","max-video-preview":"max-video-preview:-1"},"canonical":"https:\/\/globaltraining.com\/tr\/urun\/genel-cevre-bilinci\/","og_locale":"tr_TR","og_type":"article","og_title":"General Environmental Awareness - Global Safety &amp; Environmental","og_description":"Enhance your knowledge with our General Environmental Awareness course. Understand environmental issues, conservation, and legal frameworks. Enroll now!","og_url":"https:\/\/globaltraining.com\/tr\/urun\/genel-cevre-bilinci\/","og_site_name":"Global Safety &amp; Environmental","article_modified_time":"2024-12-06T17:11:18+00:00","og_image":[{"width":1200,"height":800,"url":"https:\/\/globaltraining.com\/wp-content\/uploads\/2023\/06\/nature-pollution-1.jpg","type":"image\/jpeg"}],"twitter_card":"summary_large_image","twitter_misc":{"Est. reading time":"2 minutes"},"schema":{"@context":"https:\/\/schema.org","@graph":[{"@type":"WebPage","@id":"https:\/\/globaltraining.com\/product\/general-environmental-awareness\/","url":"https:\/\/globaltraining.com\/product\/general-environmental-awareness\/","name":"Genel \u00c7evresel Fark\u0131ndal\u0131k - K\u00fcresel G\u00fcvenlik ve \u00c7evre","isPartOf":{"@id":"https:\/\/globaltraining.com\/#website"},"primaryImageOfPage":{"@id":"https:\/\/globaltraining.com\/product\/general-environmental-awareness\/#primaryimage"},"image":{"@id":"https:\/\/globaltraining.com\/product\/general-environmental-awareness\/#primaryimage"},"thumbnailUrl":"https:\/\/globaltraining.com\/wp-content\/uploads\/2023\/06\/nature-pollution-1.jpg","datePublished":"2023-09-08T18:38:09+00:00","dateModified":"2024-12-06T17:11:18+00:00","description":"Genel \u00c7evre Fark\u0131ndal\u0131\u011f\u0131 kursumuzla bilginizi art\u0131r\u0131n. \u00c7evre sorunlar\u0131n\u0131, korumay\u0131 ve yasal \u00e7er\u00e7eveleri anlay\u0131n. Hemen kaydolun!","breadcrumb":{"@id":"https:\/\/globaltraining.com\/product\/general-environmental-awareness\/#breadcrumb"},"inLanguage":"tr-TR","potentialAction":[{"@type":"ReadAction","target":["https:\/\/globaltraining.com\/product\/general-environmental-awareness\/"]}]},{"@type":"ImageObject","inLanguage":"tr-TR","@id":"https:\/\/globaltraining.com\/product\/general-environmental-awareness\/#primaryimage","url":"https:\/\/globaltraining.com\/wp-content\/uploads\/2023\/06\/nature-pollution-1.jpg","contentUrl":"https:\/\/globaltraining.com\/wp-content\/uploads\/2023\/06\/nature-pollution-1.jpg","width":1200,"height":800,"caption":"General Environmental Awareness"},{"@type":"BreadcrumbList","@id":"https:\/\/globaltraining.com\/product\/general-environmental-awareness\/#breadcrumb","itemListElement":[{"@type":"ListItem","position":1,"name":"Home","item":"https:\/\/globaltraining.com\/"},{"@type":"ListItem","position":2,"name":"Productos","item":"https:\/\/globaltraining.com\/es\/shop\/"},{"@type":"ListItem","position":3,"name":"General Environmental Awareness"}]},{"@type":"WebSite","@id":"https:\/\/globaltraining.com\/#website","url":"https:\/\/globaltraining.com\/","name":"K\u00fcresel G\u00fcvenlik ve \u00c7evre","description":"Tam Hizmet Sa\u011fl\u0131k, G\u00fcvenlik ve \u00c7evre Kurslar\u0131","publisher":{"@id":"https:\/\/globaltraining.com\/#organization"},"potentialAction":[{"@type":"SearchAction","target":{"@type":"EntryPoint","urlTemplate":"https:\/\/globaltraining.com\/?s={search_term_string}"},"query-input":{"@type":"PropertyValueSpecification","valueRequired":true,"valueName":"search_term_string"}}],"inLanguage":"tr-TR"},{"@type":"Organization","@id":"https:\/\/globaltraining.com\/#organization","name":"K\u00fcresel G\u00fcvenlik ve \u00c7evre","url":"https:\/\/globaltraining.com\/","logo":{"@type":"ImageObject","inLanguage":"tr-TR","@id":"https:\/\/globaltraining.com\/#\/schema\/logo\/image\/","url":"https:\/\/globaltraining.com\/wp-content\/uploads\/2021\/01\/GSE-Logo-for-email.png","contentUrl":"https:\/\/globaltraining.com\/wp-content\/uploads\/2021\/01\/GSE-Logo-for-email.png","width":400,"height":101,"caption":"Global Safety & Environmental"},"image":{"@id":"https:\/\/globaltraining.com\/#\/schema\/logo\/image\/"}}]}},"_links":{"self":[{"href":"https:\/\/globaltraining.com\/tr\/wp-json\/wp\/v2\/product\/28515","targetHints":{"allow":["GET"]}}],"collection":[{"href":"https:\/\/globaltraining.com\/tr\/wp-json\/wp\/v2\/product"}],"about":[{"href":"https:\/\/globaltraining.com\/tr\/wp-json\/wp\/v2\/types\/product"}],"wp:featuredmedia":[{"embeddable":true,"href":"https:\/\/globaltraining.com\/tr\/wp-json\/wp\/v2\/media\/15360"}],"wp:attachment":[{"href":"https:\/\/globaltraining.com\/tr\/wp-json\/wp\/v2\/media?parent=28515"}],"wp:term":[{"taxonomy":"product_brand","embeddable":true,"href":"https:\/\/globaltraining.com\/tr\/wp-json\/wp\/v2\/product_brand?post=28515"},{"taxonomy":"product_cat","embeddable":true,"href":"https:\/\/globaltraining.com\/tr\/wp-json\/wp\/v2\/product_cat?post=28515"},{"taxonomy":"product_tag","embeddable":true,"href":"https:\/\/globaltraining.com\/tr\/wp-json\/wp\/v2\/product_tag?post=28515"}],"curies":[{"name":"wp","href":"https:\/\/api.w.org\/{rel}","templated":true}]}}