{"id":28514,"date":"2023-09-08T13:31:58","date_gmt":"2023-09-08T18:31:58","guid":{"rendered":"https:\/\/globaltraining.com\/?post_type=product&#038;p=28514"},"modified":"2024-12-06T11:14:46","modified_gmt":"2024-12-06T17:14:46","slug":"gaz-algilama-izleme-hava-izleme","status":"publish","type":"product","link":"https:\/\/globaltraining.com\/tr\/product\/gas-detection-monitoring-air-monitoring\/","title":{"rendered":"Gaz Alg\u0131lama \u0130zleme-Hava \u0130zleme"},"content":{"rendered":"<h2>Gaz Alg\u0131lama \u0130zleme-Hava \u0130zleme<\/h2>\n<p>Kapsaml\u0131 Gaz Alg\u0131lama \u0130zleme-Hava \u0130zleme E\u011fitim program\u0131m\u0131za ho\u015f geldiniz. Tehlikeli gazlara maruz kalman\u0131n endi\u015fe verici oldu\u011fu end\u00fcstrilerde g\u00fcvenli ve sa\u011fl\u0131kl\u0131 bir \u00e7al\u0131\u015fma ortam\u0131n\u0131n sa\u011flanmas\u0131 \u00e7ok \u00f6nemlidir. E\u011fitimimiz sizi gaz alg\u0131lama ve hava izleme konusunda uzman olman\u0131z i\u00e7in gereken bilgi ve becerilerle donat\u0131r.<\/p>\n<h2>Gaz Dedekt\u00f6r\u00fc E\u011fitimi<\/h2>\n<p>Gaz dedekt\u00f6rleri, zararl\u0131 gazlar\u0131n varl\u0131\u011f\u0131n\u0131n ciddi risk olu\u015fturabilece\u011fi i\u015fyerlerinde hayati \u00f6neme sahip cihazlard\u0131r. E\u011fitim program\u0131m\u0131z gaz t\u00fcrlerinin, sens\u00f6r teknolojilerinin ve kalibrasyon prosed\u00fcrlerinin anla\u015f\u0131lmas\u0131 da dahil olmak \u00fczere gaz alg\u0131laman\u0131n temellerini kapsar. Ayr\u0131ca gaz okumalar\u0131n\u0131 nas\u0131l yorumlayaca\u011f\u0131n\u0131z\u0131 ve g\u00fcvenli\u011fi sa\u011flamak i\u00e7in uygun \u00f6nlemleri nas\u0131l alaca\u011f\u0131n\u0131z\u0131 da \u00f6\u011freneceksiniz.<\/p>\n<h2>Hava \u0130zleme E\u011fitimi<\/h2>\n<p>Hava izleme, \u00e7al\u0131\u015fma alan\u0131ndaki genel hava kalitesine odaklanarak gaz alg\u0131laman\u0131n \u00f6tesine ge\u00e7er. E\u011fitimimiz s\u0131cakl\u0131k, nem ve kirleticilerin varl\u0131\u011f\u0131 gibi fakt\u00f6rleri de\u011ferlendirmek i\u00e7in hava izleme ekipman\u0131n\u0131n kullan\u0131m\u0131na ili\u015fkin talimatlar\u0131 i\u00e7erir. \u0130\u015f\u00e7i sa\u011fl\u0131\u011f\u0131n\u0131n korunmas\u0131 i\u00e7in uygun \u00e7evre ko\u015fullar\u0131n\u0131n sa\u011flanmas\u0131n\u0131n \u00f6nemini vurguluyoruz.<\/p>\n<h2>Gaz Alg\u0131lama \u0130zleme-Hava \u0130zleme Neden \u00d6nemlidir?<\/h2>\n<p>\u0130\u015f\u00e7ilerin zararl\u0131 maddelere maruz kalabilece\u011fi imalat, in\u015faat ve petrokimya gibi end\u00fcstrilerde gaz tespiti ve hava izleme \u00e7ok \u00f6nemlidir. Gaz s\u0131z\u0131nt\u0131lar\u0131n\u0131n veya k\u00f6t\u00fc hava kalitesinin erken tespiti kazalar\u0131, yaralanmalar\u0131 ve uzun vadeli sa\u011fl\u0131k sorunlar\u0131n\u0131 \u00f6nleyebilir.<\/p>\n<p>G\u00fcvenlik d\u00fczenlemelerine uyum bir\u00e7ok i\u015fyerinde yasal bir zorunluluktur. E\u011fitim program\u0131m\u0131z bu d\u00fczenlemeleri anlaman\u0131z\u0131 ve bunlara uyman\u0131z\u0131 sa\u011flayarak kurulu\u015funuzun cezalardan ve yasal zorluklardan ka\u00e7\u0131nmas\u0131na yard\u0131mc\u0131 olur.<\/p>\n<h2>Daha G\u00fcvenli Bir \u0130\u015fyeri \u0130\u00e7in Bug\u00fcn Kaydolun<\/h2>\n<p>\u0130\u015f yerinizde g\u00fcvenlikten taviz vermeyin. Gaz Alg\u0131lama \u0130zleme ve Hava \u0130zleme E\u011fitim kursumuza bug\u00fcn kaydolun ve ekibinizin sa\u011fl\u0131\u011f\u0131n\u0131 ve refah\u0131n\u0131 korumak i\u00e7in gereken uzmanl\u0131\u011f\u0131 kazan\u0131n. Kapsaml\u0131 program\u0131m\u0131z sizi gazla ilgili tehlikeleri ve hava kalitesi sorunlar\u0131n\u0131 tan\u0131mlamaya, ele almaya ve \u00f6nlemeye haz\u0131rlayacakt\u0131r.<\/p>\n<p>\u015eimdi kursumuza kat\u0131l\u0131n ve daha g\u00fcvenli bir \u00e7al\u0131\u015fma ortam\u0131 yaratma yolunda ilk ad\u0131m\u0131 at\u0131n. Ba\u015far\u0131l\u0131 bir \u015fekilde tamamlad\u0131\u011f\u0131n\u0131zda, gaz alg\u0131lama ve hava izleme konusundaki bilgi ve becerilerinizi tan\u0131yan bir sertifika alacaks\u0131n\u0131z. Bug\u00fcn g\u00fcvenli\u011fe yat\u0131r\u0131m yap\u0131n.<\/p>","protected":false},"excerpt":{"rendered":"<p>Gaz Alg\u0131lama \u0130zleme ve Hava \u0130zleme konusunda uzman olun. Gazla ilgili tehlikeleri tespit edip \u00f6nlemeyi ve hava kalitesini korumay\u0131 \u00f6\u011frenin. Bug\u00fcn kaydolun!<\/p>","protected":false},"featured_media":27191,"template":"","meta":{"_et_pb_use_builder":"","_et_pb_old_content":"","_et_gb_content_width":""},"product_brand":[],"product_cat":[118,174,137,143],"product_tag":[],"class_list":{"0":"post-28514","1":"product","2":"type-product","3":"status-publish","4":"has-post-thumbnail","6":"product_cat-air-and-gas-monitoring","7":"product_cat-environmental","8":"product_cat-gases","9":"product_cat-health-and-safety","11":"first","12":"instock","13":"virtual","14":"sold-individually","15":"purchasable","16":"product-type-simple"},"yoast_head":"<!-- This site is optimized with the Yoast SEO plugin v27.4 - https:\/\/yoast.com\/product\/yoast-seo-wordpress\/ -->\n<title>Gas Detection Monitoring-Air Monitoring - Global Safety &amp; Environmental<\/title>\n<meta name=\"description\" content=\"Get certified in Gas Detection Monitoring-Air Monitoring. Learn gas detector and air monitoring skills to ensure a safer workplace. Enroll now!\" \/>\n<meta name=\"robots\" content=\"index, follow, max-snippet:-1, max-image-preview:large, max-video-preview:-1\" \/>\n<link rel=\"canonical\" href=\"https:\/\/globaltraining.com\/tr\/urun\/gaz-algilama-izleme-hava-izleme\/\" \/>\n<meta property=\"og:locale\" content=\"tr_TR\" \/>\n<meta property=\"og:type\" content=\"article\" \/>\n<meta property=\"og:title\" content=\"Gas Detection Monitoring-Air Monitoring - Global Safety &amp; Environmental\" \/>\n<meta property=\"og:description\" content=\"Get certified in Gas Detection Monitoring-Air Monitoring. Learn gas detector and air monitoring skills to ensure a safer workplace. Enroll now!\" \/>\n<meta property=\"og:url\" content=\"https:\/\/globaltraining.com\/tr\/urun\/gaz-algilama-izleme-hava-izleme\/\" \/>\n<meta property=\"og:site_name\" content=\"Global Safety &amp; Environmental\" \/>\n<meta property=\"article:modified_time\" content=\"2024-12-06T17:14:46+00:00\" \/>\n<meta property=\"og:image\" content=\"https:\/\/globaltraining.com\/wp-content\/uploads\/2021\/08\/gas-detection-monitoring.jpg\" \/>\n\t<meta property=\"og:image:width\" content=\"1200\" \/>\n\t<meta property=\"og:image:height\" content=\"800\" \/>\n\t<meta property=\"og:image:type\" content=\"image\/jpeg\" \/>\n<meta name=\"twitter:card\" content=\"summary_large_image\" \/>\n<meta name=\"twitter:label1\" content=\"Est. reading time\" \/>\n\t<meta name=\"twitter:data1\" content=\"2 minutes\" \/>\n<script type=\"application\/ld+json\" class=\"yoast-schema-graph\">{\"@context\":\"https:\\\/\\\/schema.org\",\"@graph\":[{\"@type\":\"WebPage\",\"@id\":\"https:\\\/\\\/globaltraining.com\\\/product\\\/gas-detection-monitoring-air-monitoring\\\/\",\"url\":\"https:\\\/\\\/globaltraining.com\\\/product\\\/gas-detection-monitoring-air-monitoring\\\/\",\"name\":\"Gas Detection Monitoring-Air Monitoring - Global Safety &amp; Environmental\",\"isPartOf\":{\"@id\":\"https:\\\/\\\/globaltraining.com\\\/#website\"},\"primaryImageOfPage\":{\"@id\":\"https:\\\/\\\/globaltraining.com\\\/product\\\/gas-detection-monitoring-air-monitoring\\\/#primaryimage\"},\"image\":{\"@id\":\"https:\\\/\\\/globaltraining.com\\\/product\\\/gas-detection-monitoring-air-monitoring\\\/#primaryimage\"},\"thumbnailUrl\":\"https:\\\/\\\/globaltraining.com\\\/wp-content\\\/uploads\\\/2021\\\/08\\\/gas-detection-monitoring.jpg\",\"datePublished\":\"2023-09-08T18:31:58+00:00\",\"dateModified\":\"2024-12-06T17:14:46+00:00\",\"description\":\"Get certified in Gas Detection Monitoring-Air Monitoring. Learn gas detector and air monitoring skills to ensure a safer workplace. Enroll now!\",\"breadcrumb\":{\"@id\":\"https:\\\/\\\/globaltraining.com\\\/product\\\/gas-detection-monitoring-air-monitoring\\\/#breadcrumb\"},\"inLanguage\":\"tr-TR\",\"potentialAction\":[{\"@type\":\"ReadAction\",\"target\":[\"https:\\\/\\\/globaltraining.com\\\/product\\\/gas-detection-monitoring-air-monitoring\\\/\"]}]},{\"@type\":\"ImageObject\",\"inLanguage\":\"tr-TR\",\"@id\":\"https:\\\/\\\/globaltraining.com\\\/product\\\/gas-detection-monitoring-air-monitoring\\\/#primaryimage\",\"url\":\"https:\\\/\\\/globaltraining.com\\\/wp-content\\\/uploads\\\/2021\\\/08\\\/gas-detection-monitoring.jpg\",\"contentUrl\":\"https:\\\/\\\/globaltraining.com\\\/wp-content\\\/uploads\\\/2021\\\/08\\\/gas-detection-monitoring.jpg\",\"width\":1200,\"height\":800,\"caption\":\"Gas Detection Monitoring-Air Monitoring\"},{\"@type\":\"BreadcrumbList\",\"@id\":\"https:\\\/\\\/globaltraining.com\\\/product\\\/gas-detection-monitoring-air-monitoring\\\/#breadcrumb\",\"itemListElement\":[{\"@type\":\"ListItem\",\"position\":1,\"name\":\"Home\",\"item\":\"https:\\\/\\\/globaltraining.com\\\/\"},{\"@type\":\"ListItem\",\"position\":2,\"name\":\"Productos\",\"item\":\"https:\\\/\\\/globaltraining.com\\\/es\\\/shop\\\/\"},{\"@type\":\"ListItem\",\"position\":3,\"name\":\"Gas Detection Monitoring-Air Monitoring\"}]},{\"@type\":\"WebSite\",\"@id\":\"https:\\\/\\\/globaltraining.com\\\/#website\",\"url\":\"https:\\\/\\\/globaltraining.com\\\/\",\"name\":\"Global Safety & Environmental\",\"description\":\"Full Service Health, Safety, and Environmental Courses\",\"publisher\":{\"@id\":\"https:\\\/\\\/globaltraining.com\\\/#organization\"},\"potentialAction\":[{\"@type\":\"SearchAction\",\"target\":{\"@type\":\"EntryPoint\",\"urlTemplate\":\"https:\\\/\\\/globaltraining.com\\\/?s={search_term_string}\"},\"query-input\":{\"@type\":\"PropertyValueSpecification\",\"valueRequired\":true,\"valueName\":\"search_term_string\"}}],\"inLanguage\":\"tr-TR\"},{\"@type\":\"Organization\",\"@id\":\"https:\\\/\\\/globaltraining.com\\\/#organization\",\"name\":\"Global Safety & Environmental\",\"url\":\"https:\\\/\\\/globaltraining.com\\\/\",\"logo\":{\"@type\":\"ImageObject\",\"inLanguage\":\"tr-TR\",\"@id\":\"https:\\\/\\\/globaltraining.com\\\/#\\\/schema\\\/logo\\\/image\\\/\",\"url\":\"https:\\\/\\\/globaltraining.com\\\/wp-content\\\/uploads\\\/2021\\\/01\\\/GSE-Logo-for-email.png\",\"contentUrl\":\"https:\\\/\\\/globaltraining.com\\\/wp-content\\\/uploads\\\/2021\\\/01\\\/GSE-Logo-for-email.png\",\"width\":400,\"height\":101,\"caption\":\"Global Safety & Environmental\"},\"image\":{\"@id\":\"https:\\\/\\\/globaltraining.com\\\/#\\\/schema\\\/logo\\\/image\\\/\"}}]}<\/script>\n<!-- \/ Yoast SEO plugin. -->","yoast_head_json":{"title":"Gaz Alg\u0131lama \u0130zleme-Hava \u0130zleme - K\u00fcresel G\u00fcvenlik ve \u00c7evre","description":"Gaz Alg\u0131lama \u0130zleme-Hava \u0130zleme konusunda sertifika al\u0131n. Daha g\u00fcvenli bir i\u015f yeri sa\u011flamak i\u00e7in gaz dedekt\u00f6r\u00fc ve hava izleme becerilerini \u00f6\u011frenin. Hemen kaydolun!","robots":{"index":"index","follow":"follow","max-snippet":"max-snippet:-1","max-image-preview":"max-image-preview:large","max-video-preview":"max-video-preview:-1"},"canonical":"https:\/\/globaltraining.com\/tr\/urun\/gaz-algilama-izleme-hava-izleme\/","og_locale":"tr_TR","og_type":"article","og_title":"Gas Detection Monitoring-Air Monitoring - Global Safety &amp; Environmental","og_description":"Get certified in Gas Detection Monitoring-Air Monitoring. Learn gas detector and air monitoring skills to ensure a safer workplace. Enroll now!","og_url":"https:\/\/globaltraining.com\/tr\/urun\/gaz-algilama-izleme-hava-izleme\/","og_site_name":"Global Safety &amp; Environmental","article_modified_time":"2024-12-06T17:14:46+00:00","og_image":[{"width":1200,"height":800,"url":"https:\/\/globaltraining.com\/wp-content\/uploads\/2021\/08\/gas-detection-monitoring.jpg","type":"image\/jpeg"}],"twitter_card":"summary_large_image","twitter_misc":{"Est. reading time":"2 minutes"},"schema":{"@context":"https:\/\/schema.org","@graph":[{"@type":"WebPage","@id":"https:\/\/globaltraining.com\/product\/gas-detection-monitoring-air-monitoring\/","url":"https:\/\/globaltraining.com\/product\/gas-detection-monitoring-air-monitoring\/","name":"Gaz Alg\u0131lama \u0130zleme-Hava \u0130zleme - K\u00fcresel G\u00fcvenlik ve \u00c7evre","isPartOf":{"@id":"https:\/\/globaltraining.com\/#website"},"primaryImageOfPage":{"@id":"https:\/\/globaltraining.com\/product\/gas-detection-monitoring-air-monitoring\/#primaryimage"},"image":{"@id":"https:\/\/globaltraining.com\/product\/gas-detection-monitoring-air-monitoring\/#primaryimage"},"thumbnailUrl":"https:\/\/globaltraining.com\/wp-content\/uploads\/2021\/08\/gas-detection-monitoring.jpg","datePublished":"2023-09-08T18:31:58+00:00","dateModified":"2024-12-06T17:14:46+00:00","description":"Gaz Alg\u0131lama \u0130zleme-Hava \u0130zleme konusunda sertifika al\u0131n. Daha g\u00fcvenli bir i\u015f yeri sa\u011flamak i\u00e7in gaz dedekt\u00f6r\u00fc ve hava izleme becerilerini \u00f6\u011frenin. Hemen kaydolun!","breadcrumb":{"@id":"https:\/\/globaltraining.com\/product\/gas-detection-monitoring-air-monitoring\/#breadcrumb"},"inLanguage":"tr-TR","potentialAction":[{"@type":"ReadAction","target":["https:\/\/globaltraining.com\/product\/gas-detection-monitoring-air-monitoring\/"]}]},{"@type":"ImageObject","inLanguage":"tr-TR","@id":"https:\/\/globaltraining.com\/product\/gas-detection-monitoring-air-monitoring\/#primaryimage","url":"https:\/\/globaltraining.com\/wp-content\/uploads\/2021\/08\/gas-detection-monitoring.jpg","contentUrl":"https:\/\/globaltraining.com\/wp-content\/uploads\/2021\/08\/gas-detection-monitoring.jpg","width":1200,"height":800,"caption":"Gas Detection Monitoring-Air Monitoring"},{"@type":"BreadcrumbList","@id":"https:\/\/globaltraining.com\/product\/gas-detection-monitoring-air-monitoring\/#breadcrumb","itemListElement":[{"@type":"ListItem","position":1,"name":"Home","item":"https:\/\/globaltraining.com\/"},{"@type":"ListItem","position":2,"name":"Productos","item":"https:\/\/globaltraining.com\/es\/shop\/"},{"@type":"ListItem","position":3,"name":"Gas Detection Monitoring-Air Monitoring"}]},{"@type":"WebSite","@id":"https:\/\/globaltraining.com\/#website","url":"https:\/\/globaltraining.com\/","name":"K\u00fcresel G\u00fcvenlik ve \u00c7evre","description":"Tam Hizmet Sa\u011fl\u0131k, G\u00fcvenlik ve \u00c7evre Kurslar\u0131","publisher":{"@id":"https:\/\/globaltraining.com\/#organization"},"potentialAction":[{"@type":"SearchAction","target":{"@type":"EntryPoint","urlTemplate":"https:\/\/globaltraining.com\/?s={search_term_string}"},"query-input":{"@type":"PropertyValueSpecification","valueRequired":true,"valueName":"search_term_string"}}],"inLanguage":"tr-TR"},{"@type":"Organization","@id":"https:\/\/globaltraining.com\/#organization","name":"K\u00fcresel G\u00fcvenlik ve \u00c7evre","url":"https:\/\/globaltraining.com\/","logo":{"@type":"ImageObject","inLanguage":"tr-TR","@id":"https:\/\/globaltraining.com\/#\/schema\/logo\/image\/","url":"https:\/\/globaltraining.com\/wp-content\/uploads\/2021\/01\/GSE-Logo-for-email.png","contentUrl":"https:\/\/globaltraining.com\/wp-content\/uploads\/2021\/01\/GSE-Logo-for-email.png","width":400,"height":101,"caption":"Global Safety & Environmental"},"image":{"@id":"https:\/\/globaltraining.com\/#\/schema\/logo\/image\/"}}]}},"_links":{"self":[{"href":"https:\/\/globaltraining.com\/tr\/wp-json\/wp\/v2\/product\/28514","targetHints":{"allow":["GET"]}}],"collection":[{"href":"https:\/\/globaltraining.com\/tr\/wp-json\/wp\/v2\/product"}],"about":[{"href":"https:\/\/globaltraining.com\/tr\/wp-json\/wp\/v2\/types\/product"}],"wp:featuredmedia":[{"embeddable":true,"href":"https:\/\/globaltraining.com\/tr\/wp-json\/wp\/v2\/media\/27191"}],"wp:attachment":[{"href":"https:\/\/globaltraining.com\/tr\/wp-json\/wp\/v2\/media?parent=28514"}],"wp:term":[{"taxonomy":"product_brand","embeddable":true,"href":"https:\/\/globaltraining.com\/tr\/wp-json\/wp\/v2\/product_brand?post=28514"},{"taxonomy":"product_cat","embeddable":true,"href":"https:\/\/globaltraining.com\/tr\/wp-json\/wp\/v2\/product_cat?post=28514"},{"taxonomy":"product_tag","embeddable":true,"href":"https:\/\/globaltraining.com\/tr\/wp-json\/wp\/v2\/product_tag?post=28514"}],"curies":[{"name":"wp","href":"https:\/\/api.w.org\/{rel}","templated":true}]}}