{"id":28513,"date":"2023-09-08T13:29:08","date_gmt":"2023-09-08T18:29:08","guid":{"rendered":"https:\/\/globaltraining.com\/?post_type=product&#038;p=28513"},"modified":"2024-12-06T11:26:44","modified_gmt":"2024-12-06T17:26:44","slug":"on-yukleyici-egitimi","status":"publish","type":"product","link":"https:\/\/globaltraining.com\/tr\/product\/front-end-loader-training\/","title":{"rendered":"\u00d6n U\u00e7 Y\u00fckleyici E\u011fitimi"},"content":{"rendered":"<h2>Kapsaml\u0131 \u00d6n U\u00e7 Y\u00fckleyici E\u011fitimi<\/h2>\n<p>Kapsaml\u0131 \u00d6n U\u00e7 Y\u00fckleyici E\u011fitim program\u0131m\u0131za ho\u015f geldiniz. Genellikle tekerlekli y\u00fckleyiciler olarak bilinen \u00f6n y\u00fckleyiciler, in\u015faat ve end\u00fcstriyel ortamlar\u0131n vazge\u00e7ilmezidir. Ancak bunlar\u0131 \u00e7al\u0131\u015ft\u0131rmak g\u00fcvenlik ve verimlili\u011fi sa\u011flamak i\u00e7in uzmanl\u0131k gerektirir. E\u011fitimimiz sizi sertifikal\u0131 bir \u00f6n y\u00fckleyici operat\u00f6r\u00fc olmak i\u00e7in gerekli becerilerle donat\u0131r.<\/p>\n<h2>Kaz\u0131c\u0131 ve \u00d6n Y\u00fckleyici Becerileri<\/h2>\n<p>Program\u0131m\u0131z yaln\u0131zca \u00f6n y\u00fckleyicileri kapsam\u0131yor; Ayn\u0131 zamanda beko e\u011fitimleri de veriyoruz. Her iki a\u011f\u0131r ekipman t\u00fcr\u00fcn\u00fc anlamak sizi \u00e7ok y\u00f6nl\u00fc bir operat\u00f6r haline getirerek daha fazla i\u015f f\u0131rsat\u0131 yarat\u0131r. \u0130ster bu alanda yeni olun ister deneyimli bir operat\u00f6r olun, kursumuz ihtiya\u00e7lar\u0131n\u0131z\u0131 kar\u015f\u0131lar.<\/p>\n<h2>Sertifikal\u0131 \u00d6n U\u00e7 Y\u00fckleyici Operat\u00f6r\u00fc Olun<\/h2>\n<p>Yetenekli bir \u00f6n y\u00fckleyici operat\u00f6r\u00fc olmak in\u015faat sekt\u00f6r\u00fcnde de\u011ferli bir varl\u0131kt\u0131r. Kursumuz, ekipman kontrolleri ve bak\u0131m\u0131ndan g\u00fcvenli \u00e7al\u0131\u015fma uygulamalar\u0131na kadar bilmeniz gereken her \u015feyi kapsar. \u00c7e\u015fitli y\u00fckleri nas\u0131l kald\u0131raca\u011f\u0131n\u0131z\u0131, zorlu arazilerde nas\u0131l yol alaca\u011f\u0131n\u0131z\u0131 ve i\u015fyeri g\u00fcvenli\u011fini nas\u0131l sa\u011flayaca\u011f\u0131n\u0131z\u0131 \u00f6\u011freneceksiniz. Ba\u015far\u0131l\u0131 bir \u015fekilde tamamlad\u0131\u011f\u0131n\u0131zda, istihdam edilebilirli\u011finizi art\u0131ran bir sertifika alacaks\u0131n\u0131z.<\/p>\n<p>E\u011fitmenlerimiz a\u011f\u0131r ekipman kullan\u0131m\u0131nda uzun y\u0131llara dayanan deneyime sahip deneyimli profesyonellerdir. Uygulamal\u0131 e\u011fitim ve ger\u00e7ek d\u00fcnya bilgileri sa\u011flayarak, kariyerinizde ba\u015far\u0131l\u0131 olman\u0131z i\u00e7in gereken g\u00fcveni ve becerileri sa\u011flarlar.<\/p>\n<h2>E\u011fitim Neden \u00d6nemlidir?<\/h2>\n<p>\u00d6n y\u00fckleyici operat\u00f6rleri in\u015faat, madencilik ve malzeme ta\u015f\u0131ma end\u00fcstrilerinde kritik bir rol oynamaktad\u0131r. Bu a\u011f\u0131r makineleri \u00e7al\u0131\u015ft\u0131r\u0131rken g\u00fcvenlik ve hassasiyet \u00e7ok \u00f6nemlidir. Do\u011fru e\u011fitim yaln\u0131zca kaza riskini azaltmakla kalmaz, ayn\u0131 zamanda \u00fcretkenli\u011fi de art\u0131r\u0131r. \u0130\u015fverenler, \u00f6n y\u00fckleyicileri verimli ve g\u00fcvenli bir \u015fekilde kullanabilecek sertifikal\u0131 operat\u00f6rler ar\u0131yor.<\/p>\n<p>Ek olarak, bu makinelerin bak\u0131m hususlar\u0131n\u0131n anla\u015f\u0131lmas\u0131, ar\u0131zalar\u0131n \u00f6nlenmesine yard\u0131mc\u0131 olarak \u015fantiyelerde sorunsuz operasyonlar\u0131n sa\u011flanmas\u0131na yard\u0131mc\u0131 olabilir. Kursumuz yaln\u0131zca operasyonel hususlar\u0131 kapsamaz, ayn\u0131 zamanda ekipman bak\u0131m\u0131na ili\u015fkin bilgileri de i\u00e7erir.<\/p>\n<h2>Gelecek Vaat Eden Bir Kariyer \u0130\u00e7in Bug\u00fcn Kaydolun<\/h2>\n<p>Sertifikal\u0131 bir \u00f6n y\u00fckleyici operat\u00f6r\u00fc olma f\u0131rsat\u0131n\u0131 ka\u00e7\u0131rmay\u0131n. Program\u0131m\u0131za bug\u00fcn kaydolun ve in\u015faat ve end\u00fcstriyel sekt\u00f6rlerdeki olas\u0131l\u0131klar d\u00fcnyas\u0131n\u0131n kilidini a\u00e7\u0131n. G\u00fcvenlik, verimlilik ve kariyer f\u0131rsatlar\u0131 sizi bekliyor.<\/p>\n<p>\u00d6n U\u00e7 Y\u00fckleyici E\u011fitimi kursumuza kat\u0131l\u0131n ve m\u00fckemmelli\u011fe do\u011fru yolculu\u011funuza ba\u015flay\u0131n. A\u011f\u0131r ekipman sekt\u00f6r\u00fcnde gelece\u011finizi g\u00fcvence alt\u0131na al\u0131n.<\/p>","protected":false},"excerpt":{"rendered":"<p>Kapsaml\u0131 e\u011fitimimizle sertifikal\u0131 bir \u00f6n y\u00fckleyici operat\u00f6r\u00fc olun. Kaz\u0131c\u0131 becerilerini \u00f6\u011frenin ve i\u015fyeri g\u00fcvenli\u011fini sa\u011flay\u0131n. Bug\u00fcn kaydolun!<\/p>","protected":false},"featured_media":27083,"template":"","meta":{"_et_pb_use_builder":"","_et_pb_old_content":"","_et_gb_content_width":""},"product_brand":[],"product_cat":[122,129,132,145,175,169],"product_tag":[],"class_list":{"0":"post-28513","1":"product","2":"type-product","3":"status-publish","4":"has-post-thumbnail","6":"product_cat-construction","7":"product_cat-driver-safety","8":"product_cat-equipment","9":"product_cat-heavy-equipment","10":"product_cat-material-handling","11":"product_cat-transportation","13":"first","14":"instock","15":"virtual","16":"sold-individually","17":"purchasable","18":"product-type-simple"},"yoast_head":"<!-- This site is optimized with the Yoast SEO plugin v27.3 - https:\/\/yoast.com\/product\/yoast-seo-wordpress\/ -->\n<title>Front End Loader Training - Global Safety &amp; Environmental<\/title>\n<meta name=\"description\" content=\"Get certified with our Front End Loader Training. Our comprehensive training program covers backhoes and ensures workplace safety. Enroll now!\" \/>\n<meta name=\"robots\" content=\"index, follow, max-snippet:-1, max-image-preview:large, max-video-preview:-1\" \/>\n<link rel=\"canonical\" href=\"https:\/\/globaltraining.com\/tr\/urun\/on-yukleyici-egitimi\/\" \/>\n<meta property=\"og:locale\" content=\"tr_TR\" \/>\n<meta property=\"og:type\" content=\"article\" \/>\n<meta property=\"og:title\" content=\"Front End Loader Training - Global Safety &amp; Environmental\" \/>\n<meta property=\"og:description\" content=\"Get certified with our Front End Loader Training. Our comprehensive training program covers backhoes and ensures workplace safety. Enroll now!\" \/>\n<meta property=\"og:url\" content=\"https:\/\/globaltraining.com\/tr\/urun\/on-yukleyici-egitimi\/\" \/>\n<meta property=\"og:site_name\" content=\"Global Safety &amp; Environmental\" \/>\n<meta property=\"article:modified_time\" content=\"2024-12-06T17:26:44+00:00\" \/>\n<meta property=\"og:image\" content=\"https:\/\/globaltraining.com\/wp-content\/uploads\/2022\/03\/FEL-iStock-1140336249-scaled-1.jpg\" \/>\n\t<meta property=\"og:image:width\" content=\"2560\" \/>\n\t<meta property=\"og:image:height\" content=\"1707\" \/>\n\t<meta property=\"og:image:type\" content=\"image\/jpeg\" \/>\n<meta name=\"twitter:card\" content=\"summary_large_image\" \/>\n<meta name=\"twitter:label1\" content=\"Est. reading time\" \/>\n\t<meta name=\"twitter:data1\" content=\"2 minutes\" \/>\n<script type=\"application\/ld+json\" class=\"yoast-schema-graph\">{\"@context\":\"https:\\\/\\\/schema.org\",\"@graph\":[{\"@type\":\"WebPage\",\"@id\":\"https:\\\/\\\/globaltraining.com\\\/product\\\/front-end-loader-training\\\/\",\"url\":\"https:\\\/\\\/globaltraining.com\\\/product\\\/front-end-loader-training\\\/\",\"name\":\"Front End Loader Training - Global Safety &amp; Environmental\",\"isPartOf\":{\"@id\":\"https:\\\/\\\/globaltraining.com\\\/#website\"},\"primaryImageOfPage\":{\"@id\":\"https:\\\/\\\/globaltraining.com\\\/product\\\/front-end-loader-training\\\/#primaryimage\"},\"image\":{\"@id\":\"https:\\\/\\\/globaltraining.com\\\/product\\\/front-end-loader-training\\\/#primaryimage\"},\"thumbnailUrl\":\"https:\\\/\\\/globaltraining.com\\\/wp-content\\\/uploads\\\/2022\\\/03\\\/FEL-iStock-1140336249-scaled-1.jpg\",\"datePublished\":\"2023-09-08T18:29:08+00:00\",\"dateModified\":\"2024-12-06T17:26:44+00:00\",\"description\":\"Get certified with our Front End Loader Training. Our comprehensive training program covers backhoes and ensures workplace safety. Enroll now!\",\"breadcrumb\":{\"@id\":\"https:\\\/\\\/globaltraining.com\\\/product\\\/front-end-loader-training\\\/#breadcrumb\"},\"inLanguage\":\"tr-TR\",\"potentialAction\":[{\"@type\":\"ReadAction\",\"target\":[\"https:\\\/\\\/globaltraining.com\\\/product\\\/front-end-loader-training\\\/\"]}]},{\"@type\":\"ImageObject\",\"inLanguage\":\"tr-TR\",\"@id\":\"https:\\\/\\\/globaltraining.com\\\/product\\\/front-end-loader-training\\\/#primaryimage\",\"url\":\"https:\\\/\\\/globaltraining.com\\\/wp-content\\\/uploads\\\/2022\\\/03\\\/FEL-iStock-1140336249-scaled-1.jpg\",\"contentUrl\":\"https:\\\/\\\/globaltraining.com\\\/wp-content\\\/uploads\\\/2022\\\/03\\\/FEL-iStock-1140336249-scaled-1.jpg\",\"width\":2560,\"height\":1707,\"caption\":\"Front-End Loader Training\"},{\"@type\":\"BreadcrumbList\",\"@id\":\"https:\\\/\\\/globaltraining.com\\\/product\\\/front-end-loader-training\\\/#breadcrumb\",\"itemListElement\":[{\"@type\":\"ListItem\",\"position\":1,\"name\":\"Home\",\"item\":\"https:\\\/\\\/globaltraining.com\\\/\"},{\"@type\":\"ListItem\",\"position\":2,\"name\":\"Productos\",\"item\":\"https:\\\/\\\/globaltraining.com\\\/es\\\/shop\\\/\"},{\"@type\":\"ListItem\",\"position\":3,\"name\":\"Front End Loader Training\"}]},{\"@type\":\"WebSite\",\"@id\":\"https:\\\/\\\/globaltraining.com\\\/#website\",\"url\":\"https:\\\/\\\/globaltraining.com\\\/\",\"name\":\"Global Safety & Environmental\",\"description\":\"Full Service Health, Safety, and Environmental Courses\",\"publisher\":{\"@id\":\"https:\\\/\\\/globaltraining.com\\\/#organization\"},\"potentialAction\":[{\"@type\":\"SearchAction\",\"target\":{\"@type\":\"EntryPoint\",\"urlTemplate\":\"https:\\\/\\\/globaltraining.com\\\/?s={search_term_string}\"},\"query-input\":{\"@type\":\"PropertyValueSpecification\",\"valueRequired\":true,\"valueName\":\"search_term_string\"}}],\"inLanguage\":\"tr-TR\"},{\"@type\":\"Organization\",\"@id\":\"https:\\\/\\\/globaltraining.com\\\/#organization\",\"name\":\"Global Safety & Environmental\",\"url\":\"https:\\\/\\\/globaltraining.com\\\/\",\"logo\":{\"@type\":\"ImageObject\",\"inLanguage\":\"tr-TR\",\"@id\":\"https:\\\/\\\/globaltraining.com\\\/#\\\/schema\\\/logo\\\/image\\\/\",\"url\":\"https:\\\/\\\/globaltraining.com\\\/wp-content\\\/uploads\\\/2021\\\/01\\\/GSE-Logo-for-email.png\",\"contentUrl\":\"https:\\\/\\\/globaltraining.com\\\/wp-content\\\/uploads\\\/2021\\\/01\\\/GSE-Logo-for-email.png\",\"width\":400,\"height\":101,\"caption\":\"Global Safety & Environmental\"},\"image\":{\"@id\":\"https:\\\/\\\/globaltraining.com\\\/#\\\/schema\\\/logo\\\/image\\\/\"}}]}<\/script>\n<!-- \/ Yoast SEO plugin. -->","yoast_head_json":{"title":"\u00d6n Y\u00fckleyici E\u011fitimi - K\u00fcresel G\u00fcvenlik ve \u00c7evre","description":"\u00d6n Y\u00fckleyici E\u011fitimimiz ile sertifika al\u0131n. Kapsaml\u0131 e\u011fitim program\u0131m\u0131z ekskavat\u00f6rleri kapsar ve i\u015fyeri g\u00fcvenli\u011fini sa\u011flar. Hemen kaydolun!","robots":{"index":"index","follow":"follow","max-snippet":"max-snippet:-1","max-image-preview":"max-image-preview:large","max-video-preview":"max-video-preview:-1"},"canonical":"https:\/\/globaltraining.com\/tr\/urun\/on-yukleyici-egitimi\/","og_locale":"tr_TR","og_type":"article","og_title":"Front End Loader Training - Global Safety &amp; Environmental","og_description":"Get certified with our Front End Loader Training. Our comprehensive training program covers backhoes and ensures workplace safety. Enroll now!","og_url":"https:\/\/globaltraining.com\/tr\/urun\/on-yukleyici-egitimi\/","og_site_name":"Global Safety &amp; Environmental","article_modified_time":"2024-12-06T17:26:44+00:00","og_image":[{"width":2560,"height":1707,"url":"https:\/\/globaltraining.com\/wp-content\/uploads\/2022\/03\/FEL-iStock-1140336249-scaled-1.jpg","type":"image\/jpeg"}],"twitter_card":"summary_large_image","twitter_misc":{"Est. reading time":"2 minutes"},"schema":{"@context":"https:\/\/schema.org","@graph":[{"@type":"WebPage","@id":"https:\/\/globaltraining.com\/product\/front-end-loader-training\/","url":"https:\/\/globaltraining.com\/product\/front-end-loader-training\/","name":"\u00d6n Y\u00fckleyici E\u011fitimi - K\u00fcresel G\u00fcvenlik ve \u00c7evre","isPartOf":{"@id":"https:\/\/globaltraining.com\/#website"},"primaryImageOfPage":{"@id":"https:\/\/globaltraining.com\/product\/front-end-loader-training\/#primaryimage"},"image":{"@id":"https:\/\/globaltraining.com\/product\/front-end-loader-training\/#primaryimage"},"thumbnailUrl":"https:\/\/globaltraining.com\/wp-content\/uploads\/2022\/03\/FEL-iStock-1140336249-scaled-1.jpg","datePublished":"2023-09-08T18:29:08+00:00","dateModified":"2024-12-06T17:26:44+00:00","description":"\u00d6n Y\u00fckleyici E\u011fitimimiz ile sertifika al\u0131n. Kapsaml\u0131 e\u011fitim program\u0131m\u0131z ekskavat\u00f6rleri kapsar ve i\u015fyeri g\u00fcvenli\u011fini sa\u011flar. Hemen kaydolun!","breadcrumb":{"@id":"https:\/\/globaltraining.com\/product\/front-end-loader-training\/#breadcrumb"},"inLanguage":"tr-TR","potentialAction":[{"@type":"ReadAction","target":["https:\/\/globaltraining.com\/product\/front-end-loader-training\/"]}]},{"@type":"ImageObject","inLanguage":"tr-TR","@id":"https:\/\/globaltraining.com\/product\/front-end-loader-training\/#primaryimage","url":"https:\/\/globaltraining.com\/wp-content\/uploads\/2022\/03\/FEL-iStock-1140336249-scaled-1.jpg","contentUrl":"https:\/\/globaltraining.com\/wp-content\/uploads\/2022\/03\/FEL-iStock-1140336249-scaled-1.jpg","width":2560,"height":1707,"caption":"Front-End Loader Training"},{"@type":"BreadcrumbList","@id":"https:\/\/globaltraining.com\/product\/front-end-loader-training\/#breadcrumb","itemListElement":[{"@type":"ListItem","position":1,"name":"Home","item":"https:\/\/globaltraining.com\/"},{"@type":"ListItem","position":2,"name":"Productos","item":"https:\/\/globaltraining.com\/es\/shop\/"},{"@type":"ListItem","position":3,"name":"Front End Loader Training"}]},{"@type":"WebSite","@id":"https:\/\/globaltraining.com\/#website","url":"https:\/\/globaltraining.com\/","name":"K\u00fcresel G\u00fcvenlik ve \u00c7evre","description":"Tam Hizmet Sa\u011fl\u0131k, G\u00fcvenlik ve \u00c7evre Kurslar\u0131","publisher":{"@id":"https:\/\/globaltraining.com\/#organization"},"potentialAction":[{"@type":"SearchAction","target":{"@type":"EntryPoint","urlTemplate":"https:\/\/globaltraining.com\/?s={search_term_string}"},"query-input":{"@type":"PropertyValueSpecification","valueRequired":true,"valueName":"search_term_string"}}],"inLanguage":"tr-TR"},{"@type":"Organization","@id":"https:\/\/globaltraining.com\/#organization","name":"K\u00fcresel G\u00fcvenlik ve \u00c7evre","url":"https:\/\/globaltraining.com\/","logo":{"@type":"ImageObject","inLanguage":"tr-TR","@id":"https:\/\/globaltraining.com\/#\/schema\/logo\/image\/","url":"https:\/\/globaltraining.com\/wp-content\/uploads\/2021\/01\/GSE-Logo-for-email.png","contentUrl":"https:\/\/globaltraining.com\/wp-content\/uploads\/2021\/01\/GSE-Logo-for-email.png","width":400,"height":101,"caption":"Global Safety & Environmental"},"image":{"@id":"https:\/\/globaltraining.com\/#\/schema\/logo\/image\/"}}]}},"_links":{"self":[{"href":"https:\/\/globaltraining.com\/tr\/wp-json\/wp\/v2\/product\/28513","targetHints":{"allow":["GET"]}}],"collection":[{"href":"https:\/\/globaltraining.com\/tr\/wp-json\/wp\/v2\/product"}],"about":[{"href":"https:\/\/globaltraining.com\/tr\/wp-json\/wp\/v2\/types\/product"}],"wp:featuredmedia":[{"embeddable":true,"href":"https:\/\/globaltraining.com\/tr\/wp-json\/wp\/v2\/media\/27083"}],"wp:attachment":[{"href":"https:\/\/globaltraining.com\/tr\/wp-json\/wp\/v2\/media?parent=28513"}],"wp:term":[{"taxonomy":"product_brand","embeddable":true,"href":"https:\/\/globaltraining.com\/tr\/wp-json\/wp\/v2\/product_brand?post=28513"},{"taxonomy":"product_cat","embeddable":true,"href":"https:\/\/globaltraining.com\/tr\/wp-json\/wp\/v2\/product_cat?post=28513"},{"taxonomy":"product_tag","embeddable":true,"href":"https:\/\/globaltraining.com\/tr\/wp-json\/wp\/v2\/product_tag?post=28513"}],"curies":[{"name":"wp","href":"https:\/\/api.w.org\/{rel}","templated":true}]}}