{"id":28511,"date":"2023-09-08T13:22:20","date_gmt":"2023-09-08T18:22:20","guid":{"rendered":"https:\/\/globaltraining.com\/?post_type=product&#038;p=28511"},"modified":"2024-12-06T11:29:45","modified_gmt":"2024-12-06T17:29:45","slug":"forklift-sertifikasi","status":"publish","type":"product","link":"https:\/\/globaltraining.com\/tr\/product\/forklift-certification\/","title":{"rendered":"Forklift Sertifikasyonu"},"content":{"rendered":"<h2>Forklift Sertifikasyonu: \u0130\u015fyeri G\u00fcvenli\u011finin Sa\u011flanmas\u0131<\/h2>\n<p>Kapsaml\u0131 program\u0131m\u0131za ho\u015f geldiniz <strong>Forklift Sertifikasyonu<\/strong> kurs. Forkliftler \u00e7e\u015fitli end\u00fcstrilerde temel ara\u00e7lard\u0131r ancak do\u011fru \u015fekilde \u00e7al\u0131\u015ft\u0131r\u0131lmad\u0131klar\u0131 takdirde \u00f6nemli riskler de olu\u015ftururlar. Bu kurs size forkliftleri g\u00fcvenli bir \u015fekilde kullanmak ve sertifikan\u0131z\u0131 kazanmak i\u00e7in gereken bilgi ve becerileri sa\u011flamak \u00fczere tasarlanm\u0131\u015ft\u0131r.<\/p>\n<p><strong>Forkliftler<\/strong> Depolarda, \u015fantiyelerde ve \u00fcretim tesislerinde s\u0131k\u00e7a g\u00f6r\u00fclen bir durumdur ve operat\u00f6rlerinin kazalar\u0131 ve yaralanmalar\u0131 en aza indirecek \u015fekilde e\u011fitilmesi ve sertifikaland\u0131r\u0131lmas\u0131 gerekir. E\u011fitim program\u0131m\u0131z, mevcut en iyi e\u011fitimi alman\u0131z\u0131 sa\u011flamak i\u00e7in end\u00fcstri standartlar\u0131na ve d\u00fczenleyici gerekliliklere uygundur.<\/p>\n<h2>Kapsaml\u0131 Forklift E\u011fitimi<\/h2>\n<p>Bizim <strong>forklift e\u011fitimi<\/strong> temel prensiplerden ileri tekniklere kadar forklift operasyonunun t\u00fcm y\u00f6nlerini kapsar. Ekipman\u0131n\u0131z\u0131 en iyi durumda tutmak i\u00e7in forklift bile\u015fenleri, g\u00fcvenlik kontrolleri ve \u00f6nleyici bak\u0131m hakk\u0131nda bilgi edineceksiniz. Ayr\u0131ca g\u00fcvenli s\u00fcr\u00fc\u015f uygulamalar\u0131na, y\u00fck ta\u015f\u0131maya ve \u00e7e\u015fitli i\u015fyeri senaryolar\u0131nda gezinmeye de odaklan\u0131yoruz.<\/p>\n<p>E\u011fitimimizin temelinde g\u00fcvenlik yer al\u0131yor. Durumsal fark\u0131ndal\u0131\u011f\u0131n, tehlike tan\u0131mlaman\u0131n ve acil durum prosed\u00fcrlerinin \u00f6nemini vurguluyoruz. Rehberli\u011fimiz sayesinde zorlu durumlar\u0131n \u00fcstesinden gelmeye ve kendinizin ve ba\u015fkalar\u0131n\u0131n g\u00fcvenli\u011fine \u00f6ncelik vermeye haz\u0131r olacaks\u0131n\u0131z.<\/p>\n<h2>Forklift Sertifikasyonu Neden \u00d6nemlidir?<\/h2>\n<p>Sertifikasyon forklift operat\u00f6rleri i\u00e7in \u00e7ok \u00f6nemlidir. Bu yaln\u0131zca yetkinli\u011finizi sa\u011flamakla kalmaz, ayn\u0131 zamanda g\u00fcvenlik ve uyumluluk konusundaki kararl\u0131l\u0131\u011f\u0131n\u0131z\u0131 da g\u00f6sterir. Bir\u00e7ok i\u015fveren, istihdam i\u00e7in bir \u00f6n ko\u015ful olarak sertifikasyona ihtiya\u00e7 duyar ve bu da onu i\u015f piyasas\u0131nda \u00f6nemli bir yeterlilik belgesi haline getirir.<\/p>\n<p>Kursumuz sizi yaln\u0131zca sertifika s\u0131nav\u0131na haz\u0131rlamakla kalmaz, ayn\u0131 zamanda i\u015fverenlerin de\u011fer verdi\u011fi pratik becerilerle de donat\u0131r. \u0130ster acemi olun ister yeniden sertifika almak isteyen deneyimli bir operat\u00f6r olun, e\u011fitim program\u0131m\u0131z yeteneklerinizi geli\u015ftirecek ve kendinize olan g\u00fcveninizi art\u0131racakt\u0131r.<\/p>\n<h2>Bug\u00fcn Forklift Sertifikas\u0131n\u0131 Al\u0131n!<\/h2>\n<p>G\u00fcvenlik ve kariyer olanaklar\u0131ndan \u00f6d\u00fcn vermeyin. Kay\u0131t olun <strong>Forklift Sertifikasyonu<\/strong> \u015eimdi kursa kat\u0131l\u0131n ve sertifikal\u0131 bir forklift operat\u00f6r\u00fc olma yolunda ilk ad\u0131m\u0131 at\u0131n. \u0130\u015fyeri g\u00fcvenli\u011finiz ve mesleki geli\u015fiminiz yaln\u0131zca bir t\u0131k uza\u011f\u0131n\u0131zda.<\/p>\n<p>Kursu ba\u015far\u0131yla tamamlad\u0131\u011f\u0131n\u0131zda uzmanl\u0131\u011f\u0131n\u0131z\u0131 do\u011frulayan bir sertifika alacaks\u0131n\u0131z. Bug\u00fcn bize kat\u0131l\u0131n ve birlikte daha g\u00fcvenli ve daha vas\u0131fl\u0131 bir i\u015f g\u00fcc\u00fc olu\u015ftural\u0131m.<\/p>","protected":false},"excerpt":{"rendered":"<p>Forklift Sertifikasyon kursumuzla sertifikal\u0131 bir forklift operat\u00f6r\u00fc olun. G\u00fcvenli ve verimli forklift kullan\u0131m\u0131 i\u00e7in gereken bilgi ve becerileri kazan\u0131n.<\/p>","protected":false},"featured_media":27186,"template":"","meta":{"_et_pb_use_builder":"","_et_pb_old_content":"","_et_gb_content_width":""},"product_brand":[],"product_cat":[122,129,132,145,175,169],"product_tag":[],"class_list":{"0":"post-28511","1":"product","2":"type-product","3":"status-publish","4":"has-post-thumbnail","6":"product_cat-construction","7":"product_cat-driver-safety","8":"product_cat-equipment","9":"product_cat-heavy-equipment","10":"product_cat-material-handling","11":"product_cat-transportation","13":"first","14":"instock","15":"virtual","16":"sold-individually","17":"purchasable","18":"product-type-simple"},"yoast_head":"<!-- This site is optimized with the Yoast SEO plugin v27.3 - https:\/\/yoast.com\/product\/yoast-seo-wordpress\/ -->\n<title>Forklift Certification - Global Safety &amp; Environmental<\/title>\n<meta name=\"description\" content=\"Earn your Forklift Certification and enhance your career prospects. Comprehensive forklift training for safe and skilled operation.\" \/>\n<meta name=\"robots\" content=\"index, follow, max-snippet:-1, max-image-preview:large, max-video-preview:-1\" \/>\n<link rel=\"canonical\" href=\"https:\/\/globaltraining.com\/tr\/urun\/forklift-sertifikasi\/\" \/>\n<meta property=\"og:locale\" content=\"tr_TR\" \/>\n<meta property=\"og:type\" content=\"article\" \/>\n<meta property=\"og:title\" content=\"Forklift Certification - Global Safety &amp; Environmental\" \/>\n<meta property=\"og:description\" content=\"Earn your Forklift Certification and enhance your career prospects. Comprehensive forklift training for safe and skilled operation.\" \/>\n<meta property=\"og:url\" content=\"https:\/\/globaltraining.com\/tr\/urun\/forklift-sertifikasi\/\" \/>\n<meta property=\"og:site_name\" content=\"Global Safety &amp; Environmental\" \/>\n<meta property=\"article:modified_time\" content=\"2024-12-06T17:29:45+00:00\" \/>\n<meta property=\"og:image\" content=\"https:\/\/globaltraining.com\/wp-content\/uploads\/2021\/08\/forklift-1.jpg\" \/>\n\t<meta property=\"og:image:width\" content=\"1200\" \/>\n\t<meta property=\"og:image:height\" content=\"800\" \/>\n\t<meta property=\"og:image:type\" content=\"image\/jpeg\" \/>\n<meta name=\"twitter:card\" content=\"summary_large_image\" \/>\n<meta name=\"twitter:label1\" content=\"Est. reading time\" \/>\n\t<meta name=\"twitter:data1\" content=\"2 minutes\" \/>\n<script type=\"application\/ld+json\" class=\"yoast-schema-graph\">{\"@context\":\"https:\\\/\\\/schema.org\",\"@graph\":[{\"@type\":\"WebPage\",\"@id\":\"https:\\\/\\\/globaltraining.com\\\/product\\\/forklift-certification\\\/\",\"url\":\"https:\\\/\\\/globaltraining.com\\\/product\\\/forklift-certification\\\/\",\"name\":\"Forklift Certification - Global Safety &amp; Environmental\",\"isPartOf\":{\"@id\":\"https:\\\/\\\/globaltraining.com\\\/#website\"},\"primaryImageOfPage\":{\"@id\":\"https:\\\/\\\/globaltraining.com\\\/product\\\/forklift-certification\\\/#primaryimage\"},\"image\":{\"@id\":\"https:\\\/\\\/globaltraining.com\\\/product\\\/forklift-certification\\\/#primaryimage\"},\"thumbnailUrl\":\"https:\\\/\\\/globaltraining.com\\\/wp-content\\\/uploads\\\/2021\\\/08\\\/forklift-1.jpg\",\"datePublished\":\"2023-09-08T18:22:20+00:00\",\"dateModified\":\"2024-12-06T17:29:45+00:00\",\"description\":\"Earn your Forklift Certification and enhance your career prospects. Comprehensive forklift training for safe and skilled operation.\",\"breadcrumb\":{\"@id\":\"https:\\\/\\\/globaltraining.com\\\/product\\\/forklift-certification\\\/#breadcrumb\"},\"inLanguage\":\"tr-TR\",\"potentialAction\":[{\"@type\":\"ReadAction\",\"target\":[\"https:\\\/\\\/globaltraining.com\\\/product\\\/forklift-certification\\\/\"]}]},{\"@type\":\"ImageObject\",\"inLanguage\":\"tr-TR\",\"@id\":\"https:\\\/\\\/globaltraining.com\\\/product\\\/forklift-certification\\\/#primaryimage\",\"url\":\"https:\\\/\\\/globaltraining.com\\\/wp-content\\\/uploads\\\/2021\\\/08\\\/forklift-1.jpg\",\"contentUrl\":\"https:\\\/\\\/globaltraining.com\\\/wp-content\\\/uploads\\\/2021\\\/08\\\/forklift-1.jpg\",\"width\":1200,\"height\":800,\"caption\":\"Forklift Certification\"},{\"@type\":\"BreadcrumbList\",\"@id\":\"https:\\\/\\\/globaltraining.com\\\/product\\\/forklift-certification\\\/#breadcrumb\",\"itemListElement\":[{\"@type\":\"ListItem\",\"position\":1,\"name\":\"Home\",\"item\":\"https:\\\/\\\/globaltraining.com\\\/\"},{\"@type\":\"ListItem\",\"position\":2,\"name\":\"Productos\",\"item\":\"https:\\\/\\\/globaltraining.com\\\/es\\\/shop\\\/\"},{\"@type\":\"ListItem\",\"position\":3,\"name\":\"Forklift Certification\"}]},{\"@type\":\"WebSite\",\"@id\":\"https:\\\/\\\/globaltraining.com\\\/#website\",\"url\":\"https:\\\/\\\/globaltraining.com\\\/\",\"name\":\"Global Safety & Environmental\",\"description\":\"Full Service Health, Safety, and Environmental Courses\",\"publisher\":{\"@id\":\"https:\\\/\\\/globaltraining.com\\\/#organization\"},\"potentialAction\":[{\"@type\":\"SearchAction\",\"target\":{\"@type\":\"EntryPoint\",\"urlTemplate\":\"https:\\\/\\\/globaltraining.com\\\/?s={search_term_string}\"},\"query-input\":{\"@type\":\"PropertyValueSpecification\",\"valueRequired\":true,\"valueName\":\"search_term_string\"}}],\"inLanguage\":\"tr-TR\"},{\"@type\":\"Organization\",\"@id\":\"https:\\\/\\\/globaltraining.com\\\/#organization\",\"name\":\"Global Safety & Environmental\",\"url\":\"https:\\\/\\\/globaltraining.com\\\/\",\"logo\":{\"@type\":\"ImageObject\",\"inLanguage\":\"tr-TR\",\"@id\":\"https:\\\/\\\/globaltraining.com\\\/#\\\/schema\\\/logo\\\/image\\\/\",\"url\":\"https:\\\/\\\/globaltraining.com\\\/wp-content\\\/uploads\\\/2021\\\/01\\\/GSE-Logo-for-email.png\",\"contentUrl\":\"https:\\\/\\\/globaltraining.com\\\/wp-content\\\/uploads\\\/2021\\\/01\\\/GSE-Logo-for-email.png\",\"width\":400,\"height\":101,\"caption\":\"Global Safety & Environmental\"},\"image\":{\"@id\":\"https:\\\/\\\/globaltraining.com\\\/#\\\/schema\\\/logo\\\/image\\\/\"}}]}<\/script>\n<!-- \/ Yoast SEO plugin. -->","yoast_head_json":{"title":"Forklift Sertifikasyonu - K\u00fcresel G\u00fcvenlik ve \u00c7evre","description":"Forklift Sertifikan\u0131z\u0131 al\u0131n ve kariyer beklentilerinizi geli\u015ftirin. G\u00fcvenli ve yetenekli operasyon i\u00e7in kapsaml\u0131 forklift e\u011fitimi.","robots":{"index":"index","follow":"follow","max-snippet":"max-snippet:-1","max-image-preview":"max-image-preview:large","max-video-preview":"max-video-preview:-1"},"canonical":"https:\/\/globaltraining.com\/tr\/urun\/forklift-sertifikasi\/","og_locale":"tr_TR","og_type":"article","og_title":"Forklift Certification - Global Safety &amp; Environmental","og_description":"Earn your Forklift Certification and enhance your career prospects. Comprehensive forklift training for safe and skilled operation.","og_url":"https:\/\/globaltraining.com\/tr\/urun\/forklift-sertifikasi\/","og_site_name":"Global Safety &amp; Environmental","article_modified_time":"2024-12-06T17:29:45+00:00","og_image":[{"width":1200,"height":800,"url":"https:\/\/globaltraining.com\/wp-content\/uploads\/2021\/08\/forklift-1.jpg","type":"image\/jpeg"}],"twitter_card":"summary_large_image","twitter_misc":{"Est. reading time":"2 minutes"},"schema":{"@context":"https:\/\/schema.org","@graph":[{"@type":"WebPage","@id":"https:\/\/globaltraining.com\/product\/forklift-certification\/","url":"https:\/\/globaltraining.com\/product\/forklift-certification\/","name":"Forklift Sertifikasyonu - K\u00fcresel G\u00fcvenlik ve \u00c7evre","isPartOf":{"@id":"https:\/\/globaltraining.com\/#website"},"primaryImageOfPage":{"@id":"https:\/\/globaltraining.com\/product\/forklift-certification\/#primaryimage"},"image":{"@id":"https:\/\/globaltraining.com\/product\/forklift-certification\/#primaryimage"},"thumbnailUrl":"https:\/\/globaltraining.com\/wp-content\/uploads\/2021\/08\/forklift-1.jpg","datePublished":"2023-09-08T18:22:20+00:00","dateModified":"2024-12-06T17:29:45+00:00","description":"Forklift Sertifikan\u0131z\u0131 al\u0131n ve kariyer beklentilerinizi geli\u015ftirin. G\u00fcvenli ve yetenekli operasyon i\u00e7in kapsaml\u0131 forklift e\u011fitimi.","breadcrumb":{"@id":"https:\/\/globaltraining.com\/product\/forklift-certification\/#breadcrumb"},"inLanguage":"tr-TR","potentialAction":[{"@type":"ReadAction","target":["https:\/\/globaltraining.com\/product\/forklift-certification\/"]}]},{"@type":"ImageObject","inLanguage":"tr-TR","@id":"https:\/\/globaltraining.com\/product\/forklift-certification\/#primaryimage","url":"https:\/\/globaltraining.com\/wp-content\/uploads\/2021\/08\/forklift-1.jpg","contentUrl":"https:\/\/globaltraining.com\/wp-content\/uploads\/2021\/08\/forklift-1.jpg","width":1200,"height":800,"caption":"Forklift Certification"},{"@type":"BreadcrumbList","@id":"https:\/\/globaltraining.com\/product\/forklift-certification\/#breadcrumb","itemListElement":[{"@type":"ListItem","position":1,"name":"Home","item":"https:\/\/globaltraining.com\/"},{"@type":"ListItem","position":2,"name":"Productos","item":"https:\/\/globaltraining.com\/es\/shop\/"},{"@type":"ListItem","position":3,"name":"Forklift Certification"}]},{"@type":"WebSite","@id":"https:\/\/globaltraining.com\/#website","url":"https:\/\/globaltraining.com\/","name":"K\u00fcresel G\u00fcvenlik ve \u00c7evre","description":"Tam Hizmet Sa\u011fl\u0131k, G\u00fcvenlik ve \u00c7evre Kurslar\u0131","publisher":{"@id":"https:\/\/globaltraining.com\/#organization"},"potentialAction":[{"@type":"SearchAction","target":{"@type":"EntryPoint","urlTemplate":"https:\/\/globaltraining.com\/?s={search_term_string}"},"query-input":{"@type":"PropertyValueSpecification","valueRequired":true,"valueName":"search_term_string"}}],"inLanguage":"tr-TR"},{"@type":"Organization","@id":"https:\/\/globaltraining.com\/#organization","name":"K\u00fcresel G\u00fcvenlik ve \u00c7evre","url":"https:\/\/globaltraining.com\/","logo":{"@type":"ImageObject","inLanguage":"tr-TR","@id":"https:\/\/globaltraining.com\/#\/schema\/logo\/image\/","url":"https:\/\/globaltraining.com\/wp-content\/uploads\/2021\/01\/GSE-Logo-for-email.png","contentUrl":"https:\/\/globaltraining.com\/wp-content\/uploads\/2021\/01\/GSE-Logo-for-email.png","width":400,"height":101,"caption":"Global Safety & Environmental"},"image":{"@id":"https:\/\/globaltraining.com\/#\/schema\/logo\/image\/"}}]}},"_links":{"self":[{"href":"https:\/\/globaltraining.com\/tr\/wp-json\/wp\/v2\/product\/28511","targetHints":{"allow":["GET"]}}],"collection":[{"href":"https:\/\/globaltraining.com\/tr\/wp-json\/wp\/v2\/product"}],"about":[{"href":"https:\/\/globaltraining.com\/tr\/wp-json\/wp\/v2\/types\/product"}],"wp:featuredmedia":[{"embeddable":true,"href":"https:\/\/globaltraining.com\/tr\/wp-json\/wp\/v2\/media\/27186"}],"wp:attachment":[{"href":"https:\/\/globaltraining.com\/tr\/wp-json\/wp\/v2\/media?parent=28511"}],"wp:term":[{"taxonomy":"product_brand","embeddable":true,"href":"https:\/\/globaltraining.com\/tr\/wp-json\/wp\/v2\/product_brand?post=28511"},{"taxonomy":"product_cat","embeddable":true,"href":"https:\/\/globaltraining.com\/tr\/wp-json\/wp\/v2\/product_cat?post=28511"},{"taxonomy":"product_tag","embeddable":true,"href":"https:\/\/globaltraining.com\/tr\/wp-json\/wp\/v2\/product_tag?post=28511"}],"curies":[{"name":"wp","href":"https:\/\/api.w.org\/{rel}","templated":true}]}}