{"id":28509,"date":"2023-09-08T13:18:02","date_gmt":"2023-09-08T18:18:02","guid":{"rendered":"https:\/\/globaltraining.com\/?post_type=product&#038;p=28509"},"modified":"2024-12-06T11:37:39","modified_gmt":"2024-12-06T17:37:39","slug":"yanici-yanici-sivilar","status":"publish","type":"product","link":"https:\/\/globaltraining.com\/tr\/product\/flammable-combustible-liquids\/","title":{"rendered":"Yan\u0131c\u0131 ve Yan\u0131c\u0131 S\u0131v\u0131lar"},"content":{"rendered":"<h2>Yan\u0131c\u0131 ve Yan\u0131c\u0131 S\u0131v\u0131lar\u0131 Anlamak<\/h2>\n<p>Kapsaml\u0131 kursumuza ho\u015f geldiniz <strong>Yan\u0131c\u0131 ve Yan\u0131c\u0131 S\u0131v\u0131lar<\/strong>. \u0130ster end\u00fcstriyel bir ortamda \u00e7al\u0131\u015f\u0131yor olun ister sadece bu maddeleri daha iyi anlamak istiyor olun, bu kurs size yan\u0131c\u0131 ve yan\u0131c\u0131 s\u0131v\u0131lar\u0131n g\u00fcvenli bir \u015fekilde ta\u015f\u0131nmas\u0131, depolanmas\u0131 ve y\u00f6netimi hakk\u0131nda temel bilgileri sa\u011flamak i\u00e7in tasarlanm\u0131\u015ft\u0131r.<\/p>\n<p>Yan\u0131c\u0131 ve yan\u0131c\u0131 s\u0131v\u0131lar \u00e7e\u015fitli i\u015fyerlerinde yayg\u0131n olarak bulunur ve bunlarla ili\u015fkili risklerin fark\u0131na varmak \u00e7ok \u00f6nemlidir. Bu kurs sizi bu maddeleri g\u00fcvenli bir \u015fekilde kullanmak ve potansiyel tehlikeleri en aza indirmek i\u00e7in gerekli bilgi ve becerilerle donatacakt\u0131r.<\/p>\n<h2>S\u0131n\u0131f III Yan\u0131c\u0131 S\u0131v\u0131lar<\/h2>\n<p>Bu kursun \u00f6nemli odak noktalar\u0131ndan biri <strong>S\u0131n\u0131f III Yan\u0131c\u0131 S\u0131v\u0131lar<\/strong>. Bu s\u0131v\u0131lar\u0131n parlama noktas\u0131 140\u00b0F (60\u00b0C) veya \u00fczerinde ve 200\u00b0F (93,4\u00b0C) alt\u0131ndad\u0131r. Otomotiv, boya ve daha bir\u00e7ok end\u00fcstride yayg\u0131n olarak kullan\u0131l\u0131rlar. Kazalar\u0131 \u00f6nlemek i\u00e7in \u00f6zelliklerini ve g\u00fcvenli kullan\u0131m prosed\u00fcrlerini anlamak \u00e7ok \u00f6nemlidir.<\/p>\n<p>Bu b\u00f6l\u00fcmde S\u0131n\u0131f III yan\u0131c\u0131 s\u0131v\u0131lar\u0131n \u00f6zelliklerini, g\u00fcvenli depolama uygulamalar\u0131n\u0131 ve yang\u0131n ve yaralanma riskini en aza indirmek i\u00e7in bunlar\u0131n nas\u0131l kullan\u0131laca\u011f\u0131n\u0131 \u00f6\u011freneceksiniz.<\/p>\n<h2>Yan\u0131c\u0131 S\u0131v\u0131 S\u0131n\u0131f\u0131<\/h2>\n<p>Kursumuzda ele al\u0131nan bir di\u011fer kritik husus ise <strong>Yan\u0131c\u0131 S\u0131v\u0131 S\u0131n\u0131f\u0131<\/strong>. Bu s\u0131v\u0131lar\u0131n parlama noktas\u0131 100\u00b0F (37,8\u00b0C) veya \u00fczerindedir. Yan\u0131c\u0131 s\u0131v\u0131lara g\u00f6re daha az u\u00e7ucu olmalar\u0131na ra\u011fmen, yang\u0131nlar\u0131 \u00f6nlemek i\u00e7in uygun \u015fekilde ta\u015f\u0131nmas\u0131 ve depolanmas\u0131 hala \u00f6nemlidir.<\/p>\n<p>Yan\u0131c\u0131 s\u0131v\u0131lar\u0131n \u00f6zelliklerini, g\u00fcvenlik \u00f6nlemlerini ve bunlar\u0131n kullan\u0131m\u0131 ve depolanmas\u0131yla ilgili d\u00fczenleyici gereklilikleri ayr\u0131nt\u0131l\u0131 olarak ele alaca\u011f\u0131z.<\/p>\n<h2>Daha G\u00fcvenli Bir \u0130\u015fyeri \u0130\u00e7in \u015eimdi Kaydolun<\/h2>\n<p>Daha g\u00fcvenli bir \u00e7al\u0131\u015fma ortam\u0131 yaratmak i\u00e7in anlay\u0131\u015f\u0131n\u0131z\u0131 geli\u015ftirin. Bu maddeler hakk\u0131nda bilgi sahibi olmak yaln\u0131zca g\u00fcvenli\u011finiz a\u00e7\u0131s\u0131ndan yararl\u0131 olmakla kalmaz, ayn\u0131 zamanda d\u00fczenleyici standartlara uygunlu\u011fu da sa\u011flar.<\/p>\n<p>Bu kursu ba\u015far\u0131yla tamamlad\u0131\u011f\u0131n\u0131zda, yan\u0131c\u0131 ve yan\u0131c\u0131 s\u0131v\u0131larla \u00e7al\u0131\u015fma konusundaki uzmanl\u0131\u011f\u0131n\u0131z\u0131 g\u00f6steren bir sertifika alacaks\u0131n\u0131z. \u0130\u015f yerinizde g\u00fcvenli\u011fe \u00f6ncelik vermek i\u00e7in bu f\u0131rsat\u0131 ka\u00e7\u0131rmay\u0131n.<\/p>","protected":false},"excerpt":{"rendered":"<p>S\u0131n\u0131f III yan\u0131c\u0131 s\u0131v\u0131lar ve yan\u0131c\u0131 s\u0131v\u0131lar s\u0131n\u0131f\u0131 hakk\u0131nda temel bilgileri edinmek i\u00e7in Yan\u0131c\u0131 ve Yan\u0131c\u0131 S\u0131v\u0131lar kursumuza kat\u0131l\u0131n. \u0130\u015fyeri g\u00fcvenli\u011fini art\u0131r\u0131n ve bug\u00fcn sertifika al\u0131n.<\/p>","protected":false},"featured_media":15350,"template":"","meta":{"_et_pb_use_builder":"","_et_pb_old_content":"","_et_gb_content_width":""},"product_brand":[],"product_cat":[132,137,141,160,168],"product_tag":[],"class_list":{"0":"post-28509","1":"product","2":"type-product","3":"status-publish","4":"has-post-thumbnail","6":"product_cat-equipment","7":"product_cat-gases","8":"product_cat-hazardous-materials","9":"product_cat-ppe","10":"product_cat-tools","12":"first","13":"instock","14":"virtual","15":"sold-individually","16":"purchasable","17":"product-type-simple"},"yoast_head":"<!-- This site is optimized with the Yoast SEO plugin v27.4 - https:\/\/yoast.com\/product\/yoast-seo-wordpress\/ -->\n<title>Flammable &amp; Combustible Liquids - Global Safety &amp; Environmental<\/title>\n<meta name=\"description\" content=\"Learn about Flammable &amp; Combustible Liquids with our comprehensive course. Understand flammable liquids and combustible liquids for a safer workplace.\" \/>\n<meta name=\"robots\" content=\"index, follow, max-snippet:-1, max-image-preview:large, max-video-preview:-1\" \/>\n<link rel=\"canonical\" href=\"https:\/\/globaltraining.com\/tr\/urun\/yanici-yanici-sivilar\/\" \/>\n<meta property=\"og:locale\" content=\"tr_TR\" \/>\n<meta property=\"og:type\" content=\"article\" \/>\n<meta property=\"og:title\" content=\"Flammable &amp; Combustible Liquids - Global Safety &amp; Environmental\" \/>\n<meta property=\"og:description\" content=\"Learn about Flammable &amp; Combustible Liquids with our comprehensive course. Understand flammable liquids and combustible liquids for a safer workplace.\" \/>\n<meta property=\"og:url\" content=\"https:\/\/globaltraining.com\/tr\/urun\/yanici-yanici-sivilar\/\" \/>\n<meta property=\"og:site_name\" content=\"Global Safety &amp; Environmental\" \/>\n<meta property=\"article:modified_time\" content=\"2024-12-06T17:37:39+00:00\" \/>\n<meta property=\"og:image\" content=\"https:\/\/globaltraining.com\/wp-content\/uploads\/2023\/06\/Flammable-Combustible-Liquids-COver-1.jpg\" \/>\n\t<meta property=\"og:image:width\" content=\"1200\" \/>\n\t<meta property=\"og:image:height\" content=\"800\" \/>\n\t<meta property=\"og:image:type\" content=\"image\/jpeg\" \/>\n<meta name=\"twitter:card\" content=\"summary_large_image\" \/>\n<meta name=\"twitter:label1\" content=\"Est. reading time\" \/>\n\t<meta name=\"twitter:data1\" content=\"2 minutes\" \/>\n<script type=\"application\/ld+json\" class=\"yoast-schema-graph\">{\"@context\":\"https:\\\/\\\/schema.org\",\"@graph\":[{\"@type\":\"WebPage\",\"@id\":\"https:\\\/\\\/globaltraining.com\\\/product\\\/flammable-combustible-liquids\\\/\",\"url\":\"https:\\\/\\\/globaltraining.com\\\/product\\\/flammable-combustible-liquids\\\/\",\"name\":\"Flammable & Combustible Liquids - Global Safety &amp; Environmental\",\"isPartOf\":{\"@id\":\"https:\\\/\\\/globaltraining.com\\\/#website\"},\"primaryImageOfPage\":{\"@id\":\"https:\\\/\\\/globaltraining.com\\\/product\\\/flammable-combustible-liquids\\\/#primaryimage\"},\"image\":{\"@id\":\"https:\\\/\\\/globaltraining.com\\\/product\\\/flammable-combustible-liquids\\\/#primaryimage\"},\"thumbnailUrl\":\"https:\\\/\\\/globaltraining.com\\\/wp-content\\\/uploads\\\/2023\\\/06\\\/Flammable-Combustible-Liquids-COver-1.jpg\",\"datePublished\":\"2023-09-08T18:18:02+00:00\",\"dateModified\":\"2024-12-06T17:37:39+00:00\",\"description\":\"Learn about Flammable & Combustible Liquids with our comprehensive course. Understand flammable liquids and combustible liquids for a safer workplace.\",\"breadcrumb\":{\"@id\":\"https:\\\/\\\/globaltraining.com\\\/product\\\/flammable-combustible-liquids\\\/#breadcrumb\"},\"inLanguage\":\"tr-TR\",\"potentialAction\":[{\"@type\":\"ReadAction\",\"target\":[\"https:\\\/\\\/globaltraining.com\\\/product\\\/flammable-combustible-liquids\\\/\"]}]},{\"@type\":\"ImageObject\",\"inLanguage\":\"tr-TR\",\"@id\":\"https:\\\/\\\/globaltraining.com\\\/product\\\/flammable-combustible-liquids\\\/#primaryimage\",\"url\":\"https:\\\/\\\/globaltraining.com\\\/wp-content\\\/uploads\\\/2023\\\/06\\\/Flammable-Combustible-Liquids-COver-1.jpg\",\"contentUrl\":\"https:\\\/\\\/globaltraining.com\\\/wp-content\\\/uploads\\\/2023\\\/06\\\/Flammable-Combustible-Liquids-COver-1.jpg\",\"width\":1200,\"height\":800},{\"@type\":\"BreadcrumbList\",\"@id\":\"https:\\\/\\\/globaltraining.com\\\/product\\\/flammable-combustible-liquids\\\/#breadcrumb\",\"itemListElement\":[{\"@type\":\"ListItem\",\"position\":1,\"name\":\"Home\",\"item\":\"https:\\\/\\\/globaltraining.com\\\/\"},{\"@type\":\"ListItem\",\"position\":2,\"name\":\"Productos\",\"item\":\"https:\\\/\\\/globaltraining.com\\\/es\\\/shop\\\/\"},{\"@type\":\"ListItem\",\"position\":3,\"name\":\"Flammable &#038; Combustible Liquids\"}]},{\"@type\":\"WebSite\",\"@id\":\"https:\\\/\\\/globaltraining.com\\\/#website\",\"url\":\"https:\\\/\\\/globaltraining.com\\\/\",\"name\":\"Global Safety & Environmental\",\"description\":\"Full Service Health, Safety, and Environmental Courses\",\"publisher\":{\"@id\":\"https:\\\/\\\/globaltraining.com\\\/#organization\"},\"potentialAction\":[{\"@type\":\"SearchAction\",\"target\":{\"@type\":\"EntryPoint\",\"urlTemplate\":\"https:\\\/\\\/globaltraining.com\\\/?s={search_term_string}\"},\"query-input\":{\"@type\":\"PropertyValueSpecification\",\"valueRequired\":true,\"valueName\":\"search_term_string\"}}],\"inLanguage\":\"tr-TR\"},{\"@type\":\"Organization\",\"@id\":\"https:\\\/\\\/globaltraining.com\\\/#organization\",\"name\":\"Global Safety & Environmental\",\"url\":\"https:\\\/\\\/globaltraining.com\\\/\",\"logo\":{\"@type\":\"ImageObject\",\"inLanguage\":\"tr-TR\",\"@id\":\"https:\\\/\\\/globaltraining.com\\\/#\\\/schema\\\/logo\\\/image\\\/\",\"url\":\"https:\\\/\\\/globaltraining.com\\\/wp-content\\\/uploads\\\/2021\\\/01\\\/GSE-Logo-for-email.png\",\"contentUrl\":\"https:\\\/\\\/globaltraining.com\\\/wp-content\\\/uploads\\\/2021\\\/01\\\/GSE-Logo-for-email.png\",\"width\":400,\"height\":101,\"caption\":\"Global Safety & Environmental\"},\"image\":{\"@id\":\"https:\\\/\\\/globaltraining.com\\\/#\\\/schema\\\/logo\\\/image\\\/\"}}]}<\/script>\n<!-- \/ Yoast SEO plugin. -->","yoast_head_json":{"title":"Yan\u0131c\u0131 ve Parlay\u0131c\u0131 S\u0131v\u0131lar - K\u00fcresel G\u00fcvenlik ve \u00c7evre","description":"Kapsaml\u0131 kursumuzla Yan\u0131c\u0131 ve Parlay\u0131c\u0131 S\u0131v\u0131lar hakk\u0131nda bilgi edinin. Daha g\u00fcvenli bir i\u015f yeri i\u00e7in yan\u0131c\u0131 s\u0131v\u0131lar\u0131 ve yan\u0131c\u0131 s\u0131v\u0131lar\u0131 anlay\u0131n.","robots":{"index":"index","follow":"follow","max-snippet":"max-snippet:-1","max-image-preview":"max-image-preview:large","max-video-preview":"max-video-preview:-1"},"canonical":"https:\/\/globaltraining.com\/tr\/urun\/yanici-yanici-sivilar\/","og_locale":"tr_TR","og_type":"article","og_title":"Flammable & Combustible Liquids - Global Safety &amp; Environmental","og_description":"Learn about Flammable & Combustible Liquids with our comprehensive course. Understand flammable liquids and combustible liquids for a safer workplace.","og_url":"https:\/\/globaltraining.com\/tr\/urun\/yanici-yanici-sivilar\/","og_site_name":"Global Safety &amp; Environmental","article_modified_time":"2024-12-06T17:37:39+00:00","og_image":[{"width":1200,"height":800,"url":"https:\/\/globaltraining.com\/wp-content\/uploads\/2023\/06\/Flammable-Combustible-Liquids-COver-1.jpg","type":"image\/jpeg"}],"twitter_card":"summary_large_image","twitter_misc":{"Est. reading time":"2 minutes"},"schema":{"@context":"https:\/\/schema.org","@graph":[{"@type":"WebPage","@id":"https:\/\/globaltraining.com\/product\/flammable-combustible-liquids\/","url":"https:\/\/globaltraining.com\/product\/flammable-combustible-liquids\/","name":"Yan\u0131c\u0131 ve Parlay\u0131c\u0131 S\u0131v\u0131lar - K\u00fcresel G\u00fcvenlik ve \u00c7evre","isPartOf":{"@id":"https:\/\/globaltraining.com\/#website"},"primaryImageOfPage":{"@id":"https:\/\/globaltraining.com\/product\/flammable-combustible-liquids\/#primaryimage"},"image":{"@id":"https:\/\/globaltraining.com\/product\/flammable-combustible-liquids\/#primaryimage"},"thumbnailUrl":"https:\/\/globaltraining.com\/wp-content\/uploads\/2023\/06\/Flammable-Combustible-Liquids-COver-1.jpg","datePublished":"2023-09-08T18:18:02+00:00","dateModified":"2024-12-06T17:37:39+00:00","description":"Kapsaml\u0131 kursumuzla Yan\u0131c\u0131 ve Parlay\u0131c\u0131 S\u0131v\u0131lar hakk\u0131nda bilgi edinin. Daha g\u00fcvenli bir i\u015f yeri i\u00e7in yan\u0131c\u0131 s\u0131v\u0131lar\u0131 ve yan\u0131c\u0131 s\u0131v\u0131lar\u0131 anlay\u0131n.","breadcrumb":{"@id":"https:\/\/globaltraining.com\/product\/flammable-combustible-liquids\/#breadcrumb"},"inLanguage":"tr-TR","potentialAction":[{"@type":"ReadAction","target":["https:\/\/globaltraining.com\/product\/flammable-combustible-liquids\/"]}]},{"@type":"ImageObject","inLanguage":"tr-TR","@id":"https:\/\/globaltraining.com\/product\/flammable-combustible-liquids\/#primaryimage","url":"https:\/\/globaltraining.com\/wp-content\/uploads\/2023\/06\/Flammable-Combustible-Liquids-COver-1.jpg","contentUrl":"https:\/\/globaltraining.com\/wp-content\/uploads\/2023\/06\/Flammable-Combustible-Liquids-COver-1.jpg","width":1200,"height":800},{"@type":"BreadcrumbList","@id":"https:\/\/globaltraining.com\/product\/flammable-combustible-liquids\/#breadcrumb","itemListElement":[{"@type":"ListItem","position":1,"name":"Home","item":"https:\/\/globaltraining.com\/"},{"@type":"ListItem","position":2,"name":"Productos","item":"https:\/\/globaltraining.com\/es\/shop\/"},{"@type":"ListItem","position":3,"name":"Flammable &#038; Combustible Liquids"}]},{"@type":"WebSite","@id":"https:\/\/globaltraining.com\/#website","url":"https:\/\/globaltraining.com\/","name":"K\u00fcresel G\u00fcvenlik ve \u00c7evre","description":"Tam Hizmet Sa\u011fl\u0131k, G\u00fcvenlik ve \u00c7evre Kurslar\u0131","publisher":{"@id":"https:\/\/globaltraining.com\/#organization"},"potentialAction":[{"@type":"SearchAction","target":{"@type":"EntryPoint","urlTemplate":"https:\/\/globaltraining.com\/?s={search_term_string}"},"query-input":{"@type":"PropertyValueSpecification","valueRequired":true,"valueName":"search_term_string"}}],"inLanguage":"tr-TR"},{"@type":"Organization","@id":"https:\/\/globaltraining.com\/#organization","name":"K\u00fcresel G\u00fcvenlik ve \u00c7evre","url":"https:\/\/globaltraining.com\/","logo":{"@type":"ImageObject","inLanguage":"tr-TR","@id":"https:\/\/globaltraining.com\/#\/schema\/logo\/image\/","url":"https:\/\/globaltraining.com\/wp-content\/uploads\/2021\/01\/GSE-Logo-for-email.png","contentUrl":"https:\/\/globaltraining.com\/wp-content\/uploads\/2021\/01\/GSE-Logo-for-email.png","width":400,"height":101,"caption":"Global Safety & Environmental"},"image":{"@id":"https:\/\/globaltraining.com\/#\/schema\/logo\/image\/"}}]}},"_links":{"self":[{"href":"https:\/\/globaltraining.com\/tr\/wp-json\/wp\/v2\/product\/28509","targetHints":{"allow":["GET"]}}],"collection":[{"href":"https:\/\/globaltraining.com\/tr\/wp-json\/wp\/v2\/product"}],"about":[{"href":"https:\/\/globaltraining.com\/tr\/wp-json\/wp\/v2\/types\/product"}],"wp:featuredmedia":[{"embeddable":true,"href":"https:\/\/globaltraining.com\/tr\/wp-json\/wp\/v2\/media\/15350"}],"wp:attachment":[{"href":"https:\/\/globaltraining.com\/tr\/wp-json\/wp\/v2\/media?parent=28509"}],"wp:term":[{"taxonomy":"product_brand","embeddable":true,"href":"https:\/\/globaltraining.com\/tr\/wp-json\/wp\/v2\/product_brand?post=28509"},{"taxonomy":"product_cat","embeddable":true,"href":"https:\/\/globaltraining.com\/tr\/wp-json\/wp\/v2\/product_cat?post=28509"},{"taxonomy":"product_tag","embeddable":true,"href":"https:\/\/globaltraining.com\/tr\/wp-json\/wp\/v2\/product_tag?post=28509"}],"curies":[{"name":"wp","href":"https:\/\/api.w.org\/{rel}","templated":true}]}}