{"id":28507,"date":"2023-09-08T13:10:14","date_gmt":"2023-09-08T18:10:14","guid":{"rendered":"https:\/\/globaltraining.com\/?post_type=product&#038;p=28507"},"modified":"2024-12-06T11:39:09","modified_gmt":"2024-12-06T17:39:09","slug":"yangin-guvenligi-egitimi","status":"publish","type":"product","link":"https:\/\/globaltraining.com\/tr\/product\/fire-safety-training\/","title":{"rendered":"Yang\u0131n G\u00fcvenli\u011fi E\u011fitimi"},"content":{"rendered":"<h2>Yang\u0131n G\u00fcvenli\u011fi E\u011fitimi: Daha G\u00fcvenli Bir \u00c7evreye Giden Yolunuz<\/h2>\n<p>G\u00fcvenli\u011finizin birinci \u00f6nceli\u011fimiz oldu\u011fu kapsaml\u0131 yang\u0131n g\u00fcvenli\u011fi e\u011fitim program\u0131m\u0131za ho\u015f geldiniz. G\u00fcn\u00fcm\u00fcz d\u00fcnyas\u0131nda yang\u0131nlar\u0131n nas\u0131l \u00f6nlenece\u011fini ve yang\u0131nlara nas\u0131l m\u00fcdahale edilece\u011fini anlamak herkes i\u00e7in \u00e7ok \u00f6nemli bir beceridir. \u0130ster evde, ister i\u015fte, ister halka a\u00e7\u0131k alanlarda olun, haz\u0131rl\u0131kl\u0131 olmak b\u00fcy\u00fck fark yaratabilir.<\/p>\n<p>E\u011fitimimiz a\u015fa\u011f\u0131dakiler de dahil olmak \u00fczere \u00e7ok \u00e7e\u015fitli temel konular\u0131 kapsamaktad\u0131r:<\/p>\n<ul>\n<li>Yang\u0131n s\u0131n\u0131flar\u0131n\u0131 ve yang\u0131n s\u00f6nd\u00fcr\u00fcc\u00fclerin uygun kullan\u0131m\u0131n\u0131 anlamak.<\/li>\n<li>\u00c7e\u015fitli ortamlarda yang\u0131n \u00f6nleme tedbirlerinin uygulanmas\u0131.<\/li>\n<li>Eviniz veya i\u015f yeriniz i\u00e7in yang\u0131n g\u00fcvenli\u011fi plan\u0131 olu\u015fturmak.<\/li>\n<li>Farkl\u0131 yang\u0131n t\u00fcrlerini tan\u0131mak ve bunlara m\u00fcdahale etmek.<\/li>\n<\/ul>\n<h2>Yang\u0131n S\u0131n\u0131flar\u0131 ve Yang\u0131n S\u00f6nd\u00fcr\u00fcc\u00fcler<\/h2>\n<p>Yang\u0131n g\u00fcvenli\u011finin temel y\u00f6nlerinden biri, farkl\u0131 yang\u0131n s\u0131n\u0131flar\u0131n\u0131 ve bunlarla m\u00fccadelede kullan\u0131labilecek ilgili yang\u0131n s\u00f6nd\u00fcr\u00fcc\u00fcleri anlamakt\u0131r. \u0130\u015fte k\u0131sa bir genel bak\u0131\u015f:<\/p>\n<ul>\n<li>A S\u0131n\u0131f\u0131: Ah\u015fap, ka\u011f\u0131t ve kuma\u015f gibi yayg\u0131n yan\u0131c\u0131 maddeleri i\u00e7eren yang\u0131nlar. Su veya k\u00f6p\u00fckl\u00fc s\u00f6nd\u00fcr\u00fcc\u00fcler kullan\u0131n.<\/li>\n<li>S\u0131n\u0131f B: Yan\u0131c\u0131 s\u0131v\u0131 ve gazlardan kaynaklanan yang\u0131nlar. CO2 veya kuru kimyasal s\u00f6nd\u00fcr\u00fcc\u00fcleri se\u00e7in.<\/li>\n<li>C S\u0131n\u0131f\u0131: Elektrikli ekipmanlardan kaynaklanan yang\u0131nlar. CO2 veya kuru kimyasal s\u00f6nd\u00fcr\u00fcc\u00fcler uygundur.<\/li>\n<li>D S\u0131n\u0131f\u0131: Yan\u0131c\u0131 metallerin kar\u0131\u015ft\u0131\u011f\u0131 yang\u0131nlar. Bu durumlar i\u00e7in \u00f6zel s\u00f6nd\u00fcr\u00fcc\u00fcler gereklidir.<\/li>\n<li>K S\u0131n\u0131f\u0131: Yemeklik s\u0131v\u0131 ve kat\u0131 ya\u011flar\u0131n kar\u0131\u015ft\u0131\u011f\u0131 mutfak yang\u0131nlar\u0131. Islak kimyasal s\u00f6nd\u00fcr\u00fcc\u00fcler bu ama\u00e7 i\u00e7in tasarlanm\u0131\u015ft\u0131r.<\/li>\n<\/ul>\n<h2>G\u00fcvenli\u011finiz \u00d6nemlidir<\/h2>\n<p>Yang\u0131n g\u00fcvenli\u011fi e\u011fitim program\u0131m\u0131z\u0131n temelinde herkesin yang\u0131n \u00f6nleme ve m\u00fcdahale konusunda oynayaca\u011f\u0131 bir rol oldu\u011fu inanc\u0131 yer al\u0131r. \u0130ster ev sahibi, ister \u00e7al\u0131\u015fan, ister sadece ilgili bir birey olun, kursumuz sizi, kendinizi ve etraf\u0131n\u0131zdakileri koruyacak bilgi ve becerilerle donatmak i\u00e7in \u00f6zel olarak tasarlanm\u0131\u015ft\u0131r.<\/p>\n<h2>Yang\u0131n G\u00fcvenli\u011fi E\u011fitimine Bug\u00fcn Kaydolun<\/h2>\n<p>\u00c7ok ge\u00e7 olana kadar beklemeyin. \u015eimdi yang\u0131n g\u00fcvenli\u011fi e\u011fitim program\u0131m\u0131za kat\u0131l\u0131n ve daha g\u00fcvenli bir \u00e7evreye do\u011fru ilk ad\u0131m\u0131 at\u0131n. Tamamlad\u0131\u011f\u0131n\u0131zda, yang\u0131n g\u00fcvenli\u011fine olan ba\u011fl\u0131l\u0131\u011f\u0131n\u0131z\u0131 g\u00f6steren bir sertifika alacaks\u0131n\u0131z.<\/p>","protected":false},"excerpt":{"rendered":"<p>Bize kat\u0131l\u0131n <strong>yang\u0131n g\u00fcvenli\u011fi e\u011fitimi<\/strong> Elbette ve yang\u0131n \u00f6nleme ve m\u00fcdahale konusunda uzmanla\u015f\u0131n. Sertifika al\u0131n ve g\u00fcvenli\u011fi bir \u00f6ncelik haline getirin.<\/p>","protected":false},"featured_media":27182,"template":"","meta":{"_et_pb_use_builder":"","_et_pb_old_content":"","_et_gb_content_width":""},"product_brand":[],"product_cat":[135,148,168],"product_tag":[],"class_list":{"0":"post-28507","1":"product","2":"type-product","3":"status-publish","4":"has-post-thumbnail","6":"product_cat-fire","7":"product_cat-hr","8":"product_cat-tools","10":"first","11":"instock","12":"virtual","13":"sold-individually","14":"purchasable","15":"product-type-simple"},"yoast_head":"<!-- This site is optimized with the Yoast SEO plugin v27.4 - https:\/\/yoast.com\/product\/yoast-seo-wordpress\/ -->\n<title>Fire Safety Training - Global Safety &amp; Environmental<\/title>\n<meta name=\"description\" content=\"Enhance your safety with our comprehensive fire safety training program. Learn about classes of fire, fire extinguishers, and more. Enroll today!\" \/>\n<meta name=\"robots\" content=\"index, follow, max-snippet:-1, max-image-preview:large, max-video-preview:-1\" \/>\n<link rel=\"canonical\" href=\"https:\/\/globaltraining.com\/tr\/urun\/yangin-guvenligi-egitimi\/\" \/>\n<meta property=\"og:locale\" content=\"tr_TR\" \/>\n<meta property=\"og:type\" content=\"article\" \/>\n<meta property=\"og:title\" content=\"Fire Safety Training - Global Safety &amp; Environmental\" \/>\n<meta property=\"og:description\" content=\"Enhance your safety with our comprehensive fire safety training program. Learn about classes of fire, fire extinguishers, and more. Enroll today!\" \/>\n<meta property=\"og:url\" content=\"https:\/\/globaltraining.com\/tr\/urun\/yangin-guvenligi-egitimi\/\" \/>\n<meta property=\"og:site_name\" content=\"Global Safety &amp; Environmental\" \/>\n<meta property=\"article:modified_time\" content=\"2024-12-06T17:39:09+00:00\" \/>\n<meta property=\"og:image\" content=\"https:\/\/globaltraining.com\/wp-content\/uploads\/2021\/08\/fire-extinguisher.jpg\" \/>\n\t<meta property=\"og:image:width\" content=\"1200\" \/>\n\t<meta property=\"og:image:height\" content=\"802\" \/>\n\t<meta property=\"og:image:type\" content=\"image\/jpeg\" \/>\n<meta name=\"twitter:card\" content=\"summary_large_image\" \/>\n<meta name=\"twitter:label1\" content=\"Est. reading time\" \/>\n\t<meta name=\"twitter:data1\" content=\"2 minutes\" \/>\n<script type=\"application\/ld+json\" class=\"yoast-schema-graph\">{\"@context\":\"https:\\\/\\\/schema.org\",\"@graph\":[{\"@type\":\"WebPage\",\"@id\":\"https:\\\/\\\/globaltraining.com\\\/product\\\/fire-safety-training\\\/\",\"url\":\"https:\\\/\\\/globaltraining.com\\\/product\\\/fire-safety-training\\\/\",\"name\":\"Fire Safety Training - Global Safety &amp; Environmental\",\"isPartOf\":{\"@id\":\"https:\\\/\\\/globaltraining.com\\\/#website\"},\"primaryImageOfPage\":{\"@id\":\"https:\\\/\\\/globaltraining.com\\\/product\\\/fire-safety-training\\\/#primaryimage\"},\"image\":{\"@id\":\"https:\\\/\\\/globaltraining.com\\\/product\\\/fire-safety-training\\\/#primaryimage\"},\"thumbnailUrl\":\"https:\\\/\\\/globaltraining.com\\\/wp-content\\\/uploads\\\/2021\\\/08\\\/fire-extinguisher.jpg\",\"datePublished\":\"2023-09-08T18:10:14+00:00\",\"dateModified\":\"2024-12-06T17:39:09+00:00\",\"description\":\"Enhance your safety with our comprehensive fire safety training program. Learn about classes of fire, fire extinguishers, and more. Enroll today!\",\"breadcrumb\":{\"@id\":\"https:\\\/\\\/globaltraining.com\\\/product\\\/fire-safety-training\\\/#breadcrumb\"},\"inLanguage\":\"tr-TR\",\"potentialAction\":[{\"@type\":\"ReadAction\",\"target\":[\"https:\\\/\\\/globaltraining.com\\\/product\\\/fire-safety-training\\\/\"]}]},{\"@type\":\"ImageObject\",\"inLanguage\":\"tr-TR\",\"@id\":\"https:\\\/\\\/globaltraining.com\\\/product\\\/fire-safety-training\\\/#primaryimage\",\"url\":\"https:\\\/\\\/globaltraining.com\\\/wp-content\\\/uploads\\\/2021\\\/08\\\/fire-extinguisher.jpg\",\"contentUrl\":\"https:\\\/\\\/globaltraining.com\\\/wp-content\\\/uploads\\\/2021\\\/08\\\/fire-extinguisher.jpg\",\"width\":1200,\"height\":802,\"caption\":\"Fire Safety Training\"},{\"@type\":\"BreadcrumbList\",\"@id\":\"https:\\\/\\\/globaltraining.com\\\/product\\\/fire-safety-training\\\/#breadcrumb\",\"itemListElement\":[{\"@type\":\"ListItem\",\"position\":1,\"name\":\"Home\",\"item\":\"https:\\\/\\\/globaltraining.com\\\/\"},{\"@type\":\"ListItem\",\"position\":2,\"name\":\"Productos\",\"item\":\"https:\\\/\\\/globaltraining.com\\\/es\\\/shop\\\/\"},{\"@type\":\"ListItem\",\"position\":3,\"name\":\"Fire Safety Training\"}]},{\"@type\":\"WebSite\",\"@id\":\"https:\\\/\\\/globaltraining.com\\\/#website\",\"url\":\"https:\\\/\\\/globaltraining.com\\\/\",\"name\":\"Global Safety & Environmental\",\"description\":\"Full Service Health, Safety, and Environmental Courses\",\"publisher\":{\"@id\":\"https:\\\/\\\/globaltraining.com\\\/#organization\"},\"potentialAction\":[{\"@type\":\"SearchAction\",\"target\":{\"@type\":\"EntryPoint\",\"urlTemplate\":\"https:\\\/\\\/globaltraining.com\\\/?s={search_term_string}\"},\"query-input\":{\"@type\":\"PropertyValueSpecification\",\"valueRequired\":true,\"valueName\":\"search_term_string\"}}],\"inLanguage\":\"tr-TR\"},{\"@type\":\"Organization\",\"@id\":\"https:\\\/\\\/globaltraining.com\\\/#organization\",\"name\":\"Global Safety & Environmental\",\"url\":\"https:\\\/\\\/globaltraining.com\\\/\",\"logo\":{\"@type\":\"ImageObject\",\"inLanguage\":\"tr-TR\",\"@id\":\"https:\\\/\\\/globaltraining.com\\\/#\\\/schema\\\/logo\\\/image\\\/\",\"url\":\"https:\\\/\\\/globaltraining.com\\\/wp-content\\\/uploads\\\/2021\\\/01\\\/GSE-Logo-for-email.png\",\"contentUrl\":\"https:\\\/\\\/globaltraining.com\\\/wp-content\\\/uploads\\\/2021\\\/01\\\/GSE-Logo-for-email.png\",\"width\":400,\"height\":101,\"caption\":\"Global Safety & Environmental\"},\"image\":{\"@id\":\"https:\\\/\\\/globaltraining.com\\\/#\\\/schema\\\/logo\\\/image\\\/\"}}]}<\/script>\n<!-- \/ Yoast SEO plugin. -->","yoast_head_json":{"title":"Yang\u0131n G\u00fcvenli\u011fi E\u011fitimi - K\u00fcresel G\u00fcvenlik ve \u00c7evre","description":"Kapsaml\u0131 yang\u0131n g\u00fcvenli\u011fi e\u011fitim program\u0131m\u0131zla g\u00fcvenli\u011finizi art\u0131r\u0131n. Yang\u0131n, yang\u0131n s\u00f6nd\u00fcr\u00fcc\u00fcler ve daha fazlas\u0131 hakk\u0131nda dersler \u00f6\u011frenin. Bug\u00fcn kaydolun!","robots":{"index":"index","follow":"follow","max-snippet":"max-snippet:-1","max-image-preview":"max-image-preview:large","max-video-preview":"max-video-preview:-1"},"canonical":"https:\/\/globaltraining.com\/tr\/urun\/yangin-guvenligi-egitimi\/","og_locale":"tr_TR","og_type":"article","og_title":"Fire Safety Training - Global Safety &amp; Environmental","og_description":"Enhance your safety with our comprehensive fire safety training program. Learn about classes of fire, fire extinguishers, and more. Enroll today!","og_url":"https:\/\/globaltraining.com\/tr\/urun\/yangin-guvenligi-egitimi\/","og_site_name":"Global Safety &amp; Environmental","article_modified_time":"2024-12-06T17:39:09+00:00","og_image":[{"width":1200,"height":802,"url":"https:\/\/globaltraining.com\/wp-content\/uploads\/2021\/08\/fire-extinguisher.jpg","type":"image\/jpeg"}],"twitter_card":"summary_large_image","twitter_misc":{"Est. reading time":"2 minutes"},"schema":{"@context":"https:\/\/schema.org","@graph":[{"@type":"WebPage","@id":"https:\/\/globaltraining.com\/product\/fire-safety-training\/","url":"https:\/\/globaltraining.com\/product\/fire-safety-training\/","name":"Yang\u0131n G\u00fcvenli\u011fi E\u011fitimi - K\u00fcresel G\u00fcvenlik ve \u00c7evre","isPartOf":{"@id":"https:\/\/globaltraining.com\/#website"},"primaryImageOfPage":{"@id":"https:\/\/globaltraining.com\/product\/fire-safety-training\/#primaryimage"},"image":{"@id":"https:\/\/globaltraining.com\/product\/fire-safety-training\/#primaryimage"},"thumbnailUrl":"https:\/\/globaltraining.com\/wp-content\/uploads\/2021\/08\/fire-extinguisher.jpg","datePublished":"2023-09-08T18:10:14+00:00","dateModified":"2024-12-06T17:39:09+00:00","description":"Kapsaml\u0131 yang\u0131n g\u00fcvenli\u011fi e\u011fitim program\u0131m\u0131zla g\u00fcvenli\u011finizi art\u0131r\u0131n. Yang\u0131n, yang\u0131n s\u00f6nd\u00fcr\u00fcc\u00fcler ve daha fazlas\u0131 hakk\u0131nda dersler \u00f6\u011frenin. Bug\u00fcn kaydolun!","breadcrumb":{"@id":"https:\/\/globaltraining.com\/product\/fire-safety-training\/#breadcrumb"},"inLanguage":"tr-TR","potentialAction":[{"@type":"ReadAction","target":["https:\/\/globaltraining.com\/product\/fire-safety-training\/"]}]},{"@type":"ImageObject","inLanguage":"tr-TR","@id":"https:\/\/globaltraining.com\/product\/fire-safety-training\/#primaryimage","url":"https:\/\/globaltraining.com\/wp-content\/uploads\/2021\/08\/fire-extinguisher.jpg","contentUrl":"https:\/\/globaltraining.com\/wp-content\/uploads\/2021\/08\/fire-extinguisher.jpg","width":1200,"height":802,"caption":"Fire Safety Training"},{"@type":"BreadcrumbList","@id":"https:\/\/globaltraining.com\/product\/fire-safety-training\/#breadcrumb","itemListElement":[{"@type":"ListItem","position":1,"name":"Home","item":"https:\/\/globaltraining.com\/"},{"@type":"ListItem","position":2,"name":"Productos","item":"https:\/\/globaltraining.com\/es\/shop\/"},{"@type":"ListItem","position":3,"name":"Fire Safety Training"}]},{"@type":"WebSite","@id":"https:\/\/globaltraining.com\/#website","url":"https:\/\/globaltraining.com\/","name":"K\u00fcresel G\u00fcvenlik ve \u00c7evre","description":"Tam Hizmet Sa\u011fl\u0131k, G\u00fcvenlik ve \u00c7evre Kurslar\u0131","publisher":{"@id":"https:\/\/globaltraining.com\/#organization"},"potentialAction":[{"@type":"SearchAction","target":{"@type":"EntryPoint","urlTemplate":"https:\/\/globaltraining.com\/?s={search_term_string}"},"query-input":{"@type":"PropertyValueSpecification","valueRequired":true,"valueName":"search_term_string"}}],"inLanguage":"tr-TR"},{"@type":"Organization","@id":"https:\/\/globaltraining.com\/#organization","name":"K\u00fcresel G\u00fcvenlik ve \u00c7evre","url":"https:\/\/globaltraining.com\/","logo":{"@type":"ImageObject","inLanguage":"tr-TR","@id":"https:\/\/globaltraining.com\/#\/schema\/logo\/image\/","url":"https:\/\/globaltraining.com\/wp-content\/uploads\/2021\/01\/GSE-Logo-for-email.png","contentUrl":"https:\/\/globaltraining.com\/wp-content\/uploads\/2021\/01\/GSE-Logo-for-email.png","width":400,"height":101,"caption":"Global Safety & Environmental"},"image":{"@id":"https:\/\/globaltraining.com\/#\/schema\/logo\/image\/"}}]}},"_links":{"self":[{"href":"https:\/\/globaltraining.com\/tr\/wp-json\/wp\/v2\/product\/28507","targetHints":{"allow":["GET"]}}],"collection":[{"href":"https:\/\/globaltraining.com\/tr\/wp-json\/wp\/v2\/product"}],"about":[{"href":"https:\/\/globaltraining.com\/tr\/wp-json\/wp\/v2\/types\/product"}],"wp:featuredmedia":[{"embeddable":true,"href":"https:\/\/globaltraining.com\/tr\/wp-json\/wp\/v2\/media\/27182"}],"wp:attachment":[{"href":"https:\/\/globaltraining.com\/tr\/wp-json\/wp\/v2\/media?parent=28507"}],"wp:term":[{"taxonomy":"product_brand","embeddable":true,"href":"https:\/\/globaltraining.com\/tr\/wp-json\/wp\/v2\/product_brand?post=28507"},{"taxonomy":"product_cat","embeddable":true,"href":"https:\/\/globaltraining.com\/tr\/wp-json\/wp\/v2\/product_cat?post=28507"},{"taxonomy":"product_tag","embeddable":true,"href":"https:\/\/globaltraining.com\/tr\/wp-json\/wp\/v2\/product_tag?post=28507"}],"curies":[{"name":"wp","href":"https:\/\/api.w.org\/{rel}","templated":true}]}}