{"id":28506,"date":"2023-09-08T13:08:29","date_gmt":"2023-09-08T18:08:29","guid":{"rendered":"https:\/\/globaltraining.com\/?post_type=product&#038;p=28506"},"modified":"2024-12-06T11:39:49","modified_gmt":"2024-12-06T17:39:49","slug":"yangin-sondurucu-egitimi","status":"publish","type":"product","link":"https:\/\/globaltraining.com\/tr\/product\/fire-extinguisher-training\/","title":{"rendered":"Yang\u0131n S\u00f6nd\u00fcr\u00fcc\u00fc E\u011fitimi"},"content":{"rendered":"<h2>Yang\u0131n S\u00f6nd\u00fcr\u00fcc\u00fc E\u011fitimi: Yang\u0131n G\u00fcvenli\u011finin Anahtar\u0131<\/h2>\n<p>Kapsaml\u0131 yang\u0131n s\u00f6nd\u00fcr\u00fcc\u00fc e\u011fitim program\u0131m\u0131za ho\u015f geldiniz. Acil bir durumda, yang\u0131n s\u00f6nd\u00fcr\u00fcc\u00fcn\u00fcn nas\u0131l kullan\u0131laca\u011f\u0131n\u0131 bilmek, k\u00fc\u00e7\u00fck bir olay ile b\u00fcy\u00fck bir felaket aras\u0131ndaki fark olabilir. Bu kurs, sizi bir yang\u0131n durumunda etkili bir \u015fekilde m\u00fcdahale etmek i\u00e7in gereken bilgi ve becerilerle donatmak i\u00e7in tasarlanm\u0131\u015ft\u0131r.<\/p>\n<h2>E\u011fitim Neden \u00d6nemlidir?<\/h2>\n<p>Yang\u0131nlar her zaman, her yerde olabilir. Evde, i\u015fyerinde veya kamusal alanlarda yang\u0131n g\u00fcvenli\u011fi \u00e7ok \u00f6nemlidir. Yang\u0131n s\u00f6nd\u00fcr\u00fcc\u00fclerin temellerini ve bunlar\u0131n nas\u0131l kullan\u0131laca\u011f\u0131n\u0131 anlamak herkes i\u00e7in \u00e7ok \u00f6nemlidir. E\u011fitimimiz \u015funlar\u0131 kapsamaktad\u0131r:<\/p>\n<ul>\n<li>Farkl\u0131 yang\u0131n s\u00f6nd\u00fcr\u00fcc\u00fc t\u00fcrleri ve bunlar\u0131n ne zaman kullan\u0131laca\u011f\u0131.<\/li>\n<li>Yang\u0131n s\u00f6nd\u00fcr\u00fcc\u00fclerin do\u011fru kullan\u0131m\u0131 ve \u00e7al\u0131\u015ft\u0131r\u0131lmas\u0131.<\/li>\n<li>Yang\u0131n tehlikelerinin tan\u0131nmas\u0131 ve durumun de\u011ferlendirilmesi.<\/li>\n<li>Tahliye prosed\u00fcrleri de dahil olmak \u00fczere, yang\u0131n durumunda at\u0131lacak ad\u0131mlar.<\/li>\n<\/ul>\n<h2>Yang\u0131n S\u00f6nd\u00fcr\u00fcc\u00fc \u00c7e\u015fitleri<\/h2>\n<p>Her biri belirli yang\u0131n t\u00fcrleriyle m\u00fccadele etmek i\u00e7in tasarlanm\u0131\u015f \u00e7e\u015fitli yang\u0131n s\u00f6nd\u00fcr\u00fcc\u00fc t\u00fcrleri vard\u0131r. Bu t\u00fcrleri anlamak etkili yang\u0131na m\u00fcdahale i\u00e7in \u00e7ok \u00f6nemlidir:<\/p>\n<ul>\n<li>Su: Ah\u015fap ve ka\u011f\u0131t gibi yayg\u0131n yan\u0131c\u0131 maddelerden kaynaklanan A S\u0131n\u0131f\u0131 yang\u0131nlar i\u00e7in uygundur.<\/li>\n<li>CO2 (Karbon Dioksit): Yan\u0131c\u0131 s\u0131v\u0131lar ve elektrikli ekipmanlarla ilgili B S\u0131n\u0131f\u0131 ve C S\u0131n\u0131f\u0131 yang\u0131nlarda etkilidir.<\/li>\n<li>ABC Kuru Kimyasal: A S\u0131n\u0131f\u0131, B S\u0131n\u0131f\u0131 ve C S\u0131n\u0131f\u0131 yang\u0131nlarda \u00e7al\u0131\u015fan \u00e7ok y\u00f6nl\u00fc s\u00f6nd\u00fcr\u00fcc\u00fcler.<\/li>\n<li>Mutfak Yang\u0131n S\u00f6nd\u00fcr\u00fcc\u00fcler: Yemeklik s\u0131v\u0131 ve kat\u0131 ya\u011flar\u0131n kar\u0131\u015ft\u0131\u011f\u0131 yang\u0131nlar i\u00e7in \u00f6zel olarak tasarlanm\u0131\u015ft\u0131r.<\/li>\n<\/ul>\n<h2>Yang\u0131n S\u00f6nd\u00fcr\u00fcc\u00fc Kullan\u0131m\u0131 Sertifikas\u0131n\u0131 Al\u0131n<\/h2>\n<p>Kursumuzu tamamlad\u0131\u011f\u0131n\u0131zda bitirme sertifikas\u0131 alacaks\u0131n\u0131z. Bu sertifika, ister ev sahibi, ister \u00e7al\u0131\u015fan, ister g\u00fcvenlik bilincine sahip bir birey olun, becerilerinize de\u011ferli bir katk\u0131d\u0131r.<\/p>\n<h2>Yang\u0131n S\u00f6nd\u00fcr\u00fcc\u00fc Program\u0131m\u0131za Bug\u00fcn Kat\u0131l\u0131n<\/h2>\n<p>\u00c7ok ge\u00e7 olana kadar beklemeyin. Yang\u0131n s\u00f6nd\u00fcr\u00fcc\u00fc e\u011fitim program\u0131m\u0131za bug\u00fcn kaydolun ve canlar\u0131n\u0131z\u0131 ve mallar\u0131n\u0131z\u0131 koruyacak bilgi ve becerilerle kendinizi g\u00fc\u00e7lendirin. Yang\u0131n g\u00fcvenli\u011fi hepimizin payla\u015ft\u0131\u011f\u0131 bir sorumluluktur ve do\u011fru e\u011fitimle en \u00f6nemli anda fark yaratabilirsiniz.<\/p>","protected":false},"excerpt":{"rendered":"<p>Bizimle yang\u0131nlarla m\u00fccadele konusunda g\u00fcven kazan\u0131n <strong>yang\u0131n s\u00f6nd\u00fcr\u00fcc\u00fc e\u011fitimi<\/strong>. Farkl\u0131 yang\u0131n s\u00f6nd\u00fcr\u00fcc\u00fc t\u00fcrlerinin kullan\u0131m\u0131nda uzmanla\u015f\u0131n ve sertifikan\u0131z\u0131 kazan\u0131n.<\/p>","protected":false},"featured_media":27178,"template":"","meta":{"_et_pb_use_builder":"","_et_pb_old_content":"","_et_gb_content_width":""},"product_brand":[],"product_cat":[131,135,143,156],"product_tag":[],"class_list":{"0":"post-28506","1":"product","2":"type-product","3":"status-publish","4":"has-post-thumbnail","6":"product_cat-emergency-preparedness","7":"product_cat-fire","8":"product_cat-health-and-safety","9":"product_cat-occupational-health-and-safety","11":"first","12":"instock","13":"virtual","14":"sold-individually","15":"purchasable","16":"product-type-simple"},"yoast_head":"<!-- This site is optimized with the Yoast SEO plugin v27.4 - https:\/\/yoast.com\/product\/yoast-seo-wordpress\/ -->\n<title>Fire Extinguisher Training - Global Safety &amp; Environmental<\/title>\n<meta name=\"description\" content=\"Learn how to use fire extinguishers effectively with our comprehensive fire extinguisher training. Get certified and enhance your fire safety skills.\" \/>\n<meta name=\"robots\" content=\"index, follow, max-snippet:-1, max-image-preview:large, max-video-preview:-1\" \/>\n<link rel=\"canonical\" href=\"https:\/\/globaltraining.com\/tr\/urun\/yangin-sondurucu-egitimi\/\" \/>\n<meta property=\"og:locale\" content=\"tr_TR\" \/>\n<meta property=\"og:type\" content=\"article\" \/>\n<meta property=\"og:title\" content=\"Fire Extinguisher Training - Global Safety &amp; Environmental\" \/>\n<meta property=\"og:description\" content=\"Learn how to use fire extinguishers effectively with our comprehensive fire extinguisher training. Get certified and enhance your fire safety skills.\" \/>\n<meta property=\"og:url\" content=\"https:\/\/globaltraining.com\/tr\/urun\/yangin-sondurucu-egitimi\/\" \/>\n<meta property=\"og:site_name\" content=\"Global Safety &amp; Environmental\" \/>\n<meta property=\"article:modified_time\" content=\"2024-12-06T17:39:49+00:00\" \/>\n<meta property=\"og:image\" content=\"https:\/\/globaltraining.com\/wp-content\/uploads\/2021\/08\/iStock-1058291060.jpg\" \/>\n\t<meta property=\"og:image:width\" content=\"1200\" \/>\n\t<meta property=\"og:image:height\" content=\"799\" \/>\n\t<meta property=\"og:image:type\" content=\"image\/jpeg\" \/>\n<meta name=\"twitter:card\" content=\"summary_large_image\" \/>\n<meta name=\"twitter:label1\" content=\"Est. reading time\" \/>\n\t<meta name=\"twitter:data1\" content=\"2 minutes\" \/>\n<script type=\"application\/ld+json\" class=\"yoast-schema-graph\">{\"@context\":\"https:\\\/\\\/schema.org\",\"@graph\":[{\"@type\":\"WebPage\",\"@id\":\"https:\\\/\\\/globaltraining.com\\\/product\\\/fire-extinguisher-training\\\/\",\"url\":\"https:\\\/\\\/globaltraining.com\\\/product\\\/fire-extinguisher-training\\\/\",\"name\":\"Fire Extinguisher Training - Global Safety &amp; Environmental\",\"isPartOf\":{\"@id\":\"https:\\\/\\\/globaltraining.com\\\/#website\"},\"primaryImageOfPage\":{\"@id\":\"https:\\\/\\\/globaltraining.com\\\/product\\\/fire-extinguisher-training\\\/#primaryimage\"},\"image\":{\"@id\":\"https:\\\/\\\/globaltraining.com\\\/product\\\/fire-extinguisher-training\\\/#primaryimage\"},\"thumbnailUrl\":\"https:\\\/\\\/globaltraining.com\\\/wp-content\\\/uploads\\\/2021\\\/08\\\/iStock-1058291060.jpg\",\"datePublished\":\"2023-09-08T18:08:29+00:00\",\"dateModified\":\"2024-12-06T17:39:49+00:00\",\"description\":\"Learn how to use fire extinguishers effectively with our comprehensive fire extinguisher training. Get certified and enhance your fire safety skills.\",\"breadcrumb\":{\"@id\":\"https:\\\/\\\/globaltraining.com\\\/product\\\/fire-extinguisher-training\\\/#breadcrumb\"},\"inLanguage\":\"tr-TR\",\"potentialAction\":[{\"@type\":\"ReadAction\",\"target\":[\"https:\\\/\\\/globaltraining.com\\\/product\\\/fire-extinguisher-training\\\/\"]}]},{\"@type\":\"ImageObject\",\"inLanguage\":\"tr-TR\",\"@id\":\"https:\\\/\\\/globaltraining.com\\\/product\\\/fire-extinguisher-training\\\/#primaryimage\",\"url\":\"https:\\\/\\\/globaltraining.com\\\/wp-content\\\/uploads\\\/2021\\\/08\\\/iStock-1058291060.jpg\",\"contentUrl\":\"https:\\\/\\\/globaltraining.com\\\/wp-content\\\/uploads\\\/2021\\\/08\\\/iStock-1058291060.jpg\",\"width\":1200,\"height\":799,\"caption\":\"Fire Extinguisher Training\"},{\"@type\":\"BreadcrumbList\",\"@id\":\"https:\\\/\\\/globaltraining.com\\\/product\\\/fire-extinguisher-training\\\/#breadcrumb\",\"itemListElement\":[{\"@type\":\"ListItem\",\"position\":1,\"name\":\"Home\",\"item\":\"https:\\\/\\\/globaltraining.com\\\/\"},{\"@type\":\"ListItem\",\"position\":2,\"name\":\"Productos\",\"item\":\"https:\\\/\\\/globaltraining.com\\\/es\\\/shop\\\/\"},{\"@type\":\"ListItem\",\"position\":3,\"name\":\"Fire Extinguisher Training\"}]},{\"@type\":\"WebSite\",\"@id\":\"https:\\\/\\\/globaltraining.com\\\/#website\",\"url\":\"https:\\\/\\\/globaltraining.com\\\/\",\"name\":\"Global Safety & Environmental\",\"description\":\"Full Service Health, Safety, and Environmental Courses\",\"publisher\":{\"@id\":\"https:\\\/\\\/globaltraining.com\\\/#organization\"},\"potentialAction\":[{\"@type\":\"SearchAction\",\"target\":{\"@type\":\"EntryPoint\",\"urlTemplate\":\"https:\\\/\\\/globaltraining.com\\\/?s={search_term_string}\"},\"query-input\":{\"@type\":\"PropertyValueSpecification\",\"valueRequired\":true,\"valueName\":\"search_term_string\"}}],\"inLanguage\":\"tr-TR\"},{\"@type\":\"Organization\",\"@id\":\"https:\\\/\\\/globaltraining.com\\\/#organization\",\"name\":\"Global Safety & Environmental\",\"url\":\"https:\\\/\\\/globaltraining.com\\\/\",\"logo\":{\"@type\":\"ImageObject\",\"inLanguage\":\"tr-TR\",\"@id\":\"https:\\\/\\\/globaltraining.com\\\/#\\\/schema\\\/logo\\\/image\\\/\",\"url\":\"https:\\\/\\\/globaltraining.com\\\/wp-content\\\/uploads\\\/2021\\\/01\\\/GSE-Logo-for-email.png\",\"contentUrl\":\"https:\\\/\\\/globaltraining.com\\\/wp-content\\\/uploads\\\/2021\\\/01\\\/GSE-Logo-for-email.png\",\"width\":400,\"height\":101,\"caption\":\"Global Safety & Environmental\"},\"image\":{\"@id\":\"https:\\\/\\\/globaltraining.com\\\/#\\\/schema\\\/logo\\\/image\\\/\"}}]}<\/script>\n<!-- \/ Yoast SEO plugin. -->","yoast_head_json":{"title":"Yang\u0131n S\u00f6nd\u00fcrme E\u011fitimi - K\u00fcresel G\u00fcvenlik ve \u00c7evre","description":"Kapsaml\u0131 yang\u0131n s\u00f6nd\u00fcrme e\u011fitimimizle yang\u0131n s\u00f6nd\u00fcrme cihazlar\u0131n\u0131 etkili bir \u015fekilde nas\u0131l kullanaca\u011f\u0131n\u0131z\u0131 \u00f6\u011frenin. Sertifika al\u0131n ve yang\u0131n g\u00fcvenli\u011fi becerilerinizi geli\u015ftirin.","robots":{"index":"index","follow":"follow","max-snippet":"max-snippet:-1","max-image-preview":"max-image-preview:large","max-video-preview":"max-video-preview:-1"},"canonical":"https:\/\/globaltraining.com\/tr\/urun\/yangin-sondurucu-egitimi\/","og_locale":"tr_TR","og_type":"article","og_title":"Fire Extinguisher Training - Global Safety &amp; Environmental","og_description":"Learn how to use fire extinguishers effectively with our comprehensive fire extinguisher training. Get certified and enhance your fire safety skills.","og_url":"https:\/\/globaltraining.com\/tr\/urun\/yangin-sondurucu-egitimi\/","og_site_name":"Global Safety &amp; Environmental","article_modified_time":"2024-12-06T17:39:49+00:00","og_image":[{"width":1200,"height":799,"url":"https:\/\/globaltraining.com\/wp-content\/uploads\/2021\/08\/iStock-1058291060.jpg","type":"image\/jpeg"}],"twitter_card":"summary_large_image","twitter_misc":{"Est. reading time":"2 minutes"},"schema":{"@context":"https:\/\/schema.org","@graph":[{"@type":"WebPage","@id":"https:\/\/globaltraining.com\/product\/fire-extinguisher-training\/","url":"https:\/\/globaltraining.com\/product\/fire-extinguisher-training\/","name":"Yang\u0131n S\u00f6nd\u00fcrme E\u011fitimi - K\u00fcresel G\u00fcvenlik ve \u00c7evre","isPartOf":{"@id":"https:\/\/globaltraining.com\/#website"},"primaryImageOfPage":{"@id":"https:\/\/globaltraining.com\/product\/fire-extinguisher-training\/#primaryimage"},"image":{"@id":"https:\/\/globaltraining.com\/product\/fire-extinguisher-training\/#primaryimage"},"thumbnailUrl":"https:\/\/globaltraining.com\/wp-content\/uploads\/2021\/08\/iStock-1058291060.jpg","datePublished":"2023-09-08T18:08:29+00:00","dateModified":"2024-12-06T17:39:49+00:00","description":"Kapsaml\u0131 yang\u0131n s\u00f6nd\u00fcrme e\u011fitimimizle yang\u0131n s\u00f6nd\u00fcrme cihazlar\u0131n\u0131 etkili bir \u015fekilde nas\u0131l kullanaca\u011f\u0131n\u0131z\u0131 \u00f6\u011frenin. Sertifika al\u0131n ve yang\u0131n g\u00fcvenli\u011fi becerilerinizi geli\u015ftirin.","breadcrumb":{"@id":"https:\/\/globaltraining.com\/product\/fire-extinguisher-training\/#breadcrumb"},"inLanguage":"tr-TR","potentialAction":[{"@type":"ReadAction","target":["https:\/\/globaltraining.com\/product\/fire-extinguisher-training\/"]}]},{"@type":"ImageObject","inLanguage":"tr-TR","@id":"https:\/\/globaltraining.com\/product\/fire-extinguisher-training\/#primaryimage","url":"https:\/\/globaltraining.com\/wp-content\/uploads\/2021\/08\/iStock-1058291060.jpg","contentUrl":"https:\/\/globaltraining.com\/wp-content\/uploads\/2021\/08\/iStock-1058291060.jpg","width":1200,"height":799,"caption":"Fire Extinguisher Training"},{"@type":"BreadcrumbList","@id":"https:\/\/globaltraining.com\/product\/fire-extinguisher-training\/#breadcrumb","itemListElement":[{"@type":"ListItem","position":1,"name":"Home","item":"https:\/\/globaltraining.com\/"},{"@type":"ListItem","position":2,"name":"Productos","item":"https:\/\/globaltraining.com\/es\/shop\/"},{"@type":"ListItem","position":3,"name":"Fire Extinguisher Training"}]},{"@type":"WebSite","@id":"https:\/\/globaltraining.com\/#website","url":"https:\/\/globaltraining.com\/","name":"K\u00fcresel G\u00fcvenlik ve \u00c7evre","description":"Tam Hizmet Sa\u011fl\u0131k, G\u00fcvenlik ve \u00c7evre Kurslar\u0131","publisher":{"@id":"https:\/\/globaltraining.com\/#organization"},"potentialAction":[{"@type":"SearchAction","target":{"@type":"EntryPoint","urlTemplate":"https:\/\/globaltraining.com\/?s={search_term_string}"},"query-input":{"@type":"PropertyValueSpecification","valueRequired":true,"valueName":"search_term_string"}}],"inLanguage":"tr-TR"},{"@type":"Organization","@id":"https:\/\/globaltraining.com\/#organization","name":"K\u00fcresel G\u00fcvenlik ve \u00c7evre","url":"https:\/\/globaltraining.com\/","logo":{"@type":"ImageObject","inLanguage":"tr-TR","@id":"https:\/\/globaltraining.com\/#\/schema\/logo\/image\/","url":"https:\/\/globaltraining.com\/wp-content\/uploads\/2021\/01\/GSE-Logo-for-email.png","contentUrl":"https:\/\/globaltraining.com\/wp-content\/uploads\/2021\/01\/GSE-Logo-for-email.png","width":400,"height":101,"caption":"Global Safety & Environmental"},"image":{"@id":"https:\/\/globaltraining.com\/#\/schema\/logo\/image\/"}}]}},"_links":{"self":[{"href":"https:\/\/globaltraining.com\/tr\/wp-json\/wp\/v2\/product\/28506","targetHints":{"allow":["GET"]}}],"collection":[{"href":"https:\/\/globaltraining.com\/tr\/wp-json\/wp\/v2\/product"}],"about":[{"href":"https:\/\/globaltraining.com\/tr\/wp-json\/wp\/v2\/types\/product"}],"wp:featuredmedia":[{"embeddable":true,"href":"https:\/\/globaltraining.com\/tr\/wp-json\/wp\/v2\/media\/27178"}],"wp:attachment":[{"href":"https:\/\/globaltraining.com\/tr\/wp-json\/wp\/v2\/media?parent=28506"}],"wp:term":[{"taxonomy":"product_brand","embeddable":true,"href":"https:\/\/globaltraining.com\/tr\/wp-json\/wp\/v2\/product_brand?post=28506"},{"taxonomy":"product_cat","embeddable":true,"href":"https:\/\/globaltraining.com\/tr\/wp-json\/wp\/v2\/product_cat?post=28506"},{"taxonomy":"product_tag","embeddable":true,"href":"https:\/\/globaltraining.com\/tr\/wp-json\/wp\/v2\/product_tag?post=28506"}],"curies":[{"name":"wp","href":"https:\/\/api.w.org\/{rel}","templated":true}]}}