{"id":28505,"date":"2023-09-08T13:06:41","date_gmt":"2023-09-08T18:06:41","guid":{"rendered":"https:\/\/globaltraining.com\/?post_type=product&#038;p=28505"},"modified":"2024-12-06T11:40:30","modified_gmt":"2024-12-06T17:40:30","slug":"yorgunluk-yonetimi","status":"publish","type":"product","link":"https:\/\/globaltraining.com\/tr\/product\/fatigue-management\/","title":{"rendered":"Yorgunluk Y\u00f6netimi"},"content":{"rendered":"<h2>Yorulma Y\u00f6netiminin \u00d6nemi<\/h2>\n<p>G\u00fcn\u00fcm\u00fcz\u00fcn h\u0131zl\u0131 d\u00fcnyas\u0131nda yorgunluk, \u00e7e\u015fitli sekt\u00f6rlerdeki bireyleri etkileyen yayg\u0131n bir sorundur. \u0130ster uzun saatler \u00e7al\u0131\u015f\u0131n, ister d\u00fczensiz vardiyalar yap\u0131n, ister sadece yo\u011fun bir hayat s\u00fcr\u00fcn, anlay\u0131\u015f <strong>yorgunluk y\u00f6netimi<\/strong> \u00e7ok \u00f6nemlidir. Yorgunluk \u00fcretkenli\u011fin azalmas\u0131na, kaza riskinin artmas\u0131na ve genel refah\u0131n azalmas\u0131na neden olabilir. Kapsaml\u0131 e\u011fitimimizin devreye girdi\u011fi yer buras\u0131d\u0131r.<\/p>\n<p>Uzmanla\u015fm\u0131\u015f teklifler sunuyoruz<strong>\u00a0e\u011fitim<\/strong> Yorgunlukla ilgili riskleri etkili bir \u015fekilde y\u00f6netmek ve azaltmak i\u00e7in sizi bilgi ve becerilerle donatmak \u00fczere tasarlanm\u0131\u015ft\u0131r. Kursumuz yorgunluk belirtilerini tan\u0131maktan pratik stratejileri uygulamaya kadar her \u015feyi kapsar.<\/p>\n<h2>Ne \u00d6\u011freneceksiniz<\/h2>\n<p>Program\u0131m\u0131z \u00e7e\u015fitli sekt\u00f6rlerin ve bireylerin ihtiya\u00e7lar\u0131n\u0131 kar\u015f\u0131layacak \u015fekilde tasarlanm\u0131\u015ft\u0131r. \u0130\u015fte \u00f6\u011freneceklerinize k\u0131sa bir bak\u0131\u015f:<\/p>\n<ul>\n<li>Yorgunlu\u011fun ard\u0131ndaki bilimi ve bunun fiziksel ve zihinsel sa\u011fl\u0131k \u00fczerindeki etkisini anlamak.<\/li>\n<li>Kendinizde ve ba\u015fkalar\u0131nda yorgunlu\u011fun belirti ve semptomlar\u0131n\u0131 tan\u0131mak.<\/li>\n<li>Hem i\u015fte hem de g\u00fcnl\u00fck ya\u015famda etkili yorgunluk y\u00f6netimi stratejileri uygulamak.<\/li>\n<li>Refah\u0131 art\u0131ran ve yorgunlu\u011fa ba\u011fl\u0131 riskleri azaltan daha sa\u011fl\u0131kl\u0131 bir \u00e7al\u0131\u015fma ortam\u0131 yaratmak.<\/li>\n<\/ul>\n<h2>Kazan\u0131n<strong>\u00a0Sertifika<\/strong><\/h2>\n<p>E\u011fitim program\u0131m\u0131z\u0131 ba\u015far\u0131yla tamamlad\u0131\u011f\u0131n\u0131zda, bir sertifika alacaks\u0131n\u0131z. <strong>yorgunluk y\u00f6netimi sertifikas\u0131<\/strong> Bu, yorgunlu\u011fu y\u00f6netme ve azaltma konusundaki uzmanl\u0131\u011f\u0131n\u0131z\u0131 g\u00f6sterir. Bu sertifika, ister i\u015fyeri g\u00fcvenli\u011fini art\u0131rmak isteyen bir i\u015fveren, ister kimlik bilgilerinizi ve istihdam edilebilirli\u011finizi art\u0131rmak isteyen bir ki\u015fi olun, de\u011ferli bir varl\u0131kt\u0131r.<\/p>\n<h2>Neden Yorgunluk Y\u00f6netimi i\u00e7in Global E\u011fitimi Se\u00e7melisiniz?<\/h2>\n<p>\u0130\u015finiz i\u00e7in Global Training&#039;i se\u00e7menizin birka\u00e7 nedeni var. <strong>yorgunluk y\u00f6netimi<\/strong> ihtiya\u00e7lar:<\/p>\n<ul>\n<li><strong>Uzman E\u011fitmenler:<\/strong> Yorgunluk y\u00f6netiminde uzun y\u0131llara dayanan deneyime sahip sekt\u00f6r uzmanlar\u0131ndan bilgi edinin.<\/li>\n<li><strong>Esnek \u00d6\u011frenme:<\/strong> \u00c7evrimi\u00e7i kurslar\u0131m\u0131z, yo\u011fun program\u0131n\u0131za uyum sa\u011flayarak kendi h\u0131z\u0131n\u0131zda \u00f6\u011frenmenize olanak tan\u0131r.<\/li>\n<li><strong>Pratik Stratejiler:<\/strong> Hemen uygulayabilece\u011finiz pratik, ger\u00e7ek d\u00fcnya stratejilerine eri\u015fin.<\/li>\n<\/ul>\n<h2>Yorgunlu\u011fa Kar\u015f\u0131 Bug\u00fcn Harekete Ge\u00e7in!<\/h2>\n<p>Yorgunlu\u011fun g\u00fcvenli\u011finizi, sa\u011fl\u0131\u011f\u0131n\u0131z\u0131 veya \u00fcretkenli\u011finizi tehlikeye atmas\u0131na izin vermeyin. Bize kat\u0131l\u0131n<strong>\u00a0e\u011fitim<\/strong> programlay\u0131n ve daha sa\u011fl\u0131kl\u0131, daha g\u00fcvenli ve daha \u00fcretken bir ya\u015fama do\u011fru ilk ad\u0131m\u0131 at\u0131n. Kapsaml\u0131 kursumuzla, yorgunlu\u011fu etkili bir \u015fekilde y\u00f6netmek ve ki\u015fisel ve profesyonel ya\u015fam\u0131n\u0131zda ba\u015far\u0131l\u0131 olmak i\u00e7in ihtiya\u00e7 duydu\u011funuz bilgi ve sertifikay\u0131 kazanacaks\u0131n\u0131z.<\/p>","protected":false},"excerpt":{"rendered":"<p>G\u00fcvenli\u011finizi, \u00fcretkenli\u011finizi ve refah\u0131n\u0131z\u0131 geli\u015ftirin <strong>yorgunluk y\u00f6netimi e\u011fitimi<\/strong>. De\u011ferli kazan\u0131n <strong>yorgunluk y\u00f6netimi sertifikas\u0131<\/strong> ve alan\u0131n\u0131zda \u00f6ne \u00e7\u0131k\u0131n.<\/p>","protected":false},"featured_media":27172,"template":"","meta":{"_et_pb_use_builder":"","_et_pb_old_content":"","_et_gb_content_width":""},"product_brand":[],"product_cat":[143,148,156,172],"product_tag":[],"class_list":{"0":"post-28505","1":"product","2":"type-product","3":"status-publish","4":"has-post-thumbnail","6":"product_cat-health-and-safety","7":"product_cat-hr","8":"product_cat-occupational-health-and-safety","9":"product_cat-workplace-policies-and-procedures","11":"first","12":"instock","13":"virtual","14":"sold-individually","15":"purchasable","16":"product-type-simple"},"yoast_head":"<!-- This site is optimized with the Yoast SEO plugin v27.3 - https:\/\/yoast.com\/product\/yoast-seo-wordpress\/ -->\n<title>Fatigue Management - Global Safety &amp; Environmental<\/title>\n<meta name=\"description\" content=\"Learn effective fatigue management with our comprehensive training program. Earn your fatigue management certificate and take control of your well-being.\" \/>\n<meta name=\"robots\" content=\"index, follow, max-snippet:-1, max-image-preview:large, max-video-preview:-1\" \/>\n<link rel=\"canonical\" href=\"https:\/\/globaltraining.com\/tr\/urun\/yorgunluk-yonetimi\/\" \/>\n<meta property=\"og:locale\" content=\"tr_TR\" \/>\n<meta property=\"og:type\" content=\"article\" \/>\n<meta property=\"og:title\" content=\"Fatigue Management - Global Safety &amp; Environmental\" \/>\n<meta property=\"og:description\" content=\"Learn effective fatigue management with our comprehensive training program. Earn your fatigue management certificate and take control of your well-being.\" \/>\n<meta property=\"og:url\" content=\"https:\/\/globaltraining.com\/tr\/urun\/yorgunluk-yonetimi\/\" \/>\n<meta property=\"og:site_name\" content=\"Global Safety &amp; Environmental\" \/>\n<meta property=\"article:modified_time\" content=\"2024-12-06T17:40:30+00:00\" \/>\n<meta property=\"og:image\" content=\"https:\/\/globaltraining.com\/wp-content\/uploads\/2021\/08\/fatigue4x6.jpg\" \/>\n\t<meta property=\"og:image:width\" content=\"1200\" \/>\n\t<meta property=\"og:image:height\" content=\"800\" \/>\n\t<meta property=\"og:image:type\" content=\"image\/jpeg\" \/>\n<meta name=\"twitter:card\" content=\"summary_large_image\" \/>\n<meta name=\"twitter:label1\" content=\"Est. reading time\" \/>\n\t<meta name=\"twitter:data1\" content=\"2 minutes\" \/>\n<script type=\"application\/ld+json\" class=\"yoast-schema-graph\">{\"@context\":\"https:\\\/\\\/schema.org\",\"@graph\":[{\"@type\":\"WebPage\",\"@id\":\"https:\\\/\\\/globaltraining.com\\\/product\\\/fatigue-management\\\/\",\"url\":\"https:\\\/\\\/globaltraining.com\\\/product\\\/fatigue-management\\\/\",\"name\":\"Fatigue Management - Global Safety &amp; Environmental\",\"isPartOf\":{\"@id\":\"https:\\\/\\\/globaltraining.com\\\/#website\"},\"primaryImageOfPage\":{\"@id\":\"https:\\\/\\\/globaltraining.com\\\/product\\\/fatigue-management\\\/#primaryimage\"},\"image\":{\"@id\":\"https:\\\/\\\/globaltraining.com\\\/product\\\/fatigue-management\\\/#primaryimage\"},\"thumbnailUrl\":\"https:\\\/\\\/globaltraining.com\\\/wp-content\\\/uploads\\\/2021\\\/08\\\/fatigue4x6.jpg\",\"datePublished\":\"2023-09-08T18:06:41+00:00\",\"dateModified\":\"2024-12-06T17:40:30+00:00\",\"description\":\"Learn effective fatigue management with our comprehensive training program. Earn your fatigue management certificate and take control of your well-being.\",\"breadcrumb\":{\"@id\":\"https:\\\/\\\/globaltraining.com\\\/product\\\/fatigue-management\\\/#breadcrumb\"},\"inLanguage\":\"tr-TR\",\"potentialAction\":[{\"@type\":\"ReadAction\",\"target\":[\"https:\\\/\\\/globaltraining.com\\\/product\\\/fatigue-management\\\/\"]}]},{\"@type\":\"ImageObject\",\"inLanguage\":\"tr-TR\",\"@id\":\"https:\\\/\\\/globaltraining.com\\\/product\\\/fatigue-management\\\/#primaryimage\",\"url\":\"https:\\\/\\\/globaltraining.com\\\/wp-content\\\/uploads\\\/2021\\\/08\\\/fatigue4x6.jpg\",\"contentUrl\":\"https:\\\/\\\/globaltraining.com\\\/wp-content\\\/uploads\\\/2021\\\/08\\\/fatigue4x6.jpg\",\"width\":1200,\"height\":800,\"caption\":\"fatigue management\"},{\"@type\":\"BreadcrumbList\",\"@id\":\"https:\\\/\\\/globaltraining.com\\\/product\\\/fatigue-management\\\/#breadcrumb\",\"itemListElement\":[{\"@type\":\"ListItem\",\"position\":1,\"name\":\"Home\",\"item\":\"https:\\\/\\\/globaltraining.com\\\/\"},{\"@type\":\"ListItem\",\"position\":2,\"name\":\"Productos\",\"item\":\"https:\\\/\\\/globaltraining.com\\\/es\\\/shop\\\/\"},{\"@type\":\"ListItem\",\"position\":3,\"name\":\"Fatigue Management\"}]},{\"@type\":\"WebSite\",\"@id\":\"https:\\\/\\\/globaltraining.com\\\/#website\",\"url\":\"https:\\\/\\\/globaltraining.com\\\/\",\"name\":\"Global Safety & Environmental\",\"description\":\"Full Service Health, Safety, and Environmental Courses\",\"publisher\":{\"@id\":\"https:\\\/\\\/globaltraining.com\\\/#organization\"},\"potentialAction\":[{\"@type\":\"SearchAction\",\"target\":{\"@type\":\"EntryPoint\",\"urlTemplate\":\"https:\\\/\\\/globaltraining.com\\\/?s={search_term_string}\"},\"query-input\":{\"@type\":\"PropertyValueSpecification\",\"valueRequired\":true,\"valueName\":\"search_term_string\"}}],\"inLanguage\":\"tr-TR\"},{\"@type\":\"Organization\",\"@id\":\"https:\\\/\\\/globaltraining.com\\\/#organization\",\"name\":\"Global Safety & Environmental\",\"url\":\"https:\\\/\\\/globaltraining.com\\\/\",\"logo\":{\"@type\":\"ImageObject\",\"inLanguage\":\"tr-TR\",\"@id\":\"https:\\\/\\\/globaltraining.com\\\/#\\\/schema\\\/logo\\\/image\\\/\",\"url\":\"https:\\\/\\\/globaltraining.com\\\/wp-content\\\/uploads\\\/2021\\\/01\\\/GSE-Logo-for-email.png\",\"contentUrl\":\"https:\\\/\\\/globaltraining.com\\\/wp-content\\\/uploads\\\/2021\\\/01\\\/GSE-Logo-for-email.png\",\"width\":400,\"height\":101,\"caption\":\"Global Safety & Environmental\"},\"image\":{\"@id\":\"https:\\\/\\\/globaltraining.com\\\/#\\\/schema\\\/logo\\\/image\\\/\"}}]}<\/script>\n<!-- \/ Yoast SEO plugin. -->","yoast_head_json":{"title":"Yorgunluk Y\u00f6netimi - K\u00fcresel G\u00fcvenlik ve \u00c7evre","description":"Kapsaml\u0131 e\u011fitim program\u0131m\u0131zla etkili yorgunluk y\u00f6netimini \u00f6\u011frenin. Yorgunluk y\u00f6netimi sertifikan\u0131z\u0131 kazan\u0131n ve refah\u0131n\u0131z\u0131n kontrol\u00fcn\u00fc elinize al\u0131n.","robots":{"index":"index","follow":"follow","max-snippet":"max-snippet:-1","max-image-preview":"max-image-preview:large","max-video-preview":"max-video-preview:-1"},"canonical":"https:\/\/globaltraining.com\/tr\/urun\/yorgunluk-yonetimi\/","og_locale":"tr_TR","og_type":"article","og_title":"Fatigue Management - Global Safety &amp; Environmental","og_description":"Learn effective fatigue management with our comprehensive training program. Earn your fatigue management certificate and take control of your well-being.","og_url":"https:\/\/globaltraining.com\/tr\/urun\/yorgunluk-yonetimi\/","og_site_name":"Global Safety &amp; Environmental","article_modified_time":"2024-12-06T17:40:30+00:00","og_image":[{"width":1200,"height":800,"url":"https:\/\/globaltraining.com\/wp-content\/uploads\/2021\/08\/fatigue4x6.jpg","type":"image\/jpeg"}],"twitter_card":"summary_large_image","twitter_misc":{"Est. reading time":"2 minutes"},"schema":{"@context":"https:\/\/schema.org","@graph":[{"@type":"WebPage","@id":"https:\/\/globaltraining.com\/product\/fatigue-management\/","url":"https:\/\/globaltraining.com\/product\/fatigue-management\/","name":"Yorgunluk Y\u00f6netimi - K\u00fcresel G\u00fcvenlik ve \u00c7evre","isPartOf":{"@id":"https:\/\/globaltraining.com\/#website"},"primaryImageOfPage":{"@id":"https:\/\/globaltraining.com\/product\/fatigue-management\/#primaryimage"},"image":{"@id":"https:\/\/globaltraining.com\/product\/fatigue-management\/#primaryimage"},"thumbnailUrl":"https:\/\/globaltraining.com\/wp-content\/uploads\/2021\/08\/fatigue4x6.jpg","datePublished":"2023-09-08T18:06:41+00:00","dateModified":"2024-12-06T17:40:30+00:00","description":"Kapsaml\u0131 e\u011fitim program\u0131m\u0131zla etkili yorgunluk y\u00f6netimini \u00f6\u011frenin. Yorgunluk y\u00f6netimi sertifikan\u0131z\u0131 kazan\u0131n ve refah\u0131n\u0131z\u0131n kontrol\u00fcn\u00fc elinize al\u0131n.","breadcrumb":{"@id":"https:\/\/globaltraining.com\/product\/fatigue-management\/#breadcrumb"},"inLanguage":"tr-TR","potentialAction":[{"@type":"ReadAction","target":["https:\/\/globaltraining.com\/product\/fatigue-management\/"]}]},{"@type":"ImageObject","inLanguage":"tr-TR","@id":"https:\/\/globaltraining.com\/product\/fatigue-management\/#primaryimage","url":"https:\/\/globaltraining.com\/wp-content\/uploads\/2021\/08\/fatigue4x6.jpg","contentUrl":"https:\/\/globaltraining.com\/wp-content\/uploads\/2021\/08\/fatigue4x6.jpg","width":1200,"height":800,"caption":"fatigue management"},{"@type":"BreadcrumbList","@id":"https:\/\/globaltraining.com\/product\/fatigue-management\/#breadcrumb","itemListElement":[{"@type":"ListItem","position":1,"name":"Home","item":"https:\/\/globaltraining.com\/"},{"@type":"ListItem","position":2,"name":"Productos","item":"https:\/\/globaltraining.com\/es\/shop\/"},{"@type":"ListItem","position":3,"name":"Fatigue Management"}]},{"@type":"WebSite","@id":"https:\/\/globaltraining.com\/#website","url":"https:\/\/globaltraining.com\/","name":"K\u00fcresel G\u00fcvenlik ve \u00c7evre","description":"Tam Hizmet Sa\u011fl\u0131k, G\u00fcvenlik ve \u00c7evre Kurslar\u0131","publisher":{"@id":"https:\/\/globaltraining.com\/#organization"},"potentialAction":[{"@type":"SearchAction","target":{"@type":"EntryPoint","urlTemplate":"https:\/\/globaltraining.com\/?s={search_term_string}"},"query-input":{"@type":"PropertyValueSpecification","valueRequired":true,"valueName":"search_term_string"}}],"inLanguage":"tr-TR"},{"@type":"Organization","@id":"https:\/\/globaltraining.com\/#organization","name":"K\u00fcresel G\u00fcvenlik ve \u00c7evre","url":"https:\/\/globaltraining.com\/","logo":{"@type":"ImageObject","inLanguage":"tr-TR","@id":"https:\/\/globaltraining.com\/#\/schema\/logo\/image\/","url":"https:\/\/globaltraining.com\/wp-content\/uploads\/2021\/01\/GSE-Logo-for-email.png","contentUrl":"https:\/\/globaltraining.com\/wp-content\/uploads\/2021\/01\/GSE-Logo-for-email.png","width":400,"height":101,"caption":"Global Safety & Environmental"},"image":{"@id":"https:\/\/globaltraining.com\/#\/schema\/logo\/image\/"}}]}},"_links":{"self":[{"href":"https:\/\/globaltraining.com\/tr\/wp-json\/wp\/v2\/product\/28505","targetHints":{"allow":["GET"]}}],"collection":[{"href":"https:\/\/globaltraining.com\/tr\/wp-json\/wp\/v2\/product"}],"about":[{"href":"https:\/\/globaltraining.com\/tr\/wp-json\/wp\/v2\/types\/product"}],"wp:featuredmedia":[{"embeddable":true,"href":"https:\/\/globaltraining.com\/tr\/wp-json\/wp\/v2\/media\/27172"}],"wp:attachment":[{"href":"https:\/\/globaltraining.com\/tr\/wp-json\/wp\/v2\/media?parent=28505"}],"wp:term":[{"taxonomy":"product_brand","embeddable":true,"href":"https:\/\/globaltraining.com\/tr\/wp-json\/wp\/v2\/product_brand?post=28505"},{"taxonomy":"product_cat","embeddable":true,"href":"https:\/\/globaltraining.com\/tr\/wp-json\/wp\/v2\/product_cat?post=28505"},{"taxonomy":"product_tag","embeddable":true,"href":"https:\/\/globaltraining.com\/tr\/wp-json\/wp\/v2\/product_tag?post=28505"}],"curies":[{"name":"wp","href":"https:\/\/api.w.org\/{rel}","templated":true}]}}