{"id":28504,"date":"2023-09-08T13:04:50","date_gmt":"2023-09-08T18:04:50","guid":{"rendered":"https:\/\/globaltraining.com\/?post_type=product&#038;p=28504"},"modified":"2024-12-06T11:41:07","modified_gmt":"2024-12-06T17:41:07","slug":"dusmeye-karsi-koruma-kurtarma-plani","status":"publish","type":"product","link":"https:\/\/globaltraining.com\/tr\/product\/fall-protection-rescue-plan\/","title":{"rendered":"D\u00fc\u015fmeye Kar\u015f\u0131 Koruma Kurtarma Plan\u0131"},"content":{"rendered":"<h2>D\u00fc\u015fmeye Kar\u015f\u0131 Koruma Kurtarma Planlar\u0131n\u0131n \u00d6nemini Anlamak<\/h2>\n<p>Y\u00fcksekte \u00e7al\u0131\u015f\u0131rken g\u00fcvenli\u011fin sa\u011flanmas\u0131 \u00e7ok \u00f6nemlidir. Buras\u0131 bir <strong>D\u00fc\u015fme Korumas\u0131 Kurtarma<\/strong>\u00a0devreye giriyor. D\u00fc\u015fme tehlikesinin mevcut oldu\u011fu her durumda, iyi haz\u0131rlanm\u0131\u015f bir kurtarma plan\u0131, ya\u015famla \u00f6l\u00fcm aras\u0131ndaki fark anlam\u0131na gelebilir. Bu kapsaml\u0131 e\u011fitim kursunda, etkili bir d\u00fc\u015fmeye kar\u015f\u0131 koruma kurtarma plan\u0131 olu\u015fturman\u0131n ve uygulaman\u0131n kritik y\u00f6nlerini ele alaca\u011f\u0131z.<\/p>\n<p>Kursumuz, sizi yaln\u0131zca bir kurtarma plan\u0131n\u0131n \u00f6nemini anlamak i\u00e7in de\u011fil, ayn\u0131 zamanda i\u015fyerinizin \u00f6zel ihtiya\u00e7lar\u0131na uygun bir plan olu\u015fturmak i\u00e7in gereken bilgi ve becerilerle donatmak \u00fczere tasarlanm\u0131\u015ft\u0131r. \u0130ster bir amir, ister g\u00fcvenlik uzman\u0131 veya d\u00fc\u015fme tehlikelerine maruz kalan \u00e7al\u0131\u015fan olun, bu e\u011fitim \u00e7ok \u00f6nemlidir.<\/p>\n<h2>Kurtarma Plan\u0131n\u0131n Bile\u015fenleri<\/h2>\n<p>D\u00fc\u015fmeye kar\u015f\u0131 koruma kurtarma plan\u0131 olu\u015fturmak birka\u00e7 temel bile\u015feni i\u00e7erir:<\/p>\n<ul>\n<li><strong>\u00d6nleme Tedbirleri:<\/strong> \u00d6nleme yoluyla d\u00fc\u015fme tehlikelerini nas\u0131l de\u011ferlendirece\u011finizi ve azaltaca\u011f\u0131n\u0131z\u0131 \u00f6\u011frenin.<\/li>\n<li><strong>Yan\u0131t Prosed\u00fcrleri:<\/strong> D\u00fc\u015fme meydana geldi\u011finde yap\u0131lmas\u0131 gerekenleri ad\u0131m ad\u0131m anlay\u0131n.<\/li>\n<li><strong>Kurtarma Ekipman\u0131:<\/strong> \u00c7e\u015fitli kurtarma ekipman\u0131 t\u00fcrleri ve bunlar\u0131n do\u011fru kullan\u0131m\u0131 hakk\u0131nda bilgi edinin.<\/li>\n<li><strong>\u0130leti\u015fim:<\/strong> Kurtarma operasyonlar\u0131 s\u0131ras\u0131nda etkili ileti\u015fim tekniklerini \u00f6\u011frenin.<\/li>\n<\/ul>\n<h2>\u00d6rnek D\u00fc\u015fme Koruma Kurtarma Plan\u0131n\u0131z\u0131 Olu\u015fturma<\/h2>\n<p>E\u011fitimimizin bir par\u00e7as\u0131 olarak, bir yaratma f\u0131rsat\u0131na sahip olacaks\u0131n\u0131z. <strong>\u00d6rnek D\u00fc\u015fme Koruma Plan\u0131<\/strong> i\u015f yerinize g\u00f6re uyarlanm\u0131\u015ft\u0131r. Bu uygulamal\u0131 deneyim, kursumuzdan sadece teorik bilgilerle de\u011fil ayn\u0131 zamanda pratik, kullan\u0131\u015fl\u0131 bir kurtarma plan\u0131yla ayr\u0131lman\u0131z\u0131 sa\u011flar.<\/p>\n<p>D\u00fc\u015fmeye kar\u015f\u0131 koruma ve kurtarma planlamas\u0131nda uzman olan e\u011fitmenlerimiz, plan\u0131n\u0131z\u0131n etkinli\u011fini art\u0131racak bilgiler ve \u00f6neriler sunarak s\u00fcre\u00e7 boyunca size rehberlik edecektir.<\/p>\n<h2>Beklemeyin \u2013 Bug\u00fcn G\u00fcvenli\u011fe \u00d6ncelik Verin!<\/h2>\n<p>Kay\u0131t olarak ekibinizin ve i\u015f yerinizin g\u00fcvenli\u011fine yat\u0131r\u0131m yap\u0131n. <strong>D\u00fc\u015fme Korumas\u0131 Kurtarma<\/strong>\u00a0e\u011fitim. D\u00fc\u015fme acil durumlar\u0131na etkili bir \u015fekilde m\u00fcdahale etmeye haz\u0131r oldu\u011funuz, daha g\u00fcvenli bir \u00e7al\u0131\u015fma ortam\u0131 yaratmaya y\u00f6nelik ilk ad\u0131m\u0131 at\u0131n.<\/p>","protected":false},"excerpt":{"rendered":"<p>Kendinizi ve ekibinizi, bir proje yaratacak bilgi ve becerilerle donat\u0131n. <strong>D\u00fc\u015fmeye Kar\u015f\u0131 Koruma Kurtarma Plan\u0131<\/strong> Kapsaml\u0131 e\u011fitim kursumuzla. D\u00fc\u015fmeyle ilgili acil durumlara haz\u0131rl\u0131kl\u0131 olun ve i\u015f yerinizde g\u00fcvenli\u011fe \u00f6ncelik verin.<\/p>","protected":false},"featured_media":27160,"template":"","meta":{"_et_pb_use_builder":"","_et_pb_old_content":"","_et_gb_content_width":""},"product_brand":[],"product_cat":[131,134,156,171],"product_tag":[],"class_list":{"0":"post-28504","1":"product","2":"type-product","3":"status-publish","4":"has-post-thumbnail","6":"product_cat-emergency-preparedness","7":"product_cat-fall-protection","8":"product_cat-occupational-health-and-safety","9":"product_cat-working-at-heights","11":"first","12":"instock","13":"virtual","14":"sold-individually","15":"purchasable","16":"product-type-simple"},"yoast_head":"<!-- This site is optimized with the Yoast SEO plugin v27.3 - https:\/\/yoast.com\/product\/yoast-seo-wordpress\/ -->\n<title>Fall Protection Rescue Plan - Global Safety &amp; Environmental<\/title>\n<meta name=\"description\" content=\"Learn the importance of a Fall Protection Rescue Plan and create your sample plan in our comprehensive training. Be prepared for fall emergencies.\" \/>\n<meta name=\"robots\" content=\"index, follow, max-snippet:-1, max-image-preview:large, max-video-preview:-1\" \/>\n<link rel=\"canonical\" href=\"https:\/\/globaltraining.com\/tr\/urun\/dusmeye-karsi-koruma-kurtarma-plani\/\" \/>\n<meta property=\"og:locale\" content=\"tr_TR\" \/>\n<meta property=\"og:type\" content=\"article\" \/>\n<meta property=\"og:title\" content=\"Fall Protection Rescue Plan - Global Safety &amp; Environmental\" \/>\n<meta property=\"og:description\" content=\"Learn the importance of a Fall Protection Rescue Plan and create your sample plan in our comprehensive training. Be prepared for fall emergencies.\" \/>\n<meta property=\"og:url\" content=\"https:\/\/globaltraining.com\/tr\/urun\/dusmeye-karsi-koruma-kurtarma-plani\/\" \/>\n<meta property=\"og:site_name\" content=\"Global Safety &amp; Environmental\" \/>\n<meta property=\"article:modified_time\" content=\"2024-12-06T17:41:07+00:00\" \/>\n<meta property=\"og:image\" content=\"https:\/\/globaltraining.com\/wp-content\/uploads\/2021\/11\/FPR.jpg\" \/>\n\t<meta property=\"og:image:width\" content=\"1200\" \/>\n\t<meta property=\"og:image:height\" content=\"800\" \/>\n\t<meta property=\"og:image:type\" content=\"image\/jpeg\" \/>\n<meta name=\"twitter:card\" content=\"summary_large_image\" \/>\n<meta name=\"twitter:label1\" content=\"Est. reading time\" \/>\n\t<meta name=\"twitter:data1\" content=\"2 minutes\" \/>\n<script type=\"application\/ld+json\" class=\"yoast-schema-graph\">{\"@context\":\"https:\\\/\\\/schema.org\",\"@graph\":[{\"@type\":\"WebPage\",\"@id\":\"https:\\\/\\\/globaltraining.com\\\/product\\\/fall-protection-rescue-plan\\\/\",\"url\":\"https:\\\/\\\/globaltraining.com\\\/product\\\/fall-protection-rescue-plan\\\/\",\"name\":\"Fall Protection Rescue Plan - Global Safety &amp; Environmental\",\"isPartOf\":{\"@id\":\"https:\\\/\\\/globaltraining.com\\\/#website\"},\"primaryImageOfPage\":{\"@id\":\"https:\\\/\\\/globaltraining.com\\\/product\\\/fall-protection-rescue-plan\\\/#primaryimage\"},\"image\":{\"@id\":\"https:\\\/\\\/globaltraining.com\\\/product\\\/fall-protection-rescue-plan\\\/#primaryimage\"},\"thumbnailUrl\":\"https:\\\/\\\/globaltraining.com\\\/wp-content\\\/uploads\\\/2021\\\/11\\\/FPR.jpg\",\"datePublished\":\"2023-09-08T18:04:50+00:00\",\"dateModified\":\"2024-12-06T17:41:07+00:00\",\"description\":\"Learn the importance of a Fall Protection Rescue Plan and create your sample plan in our comprehensive training. Be prepared for fall emergencies.\",\"breadcrumb\":{\"@id\":\"https:\\\/\\\/globaltraining.com\\\/product\\\/fall-protection-rescue-plan\\\/#breadcrumb\"},\"inLanguage\":\"tr-TR\",\"potentialAction\":[{\"@type\":\"ReadAction\",\"target\":[\"https:\\\/\\\/globaltraining.com\\\/product\\\/fall-protection-rescue-plan\\\/\"]}]},{\"@type\":\"ImageObject\",\"inLanguage\":\"tr-TR\",\"@id\":\"https:\\\/\\\/globaltraining.com\\\/product\\\/fall-protection-rescue-plan\\\/#primaryimage\",\"url\":\"https:\\\/\\\/globaltraining.com\\\/wp-content\\\/uploads\\\/2021\\\/11\\\/FPR.jpg\",\"contentUrl\":\"https:\\\/\\\/globaltraining.com\\\/wp-content\\\/uploads\\\/2021\\\/11\\\/FPR.jpg\",\"width\":1200,\"height\":800,\"caption\":\"fall protection rescue plan\"},{\"@type\":\"BreadcrumbList\",\"@id\":\"https:\\\/\\\/globaltraining.com\\\/product\\\/fall-protection-rescue-plan\\\/#breadcrumb\",\"itemListElement\":[{\"@type\":\"ListItem\",\"position\":1,\"name\":\"Home\",\"item\":\"https:\\\/\\\/globaltraining.com\\\/\"},{\"@type\":\"ListItem\",\"position\":2,\"name\":\"Productos\",\"item\":\"https:\\\/\\\/globaltraining.com\\\/es\\\/shop\\\/\"},{\"@type\":\"ListItem\",\"position\":3,\"name\":\"Fall Protection Rescue Plan\"}]},{\"@type\":\"WebSite\",\"@id\":\"https:\\\/\\\/globaltraining.com\\\/#website\",\"url\":\"https:\\\/\\\/globaltraining.com\\\/\",\"name\":\"Global Safety & Environmental\",\"description\":\"Full Service Health, Safety, and Environmental Courses\",\"publisher\":{\"@id\":\"https:\\\/\\\/globaltraining.com\\\/#organization\"},\"potentialAction\":[{\"@type\":\"SearchAction\",\"target\":{\"@type\":\"EntryPoint\",\"urlTemplate\":\"https:\\\/\\\/globaltraining.com\\\/?s={search_term_string}\"},\"query-input\":{\"@type\":\"PropertyValueSpecification\",\"valueRequired\":true,\"valueName\":\"search_term_string\"}}],\"inLanguage\":\"tr-TR\"},{\"@type\":\"Organization\",\"@id\":\"https:\\\/\\\/globaltraining.com\\\/#organization\",\"name\":\"Global Safety & Environmental\",\"url\":\"https:\\\/\\\/globaltraining.com\\\/\",\"logo\":{\"@type\":\"ImageObject\",\"inLanguage\":\"tr-TR\",\"@id\":\"https:\\\/\\\/globaltraining.com\\\/#\\\/schema\\\/logo\\\/image\\\/\",\"url\":\"https:\\\/\\\/globaltraining.com\\\/wp-content\\\/uploads\\\/2021\\\/01\\\/GSE-Logo-for-email.png\",\"contentUrl\":\"https:\\\/\\\/globaltraining.com\\\/wp-content\\\/uploads\\\/2021\\\/01\\\/GSE-Logo-for-email.png\",\"width\":400,\"height\":101,\"caption\":\"Global Safety & Environmental\"},\"image\":{\"@id\":\"https:\\\/\\\/globaltraining.com\\\/#\\\/schema\\\/logo\\\/image\\\/\"}}]}<\/script>\n<!-- \/ Yoast SEO plugin. -->","yoast_head_json":{"title":"D\u00fc\u015fme Koruma Kurtarma Plan\u0131 - K\u00fcresel G\u00fcvenlik ve \u00c7evre","description":"D\u00fc\u015fme Korumas\u0131 Kurtarma Plan\u0131n\u0131n \u00f6nemini \u00f6\u011frenin ve kapsaml\u0131 e\u011fitimimizde \u00f6rnek plan\u0131n\u0131z\u0131 olu\u015fturun. D\u00fc\u015fme acil durumlar\u0131na haz\u0131rl\u0131kl\u0131 olun.","robots":{"index":"index","follow":"follow","max-snippet":"max-snippet:-1","max-image-preview":"max-image-preview:large","max-video-preview":"max-video-preview:-1"},"canonical":"https:\/\/globaltraining.com\/tr\/urun\/dusmeye-karsi-koruma-kurtarma-plani\/","og_locale":"tr_TR","og_type":"article","og_title":"Fall Protection Rescue Plan - Global Safety &amp; Environmental","og_description":"Learn the importance of a Fall Protection Rescue Plan and create your sample plan in our comprehensive training. Be prepared for fall emergencies.","og_url":"https:\/\/globaltraining.com\/tr\/urun\/dusmeye-karsi-koruma-kurtarma-plani\/","og_site_name":"Global Safety &amp; Environmental","article_modified_time":"2024-12-06T17:41:07+00:00","og_image":[{"width":1200,"height":800,"url":"https:\/\/globaltraining.com\/wp-content\/uploads\/2021\/11\/FPR.jpg","type":"image\/jpeg"}],"twitter_card":"summary_large_image","twitter_misc":{"Est. reading time":"2 minutes"},"schema":{"@context":"https:\/\/schema.org","@graph":[{"@type":"WebPage","@id":"https:\/\/globaltraining.com\/product\/fall-protection-rescue-plan\/","url":"https:\/\/globaltraining.com\/product\/fall-protection-rescue-plan\/","name":"D\u00fc\u015fme Koruma Kurtarma Plan\u0131 - K\u00fcresel G\u00fcvenlik ve \u00c7evre","isPartOf":{"@id":"https:\/\/globaltraining.com\/#website"},"primaryImageOfPage":{"@id":"https:\/\/globaltraining.com\/product\/fall-protection-rescue-plan\/#primaryimage"},"image":{"@id":"https:\/\/globaltraining.com\/product\/fall-protection-rescue-plan\/#primaryimage"},"thumbnailUrl":"https:\/\/globaltraining.com\/wp-content\/uploads\/2021\/11\/FPR.jpg","datePublished":"2023-09-08T18:04:50+00:00","dateModified":"2024-12-06T17:41:07+00:00","description":"D\u00fc\u015fme Korumas\u0131 Kurtarma Plan\u0131n\u0131n \u00f6nemini \u00f6\u011frenin ve kapsaml\u0131 e\u011fitimimizde \u00f6rnek plan\u0131n\u0131z\u0131 olu\u015fturun. D\u00fc\u015fme acil durumlar\u0131na haz\u0131rl\u0131kl\u0131 olun.","breadcrumb":{"@id":"https:\/\/globaltraining.com\/product\/fall-protection-rescue-plan\/#breadcrumb"},"inLanguage":"tr-TR","potentialAction":[{"@type":"ReadAction","target":["https:\/\/globaltraining.com\/product\/fall-protection-rescue-plan\/"]}]},{"@type":"ImageObject","inLanguage":"tr-TR","@id":"https:\/\/globaltraining.com\/product\/fall-protection-rescue-plan\/#primaryimage","url":"https:\/\/globaltraining.com\/wp-content\/uploads\/2021\/11\/FPR.jpg","contentUrl":"https:\/\/globaltraining.com\/wp-content\/uploads\/2021\/11\/FPR.jpg","width":1200,"height":800,"caption":"fall protection rescue plan"},{"@type":"BreadcrumbList","@id":"https:\/\/globaltraining.com\/product\/fall-protection-rescue-plan\/#breadcrumb","itemListElement":[{"@type":"ListItem","position":1,"name":"Home","item":"https:\/\/globaltraining.com\/"},{"@type":"ListItem","position":2,"name":"Productos","item":"https:\/\/globaltraining.com\/es\/shop\/"},{"@type":"ListItem","position":3,"name":"Fall Protection Rescue Plan"}]},{"@type":"WebSite","@id":"https:\/\/globaltraining.com\/#website","url":"https:\/\/globaltraining.com\/","name":"K\u00fcresel G\u00fcvenlik ve \u00c7evre","description":"Tam Hizmet Sa\u011fl\u0131k, G\u00fcvenlik ve \u00c7evre Kurslar\u0131","publisher":{"@id":"https:\/\/globaltraining.com\/#organization"},"potentialAction":[{"@type":"SearchAction","target":{"@type":"EntryPoint","urlTemplate":"https:\/\/globaltraining.com\/?s={search_term_string}"},"query-input":{"@type":"PropertyValueSpecification","valueRequired":true,"valueName":"search_term_string"}}],"inLanguage":"tr-TR"},{"@type":"Organization","@id":"https:\/\/globaltraining.com\/#organization","name":"K\u00fcresel G\u00fcvenlik ve \u00c7evre","url":"https:\/\/globaltraining.com\/","logo":{"@type":"ImageObject","inLanguage":"tr-TR","@id":"https:\/\/globaltraining.com\/#\/schema\/logo\/image\/","url":"https:\/\/globaltraining.com\/wp-content\/uploads\/2021\/01\/GSE-Logo-for-email.png","contentUrl":"https:\/\/globaltraining.com\/wp-content\/uploads\/2021\/01\/GSE-Logo-for-email.png","width":400,"height":101,"caption":"Global Safety & Environmental"},"image":{"@id":"https:\/\/globaltraining.com\/#\/schema\/logo\/image\/"}}]}},"_links":{"self":[{"href":"https:\/\/globaltraining.com\/tr\/wp-json\/wp\/v2\/product\/28504","targetHints":{"allow":["GET"]}}],"collection":[{"href":"https:\/\/globaltraining.com\/tr\/wp-json\/wp\/v2\/product"}],"about":[{"href":"https:\/\/globaltraining.com\/tr\/wp-json\/wp\/v2\/types\/product"}],"wp:featuredmedia":[{"embeddable":true,"href":"https:\/\/globaltraining.com\/tr\/wp-json\/wp\/v2\/media\/27160"}],"wp:attachment":[{"href":"https:\/\/globaltraining.com\/tr\/wp-json\/wp\/v2\/media?parent=28504"}],"wp:term":[{"taxonomy":"product_brand","embeddable":true,"href":"https:\/\/globaltraining.com\/tr\/wp-json\/wp\/v2\/product_brand?post=28504"},{"taxonomy":"product_cat","embeddable":true,"href":"https:\/\/globaltraining.com\/tr\/wp-json\/wp\/v2\/product_cat?post=28504"},{"taxonomy":"product_tag","embeddable":true,"href":"https:\/\/globaltraining.com\/tr\/wp-json\/wp\/v2\/product_tag?post=28504"}],"curies":[{"name":"wp","href":"https:\/\/api.w.org\/{rel}","templated":true}]}}