{"id":28503,"date":"2023-09-08T13:03:25","date_gmt":"2023-09-08T18:03:25","guid":{"rendered":"https:\/\/globaltraining.com\/?post_type=product&#038;p=28503"},"modified":"2024-12-06T11:42:03","modified_gmt":"2024-12-06T17:42:03","slug":"dusmeye-karsi-koruma-son-kullanici-egitimi","status":"publish","type":"product","link":"https:\/\/globaltraining.com\/tr\/product\/fall-protection-end-user-training\/","title":{"rendered":"D\u00fc\u015fmeye Kar\u015f\u0131 Koruma Son Kullan\u0131c\u0131 E\u011fitimi"},"content":{"rendered":"<h2>D\u00fc\u015fmeye Kar\u015f\u0131 Koruman\u0131n \u00d6nemi Son Kullan\u0131c\u0131 E\u011fitimi<\/h2>\n<p>Kapsaml\u0131 program\u0131m\u0131za ho\u015f geldiniz <strong>D\u00fc\u015fmeye Kar\u015f\u0131 Koruma Son Kullan\u0131c\u0131 E\u011fitimi<\/strong>, sizin gibi bireyleri y\u00fcksekte \u00e7al\u0131\u015f\u0131rken g\u00fcvende kalmalar\u0131 i\u00e7in gereken bilgi ve becerilerle g\u00fc\u00e7lendirmek \u00fczere tasarlanm\u0131\u015ft\u0131r. D\u00fc\u015fmeler, i\u015fyeri yaralanmalar\u0131n\u0131n \u00f6nde gelen nedenidir ve t\u00fcm son kullan\u0131c\u0131lar\u0131n d\u00fc\u015fmeye kar\u015f\u0131 korunma konusunda iyi e\u011fitimli olmas\u0131n\u0131 hayati \u00f6nem ta\u015f\u0131r.<\/p>\n<p>Bu kurs sizi d\u00fc\u015fmeye kar\u015f\u0131 koruma ekipman\u0131n\u0131 do\u011fru \u015fekilde kullanmak, g\u00fcvenlik protokollerini anlamak ve \u00e7al\u0131\u015fma ortam\u0131n\u0131zdaki potansiyel d\u00fc\u015fme tehlikelerini tan\u0131mak i\u00e7in gereken temel becerilerle donatmak \u00fczere tasarlanm\u0131\u015ft\u0131r.<\/p>\n<h2>Yetkili D\u00fc\u015fme Korumas\u0131 Kullan\u0131c\u0131s\u0131 Olmak<\/h2>\n<p>A <strong>D\u00fc\u015fme Korumas\u0131 Kullan\u0131c\u0131s\u0131<\/strong> y\u00fcksekte \u00e7al\u0131\u015fan ve kazalar\u0131 \u00f6nlemek i\u00e7in d\u00fc\u015fmeye kar\u015f\u0131 koruma sistemlerine ve ekipmanlar\u0131na g\u00fcvenen ki\u015fidir. \u0130ster in\u015faat i\u015f\u00e7isi olun, ister pencere temizleyicisi olun, ister d\u00fc\u015fme tehlikesine maruz kalan herhangi bir profesyonel olun, bu e\u011fitim vazge\u00e7ilmezdir.<\/p>\n<p>Kapsaml\u0131 e\u011fitim program\u0131m\u0131z, d\u00fc\u015fmeye kar\u015f\u0131 koruma ekipman\u0131n\u0131n yetkin bir son kullan\u0131c\u0131s\u0131 olman\u0131z i\u00e7in bilmeniz gereken her \u015feyi kapsar. Do\u011fru emniyet kemerini se\u00e7mekten, ba\u011flant\u0131 noktalar\u0131n\u0131 anlamaya ve te\u00e7hizat\u0131 incelemeye kadar, y\u00fcksek yerlerde g\u00fcvenle ve emniyetle \u00e7al\u0131\u015fmak i\u00e7in gerekli uzmanl\u0131\u011f\u0131 kazanacaks\u0131n\u0131z.<\/p>\n<h2>Temel \u00d6\u011frenme Hedefleri<\/h2>\n<p>Bu kurs boyunca a\u015fa\u011f\u0131daki \u00f6\u011frenme hedeflerine ula\u015facaks\u0131n\u0131z:<\/p>\n<ul>\n<li><strong>G\u00fcvenli Ekipman Kullan\u0131m\u0131:<\/strong> D\u00fc\u015fmeye kar\u015f\u0131 koruma ekipman\u0131n\u0131 nas\u0131l do\u011fru \u015fekilde takaca\u011f\u0131n\u0131z\u0131, ayarlayaca\u011f\u0131n\u0131z\u0131 ve kullanaca\u011f\u0131n\u0131z\u0131 \u00f6\u011frenin.<\/li>\n<li><strong>D\u00fc\u015fme Tehlikesinin Tan\u0131mlanmas\u0131:<\/strong> \u00c7e\u015fitli i\u015fyeri ortamlar\u0131nda d\u00fc\u015fme tehlikelerini tan\u0131mlama yetene\u011fini geli\u015ftirin.<\/li>\n<li><strong>Acil m\u00fcdahale:<\/strong> D\u00fc\u015fme veya acil bir durumda etkili bir \u015fekilde m\u00fcdahale etmeye haz\u0131r olun.<\/li>\n<li><\/li>\n<\/ul>\n<h2>Neden D\u00fc\u015fmeye Kar\u015f\u0131 Koruma Son Kullan\u0131c\u0131 E\u011fitimimizi Se\u00e7melisiniz?<\/h2>\n<p>E\u011fitim program\u0131m\u0131za kaydolmak g\u00fcvenli\u011fi, m\u00fckemmelli\u011fi ve uyumlulu\u011fu se\u00e7mek anlam\u0131na gelir. \u0130\u015fte kursumuzun \u00f6ne \u00e7\u0131kmas\u0131n\u0131n nedeni:<\/p>\n<ul>\n<li><strong>Uzman E\u011fitmenler:<\/strong> D\u00fc\u015fmeye kar\u015f\u0131 koruma konusunda derinlemesine bilgiye sahip deneyimli e\u011fitmenlerden bilgi edinin.<\/li>\n<li><strong>Uygulamal\u0131 \u00d6\u011frenme:<\/strong> Anlay\u0131\u015f\u0131n\u0131z\u0131 ve becerilerinizi g\u00fc\u00e7lendirmek i\u00e7in pratik al\u0131\u015ft\u0131rmalara kat\u0131l\u0131n.<\/li>\n<li><strong>\u00d6zelle\u015ftirilmi\u015f E\u011fitim:<\/strong> Hem bireylere hem de kurulu\u015flara hitap edecek esnek e\u011fitim se\u00e7enekleri sunuyoruz.<\/li>\n<\/ul>\n<h2>Daha G\u00fcvenli Y\u00fcksekliklere Yolculu\u011funuza Ba\u015flay\u0131n<\/h2>\n<p>G\u00fcvenlik s\u00f6z konusu oldu\u011funda taviz vermeyin. Bize kat\u0131l\u0131n <strong>D\u00fc\u015fmeye Kar\u015f\u0131 Koruma Kullan\u0131c\u0131 E\u011fitimi<\/strong> bug\u00fcn ve yetkin bir d\u00fc\u015fme korumas\u0131 kullan\u0131c\u0131s\u0131 olma yolunda ilk ad\u0131m\u0131 at\u0131n. G\u00fcvenli\u011fe olan ba\u011fl\u0131l\u0131\u011f\u0131n\u0131z hayat kurtarabilir ve kazalar\u0131 \u00f6nleyebilir.<\/p>","protected":false},"excerpt":{"rendered":"<p>D\u00fc\u015fmeyi \u00f6nlemek ve y\u00fcksekte g\u00fcvende kalmak i\u00e7in kendinizi bilgi ve becerilerle donat\u0131n. <strong>D\u00fc\u015fmeye Kar\u015f\u0131 Koruma Son Kullan\u0131c\u0131 E\u011fitimi<\/strong>. D\u00fc\u015fme tehlikesine maruz kalan t\u00fcm profesyoneller i\u00e7in m\u00fckemmeldir.<\/p>","protected":false},"featured_media":27159,"template":"","meta":{"_et_pb_use_builder":"","_et_pb_old_content":"","_et_gb_content_width":""},"product_brand":[],"product_cat":[131,134,156,171],"product_tag":[],"class_list":{"0":"post-28503","1":"product","2":"type-product","3":"status-publish","4":"has-post-thumbnail","6":"product_cat-emergency-preparedness","7":"product_cat-fall-protection","8":"product_cat-occupational-health-and-safety","9":"product_cat-working-at-heights","11":"first","12":"instock","13":"virtual","14":"sold-individually","15":"purchasable","16":"product-type-simple"},"yoast_head":"<!-- This site is optimized with the Yoast SEO plugin v27.3 - https:\/\/yoast.com\/product\/yoast-seo-wordpress\/ -->\n<title>Fall Protection End User Training - Global Safety &amp; Environmental<\/title>\n<meta name=\"description\" content=\"Empower yourself with our Fall Protection End User Training. Gain essential skills to stay safe while working at heights.\" \/>\n<meta name=\"robots\" content=\"index, follow, max-snippet:-1, max-image-preview:large, max-video-preview:-1\" \/>\n<link rel=\"canonical\" href=\"https:\/\/globaltraining.com\/tr\/urun\/dusmeye-karsi-koruma-son-kullanici-egitimi\/\" \/>\n<meta property=\"og:locale\" content=\"tr_TR\" \/>\n<meta property=\"og:type\" content=\"article\" \/>\n<meta property=\"og:title\" content=\"Fall Protection End User Training - Global Safety &amp; Environmental\" \/>\n<meta property=\"og:description\" content=\"Empower yourself with our Fall Protection End User Training. Gain essential skills to stay safe while working at heights.\" \/>\n<meta property=\"og:url\" content=\"https:\/\/globaltraining.com\/tr\/urun\/dusmeye-karsi-koruma-son-kullanici-egitimi\/\" \/>\n<meta property=\"og:site_name\" content=\"Global Safety &amp; Environmental\" \/>\n<meta property=\"article:modified_time\" content=\"2024-12-06T17:42:03+00:00\" \/>\n<meta property=\"og:image\" content=\"https:\/\/globaltraining.com\/wp-content\/uploads\/2021\/09\/worker-on-mega-construction-64AZLMY.jpg\" \/>\n\t<meta property=\"og:image:width\" content=\"1200\" \/>\n\t<meta property=\"og:image:height\" content=\"800\" \/>\n\t<meta property=\"og:image:type\" content=\"image\/jpeg\" \/>\n<meta name=\"twitter:card\" content=\"summary_large_image\" \/>\n<meta name=\"twitter:label1\" content=\"Est. reading time\" \/>\n\t<meta name=\"twitter:data1\" content=\"2 minutes\" \/>\n<script type=\"application\/ld+json\" class=\"yoast-schema-graph\">{\"@context\":\"https:\\\/\\\/schema.org\",\"@graph\":[{\"@type\":\"WebPage\",\"@id\":\"https:\\\/\\\/globaltraining.com\\\/product\\\/fall-protection-end-user-training\\\/\",\"url\":\"https:\\\/\\\/globaltraining.com\\\/product\\\/fall-protection-end-user-training\\\/\",\"name\":\"Fall Protection End User Training - Global Safety &amp; Environmental\",\"isPartOf\":{\"@id\":\"https:\\\/\\\/globaltraining.com\\\/#website\"},\"primaryImageOfPage\":{\"@id\":\"https:\\\/\\\/globaltraining.com\\\/product\\\/fall-protection-end-user-training\\\/#primaryimage\"},\"image\":{\"@id\":\"https:\\\/\\\/globaltraining.com\\\/product\\\/fall-protection-end-user-training\\\/#primaryimage\"},\"thumbnailUrl\":\"https:\\\/\\\/globaltraining.com\\\/wp-content\\\/uploads\\\/2021\\\/09\\\/worker-on-mega-construction-64AZLMY.jpg\",\"datePublished\":\"2023-09-08T18:03:25+00:00\",\"dateModified\":\"2024-12-06T17:42:03+00:00\",\"description\":\"Empower yourself with our Fall Protection End User Training. Gain essential skills to stay safe while working at heights.\",\"breadcrumb\":{\"@id\":\"https:\\\/\\\/globaltraining.com\\\/product\\\/fall-protection-end-user-training\\\/#breadcrumb\"},\"inLanguage\":\"tr-TR\",\"potentialAction\":[{\"@type\":\"ReadAction\",\"target\":[\"https:\\\/\\\/globaltraining.com\\\/product\\\/fall-protection-end-user-training\\\/\"]}]},{\"@type\":\"ImageObject\",\"inLanguage\":\"tr-TR\",\"@id\":\"https:\\\/\\\/globaltraining.com\\\/product\\\/fall-protection-end-user-training\\\/#primaryimage\",\"url\":\"https:\\\/\\\/globaltraining.com\\\/wp-content\\\/uploads\\\/2021\\\/09\\\/worker-on-mega-construction-64AZLMY.jpg\",\"contentUrl\":\"https:\\\/\\\/globaltraining.com\\\/wp-content\\\/uploads\\\/2021\\\/09\\\/worker-on-mega-construction-64AZLMY.jpg\",\"width\":1200,\"height\":800,\"caption\":\"fall protection end user training\"},{\"@type\":\"BreadcrumbList\",\"@id\":\"https:\\\/\\\/globaltraining.com\\\/product\\\/fall-protection-end-user-training\\\/#breadcrumb\",\"itemListElement\":[{\"@type\":\"ListItem\",\"position\":1,\"name\":\"Home\",\"item\":\"https:\\\/\\\/globaltraining.com\\\/\"},{\"@type\":\"ListItem\",\"position\":2,\"name\":\"Productos\",\"item\":\"https:\\\/\\\/globaltraining.com\\\/es\\\/shop\\\/\"},{\"@type\":\"ListItem\",\"position\":3,\"name\":\"Fall Protection End User Training\"}]},{\"@type\":\"WebSite\",\"@id\":\"https:\\\/\\\/globaltraining.com\\\/#website\",\"url\":\"https:\\\/\\\/globaltraining.com\\\/\",\"name\":\"Global Safety & Environmental\",\"description\":\"Full Service Health, Safety, and Environmental Courses\",\"publisher\":{\"@id\":\"https:\\\/\\\/globaltraining.com\\\/#organization\"},\"potentialAction\":[{\"@type\":\"SearchAction\",\"target\":{\"@type\":\"EntryPoint\",\"urlTemplate\":\"https:\\\/\\\/globaltraining.com\\\/?s={search_term_string}\"},\"query-input\":{\"@type\":\"PropertyValueSpecification\",\"valueRequired\":true,\"valueName\":\"search_term_string\"}}],\"inLanguage\":\"tr-TR\"},{\"@type\":\"Organization\",\"@id\":\"https:\\\/\\\/globaltraining.com\\\/#organization\",\"name\":\"Global Safety & Environmental\",\"url\":\"https:\\\/\\\/globaltraining.com\\\/\",\"logo\":{\"@type\":\"ImageObject\",\"inLanguage\":\"tr-TR\",\"@id\":\"https:\\\/\\\/globaltraining.com\\\/#\\\/schema\\\/logo\\\/image\\\/\",\"url\":\"https:\\\/\\\/globaltraining.com\\\/wp-content\\\/uploads\\\/2021\\\/01\\\/GSE-Logo-for-email.png\",\"contentUrl\":\"https:\\\/\\\/globaltraining.com\\\/wp-content\\\/uploads\\\/2021\\\/01\\\/GSE-Logo-for-email.png\",\"width\":400,\"height\":101,\"caption\":\"Global Safety & Environmental\"},\"image\":{\"@id\":\"https:\\\/\\\/globaltraining.com\\\/#\\\/schema\\\/logo\\\/image\\\/\"}}]}<\/script>\n<!-- \/ Yoast SEO plugin. -->","yoast_head_json":{"title":"D\u00fc\u015fme Korumas\u0131 Son Kullan\u0131c\u0131 E\u011fitimi - K\u00fcresel G\u00fcvenlik ve \u00c7evre","description":"D\u00fc\u015fme Korumas\u0131 Son Kullan\u0131c\u0131 E\u011fitimimizle kendinizi g\u00fc\u00e7lendirin. Y\u00fcksekliklerde \u00e7al\u0131\u015f\u0131rken g\u00fcvende kalmak i\u00e7in gerekli becerileri edinin.","robots":{"index":"index","follow":"follow","max-snippet":"max-snippet:-1","max-image-preview":"max-image-preview:large","max-video-preview":"max-video-preview:-1"},"canonical":"https:\/\/globaltraining.com\/tr\/urun\/dusmeye-karsi-koruma-son-kullanici-egitimi\/","og_locale":"tr_TR","og_type":"article","og_title":"Fall Protection End User Training - Global Safety &amp; Environmental","og_description":"Empower yourself with our Fall Protection End User Training. Gain essential skills to stay safe while working at heights.","og_url":"https:\/\/globaltraining.com\/tr\/urun\/dusmeye-karsi-koruma-son-kullanici-egitimi\/","og_site_name":"Global Safety &amp; Environmental","article_modified_time":"2024-12-06T17:42:03+00:00","og_image":[{"width":1200,"height":800,"url":"https:\/\/globaltraining.com\/wp-content\/uploads\/2021\/09\/worker-on-mega-construction-64AZLMY.jpg","type":"image\/jpeg"}],"twitter_card":"summary_large_image","twitter_misc":{"Est. reading time":"2 minutes"},"schema":{"@context":"https:\/\/schema.org","@graph":[{"@type":"WebPage","@id":"https:\/\/globaltraining.com\/product\/fall-protection-end-user-training\/","url":"https:\/\/globaltraining.com\/product\/fall-protection-end-user-training\/","name":"D\u00fc\u015fme Korumas\u0131 Son Kullan\u0131c\u0131 E\u011fitimi - K\u00fcresel G\u00fcvenlik ve \u00c7evre","isPartOf":{"@id":"https:\/\/globaltraining.com\/#website"},"primaryImageOfPage":{"@id":"https:\/\/globaltraining.com\/product\/fall-protection-end-user-training\/#primaryimage"},"image":{"@id":"https:\/\/globaltraining.com\/product\/fall-protection-end-user-training\/#primaryimage"},"thumbnailUrl":"https:\/\/globaltraining.com\/wp-content\/uploads\/2021\/09\/worker-on-mega-construction-64AZLMY.jpg","datePublished":"2023-09-08T18:03:25+00:00","dateModified":"2024-12-06T17:42:03+00:00","description":"D\u00fc\u015fme Korumas\u0131 Son Kullan\u0131c\u0131 E\u011fitimimizle kendinizi g\u00fc\u00e7lendirin. Y\u00fcksekliklerde \u00e7al\u0131\u015f\u0131rken g\u00fcvende kalmak i\u00e7in gerekli becerileri edinin.","breadcrumb":{"@id":"https:\/\/globaltraining.com\/product\/fall-protection-end-user-training\/#breadcrumb"},"inLanguage":"tr-TR","potentialAction":[{"@type":"ReadAction","target":["https:\/\/globaltraining.com\/product\/fall-protection-end-user-training\/"]}]},{"@type":"ImageObject","inLanguage":"tr-TR","@id":"https:\/\/globaltraining.com\/product\/fall-protection-end-user-training\/#primaryimage","url":"https:\/\/globaltraining.com\/wp-content\/uploads\/2021\/09\/worker-on-mega-construction-64AZLMY.jpg","contentUrl":"https:\/\/globaltraining.com\/wp-content\/uploads\/2021\/09\/worker-on-mega-construction-64AZLMY.jpg","width":1200,"height":800,"caption":"fall protection end user training"},{"@type":"BreadcrumbList","@id":"https:\/\/globaltraining.com\/product\/fall-protection-end-user-training\/#breadcrumb","itemListElement":[{"@type":"ListItem","position":1,"name":"Home","item":"https:\/\/globaltraining.com\/"},{"@type":"ListItem","position":2,"name":"Productos","item":"https:\/\/globaltraining.com\/es\/shop\/"},{"@type":"ListItem","position":3,"name":"Fall Protection End User Training"}]},{"@type":"WebSite","@id":"https:\/\/globaltraining.com\/#website","url":"https:\/\/globaltraining.com\/","name":"K\u00fcresel G\u00fcvenlik ve \u00c7evre","description":"Tam Hizmet Sa\u011fl\u0131k, G\u00fcvenlik ve \u00c7evre Kurslar\u0131","publisher":{"@id":"https:\/\/globaltraining.com\/#organization"},"potentialAction":[{"@type":"SearchAction","target":{"@type":"EntryPoint","urlTemplate":"https:\/\/globaltraining.com\/?s={search_term_string}"},"query-input":{"@type":"PropertyValueSpecification","valueRequired":true,"valueName":"search_term_string"}}],"inLanguage":"tr-TR"},{"@type":"Organization","@id":"https:\/\/globaltraining.com\/#organization","name":"K\u00fcresel G\u00fcvenlik ve \u00c7evre","url":"https:\/\/globaltraining.com\/","logo":{"@type":"ImageObject","inLanguage":"tr-TR","@id":"https:\/\/globaltraining.com\/#\/schema\/logo\/image\/","url":"https:\/\/globaltraining.com\/wp-content\/uploads\/2021\/01\/GSE-Logo-for-email.png","contentUrl":"https:\/\/globaltraining.com\/wp-content\/uploads\/2021\/01\/GSE-Logo-for-email.png","width":400,"height":101,"caption":"Global Safety & Environmental"},"image":{"@id":"https:\/\/globaltraining.com\/#\/schema\/logo\/image\/"}}]}},"_links":{"self":[{"href":"https:\/\/globaltraining.com\/tr\/wp-json\/wp\/v2\/product\/28503","targetHints":{"allow":["GET"]}}],"collection":[{"href":"https:\/\/globaltraining.com\/tr\/wp-json\/wp\/v2\/product"}],"about":[{"href":"https:\/\/globaltraining.com\/tr\/wp-json\/wp\/v2\/types\/product"}],"wp:featuredmedia":[{"embeddable":true,"href":"https:\/\/globaltraining.com\/tr\/wp-json\/wp\/v2\/media\/27159"}],"wp:attachment":[{"href":"https:\/\/globaltraining.com\/tr\/wp-json\/wp\/v2\/media?parent=28503"}],"wp:term":[{"taxonomy":"product_brand","embeddable":true,"href":"https:\/\/globaltraining.com\/tr\/wp-json\/wp\/v2\/product_brand?post=28503"},{"taxonomy":"product_cat","embeddable":true,"href":"https:\/\/globaltraining.com\/tr\/wp-json\/wp\/v2\/product_cat?post=28503"},{"taxonomy":"product_tag","embeddable":true,"href":"https:\/\/globaltraining.com\/tr\/wp-json\/wp\/v2\/product_tag?post=28503"}],"curies":[{"name":"wp","href":"https:\/\/api.w.org\/{rel}","templated":true}]}}