{"id":28502,"date":"2023-09-08T12:56:52","date_gmt":"2023-09-08T17:56:52","guid":{"rendered":"https:\/\/globaltraining.com\/?post_type=product&#038;p=28502"},"modified":"2024-12-06T11:42:51","modified_gmt":"2024-12-06T17:42:51","slug":"dusme-korumasi-yetkin-kisi-egitimi","status":"publish","type":"product","link":"https:\/\/globaltraining.com\/tr\/product\/fall-protection-competent-person-training\/","title":{"rendered":"D\u00fc\u015fmeye Kar\u015f\u0131 Koruma Yetkin Ki\u015fi E\u011fitimi"},"content":{"rendered":"<h2>D\u00fc\u015fmeden Korunman\u0131n \u00d6nemi Yetkin Ki\u015fi E\u011fitimi<\/h2>\n<p>Kapsaml\u0131 program\u0131m\u0131za ho\u015f geldiniz <strong>D\u00fc\u015fmeye Kar\u015f\u0131 Koruma Yetkin Ki\u015fi E\u011fitimi<\/strong>, d\u00fc\u015fmeye kar\u015f\u0131 koruma konusunda sertifikal\u0131 bir uzman olmaya a\u00e7\u0131lan kap\u0131n\u0131z. D\u00fc\u015fmeler, i\u015fyerinde yaralanma ve \u00f6l\u00fcmlerin \u00f6nde gelen nedenidir ve d\u00fc\u015fmeye kar\u015f\u0131 koruma \u00f6nlemlerini etkili bir \u015fekilde de\u011ferlendirebilecek, planlayabilecek ve denetleyebilecek e\u011fitimli ki\u015filere sahip olmay\u0131 hayati hale getirmektedir.<\/p>\n<p>Bu kurs, kendinizin ve meslekta\u015flar\u0131n\u0131z\u0131n g\u00fcvenli\u011fini sa\u011flayarak, d\u00fc\u015fmeye kar\u015f\u0131 koruma konusunda yetkin bir ki\u015fi olman\u0131z i\u00e7in gereken bilgi ve becerileri kazand\u0131rmak \u00fczere tasarlanm\u0131\u015ft\u0131r. Sertifikal\u0131, yetkin bir ki\u015fi olarak d\u00fc\u015fmelerin \u00f6nlenmesinde ve g\u00fcvenli \u00e7al\u0131\u015fma ortamlar\u0131n\u0131n yarat\u0131lmas\u0131nda hayati bir rol oynayacaks\u0131n\u0131z.<\/p>\n<h2>D\u00fc\u015fme Korumas\u0131nda Yetkin Ki\u015fi Olmak<\/h2>\n<p>A <strong>d\u00fc\u015fmeye kar\u015f\u0131 koruma konusunda yetkili ki\u015fi<\/strong> D\u00fc\u015fme tehlikelerini tan\u0131mak, risklerini de\u011ferlendirmek ve gerekli koruyucu \u00f6nlemleri uygulamak \u00fczere e\u011fitilmi\u015f ki\u015fidir. Bu rol \u00f6zellikle y\u00fcksekte \u00e7al\u0131\u015fman\u0131n yayg\u0131n oldu\u011fu in\u015faat ve end\u00fcstriyel ortamlarda kritik \u00f6neme sahiptir.<\/p>\n<p>Bizim<strong>\u00a0D\u00fc\u015fmeye Kar\u015f\u0131 Koruma E\u011fitimi<\/strong> En son end\u00fcstri standartlar\u0131na ve d\u00fczenlemelerine dayal\u0131 olup yaln\u0131zca iyi haz\u0131rlanman\u0131z\u0131 de\u011fil ayn\u0131 zamanda yasal gerekliliklere uyman\u0131z\u0131 da sa\u011flar. \u0130ster ekibinizin g\u00fcvenli\u011fini art\u0131rmak isteyen bir i\u015fveren, ister kariyerinizi ilerletmek isteyen bir birey olun, bu e\u011fitim de\u011ferli bir yat\u0131r\u0131md\u0131r.<\/p>\n<h2>Temel \u00d6\u011frenme Hedefleri<\/h2>\n<p>Kurs boyunca a\u015fa\u011f\u0131daki \u00f6\u011frenme hedeflerine ula\u015facaks\u0131n\u0131z:<\/p>\n<ul>\n<li><strong>D\u00fc\u015fme Tehlikelerini Belirleyin:<\/strong> \u00c7e\u015fitli i\u015fyeri senaryolar\u0131nda potansiyel d\u00fc\u015fme tehlikelerini tan\u0131ma yetene\u011fini geli\u015ftirin.<\/li>\n<li><strong>Risk belirleme:<\/strong> Her d\u00fc\u015fme tehlikesiyle ili\u015fkili risk d\u00fczeyini nas\u0131l de\u011ferlendirece\u011finizi ve g\u00fcvenlik \u00f6nlemlerini nas\u0131l \u00f6nceliklendirece\u011finizi \u00f6\u011frenin.<\/li>\n<li><strong>D\u00fc\u015fme Korumas\u0131n\u0131 Uygulay\u0131n:<\/strong> Uygun d\u00fc\u015fmeye kar\u015f\u0131 koruma sistemlerini ve ekipmanlar\u0131n\u0131 se\u00e7me ve kullanma konusunda pratik bilgi edinin.<\/li>\n<li><strong>Yasal uyum:<\/strong> EM385 standartlar\u0131 da dahil olmak \u00fczere ilgili yasa ve d\u00fczenlemeleri anlay\u0131n ve bunlara uyun.<\/li>\n<li><strong>Acil m\u00fcdahale:<\/strong> D\u00fc\u015fmeyle ilgili acil durumlarda etkili bir \u015fekilde m\u00fcdahale etmeye haz\u0131r olun.<\/li>\n<\/ul>\n<h2>Neden D\u00fc\u015fmeye Kar\u015f\u0131 Koruma Yetkin Ki\u015fi E\u011fitimimizi Se\u00e7melisiniz?<\/h2>\n<p>Kursumuza kaydoldu\u011funuzda m\u00fckemmelli\u011fi ve g\u00fcvenli\u011fi se\u00e7iyorsunuz. \u0130\u015fte e\u011fitimimizin ideal se\u00e7im olmas\u0131n\u0131n nedeni:<\/p>\n<ul>\n<li><strong>Uzman E\u011fitmenler:<\/strong> D\u00fc\u015fmeye kar\u015f\u0131 koruma konusunda geni\u015f deneyime sahip end\u00fcstri uzmanlar\u0131ndan bilgi edinin.<\/li>\n<li><strong>Kapsaml\u0131 M\u00fcfredat:<\/strong> E\u011fitimimiz d\u00fc\u015fmeye kar\u015f\u0131 koruman\u0131n t\u00fcm y\u00f6nlerini kapsayarak her duruma haz\u0131rl\u0131kl\u0131 olman\u0131z\u0131 sa\u011flar.<\/li>\n<li><strong>\u00d6zelle\u015ftirilmi\u015f \u00e7\u00f6z\u00fcmler:<\/strong> Hem bireylerin hem de kurulu\u015flar\u0131n ihtiya\u00e7lar\u0131n\u0131 kar\u015f\u0131layacak esnek e\u011fitim se\u00e7enekleri sunuyoruz.<\/li>\n<\/ul>\n<h2>D\u00fc\u015fmeye Kar\u015f\u0131 Koruma M\u00fckemmelli\u011fine Yolculu\u011funuzu Ba\u015flat\u0131n<\/h2>\n<p>Bize kat\u0131l\u0131n <strong>D\u00fc\u015fmeye Kar\u015f\u0131 Koruma Yetkin Ki\u015fi E\u011fitimi<\/strong> bug\u00fcn ve d\u00fc\u015fmeye kar\u015f\u0131 koruma konusunda sertifikal\u0131 bir uzman olma yolunda ilk ad\u0131m\u0131 at\u0131n. G\u00fcvenli\u011fe olan ba\u011fl\u0131l\u0131\u011f\u0131n\u0131z, i\u015f yeri kazalar\u0131n\u0131 azaltmada ve hayat kurtarmada \u00f6nemli bir fark yaratabilir.<\/p>","protected":false},"excerpt":{"rendered":"<p>\u0130\u015fyeri g\u00fcvenli\u011fini geli\u015ftirin<strong>\u00a0D\u00fc\u015fmeye Kar\u015f\u0131 Koruma Yetkin Ki\u015fi E\u011fitimi<\/strong>. D\u00fc\u015fmeleri \u00f6nlemek ve hayatlar\u0131 korumak i\u00e7in kendinizi veya ekibinizi bilgiyle donat\u0131n.<\/p>","protected":false},"featured_media":27065,"template":"","meta":{"_et_pb_use_builder":"","_et_pb_old_content":"","_et_gb_content_width":""},"product_brand":[],"product_cat":[122,132,143,156,159,160],"product_tag":[],"class_list":{"0":"post-28502","1":"product","2":"type-product","3":"status-publish","4":"has-post-thumbnail","6":"product_cat-construction","7":"product_cat-equipment","8":"product_cat-health-and-safety","9":"product_cat-occupational-health-and-safety","10":"product_cat-osha","11":"product_cat-ppe","13":"first","14":"instock","15":"virtual","16":"sold-individually","17":"purchasable","18":"product-type-simple"},"yoast_head":"<!-- This site is optimized with the Yoast SEO plugin v27.4 - https:\/\/yoast.com\/product\/yoast-seo-wordpress\/ -->\n<title>Fall Protection Competent Person Training - Global Safety &amp; Environmental<\/title>\n<meta name=\"description\" content=\"Become a certified expert in fall protection with our Fall Protection Competent Person Training. EM385 compliant and designed for your success.\" \/>\n<meta name=\"robots\" content=\"index, follow, max-snippet:-1, max-image-preview:large, max-video-preview:-1\" \/>\n<link rel=\"canonical\" href=\"https:\/\/globaltraining.com\/tr\/urun\/dusme-korumasi-yetkin-kisi-egitimi\/\" \/>\n<meta property=\"og:locale\" content=\"tr_TR\" \/>\n<meta property=\"og:type\" content=\"article\" \/>\n<meta property=\"og:title\" content=\"Fall Protection Competent Person Training - Global Safety &amp; Environmental\" \/>\n<meta property=\"og:description\" content=\"Become a certified expert in fall protection with our Fall Protection Competent Person Training. EM385 compliant and designed for your success.\" \/>\n<meta property=\"og:url\" content=\"https:\/\/globaltraining.com\/tr\/urun\/dusme-korumasi-yetkin-kisi-egitimi\/\" \/>\n<meta property=\"og:site_name\" content=\"Global Safety &amp; Environmental\" \/>\n<meta property=\"article:modified_time\" content=\"2024-12-06T17:42:51+00:00\" \/>\n<meta property=\"og:image\" content=\"https:\/\/globaltraining.com\/wp-content\/uploads\/2022\/05\/Fall-Protection-CP-.jpg\" \/>\n\t<meta property=\"og:image:width\" content=\"1200\" \/>\n\t<meta property=\"og:image:height\" content=\"800\" \/>\n\t<meta property=\"og:image:type\" content=\"image\/jpeg\" \/>\n<meta name=\"twitter:card\" content=\"summary_large_image\" \/>\n<meta name=\"twitter:label1\" content=\"Est. reading time\" \/>\n\t<meta name=\"twitter:data1\" content=\"2 minutes\" \/>\n<script type=\"application\/ld+json\" class=\"yoast-schema-graph\">{\"@context\":\"https:\\\/\\\/schema.org\",\"@graph\":[{\"@type\":\"WebPage\",\"@id\":\"https:\\\/\\\/globaltraining.com\\\/product\\\/fall-protection-competent-person-training\\\/\",\"url\":\"https:\\\/\\\/globaltraining.com\\\/product\\\/fall-protection-competent-person-training\\\/\",\"name\":\"Fall Protection Competent Person Training - Global Safety &amp; Environmental\",\"isPartOf\":{\"@id\":\"https:\\\/\\\/globaltraining.com\\\/#website\"},\"primaryImageOfPage\":{\"@id\":\"https:\\\/\\\/globaltraining.com\\\/product\\\/fall-protection-competent-person-training\\\/#primaryimage\"},\"image\":{\"@id\":\"https:\\\/\\\/globaltraining.com\\\/product\\\/fall-protection-competent-person-training\\\/#primaryimage\"},\"thumbnailUrl\":\"https:\\\/\\\/globaltraining.com\\\/wp-content\\\/uploads\\\/2022\\\/05\\\/Fall-Protection-CP-.jpg\",\"datePublished\":\"2023-09-08T17:56:52+00:00\",\"dateModified\":\"2024-12-06T17:42:51+00:00\",\"description\":\"Become a certified expert in fall protection with our Fall Protection Competent Person Training. EM385 compliant and designed for your success.\",\"breadcrumb\":{\"@id\":\"https:\\\/\\\/globaltraining.com\\\/product\\\/fall-protection-competent-person-training\\\/#breadcrumb\"},\"inLanguage\":\"tr-TR\",\"potentialAction\":[{\"@type\":\"ReadAction\",\"target\":[\"https:\\\/\\\/globaltraining.com\\\/product\\\/fall-protection-competent-person-training\\\/\"]}]},{\"@type\":\"ImageObject\",\"inLanguage\":\"tr-TR\",\"@id\":\"https:\\\/\\\/globaltraining.com\\\/product\\\/fall-protection-competent-person-training\\\/#primaryimage\",\"url\":\"https:\\\/\\\/globaltraining.com\\\/wp-content\\\/uploads\\\/2022\\\/05\\\/Fall-Protection-CP-.jpg\",\"contentUrl\":\"https:\\\/\\\/globaltraining.com\\\/wp-content\\\/uploads\\\/2022\\\/05\\\/Fall-Protection-CP-.jpg\",\"width\":1200,\"height\":800,\"caption\":\"Fall Protection Competent Person Training\"},{\"@type\":\"BreadcrumbList\",\"@id\":\"https:\\\/\\\/globaltraining.com\\\/product\\\/fall-protection-competent-person-training\\\/#breadcrumb\",\"itemListElement\":[{\"@type\":\"ListItem\",\"position\":1,\"name\":\"Home\",\"item\":\"https:\\\/\\\/globaltraining.com\\\/\"},{\"@type\":\"ListItem\",\"position\":2,\"name\":\"Productos\",\"item\":\"https:\\\/\\\/globaltraining.com\\\/es\\\/shop\\\/\"},{\"@type\":\"ListItem\",\"position\":3,\"name\":\"Fall Protection Competent Person Training\"}]},{\"@type\":\"WebSite\",\"@id\":\"https:\\\/\\\/globaltraining.com\\\/#website\",\"url\":\"https:\\\/\\\/globaltraining.com\\\/\",\"name\":\"Global Safety & Environmental\",\"description\":\"Full Service Health, Safety, and Environmental Courses\",\"publisher\":{\"@id\":\"https:\\\/\\\/globaltraining.com\\\/#organization\"},\"potentialAction\":[{\"@type\":\"SearchAction\",\"target\":{\"@type\":\"EntryPoint\",\"urlTemplate\":\"https:\\\/\\\/globaltraining.com\\\/?s={search_term_string}\"},\"query-input\":{\"@type\":\"PropertyValueSpecification\",\"valueRequired\":true,\"valueName\":\"search_term_string\"}}],\"inLanguage\":\"tr-TR\"},{\"@type\":\"Organization\",\"@id\":\"https:\\\/\\\/globaltraining.com\\\/#organization\",\"name\":\"Global Safety & Environmental\",\"url\":\"https:\\\/\\\/globaltraining.com\\\/\",\"logo\":{\"@type\":\"ImageObject\",\"inLanguage\":\"tr-TR\",\"@id\":\"https:\\\/\\\/globaltraining.com\\\/#\\\/schema\\\/logo\\\/image\\\/\",\"url\":\"https:\\\/\\\/globaltraining.com\\\/wp-content\\\/uploads\\\/2021\\\/01\\\/GSE-Logo-for-email.png\",\"contentUrl\":\"https:\\\/\\\/globaltraining.com\\\/wp-content\\\/uploads\\\/2021\\\/01\\\/GSE-Logo-for-email.png\",\"width\":400,\"height\":101,\"caption\":\"Global Safety & Environmental\"},\"image\":{\"@id\":\"https:\\\/\\\/globaltraining.com\\\/#\\\/schema\\\/logo\\\/image\\\/\"}}]}<\/script>\n<!-- \/ Yoast SEO plugin. -->","yoast_head_json":{"title":"D\u00fc\u015fme Korumas\u0131 Yetkili Ki\u015fi E\u011fitimi - K\u00fcresel G\u00fcvenlik ve \u00c7evre","description":"D\u00fc\u015fme Korumas\u0131 Yetkili Ki\u015fi E\u011fitimimiz ile d\u00fc\u015fme korumas\u0131nda sertifikal\u0131 bir uzman olun. EM385 uyumlu ve ba\u015far\u0131n\u0131z i\u00e7in tasarlanm\u0131\u015ft\u0131r.","robots":{"index":"index","follow":"follow","max-snippet":"max-snippet:-1","max-image-preview":"max-image-preview:large","max-video-preview":"max-video-preview:-1"},"canonical":"https:\/\/globaltraining.com\/tr\/urun\/dusme-korumasi-yetkin-kisi-egitimi\/","og_locale":"tr_TR","og_type":"article","og_title":"Fall Protection Competent Person Training - Global Safety &amp; Environmental","og_description":"Become a certified expert in fall protection with our Fall Protection Competent Person Training. EM385 compliant and designed for your success.","og_url":"https:\/\/globaltraining.com\/tr\/urun\/dusme-korumasi-yetkin-kisi-egitimi\/","og_site_name":"Global Safety &amp; Environmental","article_modified_time":"2024-12-06T17:42:51+00:00","og_image":[{"width":1200,"height":800,"url":"https:\/\/globaltraining.com\/wp-content\/uploads\/2022\/05\/Fall-Protection-CP-.jpg","type":"image\/jpeg"}],"twitter_card":"summary_large_image","twitter_misc":{"Est. reading time":"2 minutes"},"schema":{"@context":"https:\/\/schema.org","@graph":[{"@type":"WebPage","@id":"https:\/\/globaltraining.com\/product\/fall-protection-competent-person-training\/","url":"https:\/\/globaltraining.com\/product\/fall-protection-competent-person-training\/","name":"D\u00fc\u015fme Korumas\u0131 Yetkili Ki\u015fi E\u011fitimi - K\u00fcresel G\u00fcvenlik ve \u00c7evre","isPartOf":{"@id":"https:\/\/globaltraining.com\/#website"},"primaryImageOfPage":{"@id":"https:\/\/globaltraining.com\/product\/fall-protection-competent-person-training\/#primaryimage"},"image":{"@id":"https:\/\/globaltraining.com\/product\/fall-protection-competent-person-training\/#primaryimage"},"thumbnailUrl":"https:\/\/globaltraining.com\/wp-content\/uploads\/2022\/05\/Fall-Protection-CP-.jpg","datePublished":"2023-09-08T17:56:52+00:00","dateModified":"2024-12-06T17:42:51+00:00","description":"D\u00fc\u015fme Korumas\u0131 Yetkili Ki\u015fi E\u011fitimimiz ile d\u00fc\u015fme korumas\u0131nda sertifikal\u0131 bir uzman olun. EM385 uyumlu ve ba\u015far\u0131n\u0131z i\u00e7in tasarlanm\u0131\u015ft\u0131r.","breadcrumb":{"@id":"https:\/\/globaltraining.com\/product\/fall-protection-competent-person-training\/#breadcrumb"},"inLanguage":"tr-TR","potentialAction":[{"@type":"ReadAction","target":["https:\/\/globaltraining.com\/product\/fall-protection-competent-person-training\/"]}]},{"@type":"ImageObject","inLanguage":"tr-TR","@id":"https:\/\/globaltraining.com\/product\/fall-protection-competent-person-training\/#primaryimage","url":"https:\/\/globaltraining.com\/wp-content\/uploads\/2022\/05\/Fall-Protection-CP-.jpg","contentUrl":"https:\/\/globaltraining.com\/wp-content\/uploads\/2022\/05\/Fall-Protection-CP-.jpg","width":1200,"height":800,"caption":"Fall Protection Competent Person Training"},{"@type":"BreadcrumbList","@id":"https:\/\/globaltraining.com\/product\/fall-protection-competent-person-training\/#breadcrumb","itemListElement":[{"@type":"ListItem","position":1,"name":"Home","item":"https:\/\/globaltraining.com\/"},{"@type":"ListItem","position":2,"name":"Productos","item":"https:\/\/globaltraining.com\/es\/shop\/"},{"@type":"ListItem","position":3,"name":"Fall Protection Competent Person Training"}]},{"@type":"WebSite","@id":"https:\/\/globaltraining.com\/#website","url":"https:\/\/globaltraining.com\/","name":"K\u00fcresel G\u00fcvenlik ve \u00c7evre","description":"Tam Hizmet Sa\u011fl\u0131k, G\u00fcvenlik ve \u00c7evre Kurslar\u0131","publisher":{"@id":"https:\/\/globaltraining.com\/#organization"},"potentialAction":[{"@type":"SearchAction","target":{"@type":"EntryPoint","urlTemplate":"https:\/\/globaltraining.com\/?s={search_term_string}"},"query-input":{"@type":"PropertyValueSpecification","valueRequired":true,"valueName":"search_term_string"}}],"inLanguage":"tr-TR"},{"@type":"Organization","@id":"https:\/\/globaltraining.com\/#organization","name":"K\u00fcresel G\u00fcvenlik ve \u00c7evre","url":"https:\/\/globaltraining.com\/","logo":{"@type":"ImageObject","inLanguage":"tr-TR","@id":"https:\/\/globaltraining.com\/#\/schema\/logo\/image\/","url":"https:\/\/globaltraining.com\/wp-content\/uploads\/2021\/01\/GSE-Logo-for-email.png","contentUrl":"https:\/\/globaltraining.com\/wp-content\/uploads\/2021\/01\/GSE-Logo-for-email.png","width":400,"height":101,"caption":"Global Safety & Environmental"},"image":{"@id":"https:\/\/globaltraining.com\/#\/schema\/logo\/image\/"}}]}},"_links":{"self":[{"href":"https:\/\/globaltraining.com\/tr\/wp-json\/wp\/v2\/product\/28502","targetHints":{"allow":["GET"]}}],"collection":[{"href":"https:\/\/globaltraining.com\/tr\/wp-json\/wp\/v2\/product"}],"about":[{"href":"https:\/\/globaltraining.com\/tr\/wp-json\/wp\/v2\/types\/product"}],"wp:featuredmedia":[{"embeddable":true,"href":"https:\/\/globaltraining.com\/tr\/wp-json\/wp\/v2\/media\/27065"}],"wp:attachment":[{"href":"https:\/\/globaltraining.com\/tr\/wp-json\/wp\/v2\/media?parent=28502"}],"wp:term":[{"taxonomy":"product_brand","embeddable":true,"href":"https:\/\/globaltraining.com\/tr\/wp-json\/wp\/v2\/product_brand?post=28502"},{"taxonomy":"product_cat","embeddable":true,"href":"https:\/\/globaltraining.com\/tr\/wp-json\/wp\/v2\/product_cat?post=28502"},{"taxonomy":"product_tag","embeddable":true,"href":"https:\/\/globaltraining.com\/tr\/wp-json\/wp\/v2\/product_tag?post=28502"}],"curies":[{"name":"wp","href":"https:\/\/api.w.org\/{rel}","templated":true}]}}