{"id":28499,"date":"2023-09-08T12:44:55","date_gmt":"2023-09-08T17:44:55","guid":{"rendered":"https:\/\/globaltraining.com\/?post_type=product&#038;p=28499"},"modified":"2024-12-06T11:50:26","modified_gmt":"2024-12-06T17:50:26","slug":"acil-eylem-plani","status":"publish","type":"product","link":"https:\/\/globaltraining.com\/tr\/product\/emergency-action-plan\/","title":{"rendered":"Acil Durum Eylem Plan\u0131"},"content":{"rendered":"<h2>\u00d6nemini Anlamak<\/h2>\n<p>Kapsaml\u0131 program\u0131m\u0131za ho\u015f geldiniz <strong>Acil Durum Eylem Plan\u0131 E\u011fitimi<\/strong>. G\u00fcn\u00fcm\u00fcz\u00fcn \u00f6ng\u00f6r\u00fclemeyen d\u00fcnyas\u0131nda, iyi yap\u0131land\u0131r\u0131lm\u0131\u015f bir acil durum eylem plan\u0131na sahip olmak hem bireyler hem de kurulu\u015flar i\u00e7in hayati \u00f6neme sahiptir. \u0130ster i\u015fletme sahibi, ister y\u00f6netici, ister sadece beklenmedik acil durumlara haz\u0131rl\u0131kl\u0131 olmak isteyen biri olun, bu kurs sizin i\u00e7in tasarlanm\u0131\u015ft\u0131r.<\/p>\n<p>Acil durumlar her zaman ve her yerde meydana gelebilir ve etkili bir \u015fekilde m\u00fcdahale edebilecek bilgi ve becerilere sahip olmak b\u00fcy\u00fck fark yaratabilir. Bu e\u011fitim, kritik durumlarda hayat kurtarabilecek ve hasar\u0131 en aza indirebilecek bir acil durum eylem plan\u0131 olu\u015fturman\u0131za, uygulaman\u0131za ve y\u00fcr\u00fctmenize olanak sa\u011flayacakt\u0131r.<\/p>\n<h2>Acil Durum Eylem Plan\u0131 Nedir?<\/h2>\n<p>Bir <strong>EAP<\/strong> Bireylerin ve kurulu\u015flar\u0131n \u00e7e\u015fitli acil durum senaryolar\u0131nda nas\u0131l tepki vermesi gerekti\u011fini \u00f6zetleyen ayr\u0131nt\u0131l\u0131 bir stratejidir. Deprem ve kas\u0131rga gibi do\u011fal afetlerden yang\u0131n, kimyasal madde s\u0131z\u0131nt\u0131s\u0131 veya i\u015fyerinde \u015fiddet gibi insan kaynakl\u0131 krizlere kadar her \u015feyi kapsar. Etkili bir plan, hayatlar\u0131 korumak, m\u00fclkleri korumak ve temel operasyonlar\u0131n s\u00fcreklili\u011fini sa\u011flamak i\u00e7in tasarlanm\u0131\u015ft\u0131r.<\/p>\n<h2>Acil Durum Eylem Plan\u0131 E\u011fitiminin Faydalar\u0131<\/h2>\n<p>Bizim <strong>Acil Durum Eylem Plan\u0131 E\u011fitimi<\/strong> birka\u00e7 temel avantaj sunar:<\/p>\n<ul>\n<li><strong>Bilgi:<\/strong> Risk de\u011ferlendirmesi, acil durum prosed\u00fcrleri, ileti\u015fim stratejileri ve daha fazlas\u0131n\u0131 i\u00e7eren acil durum eylem plan\u0131n\u0131n bile\u015fenleri hakk\u0131nda derinlemesine bilgi edinin.<\/li>\n<li><strong>Haz\u0131rl\u0131k:<\/strong> Kendinizin ve etraf\u0131n\u0131zdakilerin g\u00fcvenli\u011fini sa\u011flayarak \u00e7ok \u00e7e\u015fitli acil durumlarla g\u00fcvenle ba\u015fa \u00e7\u0131kmaya haz\u0131r olun.<\/li>\n<li><strong>Uyma:<\/strong> \u0130lgili d\u00fczenlemeleri ve yasal gereklilikleri anlayarak kurulu\u015funuzun olas\u0131 y\u00fck\u00fcml\u00fcl\u00fcklerden ka\u00e7\u0131nmas\u0131na yard\u0131mc\u0131 olun.<\/li>\n<li><strong>Liderlik:<\/strong> Acil durumlarda nas\u0131l liderlik rol\u00fcn\u00fc \u00fcstlenece\u011finizi, di\u011ferlerini g\u00fcvenli\u011fe y\u00f6nlendirmeyi ve kaynaklar\u0131 etkili bir \u015fekilde y\u00f6netmeyi \u00f6\u011frenin.<\/li>\n<\/ul>\n<h2>Neden EAP E\u011fitimimizi Se\u00e7melisiniz?<\/h2>\n<p>Acil durum haz\u0131rl\u0131\u011f\u0131n\u0131 ciddiye al\u0131yoruz. Kursumuz, ger\u00e7ek d\u00fcnyadaki uygulamalar\u0131n \u00f6nemini anlayan, alan\u0131nda uzman ki\u015filer taraf\u0131ndan tasarlan\u0131p verilmektedir. \u0130\u015fte e\u011fitimimizin \u00f6ne \u00e7\u0131kmas\u0131n\u0131n nedeni:<\/p>\n<ul>\n<li><strong>Uzman E\u011fitmenler:<\/strong> Acil durum m\u00fcdahalesinin \u00f6n saflar\u0131nda yer alan deneyimli profesyonellerden bilgi edinin.<\/li>\n<li><strong>\u0130nteraktif \u00f6\u011frenmek:<\/strong> \u0130lgi \u00e7ekici, etkile\u015fimli yakla\u015f\u0131m\u0131m\u0131z yaln\u0131zca bilgiyi koruman\u0131z\u0131 de\u011fil ayn\u0131 zamanda acil durumlarda etkili bir \u015fekilde uygulayabilmenizi de sa\u011flar.<\/li>\n<li><strong>\u00d6zelle\u015ftirilmi\u015f \u00e7\u00f6z\u00fcmler:<\/strong> E\u011fitimlerimizi bireylerin ve kurulu\u015flar\u0131n \u00f6zel ihtiya\u00e7lar\u0131n\u0131 kar\u015f\u0131layacak \u015fekilde uygun ve etkili olacak \u015fekilde uyarl\u0131yoruz.<\/li>\n<li><strong>Esneklik:<\/strong> Kendi h\u0131z\u0131n\u0131zda \u00f6\u011frenmenize olanak tan\u0131yan e\u011fitimimize diledi\u011finiz zaman eri\u015fin.<\/li>\n<\/ul>\n<h2>Bug\u00fcn Harekete Ge\u00e7in, Yar\u0131n G\u00fcvenli\u011fi Sa\u011flay\u0131n<\/h2>\n<p>Haz\u0131rl\u0131kl\u0131 olman\u0131n \u00f6nemini anlamak i\u00e7in acil bir durumun ortaya \u00e7\u0131kmas\u0131n\u0131 beklemeyin. Kay\u0131t olun <strong>EAP E\u011fitimi<\/strong> bug\u00fcn ve daha g\u00fcvenli, daha emniyetli bir gelece\u011fe do\u011fru ilk ad\u0131m\u0131 at\u0131n. En \u00f6nemli anda haz\u0131r olman\u0131z b\u00fcy\u00fck fark yaratabilir.<\/p>","protected":false},"excerpt":{"rendered":"<p>Acil durumlara g\u00fcvenle m\u00fcdahale etmek i\u00e7in kendinizi ve kurulu\u015funuzu bilgi ve becerilerle g\u00fc\u00e7lendirin. Kay\u0131t olun <strong>Acil Durum Eylem Plan\u0131 E\u011fitimi<\/strong> bug\u00fcn ve her durumda g\u00fcvenli\u011fi sa\u011flay\u0131n.<\/p>","protected":false},"featured_media":27071,"template":"","meta":{"_et_pb_use_builder":"","_et_pb_old_content":"","_et_gb_content_width":""},"product_brand":[],"product_cat":[135,143,163,172],"product_tag":[],"class_list":{"0":"post-28499","1":"product","2":"type-product","3":"status-publish","4":"has-post-thumbnail","6":"product_cat-fire","7":"product_cat-health-and-safety","8":"product_cat-safety-admin","9":"product_cat-workplace-policies-and-procedures","11":"first","12":"instock","13":"virtual","14":"sold-individually","15":"purchasable","16":"product-type-simple"},"yoast_head":"<!-- This site is optimized with the Yoast SEO plugin v27.4 - https:\/\/yoast.com\/product\/yoast-seo-wordpress\/ -->\n<title>Emergency Action Plan - Global Safety &amp; Environmental<\/title>\n<meta name=\"description\" content=\"Prepare for the unexpected with our Emergency Action Plan Training. Learn how to create and implement effective emergency action plans for any situation.\" \/>\n<meta name=\"robots\" content=\"index, follow, max-snippet:-1, max-image-preview:large, max-video-preview:-1\" \/>\n<link rel=\"canonical\" href=\"https:\/\/globaltraining.com\/tr\/urun\/acil-eylem-plani\/\" \/>\n<meta property=\"og:locale\" content=\"tr_TR\" \/>\n<meta property=\"og:type\" content=\"article\" \/>\n<meta property=\"og:title\" content=\"Emergency Action Plan - Global Safety &amp; Environmental\" \/>\n<meta property=\"og:description\" content=\"Prepare for the unexpected with our Emergency Action Plan Training. Learn how to create and implement effective emergency action plans for any situation.\" \/>\n<meta property=\"og:url\" content=\"https:\/\/globaltraining.com\/tr\/urun\/acil-eylem-plani\/\" \/>\n<meta property=\"og:site_name\" content=\"Global Safety &amp; Environmental\" \/>\n<meta property=\"article:modified_time\" content=\"2024-12-06T17:50:26+00:00\" \/>\n<meta property=\"og:image\" content=\"https:\/\/globaltraining.com\/wp-content\/uploads\/2022\/04\/Emergency-Response-Plan.jpg\" \/>\n\t<meta property=\"og:image:width\" content=\"1200\" \/>\n\t<meta property=\"og:image:height\" content=\"800\" \/>\n\t<meta property=\"og:image:type\" content=\"image\/jpeg\" \/>\n<meta name=\"twitter:card\" content=\"summary_large_image\" \/>\n<meta name=\"twitter:label1\" content=\"Est. reading time\" \/>\n\t<meta name=\"twitter:data1\" content=\"2 minutes\" \/>\n<script type=\"application\/ld+json\" class=\"yoast-schema-graph\">{\"@context\":\"https:\\\/\\\/schema.org\",\"@graph\":[{\"@type\":\"WebPage\",\"@id\":\"https:\\\/\\\/globaltraining.com\\\/product\\\/emergency-action-plan\\\/\",\"url\":\"https:\\\/\\\/globaltraining.com\\\/product\\\/emergency-action-plan\\\/\",\"name\":\"Emergency Action Plan - Global Safety &amp; Environmental\",\"isPartOf\":{\"@id\":\"https:\\\/\\\/globaltraining.com\\\/#website\"},\"primaryImageOfPage\":{\"@id\":\"https:\\\/\\\/globaltraining.com\\\/product\\\/emergency-action-plan\\\/#primaryimage\"},\"image\":{\"@id\":\"https:\\\/\\\/globaltraining.com\\\/product\\\/emergency-action-plan\\\/#primaryimage\"},\"thumbnailUrl\":\"https:\\\/\\\/globaltraining.com\\\/wp-content\\\/uploads\\\/2022\\\/04\\\/Emergency-Response-Plan.jpg\",\"datePublished\":\"2023-09-08T17:44:55+00:00\",\"dateModified\":\"2024-12-06T17:50:26+00:00\",\"description\":\"Prepare for the unexpected with our Emergency Action Plan Training. Learn how to create and implement effective emergency action plans for any situation.\",\"breadcrumb\":{\"@id\":\"https:\\\/\\\/globaltraining.com\\\/product\\\/emergency-action-plan\\\/#breadcrumb\"},\"inLanguage\":\"tr-TR\",\"potentialAction\":[{\"@type\":\"ReadAction\",\"target\":[\"https:\\\/\\\/globaltraining.com\\\/product\\\/emergency-action-plan\\\/\"]}]},{\"@type\":\"ImageObject\",\"inLanguage\":\"tr-TR\",\"@id\":\"https:\\\/\\\/globaltraining.com\\\/product\\\/emergency-action-plan\\\/#primaryimage\",\"url\":\"https:\\\/\\\/globaltraining.com\\\/wp-content\\\/uploads\\\/2022\\\/04\\\/Emergency-Response-Plan.jpg\",\"contentUrl\":\"https:\\\/\\\/globaltraining.com\\\/wp-content\\\/uploads\\\/2022\\\/04\\\/Emergency-Response-Plan.jpg\",\"width\":1200,\"height\":800,\"caption\":\"emergency action plan\"},{\"@type\":\"BreadcrumbList\",\"@id\":\"https:\\\/\\\/globaltraining.com\\\/product\\\/emergency-action-plan\\\/#breadcrumb\",\"itemListElement\":[{\"@type\":\"ListItem\",\"position\":1,\"name\":\"Home\",\"item\":\"https:\\\/\\\/globaltraining.com\\\/\"},{\"@type\":\"ListItem\",\"position\":2,\"name\":\"Productos\",\"item\":\"https:\\\/\\\/globaltraining.com\\\/es\\\/shop\\\/\"},{\"@type\":\"ListItem\",\"position\":3,\"name\":\"Emergency Action Plan\"}]},{\"@type\":\"WebSite\",\"@id\":\"https:\\\/\\\/globaltraining.com\\\/#website\",\"url\":\"https:\\\/\\\/globaltraining.com\\\/\",\"name\":\"Global Safety & Environmental\",\"description\":\"Full Service Health, Safety, and Environmental Courses\",\"publisher\":{\"@id\":\"https:\\\/\\\/globaltraining.com\\\/#organization\"},\"potentialAction\":[{\"@type\":\"SearchAction\",\"target\":{\"@type\":\"EntryPoint\",\"urlTemplate\":\"https:\\\/\\\/globaltraining.com\\\/?s={search_term_string}\"},\"query-input\":{\"@type\":\"PropertyValueSpecification\",\"valueRequired\":true,\"valueName\":\"search_term_string\"}}],\"inLanguage\":\"tr-TR\"},{\"@type\":\"Organization\",\"@id\":\"https:\\\/\\\/globaltraining.com\\\/#organization\",\"name\":\"Global Safety & Environmental\",\"url\":\"https:\\\/\\\/globaltraining.com\\\/\",\"logo\":{\"@type\":\"ImageObject\",\"inLanguage\":\"tr-TR\",\"@id\":\"https:\\\/\\\/globaltraining.com\\\/#\\\/schema\\\/logo\\\/image\\\/\",\"url\":\"https:\\\/\\\/globaltraining.com\\\/wp-content\\\/uploads\\\/2021\\\/01\\\/GSE-Logo-for-email.png\",\"contentUrl\":\"https:\\\/\\\/globaltraining.com\\\/wp-content\\\/uploads\\\/2021\\\/01\\\/GSE-Logo-for-email.png\",\"width\":400,\"height\":101,\"caption\":\"Global Safety & Environmental\"},\"image\":{\"@id\":\"https:\\\/\\\/globaltraining.com\\\/#\\\/schema\\\/logo\\\/image\\\/\"}}]}<\/script>\n<!-- \/ Yoast SEO plugin. -->","yoast_head_json":{"title":"Acil Eylem Plan\u0131 - K\u00fcresel G\u00fcvenlik ve \u00c7evre","description":"Acil Durum Eylem Plan\u0131 E\u011fitimimiz ile beklenmeyen durumlara haz\u0131rl\u0131kl\u0131 olun. Herhangi bir durum i\u00e7in etkili acil durum eylem planlar\u0131n\u0131n nas\u0131l olu\u015fturulaca\u011f\u0131n\u0131 ve uygulanaca\u011f\u0131n\u0131 \u00f6\u011frenin.","robots":{"index":"index","follow":"follow","max-snippet":"max-snippet:-1","max-image-preview":"max-image-preview:large","max-video-preview":"max-video-preview:-1"},"canonical":"https:\/\/globaltraining.com\/tr\/urun\/acil-eylem-plani\/","og_locale":"tr_TR","og_type":"article","og_title":"Emergency Action Plan - Global Safety &amp; Environmental","og_description":"Prepare for the unexpected with our Emergency Action Plan Training. Learn how to create and implement effective emergency action plans for any situation.","og_url":"https:\/\/globaltraining.com\/tr\/urun\/acil-eylem-plani\/","og_site_name":"Global Safety &amp; Environmental","article_modified_time":"2024-12-06T17:50:26+00:00","og_image":[{"width":1200,"height":800,"url":"https:\/\/globaltraining.com\/wp-content\/uploads\/2022\/04\/Emergency-Response-Plan.jpg","type":"image\/jpeg"}],"twitter_card":"summary_large_image","twitter_misc":{"Est. reading time":"2 minutes"},"schema":{"@context":"https:\/\/schema.org","@graph":[{"@type":"WebPage","@id":"https:\/\/globaltraining.com\/product\/emergency-action-plan\/","url":"https:\/\/globaltraining.com\/product\/emergency-action-plan\/","name":"Acil Eylem Plan\u0131 - K\u00fcresel G\u00fcvenlik ve \u00c7evre","isPartOf":{"@id":"https:\/\/globaltraining.com\/#website"},"primaryImageOfPage":{"@id":"https:\/\/globaltraining.com\/product\/emergency-action-plan\/#primaryimage"},"image":{"@id":"https:\/\/globaltraining.com\/product\/emergency-action-plan\/#primaryimage"},"thumbnailUrl":"https:\/\/globaltraining.com\/wp-content\/uploads\/2022\/04\/Emergency-Response-Plan.jpg","datePublished":"2023-09-08T17:44:55+00:00","dateModified":"2024-12-06T17:50:26+00:00","description":"Acil Durum Eylem Plan\u0131 E\u011fitimimiz ile beklenmeyen durumlara haz\u0131rl\u0131kl\u0131 olun. Herhangi bir durum i\u00e7in etkili acil durum eylem planlar\u0131n\u0131n nas\u0131l olu\u015fturulaca\u011f\u0131n\u0131 ve uygulanaca\u011f\u0131n\u0131 \u00f6\u011frenin.","breadcrumb":{"@id":"https:\/\/globaltraining.com\/product\/emergency-action-plan\/#breadcrumb"},"inLanguage":"tr-TR","potentialAction":[{"@type":"ReadAction","target":["https:\/\/globaltraining.com\/product\/emergency-action-plan\/"]}]},{"@type":"ImageObject","inLanguage":"tr-TR","@id":"https:\/\/globaltraining.com\/product\/emergency-action-plan\/#primaryimage","url":"https:\/\/globaltraining.com\/wp-content\/uploads\/2022\/04\/Emergency-Response-Plan.jpg","contentUrl":"https:\/\/globaltraining.com\/wp-content\/uploads\/2022\/04\/Emergency-Response-Plan.jpg","width":1200,"height":800,"caption":"emergency action plan"},{"@type":"BreadcrumbList","@id":"https:\/\/globaltraining.com\/product\/emergency-action-plan\/#breadcrumb","itemListElement":[{"@type":"ListItem","position":1,"name":"Home","item":"https:\/\/globaltraining.com\/"},{"@type":"ListItem","position":2,"name":"Productos","item":"https:\/\/globaltraining.com\/es\/shop\/"},{"@type":"ListItem","position":3,"name":"Emergency Action Plan"}]},{"@type":"WebSite","@id":"https:\/\/globaltraining.com\/#website","url":"https:\/\/globaltraining.com\/","name":"K\u00fcresel G\u00fcvenlik ve \u00c7evre","description":"Tam Hizmet Sa\u011fl\u0131k, G\u00fcvenlik ve \u00c7evre Kurslar\u0131","publisher":{"@id":"https:\/\/globaltraining.com\/#organization"},"potentialAction":[{"@type":"SearchAction","target":{"@type":"EntryPoint","urlTemplate":"https:\/\/globaltraining.com\/?s={search_term_string}"},"query-input":{"@type":"PropertyValueSpecification","valueRequired":true,"valueName":"search_term_string"}}],"inLanguage":"tr-TR"},{"@type":"Organization","@id":"https:\/\/globaltraining.com\/#organization","name":"K\u00fcresel G\u00fcvenlik ve \u00c7evre","url":"https:\/\/globaltraining.com\/","logo":{"@type":"ImageObject","inLanguage":"tr-TR","@id":"https:\/\/globaltraining.com\/#\/schema\/logo\/image\/","url":"https:\/\/globaltraining.com\/wp-content\/uploads\/2021\/01\/GSE-Logo-for-email.png","contentUrl":"https:\/\/globaltraining.com\/wp-content\/uploads\/2021\/01\/GSE-Logo-for-email.png","width":400,"height":101,"caption":"Global Safety & Environmental"},"image":{"@id":"https:\/\/globaltraining.com\/#\/schema\/logo\/image\/"}}]}},"_links":{"self":[{"href":"https:\/\/globaltraining.com\/tr\/wp-json\/wp\/v2\/product\/28499","targetHints":{"allow":["GET"]}}],"collection":[{"href":"https:\/\/globaltraining.com\/tr\/wp-json\/wp\/v2\/product"}],"about":[{"href":"https:\/\/globaltraining.com\/tr\/wp-json\/wp\/v2\/types\/product"}],"wp:featuredmedia":[{"embeddable":true,"href":"https:\/\/globaltraining.com\/tr\/wp-json\/wp\/v2\/media\/27071"}],"wp:attachment":[{"href":"https:\/\/globaltraining.com\/tr\/wp-json\/wp\/v2\/media?parent=28499"}],"wp:term":[{"taxonomy":"product_brand","embeddable":true,"href":"https:\/\/globaltraining.com\/tr\/wp-json\/wp\/v2\/product_brand?post=28499"},{"taxonomy":"product_cat","embeddable":true,"href":"https:\/\/globaltraining.com\/tr\/wp-json\/wp\/v2\/product_cat?post=28499"},{"taxonomy":"product_tag","embeddable":true,"href":"https:\/\/globaltraining.com\/tr\/wp-json\/wp\/v2\/product_tag?post=28499"}],"curies":[{"name":"wp","href":"https:\/\/api.w.org\/{rel}","templated":true}]}}