{"id":28498,"date":"2023-09-08T12:43:56","date_gmt":"2023-09-08T17:43:56","guid":{"rendered":"https:\/\/globaltraining.com\/?post_type=product&#038;p=28498"},"modified":"2024-12-06T11:51:07","modified_gmt":"2024-12-06T17:51:07","slug":"etkili-iletisim","status":"publish","type":"product","link":"https:\/\/globaltraining.com\/tr\/product\/effective-communication\/","title":{"rendered":"Etkili ileti\u015fim"},"content":{"rendered":"<h2>Etkili \u0130leti\u015fimin G\u00fcc\u00fc<\/h2>\n<p>Etkili ileti\u015fim, g\u00fcnl\u00fck ya\u015fam\u0131m\u0131zda \u00e7ok \u00f6nemli bir rol oynayan hayati bir beceridir. \u0130ster i\u015fte olun, ister arkada\u015flar\u0131n\u0131zla ve ailenizle etkile\u015fimde olun, ister daha geni\u015f bir kitleye hitap edin, sanatta ustala\u015f\u0131n. <strong>etkili ileti\u015fim<\/strong> ba\u015far\u0131n\u0131z\u0131 ve ili\u015fkilerinizi \u00f6nemli \u00f6l\u00e7\u00fcde etkileyebilir.<\/p>\n<p>Kapsaml\u0131 <strong>ileti\u015fim<\/strong> Kurs, bir ileti\u015fimci olarak t\u00fcm potansiyelinizi ortaya \u00e7\u0131karman\u0131za yard\u0131mc\u0131 olmak i\u00e7in titizlikle tasarlanm\u0131\u015ft\u0131r. Bu kursa kaydolarak ileti\u015fimin \u00e7e\u015fitli y\u00f6nlerine ve bunlar\u0131 farkl\u0131 senaryolarda etkili bir \u015fekilde nas\u0131l uygulayaca\u011f\u0131n\u0131za dair derinlemesine bir anlay\u0131\u015f kazanacaks\u0131n\u0131z.<\/p>\n<h2>\u00d6nemli Kurslarda \u00d6ne \u00c7\u0131kanlar<\/h2>\n<p>Bu ders a\u015fa\u011f\u0131daki konularla ilgili geni\u015f bir yelpazedeki konular\u0131 kapsamaktad\u0131r: <strong>etkili ileti\u015fim<\/strong>\u00e7ok y\u00f6nl\u00fc bir beceri seti geli\u015ftirmenizi sa\u011flar. \u00d6nemli \u00f6ne \u00e7\u0131kanlardan baz\u0131lar\u0131 \u015funlard\u0131r:<\/p>\n<ul>\n<li><strong>S\u00f6zl\u00fc ve S\u00f6zs\u00fcz \u0130leti\u015fim:<\/strong> D\u00fc\u015f\u00fcncelerinizi a\u00e7\u0131k\u00e7a ifade etme ve s\u00f6zel olmayan ipu\u00e7lar\u0131n\u0131 do\u011fru \u015fekilde yorumlama sanat\u0131n\u0131 \u00f6\u011frenin.<\/li>\n<li><strong>Aktif dinleme:<\/strong> Ba\u015fkalar\u0131n\u0131 anlama ve d\u00fc\u015f\u00fcnceli bir \u015fekilde yan\u0131t verme yetene\u011finizi geli\u015ftirebilecek aktif dinlemenin g\u00fcc\u00fcn\u00fc ke\u015ffedin.<\/li>\n<li><strong>\u0130leti\u015fim Engellerini A\u015fmak:<\/strong> Etkili ileti\u015fimin \u00f6n\u00fcndeki ortak engeller ve bunlar\u0131n \u00fcstesinden gelmeye y\u00f6nelik stratejiler hakk\u0131nda bilgi edinin.<\/li>\n<li><strong>\u0130kna ve M\u00fczakere:<\/strong> Hem ki\u015fisel hem de profesyonel ortamlarda \u00e7ok de\u011ferli olan ikna ve m\u00fczakere becerilerini geli\u015ftirin.<\/li>\n<\/ul>\n<h2>Etkili \u0130leti\u015fimin Ger\u00e7ek D\u00fcnyada Uygulanmas\u0131<\/h2>\n<p>Bizi ne belirler <strong>Etkili \u0130leti\u015fim<\/strong>\u00a0Tabii ki pratik uygulamaya odaklanmas\u0131d\u0131r. Yeni edindi\u011finiz becerileri uygulamaya koyman\u0131za olanak tan\u0131yan ger\u00e7ek d\u00fcnya senaryolar\u0131 ve al\u0131\u015ft\u0131rmalar\u0131 sa\u011fl\u0131yoruz. Kursun sonunda, \u00e7e\u015fitli ileti\u015fim zorluklar\u0131n\u0131 g\u00fcvenle a\u015fabilecek donan\u0131ma sahip olacaks\u0131n\u0131z.<\/p>\n<h2>Bug\u00fcn Kaydolun ve \u0130leti\u015fiminizi D\u00f6n\u00fc\u015ft\u00fcr\u00fcn<\/h2>\n<p>Hayat\u0131n\u0131z\u0131 iyile\u015ftirme f\u0131rsat\u0131n\u0131 ka\u00e7\u0131rmay\u0131n <strong>etkili ileti\u015fim<\/strong>. Bug\u00fcn kursumuza kaydolun ve daha ikna edici, empatik ve etkili bir ileti\u015fimci olma yolculu\u011funa \u00e7\u0131k\u0131n. Bize kat\u0131l\u0131n, ileti\u015fimin b\u00fcy\u00fcleyici d\u00fcnyas\u0131n\u0131 birlikte ke\u015ffedelim!<\/p>","protected":false},"excerpt":{"rendered":"<p>Kapsaml\u0131 kursumuzla etkili ileti\u015fimin g\u00fcc\u00fcn\u00fcn kilidini a\u00e7\u0131n. Geli\u015ftirin <strong>ileti\u015fim ve etkili ileti\u015fim<\/strong> becerilerinizi geli\u015ftirin ve ki\u015fisel ve profesyonel ya\u015fam\u0131n\u0131z\u0131 geli\u015ftirin. Bug\u00fcn kaydolun!<\/p>","protected":false},"featured_media":27120,"template":"","meta":{"_et_pb_use_builder":"","_et_pb_old_content":"","_et_gb_content_width":""},"product_brand":[],"product_cat":[148,163,172],"product_tag":[],"class_list":{"0":"post-28498","1":"product","2":"type-product","3":"status-publish","4":"has-post-thumbnail","6":"product_cat-hr","7":"product_cat-safety-admin","8":"product_cat-workplace-policies-and-procedures","10":"first","11":"instock","12":"virtual","13":"sold-individually","14":"purchasable","15":"product-type-simple"},"yoast_head":"<!-- This site is optimized with the Yoast SEO plugin v27.3 - https:\/\/yoast.com\/product\/yoast-seo-wordpress\/ -->\n<title>Effective Communication - Global Safety &amp; Environmental<\/title>\n<meta name=\"description\" content=\"Master Effective Communication with our comprehensive course. Enhance your communication and effective communication skills. Enroll now!\" \/>\n<meta name=\"robots\" content=\"index, follow, max-snippet:-1, max-image-preview:large, max-video-preview:-1\" \/>\n<link rel=\"canonical\" href=\"https:\/\/globaltraining.com\/tr\/urun\/etkili-iletisim\/\" \/>\n<meta property=\"og:locale\" content=\"tr_TR\" \/>\n<meta property=\"og:type\" content=\"article\" \/>\n<meta property=\"og:title\" content=\"Effective Communication - Global Safety &amp; Environmental\" \/>\n<meta property=\"og:description\" content=\"Master Effective Communication with our comprehensive course. Enhance your communication and effective communication skills. Enroll now!\" \/>\n<meta property=\"og:url\" content=\"https:\/\/globaltraining.com\/tr\/urun\/etkili-iletisim\/\" \/>\n<meta property=\"og:site_name\" content=\"Global Safety &amp; Environmental\" \/>\n<meta property=\"article:modified_time\" content=\"2024-12-06T17:51:07+00:00\" \/>\n<meta property=\"og:image\" content=\"https:\/\/globaltraining.com\/wp-content\/uploads\/2021\/11\/office-workers-talking-LVNTME8.jpg\" \/>\n\t<meta property=\"og:image:width\" content=\"1200\" \/>\n\t<meta property=\"og:image:height\" content=\"800\" \/>\n\t<meta property=\"og:image:type\" content=\"image\/jpeg\" \/>\n<meta name=\"twitter:card\" content=\"summary_large_image\" \/>\n<meta name=\"twitter:label1\" content=\"Est. reading time\" \/>\n\t<meta name=\"twitter:data1\" content=\"2 minutes\" \/>\n<script type=\"application\/ld+json\" class=\"yoast-schema-graph\">{\"@context\":\"https:\\\/\\\/schema.org\",\"@graph\":[{\"@type\":\"WebPage\",\"@id\":\"https:\\\/\\\/globaltraining.com\\\/product\\\/effective-communication\\\/\",\"url\":\"https:\\\/\\\/globaltraining.com\\\/product\\\/effective-communication\\\/\",\"name\":\"Effective Communication - Global Safety &amp; Environmental\",\"isPartOf\":{\"@id\":\"https:\\\/\\\/globaltraining.com\\\/#website\"},\"primaryImageOfPage\":{\"@id\":\"https:\\\/\\\/globaltraining.com\\\/product\\\/effective-communication\\\/#primaryimage\"},\"image\":{\"@id\":\"https:\\\/\\\/globaltraining.com\\\/product\\\/effective-communication\\\/#primaryimage\"},\"thumbnailUrl\":\"https:\\\/\\\/globaltraining.com\\\/wp-content\\\/uploads\\\/2021\\\/11\\\/office-workers-talking-LVNTME8.jpg\",\"datePublished\":\"2023-09-08T17:43:56+00:00\",\"dateModified\":\"2024-12-06T17:51:07+00:00\",\"description\":\"Master Effective Communication with our comprehensive course. Enhance your communication and effective communication skills. Enroll now!\",\"breadcrumb\":{\"@id\":\"https:\\\/\\\/globaltraining.com\\\/product\\\/effective-communication\\\/#breadcrumb\"},\"inLanguage\":\"tr-TR\",\"potentialAction\":[{\"@type\":\"ReadAction\",\"target\":[\"https:\\\/\\\/globaltraining.com\\\/product\\\/effective-communication\\\/\"]}]},{\"@type\":\"ImageObject\",\"inLanguage\":\"tr-TR\",\"@id\":\"https:\\\/\\\/globaltraining.com\\\/product\\\/effective-communication\\\/#primaryimage\",\"url\":\"https:\\\/\\\/globaltraining.com\\\/wp-content\\\/uploads\\\/2021\\\/11\\\/office-workers-talking-LVNTME8.jpg\",\"contentUrl\":\"https:\\\/\\\/globaltraining.com\\\/wp-content\\\/uploads\\\/2021\\\/11\\\/office-workers-talking-LVNTME8.jpg\",\"width\":1200,\"height\":800,\"caption\":\"effective communication\"},{\"@type\":\"BreadcrumbList\",\"@id\":\"https:\\\/\\\/globaltraining.com\\\/product\\\/effective-communication\\\/#breadcrumb\",\"itemListElement\":[{\"@type\":\"ListItem\",\"position\":1,\"name\":\"Home\",\"item\":\"https:\\\/\\\/globaltraining.com\\\/\"},{\"@type\":\"ListItem\",\"position\":2,\"name\":\"Productos\",\"item\":\"https:\\\/\\\/globaltraining.com\\\/es\\\/shop\\\/\"},{\"@type\":\"ListItem\",\"position\":3,\"name\":\"Effective Communication\"}]},{\"@type\":\"WebSite\",\"@id\":\"https:\\\/\\\/globaltraining.com\\\/#website\",\"url\":\"https:\\\/\\\/globaltraining.com\\\/\",\"name\":\"Global Safety & Environmental\",\"description\":\"Full Service Health, Safety, and Environmental Courses\",\"publisher\":{\"@id\":\"https:\\\/\\\/globaltraining.com\\\/#organization\"},\"potentialAction\":[{\"@type\":\"SearchAction\",\"target\":{\"@type\":\"EntryPoint\",\"urlTemplate\":\"https:\\\/\\\/globaltraining.com\\\/?s={search_term_string}\"},\"query-input\":{\"@type\":\"PropertyValueSpecification\",\"valueRequired\":true,\"valueName\":\"search_term_string\"}}],\"inLanguage\":\"tr-TR\"},{\"@type\":\"Organization\",\"@id\":\"https:\\\/\\\/globaltraining.com\\\/#organization\",\"name\":\"Global Safety & Environmental\",\"url\":\"https:\\\/\\\/globaltraining.com\\\/\",\"logo\":{\"@type\":\"ImageObject\",\"inLanguage\":\"tr-TR\",\"@id\":\"https:\\\/\\\/globaltraining.com\\\/#\\\/schema\\\/logo\\\/image\\\/\",\"url\":\"https:\\\/\\\/globaltraining.com\\\/wp-content\\\/uploads\\\/2021\\\/01\\\/GSE-Logo-for-email.png\",\"contentUrl\":\"https:\\\/\\\/globaltraining.com\\\/wp-content\\\/uploads\\\/2021\\\/01\\\/GSE-Logo-for-email.png\",\"width\":400,\"height\":101,\"caption\":\"Global Safety & Environmental\"},\"image\":{\"@id\":\"https:\\\/\\\/globaltraining.com\\\/#\\\/schema\\\/logo\\\/image\\\/\"}}]}<\/script>\n<!-- \/ Yoast SEO plugin. -->","yoast_head_json":{"title":"Etkili \u0130leti\u015fim - K\u00fcresel G\u00fcvenlik ve \u00c7evre","description":"Kapsaml\u0131 kursumuzla Etkili \u0130leti\u015fimde Ustala\u015f\u0131n. \u0130leti\u015fiminizi ve etkili ileti\u015fim becerilerinizi geli\u015ftirin. Hemen kaydolun!","robots":{"index":"index","follow":"follow","max-snippet":"max-snippet:-1","max-image-preview":"max-image-preview:large","max-video-preview":"max-video-preview:-1"},"canonical":"https:\/\/globaltraining.com\/tr\/urun\/etkili-iletisim\/","og_locale":"tr_TR","og_type":"article","og_title":"Effective Communication - Global Safety &amp; Environmental","og_description":"Master Effective Communication with our comprehensive course. Enhance your communication and effective communication skills. Enroll now!","og_url":"https:\/\/globaltraining.com\/tr\/urun\/etkili-iletisim\/","og_site_name":"Global Safety &amp; Environmental","article_modified_time":"2024-12-06T17:51:07+00:00","og_image":[{"width":1200,"height":800,"url":"https:\/\/globaltraining.com\/wp-content\/uploads\/2021\/11\/office-workers-talking-LVNTME8.jpg","type":"image\/jpeg"}],"twitter_card":"summary_large_image","twitter_misc":{"Est. reading time":"2 minutes"},"schema":{"@context":"https:\/\/schema.org","@graph":[{"@type":"WebPage","@id":"https:\/\/globaltraining.com\/product\/effective-communication\/","url":"https:\/\/globaltraining.com\/product\/effective-communication\/","name":"Etkili \u0130leti\u015fim - K\u00fcresel G\u00fcvenlik ve \u00c7evre","isPartOf":{"@id":"https:\/\/globaltraining.com\/#website"},"primaryImageOfPage":{"@id":"https:\/\/globaltraining.com\/product\/effective-communication\/#primaryimage"},"image":{"@id":"https:\/\/globaltraining.com\/product\/effective-communication\/#primaryimage"},"thumbnailUrl":"https:\/\/globaltraining.com\/wp-content\/uploads\/2021\/11\/office-workers-talking-LVNTME8.jpg","datePublished":"2023-09-08T17:43:56+00:00","dateModified":"2024-12-06T17:51:07+00:00","description":"Kapsaml\u0131 kursumuzla Etkili \u0130leti\u015fimde Ustala\u015f\u0131n. \u0130leti\u015fiminizi ve etkili ileti\u015fim becerilerinizi geli\u015ftirin. Hemen kaydolun!","breadcrumb":{"@id":"https:\/\/globaltraining.com\/product\/effective-communication\/#breadcrumb"},"inLanguage":"tr-TR","potentialAction":[{"@type":"ReadAction","target":["https:\/\/globaltraining.com\/product\/effective-communication\/"]}]},{"@type":"ImageObject","inLanguage":"tr-TR","@id":"https:\/\/globaltraining.com\/product\/effective-communication\/#primaryimage","url":"https:\/\/globaltraining.com\/wp-content\/uploads\/2021\/11\/office-workers-talking-LVNTME8.jpg","contentUrl":"https:\/\/globaltraining.com\/wp-content\/uploads\/2021\/11\/office-workers-talking-LVNTME8.jpg","width":1200,"height":800,"caption":"effective communication"},{"@type":"BreadcrumbList","@id":"https:\/\/globaltraining.com\/product\/effective-communication\/#breadcrumb","itemListElement":[{"@type":"ListItem","position":1,"name":"Home","item":"https:\/\/globaltraining.com\/"},{"@type":"ListItem","position":2,"name":"Productos","item":"https:\/\/globaltraining.com\/es\/shop\/"},{"@type":"ListItem","position":3,"name":"Effective Communication"}]},{"@type":"WebSite","@id":"https:\/\/globaltraining.com\/#website","url":"https:\/\/globaltraining.com\/","name":"K\u00fcresel G\u00fcvenlik ve \u00c7evre","description":"Tam Hizmet Sa\u011fl\u0131k, G\u00fcvenlik ve \u00c7evre Kurslar\u0131","publisher":{"@id":"https:\/\/globaltraining.com\/#organization"},"potentialAction":[{"@type":"SearchAction","target":{"@type":"EntryPoint","urlTemplate":"https:\/\/globaltraining.com\/?s={search_term_string}"},"query-input":{"@type":"PropertyValueSpecification","valueRequired":true,"valueName":"search_term_string"}}],"inLanguage":"tr-TR"},{"@type":"Organization","@id":"https:\/\/globaltraining.com\/#organization","name":"K\u00fcresel G\u00fcvenlik ve \u00c7evre","url":"https:\/\/globaltraining.com\/","logo":{"@type":"ImageObject","inLanguage":"tr-TR","@id":"https:\/\/globaltraining.com\/#\/schema\/logo\/image\/","url":"https:\/\/globaltraining.com\/wp-content\/uploads\/2021\/01\/GSE-Logo-for-email.png","contentUrl":"https:\/\/globaltraining.com\/wp-content\/uploads\/2021\/01\/GSE-Logo-for-email.png","width":400,"height":101,"caption":"Global Safety & Environmental"},"image":{"@id":"https:\/\/globaltraining.com\/#\/schema\/logo\/image\/"}}]}},"_links":{"self":[{"href":"https:\/\/globaltraining.com\/tr\/wp-json\/wp\/v2\/product\/28498","targetHints":{"allow":["GET"]}}],"collection":[{"href":"https:\/\/globaltraining.com\/tr\/wp-json\/wp\/v2\/product"}],"about":[{"href":"https:\/\/globaltraining.com\/tr\/wp-json\/wp\/v2\/types\/product"}],"wp:featuredmedia":[{"embeddable":true,"href":"https:\/\/globaltraining.com\/tr\/wp-json\/wp\/v2\/media\/27120"}],"wp:attachment":[{"href":"https:\/\/globaltraining.com\/tr\/wp-json\/wp\/v2\/media?parent=28498"}],"wp:term":[{"taxonomy":"product_brand","embeddable":true,"href":"https:\/\/globaltraining.com\/tr\/wp-json\/wp\/v2\/product_brand?post=28498"},{"taxonomy":"product_cat","embeddable":true,"href":"https:\/\/globaltraining.com\/tr\/wp-json\/wp\/v2\/product_cat?post=28498"},{"taxonomy":"product_tag","embeddable":true,"href":"https:\/\/globaltraining.com\/tr\/wp-json\/wp\/v2\/product_tag?post=28498"}],"curies":[{"name":"wp","href":"https:\/\/api.w.org\/{rel}","templated":true}]}}