{"id":28497,"date":"2023-09-08T12:41:33","date_gmt":"2023-09-08T17:41:33","guid":{"rendered":"https:\/\/globaltraining.com\/?post_type=product&#038;p=28497"},"modified":"2024-12-06T11:51:37","modified_gmt":"2024-12-06T17:51:37","slug":"damperli-kamyon-guvenligi","status":"publish","type":"product","link":"https:\/\/globaltraining.com\/tr\/product\/dump-truck-safety\/","title":{"rendered":"Damperli Kamyon G\u00fcvenlik E\u011fitimi"},"content":{"rendered":"<h2>Damperli Kamyon G\u00fcvenli\u011fi E\u011fitimini Anlamak<\/h2>\n<p>Kapsaml\u0131 program\u0131m\u0131za ho\u015f geldiniz <strong>Damperli Kamyon G\u00fcvenlik E\u011fitimi<\/strong> G\u00fcvenli\u011fin verimlilikle bulu\u015ftu\u011fu program. Bu kursta, g\u00fcvenli damperli kamyon kullan\u0131m\u0131n\u0131n \u00f6nemli y\u00f6nlerini ele alaca\u011f\u0131z. <strong>damperli kamyon g\u00fcvenli\u011fi<\/strong> en iyi uygulamalar ve <strong>damperli kamyon \u015fof\u00f6r\u00fc e\u011fitimi<\/strong>.<\/p>\n<h2>Damperli Kamyon G\u00fcvenli\u011finin \u00d6nemi<\/h2>\n<p>Damperli bir kamyonun \u00e7al\u0131\u015ft\u0131r\u0131lmas\u0131, a\u011f\u0131r y\u00fcklerin ta\u015f\u0131nmas\u0131n\u0131 ve zorlu arazilerde gezinmeyi i\u00e7erir. \u00d6nceliklendirme <strong>damperli kamyon g\u00fcvenli\u011fi<\/strong> a\u015fa\u011f\u0131dakiler i\u00e7in gereklidir:<\/p>\n<ul>\n<li>Kazalar\u0131 ve yaralanmalar\u0131 \u00f6nleyin<\/li>\n<li>De\u011ferli kargo ve ekipman\u0131 koruyun<\/li>\n<li>G\u00fcvenlik d\u00fczenlemelerine uygunlu\u011fu s\u00fcrd\u00fcr\u00fcn<\/li>\n<li>S\u00fcr\u00fcc\u00fcn\u00fcn g\u00fcvenini ve performans\u0131n\u0131 art\u0131r\u0131n<\/li>\n<\/ul>\n<p>Kursumuz, s\u00fcr\u00fcc\u00fcleri damperli kamyonlar\u0131 g\u00fcvenli bir \u015fekilde \u00e7al\u0131\u015ft\u0131rmak i\u00e7in gereken bilgi ve becerilerle donatarak yoldaki ve \u015fantiyelerdeki riskleri en aza indirir.<\/p>\n<h2>Temel E\u011fitim Bile\u015fenleri<\/h2>\n<p>Bizim <strong>Damperli Kamyon E\u011fitimi<\/strong> a\u015fa\u011f\u0131dakiler de dahil olmak \u00fczere bir dizi kritik konuyu kapsar:<\/p>\n<ul>\n<li>Ara\u00e7 muayenesi ve bak\u0131m\u0131<\/li>\n<li>G\u00fcvenli y\u00fckleme ve bo\u015faltma prosed\u00fcrleri<\/li>\n<li>Arazi de\u011ferlendirmesi ve risk y\u00f6netimi<\/li>\n<li>Acil m\u00fcdahale ve kriz \u00f6nleme<\/li>\n<\/ul>\n<p>S\u00fcr\u00fcc\u00fcler, damperli kamyon operasyonlar\u0131na ili\u015fkin kapsaml\u0131 bir anlay\u0131\u015f geli\u015ftirerek, g\u00fcvenli\u011fe \u00f6ncelik verirken rollerinde ba\u015far\u0131l\u0131 olmalar\u0131n\u0131 sa\u011flayacak.<\/p>\n<h2>Becerilerinizi Geli\u015ftirin \u2013 Bug\u00fcn Kaydolun!<\/h2>\n<p>Sonu\u00e7 olarak, bizim <strong>Damperli Kamyon E\u011fitimi<\/strong> daha g\u00fcvenli ve daha yetkin bir damperli kamyon operasyonuna a\u00e7\u0131lan kap\u0131n\u0131zd\u0131r. Bu kursa kaydolarak yaln\u0131zca g\u00fcvenli\u011finize de\u011fil, ayn\u0131 zamanda i\u015finizin verimlili\u011fine ve g\u00fcvenilirli\u011fine de yat\u0131r\u0131m yapm\u0131\u015f olursunuz. Beklemeyin; Becerilerinizi ve g\u00fcvenlik uygulamalar\u0131n\u0131z\u0131 geli\u015ftirin; bug\u00fcn kaydolun!<\/p>","protected":false},"excerpt":{"rendered":"<p>Bizim <strong>Damperli Kamyon G\u00fcvenlik E\u011fitimi<\/strong> Kurs, damperli kamyon s\u00fcr\u00fcc\u00fclerini g\u00fcvenli ve verimli bir \u015fekilde \u00e7al\u0131\u015fmak i\u00e7in ihtiya\u00e7 duyduklar\u0131 bilgi ve becerilerle donatmak i\u00e7in tasarlanm\u0131\u015ft\u0131r. G\u00fcvenli\u011fe ve m\u00fckemmelli\u011fe \u00f6ncelik verin; bug\u00fcn kaydolun!<\/p>","protected":false},"featured_media":27125,"template":"","meta":{"_et_pb_use_builder":"","_et_pb_old_content":"","_et_gb_content_width":""},"product_brand":[],"product_cat":[122,132,145,169],"product_tag":[],"class_list":{"0":"post-28497","1":"product","2":"type-product","3":"status-publish","4":"has-post-thumbnail","6":"product_cat-construction","7":"product_cat-equipment","8":"product_cat-heavy-equipment","9":"product_cat-transportation","11":"first","12":"instock","13":"virtual","14":"sold-individually","15":"purchasable","16":"product-type-simple"},"yoast_head":"<!-- This site is optimized with the Yoast SEO plugin v27.4 - https:\/\/yoast.com\/product\/yoast-seo-wordpress\/ -->\n<title>Dump Truck Safety Training - Global Safety &amp; Environmental<\/title>\n<meta name=\"description\" content=\"Master Dump Truck Safety Training with our comprehensive program. Learn essential skills and best practices for safe dump truck operation. Enroll now!\" \/>\n<meta name=\"robots\" content=\"index, follow, max-snippet:-1, max-image-preview:large, max-video-preview:-1\" \/>\n<link rel=\"canonical\" href=\"https:\/\/globaltraining.com\/tr\/urun\/damperli-kamyon-guvenligi\/\" \/>\n<meta property=\"og:locale\" content=\"tr_TR\" \/>\n<meta property=\"og:type\" content=\"article\" \/>\n<meta property=\"og:title\" content=\"Dump Truck Safety Training - Global Safety &amp; Environmental\" \/>\n<meta property=\"og:description\" content=\"Master Dump Truck Safety Training with our comprehensive program. Learn essential skills and best practices for safe dump truck operation. Enroll now!\" \/>\n<meta property=\"og:url\" content=\"https:\/\/globaltraining.com\/tr\/urun\/damperli-kamyon-guvenligi\/\" \/>\n<meta property=\"og:site_name\" content=\"Global Safety &amp; Environmental\" \/>\n<meta property=\"article:modified_time\" content=\"2024-12-06T17:51:37+00:00\" \/>\n<meta property=\"og:image\" content=\"https:\/\/globaltraining.com\/wp-content\/uploads\/2021\/11\/construction-site-dump-truck-PLWC2CD.jpg\" \/>\n\t<meta property=\"og:image:width\" content=\"1200\" \/>\n\t<meta property=\"og:image:height\" content=\"800\" \/>\n\t<meta property=\"og:image:type\" content=\"image\/jpeg\" \/>\n<meta name=\"twitter:card\" content=\"summary_large_image\" \/>\n<meta name=\"twitter:label1\" content=\"Est. reading time\" \/>\n\t<meta name=\"twitter:data1\" content=\"2 minutes\" \/>\n<script type=\"application\/ld+json\" class=\"yoast-schema-graph\">{\"@context\":\"https:\\\/\\\/schema.org\",\"@graph\":[{\"@type\":\"WebPage\",\"@id\":\"https:\\\/\\\/globaltraining.com\\\/product\\\/dump-truck-safety\\\/\",\"url\":\"https:\\\/\\\/globaltraining.com\\\/product\\\/dump-truck-safety\\\/\",\"name\":\"Dump Truck Safety Training - Global Safety &amp; Environmental\",\"isPartOf\":{\"@id\":\"https:\\\/\\\/globaltraining.com\\\/#website\"},\"primaryImageOfPage\":{\"@id\":\"https:\\\/\\\/globaltraining.com\\\/product\\\/dump-truck-safety\\\/#primaryimage\"},\"image\":{\"@id\":\"https:\\\/\\\/globaltraining.com\\\/product\\\/dump-truck-safety\\\/#primaryimage\"},\"thumbnailUrl\":\"https:\\\/\\\/globaltraining.com\\\/wp-content\\\/uploads\\\/2021\\\/11\\\/construction-site-dump-truck-PLWC2CD.jpg\",\"datePublished\":\"2023-09-08T17:41:33+00:00\",\"dateModified\":\"2024-12-06T17:51:37+00:00\",\"description\":\"Master Dump Truck Safety Training with our comprehensive program. Learn essential skills and best practices for safe dump truck operation. Enroll now!\",\"breadcrumb\":{\"@id\":\"https:\\\/\\\/globaltraining.com\\\/product\\\/dump-truck-safety\\\/#breadcrumb\"},\"inLanguage\":\"tr-TR\",\"potentialAction\":[{\"@type\":\"ReadAction\",\"target\":[\"https:\\\/\\\/globaltraining.com\\\/product\\\/dump-truck-safety\\\/\"]}]},{\"@type\":\"ImageObject\",\"inLanguage\":\"tr-TR\",\"@id\":\"https:\\\/\\\/globaltraining.com\\\/product\\\/dump-truck-safety\\\/#primaryimage\",\"url\":\"https:\\\/\\\/globaltraining.com\\\/wp-content\\\/uploads\\\/2021\\\/11\\\/construction-site-dump-truck-PLWC2CD.jpg\",\"contentUrl\":\"https:\\\/\\\/globaltraining.com\\\/wp-content\\\/uploads\\\/2021\\\/11\\\/construction-site-dump-truck-PLWC2CD.jpg\",\"width\":1200,\"height\":800,\"caption\":\"Dump Truck Safety Training\"},{\"@type\":\"BreadcrumbList\",\"@id\":\"https:\\\/\\\/globaltraining.com\\\/product\\\/dump-truck-safety\\\/#breadcrumb\",\"itemListElement\":[{\"@type\":\"ListItem\",\"position\":1,\"name\":\"Home\",\"item\":\"https:\\\/\\\/globaltraining.com\\\/\"},{\"@type\":\"ListItem\",\"position\":2,\"name\":\"Productos\",\"item\":\"https:\\\/\\\/globaltraining.com\\\/es\\\/shop\\\/\"},{\"@type\":\"ListItem\",\"position\":3,\"name\":\"Dump Truck Safety Training\"}]},{\"@type\":\"WebSite\",\"@id\":\"https:\\\/\\\/globaltraining.com\\\/#website\",\"url\":\"https:\\\/\\\/globaltraining.com\\\/\",\"name\":\"Global Safety & Environmental\",\"description\":\"Full Service Health, Safety, and Environmental Courses\",\"publisher\":{\"@id\":\"https:\\\/\\\/globaltraining.com\\\/#organization\"},\"potentialAction\":[{\"@type\":\"SearchAction\",\"target\":{\"@type\":\"EntryPoint\",\"urlTemplate\":\"https:\\\/\\\/globaltraining.com\\\/?s={search_term_string}\"},\"query-input\":{\"@type\":\"PropertyValueSpecification\",\"valueRequired\":true,\"valueName\":\"search_term_string\"}}],\"inLanguage\":\"tr-TR\"},{\"@type\":\"Organization\",\"@id\":\"https:\\\/\\\/globaltraining.com\\\/#organization\",\"name\":\"Global Safety & Environmental\",\"url\":\"https:\\\/\\\/globaltraining.com\\\/\",\"logo\":{\"@type\":\"ImageObject\",\"inLanguage\":\"tr-TR\",\"@id\":\"https:\\\/\\\/globaltraining.com\\\/#\\\/schema\\\/logo\\\/image\\\/\",\"url\":\"https:\\\/\\\/globaltraining.com\\\/wp-content\\\/uploads\\\/2021\\\/01\\\/GSE-Logo-for-email.png\",\"contentUrl\":\"https:\\\/\\\/globaltraining.com\\\/wp-content\\\/uploads\\\/2021\\\/01\\\/GSE-Logo-for-email.png\",\"width\":400,\"height\":101,\"caption\":\"Global Safety & Environmental\"},\"image\":{\"@id\":\"https:\\\/\\\/globaltraining.com\\\/#\\\/schema\\\/logo\\\/image\\\/\"}}]}<\/script>\n<!-- \/ Yoast SEO plugin. -->","yoast_head_json":{"title":"Damperli Kamyon G\u00fcvenlik E\u011fitimi - K\u00fcresel G\u00fcvenlik ve \u00c7evre","description":"Kapsaml\u0131 program\u0131m\u0131zla Usta Damperli Kamyon G\u00fcvenlik E\u011fitimi al\u0131n. G\u00fcvenli damperli kamyon i\u015fletimi i\u00e7in temel becerileri ve en iyi uygulamalar\u0131 \u00f6\u011frenin. Hemen kaydolun!","robots":{"index":"index","follow":"follow","max-snippet":"max-snippet:-1","max-image-preview":"max-image-preview:large","max-video-preview":"max-video-preview:-1"},"canonical":"https:\/\/globaltraining.com\/tr\/urun\/damperli-kamyon-guvenligi\/","og_locale":"tr_TR","og_type":"article","og_title":"Dump Truck Safety Training - Global Safety &amp; Environmental","og_description":"Master Dump Truck Safety Training with our comprehensive program. Learn essential skills and best practices for safe dump truck operation. Enroll now!","og_url":"https:\/\/globaltraining.com\/tr\/urun\/damperli-kamyon-guvenligi\/","og_site_name":"Global Safety &amp; Environmental","article_modified_time":"2024-12-06T17:51:37+00:00","og_image":[{"width":1200,"height":800,"url":"https:\/\/globaltraining.com\/wp-content\/uploads\/2021\/11\/construction-site-dump-truck-PLWC2CD.jpg","type":"image\/jpeg"}],"twitter_card":"summary_large_image","twitter_misc":{"Est. reading time":"2 minutes"},"schema":{"@context":"https:\/\/schema.org","@graph":[{"@type":"WebPage","@id":"https:\/\/globaltraining.com\/product\/dump-truck-safety\/","url":"https:\/\/globaltraining.com\/product\/dump-truck-safety\/","name":"Damperli Kamyon G\u00fcvenlik E\u011fitimi - K\u00fcresel G\u00fcvenlik ve \u00c7evre","isPartOf":{"@id":"https:\/\/globaltraining.com\/#website"},"primaryImageOfPage":{"@id":"https:\/\/globaltraining.com\/product\/dump-truck-safety\/#primaryimage"},"image":{"@id":"https:\/\/globaltraining.com\/product\/dump-truck-safety\/#primaryimage"},"thumbnailUrl":"https:\/\/globaltraining.com\/wp-content\/uploads\/2021\/11\/construction-site-dump-truck-PLWC2CD.jpg","datePublished":"2023-09-08T17:41:33+00:00","dateModified":"2024-12-06T17:51:37+00:00","description":"Kapsaml\u0131 program\u0131m\u0131zla Usta Damperli Kamyon G\u00fcvenlik E\u011fitimi al\u0131n. G\u00fcvenli damperli kamyon i\u015fletimi i\u00e7in temel becerileri ve en iyi uygulamalar\u0131 \u00f6\u011frenin. Hemen kaydolun!","breadcrumb":{"@id":"https:\/\/globaltraining.com\/product\/dump-truck-safety\/#breadcrumb"},"inLanguage":"tr-TR","potentialAction":[{"@type":"ReadAction","target":["https:\/\/globaltraining.com\/product\/dump-truck-safety\/"]}]},{"@type":"ImageObject","inLanguage":"tr-TR","@id":"https:\/\/globaltraining.com\/product\/dump-truck-safety\/#primaryimage","url":"https:\/\/globaltraining.com\/wp-content\/uploads\/2021\/11\/construction-site-dump-truck-PLWC2CD.jpg","contentUrl":"https:\/\/globaltraining.com\/wp-content\/uploads\/2021\/11\/construction-site-dump-truck-PLWC2CD.jpg","width":1200,"height":800,"caption":"Dump Truck Safety Training"},{"@type":"BreadcrumbList","@id":"https:\/\/globaltraining.com\/product\/dump-truck-safety\/#breadcrumb","itemListElement":[{"@type":"ListItem","position":1,"name":"Home","item":"https:\/\/globaltraining.com\/"},{"@type":"ListItem","position":2,"name":"Productos","item":"https:\/\/globaltraining.com\/es\/shop\/"},{"@type":"ListItem","position":3,"name":"Dump Truck Safety Training"}]},{"@type":"WebSite","@id":"https:\/\/globaltraining.com\/#website","url":"https:\/\/globaltraining.com\/","name":"K\u00fcresel G\u00fcvenlik ve \u00c7evre","description":"Tam Hizmet Sa\u011fl\u0131k, G\u00fcvenlik ve \u00c7evre Kurslar\u0131","publisher":{"@id":"https:\/\/globaltraining.com\/#organization"},"potentialAction":[{"@type":"SearchAction","target":{"@type":"EntryPoint","urlTemplate":"https:\/\/globaltraining.com\/?s={search_term_string}"},"query-input":{"@type":"PropertyValueSpecification","valueRequired":true,"valueName":"search_term_string"}}],"inLanguage":"tr-TR"},{"@type":"Organization","@id":"https:\/\/globaltraining.com\/#organization","name":"K\u00fcresel G\u00fcvenlik ve \u00c7evre","url":"https:\/\/globaltraining.com\/","logo":{"@type":"ImageObject","inLanguage":"tr-TR","@id":"https:\/\/globaltraining.com\/#\/schema\/logo\/image\/","url":"https:\/\/globaltraining.com\/wp-content\/uploads\/2021\/01\/GSE-Logo-for-email.png","contentUrl":"https:\/\/globaltraining.com\/wp-content\/uploads\/2021\/01\/GSE-Logo-for-email.png","width":400,"height":101,"caption":"Global Safety & Environmental"},"image":{"@id":"https:\/\/globaltraining.com\/#\/schema\/logo\/image\/"}}]}},"_links":{"self":[{"href":"https:\/\/globaltraining.com\/tr\/wp-json\/wp\/v2\/product\/28497","targetHints":{"allow":["GET"]}}],"collection":[{"href":"https:\/\/globaltraining.com\/tr\/wp-json\/wp\/v2\/product"}],"about":[{"href":"https:\/\/globaltraining.com\/tr\/wp-json\/wp\/v2\/types\/product"}],"wp:featuredmedia":[{"embeddable":true,"href":"https:\/\/globaltraining.com\/tr\/wp-json\/wp\/v2\/media\/27125"}],"wp:attachment":[{"href":"https:\/\/globaltraining.com\/tr\/wp-json\/wp\/v2\/media?parent=28497"}],"wp:term":[{"taxonomy":"product_brand","embeddable":true,"href":"https:\/\/globaltraining.com\/tr\/wp-json\/wp\/v2\/product_brand?post=28497"},{"taxonomy":"product_cat","embeddable":true,"href":"https:\/\/globaltraining.com\/tr\/wp-json\/wp\/v2\/product_cat?post=28497"},{"taxonomy":"product_tag","embeddable":true,"href":"https:\/\/globaltraining.com\/tr\/wp-json\/wp\/v2\/product_tag?post=28497"}],"curies":[{"name":"wp","href":"https:\/\/api.w.org\/{rel}","templated":true}]}}