{"id":28495,"date":"2023-09-08T12:27:50","date_gmt":"2023-09-08T17:27:50","guid":{"rendered":"https:\/\/globaltraining.com\/?post_type=product&#038;p=28495"},"modified":"2024-12-06T11:53:24","modified_gmt":"2024-12-06T17:53:24","slug":"denetciler-icin-uyusturucu-icermeyen-isyeri-egitimi","status":"publish","type":"product","link":"https:\/\/globaltraining.com\/tr\/product\/drug-free-workplace-for-supervisors-training\/","title":{"rendered":"Denet\u00e7iler i\u00e7in Uyu\u015fturucusuz \u0130\u015fyeri E\u011fitimi"},"content":{"rendered":"<h2>Denet\u00e7iler i\u00e7in Kapsaml\u0131 Uyu\u015fturucusuz \u0130\u015fyeri E\u011fitimi<\/h2>\n<p>Denet\u00e7iler i\u00e7in Uyu\u015fturucusuz \u0130\u015fyeri E\u011fitimimize ho\u015f geldiniz; bu program, denet\u00e7ileri g\u00fcvenli ve uyu\u015fturucusuz bir \u00e7al\u0131\u015fma ortam\u0131n\u0131 s\u00fcrd\u00fcrmek i\u00e7in gerekli bilgi ve becerilerle donatmak \u00fczere tasarlanm\u0131\u015ft\u0131r. Bu kapsaml\u0131 k\u0131lavuzda bu e\u011fitimin \u00f6nemini, temel bile\u015fenlerini ve hem i\u015fverenlere hem de \u00e7al\u0131\u015fanlara sundu\u011fu faydalar\u0131 inceleyece\u011fiz.<\/p>\n<h2>Uyu\u015fturucusuz \u0130\u015fyeri E\u011fitiminin \u00d6nemi<\/h2>\n<p>Uyu\u015fturucusuz bir i\u015f yerinin s\u00fcrd\u00fcr\u00fclmesi bir\u00e7ok yerde yaln\u0131zca yasal bir gereklilik de\u011fil, ayn\u0131 zamanda \u00e7al\u0131\u015fanlar\u0131n g\u00fcvenli\u011fini, \u00fcretkenli\u011fini ve refah\u0131n\u0131 sa\u011flaman\u0131n da temel bir unsurudur. Denet\u00e7iler i\u00e7in Uyu\u015fturucusuz \u0130\u015f Yerimiz kurs adresleri:<\/p>\n<ul>\n<li>Yasal y\u00fck\u00fcml\u00fcl\u00fckler ve d\u00fczenlemeler<\/li>\n<li>Madde ba\u011f\u0131ml\u0131l\u0131\u011f\u0131n\u0131n belirtilerini tan\u0131mak<\/li>\n<li>Etkili politika ve prosed\u00fcrlerin uygulanmas\u0131<\/li>\n<li>Adil ve sayg\u0131l\u0131 test ve m\u00fcdahale y\u00fcr\u00fctmek<\/li>\n<\/ul>\n<p>Denetleyicilere madde ba\u011f\u0131ml\u0131l\u0131\u011f\u0131 sorunlar\u0131n\u0131 ele alacak bilgi ve ara\u00e7lar\u0131 sa\u011flayarak kurulu\u015flar daha g\u00fcvenli ve daha \u00fcretken bir \u00e7al\u0131\u015fma ortam\u0131 yaratabilirler.<\/p>\n<h2>E\u011fitim Program\u0131m\u0131z\u0131n Temel Bile\u015fenleri<\/h2>\n<p>Denet\u00e7iler i\u00e7in Uyu\u015fturucusuz \u0130\u015fyeri E\u011fitimimiz a\u015fa\u011f\u0131dakiler de dahil olmak \u00fczere \u00e7ok \u00e7e\u015fitli kritik konular\u0131 kapsamaktad\u0131r:<\/p>\n<ul>\n<li>Madde ba\u011f\u0131ml\u0131l\u0131\u011f\u0131n\u0131n i\u015fyeri \u00fczerindeki etkisini anlamak<\/li>\n<li>\u00c7al\u0131\u015fanlarda uyu\u015fturucu veya alkol ba\u011f\u0131ml\u0131l\u0131\u011f\u0131 belirtilerini tan\u0131mak<\/li>\n<li>Uyu\u015fturucu testi politikalar\u0131n\u0131 ve prosed\u00fcrlerini uygulamak<\/li>\n<li>Etkili m\u00fcdahale ve y\u00f6nlendirmelerin yap\u0131lmas\u0131<\/li>\n<\/ul>\n<p>Bu kapsaml\u0131 program, denet\u00e7ilere, uyu\u015fturucudan ar\u0131nd\u0131r\u0131lm\u0131\u015f bir i\u015f yerinin s\u00fcrd\u00fcr\u00fclmesi ve ihtiyac\u0131 olan \u00e7al\u0131\u015fanlara destek sa\u011flanmas\u0131 konusunda proaktif \u00f6nlemler alma yetkisi veriyor.<\/p>\n<h2>Daha G\u00fcvenli, Uyu\u015fturucusuz Bir \u0130\u015fyeri \u0130\u00e7in \u015eimdi Kaydolun<\/h2>\n<p>Sonu\u00e7 olarak, Denet\u00e7iler i\u00e7in Uyu\u015fturucusuz \u0130\u015fyeri E\u011fitimimiz g\u00fcvenli, sa\u011fl\u0131kl\u0131 ve \u00fcretken bir \u00e7al\u0131\u015fma ortam\u0131 yaratmay\u0131 ve s\u00fcrd\u00fcrmeyi ama\u00e7layan amirler, \u0130K uzmanlar\u0131 ve i\u015fverenler i\u00e7in \u00f6nemli bir kaynakt\u0131r. Bu kursa kaydolarak \u00e7al\u0131\u015fanlar\u0131n\u0131z\u0131n refah\u0131n\u0131 ve kurulu\u015funuzun ba\u015far\u0131s\u0131n\u0131 sa\u011flama yolunda \u00f6nemli bir ad\u0131m at\u0131yorsunuz. Bug\u00fcn bize kat\u0131l\u0131n ve Uyu\u015fturucusuz Bir \u0130\u015fyeri sa\u011flamada lider olun.<\/p>","protected":false},"excerpt":{"rendered":"<p>Y\u00f6neticilerinizi s\u00fcrd\u00fcr\u00fclebilirli\u011fi sa\u011flayacak bilgiyle donat\u0131n. <strong>Uyu\u015fturucusuz \u0130\u015fyeri<\/strong>. Daha g\u00fcvenli, daha \u00fcretken bir \u00e7al\u0131\u015fma ortam\u0131 i\u00e7in kapsaml\u0131 e\u011fitim program\u0131m\u0131za kaydolun. \u015eimdi kay\u0131t!<\/p>","protected":false},"featured_media":27050,"template":"","meta":{"_et_pb_use_builder":"","_et_pb_old_content":"","_et_gb_content_width":""},"product_brand":[],"product_cat":[143,148,172],"product_tag":[],"class_list":{"0":"post-28495","1":"product","2":"type-product","3":"status-publish","4":"has-post-thumbnail","6":"product_cat-health-and-safety","7":"product_cat-hr","8":"product_cat-workplace-policies-and-procedures","10":"first","11":"instock","12":"virtual","13":"sold-individually","14":"purchasable","15":"product-type-simple"},"yoast_head":"<!-- This site is optimized with the Yoast SEO plugin v27.3 - https:\/\/yoast.com\/product\/yoast-seo-wordpress\/ -->\n<title>Drug-Free Workplace for Supervisors Training - Global Safety &amp; Environmental<\/title>\n<meta name=\"description\" content=\"Join our Drug-Free Workplace for Supervisors Training to create a safer, more productive work environment. Learn to address substance abuse effectively.\" \/>\n<meta name=\"robots\" content=\"index, follow, max-snippet:-1, max-image-preview:large, max-video-preview:-1\" \/>\n<link rel=\"canonical\" href=\"https:\/\/globaltraining.com\/tr\/urun\/denetciler-icin-uyusturucu-icermeyen-isyeri-egitimi\/\" \/>\n<meta property=\"og:locale\" content=\"tr_TR\" \/>\n<meta property=\"og:type\" content=\"article\" \/>\n<meta property=\"og:title\" content=\"Drug-Free Workplace for Supervisors Training - Global Safety &amp; Environmental\" \/>\n<meta property=\"og:description\" content=\"Join our Drug-Free Workplace for Supervisors Training to create a safer, more productive work environment. Learn to address substance abuse effectively.\" \/>\n<meta property=\"og:url\" content=\"https:\/\/globaltraining.com\/tr\/urun\/denetciler-icin-uyusturucu-icermeyen-isyeri-egitimi\/\" \/>\n<meta property=\"og:site_name\" content=\"Global Safety &amp; Environmental\" \/>\n<meta property=\"article:modified_time\" content=\"2024-12-06T17:53:24+00:00\" \/>\n<meta property=\"og:image\" content=\"https:\/\/globaltraining.com\/wp-content\/uploads\/2022\/06\/Drug-Free-Workplace-for-Supervisors.jpg\" \/>\n\t<meta property=\"og:image:width\" content=\"1200\" \/>\n\t<meta property=\"og:image:height\" content=\"800\" \/>\n\t<meta property=\"og:image:type\" content=\"image\/jpeg\" \/>\n<meta name=\"twitter:card\" content=\"summary_large_image\" \/>\n<meta name=\"twitter:label1\" content=\"Est. reading time\" \/>\n\t<meta name=\"twitter:data1\" content=\"2 minutes\" \/>\n<script type=\"application\/ld+json\" class=\"yoast-schema-graph\">{\"@context\":\"https:\\\/\\\/schema.org\",\"@graph\":[{\"@type\":\"WebPage\",\"@id\":\"https:\\\/\\\/globaltraining.com\\\/product\\\/drug-free-workplace-for-supervisors-training\\\/\",\"url\":\"https:\\\/\\\/globaltraining.com\\\/product\\\/drug-free-workplace-for-supervisors-training\\\/\",\"name\":\"Drug-Free Workplace for Supervisors Training - Global Safety &amp; Environmental\",\"isPartOf\":{\"@id\":\"https:\\\/\\\/globaltraining.com\\\/#website\"},\"primaryImageOfPage\":{\"@id\":\"https:\\\/\\\/globaltraining.com\\\/product\\\/drug-free-workplace-for-supervisors-training\\\/#primaryimage\"},\"image\":{\"@id\":\"https:\\\/\\\/globaltraining.com\\\/product\\\/drug-free-workplace-for-supervisors-training\\\/#primaryimage\"},\"thumbnailUrl\":\"https:\\\/\\\/globaltraining.com\\\/wp-content\\\/uploads\\\/2022\\\/06\\\/Drug-Free-Workplace-for-Supervisors.jpg\",\"datePublished\":\"2023-09-08T17:27:50+00:00\",\"dateModified\":\"2024-12-06T17:53:24+00:00\",\"description\":\"Join our Drug-Free Workplace for Supervisors Training to create a safer, more productive work environment. Learn to address substance abuse effectively.\",\"breadcrumb\":{\"@id\":\"https:\\\/\\\/globaltraining.com\\\/product\\\/drug-free-workplace-for-supervisors-training\\\/#breadcrumb\"},\"inLanguage\":\"tr-TR\",\"potentialAction\":[{\"@type\":\"ReadAction\",\"target\":[\"https:\\\/\\\/globaltraining.com\\\/product\\\/drug-free-workplace-for-supervisors-training\\\/\"]}]},{\"@type\":\"ImageObject\",\"inLanguage\":\"tr-TR\",\"@id\":\"https:\\\/\\\/globaltraining.com\\\/product\\\/drug-free-workplace-for-supervisors-training\\\/#primaryimage\",\"url\":\"https:\\\/\\\/globaltraining.com\\\/wp-content\\\/uploads\\\/2022\\\/06\\\/Drug-Free-Workplace-for-Supervisors.jpg\",\"contentUrl\":\"https:\\\/\\\/globaltraining.com\\\/wp-content\\\/uploads\\\/2022\\\/06\\\/Drug-Free-Workplace-for-Supervisors.jpg\",\"width\":1200,\"height\":800,\"caption\":\"Drug-Free Workplace for Supervisors Training\"},{\"@type\":\"BreadcrumbList\",\"@id\":\"https:\\\/\\\/globaltraining.com\\\/product\\\/drug-free-workplace-for-supervisors-training\\\/#breadcrumb\",\"itemListElement\":[{\"@type\":\"ListItem\",\"position\":1,\"name\":\"Home\",\"item\":\"https:\\\/\\\/globaltraining.com\\\/\"},{\"@type\":\"ListItem\",\"position\":2,\"name\":\"Productos\",\"item\":\"https:\\\/\\\/globaltraining.com\\\/es\\\/shop\\\/\"},{\"@type\":\"ListItem\",\"position\":3,\"name\":\"Drug-Free Workplace for Supervisors Training\"}]},{\"@type\":\"WebSite\",\"@id\":\"https:\\\/\\\/globaltraining.com\\\/#website\",\"url\":\"https:\\\/\\\/globaltraining.com\\\/\",\"name\":\"Global Safety & Environmental\",\"description\":\"Full Service Health, Safety, and Environmental Courses\",\"publisher\":{\"@id\":\"https:\\\/\\\/globaltraining.com\\\/#organization\"},\"potentialAction\":[{\"@type\":\"SearchAction\",\"target\":{\"@type\":\"EntryPoint\",\"urlTemplate\":\"https:\\\/\\\/globaltraining.com\\\/?s={search_term_string}\"},\"query-input\":{\"@type\":\"PropertyValueSpecification\",\"valueRequired\":true,\"valueName\":\"search_term_string\"}}],\"inLanguage\":\"tr-TR\"},{\"@type\":\"Organization\",\"@id\":\"https:\\\/\\\/globaltraining.com\\\/#organization\",\"name\":\"Global Safety & Environmental\",\"url\":\"https:\\\/\\\/globaltraining.com\\\/\",\"logo\":{\"@type\":\"ImageObject\",\"inLanguage\":\"tr-TR\",\"@id\":\"https:\\\/\\\/globaltraining.com\\\/#\\\/schema\\\/logo\\\/image\\\/\",\"url\":\"https:\\\/\\\/globaltraining.com\\\/wp-content\\\/uploads\\\/2021\\\/01\\\/GSE-Logo-for-email.png\",\"contentUrl\":\"https:\\\/\\\/globaltraining.com\\\/wp-content\\\/uploads\\\/2021\\\/01\\\/GSE-Logo-for-email.png\",\"width\":400,\"height\":101,\"caption\":\"Global Safety & Environmental\"},\"image\":{\"@id\":\"https:\\\/\\\/globaltraining.com\\\/#\\\/schema\\\/logo\\\/image\\\/\"}}]}<\/script>\n<!-- \/ Yoast SEO plugin. -->","yoast_head_json":{"title":"Y\u00f6neticiler \u0130\u00e7in Uyu\u015fturucu \u0130\u00e7ermeyen \u0130\u015fyeri E\u011fitimi - K\u00fcresel G\u00fcvenlik ve \u00c7evre","description":"Daha g\u00fcvenli, daha \u00fcretken bir \u00e7al\u0131\u015fma ortam\u0131 yaratmak i\u00e7in S\u00fcperviz\u00f6rler i\u00e7in Uyu\u015fturucu \u0130\u00e7ermeyen \u0130\u015fyeri E\u011fitimimize kat\u0131l\u0131n. Madde ba\u011f\u0131ml\u0131l\u0131\u011f\u0131n\u0131 etkili bir \u015fekilde ele almay\u0131 \u00f6\u011frenin.","robots":{"index":"index","follow":"follow","max-snippet":"max-snippet:-1","max-image-preview":"max-image-preview:large","max-video-preview":"max-video-preview:-1"},"canonical":"https:\/\/globaltraining.com\/tr\/urun\/denetciler-icin-uyusturucu-icermeyen-isyeri-egitimi\/","og_locale":"tr_TR","og_type":"article","og_title":"Drug-Free Workplace for Supervisors Training - Global Safety &amp; Environmental","og_description":"Join our Drug-Free Workplace for Supervisors Training to create a safer, more productive work environment. Learn to address substance abuse effectively.","og_url":"https:\/\/globaltraining.com\/tr\/urun\/denetciler-icin-uyusturucu-icermeyen-isyeri-egitimi\/","og_site_name":"Global Safety &amp; Environmental","article_modified_time":"2024-12-06T17:53:24+00:00","og_image":[{"width":1200,"height":800,"url":"https:\/\/globaltraining.com\/wp-content\/uploads\/2022\/06\/Drug-Free-Workplace-for-Supervisors.jpg","type":"image\/jpeg"}],"twitter_card":"summary_large_image","twitter_misc":{"Est. reading time":"2 minutes"},"schema":{"@context":"https:\/\/schema.org","@graph":[{"@type":"WebPage","@id":"https:\/\/globaltraining.com\/product\/drug-free-workplace-for-supervisors-training\/","url":"https:\/\/globaltraining.com\/product\/drug-free-workplace-for-supervisors-training\/","name":"Y\u00f6neticiler \u0130\u00e7in Uyu\u015fturucu \u0130\u00e7ermeyen \u0130\u015fyeri E\u011fitimi - K\u00fcresel G\u00fcvenlik ve \u00c7evre","isPartOf":{"@id":"https:\/\/globaltraining.com\/#website"},"primaryImageOfPage":{"@id":"https:\/\/globaltraining.com\/product\/drug-free-workplace-for-supervisors-training\/#primaryimage"},"image":{"@id":"https:\/\/globaltraining.com\/product\/drug-free-workplace-for-supervisors-training\/#primaryimage"},"thumbnailUrl":"https:\/\/globaltraining.com\/wp-content\/uploads\/2022\/06\/Drug-Free-Workplace-for-Supervisors.jpg","datePublished":"2023-09-08T17:27:50+00:00","dateModified":"2024-12-06T17:53:24+00:00","description":"Daha g\u00fcvenli, daha \u00fcretken bir \u00e7al\u0131\u015fma ortam\u0131 yaratmak i\u00e7in S\u00fcperviz\u00f6rler i\u00e7in Uyu\u015fturucu \u0130\u00e7ermeyen \u0130\u015fyeri E\u011fitimimize kat\u0131l\u0131n. Madde ba\u011f\u0131ml\u0131l\u0131\u011f\u0131n\u0131 etkili bir \u015fekilde ele almay\u0131 \u00f6\u011frenin.","breadcrumb":{"@id":"https:\/\/globaltraining.com\/product\/drug-free-workplace-for-supervisors-training\/#breadcrumb"},"inLanguage":"tr-TR","potentialAction":[{"@type":"ReadAction","target":["https:\/\/globaltraining.com\/product\/drug-free-workplace-for-supervisors-training\/"]}]},{"@type":"ImageObject","inLanguage":"tr-TR","@id":"https:\/\/globaltraining.com\/product\/drug-free-workplace-for-supervisors-training\/#primaryimage","url":"https:\/\/globaltraining.com\/wp-content\/uploads\/2022\/06\/Drug-Free-Workplace-for-Supervisors.jpg","contentUrl":"https:\/\/globaltraining.com\/wp-content\/uploads\/2022\/06\/Drug-Free-Workplace-for-Supervisors.jpg","width":1200,"height":800,"caption":"Drug-Free Workplace for Supervisors Training"},{"@type":"BreadcrumbList","@id":"https:\/\/globaltraining.com\/product\/drug-free-workplace-for-supervisors-training\/#breadcrumb","itemListElement":[{"@type":"ListItem","position":1,"name":"Home","item":"https:\/\/globaltraining.com\/"},{"@type":"ListItem","position":2,"name":"Productos","item":"https:\/\/globaltraining.com\/es\/shop\/"},{"@type":"ListItem","position":3,"name":"Drug-Free Workplace for Supervisors Training"}]},{"@type":"WebSite","@id":"https:\/\/globaltraining.com\/#website","url":"https:\/\/globaltraining.com\/","name":"K\u00fcresel G\u00fcvenlik ve \u00c7evre","description":"Tam Hizmet Sa\u011fl\u0131k, G\u00fcvenlik ve \u00c7evre Kurslar\u0131","publisher":{"@id":"https:\/\/globaltraining.com\/#organization"},"potentialAction":[{"@type":"SearchAction","target":{"@type":"EntryPoint","urlTemplate":"https:\/\/globaltraining.com\/?s={search_term_string}"},"query-input":{"@type":"PropertyValueSpecification","valueRequired":true,"valueName":"search_term_string"}}],"inLanguage":"tr-TR"},{"@type":"Organization","@id":"https:\/\/globaltraining.com\/#organization","name":"K\u00fcresel G\u00fcvenlik ve \u00c7evre","url":"https:\/\/globaltraining.com\/","logo":{"@type":"ImageObject","inLanguage":"tr-TR","@id":"https:\/\/globaltraining.com\/#\/schema\/logo\/image\/","url":"https:\/\/globaltraining.com\/wp-content\/uploads\/2021\/01\/GSE-Logo-for-email.png","contentUrl":"https:\/\/globaltraining.com\/wp-content\/uploads\/2021\/01\/GSE-Logo-for-email.png","width":400,"height":101,"caption":"Global Safety & Environmental"},"image":{"@id":"https:\/\/globaltraining.com\/#\/schema\/logo\/image\/"}}]}},"_links":{"self":[{"href":"https:\/\/globaltraining.com\/tr\/wp-json\/wp\/v2\/product\/28495","targetHints":{"allow":["GET"]}}],"collection":[{"href":"https:\/\/globaltraining.com\/tr\/wp-json\/wp\/v2\/product"}],"about":[{"href":"https:\/\/globaltraining.com\/tr\/wp-json\/wp\/v2\/types\/product"}],"wp:featuredmedia":[{"embeddable":true,"href":"https:\/\/globaltraining.com\/tr\/wp-json\/wp\/v2\/media\/27050"}],"wp:attachment":[{"href":"https:\/\/globaltraining.com\/tr\/wp-json\/wp\/v2\/media?parent=28495"}],"wp:term":[{"taxonomy":"product_brand","embeddable":true,"href":"https:\/\/globaltraining.com\/tr\/wp-json\/wp\/v2\/product_brand?post=28495"},{"taxonomy":"product_cat","embeddable":true,"href":"https:\/\/globaltraining.com\/tr\/wp-json\/wp\/v2\/product_cat?post=28495"},{"taxonomy":"product_tag","embeddable":true,"href":"https:\/\/globaltraining.com\/tr\/wp-json\/wp\/v2\/product_tag?post=28495"}],"curies":[{"name":"wp","href":"https:\/\/api.w.org\/{rel}","templated":true}]}}