{"id":28491,"date":"2023-09-08T12:11:35","date_gmt":"2023-09-08T17:11:35","guid":{"rendered":"https:\/\/globaltraining.com\/?post_type=product&#038;p=28491"},"modified":"2024-12-06T12:20:26","modified_gmt":"2024-12-06T18:20:26","slug":"dikkat-daginikligi","status":"publish","type":"product","link":"https:\/\/globaltraining.com\/tr\/product\/distracted-driving\/","title":{"rendered":"Dikkat Da\u011f\u0131n\u0131k S\u00fcr\u00fc\u015f"},"content":{"rendered":"<h2>Dikkat da\u011f\u0131n\u0131kl\u0131\u011f\u0131: Yollar\u0131m\u0131zda B\u00fcy\u00fcyen Bir Tehdit<\/h2>\n<p>Tehdit <strong>dikkat da\u011f\u0131n\u0131kl\u0131\u011f\u0131<\/strong> art\u0131yor ve karayolu g\u00fcvenli\u011fi a\u00e7\u0131s\u0131ndan \u00f6nemli bir risk olu\u015fturuyor. Bu kapsaml\u0131 k\u0131lavuzda tehlikeleri, bunlar\u0131n y\u0131k\u0131c\u0131 sonu\u00e7lar\u0131n\u0131 ve belirli bir sorun olan <strong>mesajla\u015fmak ve araba kullanmak<\/strong>. B\u00fcy\u00fcyen bu sorunu e\u011fitim, fark\u0131ndal\u0131k ve etkili \u00f6nleyici tedbirler yoluyla \u00e7\u00f6zmenin neden \u00f6nemli oldu\u011funu ke\u015ffedin.<\/p>\n<h2>Ara\u00e7 Kullanman\u0131n Tehlikeleri<\/h2>\n<p>Dikkat da\u011f\u0131n\u0131kl\u0131\u011f\u0131, s\u00fcr\u00fcc\u00fcn\u00fcn dikkatini as\u0131l g\u00f6revi olan ara\u00e7 kullanmaktan uzakla\u015ft\u0131ran her t\u00fcrl\u00fc aktiviteyi kapsar. Mesajla\u015fma ve araba kullanma da dahil olmak \u00fczere bu tehlikeli davran\u0131\u015f, a\u015fa\u011f\u0131daki gibi ciddi sonu\u00e7lara yol a\u00e7ar:<\/p>\n<ul>\n<li>Kaza ve \u00f6l\u00fcm riskinin artmas\u0131<\/li>\n<li>Yaralanmalar, maddi hasarlar ve artan sa\u011fl\u0131k harcamalar\u0131<\/li>\n<li>Yasal yans\u0131malar\u0131 ve s\u00fcr\u00fc\u015f ayr\u0131cal\u0131klar\u0131n\u0131n olas\u0131 kayb\u0131<\/li>\n<li>Ma\u011fdurlar ve aileleri i\u00e7in duygusal travma<\/li>\n<\/ul>\n<p>Bu sonu\u00e7lar\u0131n fark\u0131ndal\u0131k ve sorumlu s\u00fcr\u00fc\u015f al\u0131\u015fkanl\u0131klar\u0131 yoluyla \u00f6nlenebilece\u011fini kabul etmek \u00f6nemlidir.<\/p>\n<h2>Mesajla\u015fma ve Ara\u00e7 Kullanman\u0131n \u00d6zel Tehlikesi<\/h2>\n<p>Tehlikeli ara\u00e7 kullanman\u0131n \u00e7e\u015fitli bi\u00e7imleri aras\u0131nda, <strong>mesajla\u015fmak ve araba kullanmak<\/strong> \u00f6zellikle endi\u015fe vericidir. Ara\u00e7 kullan\u0131rken k\u0131sa mesaj g\u00f6nderme veya okuma eylemi, s\u00fcr\u00fcc\u00fcn\u00fcn trafik ko\u015fullar\u0131na an\u0131nda tepki verme becerisini \u00f6nemli \u00f6l\u00e7\u00fcde bozar. Korkun\u00e7 bir kazayla sonu\u00e7lanmak i\u00e7in yaln\u0131zca bir anl\u0131k dikkatin da\u011f\u0131lmas\u0131 yeterlidir. Mesajla\u015fma ve araba kullanmayla ilgili riskler hakk\u0131nda fark\u0131ndal\u0131k yaratmak \u00e7ok \u00f6nemlidir.<\/p>\n<h2>Dikkat Da\u011f\u0131n\u0131kl\u0131\u011f\u0131yla M\u00fccadeleye Kat\u0131l\u0131n<\/h2>\n<p>Sonu\u00e7 olarak, mesajla\u015fmaya ve ara\u00e7 kullanmaya odaklanan dikkat da\u011f\u0131n\u0131kl\u0131\u011f\u0131, yol g\u00fcvenli\u011fi a\u00e7\u0131s\u0131ndan ciddi bir tehdit olu\u015fturmaktad\u0131r. Tehlikeleri anlayarak ve proaktif \u00f6nlemler alarak yollar\u0131m\u0131z\u0131 herkes i\u00e7in daha g\u00fcvenli hale getirebiliriz. Bug\u00fcn kay\u0131t olarak harekete ge\u00e7in <strong>Dikkatin Da\u011f\u0131lmas\u0131n\u0131n \u00d6nlenmesi<\/strong> kurs. Kendinizi bu b\u00fcy\u00fcyen tehditle m\u00fccadele etmek i\u00e7in gereken bilgi ve becerilerle donat\u0131n. Birlikte hayat kurtarabilir ve herkes i\u00e7in daha g\u00fcvenli bir s\u00fcr\u00fc\u015f ortam\u0131 yaratabiliriz.<\/p>","protected":false},"excerpt":{"rendered":"<p>Kar\u015f\u0131 m\u00fccadeleye kat\u0131l\u0131n <strong>dikkat da\u011f\u0131n\u0131kl\u0131\u011f\u0131<\/strong>tehlikeleri de dahil <strong>mesajla\u015fmak ve araba kullanmak<\/strong>, bizim ile <strong>Dikkatin Da\u011f\u0131lmas\u0131n\u0131n \u00d6nlenmesi<\/strong> kurs. Yollar\u0131m\u0131z\u0131 daha g\u00fcvenli hale getirmek i\u00e7in hayati \u00f6nem ta\u015f\u0131yan bilgiler ve stratejiler edinin. \u015eimdi kay\u0131t!<\/p>","protected":false},"featured_media":27121,"template":"","meta":{"_et_pb_use_builder":"","_et_pb_old_content":"","_et_gb_content_width":""},"product_brand":[],"product_cat":[128,145,156,169],"product_tag":[],"class_list":{"0":"post-28491","1":"product","2":"type-product","3":"status-publish","4":"has-post-thumbnail","6":"product_cat-dot","7":"product_cat-heavy-equipment","8":"product_cat-occupational-health-and-safety","9":"product_cat-transportation","11":"first","12":"instock","13":"virtual","14":"sold-individually","15":"purchasable","16":"product-type-simple"},"yoast_head":"<!-- This site is optimized with the Yoast SEO plugin v27.4 - https:\/\/yoast.com\/product\/yoast-seo-wordpress\/ -->\n<title>Distracted Driving - Global Safety &amp; Environmental<\/title>\n<meta name=\"description\" content=\"Learn about the dangers of distracted driving and the specific issue of texting and driving. Join our course for a safer tomorrow.\" \/>\n<meta name=\"robots\" content=\"index, follow, max-snippet:-1, max-image-preview:large, max-video-preview:-1\" \/>\n<link rel=\"canonical\" href=\"https:\/\/globaltraining.com\/tr\/urun\/dikkat-daginikligi\/\" \/>\n<meta property=\"og:locale\" content=\"tr_TR\" \/>\n<meta property=\"og:type\" content=\"article\" \/>\n<meta property=\"og:title\" content=\"Distracted Driving - Global Safety &amp; Environmental\" \/>\n<meta property=\"og:description\" content=\"Learn about the dangers of distracted driving and the specific issue of texting and driving. Join our course for a safer tomorrow.\" \/>\n<meta property=\"og:url\" content=\"https:\/\/globaltraining.com\/tr\/urun\/dikkat-daginikligi\/\" \/>\n<meta property=\"og:site_name\" content=\"Global Safety &amp; Environmental\" \/>\n<meta property=\"article:modified_time\" content=\"2024-12-06T18:20:26+00:00\" \/>\n<meta property=\"og:image\" content=\"https:\/\/globaltraining.com\/wp-content\/uploads\/2021\/10\/woman-using-a-smartphone-while-driving-PN7D9L3.jpg\" \/>\n\t<meta property=\"og:image:width\" content=\"1200\" \/>\n\t<meta property=\"og:image:height\" content=\"800\" \/>\n\t<meta property=\"og:image:type\" content=\"image\/jpeg\" \/>\n<meta name=\"twitter:card\" content=\"summary_large_image\" \/>\n<meta name=\"twitter:label1\" content=\"Est. reading time\" \/>\n\t<meta name=\"twitter:data1\" content=\"2 minutes\" \/>\n<script type=\"application\/ld+json\" class=\"yoast-schema-graph\">{\"@context\":\"https:\\\/\\\/schema.org\",\"@graph\":[{\"@type\":\"WebPage\",\"@id\":\"https:\\\/\\\/globaltraining.com\\\/product\\\/distracted-driving\\\/\",\"url\":\"https:\\\/\\\/globaltraining.com\\\/product\\\/distracted-driving\\\/\",\"name\":\"Distracted Driving - Global Safety &amp; Environmental\",\"isPartOf\":{\"@id\":\"https:\\\/\\\/globaltraining.com\\\/#website\"},\"primaryImageOfPage\":{\"@id\":\"https:\\\/\\\/globaltraining.com\\\/product\\\/distracted-driving\\\/#primaryimage\"},\"image\":{\"@id\":\"https:\\\/\\\/globaltraining.com\\\/product\\\/distracted-driving\\\/#primaryimage\"},\"thumbnailUrl\":\"https:\\\/\\\/globaltraining.com\\\/wp-content\\\/uploads\\\/2021\\\/10\\\/woman-using-a-smartphone-while-driving-PN7D9L3.jpg\",\"datePublished\":\"2023-09-08T17:11:35+00:00\",\"dateModified\":\"2024-12-06T18:20:26+00:00\",\"description\":\"Learn about the dangers of distracted driving and the specific issue of texting and driving. Join our course for a safer tomorrow.\",\"breadcrumb\":{\"@id\":\"https:\\\/\\\/globaltraining.com\\\/product\\\/distracted-driving\\\/#breadcrumb\"},\"inLanguage\":\"tr-TR\",\"potentialAction\":[{\"@type\":\"ReadAction\",\"target\":[\"https:\\\/\\\/globaltraining.com\\\/product\\\/distracted-driving\\\/\"]}]},{\"@type\":\"ImageObject\",\"inLanguage\":\"tr-TR\",\"@id\":\"https:\\\/\\\/globaltraining.com\\\/product\\\/distracted-driving\\\/#primaryimage\",\"url\":\"https:\\\/\\\/globaltraining.com\\\/wp-content\\\/uploads\\\/2021\\\/10\\\/woman-using-a-smartphone-while-driving-PN7D9L3.jpg\",\"contentUrl\":\"https:\\\/\\\/globaltraining.com\\\/wp-content\\\/uploads\\\/2021\\\/10\\\/woman-using-a-smartphone-while-driving-PN7D9L3.jpg\",\"width\":1200,\"height\":800,\"caption\":\"Distracted Driving\"},{\"@type\":\"BreadcrumbList\",\"@id\":\"https:\\\/\\\/globaltraining.com\\\/product\\\/distracted-driving\\\/#breadcrumb\",\"itemListElement\":[{\"@type\":\"ListItem\",\"position\":1,\"name\":\"Home\",\"item\":\"https:\\\/\\\/globaltraining.com\\\/\"},{\"@type\":\"ListItem\",\"position\":2,\"name\":\"Productos\",\"item\":\"https:\\\/\\\/globaltraining.com\\\/es\\\/shop\\\/\"},{\"@type\":\"ListItem\",\"position\":3,\"name\":\"Distracted Driving\"}]},{\"@type\":\"WebSite\",\"@id\":\"https:\\\/\\\/globaltraining.com\\\/#website\",\"url\":\"https:\\\/\\\/globaltraining.com\\\/\",\"name\":\"Global Safety & Environmental\",\"description\":\"Full Service Health, Safety, and Environmental Courses\",\"publisher\":{\"@id\":\"https:\\\/\\\/globaltraining.com\\\/#organization\"},\"potentialAction\":[{\"@type\":\"SearchAction\",\"target\":{\"@type\":\"EntryPoint\",\"urlTemplate\":\"https:\\\/\\\/globaltraining.com\\\/?s={search_term_string}\"},\"query-input\":{\"@type\":\"PropertyValueSpecification\",\"valueRequired\":true,\"valueName\":\"search_term_string\"}}],\"inLanguage\":\"tr-TR\"},{\"@type\":\"Organization\",\"@id\":\"https:\\\/\\\/globaltraining.com\\\/#organization\",\"name\":\"Global Safety & Environmental\",\"url\":\"https:\\\/\\\/globaltraining.com\\\/\",\"logo\":{\"@type\":\"ImageObject\",\"inLanguage\":\"tr-TR\",\"@id\":\"https:\\\/\\\/globaltraining.com\\\/#\\\/schema\\\/logo\\\/image\\\/\",\"url\":\"https:\\\/\\\/globaltraining.com\\\/wp-content\\\/uploads\\\/2021\\\/01\\\/GSE-Logo-for-email.png\",\"contentUrl\":\"https:\\\/\\\/globaltraining.com\\\/wp-content\\\/uploads\\\/2021\\\/01\\\/GSE-Logo-for-email.png\",\"width\":400,\"height\":101,\"caption\":\"Global Safety & Environmental\"},\"image\":{\"@id\":\"https:\\\/\\\/globaltraining.com\\\/#\\\/schema\\\/logo\\\/image\\\/\"}}]}<\/script>\n<!-- \/ Yoast SEO plugin. -->","yoast_head_json":{"title":"Dikkatsiz S\u00fcr\u00fc\u015f - K\u00fcresel G\u00fcvenlik ve \u00c7evre","description":"Dikkatsiz s\u00fcr\u00fc\u015f\u00fcn tehlikeleri ve mesajla\u015farak ara\u00e7 kullanman\u0131n \u00f6zel sorunu hakk\u0131nda bilgi edinin. Daha g\u00fcvenli bir yar\u0131n i\u00e7in kursumuza kat\u0131l\u0131n.","robots":{"index":"index","follow":"follow","max-snippet":"max-snippet:-1","max-image-preview":"max-image-preview:large","max-video-preview":"max-video-preview:-1"},"canonical":"https:\/\/globaltraining.com\/tr\/urun\/dikkat-daginikligi\/","og_locale":"tr_TR","og_type":"article","og_title":"Distracted Driving - Global Safety &amp; Environmental","og_description":"Learn about the dangers of distracted driving and the specific issue of texting and driving. Join our course for a safer tomorrow.","og_url":"https:\/\/globaltraining.com\/tr\/urun\/dikkat-daginikligi\/","og_site_name":"Global Safety &amp; Environmental","article_modified_time":"2024-12-06T18:20:26+00:00","og_image":[{"width":1200,"height":800,"url":"https:\/\/globaltraining.com\/wp-content\/uploads\/2021\/10\/woman-using-a-smartphone-while-driving-PN7D9L3.jpg","type":"image\/jpeg"}],"twitter_card":"summary_large_image","twitter_misc":{"Est. reading time":"2 minutes"},"schema":{"@context":"https:\/\/schema.org","@graph":[{"@type":"WebPage","@id":"https:\/\/globaltraining.com\/product\/distracted-driving\/","url":"https:\/\/globaltraining.com\/product\/distracted-driving\/","name":"Dikkatsiz S\u00fcr\u00fc\u015f - K\u00fcresel G\u00fcvenlik ve \u00c7evre","isPartOf":{"@id":"https:\/\/globaltraining.com\/#website"},"primaryImageOfPage":{"@id":"https:\/\/globaltraining.com\/product\/distracted-driving\/#primaryimage"},"image":{"@id":"https:\/\/globaltraining.com\/product\/distracted-driving\/#primaryimage"},"thumbnailUrl":"https:\/\/globaltraining.com\/wp-content\/uploads\/2021\/10\/woman-using-a-smartphone-while-driving-PN7D9L3.jpg","datePublished":"2023-09-08T17:11:35+00:00","dateModified":"2024-12-06T18:20:26+00:00","description":"Dikkatsiz s\u00fcr\u00fc\u015f\u00fcn tehlikeleri ve mesajla\u015farak ara\u00e7 kullanman\u0131n \u00f6zel sorunu hakk\u0131nda bilgi edinin. Daha g\u00fcvenli bir yar\u0131n i\u00e7in kursumuza kat\u0131l\u0131n.","breadcrumb":{"@id":"https:\/\/globaltraining.com\/product\/distracted-driving\/#breadcrumb"},"inLanguage":"tr-TR","potentialAction":[{"@type":"ReadAction","target":["https:\/\/globaltraining.com\/product\/distracted-driving\/"]}]},{"@type":"ImageObject","inLanguage":"tr-TR","@id":"https:\/\/globaltraining.com\/product\/distracted-driving\/#primaryimage","url":"https:\/\/globaltraining.com\/wp-content\/uploads\/2021\/10\/woman-using-a-smartphone-while-driving-PN7D9L3.jpg","contentUrl":"https:\/\/globaltraining.com\/wp-content\/uploads\/2021\/10\/woman-using-a-smartphone-while-driving-PN7D9L3.jpg","width":1200,"height":800,"caption":"Distracted Driving"},{"@type":"BreadcrumbList","@id":"https:\/\/globaltraining.com\/product\/distracted-driving\/#breadcrumb","itemListElement":[{"@type":"ListItem","position":1,"name":"Home","item":"https:\/\/globaltraining.com\/"},{"@type":"ListItem","position":2,"name":"Productos","item":"https:\/\/globaltraining.com\/es\/shop\/"},{"@type":"ListItem","position":3,"name":"Distracted Driving"}]},{"@type":"WebSite","@id":"https:\/\/globaltraining.com\/#website","url":"https:\/\/globaltraining.com\/","name":"K\u00fcresel G\u00fcvenlik ve \u00c7evre","description":"Tam Hizmet Sa\u011fl\u0131k, G\u00fcvenlik ve \u00c7evre Kurslar\u0131","publisher":{"@id":"https:\/\/globaltraining.com\/#organization"},"potentialAction":[{"@type":"SearchAction","target":{"@type":"EntryPoint","urlTemplate":"https:\/\/globaltraining.com\/?s={search_term_string}"},"query-input":{"@type":"PropertyValueSpecification","valueRequired":true,"valueName":"search_term_string"}}],"inLanguage":"tr-TR"},{"@type":"Organization","@id":"https:\/\/globaltraining.com\/#organization","name":"K\u00fcresel G\u00fcvenlik ve \u00c7evre","url":"https:\/\/globaltraining.com\/","logo":{"@type":"ImageObject","inLanguage":"tr-TR","@id":"https:\/\/globaltraining.com\/#\/schema\/logo\/image\/","url":"https:\/\/globaltraining.com\/wp-content\/uploads\/2021\/01\/GSE-Logo-for-email.png","contentUrl":"https:\/\/globaltraining.com\/wp-content\/uploads\/2021\/01\/GSE-Logo-for-email.png","width":400,"height":101,"caption":"Global Safety & Environmental"},"image":{"@id":"https:\/\/globaltraining.com\/#\/schema\/logo\/image\/"}}]}},"_links":{"self":[{"href":"https:\/\/globaltraining.com\/tr\/wp-json\/wp\/v2\/product\/28491","targetHints":{"allow":["GET"]}}],"collection":[{"href":"https:\/\/globaltraining.com\/tr\/wp-json\/wp\/v2\/product"}],"about":[{"href":"https:\/\/globaltraining.com\/tr\/wp-json\/wp\/v2\/types\/product"}],"wp:featuredmedia":[{"embeddable":true,"href":"https:\/\/globaltraining.com\/tr\/wp-json\/wp\/v2\/media\/27121"}],"wp:attachment":[{"href":"https:\/\/globaltraining.com\/tr\/wp-json\/wp\/v2\/media?parent=28491"}],"wp:term":[{"taxonomy":"product_brand","embeddable":true,"href":"https:\/\/globaltraining.com\/tr\/wp-json\/wp\/v2\/product_brand?post=28491"},{"taxonomy":"product_cat","embeddable":true,"href":"https:\/\/globaltraining.com\/tr\/wp-json\/wp\/v2\/product_cat?post=28491"},{"taxonomy":"product_tag","embeddable":true,"href":"https:\/\/globaltraining.com\/tr\/wp-json\/wp\/v2\/product_tag?post=28491"}],"curies":[{"name":"wp","href":"https:\/\/api.w.org\/{rel}","templated":true}]}}