{"id":28489,"date":"2023-09-08T12:07:06","date_gmt":"2023-09-08T17:07:06","guid":{"rendered":"https:\/\/globaltraining.com\/?post_type=product&#038;p=28489"},"modified":"2024-12-06T12:31:13","modified_gmt":"2024-12-06T18:31:13","slug":"kazi-yetkilisi-egitimi","status":"publish","type":"product","link":"https:\/\/globaltraining.com\/tr\/product\/excavation-competent-person-training\/","title":{"rendered":"Kaz\u0131 Yetkin Ki\u015fi E\u011fitimi"},"content":{"rendered":"<h2>G\u00fcvenli\u011fin Kilidini A\u00e7ma: Kaz\u0131 Yetkin Ki\u015fi E\u011fitimi<\/h2>\n<p>d\u00fcnyas\u0131na ho\u015f geldiniz <strong>kaz\u0131 yetkilisi e\u011fitimi<\/strong>. Kaz\u0131 ve hendek \u00e7al\u0131\u015fmalar\u0131nda g\u00fcvenlik \u00e7ok \u00f6nemlidir ve sahada e\u011fitimli ve yetkin bir ki\u015finin bulunmas\u0131 tart\u0131\u015f\u0131lamaz. Bu kapsaml\u0131 k\u0131lavuzda, bunun \u00f6nemini ke\u015ffedece\u011fiz. <strong>hendek g\u00fcvenli\u011fi e\u011fitimi<\/strong> ve kaz\u0131 alanlar\u0131nda g\u00fcvenli\u011fin sa\u011flanmas\u0131nda kaz\u0131 konusunda yetkin bir ki\u015finin rol\u00fc. \u0130\u015fyeri g\u00fcvenli\u011fini ve uyumlulu\u011fu art\u0131rma yolculu\u011fumuzda bize kat\u0131l\u0131n.<\/p>\n<h2>Hendek G\u00fcvenli\u011fi E\u011fitiminin \u00d6nemi<\/h2>\n<p>Kaz\u0131 konusunda yetkin bir ki\u015finin rol\u00fcn\u00fc derinlemesine incelemeden \u00f6nce, kritik temeli vurgulayal\u0131m: <strong>hendek g\u00fcvenli\u011fi e\u011fitimi<\/strong>. Kaz\u0131 alanlar\u0131, g\u00f6\u00e7\u00fcklerden tehlikeli atmosferlere kadar potansiyel tehlikelerle doludur. Hendek g\u00fcvenli\u011fi e\u011fitimi, \u00e7al\u0131\u015fanlar\u0131 bu riskleri tan\u0131mlamak, de\u011ferlendirmek ve kontrol etmek i\u00e7in gerekli bilgi ve becerilerle donat\u0131r. Kaz\u0131 i\u015finin g\u00fcvenli ve end\u00fcstri d\u00fczenlemelerine uygun olarak y\u00fcr\u00fct\u00fclmesini sa\u011flaman\u0131n hayati bir bile\u015fenidir.<\/p>\n<h2>Kaz\u0131 Yetkilisinin Rol\u00fc<\/h2>\n<p>\u015eimdi kaz\u0131 konusunda yetkin ki\u015finin temel rol\u00fcn\u00fc inceleyelim. Bu e\u011fitimli ki\u015fi, kaz\u0131 tehlikeleri konusunda derin bir anlay\u0131\u015fa sahiptir ve \u00e7al\u0131\u015fma sahas\u0131ndaki g\u00fcvenli\u011fin g\u00f6zetiminden sorumludur. G\u00f6revleri \u015funlar\u0131 i\u00e7erir:<\/p>\n<ul>\n<li>G\u00fcnl\u00fck saha denetimlerinin yap\u0131lmas\u0131<\/li>\n<li>Toprak t\u00fcrlerinin s\u0131n\u0131fland\u0131r\u0131lmas\u0131 ve stabilitenin de\u011ferlendirilmesi<\/li>\n<li>Koruyucu sistemlerin onaylanmas\u0131<\/li>\n<li>Kapal\u0131 alanlarda atmosferin izlenmesi<\/li>\n<li>Acil durumlara m\u00fcdahale etmek<\/li>\n<\/ul>\n<p>Kaz\u0131 yetkilisi, t\u00fcm kaz\u0131 \u00e7al\u0131\u015fmalar\u0131n\u0131n hassasiyet ve dikkatle y\u00fcr\u00fct\u00fclmesini sa\u011flayarak g\u00fcvenli\u011fin koruyucusu olarak g\u00f6rev yapar.<\/p>\n<h2>Daha G\u00fcvenli Bir Yar\u0131n i\u00e7in Bug\u00fcn Kaydolun<\/h2>\n<p>Sonu\u00e7 olarak, <strong>kaz\u0131 yetkilisi e\u011fitimi<\/strong> Ve <strong>hendek g\u00fcvenli\u011fi e\u011fitimi<\/strong> sadece uyumla ilgili de\u011fildir; hayatlar\u0131 kurtarmakla ilgilidirler. Kurslar\u0131m\u0131za kaydolarak daha g\u00fcvenli bir i\u015fyerine ve daha parlak bir gelece\u011fe do\u011fru \u00e7ok \u00f6nemli bir ad\u0131m atacaks\u0131n\u0131z. Beklemeyin; Sertifikal\u0131 bir kaz\u0131 uzman\u0131 olmak ve daha g\u00fcvenli bir yar\u0131na katk\u0131da bulunmak i\u00e7in bug\u00fcn bize kat\u0131l\u0131n.<\/p>","protected":false},"excerpt":{"rendered":"<p>Kapsaml\u0131 \u00e7\u00f6z\u00fcmlerimiz ile i\u015f yeri g\u00fcvenli\u011fini art\u0131r\u0131n <strong>Kaz\u0131 Yetkin Ki\u015fi E\u011fitimi<\/strong>. Kaz\u0131 sahalar\u0131nda sertifikal\u0131 g\u00fcvenlik koruyucusu olun. Daha g\u00fcvenli bir yar\u0131n i\u00e7in hemen kaydolun!<\/p>","protected":false},"featured_media":27188,"template":"","meta":{"_et_pb_use_builder":"","_et_pb_old_content":"","_et_gb_content_width":""},"product_brand":[],"product_cat":[122,131,132,145],"product_tag":[],"class_list":{"0":"post-28489","1":"product","2":"type-product","3":"status-publish","4":"has-post-thumbnail","6":"product_cat-construction","7":"product_cat-emergency-preparedness","8":"product_cat-equipment","9":"product_cat-heavy-equipment","11":"first","12":"instock","13":"virtual","14":"sold-individually","15":"purchasable","16":"product-type-simple"},"yoast_head":"<!-- This site is optimized with the Yoast SEO plugin v27.3 - https:\/\/yoast.com\/product\/yoast-seo-wordpress\/ -->\n<title>Excavation Competent Person Training - Global Safety &amp; Environmental<\/title>\n<meta name=\"description\" content=\"Discover the importance of excavation competent person training in preserving lives on excavation sites. Enroll today for workplace safety and compliance.\" \/>\n<meta name=\"robots\" content=\"index, follow, max-snippet:-1, max-image-preview:large, max-video-preview:-1\" \/>\n<link rel=\"canonical\" href=\"https:\/\/globaltraining.com\/tr\/urun\/kazi-yetkilisi-egitimi\/\" \/>\n<meta property=\"og:locale\" content=\"tr_TR\" \/>\n<meta property=\"og:type\" content=\"article\" \/>\n<meta property=\"og:title\" content=\"Excavation Competent Person Training - Global Safety &amp; Environmental\" \/>\n<meta property=\"og:description\" content=\"Discover the importance of excavation competent person training in preserving lives on excavation sites. Enroll today for workplace safety and compliance.\" \/>\n<meta property=\"og:url\" content=\"https:\/\/globaltraining.com\/tr\/urun\/kazi-yetkilisi-egitimi\/\" \/>\n<meta property=\"og:site_name\" content=\"Global Safety &amp; Environmental\" \/>\n<meta property=\"article:modified_time\" content=\"2024-12-06T18:31:13+00:00\" \/>\n<meta property=\"og:image\" content=\"https:\/\/globaltraining.com\/wp-content\/uploads\/2021\/11\/excavation-e1621368395647.jpg\" \/>\n\t<meta property=\"og:image:width\" content=\"1200\" \/>\n\t<meta property=\"og:image:height\" content=\"801\" \/>\n\t<meta property=\"og:image:type\" content=\"image\/jpeg\" \/>\n<meta name=\"twitter:card\" content=\"summary_large_image\" \/>\n<meta name=\"twitter:label1\" content=\"Est. reading time\" \/>\n\t<meta name=\"twitter:data1\" content=\"2 minutes\" \/>\n<script type=\"application\/ld+json\" class=\"yoast-schema-graph\">{\"@context\":\"https:\\\/\\\/schema.org\",\"@graph\":[{\"@type\":\"WebPage\",\"@id\":\"https:\\\/\\\/globaltraining.com\\\/product\\\/excavation-competent-person-training\\\/\",\"url\":\"https:\\\/\\\/globaltraining.com\\\/product\\\/excavation-competent-person-training\\\/\",\"name\":\"Excavation Competent Person Training - Global Safety &amp; Environmental\",\"isPartOf\":{\"@id\":\"https:\\\/\\\/globaltraining.com\\\/#website\"},\"primaryImageOfPage\":{\"@id\":\"https:\\\/\\\/globaltraining.com\\\/product\\\/excavation-competent-person-training\\\/#primaryimage\"},\"image\":{\"@id\":\"https:\\\/\\\/globaltraining.com\\\/product\\\/excavation-competent-person-training\\\/#primaryimage\"},\"thumbnailUrl\":\"https:\\\/\\\/globaltraining.com\\\/wp-content\\\/uploads\\\/2021\\\/11\\\/excavation-e1621368395647.jpg\",\"datePublished\":\"2023-09-08T17:07:06+00:00\",\"dateModified\":\"2024-12-06T18:31:13+00:00\",\"description\":\"Discover the importance of excavation competent person training in preserving lives on excavation sites. Enroll today for workplace safety and compliance.\",\"breadcrumb\":{\"@id\":\"https:\\\/\\\/globaltraining.com\\\/product\\\/excavation-competent-person-training\\\/#breadcrumb\"},\"inLanguage\":\"tr-TR\",\"potentialAction\":[{\"@type\":\"ReadAction\",\"target\":[\"https:\\\/\\\/globaltraining.com\\\/product\\\/excavation-competent-person-training\\\/\"]}]},{\"@type\":\"ImageObject\",\"inLanguage\":\"tr-TR\",\"@id\":\"https:\\\/\\\/globaltraining.com\\\/product\\\/excavation-competent-person-training\\\/#primaryimage\",\"url\":\"https:\\\/\\\/globaltraining.com\\\/wp-content\\\/uploads\\\/2021\\\/11\\\/excavation-e1621368395647.jpg\",\"contentUrl\":\"https:\\\/\\\/globaltraining.com\\\/wp-content\\\/uploads\\\/2021\\\/11\\\/excavation-e1621368395647.jpg\",\"width\":1200,\"height\":801,\"caption\":\"digging safety\"},{\"@type\":\"BreadcrumbList\",\"@id\":\"https:\\\/\\\/globaltraining.com\\\/product\\\/excavation-competent-person-training\\\/#breadcrumb\",\"itemListElement\":[{\"@type\":\"ListItem\",\"position\":1,\"name\":\"Home\",\"item\":\"https:\\\/\\\/globaltraining.com\\\/\"},{\"@type\":\"ListItem\",\"position\":2,\"name\":\"Productos\",\"item\":\"https:\\\/\\\/globaltraining.com\\\/es\\\/shop\\\/\"},{\"@type\":\"ListItem\",\"position\":3,\"name\":\"Excavation Competent Person Training\"}]},{\"@type\":\"WebSite\",\"@id\":\"https:\\\/\\\/globaltraining.com\\\/#website\",\"url\":\"https:\\\/\\\/globaltraining.com\\\/\",\"name\":\"Global Safety & Environmental\",\"description\":\"Full Service Health, Safety, and Environmental Courses\",\"publisher\":{\"@id\":\"https:\\\/\\\/globaltraining.com\\\/#organization\"},\"potentialAction\":[{\"@type\":\"SearchAction\",\"target\":{\"@type\":\"EntryPoint\",\"urlTemplate\":\"https:\\\/\\\/globaltraining.com\\\/?s={search_term_string}\"},\"query-input\":{\"@type\":\"PropertyValueSpecification\",\"valueRequired\":true,\"valueName\":\"search_term_string\"}}],\"inLanguage\":\"tr-TR\"},{\"@type\":\"Organization\",\"@id\":\"https:\\\/\\\/globaltraining.com\\\/#organization\",\"name\":\"Global Safety & Environmental\",\"url\":\"https:\\\/\\\/globaltraining.com\\\/\",\"logo\":{\"@type\":\"ImageObject\",\"inLanguage\":\"tr-TR\",\"@id\":\"https:\\\/\\\/globaltraining.com\\\/#\\\/schema\\\/logo\\\/image\\\/\",\"url\":\"https:\\\/\\\/globaltraining.com\\\/wp-content\\\/uploads\\\/2021\\\/01\\\/GSE-Logo-for-email.png\",\"contentUrl\":\"https:\\\/\\\/globaltraining.com\\\/wp-content\\\/uploads\\\/2021\\\/01\\\/GSE-Logo-for-email.png\",\"width\":400,\"height\":101,\"caption\":\"Global Safety & Environmental\"},\"image\":{\"@id\":\"https:\\\/\\\/globaltraining.com\\\/#\\\/schema\\\/logo\\\/image\\\/\"}}]}<\/script>\n<!-- \/ Yoast SEO plugin. -->","yoast_head_json":{"title":"Kaz\u0131 Yetkili Ki\u015fi E\u011fitimi - K\u00fcresel G\u00fcvenlik ve \u00c7evre","description":"Kaz\u0131 alanlar\u0131nda hayatlar\u0131 kurtarmada kaz\u0131 yetkili ki\u015fi e\u011fitiminin \u00f6nemini ke\u015ffedin. \u0130\u015fyeri g\u00fcvenli\u011fi ve uyumlulu\u011fu i\u00e7in bug\u00fcn kaydolun.","robots":{"index":"index","follow":"follow","max-snippet":"max-snippet:-1","max-image-preview":"max-image-preview:large","max-video-preview":"max-video-preview:-1"},"canonical":"https:\/\/globaltraining.com\/tr\/urun\/kazi-yetkilisi-egitimi\/","og_locale":"tr_TR","og_type":"article","og_title":"Excavation Competent Person Training - Global Safety &amp; Environmental","og_description":"Discover the importance of excavation competent person training in preserving lives on excavation sites. Enroll today for workplace safety and compliance.","og_url":"https:\/\/globaltraining.com\/tr\/urun\/kazi-yetkilisi-egitimi\/","og_site_name":"Global Safety &amp; Environmental","article_modified_time":"2024-12-06T18:31:13+00:00","og_image":[{"width":1200,"height":801,"url":"https:\/\/globaltraining.com\/wp-content\/uploads\/2021\/11\/excavation-e1621368395647.jpg","type":"image\/jpeg"}],"twitter_card":"summary_large_image","twitter_misc":{"Est. reading time":"2 minutes"},"schema":{"@context":"https:\/\/schema.org","@graph":[{"@type":"WebPage","@id":"https:\/\/globaltraining.com\/product\/excavation-competent-person-training\/","url":"https:\/\/globaltraining.com\/product\/excavation-competent-person-training\/","name":"Kaz\u0131 Yetkili Ki\u015fi E\u011fitimi - K\u00fcresel G\u00fcvenlik ve \u00c7evre","isPartOf":{"@id":"https:\/\/globaltraining.com\/#website"},"primaryImageOfPage":{"@id":"https:\/\/globaltraining.com\/product\/excavation-competent-person-training\/#primaryimage"},"image":{"@id":"https:\/\/globaltraining.com\/product\/excavation-competent-person-training\/#primaryimage"},"thumbnailUrl":"https:\/\/globaltraining.com\/wp-content\/uploads\/2021\/11\/excavation-e1621368395647.jpg","datePublished":"2023-09-08T17:07:06+00:00","dateModified":"2024-12-06T18:31:13+00:00","description":"Kaz\u0131 alanlar\u0131nda hayatlar\u0131 kurtarmada kaz\u0131 yetkili ki\u015fi e\u011fitiminin \u00f6nemini ke\u015ffedin. \u0130\u015fyeri g\u00fcvenli\u011fi ve uyumlulu\u011fu i\u00e7in bug\u00fcn kaydolun.","breadcrumb":{"@id":"https:\/\/globaltraining.com\/product\/excavation-competent-person-training\/#breadcrumb"},"inLanguage":"tr-TR","potentialAction":[{"@type":"ReadAction","target":["https:\/\/globaltraining.com\/product\/excavation-competent-person-training\/"]}]},{"@type":"ImageObject","inLanguage":"tr-TR","@id":"https:\/\/globaltraining.com\/product\/excavation-competent-person-training\/#primaryimage","url":"https:\/\/globaltraining.com\/wp-content\/uploads\/2021\/11\/excavation-e1621368395647.jpg","contentUrl":"https:\/\/globaltraining.com\/wp-content\/uploads\/2021\/11\/excavation-e1621368395647.jpg","width":1200,"height":801,"caption":"digging safety"},{"@type":"BreadcrumbList","@id":"https:\/\/globaltraining.com\/product\/excavation-competent-person-training\/#breadcrumb","itemListElement":[{"@type":"ListItem","position":1,"name":"Home","item":"https:\/\/globaltraining.com\/"},{"@type":"ListItem","position":2,"name":"Productos","item":"https:\/\/globaltraining.com\/es\/shop\/"},{"@type":"ListItem","position":3,"name":"Excavation Competent Person Training"}]},{"@type":"WebSite","@id":"https:\/\/globaltraining.com\/#website","url":"https:\/\/globaltraining.com\/","name":"K\u00fcresel G\u00fcvenlik ve \u00c7evre","description":"Tam Hizmet Sa\u011fl\u0131k, G\u00fcvenlik ve \u00c7evre Kurslar\u0131","publisher":{"@id":"https:\/\/globaltraining.com\/#organization"},"potentialAction":[{"@type":"SearchAction","target":{"@type":"EntryPoint","urlTemplate":"https:\/\/globaltraining.com\/?s={search_term_string}"},"query-input":{"@type":"PropertyValueSpecification","valueRequired":true,"valueName":"search_term_string"}}],"inLanguage":"tr-TR"},{"@type":"Organization","@id":"https:\/\/globaltraining.com\/#organization","name":"K\u00fcresel G\u00fcvenlik ve \u00c7evre","url":"https:\/\/globaltraining.com\/","logo":{"@type":"ImageObject","inLanguage":"tr-TR","@id":"https:\/\/globaltraining.com\/#\/schema\/logo\/image\/","url":"https:\/\/globaltraining.com\/wp-content\/uploads\/2021\/01\/GSE-Logo-for-email.png","contentUrl":"https:\/\/globaltraining.com\/wp-content\/uploads\/2021\/01\/GSE-Logo-for-email.png","width":400,"height":101,"caption":"Global Safety & Environmental"},"image":{"@id":"https:\/\/globaltraining.com\/#\/schema\/logo\/image\/"}}]}},"_links":{"self":[{"href":"https:\/\/globaltraining.com\/tr\/wp-json\/wp\/v2\/product\/28489","targetHints":{"allow":["GET"]}}],"collection":[{"href":"https:\/\/globaltraining.com\/tr\/wp-json\/wp\/v2\/product"}],"about":[{"href":"https:\/\/globaltraining.com\/tr\/wp-json\/wp\/v2\/types\/product"}],"wp:featuredmedia":[{"embeddable":true,"href":"https:\/\/globaltraining.com\/tr\/wp-json\/wp\/v2\/media\/27188"}],"wp:attachment":[{"href":"https:\/\/globaltraining.com\/tr\/wp-json\/wp\/v2\/media?parent=28489"}],"wp:term":[{"taxonomy":"product_brand","embeddable":true,"href":"https:\/\/globaltraining.com\/tr\/wp-json\/wp\/v2\/product_brand?post=28489"},{"taxonomy":"product_cat","embeddable":true,"href":"https:\/\/globaltraining.com\/tr\/wp-json\/wp\/v2\/product_cat?post=28489"},{"taxonomy":"product_tag","embeddable":true,"href":"https:\/\/globaltraining.com\/tr\/wp-json\/wp\/v2\/product_tag?post=28489"}],"curies":[{"name":"wp","href":"https:\/\/api.w.org\/{rel}","templated":true}]}}