{"id":28488,"date":"2023-09-08T12:05:46","date_gmt":"2023-09-08T17:05:46","guid":{"rendered":"https:\/\/globaltraining.com\/?post_type=product&#038;p=28488"},"modified":"2024-12-06T12:32:01","modified_gmt":"2024-12-06T18:32:01","slug":"defansif-surus-kursu","status":"publish","type":"product","link":"https:\/\/globaltraining.com\/tr\/product\/defensive-driving-course\/","title":{"rendered":"Defansif S\u00fcr\u00fc\u015f Kursu"},"content":{"rendered":"<h2>Defansif S\u00fcr\u00fc\u015f Kursunun \u00d6nemi<\/h2>\n<p>G\u00fcvenli s\u00fcr\u00fc\u015f s\u00f6z konusu oldu\u011funda, bir arabadan daha iyi bir yat\u0131r\u0131m olamaz. <strong>defansif s\u00fcr\u00fc\u015f kursu<\/strong>. \u0130ster g\u00fc\u00e7l\u00fc s\u00fcr\u00fc\u015f becerileri geli\u015ftirmek isteyen yeni bir s\u00fcr\u00fcc\u00fc olun, ister yoldaki g\u00fcvenli\u011finizi art\u0131rmay\u0131 ama\u00e7layan deneyimli bir s\u00fcr\u00fcc\u00fc olun, bu kurslar \u00e7ok de\u011ferlidir. Bu k\u0131lavuzda, bunun \u00f6nemini ke\u015ffedece\u011fiz. <strong>defansif s\u00fcr\u00fc\u015f<\/strong> ve neden bir programa kaydoldu\u011funuzu <strong>defansif s\u00fcr\u00fc\u015f s\u0131n\u0131f\u0131<\/strong>\u00a0sizi daha g\u00fcvenli ve daha sorumlu bir s\u00fcr\u00fcc\u00fc haline getirebilir.<\/p>\n<h2>G\u00fcvenli S\u00fcr\u00fc\u015f: Defansif S\u00fcr\u00fc\u015f\u00fcn Temeli<\/h2>\n<p>\u00f6z\u00fcnde <strong>defansif s\u00fcr\u00fc\u015f<\/strong> g\u00fcvenli s\u00fcr\u00fc\u015f kavram\u0131d\u0131r. Defansif s\u00fcr\u00fcc\u00fcler, yaln\u0131zca kendileri i\u00e7in de\u011fil, di\u011fer yol kullan\u0131c\u0131lar\u0131 i\u00e7in de g\u00fcvenli\u011fi her \u015feyden \u00f6nce \u00f6nceliklendirir. Bu kurslar sizi potansiyel tehlikeleri etkili bir \u015fekilde tahmin etmek ve bunlara etkili bir \u015fekilde yan\u0131t vermek i\u00e7in gerekli bilgi ve becerilerle donatmaya odaklan\u0131r. G\u00fcvenli s\u00fcr\u00fc\u015f uygulamalar\u0131n\u0131 anlayarak yaln\u0131zca kaza riskinizi azaltmakla kalmaz, ayn\u0131 zamanda genel yol g\u00fcvenli\u011fine de katk\u0131da bulunursunuz.<\/p>\n<h2>Defansif S\u00fcr\u00fc\u015f Kursundan Neler Beklenmeli?<\/h2>\n<p>A <strong>defansif s\u00fcr\u00fc\u015f kursu<\/strong> genellikle g\u00fcvenli s\u00fcr\u00fc\u015f becerilerinizi geli\u015ftirmek i\u00e7in tasarlanm\u0131\u015f bir dizi konuyu kapsar. Bunlar \u015funlar\u0131 i\u00e7erebilir:<\/p>\n<ul>\n<li>G\u00fcvenli takip mesafeleri ve frenleme teknikleri<\/li>\n<li>Olumsuz hava ko\u015fullar\u0131yla m\u00fccadele<\/li>\n<li>Dikkat da\u011f\u0131t\u0131c\u0131 unsurlar\u0131n ve s\u00fcr\u00fc\u015f bozukluklar\u0131n\u0131n \u00f6nlenmesi<\/li>\n<li>Yol i\u015faretlerini ve sinyallerini anlama<\/li>\n<li>Otoyolda s\u00fcr\u00fc\u015fe y\u00f6nelik savunma stratejileri<\/li>\n<\/ul>\n<p>Kendinizi bu konulara kapt\u0131rd\u0131\u011f\u0131n\u0131zda, kurstan g\u00fcvenli s\u00fcr\u00fc\u015f ilkelerine ili\u015fkin daha derin bir anlay\u0131\u015fa sahip olacak ve bunlar\u0131 ger\u00e7ek d\u00fcnyadaki durumlara uygulama becerisine sahip olacaks\u0131n\u0131z.<\/p>\n<h2>Daha G\u00fcvenli Bir Yar\u0131n i\u00e7in Bug\u00fcn Kaydolun<\/h2>\n<p>Sonu\u00e7 olarak, bir <strong>defansif s\u00fcr\u00fc\u015f kursu<\/strong> mesele sadece daha iyi bir s\u00fcr\u00fcc\u00fc olmakla ilgili de\u011fil; daha g\u00fcvenli, daha sorumlu bir yol kullan\u0131c\u0131s\u0131 olmakla ilgilidir. \u0130ster sigorta primlerinden tasarruf etmek, ister trafik ihlallerinden ka\u00e7\u0131nmak, ister sadece direksiyon ba\u015f\u0131nda i\u00e7inizin rahat olmas\u0131n\u0131 sa\u011flamak istiyor olun, kay\u0131t olun <strong>defansif s\u00fcr\u00fc\u015f<\/strong>\u00a0ak\u0131ll\u0131ca bir se\u00e7imdir. Daha g\u00fcvenli s\u00fcr\u00fc\u015fe do\u011fru ilk ad\u0131m\u0131 at\u0131n; bug\u00fcn kaydolun ve yolda g\u00fcvenle ve sorumlu bir \u015fekilde ilerlemek i\u00e7in kendinizi gerekli bilgi ve becerilerle donat\u0131n.<\/p>","protected":false},"excerpt":{"rendered":"<p>Kapsaml\u0131 uygulamam\u0131zla s\u00fcr\u00fc\u015f becerilerinizi ve g\u00fcvenli\u011finizi art\u0131r\u0131n <strong>Defansif S\u00fcr\u00fc\u015f Kursu<\/strong>. De\u011ferli bilgiler edinin ve sorumlu bir s\u00fcr\u00fcc\u00fc olun. Daha g\u00fcvenli bir yar\u0131n i\u00e7in hemen kaydolun!<\/p>","protected":false},"featured_media":27555,"template":"","meta":{"_et_pb_use_builder":"","_et_pb_old_content":"","_et_gb_content_width":""},"product_brand":[],"product_cat":[129,169],"product_tag":[],"class_list":{"0":"post-28488","1":"product","2":"type-product","3":"status-publish","4":"has-post-thumbnail","6":"product_cat-driver-safety","7":"product_cat-transportation","9":"first","10":"instock","11":"virtual","12":"sold-individually","13":"purchasable","14":"product-type-simple"},"yoast_head":"<!-- This site is optimized with the Yoast SEO plugin v27.3 - https:\/\/yoast.com\/product\/yoast-seo-wordpress\/ -->\n<title>Defensive Driving Course - Global Safety &amp; Environmental<\/title>\n<meta name=\"description\" content=\"Discover the significance of defensive driving course for safe driving. Enroll today to become a safer and more responsible driver on the road.\" \/>\n<meta name=\"robots\" content=\"index, follow, max-snippet:-1, max-image-preview:large, max-video-preview:-1\" \/>\n<link rel=\"canonical\" href=\"https:\/\/globaltraining.com\/tr\/urun\/defansif-surus-kursu\/\" \/>\n<meta property=\"og:locale\" content=\"tr_TR\" \/>\n<meta property=\"og:type\" content=\"article\" \/>\n<meta property=\"og:title\" content=\"Defensive Driving Course - Global Safety &amp; Environmental\" \/>\n<meta property=\"og:description\" content=\"Discover the significance of defensive driving course for safe driving. Enroll today to become a safer and more responsible driver on the road.\" \/>\n<meta property=\"og:url\" content=\"https:\/\/globaltraining.com\/tr\/urun\/defansif-surus-kursu\/\" \/>\n<meta property=\"og:site_name\" content=\"Global Safety &amp; Environmental\" \/>\n<meta property=\"article:modified_time\" content=\"2024-12-06T18:32:01+00:00\" \/>\n<meta property=\"og:image\" content=\"https:\/\/globaltraining.com\/wp-content\/uploads\/2021\/12\/Defensive-Driving.jpg\" \/>\n\t<meta property=\"og:image:width\" content=\"1200\" \/>\n\t<meta property=\"og:image:height\" content=\"800\" \/>\n\t<meta property=\"og:image:type\" content=\"image\/jpeg\" \/>\n<meta name=\"twitter:card\" content=\"summary_large_image\" \/>\n<meta name=\"twitter:label1\" content=\"Est. reading time\" \/>\n\t<meta name=\"twitter:data1\" content=\"2 minutes\" \/>\n<script type=\"application\/ld+json\" class=\"yoast-schema-graph\">{\"@context\":\"https:\\\/\\\/schema.org\",\"@graph\":[{\"@type\":\"WebPage\",\"@id\":\"https:\\\/\\\/globaltraining.com\\\/product\\\/defensive-driving-course\\\/\",\"url\":\"https:\\\/\\\/globaltraining.com\\\/product\\\/defensive-driving-course\\\/\",\"name\":\"Defensive Driving Course - Global Safety &amp; Environmental\",\"isPartOf\":{\"@id\":\"https:\\\/\\\/globaltraining.com\\\/#website\"},\"primaryImageOfPage\":{\"@id\":\"https:\\\/\\\/globaltraining.com\\\/product\\\/defensive-driving-course\\\/#primaryimage\"},\"image\":{\"@id\":\"https:\\\/\\\/globaltraining.com\\\/product\\\/defensive-driving-course\\\/#primaryimage\"},\"thumbnailUrl\":\"https:\\\/\\\/globaltraining.com\\\/wp-content\\\/uploads\\\/2021\\\/12\\\/Defensive-Driving.jpg\",\"datePublished\":\"2023-09-08T17:05:46+00:00\",\"dateModified\":\"2024-12-06T18:32:01+00:00\",\"description\":\"Discover the significance of defensive driving course for safe driving. Enroll today to become a safer and more responsible driver on the road.\",\"breadcrumb\":{\"@id\":\"https:\\\/\\\/globaltraining.com\\\/product\\\/defensive-driving-course\\\/#breadcrumb\"},\"inLanguage\":\"tr-TR\",\"potentialAction\":[{\"@type\":\"ReadAction\",\"target\":[\"https:\\\/\\\/globaltraining.com\\\/product\\\/defensive-driving-course\\\/\"]}]},{\"@type\":\"ImageObject\",\"inLanguage\":\"tr-TR\",\"@id\":\"https:\\\/\\\/globaltraining.com\\\/product\\\/defensive-driving-course\\\/#primaryimage\",\"url\":\"https:\\\/\\\/globaltraining.com\\\/wp-content\\\/uploads\\\/2021\\\/12\\\/Defensive-Driving.jpg\",\"contentUrl\":\"https:\\\/\\\/globaltraining.com\\\/wp-content\\\/uploads\\\/2021\\\/12\\\/Defensive-Driving.jpg\",\"width\":1200,\"height\":800,\"caption\":\"Defensive Driving\"},{\"@type\":\"BreadcrumbList\",\"@id\":\"https:\\\/\\\/globaltraining.com\\\/product\\\/defensive-driving-course\\\/#breadcrumb\",\"itemListElement\":[{\"@type\":\"ListItem\",\"position\":1,\"name\":\"Home\",\"item\":\"https:\\\/\\\/globaltraining.com\\\/\"},{\"@type\":\"ListItem\",\"position\":2,\"name\":\"Productos\",\"item\":\"https:\\\/\\\/globaltraining.com\\\/es\\\/shop\\\/\"},{\"@type\":\"ListItem\",\"position\":3,\"name\":\"Defensive Driving Course\"}]},{\"@type\":\"WebSite\",\"@id\":\"https:\\\/\\\/globaltraining.com\\\/#website\",\"url\":\"https:\\\/\\\/globaltraining.com\\\/\",\"name\":\"Global Safety & Environmental\",\"description\":\"Full Service Health, Safety, and Environmental Courses\",\"publisher\":{\"@id\":\"https:\\\/\\\/globaltraining.com\\\/#organization\"},\"potentialAction\":[{\"@type\":\"SearchAction\",\"target\":{\"@type\":\"EntryPoint\",\"urlTemplate\":\"https:\\\/\\\/globaltraining.com\\\/?s={search_term_string}\"},\"query-input\":{\"@type\":\"PropertyValueSpecification\",\"valueRequired\":true,\"valueName\":\"search_term_string\"}}],\"inLanguage\":\"tr-TR\"},{\"@type\":\"Organization\",\"@id\":\"https:\\\/\\\/globaltraining.com\\\/#organization\",\"name\":\"Global Safety & Environmental\",\"url\":\"https:\\\/\\\/globaltraining.com\\\/\",\"logo\":{\"@type\":\"ImageObject\",\"inLanguage\":\"tr-TR\",\"@id\":\"https:\\\/\\\/globaltraining.com\\\/#\\\/schema\\\/logo\\\/image\\\/\",\"url\":\"https:\\\/\\\/globaltraining.com\\\/wp-content\\\/uploads\\\/2021\\\/01\\\/GSE-Logo-for-email.png\",\"contentUrl\":\"https:\\\/\\\/globaltraining.com\\\/wp-content\\\/uploads\\\/2021\\\/01\\\/GSE-Logo-for-email.png\",\"width\":400,\"height\":101,\"caption\":\"Global Safety & Environmental\"},\"image\":{\"@id\":\"https:\\\/\\\/globaltraining.com\\\/#\\\/schema\\\/logo\\\/image\\\/\"}}]}<\/script>\n<!-- \/ Yoast SEO plugin. -->","yoast_head_json":{"title":"Defansif S\u00fcr\u00fc\u015f Kursu - K\u00fcresel G\u00fcvenlik ve \u00c7evre","description":"G\u00fcvenli s\u00fcr\u00fc\u015f i\u00e7in defansif s\u00fcr\u00fc\u015f kursunun \u00f6nemini ke\u015ffedin. Yolda daha g\u00fcvenli ve daha sorumlu bir s\u00fcr\u00fcc\u00fc olmak i\u00e7in bug\u00fcn kaydolun.","robots":{"index":"index","follow":"follow","max-snippet":"max-snippet:-1","max-image-preview":"max-image-preview:large","max-video-preview":"max-video-preview:-1"},"canonical":"https:\/\/globaltraining.com\/tr\/urun\/defansif-surus-kursu\/","og_locale":"tr_TR","og_type":"article","og_title":"Defensive Driving Course - Global Safety &amp; Environmental","og_description":"Discover the significance of defensive driving course for safe driving. Enroll today to become a safer and more responsible driver on the road.","og_url":"https:\/\/globaltraining.com\/tr\/urun\/defansif-surus-kursu\/","og_site_name":"Global Safety &amp; Environmental","article_modified_time":"2024-12-06T18:32:01+00:00","og_image":[{"width":1200,"height":800,"url":"https:\/\/globaltraining.com\/wp-content\/uploads\/2021\/12\/Defensive-Driving.jpg","type":"image\/jpeg"}],"twitter_card":"summary_large_image","twitter_misc":{"Est. reading time":"2 minutes"},"schema":{"@context":"https:\/\/schema.org","@graph":[{"@type":"WebPage","@id":"https:\/\/globaltraining.com\/product\/defensive-driving-course\/","url":"https:\/\/globaltraining.com\/product\/defensive-driving-course\/","name":"Defansif S\u00fcr\u00fc\u015f Kursu - K\u00fcresel G\u00fcvenlik ve \u00c7evre","isPartOf":{"@id":"https:\/\/globaltraining.com\/#website"},"primaryImageOfPage":{"@id":"https:\/\/globaltraining.com\/product\/defensive-driving-course\/#primaryimage"},"image":{"@id":"https:\/\/globaltraining.com\/product\/defensive-driving-course\/#primaryimage"},"thumbnailUrl":"https:\/\/globaltraining.com\/wp-content\/uploads\/2021\/12\/Defensive-Driving.jpg","datePublished":"2023-09-08T17:05:46+00:00","dateModified":"2024-12-06T18:32:01+00:00","description":"G\u00fcvenli s\u00fcr\u00fc\u015f i\u00e7in defansif s\u00fcr\u00fc\u015f kursunun \u00f6nemini ke\u015ffedin. Yolda daha g\u00fcvenli ve daha sorumlu bir s\u00fcr\u00fcc\u00fc olmak i\u00e7in bug\u00fcn kaydolun.","breadcrumb":{"@id":"https:\/\/globaltraining.com\/product\/defensive-driving-course\/#breadcrumb"},"inLanguage":"tr-TR","potentialAction":[{"@type":"ReadAction","target":["https:\/\/globaltraining.com\/product\/defensive-driving-course\/"]}]},{"@type":"ImageObject","inLanguage":"tr-TR","@id":"https:\/\/globaltraining.com\/product\/defensive-driving-course\/#primaryimage","url":"https:\/\/globaltraining.com\/wp-content\/uploads\/2021\/12\/Defensive-Driving.jpg","contentUrl":"https:\/\/globaltraining.com\/wp-content\/uploads\/2021\/12\/Defensive-Driving.jpg","width":1200,"height":800,"caption":"Defensive Driving"},{"@type":"BreadcrumbList","@id":"https:\/\/globaltraining.com\/product\/defensive-driving-course\/#breadcrumb","itemListElement":[{"@type":"ListItem","position":1,"name":"Home","item":"https:\/\/globaltraining.com\/"},{"@type":"ListItem","position":2,"name":"Productos","item":"https:\/\/globaltraining.com\/es\/shop\/"},{"@type":"ListItem","position":3,"name":"Defensive Driving Course"}]},{"@type":"WebSite","@id":"https:\/\/globaltraining.com\/#website","url":"https:\/\/globaltraining.com\/","name":"K\u00fcresel G\u00fcvenlik ve \u00c7evre","description":"Tam Hizmet Sa\u011fl\u0131k, G\u00fcvenlik ve \u00c7evre Kurslar\u0131","publisher":{"@id":"https:\/\/globaltraining.com\/#organization"},"potentialAction":[{"@type":"SearchAction","target":{"@type":"EntryPoint","urlTemplate":"https:\/\/globaltraining.com\/?s={search_term_string}"},"query-input":{"@type":"PropertyValueSpecification","valueRequired":true,"valueName":"search_term_string"}}],"inLanguage":"tr-TR"},{"@type":"Organization","@id":"https:\/\/globaltraining.com\/#organization","name":"K\u00fcresel G\u00fcvenlik ve \u00c7evre","url":"https:\/\/globaltraining.com\/","logo":{"@type":"ImageObject","inLanguage":"tr-TR","@id":"https:\/\/globaltraining.com\/#\/schema\/logo\/image\/","url":"https:\/\/globaltraining.com\/wp-content\/uploads\/2021\/01\/GSE-Logo-for-email.png","contentUrl":"https:\/\/globaltraining.com\/wp-content\/uploads\/2021\/01\/GSE-Logo-for-email.png","width":400,"height":101,"caption":"Global Safety & Environmental"},"image":{"@id":"https:\/\/globaltraining.com\/#\/schema\/logo\/image\/"}}]}},"_links":{"self":[{"href":"https:\/\/globaltraining.com\/tr\/wp-json\/wp\/v2\/product\/28488","targetHints":{"allow":["GET"]}}],"collection":[{"href":"https:\/\/globaltraining.com\/tr\/wp-json\/wp\/v2\/product"}],"about":[{"href":"https:\/\/globaltraining.com\/tr\/wp-json\/wp\/v2\/types\/product"}],"wp:featuredmedia":[{"embeddable":true,"href":"https:\/\/globaltraining.com\/tr\/wp-json\/wp\/v2\/media\/27555"}],"wp:attachment":[{"href":"https:\/\/globaltraining.com\/tr\/wp-json\/wp\/v2\/media?parent=28488"}],"wp:term":[{"taxonomy":"product_brand","embeddable":true,"href":"https:\/\/globaltraining.com\/tr\/wp-json\/wp\/v2\/product_brand?post=28488"},{"taxonomy":"product_cat","embeddable":true,"href":"https:\/\/globaltraining.com\/tr\/wp-json\/wp\/v2\/product_cat?post=28488"},{"taxonomy":"product_tag","embeddable":true,"href":"https:\/\/globaltraining.com\/tr\/wp-json\/wp\/v2\/product_tag?post=28488"}],"curies":[{"name":"wp","href":"https:\/\/api.w.org\/{rel}","templated":true}]}}