{"id":28487,"date":"2023-09-08T11:53:24","date_gmt":"2023-09-08T16:53:24","guid":{"rendered":"https:\/\/globaltraining.com\/?post_type=product&#038;p=28487"},"modified":"2024-12-06T12:34:20","modified_gmt":"2024-12-06T18:34:20","slug":"siber-guvenlik","status":"publish","type":"product","link":"https:\/\/globaltraining.com\/tr\/product\/cyber-security\/","title":{"rendered":"Siber g\u00fcvenlik"},"content":{"rendered":"<h2>Siber G\u00fcvenlik \u0130\u00e7in Kesin K\u0131lavuz: Dijital D\u00fcnyan\u0131z\u0131 Koruyun<\/h2>\n<p>Dijital \u00e7a\u011f\u0131n karma\u015f\u0131kl\u0131klar\u0131nda yol al\u0131rken, sa\u011flaml\u0131\u011f\u0131 anlay\u0131p uyguluyoruz. <strong>Siber g\u00fcvenlik<\/strong> \u00f6nlemler hi\u00e7 bu kadar kritik olmam\u0131\u015ft\u0131. Kapsaml\u0131 \u00e7evrimi\u00e7i kursumuz, siber savunma sanat\u0131nda ustala\u015fmaya a\u00e7\u0131lan kap\u0131n\u0131zd\u0131r ve \u00e7evrimi\u00e7i alanda geli\u015fen tehditlerin \u00f6n\u00fcnde kalman\u0131z\u0131 sa\u011flar.<\/p>\n<h2>\u00c7evrimi\u00e7i Siber G\u00fcvenlik Konusunda Sizi G\u00fc\u00e7lendiriyoruz<\/h2>\n<p>Dinamik manzaras\u0131nda <strong>\u00c7evrimi\u00e7i Siber G\u00fcvenlik<\/strong>Kendinizi bilgiyle donatmak \u00e7ok \u00f6nemlidir. Kursumuz geleneksel yakla\u015f\u0131mlar\u0131n \u00f6tesine ge\u00e7erek en yeni siber tehditlere ve en son teknolojiye sahip savunma mekanizmalar\u0131na derinlemesine bir bak\u0131\u015f sunuyor. \u0130ster acemi ister deneyimli bir profesyonel olun, \u00e7evrimi\u00e7i e\u011fitimimiz esnek ve kapsaml\u0131 bir \u00f6\u011frenme deneyimi sa\u011flar.<\/p>\n<h2>\u0130nternetin G\u00f6rg\u00fc Kurallar\u0131: \u0130nternet Kurallar\u0131 D\u00fcnyas\u0131nda Gezinmek<\/h2>\n<p>Anlamak <strong>internet kurallar\u0131<\/strong> g\u00fcvenli bir \u00e7evrimi\u00e7i ortam\u0131 geli\u015ftirmenin ayr\u0131lmaz bir par\u00e7as\u0131d\u0131r. Siber G\u00fcvenli\u011fin n\u00fcanslar\u0131n\u0131 ke\u015ffederken dijital alanda etik davran\u0131\u015f\u0131n \u00f6nemini de vurguluyoruz. Kursumuz internet eti\u011fi ilkelerini a\u015f\u0131layarak yaln\u0131zca sistemlerin koruyucusu de\u011fil, ayn\u0131 zamanda \u00e7evrimi\u00e7i toplulu\u011fun sorumlu bir kat\u0131l\u0131mc\u0131s\u0131 olman\u0131z\u0131 sa\u011flar.<\/p>\n<h2>Neden Siber G\u00fcvenlik Kursumuzu Se\u00e7melisiniz?<\/h2>\n<p>Kursumuza kaydolman\u0131n zorlay\u0131c\u0131 nedenlerini ke\u015ffedin:<\/p>\n<ul>\n<li><strong>Kapsaml\u0131 M\u00fcfredat:<\/strong> \u00c7ok \u00e7e\u015fitli Siber G\u00fcvenlik konular\u0131n\u0131 kapsayan kursumuz, \u00e7e\u015fitli zorluklarla ba\u015fa \u00e7\u0131kmaya haz\u0131rl\u0131kl\u0131 olman\u0131z\u0131 sa\u011flar.<\/li>\n<li><strong>Ger\u00e7ek D\u00fcnya Uygulamas\u0131:<\/strong> Pratik al\u0131\u015ft\u0131rmalar siber sald\u0131r\u0131 senaryolar\u0131n\u0131 sim\u00fcle ederek teorik bilgileri uygulamal\u0131 bir ortamda uygulaman\u0131za olanak tan\u0131r.<\/li>\n<li><strong>Esnek \u00d6\u011frenme:<\/strong> \u00c7evrimi\u00e7i format\u0131m\u0131z program\u0131n\u0131za uyum sa\u011flayarak, anlay\u0131\u015f derinli\u011finden \u00f6d\u00fcn vermeden kendi h\u0131z\u0131n\u0131zda \u00f6\u011frenmenize olanak tan\u0131r.<\/li>\n<li><strong>Sertifika:<\/strong> Ba\u015far\u0131l\u0131 bir tamamlama size uzmanl\u0131\u011f\u0131n\u0131z\u0131 do\u011frulayan ve profesyonel profilinizi g\u00fc\u00e7lendiren bir sertifika verir.<\/li>\n<\/ul>\n<h2>Dijital Gelece\u011finizi \u015eimdi G\u00fcvenceye Al\u0131n<\/h2>\n<p>Dijital olarak birbirine ba\u011fl\u0131 bir d\u00fcnyada ya\u015famak, Siber G\u00fcvenlik fark\u0131ndal\u0131\u011f\u0131n\u0131n artmas\u0131n\u0131 gerektirir. Kursumuz sizi siber tehditleri etkili bir \u015fekilde y\u00f6nlendirmek ve azaltmak i\u00e7in gereken becerilerle donat\u0131r. \u0130ster dijital okuryazarl\u0131\u011f\u0131n\u0131z\u0131 geli\u015ftirmek isteyen bir ki\u015fi, ister savunmas\u0131n\u0131 g\u00fc\u00e7lendirmek isteyen bir kurulu\u015f olun, kursumuz siber tehditlere kar\u015f\u0131 sava\u015fta stratejik m\u00fcttefikinizdir.<\/p>\n<h2>G\u00fcvenli Bir Yar\u0131n i\u00e7in Bug\u00fcn Kaydolun<\/h2>\n<p>Siber tehditlerin dijital varl\u0131\u011f\u0131n\u0131z\u0131 tehlikeye atmas\u0131na izin vermeyin. Dijital gelece\u011finizi koruyacak bilgi ve becerileri edinmek i\u00e7in hemen kursumuza kaydolun. Herkes i\u00e7in g\u00fcvenli bir \u00e7evrimi\u00e7i ortam olu\u015fturmak i\u00e7in bize kat\u0131l\u0131n.<\/p>","protected":false},"excerpt":{"rendered":"<p>Kapsaml\u0131 \u00e7evrimi\u00e7i kursumuzla Siber G\u00fcvenlik konusunda uzmanla\u015f\u0131n. \u0130nternet g\u00f6rg\u00fc kurallar\u0131n\u0131 \u00f6\u011frenin, pratik beceriler kazan\u0131n ve sertifika kazan\u0131n. G\u00fcvenli bir dijital gelecek i\u00e7in hemen kaydolun.<\/p>","protected":false},"featured_media":15324,"template":"","meta":{"_et_pb_use_builder":"","_et_pb_old_content":"","_et_gb_content_width":""},"product_brand":[],"product_cat":[138,163,172],"product_tag":[],"class_list":{"0":"post-28487","1":"product","2":"type-product","3":"status-publish","4":"has-post-thumbnail","6":"product_cat-general-industry","7":"product_cat-safety-admin","8":"product_cat-workplace-policies-and-procedures","10":"first","11":"instock","12":"virtual","13":"sold-individually","14":"purchasable","15":"product-type-simple"},"yoast_head":"<!-- This site is optimized with the Yoast SEO plugin v27.4 - https:\/\/yoast.com\/product\/yoast-seo-wordpress\/ -->\n<title>Cyber Security - Global Safety &amp; Environmental<\/title>\n<meta name=\"description\" content=\"Master Cyber Security with our online course. Learn netiquette and earn a certification. Enroll today to secure your digital future.\" \/>\n<meta name=\"robots\" content=\"index, follow, max-snippet:-1, max-image-preview:large, max-video-preview:-1\" \/>\n<link rel=\"canonical\" href=\"https:\/\/globaltraining.com\/tr\/urun\/siber-guvenlik\/\" \/>\n<meta property=\"og:locale\" content=\"tr_TR\" \/>\n<meta property=\"og:type\" content=\"article\" \/>\n<meta property=\"og:title\" content=\"Cyber Security - Global Safety &amp; Environmental\" \/>\n<meta property=\"og:description\" content=\"Master Cyber Security with our online course. Learn netiquette and earn a certification. Enroll today to secure your digital future.\" \/>\n<meta property=\"og:url\" content=\"https:\/\/globaltraining.com\/tr\/urun\/siber-guvenlik\/\" \/>\n<meta property=\"og:site_name\" content=\"Global Safety &amp; Environmental\" \/>\n<meta property=\"article:modified_time\" content=\"2024-12-06T18:34:20+00:00\" \/>\n<meta property=\"og:image\" content=\"https:\/\/globaltraining.com\/wp-content\/uploads\/2023\/06\/Cyber-Hygiene-2-1.jpg\" \/>\n\t<meta property=\"og:image:width\" content=\"1200\" \/>\n\t<meta property=\"og:image:height\" content=\"800\" \/>\n\t<meta property=\"og:image:type\" content=\"image\/jpeg\" \/>\n<meta name=\"twitter:card\" content=\"summary_large_image\" \/>\n<meta name=\"twitter:label1\" content=\"Est. reading time\" \/>\n\t<meta name=\"twitter:data1\" content=\"2 minutes\" \/>\n<script type=\"application\/ld+json\" class=\"yoast-schema-graph\">{\"@context\":\"https:\\\/\\\/schema.org\",\"@graph\":[{\"@type\":\"WebPage\",\"@id\":\"https:\\\/\\\/globaltraining.com\\\/product\\\/cyber-security\\\/\",\"url\":\"https:\\\/\\\/globaltraining.com\\\/product\\\/cyber-security\\\/\",\"name\":\"Cyber Security - Global Safety &amp; Environmental\",\"isPartOf\":{\"@id\":\"https:\\\/\\\/globaltraining.com\\\/#website\"},\"primaryImageOfPage\":{\"@id\":\"https:\\\/\\\/globaltraining.com\\\/product\\\/cyber-security\\\/#primaryimage\"},\"image\":{\"@id\":\"https:\\\/\\\/globaltraining.com\\\/product\\\/cyber-security\\\/#primaryimage\"},\"thumbnailUrl\":\"https:\\\/\\\/globaltraining.com\\\/wp-content\\\/uploads\\\/2023\\\/06\\\/Cyber-Hygiene-2-1.jpg\",\"datePublished\":\"2023-09-08T16:53:24+00:00\",\"dateModified\":\"2024-12-06T18:34:20+00:00\",\"description\":\"Master Cyber Security with our online course. Learn netiquette and earn a certification. Enroll today to secure your digital future.\",\"breadcrumb\":{\"@id\":\"https:\\\/\\\/globaltraining.com\\\/product\\\/cyber-security\\\/#breadcrumb\"},\"inLanguage\":\"tr-TR\",\"potentialAction\":[{\"@type\":\"ReadAction\",\"target\":[\"https:\\\/\\\/globaltraining.com\\\/product\\\/cyber-security\\\/\"]}]},{\"@type\":\"ImageObject\",\"inLanguage\":\"tr-TR\",\"@id\":\"https:\\\/\\\/globaltraining.com\\\/product\\\/cyber-security\\\/#primaryimage\",\"url\":\"https:\\\/\\\/globaltraining.com\\\/wp-content\\\/uploads\\\/2023\\\/06\\\/Cyber-Hygiene-2-1.jpg\",\"contentUrl\":\"https:\\\/\\\/globaltraining.com\\\/wp-content\\\/uploads\\\/2023\\\/06\\\/Cyber-Hygiene-2-1.jpg\",\"width\":1200,\"height\":800,\"caption\":\"Cyber Security\"},{\"@type\":\"BreadcrumbList\",\"@id\":\"https:\\\/\\\/globaltraining.com\\\/product\\\/cyber-security\\\/#breadcrumb\",\"itemListElement\":[{\"@type\":\"ListItem\",\"position\":1,\"name\":\"Home\",\"item\":\"https:\\\/\\\/globaltraining.com\\\/\"},{\"@type\":\"ListItem\",\"position\":2,\"name\":\"Productos\",\"item\":\"https:\\\/\\\/globaltraining.com\\\/es\\\/shop\\\/\"},{\"@type\":\"ListItem\",\"position\":3,\"name\":\"Cyber Security\"}]},{\"@type\":\"WebSite\",\"@id\":\"https:\\\/\\\/globaltraining.com\\\/#website\",\"url\":\"https:\\\/\\\/globaltraining.com\\\/\",\"name\":\"Global Safety & Environmental\",\"description\":\"Full Service Health, Safety, and Environmental Courses\",\"publisher\":{\"@id\":\"https:\\\/\\\/globaltraining.com\\\/#organization\"},\"potentialAction\":[{\"@type\":\"SearchAction\",\"target\":{\"@type\":\"EntryPoint\",\"urlTemplate\":\"https:\\\/\\\/globaltraining.com\\\/?s={search_term_string}\"},\"query-input\":{\"@type\":\"PropertyValueSpecification\",\"valueRequired\":true,\"valueName\":\"search_term_string\"}}],\"inLanguage\":\"tr-TR\"},{\"@type\":\"Organization\",\"@id\":\"https:\\\/\\\/globaltraining.com\\\/#organization\",\"name\":\"Global Safety & Environmental\",\"url\":\"https:\\\/\\\/globaltraining.com\\\/\",\"logo\":{\"@type\":\"ImageObject\",\"inLanguage\":\"tr-TR\",\"@id\":\"https:\\\/\\\/globaltraining.com\\\/#\\\/schema\\\/logo\\\/image\\\/\",\"url\":\"https:\\\/\\\/globaltraining.com\\\/wp-content\\\/uploads\\\/2021\\\/01\\\/GSE-Logo-for-email.png\",\"contentUrl\":\"https:\\\/\\\/globaltraining.com\\\/wp-content\\\/uploads\\\/2021\\\/01\\\/GSE-Logo-for-email.png\",\"width\":400,\"height\":101,\"caption\":\"Global Safety & Environmental\"},\"image\":{\"@id\":\"https:\\\/\\\/globaltraining.com\\\/#\\\/schema\\\/logo\\\/image\\\/\"}}]}<\/script>\n<!-- \/ Yoast SEO plugin. -->","yoast_head_json":{"title":"Siber G\u00fcvenlik - K\u00fcresel G\u00fcvenlik ve \u00c7evre","description":"\u00c7evrimi\u00e7i kursumuzla Siber G\u00fcvenlikte ustala\u015f\u0131n. Netiquette \u00f6\u011frenin ve sertifika kazan\u0131n. Dijital gelece\u011finizi g\u00fcvence alt\u0131na almak i\u00e7in bug\u00fcn kaydolun.","robots":{"index":"index","follow":"follow","max-snippet":"max-snippet:-1","max-image-preview":"max-image-preview:large","max-video-preview":"max-video-preview:-1"},"canonical":"https:\/\/globaltraining.com\/tr\/urun\/siber-guvenlik\/","og_locale":"tr_TR","og_type":"article","og_title":"Cyber Security - Global Safety &amp; Environmental","og_description":"Master Cyber Security with our online course. Learn netiquette and earn a certification. Enroll today to secure your digital future.","og_url":"https:\/\/globaltraining.com\/tr\/urun\/siber-guvenlik\/","og_site_name":"Global Safety &amp; Environmental","article_modified_time":"2024-12-06T18:34:20+00:00","og_image":[{"width":1200,"height":800,"url":"https:\/\/globaltraining.com\/wp-content\/uploads\/2023\/06\/Cyber-Hygiene-2-1.jpg","type":"image\/jpeg"}],"twitter_card":"summary_large_image","twitter_misc":{"Est. reading time":"2 minutes"},"schema":{"@context":"https:\/\/schema.org","@graph":[{"@type":"WebPage","@id":"https:\/\/globaltraining.com\/product\/cyber-security\/","url":"https:\/\/globaltraining.com\/product\/cyber-security\/","name":"Siber G\u00fcvenlik - K\u00fcresel G\u00fcvenlik ve \u00c7evre","isPartOf":{"@id":"https:\/\/globaltraining.com\/#website"},"primaryImageOfPage":{"@id":"https:\/\/globaltraining.com\/product\/cyber-security\/#primaryimage"},"image":{"@id":"https:\/\/globaltraining.com\/product\/cyber-security\/#primaryimage"},"thumbnailUrl":"https:\/\/globaltraining.com\/wp-content\/uploads\/2023\/06\/Cyber-Hygiene-2-1.jpg","datePublished":"2023-09-08T16:53:24+00:00","dateModified":"2024-12-06T18:34:20+00:00","description":"\u00c7evrimi\u00e7i kursumuzla Siber G\u00fcvenlikte ustala\u015f\u0131n. Netiquette \u00f6\u011frenin ve sertifika kazan\u0131n. Dijital gelece\u011finizi g\u00fcvence alt\u0131na almak i\u00e7in bug\u00fcn kaydolun.","breadcrumb":{"@id":"https:\/\/globaltraining.com\/product\/cyber-security\/#breadcrumb"},"inLanguage":"tr-TR","potentialAction":[{"@type":"ReadAction","target":["https:\/\/globaltraining.com\/product\/cyber-security\/"]}]},{"@type":"ImageObject","inLanguage":"tr-TR","@id":"https:\/\/globaltraining.com\/product\/cyber-security\/#primaryimage","url":"https:\/\/globaltraining.com\/wp-content\/uploads\/2023\/06\/Cyber-Hygiene-2-1.jpg","contentUrl":"https:\/\/globaltraining.com\/wp-content\/uploads\/2023\/06\/Cyber-Hygiene-2-1.jpg","width":1200,"height":800,"caption":"Cyber Security"},{"@type":"BreadcrumbList","@id":"https:\/\/globaltraining.com\/product\/cyber-security\/#breadcrumb","itemListElement":[{"@type":"ListItem","position":1,"name":"Home","item":"https:\/\/globaltraining.com\/"},{"@type":"ListItem","position":2,"name":"Productos","item":"https:\/\/globaltraining.com\/es\/shop\/"},{"@type":"ListItem","position":3,"name":"Cyber Security"}]},{"@type":"WebSite","@id":"https:\/\/globaltraining.com\/#website","url":"https:\/\/globaltraining.com\/","name":"K\u00fcresel G\u00fcvenlik ve \u00c7evre","description":"Tam Hizmet Sa\u011fl\u0131k, G\u00fcvenlik ve \u00c7evre Kurslar\u0131","publisher":{"@id":"https:\/\/globaltraining.com\/#organization"},"potentialAction":[{"@type":"SearchAction","target":{"@type":"EntryPoint","urlTemplate":"https:\/\/globaltraining.com\/?s={search_term_string}"},"query-input":{"@type":"PropertyValueSpecification","valueRequired":true,"valueName":"search_term_string"}}],"inLanguage":"tr-TR"},{"@type":"Organization","@id":"https:\/\/globaltraining.com\/#organization","name":"K\u00fcresel G\u00fcvenlik ve \u00c7evre","url":"https:\/\/globaltraining.com\/","logo":{"@type":"ImageObject","inLanguage":"tr-TR","@id":"https:\/\/globaltraining.com\/#\/schema\/logo\/image\/","url":"https:\/\/globaltraining.com\/wp-content\/uploads\/2021\/01\/GSE-Logo-for-email.png","contentUrl":"https:\/\/globaltraining.com\/wp-content\/uploads\/2021\/01\/GSE-Logo-for-email.png","width":400,"height":101,"caption":"Global Safety & Environmental"},"image":{"@id":"https:\/\/globaltraining.com\/#\/schema\/logo\/image\/"}}]}},"_links":{"self":[{"href":"https:\/\/globaltraining.com\/tr\/wp-json\/wp\/v2\/product\/28487","targetHints":{"allow":["GET"]}}],"collection":[{"href":"https:\/\/globaltraining.com\/tr\/wp-json\/wp\/v2\/product"}],"about":[{"href":"https:\/\/globaltraining.com\/tr\/wp-json\/wp\/v2\/types\/product"}],"wp:featuredmedia":[{"embeddable":true,"href":"https:\/\/globaltraining.com\/tr\/wp-json\/wp\/v2\/media\/15324"}],"wp:attachment":[{"href":"https:\/\/globaltraining.com\/tr\/wp-json\/wp\/v2\/media?parent=28487"}],"wp:term":[{"taxonomy":"product_brand","embeddable":true,"href":"https:\/\/globaltraining.com\/tr\/wp-json\/wp\/v2\/product_brand?post=28487"},{"taxonomy":"product_cat","embeddable":true,"href":"https:\/\/globaltraining.com\/tr\/wp-json\/wp\/v2\/product_cat?post=28487"},{"taxonomy":"product_tag","embeddable":true,"href":"https:\/\/globaltraining.com\/tr\/wp-json\/wp\/v2\/product_tag?post=28487"}],"curies":[{"name":"wp","href":"https:\/\/api.w.org\/{rel}","templated":true}]}}