{"id":28486,"date":"2023-09-08T11:40:03","date_gmt":"2023-09-08T16:40:03","guid":{"rendered":"https:\/\/globaltraining.com\/?post_type=product&#038;p=28486"},"modified":"2024-12-06T12:43:07","modified_gmt":"2024-12-06T18:43:07","slug":"vinc-farkindaligi","status":"publish","type":"product","link":"https:\/\/globaltraining.com\/tr\/product\/crane-awareness\/","title":{"rendered":"Vin\u00e7 Fark\u0131ndal\u0131k E\u011fitimi"},"content":{"rendered":"<h2>Vin\u00e7 Fark\u0131ndal\u0131k E\u011fitimi: G\u00fcvenli\u011fin ve Yetkinli\u011fin Sa\u011flanmas\u0131<\/h2>\n<p>Kapsaml\u0131 vin\u00e7 fark\u0131ndal\u0131\u011f\u0131 e\u011fitim program\u0131m\u0131za ho\u015f geldiniz. G\u00fcn\u00fcm\u00fcz\u00fcn end\u00fcstriyel ve in\u015faat ortamlar\u0131nda vin\u00e7ler \u00e7e\u015fitli operasyonlarda \u00e7ok \u00f6nemli bir rol oynamaktad\u0131r. Ancak gerekli bilgi ve fark\u0131ndal\u0131k olmadan vin\u00e7leri \u00e7al\u0131\u015ft\u0131rmak veya vin\u00e7lerin etraf\u0131nda \u00e7al\u0131\u015fmak tehlikeli olabilir. Kursumuz, vin\u00e7 g\u00fcvenli\u011fini ve yeterlili\u011fini sa\u011flamak i\u00e7in gereken temel becerileri ve anlay\u0131\u015f\u0131 sa\u011flamak \u00fczere tasarlanm\u0131\u015ft\u0131r.<\/p>\n<p>Turna fark\u0131ndal\u0131\u011f\u0131 yaln\u0131zca de\u011ferli bir beceri de\u011fildir; i\u015fyerinde kazalar\u0131, yaralanmalar\u0131 ve \u00f6l\u00fcmleri \u00f6nlemek kritik bir zorunluluktur. \u0130ster bir vin\u00e7 operat\u00f6r\u00fc, ister armat\u00f6r, ister vin\u00e7 operasyonlar\u0131n\u0131 denetleyen bir s\u00fcperviz\u00f6r olun, program\u0131m\u0131z sizi vin\u00e7lerin etraf\u0131nda g\u00fcvenli bir \u015fekilde \u00e7al\u0131\u015fmak i\u00e7in gereken bilgi ve yeterlilikle donatmak \u00fczere \u00f6zel olarak tasarlanm\u0131\u015ft\u0131r.<\/p>\n<h2>Vin\u00e7 Fark\u0131ndal\u0131\u011f\u0131 Neden \u00d6nemlidir?<\/h2>\n<p>Vin\u00e7 fark\u0131ndal\u0131\u011f\u0131, vin\u00e7 operasyonlar\u0131yla ilgili potansiyel tehlikelerin ve risklerin anla\u015f\u0131lmas\u0131yla ilgilidir. Vin\u00e7ler \u00e7ok b\u00fcy\u00fck y\u00fckleri kald\u0131rabilen a\u011f\u0131r makinelerdir ve vin\u00e7lerin kar\u0131\u015ft\u0131\u011f\u0131 kazalar feci sonu\u00e7lara yol a\u00e7abilir. Vin\u00e7 g\u00fcvenlik protokolleri, y\u00fck kapasiteleri ve operasyonel prosed\u00fcrler hakk\u0131nda sa\u011flam bir anlay\u0131\u015fa sahip olmak \u00e7ok \u00f6nemlidir.<\/p>\n<p>Kursumuz, farkl\u0131 vin\u00e7 t\u00fcrlerinin tan\u0131mlanmas\u0131, tehlikelerin tan\u0131nmas\u0131 ve g\u00fcvenlik protokollerinin \u00f6neminin anla\u015f\u0131lmas\u0131 da dahil olmak \u00fczere \u00e7ok \u00e7e\u015fitli konular\u0131 kapsamaktad\u0131r. Ayr\u0131ca vin\u00e7 operat\u00f6rlerinin rollerini ve vin\u00e7 operasyonlar\u0131n\u0131n yak\u0131n\u0131nda \u00e7al\u0131\u015fanlar\u0131n sorumluluklar\u0131n\u0131 da \u00f6\u011freneceksiniz.<\/p>\n<h2>Vin\u00e7 G\u00fcvenli\u011fi Fark\u0131ndal\u0131k E\u011fitimi: Ne \u00d6\u011freneceksiniz<\/h2>\n<p>Program\u0131m\u0131z vin\u00e7 g\u00fcvenli\u011fi bilincinin temel ilkelerini derinlemesine ele almaktad\u0131r. A\u015fa\u011f\u0131daki temel alanlarda bilgi ve beceriler kazanacaks\u0131n\u0131z:<\/p>\n<ul>\n<li>Vin\u00e7 \u00c7e\u015fitleri ve Bile\u015fenleri: Farkl\u0131 vin\u00e7 t\u00fcrlerini ve bile\u015fenlerini anlay\u0131n.<\/li>\n<li>Y\u00fck Ta\u015f\u0131ma: Y\u00fck kapasitelerini nas\u0131l hesaplayaca\u011f\u0131n\u0131z\u0131, y\u00fckleri nas\u0131l sabitleyece\u011finizi ve kald\u0131rma i\u015flemleri s\u0131ras\u0131nda kazalar\u0131 nas\u0131l \u00f6nleyece\u011finizi \u00f6\u011frenin.<\/li>\n<li>Operasyonel Prosed\u00fcrler: Sinyal verme ve ileti\u015fim de dahil olmak \u00fczere g\u00fcvenli vin\u00e7 \u00e7al\u0131\u015ft\u0131rma tekniklerini \u00f6\u011frenin.<\/li>\n<li>Tehlikenin Belirlenmesi: Vin\u00e7 operasyonlar\u0131 s\u0131ras\u0131nda potansiyel tehlikeleri tan\u0131y\u0131n ve riskleri azaltmaya y\u00f6nelik stratejileri \u00f6\u011frenin.<\/li>\n<\/ul>\n<p>E\u011fitimimiz teorik bilgileri pratik al\u0131\u015ft\u0131rmalar ve ger\u00e7ek d\u00fcnya senaryolar\u0131yla birle\u015ftirerek vin\u00e7le ilgili zorluklara iyi haz\u0131rl\u0131kl\u0131 olman\u0131z\u0131 sa\u011flar. Kurstan, y\u00fcksek vin\u00e7 g\u00fcvenli\u011fi fark\u0131ndal\u0131\u011f\u0131 ve vin\u00e7 operasyonlar\u0131nda g\u00fcvenli\u011fi art\u0131rma yeterlili\u011fiyle ayr\u0131lacaks\u0131n\u0131z.<\/p>\n<h2>Sertifika Al\u0131n ve Vin\u00e7 G\u00fcvenli\u011fini Art\u0131r\u0131n<\/h2>\n<p>Bunu \u00f6nleyecek becerilere sahip olmay\u0131 dilemek i\u00e7in vin\u00e7le ilgili bir olay\u0131n meydana gelmesini beklemeyin. Vin\u00e7 fark\u0131ndal\u0131\u011f\u0131 e\u011fitimimize bug\u00fcn kaydolun ve vin\u00e7 g\u00fcvenli\u011finin sertifikal\u0131 savunucusu olun. Ba\u015far\u0131l\u0131 bir \u015fekilde tamamlad\u0131\u011f\u0131n\u0131zda, kariyer beklentilerinizi art\u0131rabilecek ve en \u00f6nemlisi vin\u00e7 operasyonlar\u0131n\u0131n g\u00fcvenli\u011fine katk\u0131da bulunabilecek tan\u0131nm\u0131\u015f bir sertifika alacaks\u0131n\u0131z.<\/p>\n<p>Proaktif olun. Sertifikal\u0131 olun. Uygun e\u011fitim yoluyla vin\u00e7 g\u00fcvenli\u011fini ve yeterlili\u011fini geli\u015ftirmek i\u00e7in bize kat\u0131l\u0131n.<\/p>","protected":false},"excerpt":{"rendered":"<p>Vin\u00e7 fark\u0131ndal\u0131\u011f\u0131 e\u011fitimimiz, vin\u00e7 g\u00fcvenli\u011fini ve yeterlili\u011fini sa\u011flamak i\u00e7in sizi temel becerilerle donat\u0131r. Sertifika al\u0131n ve kariyerinizi geli\u015ftirin. Bug\u00fcn kaydolun!<\/p>","protected":false},"featured_media":27176,"template":"","meta":{"_et_pb_use_builder":"","_et_pb_old_content":"","_et_gb_content_width":""},"product_brand":[],"product_cat":[124,132,145,175],"product_tag":[],"class_list":{"0":"post-28486","1":"product","2":"type-product","3":"status-publish","4":"has-post-thumbnail","6":"product_cat-cranes","7":"product_cat-equipment","8":"product_cat-heavy-equipment","9":"product_cat-material-handling","11":"first","12":"instock","13":"virtual","14":"sold-individually","15":"purchasable","16":"product-type-simple"},"yoast_head":"<!-- This site is optimized with the Yoast SEO plugin v27.4 - https:\/\/yoast.com\/product\/yoast-seo-wordpress\/ -->\n<title>Crane Awareness Training - Global Safety &amp; Environmental<\/title>\n<meta name=\"description\" content=\"Get certified in crane awareness training. Ensure crane safety and competence. Enroll now!\" \/>\n<meta name=\"robots\" content=\"index, follow, max-snippet:-1, max-image-preview:large, max-video-preview:-1\" \/>\n<link rel=\"canonical\" href=\"https:\/\/globaltraining.com\/tr\/urun\/vinc-farkindaligi\/\" \/>\n<meta property=\"og:locale\" content=\"tr_TR\" \/>\n<meta property=\"og:type\" content=\"article\" \/>\n<meta property=\"og:title\" content=\"Crane Awareness Training - Global Safety &amp; Environmental\" \/>\n<meta property=\"og:description\" content=\"Get certified in crane awareness training. Ensure crane safety and competence. Enroll now!\" \/>\n<meta property=\"og:url\" content=\"https:\/\/globaltraining.com\/tr\/urun\/vinc-farkindaligi\/\" \/>\n<meta property=\"og:site_name\" content=\"Global Safety &amp; Environmental\" \/>\n<meta property=\"article:modified_time\" content=\"2024-12-06T18:43:07+00:00\" \/>\n<meta property=\"og:image\" content=\"https:\/\/globaltraining.com\/wp-content\/uploads\/2021\/08\/crane.jpg\" \/>\n\t<meta property=\"og:image:width\" content=\"1200\" \/>\n\t<meta property=\"og:image:height\" content=\"800\" \/>\n\t<meta property=\"og:image:type\" content=\"image\/jpeg\" \/>\n<meta name=\"twitter:card\" content=\"summary_large_image\" \/>\n<meta name=\"twitter:label1\" content=\"Est. reading time\" \/>\n\t<meta name=\"twitter:data1\" content=\"2 minutes\" \/>\n<script type=\"application\/ld+json\" class=\"yoast-schema-graph\">{\"@context\":\"https:\\\/\\\/schema.org\",\"@graph\":[{\"@type\":\"WebPage\",\"@id\":\"https:\\\/\\\/globaltraining.com\\\/product\\\/crane-awareness\\\/\",\"url\":\"https:\\\/\\\/globaltraining.com\\\/product\\\/crane-awareness\\\/\",\"name\":\"Crane Awareness Training - Global Safety &amp; Environmental\",\"isPartOf\":{\"@id\":\"https:\\\/\\\/globaltraining.com\\\/#website\"},\"primaryImageOfPage\":{\"@id\":\"https:\\\/\\\/globaltraining.com\\\/product\\\/crane-awareness\\\/#primaryimage\"},\"image\":{\"@id\":\"https:\\\/\\\/globaltraining.com\\\/product\\\/crane-awareness\\\/#primaryimage\"},\"thumbnailUrl\":\"https:\\\/\\\/globaltraining.com\\\/wp-content\\\/uploads\\\/2021\\\/08\\\/crane.jpg\",\"datePublished\":\"2023-09-08T16:40:03+00:00\",\"dateModified\":\"2024-12-06T18:43:07+00:00\",\"description\":\"Get certified in crane awareness training. Ensure crane safety and competence. Enroll now!\",\"breadcrumb\":{\"@id\":\"https:\\\/\\\/globaltraining.com\\\/product\\\/crane-awareness\\\/#breadcrumb\"},\"inLanguage\":\"tr-TR\",\"potentialAction\":[{\"@type\":\"ReadAction\",\"target\":[\"https:\\\/\\\/globaltraining.com\\\/product\\\/crane-awareness\\\/\"]}]},{\"@type\":\"ImageObject\",\"inLanguage\":\"tr-TR\",\"@id\":\"https:\\\/\\\/globaltraining.com\\\/product\\\/crane-awareness\\\/#primaryimage\",\"url\":\"https:\\\/\\\/globaltraining.com\\\/wp-content\\\/uploads\\\/2021\\\/08\\\/crane.jpg\",\"contentUrl\":\"https:\\\/\\\/globaltraining.com\\\/wp-content\\\/uploads\\\/2021\\\/08\\\/crane.jpg\",\"width\":1200,\"height\":800,\"caption\":\"crane awareness training\"},{\"@type\":\"BreadcrumbList\",\"@id\":\"https:\\\/\\\/globaltraining.com\\\/product\\\/crane-awareness\\\/#breadcrumb\",\"itemListElement\":[{\"@type\":\"ListItem\",\"position\":1,\"name\":\"Home\",\"item\":\"https:\\\/\\\/globaltraining.com\\\/\"},{\"@type\":\"ListItem\",\"position\":2,\"name\":\"Productos\",\"item\":\"https:\\\/\\\/globaltraining.com\\\/es\\\/shop\\\/\"},{\"@type\":\"ListItem\",\"position\":3,\"name\":\"Crane Awareness Training\"}]},{\"@type\":\"WebSite\",\"@id\":\"https:\\\/\\\/globaltraining.com\\\/#website\",\"url\":\"https:\\\/\\\/globaltraining.com\\\/\",\"name\":\"Global Safety & Environmental\",\"description\":\"Full Service Health, Safety, and Environmental Courses\",\"publisher\":{\"@id\":\"https:\\\/\\\/globaltraining.com\\\/#organization\"},\"potentialAction\":[{\"@type\":\"SearchAction\",\"target\":{\"@type\":\"EntryPoint\",\"urlTemplate\":\"https:\\\/\\\/globaltraining.com\\\/?s={search_term_string}\"},\"query-input\":{\"@type\":\"PropertyValueSpecification\",\"valueRequired\":true,\"valueName\":\"search_term_string\"}}],\"inLanguage\":\"tr-TR\"},{\"@type\":\"Organization\",\"@id\":\"https:\\\/\\\/globaltraining.com\\\/#organization\",\"name\":\"Global Safety & Environmental\",\"url\":\"https:\\\/\\\/globaltraining.com\\\/\",\"logo\":{\"@type\":\"ImageObject\",\"inLanguage\":\"tr-TR\",\"@id\":\"https:\\\/\\\/globaltraining.com\\\/#\\\/schema\\\/logo\\\/image\\\/\",\"url\":\"https:\\\/\\\/globaltraining.com\\\/wp-content\\\/uploads\\\/2021\\\/01\\\/GSE-Logo-for-email.png\",\"contentUrl\":\"https:\\\/\\\/globaltraining.com\\\/wp-content\\\/uploads\\\/2021\\\/01\\\/GSE-Logo-for-email.png\",\"width\":400,\"height\":101,\"caption\":\"Global Safety & Environmental\"},\"image\":{\"@id\":\"https:\\\/\\\/globaltraining.com\\\/#\\\/schema\\\/logo\\\/image\\\/\"}}]}<\/script>\n<!-- \/ Yoast SEO plugin. -->","yoast_head_json":{"title":"Vin\u00e7 Fark\u0131ndal\u0131k E\u011fitimi - K\u00fcresel G\u00fcvenlik ve \u00c7evre","description":"Vin\u00e7 fark\u0131ndal\u0131k e\u011fitiminde sertifika al\u0131n. Vin\u00e7 g\u00fcvenli\u011fini ve yeterlili\u011fini garantileyin. Hemen kaydolun!","robots":{"index":"index","follow":"follow","max-snippet":"max-snippet:-1","max-image-preview":"max-image-preview:large","max-video-preview":"max-video-preview:-1"},"canonical":"https:\/\/globaltraining.com\/tr\/urun\/vinc-farkindaligi\/","og_locale":"tr_TR","og_type":"article","og_title":"Crane Awareness Training - Global Safety &amp; Environmental","og_description":"Get certified in crane awareness training. Ensure crane safety and competence. Enroll now!","og_url":"https:\/\/globaltraining.com\/tr\/urun\/vinc-farkindaligi\/","og_site_name":"Global Safety &amp; Environmental","article_modified_time":"2024-12-06T18:43:07+00:00","og_image":[{"width":1200,"height":800,"url":"https:\/\/globaltraining.com\/wp-content\/uploads\/2021\/08\/crane.jpg","type":"image\/jpeg"}],"twitter_card":"summary_large_image","twitter_misc":{"Est. reading time":"2 minutes"},"schema":{"@context":"https:\/\/schema.org","@graph":[{"@type":"WebPage","@id":"https:\/\/globaltraining.com\/product\/crane-awareness\/","url":"https:\/\/globaltraining.com\/product\/crane-awareness\/","name":"Vin\u00e7 Fark\u0131ndal\u0131k E\u011fitimi - K\u00fcresel G\u00fcvenlik ve \u00c7evre","isPartOf":{"@id":"https:\/\/globaltraining.com\/#website"},"primaryImageOfPage":{"@id":"https:\/\/globaltraining.com\/product\/crane-awareness\/#primaryimage"},"image":{"@id":"https:\/\/globaltraining.com\/product\/crane-awareness\/#primaryimage"},"thumbnailUrl":"https:\/\/globaltraining.com\/wp-content\/uploads\/2021\/08\/crane.jpg","datePublished":"2023-09-08T16:40:03+00:00","dateModified":"2024-12-06T18:43:07+00:00","description":"Vin\u00e7 fark\u0131ndal\u0131k e\u011fitiminde sertifika al\u0131n. Vin\u00e7 g\u00fcvenli\u011fini ve yeterlili\u011fini garantileyin. Hemen kaydolun!","breadcrumb":{"@id":"https:\/\/globaltraining.com\/product\/crane-awareness\/#breadcrumb"},"inLanguage":"tr-TR","potentialAction":[{"@type":"ReadAction","target":["https:\/\/globaltraining.com\/product\/crane-awareness\/"]}]},{"@type":"ImageObject","inLanguage":"tr-TR","@id":"https:\/\/globaltraining.com\/product\/crane-awareness\/#primaryimage","url":"https:\/\/globaltraining.com\/wp-content\/uploads\/2021\/08\/crane.jpg","contentUrl":"https:\/\/globaltraining.com\/wp-content\/uploads\/2021\/08\/crane.jpg","width":1200,"height":800,"caption":"crane awareness training"},{"@type":"BreadcrumbList","@id":"https:\/\/globaltraining.com\/product\/crane-awareness\/#breadcrumb","itemListElement":[{"@type":"ListItem","position":1,"name":"Home","item":"https:\/\/globaltraining.com\/"},{"@type":"ListItem","position":2,"name":"Productos","item":"https:\/\/globaltraining.com\/es\/shop\/"},{"@type":"ListItem","position":3,"name":"Crane Awareness Training"}]},{"@type":"WebSite","@id":"https:\/\/globaltraining.com\/#website","url":"https:\/\/globaltraining.com\/","name":"K\u00fcresel G\u00fcvenlik ve \u00c7evre","description":"Tam Hizmet Sa\u011fl\u0131k, G\u00fcvenlik ve \u00c7evre Kurslar\u0131","publisher":{"@id":"https:\/\/globaltraining.com\/#organization"},"potentialAction":[{"@type":"SearchAction","target":{"@type":"EntryPoint","urlTemplate":"https:\/\/globaltraining.com\/?s={search_term_string}"},"query-input":{"@type":"PropertyValueSpecification","valueRequired":true,"valueName":"search_term_string"}}],"inLanguage":"tr-TR"},{"@type":"Organization","@id":"https:\/\/globaltraining.com\/#organization","name":"K\u00fcresel G\u00fcvenlik ve \u00c7evre","url":"https:\/\/globaltraining.com\/","logo":{"@type":"ImageObject","inLanguage":"tr-TR","@id":"https:\/\/globaltraining.com\/#\/schema\/logo\/image\/","url":"https:\/\/globaltraining.com\/wp-content\/uploads\/2021\/01\/GSE-Logo-for-email.png","contentUrl":"https:\/\/globaltraining.com\/wp-content\/uploads\/2021\/01\/GSE-Logo-for-email.png","width":400,"height":101,"caption":"Global Safety & Environmental"},"image":{"@id":"https:\/\/globaltraining.com\/#\/schema\/logo\/image\/"}}]}},"_links":{"self":[{"href":"https:\/\/globaltraining.com\/tr\/wp-json\/wp\/v2\/product\/28486","targetHints":{"allow":["GET"]}}],"collection":[{"href":"https:\/\/globaltraining.com\/tr\/wp-json\/wp\/v2\/product"}],"about":[{"href":"https:\/\/globaltraining.com\/tr\/wp-json\/wp\/v2\/types\/product"}],"wp:featuredmedia":[{"embeddable":true,"href":"https:\/\/globaltraining.com\/tr\/wp-json\/wp\/v2\/media\/27176"}],"wp:attachment":[{"href":"https:\/\/globaltraining.com\/tr\/wp-json\/wp\/v2\/media?parent=28486"}],"wp:term":[{"taxonomy":"product_brand","embeddable":true,"href":"https:\/\/globaltraining.com\/tr\/wp-json\/wp\/v2\/product_brand?post=28486"},{"taxonomy":"product_cat","embeddable":true,"href":"https:\/\/globaltraining.com\/tr\/wp-json\/wp\/v2\/product_cat?post=28486"},{"taxonomy":"product_tag","embeddable":true,"href":"https:\/\/globaltraining.com\/tr\/wp-json\/wp\/v2\/product_tag?post=28486"}],"curies":[{"name":"wp","href":"https:\/\/api.w.org\/{rel}","templated":true}]}}