{"id":28485,"date":"2023-09-08T11:34:11","date_gmt":"2023-09-08T16:34:11","guid":{"rendered":"https:\/\/globaltraining.com\/?post_type=product&#038;p=28485"},"modified":"2024-12-06T12:49:22","modified_gmt":"2024-12-06T18:49:22","slug":"cpr-sertifikasi","status":"publish","type":"product","link":"https:\/\/globaltraining.com\/tr\/product\/cpr-certification\/","title":{"rendered":"CPR Sertifikas\u0131"},"content":{"rendered":"<h2>CPR Sertifikas\u0131: Uygun E\u011fitim Yoluyla Hayat Kurtarmak<\/h2>\n<p>Kritik durumlarda cankurtaran olmak i\u00e7in gerekli bilgi ve becerileri kazanaca\u011f\u0131n\u0131z CPR sertifikasyon program\u0131m\u0131za ho\u015f geldiniz. CPR (Kardiyopulmoner Res\u00fcsitasyon), birinin nefes almas\u0131 veya kalp at\u0131\u015f\u0131 durdu\u011funda acil durumlarda kullan\u0131lan temel bir hayat kurtar\u0131c\u0131 tekniktir. Kursumuz size CPR&#039;yi etkili ve g\u00fcvenli bir \u015fekilde ger\u00e7ekle\u015ftirmek i\u00e7in gereken temel becerileri \u00f6\u011fretmek \u00fczere tasarlanm\u0131\u015ft\u0131r.<\/p>\n<p>CPR sertifikas\u0131 yaln\u0131zca de\u011ferli bir beceri de\u011fildir; ya\u015fam ve \u00f6l\u00fcm aras\u0131ndaki fark\u0131 yaratabilir. \u0130ster bir sa\u011fl\u0131k uzman\u0131, ister \u00f6\u011fretmen, ister ebeveyn, ister acil durumlara haz\u0131rl\u0131kl\u0131 olmak isteyen biri olun, program\u0131m\u0131z sizi h\u0131zl\u0131 hareket etmek ve hayat kurtarmak i\u00e7in gereken becerilerle donatmak \u00fczere tasarland\u0131.<\/p>\n<h2>\u0130lk Yard\u0131m: Herkes \u0130\u00e7in \u00d6nemli Bir Beceri<\/h2>\n<p>\u0130lk yard\u0131m bilgisi CPR sertifikasyonu ile el ele gider. Kazalar veya t\u0131bbi acil durumlar meydana geldi\u011finde, acil bak\u0131m\u0131n nas\u0131l sa\u011flanaca\u011f\u0131n\u0131 bilmek, yaralanmalar\u0131 en aza indirebilir ve potansiyel olarak hayat kurtarabilir. Kursumuz, kesik ve yan\u0131klar\u0131n tedavisinden bo\u011fulma olaylar\u0131na m\u00fcdahale etmeye ve daha fazlas\u0131na kadar \u00e7ok \u00e7e\u015fitli ilk yard\u0131m tekniklerini kapsar.<\/p>\n<p>CPR sertifikas\u0131n\u0131 ilk yard\u0131m e\u011fitimiyle birle\u015ftirerek geni\u015f bir yelpazedeki acil durumlarla ba\u015fa \u00e7\u0131kmaya haz\u0131rl\u0131kl\u0131 olacaks\u0131n\u0131z. Bu kapsaml\u0131 beceri seti hem profesyonel hem de ki\u015fisel ya\u015famda \u00e7ok de\u011ferlidir ve size en \u00f6nemli anlarda etkili bir \u015fekilde yan\u0131t verme g\u00fcvenini sa\u011flar.<\/p>\n<h2>Temel Ya\u015fam Deste\u011fi Sertifikas\u0131: CPR&#039;nin \u00d6tesine Ge\u00e7mek<\/h2>\n<p>Hayat kurtarma becerilerinizi daha da geli\u015ftirmek istiyorsan\u0131z program\u0131m\u0131z ayn\u0131 zamanda temel ya\u015fam deste\u011fi (BLS) sertifikas\u0131 da sunmaktad\u0131r. BLS, yaln\u0131zca CPR&#039;yi de\u011fil ayn\u0131 zamanda otomatik harici defibrilat\u00f6rlerin (AED&#039;ler) kullan\u0131lmas\u0131 ve bebek ve \u00e7ocuklara bak\u0131m sa\u011flanmas\u0131 gibi ek teknikleri de kapsar. BLS sertifikas\u0131 genellikle sa\u011fl\u0131k hizmeti sa\u011flay\u0131c\u0131lar\u0131 ve ilk m\u00fcdahale ekipleri i\u00e7in gereklidir.<\/p>\n<p>BLS sertifikasyon kursumuz, \u00e7ok \u00e7e\u015fitli acil durumlara m\u00fcdahale edebilecek donan\u0131ma sahip olman\u0131z\u0131 sa\u011flar ve acil t\u0131bbi m\u00fcdahalenin \u00e7ok \u00f6nemli oldu\u011fu her durumda sizi paha bi\u00e7ilmez bir varl\u0131k haline getirir.<\/p>\n<h2>Sertifika Al\u0131n ve Haz\u0131r Olun<\/h2>\n<p>Yard\u0131m edecek becerilere sahip olmay\u0131 dilemek i\u00e7in acil bir durumun ortaya \u00e7\u0131kmas\u0131n\u0131 beklemeyin. Bug\u00fcn CPR sertifikasyonumuza, ilk yard\u0131ma veya temel ya\u015fam deste\u011fi kursumuza kaydolun ve sertifikal\u0131 bir cankurtaran olun. Ba\u015far\u0131l\u0131 bir \u015fekilde tamamlad\u0131\u011f\u0131n\u0131zda, yeni kariyer f\u0131rsatlar\u0131n\u0131n kap\u0131s\u0131n\u0131 aralayabilecek ve en \u00f6nemlisi, ba\u015fkalar\u0131n\u0131n hayatlar\u0131nda bir fark yaratman\u0131za yard\u0131mc\u0131 olacak tan\u0131nm\u0131\u015f bir sertifika alacaks\u0131n\u0131z.<\/p>\n<p>Haz\u0131r ol. Sertifikal\u0131 olun. Do\u011fru e\u011fitimle hayat kurtarma misyonumuzda bize kat\u0131l\u0131n.<\/p>","protected":false},"excerpt":{"rendered":"<p>CPR sertifikam\u0131z, ilk yard\u0131m ve temel ya\u015fam deste\u011fi kurslar\u0131m\u0131z sizi temel hayat kurtarma becerileriyle donat\u0131r. Sertifika al\u0131n ve acil durumlarda fark yarat\u0131n. \u015eimdi kay\u0131t!<\/p>","protected":false},"featured_media":27189,"template":"","meta":{"_et_pb_use_builder":"","_et_pb_old_content":"","_et_gb_content_width":""},"product_brand":[],"product_cat":[131,156,157],"product_tag":[],"class_list":{"0":"post-28485","1":"product","2":"type-product","3":"status-publish","4":"has-post-thumbnail","6":"product_cat-emergency-preparedness","7":"product_cat-occupational-health-and-safety","8":"product_cat-occupational-safety-admin","10":"first","11":"instock","12":"virtual","13":"sold-individually","14":"purchasable","15":"product-type-simple"},"yoast_head":"<!-- This site is optimized with the Yoast SEO plugin v27.4 - https:\/\/yoast.com\/product\/yoast-seo-wordpress\/ -->\n<title>CPR Certification - Global Safety &amp; Environmental<\/title>\n<meta name=\"description\" content=\"Get your CPR certification and learn life-saving skills with our comprehensive courses. Be prepared for emergencies. Enroll today!\" \/>\n<meta name=\"robots\" content=\"index, follow, max-snippet:-1, max-image-preview:large, max-video-preview:-1\" \/>\n<link rel=\"canonical\" href=\"https:\/\/globaltraining.com\/tr\/urun\/cpr-sertifikasi\/\" \/>\n<meta property=\"og:locale\" content=\"tr_TR\" \/>\n<meta property=\"og:type\" content=\"article\" \/>\n<meta property=\"og:title\" content=\"CPR Certification - Global Safety &amp; Environmental\" \/>\n<meta property=\"og:description\" content=\"Get your CPR certification and learn life-saving skills with our comprehensive courses. Be prepared for emergencies. Enroll today!\" \/>\n<meta property=\"og:url\" content=\"https:\/\/globaltraining.com\/tr\/urun\/cpr-sertifikasi\/\" \/>\n<meta property=\"og:site_name\" content=\"Global Safety &amp; Environmental\" \/>\n<meta property=\"article:modified_time\" content=\"2024-12-06T18:49:22+00:00\" \/>\n<meta property=\"og:image\" content=\"https:\/\/globaltraining.com\/wp-content\/uploads\/2020\/09\/First-Aid-Course-Picture.png\" \/>\n\t<meta property=\"og:image:width\" content=\"1200\" \/>\n\t<meta property=\"og:image:height\" content=\"800\" \/>\n\t<meta property=\"og:image:type\" content=\"image\/png\" \/>\n<meta name=\"twitter:card\" content=\"summary_large_image\" \/>\n<meta name=\"twitter:label1\" content=\"Est. reading time\" \/>\n\t<meta name=\"twitter:data1\" content=\"2 minutes\" \/>\n<script type=\"application\/ld+json\" class=\"yoast-schema-graph\">{\"@context\":\"https:\\\/\\\/schema.org\",\"@graph\":[{\"@type\":\"WebPage\",\"@id\":\"https:\\\/\\\/globaltraining.com\\\/product\\\/cpr-certification\\\/\",\"url\":\"https:\\\/\\\/globaltraining.com\\\/product\\\/cpr-certification\\\/\",\"name\":\"CPR Certification - Global Safety &amp; Environmental\",\"isPartOf\":{\"@id\":\"https:\\\/\\\/globaltraining.com\\\/#website\"},\"primaryImageOfPage\":{\"@id\":\"https:\\\/\\\/globaltraining.com\\\/product\\\/cpr-certification\\\/#primaryimage\"},\"image\":{\"@id\":\"https:\\\/\\\/globaltraining.com\\\/product\\\/cpr-certification\\\/#primaryimage\"},\"thumbnailUrl\":\"https:\\\/\\\/globaltraining.com\\\/wp-content\\\/uploads\\\/2020\\\/09\\\/First-Aid-Course-Picture.png\",\"datePublished\":\"2023-09-08T16:34:11+00:00\",\"dateModified\":\"2024-12-06T18:49:22+00:00\",\"description\":\"Get your CPR certification and learn life-saving skills with our comprehensive courses. Be prepared for emergencies. Enroll today!\",\"breadcrumb\":{\"@id\":\"https:\\\/\\\/globaltraining.com\\\/product\\\/cpr-certification\\\/#breadcrumb\"},\"inLanguage\":\"tr-TR\",\"potentialAction\":[{\"@type\":\"ReadAction\",\"target\":[\"https:\\\/\\\/globaltraining.com\\\/product\\\/cpr-certification\\\/\"]}]},{\"@type\":\"ImageObject\",\"inLanguage\":\"tr-TR\",\"@id\":\"https:\\\/\\\/globaltraining.com\\\/product\\\/cpr-certification\\\/#primaryimage\",\"url\":\"https:\\\/\\\/globaltraining.com\\\/wp-content\\\/uploads\\\/2020\\\/09\\\/First-Aid-Course-Picture.png\",\"contentUrl\":\"https:\\\/\\\/globaltraining.com\\\/wp-content\\\/uploads\\\/2020\\\/09\\\/First-Aid-Course-Picture.png\",\"width\":1200,\"height\":800,\"caption\":\"CPR Certification\"},{\"@type\":\"BreadcrumbList\",\"@id\":\"https:\\\/\\\/globaltraining.com\\\/product\\\/cpr-certification\\\/#breadcrumb\",\"itemListElement\":[{\"@type\":\"ListItem\",\"position\":1,\"name\":\"Home\",\"item\":\"https:\\\/\\\/globaltraining.com\\\/\"},{\"@type\":\"ListItem\",\"position\":2,\"name\":\"Productos\",\"item\":\"https:\\\/\\\/globaltraining.com\\\/es\\\/shop\\\/\"},{\"@type\":\"ListItem\",\"position\":3,\"name\":\"CPR Certification\"}]},{\"@type\":\"WebSite\",\"@id\":\"https:\\\/\\\/globaltraining.com\\\/#website\",\"url\":\"https:\\\/\\\/globaltraining.com\\\/\",\"name\":\"Global Safety & Environmental\",\"description\":\"Full Service Health, Safety, and Environmental Courses\",\"publisher\":{\"@id\":\"https:\\\/\\\/globaltraining.com\\\/#organization\"},\"potentialAction\":[{\"@type\":\"SearchAction\",\"target\":{\"@type\":\"EntryPoint\",\"urlTemplate\":\"https:\\\/\\\/globaltraining.com\\\/?s={search_term_string}\"},\"query-input\":{\"@type\":\"PropertyValueSpecification\",\"valueRequired\":true,\"valueName\":\"search_term_string\"}}],\"inLanguage\":\"tr-TR\"},{\"@type\":\"Organization\",\"@id\":\"https:\\\/\\\/globaltraining.com\\\/#organization\",\"name\":\"Global Safety & Environmental\",\"url\":\"https:\\\/\\\/globaltraining.com\\\/\",\"logo\":{\"@type\":\"ImageObject\",\"inLanguage\":\"tr-TR\",\"@id\":\"https:\\\/\\\/globaltraining.com\\\/#\\\/schema\\\/logo\\\/image\\\/\",\"url\":\"https:\\\/\\\/globaltraining.com\\\/wp-content\\\/uploads\\\/2021\\\/01\\\/GSE-Logo-for-email.png\",\"contentUrl\":\"https:\\\/\\\/globaltraining.com\\\/wp-content\\\/uploads\\\/2021\\\/01\\\/GSE-Logo-for-email.png\",\"width\":400,\"height\":101,\"caption\":\"Global Safety & Environmental\"},\"image\":{\"@id\":\"https:\\\/\\\/globaltraining.com\\\/#\\\/schema\\\/logo\\\/image\\\/\"}}]}<\/script>\n<!-- \/ Yoast SEO plugin. -->","yoast_head_json":{"title":"CPR Sertifikasyonu - K\u00fcresel G\u00fcvenlik ve \u00c7evre","description":"Kapsaml\u0131 kurslar\u0131m\u0131zla CPR sertifikan\u0131z\u0131 al\u0131n ve hayat kurtarma becerileri \u00f6\u011frenin. Acil durumlara haz\u0131rl\u0131kl\u0131 olun. Bug\u00fcn kaydolun!","robots":{"index":"index","follow":"follow","max-snippet":"max-snippet:-1","max-image-preview":"max-image-preview:large","max-video-preview":"max-video-preview:-1"},"canonical":"https:\/\/globaltraining.com\/tr\/urun\/cpr-sertifikasi\/","og_locale":"tr_TR","og_type":"article","og_title":"CPR Certification - Global Safety &amp; Environmental","og_description":"Get your CPR certification and learn life-saving skills with our comprehensive courses. Be prepared for emergencies. Enroll today!","og_url":"https:\/\/globaltraining.com\/tr\/urun\/cpr-sertifikasi\/","og_site_name":"Global Safety &amp; Environmental","article_modified_time":"2024-12-06T18:49:22+00:00","og_image":[{"width":1200,"height":800,"url":"https:\/\/globaltraining.com\/wp-content\/uploads\/2020\/09\/First-Aid-Course-Picture.png","type":"image\/png"}],"twitter_card":"summary_large_image","twitter_misc":{"Est. reading time":"2 minutes"},"schema":{"@context":"https:\/\/schema.org","@graph":[{"@type":"WebPage","@id":"https:\/\/globaltraining.com\/product\/cpr-certification\/","url":"https:\/\/globaltraining.com\/product\/cpr-certification\/","name":"CPR Sertifikasyonu - K\u00fcresel G\u00fcvenlik ve \u00c7evre","isPartOf":{"@id":"https:\/\/globaltraining.com\/#website"},"primaryImageOfPage":{"@id":"https:\/\/globaltraining.com\/product\/cpr-certification\/#primaryimage"},"image":{"@id":"https:\/\/globaltraining.com\/product\/cpr-certification\/#primaryimage"},"thumbnailUrl":"https:\/\/globaltraining.com\/wp-content\/uploads\/2020\/09\/First-Aid-Course-Picture.png","datePublished":"2023-09-08T16:34:11+00:00","dateModified":"2024-12-06T18:49:22+00:00","description":"Kapsaml\u0131 kurslar\u0131m\u0131zla CPR sertifikan\u0131z\u0131 al\u0131n ve hayat kurtarma becerileri \u00f6\u011frenin. Acil durumlara haz\u0131rl\u0131kl\u0131 olun. Bug\u00fcn kaydolun!","breadcrumb":{"@id":"https:\/\/globaltraining.com\/product\/cpr-certification\/#breadcrumb"},"inLanguage":"tr-TR","potentialAction":[{"@type":"ReadAction","target":["https:\/\/globaltraining.com\/product\/cpr-certification\/"]}]},{"@type":"ImageObject","inLanguage":"tr-TR","@id":"https:\/\/globaltraining.com\/product\/cpr-certification\/#primaryimage","url":"https:\/\/globaltraining.com\/wp-content\/uploads\/2020\/09\/First-Aid-Course-Picture.png","contentUrl":"https:\/\/globaltraining.com\/wp-content\/uploads\/2020\/09\/First-Aid-Course-Picture.png","width":1200,"height":800,"caption":"CPR Certification"},{"@type":"BreadcrumbList","@id":"https:\/\/globaltraining.com\/product\/cpr-certification\/#breadcrumb","itemListElement":[{"@type":"ListItem","position":1,"name":"Home","item":"https:\/\/globaltraining.com\/"},{"@type":"ListItem","position":2,"name":"Productos","item":"https:\/\/globaltraining.com\/es\/shop\/"},{"@type":"ListItem","position":3,"name":"CPR Certification"}]},{"@type":"WebSite","@id":"https:\/\/globaltraining.com\/#website","url":"https:\/\/globaltraining.com\/","name":"K\u00fcresel G\u00fcvenlik ve \u00c7evre","description":"Tam Hizmet Sa\u011fl\u0131k, G\u00fcvenlik ve \u00c7evre Kurslar\u0131","publisher":{"@id":"https:\/\/globaltraining.com\/#organization"},"potentialAction":[{"@type":"SearchAction","target":{"@type":"EntryPoint","urlTemplate":"https:\/\/globaltraining.com\/?s={search_term_string}"},"query-input":{"@type":"PropertyValueSpecification","valueRequired":true,"valueName":"search_term_string"}}],"inLanguage":"tr-TR"},{"@type":"Organization","@id":"https:\/\/globaltraining.com\/#organization","name":"K\u00fcresel G\u00fcvenlik ve \u00c7evre","url":"https:\/\/globaltraining.com\/","logo":{"@type":"ImageObject","inLanguage":"tr-TR","@id":"https:\/\/globaltraining.com\/#\/schema\/logo\/image\/","url":"https:\/\/globaltraining.com\/wp-content\/uploads\/2021\/01\/GSE-Logo-for-email.png","contentUrl":"https:\/\/globaltraining.com\/wp-content\/uploads\/2021\/01\/GSE-Logo-for-email.png","width":400,"height":101,"caption":"Global Safety & Environmental"},"image":{"@id":"https:\/\/globaltraining.com\/#\/schema\/logo\/image\/"}}]}},"_links":{"self":[{"href":"https:\/\/globaltraining.com\/tr\/wp-json\/wp\/v2\/product\/28485","targetHints":{"allow":["GET"]}}],"collection":[{"href":"https:\/\/globaltraining.com\/tr\/wp-json\/wp\/v2\/product"}],"about":[{"href":"https:\/\/globaltraining.com\/tr\/wp-json\/wp\/v2\/types\/product"}],"wp:featuredmedia":[{"embeddable":true,"href":"https:\/\/globaltraining.com\/tr\/wp-json\/wp\/v2\/media\/27189"}],"wp:attachment":[{"href":"https:\/\/globaltraining.com\/tr\/wp-json\/wp\/v2\/media?parent=28485"}],"wp:term":[{"taxonomy":"product_brand","embeddable":true,"href":"https:\/\/globaltraining.com\/tr\/wp-json\/wp\/v2\/product_brand?post=28485"},{"taxonomy":"product_cat","embeddable":true,"href":"https:\/\/globaltraining.com\/tr\/wp-json\/wp\/v2\/product_cat?post=28485"},{"taxonomy":"product_tag","embeddable":true,"href":"https:\/\/globaltraining.com\/tr\/wp-json\/wp\/v2\/product_tag?post=28485"}],"curies":[{"name":"wp","href":"https:\/\/api.w.org\/{rel}","templated":true}]}}