{"id":28484,"date":"2023-09-08T11:30:46","date_gmt":"2023-09-08T16:30:46","guid":{"rendered":"https:\/\/globaltraining.com\/?post_type=product&#038;p=28484"},"modified":"2024-12-06T12:50:35","modified_gmt":"2024-12-06T18:50:35","slug":"asindiricilar","status":"publish","type":"product","link":"https:\/\/globaltraining.com\/tr\/product\/corrosives\/","title":{"rendered":"A\u015f\u0131nd\u0131r\u0131c\u0131lar"},"content":{"rendered":"<h2>A\u015f\u0131nd\u0131r\u0131c\u0131lar\u0131 Anlamak<\/h2>\n<p>Hasar ve zarar verme potansiyeline sahip maddelerin d\u00fcnyas\u0131n\u0131 inceledi\u011fimiz, a\u015f\u0131nd\u0131r\u0131c\u0131larla ilgili kapsaml\u0131 kursumuza ho\u015f geldiniz. Bu programda, a\u015f\u0131nd\u0131r\u0131c\u0131 metaller ve kimyasallar da dahil olmak \u00fczere a\u015f\u0131nd\u0131r\u0131c\u0131 malzemelerin \u00f6zelliklerini ve i\u015flenmesini derinlemesine inceleyece\u011fiz. \u0130ster laboratuvarda, ister end\u00fcstriyel ortamda, ister bu maddelerle u\u011fra\u015fan herhangi bir ortamda \u00e7al\u0131\u015f\u0131yor olun, kursumuz sizi a\u015f\u0131nd\u0131r\u0131c\u0131larla g\u00fcvenli ve etkili bir \u015fekilde ba\u015f etmek i\u00e7in gereken bilgi ve becerilerle donatmak \u00fczere tasarlanm\u0131\u015ft\u0131r.<\/p>\n<p>A\u015f\u0131nd\u0131r\u0131c\u0131lar, canl\u0131 dokular da dahil olmak \u00fczere temas ettikleri malzemeleri kimyasal olarak bozabilen veya yok edebilen maddelerdir. Hem kendinizi hem de \u00e7evreyi korumak i\u00e7in bu malzemeler hakk\u0131nda sa\u011flam bir anlay\u0131\u015fa sahip olmak \u00e7ok \u00f6nemlidir. A\u015f\u0131nd\u0131r\u0131c\u0131 metallere ve kimyasallara ve bunlar\u0131n neden dikkatinizi gerektirdi\u011fine daha yak\u0131ndan bakal\u0131m.<\/p>\n<h2>A\u015f\u0131nd\u0131r\u0131c\u0131 Metaller: Y\u0131k\u0131c\u0131 Potansiyeli Anlamak<\/h2>\n<p>A\u015f\u0131nd\u0131r\u0131c\u0131 metaller, belirli ko\u015fullar alt\u0131nda di\u011fer maddelerle reaksiyona girebilen ve zamanla kademeli olarak bozulabilen metallerdir. Bu reaksiyonlar, in\u015faattan imalata kadar \u00e7e\u015fitli uygulamalarda yap\u0131sal hasara ve b\u00fct\u00fcnl\u00fc\u011f\u00fcn bozulmas\u0131na yol a\u00e7abilir. A\u015f\u0131nd\u0131r\u0131c\u0131 metallerin baz\u0131 yayg\u0131n \u00f6rnekleri aras\u0131nda demir, \u00e7elik ve al\u00fcminyum bulunur.<\/p>\n<p>Kursumuz nem, oksijen ve s\u0131cakl\u0131k gibi metal korozyonuna katk\u0131da bulunan fakt\u00f6rleri kapsar. Ayr\u0131ca, a\u015f\u0131nd\u0131r\u0131c\u0131 etkileri azaltmak ve metal yap\u0131lar\u0131n ve ekipmanlar\u0131n \u00f6mr\u00fcn\u00fc uzatmak i\u00e7in koruyucu kaplamalar\u0131n kullan\u0131m\u0131 da dahil olmak \u00fczere \u00f6nleyici tedbirleri de \u00f6\u011freneceksiniz.<\/p>\n<h2>A\u015f\u0131nd\u0131r\u0131c\u0131 Kimyasallar: Dikkatli Kullan\u0131m<\/h2>\n<p>A\u015f\u0131nd\u0131r\u0131c\u0131 kimyasallar, canl\u0131 doku veya di\u011fer malzemelerle temas etti\u011finde ciddi hasara neden olma potansiyeline sahip maddelerdir. Bu kimyasallar s\u0131kl\u0131kla laboratuvarlarda, end\u00fcstrilerde ve \u00e7e\u015fitli uygulamalarda kullan\u0131ld\u0131\u011f\u0131ndan, \u00f6zelliklerinin ve g\u00fcvenli kullan\u0131m prosed\u00fcrlerinin anla\u015f\u0131lmas\u0131 \u00f6nemlidir.<\/p>\n<p>Kursumuzda a\u015f\u0131nd\u0131r\u0131c\u0131 kimyasallar\u0131n tan\u0131mlanmas\u0131, bunlar\u0131n saklanmas\u0131 gereklilikleri ve uygun etiketlemenin \u00f6nemi hakk\u0131nda bilgi edineceksiniz. Ayr\u0131ca, a\u015f\u0131nd\u0131r\u0131c\u0131 maddeler i\u00e7eren kazalar durumunda acil m\u00fcdahale protokollerini de inceleyerek h\u0131zl\u0131 ve etkili bir \u015fekilde tepki verebilme yetene\u011finizi sa\u011flayaca\u011f\u0131z.<\/p>\n<h2>G\u00fcvenlik ve Uyumluluk i\u00e7in A\u015f\u0131nd\u0131r\u0131c\u0131larda Uzmanla\u015fmak<\/h2>\n<p>Amac\u0131m\u0131z, sizi a\u015f\u0131nd\u0131r\u0131c\u0131 malzemeleri g\u00fcvenli bir \u015fekilde kullanmak, \u00e7evreyi korumak ve d\u00fczenleyici standartlara uymak i\u00e7in gereken bilgi ve becerilerle g\u00fc\u00e7lendirmektir. \u0130ster bir bilim insan\u0131, ister m\u00fchendis olun, ister a\u015f\u0131nd\u0131r\u0131c\u0131 maddelerle u\u011fra\u015fan herhangi biri olun, kursumuz size alan\u0131n\u0131zda ba\u015far\u0131l\u0131 olman\u0131z i\u00e7in uzmanl\u0131k ve sertifika sa\u011flayacakt\u0131r.<\/p>\n<p>A\u015f\u0131nd\u0131r\u0131c\u0131 bir olay meydana gelene kadar beklemeyin. Bug\u00fcn kursumuza kaydolun ve a\u015f\u0131nd\u0131r\u0131c\u0131 metaller ve kimyasallar konusunda uzmanla\u015fmaya do\u011fru ilk ad\u0131m\u0131 at\u0131n. A\u015f\u0131nd\u0131r\u0131c\u0131 malzemelerin ta\u015f\u0131nmas\u0131nda g\u00fcvenli\u011fi ve uyumlulu\u011fu sa\u011flamak i\u00e7in bize kat\u0131l\u0131n.<\/p>","protected":false},"excerpt":{"rendered":"<p>Kapsaml\u0131 kursumuz, a\u015f\u0131nd\u0131r\u0131c\u0131 metalleri ve kimyasallar\u0131 kapsamakta ve g\u00fcvenli kullan\u0131m i\u00e7in gerekli bilgileri sa\u011flamaktad\u0131r. Sertifika al\u0131n ve alan\u0131n\u0131zda uzmanla\u015f\u0131n. Bug\u00fcn kaydolun!<\/p>","protected":false},"featured_media":27129,"template":"","meta":{"_et_pb_use_builder":"","_et_pb_old_content":"","_et_gb_content_width":""},"product_brand":[],"product_cat":[132,141,156],"product_tag":[],"class_list":{"0":"post-28484","1":"product","2":"type-product","3":"status-publish","4":"has-post-thumbnail","6":"product_cat-equipment","7":"product_cat-hazardous-materials","8":"product_cat-occupational-health-and-safety","10":"first","11":"instock","12":"virtual","13":"sold-individually","14":"purchasable","15":"product-type-simple"},"yoast_head":"<!-- This site is optimized with the Yoast SEO plugin v27.4 - https:\/\/yoast.com\/product\/yoast-seo-wordpress\/ -->\n<title>Corrosives - Global Safety &amp; Environmental<\/title>\n<meta name=\"description\" content=\"Master the handling of corrosives, including metals and chemicals. Ensure safety and compliance. Get certified. Enroll now!\" \/>\n<meta name=\"robots\" content=\"index, follow, max-snippet:-1, max-image-preview:large, max-video-preview:-1\" \/>\n<link rel=\"canonical\" href=\"https:\/\/globaltraining.com\/tr\/urun\/asindiricilar\/\" \/>\n<meta property=\"og:locale\" content=\"tr_TR\" \/>\n<meta property=\"og:type\" content=\"article\" \/>\n<meta property=\"og:title\" content=\"Corrosives - Global Safety &amp; Environmental\" \/>\n<meta property=\"og:description\" content=\"Master the handling of corrosives, including metals and chemicals. Ensure safety and compliance. Get certified. Enroll now!\" \/>\n<meta property=\"og:url\" content=\"https:\/\/globaltraining.com\/tr\/urun\/asindiricilar\/\" \/>\n<meta property=\"og:site_name\" content=\"Global Safety &amp; Environmental\" \/>\n<meta property=\"article:modified_time\" content=\"2024-12-06T18:50:35+00:00\" \/>\n<meta property=\"og:image\" content=\"https:\/\/globaltraining.com\/wp-content\/uploads\/2021\/08\/iStock-1225381728.jpg\" \/>\n\t<meta property=\"og:image:width\" content=\"1200\" \/>\n\t<meta property=\"og:image:height\" content=\"800\" \/>\n\t<meta property=\"og:image:type\" content=\"image\/jpeg\" \/>\n<meta name=\"twitter:card\" content=\"summary_large_image\" \/>\n<meta name=\"twitter:label1\" content=\"Est. reading time\" \/>\n\t<meta name=\"twitter:data1\" content=\"2 minutes\" \/>\n<script type=\"application\/ld+json\" class=\"yoast-schema-graph\">{\"@context\":\"https:\\\/\\\/schema.org\",\"@graph\":[{\"@type\":\"WebPage\",\"@id\":\"https:\\\/\\\/globaltraining.com\\\/product\\\/corrosives\\\/\",\"url\":\"https:\\\/\\\/globaltraining.com\\\/product\\\/corrosives\\\/\",\"name\":\"Corrosives - Global Safety &amp; Environmental\",\"isPartOf\":{\"@id\":\"https:\\\/\\\/globaltraining.com\\\/#website\"},\"primaryImageOfPage\":{\"@id\":\"https:\\\/\\\/globaltraining.com\\\/product\\\/corrosives\\\/#primaryimage\"},\"image\":{\"@id\":\"https:\\\/\\\/globaltraining.com\\\/product\\\/corrosives\\\/#primaryimage\"},\"thumbnailUrl\":\"https:\\\/\\\/globaltraining.com\\\/wp-content\\\/uploads\\\/2021\\\/08\\\/iStock-1225381728.jpg\",\"datePublished\":\"2023-09-08T16:30:46+00:00\",\"dateModified\":\"2024-12-06T18:50:35+00:00\",\"description\":\"Master the handling of corrosives, including metals and chemicals. Ensure safety and compliance. Get certified. Enroll now!\",\"breadcrumb\":{\"@id\":\"https:\\\/\\\/globaltraining.com\\\/product\\\/corrosives\\\/#breadcrumb\"},\"inLanguage\":\"tr-TR\",\"potentialAction\":[{\"@type\":\"ReadAction\",\"target\":[\"https:\\\/\\\/globaltraining.com\\\/product\\\/corrosives\\\/\"]}]},{\"@type\":\"ImageObject\",\"inLanguage\":\"tr-TR\",\"@id\":\"https:\\\/\\\/globaltraining.com\\\/product\\\/corrosives\\\/#primaryimage\",\"url\":\"https:\\\/\\\/globaltraining.com\\\/wp-content\\\/uploads\\\/2021\\\/08\\\/iStock-1225381728.jpg\",\"contentUrl\":\"https:\\\/\\\/globaltraining.com\\\/wp-content\\\/uploads\\\/2021\\\/08\\\/iStock-1225381728.jpg\",\"width\":1200,\"height\":800,\"caption\":\"corrosives\"},{\"@type\":\"BreadcrumbList\",\"@id\":\"https:\\\/\\\/globaltraining.com\\\/product\\\/corrosives\\\/#breadcrumb\",\"itemListElement\":[{\"@type\":\"ListItem\",\"position\":1,\"name\":\"Home\",\"item\":\"https:\\\/\\\/globaltraining.com\\\/\"},{\"@type\":\"ListItem\",\"position\":2,\"name\":\"Productos\",\"item\":\"https:\\\/\\\/globaltraining.com\\\/es\\\/shop\\\/\"},{\"@type\":\"ListItem\",\"position\":3,\"name\":\"Corrosives\"}]},{\"@type\":\"WebSite\",\"@id\":\"https:\\\/\\\/globaltraining.com\\\/#website\",\"url\":\"https:\\\/\\\/globaltraining.com\\\/\",\"name\":\"Global Safety & Environmental\",\"description\":\"Full Service Health, Safety, and Environmental Courses\",\"publisher\":{\"@id\":\"https:\\\/\\\/globaltraining.com\\\/#organization\"},\"potentialAction\":[{\"@type\":\"SearchAction\",\"target\":{\"@type\":\"EntryPoint\",\"urlTemplate\":\"https:\\\/\\\/globaltraining.com\\\/?s={search_term_string}\"},\"query-input\":{\"@type\":\"PropertyValueSpecification\",\"valueRequired\":true,\"valueName\":\"search_term_string\"}}],\"inLanguage\":\"tr-TR\"},{\"@type\":\"Organization\",\"@id\":\"https:\\\/\\\/globaltraining.com\\\/#organization\",\"name\":\"Global Safety & Environmental\",\"url\":\"https:\\\/\\\/globaltraining.com\\\/\",\"logo\":{\"@type\":\"ImageObject\",\"inLanguage\":\"tr-TR\",\"@id\":\"https:\\\/\\\/globaltraining.com\\\/#\\\/schema\\\/logo\\\/image\\\/\",\"url\":\"https:\\\/\\\/globaltraining.com\\\/wp-content\\\/uploads\\\/2021\\\/01\\\/GSE-Logo-for-email.png\",\"contentUrl\":\"https:\\\/\\\/globaltraining.com\\\/wp-content\\\/uploads\\\/2021\\\/01\\\/GSE-Logo-for-email.png\",\"width\":400,\"height\":101,\"caption\":\"Global Safety & Environmental\"},\"image\":{\"@id\":\"https:\\\/\\\/globaltraining.com\\\/#\\\/schema\\\/logo\\\/image\\\/\"}}]}<\/script>\n<!-- \/ Yoast SEO plugin. -->","yoast_head_json":{"title":"A\u015f\u0131nd\u0131r\u0131c\u0131lar - K\u00fcresel G\u00fcvenlik ve \u00c7evre","description":"Metaller ve kimyasallar dahil olmak \u00fczere a\u015f\u0131nd\u0131r\u0131c\u0131lar\u0131n i\u015flenmesinde ustala\u015f\u0131n. G\u00fcvenli\u011fi ve uyumlulu\u011fu sa\u011flay\u0131n. Sertifika al\u0131n. Hemen kaydolun!","robots":{"index":"index","follow":"follow","max-snippet":"max-snippet:-1","max-image-preview":"max-image-preview:large","max-video-preview":"max-video-preview:-1"},"canonical":"https:\/\/globaltraining.com\/tr\/urun\/asindiricilar\/","og_locale":"tr_TR","og_type":"article","og_title":"Corrosives - Global Safety &amp; Environmental","og_description":"Master the handling of corrosives, including metals and chemicals. Ensure safety and compliance. Get certified. Enroll now!","og_url":"https:\/\/globaltraining.com\/tr\/urun\/asindiricilar\/","og_site_name":"Global Safety &amp; Environmental","article_modified_time":"2024-12-06T18:50:35+00:00","og_image":[{"width":1200,"height":800,"url":"https:\/\/globaltraining.com\/wp-content\/uploads\/2021\/08\/iStock-1225381728.jpg","type":"image\/jpeg"}],"twitter_card":"summary_large_image","twitter_misc":{"Est. reading time":"2 minutes"},"schema":{"@context":"https:\/\/schema.org","@graph":[{"@type":"WebPage","@id":"https:\/\/globaltraining.com\/product\/corrosives\/","url":"https:\/\/globaltraining.com\/product\/corrosives\/","name":"A\u015f\u0131nd\u0131r\u0131c\u0131lar - K\u00fcresel G\u00fcvenlik ve \u00c7evre","isPartOf":{"@id":"https:\/\/globaltraining.com\/#website"},"primaryImageOfPage":{"@id":"https:\/\/globaltraining.com\/product\/corrosives\/#primaryimage"},"image":{"@id":"https:\/\/globaltraining.com\/product\/corrosives\/#primaryimage"},"thumbnailUrl":"https:\/\/globaltraining.com\/wp-content\/uploads\/2021\/08\/iStock-1225381728.jpg","datePublished":"2023-09-08T16:30:46+00:00","dateModified":"2024-12-06T18:50:35+00:00","description":"Metaller ve kimyasallar dahil olmak \u00fczere a\u015f\u0131nd\u0131r\u0131c\u0131lar\u0131n i\u015flenmesinde ustala\u015f\u0131n. G\u00fcvenli\u011fi ve uyumlulu\u011fu sa\u011flay\u0131n. Sertifika al\u0131n. Hemen kaydolun!","breadcrumb":{"@id":"https:\/\/globaltraining.com\/product\/corrosives\/#breadcrumb"},"inLanguage":"tr-TR","potentialAction":[{"@type":"ReadAction","target":["https:\/\/globaltraining.com\/product\/corrosives\/"]}]},{"@type":"ImageObject","inLanguage":"tr-TR","@id":"https:\/\/globaltraining.com\/product\/corrosives\/#primaryimage","url":"https:\/\/globaltraining.com\/wp-content\/uploads\/2021\/08\/iStock-1225381728.jpg","contentUrl":"https:\/\/globaltraining.com\/wp-content\/uploads\/2021\/08\/iStock-1225381728.jpg","width":1200,"height":800,"caption":"corrosives"},{"@type":"BreadcrumbList","@id":"https:\/\/globaltraining.com\/product\/corrosives\/#breadcrumb","itemListElement":[{"@type":"ListItem","position":1,"name":"Home","item":"https:\/\/globaltraining.com\/"},{"@type":"ListItem","position":2,"name":"Productos","item":"https:\/\/globaltraining.com\/es\/shop\/"},{"@type":"ListItem","position":3,"name":"Corrosives"}]},{"@type":"WebSite","@id":"https:\/\/globaltraining.com\/#website","url":"https:\/\/globaltraining.com\/","name":"K\u00fcresel G\u00fcvenlik ve \u00c7evre","description":"Tam Hizmet Sa\u011fl\u0131k, G\u00fcvenlik ve \u00c7evre Kurslar\u0131","publisher":{"@id":"https:\/\/globaltraining.com\/#organization"},"potentialAction":[{"@type":"SearchAction","target":{"@type":"EntryPoint","urlTemplate":"https:\/\/globaltraining.com\/?s={search_term_string}"},"query-input":{"@type":"PropertyValueSpecification","valueRequired":true,"valueName":"search_term_string"}}],"inLanguage":"tr-TR"},{"@type":"Organization","@id":"https:\/\/globaltraining.com\/#organization","name":"K\u00fcresel G\u00fcvenlik ve \u00c7evre","url":"https:\/\/globaltraining.com\/","logo":{"@type":"ImageObject","inLanguage":"tr-TR","@id":"https:\/\/globaltraining.com\/#\/schema\/logo\/image\/","url":"https:\/\/globaltraining.com\/wp-content\/uploads\/2021\/01\/GSE-Logo-for-email.png","contentUrl":"https:\/\/globaltraining.com\/wp-content\/uploads\/2021\/01\/GSE-Logo-for-email.png","width":400,"height":101,"caption":"Global Safety & Environmental"},"image":{"@id":"https:\/\/globaltraining.com\/#\/schema\/logo\/image\/"}}]}},"_links":{"self":[{"href":"https:\/\/globaltraining.com\/tr\/wp-json\/wp\/v2\/product\/28484","targetHints":{"allow":["GET"]}}],"collection":[{"href":"https:\/\/globaltraining.com\/tr\/wp-json\/wp\/v2\/product"}],"about":[{"href":"https:\/\/globaltraining.com\/tr\/wp-json\/wp\/v2\/types\/product"}],"wp:featuredmedia":[{"embeddable":true,"href":"https:\/\/globaltraining.com\/tr\/wp-json\/wp\/v2\/media\/27129"}],"wp:attachment":[{"href":"https:\/\/globaltraining.com\/tr\/wp-json\/wp\/v2\/media?parent=28484"}],"wp:term":[{"taxonomy":"product_brand","embeddable":true,"href":"https:\/\/globaltraining.com\/tr\/wp-json\/wp\/v2\/product_brand?post=28484"},{"taxonomy":"product_cat","embeddable":true,"href":"https:\/\/globaltraining.com\/tr\/wp-json\/wp\/v2\/product_cat?post=28484"},{"taxonomy":"product_tag","embeddable":true,"href":"https:\/\/globaltraining.com\/tr\/wp-json\/wp\/v2\/product_tag?post=28484"}],"curies":[{"name":"wp","href":"https:\/\/api.w.org\/{rel}","templated":true}]}}