{"id":28330,"date":"2023-08-29T16:50:32","date_gmt":"2023-08-29T21:50:32","guid":{"rendered":"https:\/\/globaltraining.com\/?post_type=product&#038;p=28330"},"modified":"2024-12-06T13:00:42","modified_gmt":"2024-12-06T19:00:42","slug":"kapali-alan-gorevlisi-egitimi","status":"publish","type":"product","link":"https:\/\/globaltraining.com\/tr\/product\/confined-space-attendant-training\/","title":{"rendered":"Kapal\u0131 Alan G\u00f6revlisi E\u011fitimi"},"content":{"rendered":"<h2>Kapal\u0131 Alan G\u00f6revlisi: Dar Alanlarda G\u00fcvenli\u011fin Sa\u011flanmas\u0131<\/h2>\n<p>Kapsaml\u0131 kapal\u0131 alan g\u00f6revlisi e\u011fitim program\u0131m\u0131za ho\u015f geldiniz. Kapal\u0131 alan g\u00f6revlisinin kritik rol\u00fcnde uzmanla\u015fmak istiyorsan\u0131z do\u011fru yere geldiniz. Kursumuz, bu temel g\u00fcvenlik rol\u00fcnde ba\u015far\u0131l\u0131 olman\u0131z i\u00e7in gereken bilgi ve becerileri size sa\u011flamak \u00fczere tasarlanm\u0131\u015ft\u0131r.<\/p>\n<p>Kapal\u0131 alan g\u00f6revlisi olarak \u00f6ncelikli sorumlulu\u011funuz kapal\u0131 alanlarda \u00e7al\u0131\u015fanlar\u0131n hayatlar\u0131n\u0131 korumakt\u0131r. Bu hayati rol, kapsaml\u0131 bir e\u011fitim ve kapal\u0131 alana giri\u015fle ilgili risklerin ve protokollerin derinlemesine anla\u015f\u0131lmas\u0131n\u0131 gerektirir. Kursumuza kaydolarak, y\u00fcksek vas\u0131fl\u0131 ve sertifikal\u0131 bir kapal\u0131 alan g\u00f6revlisi olma yolunda ilerleyeceksiniz.<\/p>\n<h2>Kapal\u0131 Alan Giri\u015f Denet\u00e7isi E\u011fitimi<\/h2>\n<p>Program\u0131m\u0131z temel bilgilerin \u00f6tesine ge\u00e7iyor ve ayn\u0131 zamanda kapal\u0131 alan giri\u015f s\u00fcperviz\u00f6r\u00fc e\u011fitimini de kaps\u0131yor. Giri\u015f sorumlusu olarak kapal\u0131 alan operasyonlar\u0131n\u0131n planlanmas\u0131 ve denetlenmesinde \u00f6nemli bir rol oynuyorsunuz. Riskleri nas\u0131l de\u011ferlendirece\u011finizi ve y\u00f6netece\u011finizi, giri\u015f izinlerini nas\u0131l olu\u015fturaca\u011f\u0131n\u0131z\u0131 ve t\u00fcm g\u00fcvenlik prosed\u00fcrlerinin titizlikle takip edildi\u011finden nas\u0131l emin olaca\u011f\u0131n\u0131z\u0131 \u00f6\u011freneceksiniz.<\/p>\n<p>Kapsaml\u0131 e\u011fitimimiz sayesinde giri\u015fe izin verme, ko\u015fullar\u0131 izleme ve acil durumlara m\u00fcdahale etme gibi kritik kararlar\u0131 verebilecek donan\u0131ma sahip olacaks\u0131n\u0131z. Kapal\u0131 alan g\u00f6revlisi ve giri\u015f s\u00fcperviz\u00f6r\u00fc e\u011fitiminin birle\u015fimi, sizi kapal\u0131 alanlarda \u00e7al\u0131\u015fan herhangi bir ekip i\u00e7in paha bi\u00e7ilmez bir varl\u0131k haline getirir.<\/p>\n<h2>Kat\u0131l\u0131mc\u0131 Kursu: Ne \u00d6\u011freneceksiniz<\/h2>\n<p>Kapal\u0131 alan g\u00f6revlisi kursumuz, sizi rol\u00fcn zorluklar\u0131na haz\u0131rlamak i\u00e7in \u00e7ok \u00e7e\u015fitli konular\u0131 kapsar. Atmosfer testi, havaland\u0131rma, ileti\u015fim ve acil durum m\u00fcdahalesi konular\u0131nda uzmanl\u0131k kazanacaks\u0131n\u0131z. \u0130\u015fte \u00f6\u011freneceklerinize k\u0131sa bir bak\u0131\u015f:<\/p>\n<ul>\n<li>Atmosfer Testi: Gaz dedekt\u00f6rlerinin nas\u0131l kullan\u0131laca\u011f\u0131n\u0131, okumalar\u0131n nas\u0131l yorumlanaca\u011f\u0131n\u0131 ve kapal\u0131 alanlarda g\u00fcvenli bir atmosferin nas\u0131l sa\u011flanaca\u011f\u0131n\u0131 anlay\u0131n.<\/li>\n<li>Havaland\u0131rma: Kapal\u0131 alana giri\u015f s\u0131ras\u0131nda uygun hava kalitesini korumak i\u00e7in havaland\u0131rma tekniklerini \u00f6\u011frenin.<\/li>\n<li>\u0130leti\u015fim: Ekip i\u00e7inde ve giri\u015f denet\u00e7ileriyle etkili ileti\u015fimde ustala\u015f\u0131n.<\/li>\n<li>Acil Durum M\u00fcdahalesi: Kapal\u0131 alanlardaki acil durumlara h\u0131zl\u0131 ve uygun \u015fekilde m\u00fcdahale etmek i\u00e7in gereken becerileri geli\u015ftirin.<\/li>\n<\/ul>\n<p>E\u011fitimimiz hem teorik bilgileri hem de pratik al\u0131\u015ft\u0131rmalar\u0131 i\u00e7ererek ger\u00e7ek d\u00fcnya senaryolar\u0131na tamamen haz\u0131rl\u0131kl\u0131 olman\u0131z\u0131 sa\u011flar. \u00c7al\u0131\u015fanlar\u0131 kapal\u0131 alanlarda g\u00fcvende tutacak g\u00fcvene ve yeterlili\u011fe sahip olacaks\u0131n\u0131z.<\/p>\n<h2>Sertifikal\u0131 G\u00f6revli Olun<\/h2>\n<p>Kapal\u0131 alan g\u00f6revlisi e\u011fitimimizi ba\u015far\u0131yla tamamlad\u0131ktan sonra uzmanl\u0131\u011f\u0131n\u0131z\u0131 g\u00f6steren bir sertifika alacaks\u0131n\u0131z. Bu sertifika sadece bir ka\u011f\u0131t par\u00e7as\u0131 de\u011fil; bu, g\u00fcvenli\u011fe olan ba\u011fl\u0131l\u0131\u011f\u0131n\u0131z\u0131n bir kan\u0131t\u0131d\u0131r. \u0130\u015fverenler, sertifikal\u0131 kapal\u0131 alan g\u00f6revlilerine \u00e7ok de\u011fer veriyor ve bu da sizi \u00e7e\u015fitli sekt\u00f6rlerde aranan bir profesyonel yap\u0131yor.<\/p>\n<p>Kariyerinizi geli\u015ftirmek ve i\u015fyeri g\u00fcvenli\u011fine katk\u0131da bulunmak i\u00e7in bu f\u0131rsat\u0131 ka\u00e7\u0131rmay\u0131n. Bug\u00fcn kursumuza kaydolun ve sertifikal\u0131 kapal\u0131 alan g\u00f6revlisi ve giri\u015f s\u00fcperviz\u00f6r\u00fc olma yolunda ilk ad\u0131m\u0131 at\u0131n.<\/p>","protected":false},"excerpt":{"rendered":"<p>Kapal\u0131 alan g\u00f6revlisi e\u011fitimimiz, sizi kapal\u0131 alanlarda g\u00fcvenlik i\u00e7in gerekli becerilerle donat\u0131r. Sertifikal\u0131 bir g\u00f6revli ve giri\u015f sorumlusu olun. Bug\u00fcn kaydolun!<\/p>","protected":false},"featured_media":27148,"template":"","meta":{"_et_pb_use_builder":"","_et_pb_old_content":"","_et_gb_content_width":""},"product_brand":[],"product_cat":[118,121,156],"product_tag":[],"class_list":{"0":"post-28330","1":"product","2":"type-product","3":"status-publish","4":"has-post-thumbnail","6":"product_cat-air-and-gas-monitoring","7":"product_cat-confined-space","8":"product_cat-occupational-health-and-safety","10":"first","11":"instock","12":"virtual","13":"sold-individually","14":"purchasable","15":"product-type-simple"},"yoast_head":"<!-- This site is optimized with the Yoast SEO plugin v27.3 - https:\/\/yoast.com\/product\/yoast-seo-wordpress\/ -->\n<title>Confined Space Attendant Training - Global Safety &amp; Environmental<\/title>\n<meta name=\"description\" content=\"Get certified in confined space attendant training and entry supervisor training. Ensure safety in confined spaces. Enroll now!\" \/>\n<meta name=\"robots\" content=\"index, follow, max-snippet:-1, max-image-preview:large, max-video-preview:-1\" \/>\n<link rel=\"canonical\" href=\"https:\/\/globaltraining.com\/tr\/urun\/kapali-alan-gorevlisi-egitimi\/\" \/>\n<meta property=\"og:locale\" content=\"tr_TR\" \/>\n<meta property=\"og:type\" content=\"article\" \/>\n<meta property=\"og:title\" content=\"Confined Space Attendant Training - Global Safety &amp; Environmental\" \/>\n<meta property=\"og:description\" content=\"Get certified in confined space attendant training and entry supervisor training. Ensure safety in confined spaces. Enroll now!\" \/>\n<meta property=\"og:url\" content=\"https:\/\/globaltraining.com\/tr\/urun\/kapali-alan-gorevlisi-egitimi\/\" \/>\n<meta property=\"og:site_name\" content=\"Global Safety &amp; Environmental\" \/>\n<meta property=\"article:modified_time\" content=\"2024-12-06T19:00:42+00:00\" \/>\n<meta property=\"og:image\" content=\"https:\/\/globaltraining.com\/wp-content\/uploads\/2021\/08\/confined-space-crop.jpg\" \/>\n\t<meta property=\"og:image:width\" content=\"1200\" \/>\n\t<meta property=\"og:image:height\" content=\"800\" \/>\n\t<meta property=\"og:image:type\" content=\"image\/jpeg\" \/>\n<meta name=\"twitter:card\" content=\"summary_large_image\" \/>\n<meta name=\"twitter:label1\" content=\"Est. reading time\" \/>\n\t<meta name=\"twitter:data1\" content=\"3 minutes\" \/>\n<script type=\"application\/ld+json\" class=\"yoast-schema-graph\">{\"@context\":\"https:\\\/\\\/schema.org\",\"@graph\":[{\"@type\":\"WebPage\",\"@id\":\"https:\\\/\\\/globaltraining.com\\\/product\\\/confined-space-attendant-training\\\/\",\"url\":\"https:\\\/\\\/globaltraining.com\\\/product\\\/confined-space-attendant-training\\\/\",\"name\":\"Confined Space Attendant Training - Global Safety &amp; Environmental\",\"isPartOf\":{\"@id\":\"https:\\\/\\\/globaltraining.com\\\/#website\"},\"primaryImageOfPage\":{\"@id\":\"https:\\\/\\\/globaltraining.com\\\/product\\\/confined-space-attendant-training\\\/#primaryimage\"},\"image\":{\"@id\":\"https:\\\/\\\/globaltraining.com\\\/product\\\/confined-space-attendant-training\\\/#primaryimage\"},\"thumbnailUrl\":\"https:\\\/\\\/globaltraining.com\\\/wp-content\\\/uploads\\\/2021\\\/08\\\/confined-space-crop.jpg\",\"datePublished\":\"2023-08-29T21:50:32+00:00\",\"dateModified\":\"2024-12-06T19:00:42+00:00\",\"description\":\"Get certified in confined space attendant training and entry supervisor training. Ensure safety in confined spaces. Enroll now!\",\"breadcrumb\":{\"@id\":\"https:\\\/\\\/globaltraining.com\\\/product\\\/confined-space-attendant-training\\\/#breadcrumb\"},\"inLanguage\":\"tr-TR\",\"potentialAction\":[{\"@type\":\"ReadAction\",\"target\":[\"https:\\\/\\\/globaltraining.com\\\/product\\\/confined-space-attendant-training\\\/\"]}]},{\"@type\":\"ImageObject\",\"inLanguage\":\"tr-TR\",\"@id\":\"https:\\\/\\\/globaltraining.com\\\/product\\\/confined-space-attendant-training\\\/#primaryimage\",\"url\":\"https:\\\/\\\/globaltraining.com\\\/wp-content\\\/uploads\\\/2021\\\/08\\\/confined-space-crop.jpg\",\"contentUrl\":\"https:\\\/\\\/globaltraining.com\\\/wp-content\\\/uploads\\\/2021\\\/08\\\/confined-space-crop.jpg\",\"width\":1200,\"height\":800,\"caption\":\"confined space attendant training\"},{\"@type\":\"BreadcrumbList\",\"@id\":\"https:\\\/\\\/globaltraining.com\\\/product\\\/confined-space-attendant-training\\\/#breadcrumb\",\"itemListElement\":[{\"@type\":\"ListItem\",\"position\":1,\"name\":\"Home\",\"item\":\"https:\\\/\\\/globaltraining.com\\\/\"},{\"@type\":\"ListItem\",\"position\":2,\"name\":\"Productos\",\"item\":\"https:\\\/\\\/globaltraining.com\\\/es\\\/shop\\\/\"},{\"@type\":\"ListItem\",\"position\":3,\"name\":\"Confined Space Attendant Training\"}]},{\"@type\":\"WebSite\",\"@id\":\"https:\\\/\\\/globaltraining.com\\\/#website\",\"url\":\"https:\\\/\\\/globaltraining.com\\\/\",\"name\":\"Global Safety & Environmental\",\"description\":\"Full Service Health, Safety, and Environmental Courses\",\"publisher\":{\"@id\":\"https:\\\/\\\/globaltraining.com\\\/#organization\"},\"potentialAction\":[{\"@type\":\"SearchAction\",\"target\":{\"@type\":\"EntryPoint\",\"urlTemplate\":\"https:\\\/\\\/globaltraining.com\\\/?s={search_term_string}\"},\"query-input\":{\"@type\":\"PropertyValueSpecification\",\"valueRequired\":true,\"valueName\":\"search_term_string\"}}],\"inLanguage\":\"tr-TR\"},{\"@type\":\"Organization\",\"@id\":\"https:\\\/\\\/globaltraining.com\\\/#organization\",\"name\":\"Global Safety & Environmental\",\"url\":\"https:\\\/\\\/globaltraining.com\\\/\",\"logo\":{\"@type\":\"ImageObject\",\"inLanguage\":\"tr-TR\",\"@id\":\"https:\\\/\\\/globaltraining.com\\\/#\\\/schema\\\/logo\\\/image\\\/\",\"url\":\"https:\\\/\\\/globaltraining.com\\\/wp-content\\\/uploads\\\/2021\\\/01\\\/GSE-Logo-for-email.png\",\"contentUrl\":\"https:\\\/\\\/globaltraining.com\\\/wp-content\\\/uploads\\\/2021\\\/01\\\/GSE-Logo-for-email.png\",\"width\":400,\"height\":101,\"caption\":\"Global Safety & Environmental\"},\"image\":{\"@id\":\"https:\\\/\\\/globaltraining.com\\\/#\\\/schema\\\/logo\\\/image\\\/\"}}]}<\/script>\n<!-- \/ Yoast SEO plugin. -->","yoast_head_json":{"title":"Dar Alan G\u00f6revlisi E\u011fitimi - K\u00fcresel G\u00fcvenlik ve \u00c7evre","description":"Dar alan g\u00f6revlisi e\u011fitimi ve giri\u015f s\u00fcperviz\u00f6r\u00fc e\u011fitiminde sertifika al\u0131n. Dar alanlarda g\u00fcvenli\u011fi sa\u011flay\u0131n. Hemen kaydolun!","robots":{"index":"index","follow":"follow","max-snippet":"max-snippet:-1","max-image-preview":"max-image-preview:large","max-video-preview":"max-video-preview:-1"},"canonical":"https:\/\/globaltraining.com\/tr\/urun\/kapali-alan-gorevlisi-egitimi\/","og_locale":"tr_TR","og_type":"article","og_title":"Confined Space Attendant Training - Global Safety &amp; Environmental","og_description":"Get certified in confined space attendant training and entry supervisor training. Ensure safety in confined spaces. Enroll now!","og_url":"https:\/\/globaltraining.com\/tr\/urun\/kapali-alan-gorevlisi-egitimi\/","og_site_name":"Global Safety &amp; Environmental","article_modified_time":"2024-12-06T19:00:42+00:00","og_image":[{"width":1200,"height":800,"url":"https:\/\/globaltraining.com\/wp-content\/uploads\/2021\/08\/confined-space-crop.jpg","type":"image\/jpeg"}],"twitter_card":"summary_large_image","twitter_misc":{"Est. reading time":"3 minutes"},"schema":{"@context":"https:\/\/schema.org","@graph":[{"@type":"WebPage","@id":"https:\/\/globaltraining.com\/product\/confined-space-attendant-training\/","url":"https:\/\/globaltraining.com\/product\/confined-space-attendant-training\/","name":"Dar Alan G\u00f6revlisi E\u011fitimi - K\u00fcresel G\u00fcvenlik ve \u00c7evre","isPartOf":{"@id":"https:\/\/globaltraining.com\/#website"},"primaryImageOfPage":{"@id":"https:\/\/globaltraining.com\/product\/confined-space-attendant-training\/#primaryimage"},"image":{"@id":"https:\/\/globaltraining.com\/product\/confined-space-attendant-training\/#primaryimage"},"thumbnailUrl":"https:\/\/globaltraining.com\/wp-content\/uploads\/2021\/08\/confined-space-crop.jpg","datePublished":"2023-08-29T21:50:32+00:00","dateModified":"2024-12-06T19:00:42+00:00","description":"Dar alan g\u00f6revlisi e\u011fitimi ve giri\u015f s\u00fcperviz\u00f6r\u00fc e\u011fitiminde sertifika al\u0131n. Dar alanlarda g\u00fcvenli\u011fi sa\u011flay\u0131n. Hemen kaydolun!","breadcrumb":{"@id":"https:\/\/globaltraining.com\/product\/confined-space-attendant-training\/#breadcrumb"},"inLanguage":"tr-TR","potentialAction":[{"@type":"ReadAction","target":["https:\/\/globaltraining.com\/product\/confined-space-attendant-training\/"]}]},{"@type":"ImageObject","inLanguage":"tr-TR","@id":"https:\/\/globaltraining.com\/product\/confined-space-attendant-training\/#primaryimage","url":"https:\/\/globaltraining.com\/wp-content\/uploads\/2021\/08\/confined-space-crop.jpg","contentUrl":"https:\/\/globaltraining.com\/wp-content\/uploads\/2021\/08\/confined-space-crop.jpg","width":1200,"height":800,"caption":"confined space attendant training"},{"@type":"BreadcrumbList","@id":"https:\/\/globaltraining.com\/product\/confined-space-attendant-training\/#breadcrumb","itemListElement":[{"@type":"ListItem","position":1,"name":"Home","item":"https:\/\/globaltraining.com\/"},{"@type":"ListItem","position":2,"name":"Productos","item":"https:\/\/globaltraining.com\/es\/shop\/"},{"@type":"ListItem","position":3,"name":"Confined Space Attendant Training"}]},{"@type":"WebSite","@id":"https:\/\/globaltraining.com\/#website","url":"https:\/\/globaltraining.com\/","name":"K\u00fcresel G\u00fcvenlik ve \u00c7evre","description":"Tam Hizmet Sa\u011fl\u0131k, G\u00fcvenlik ve \u00c7evre Kurslar\u0131","publisher":{"@id":"https:\/\/globaltraining.com\/#organization"},"potentialAction":[{"@type":"SearchAction","target":{"@type":"EntryPoint","urlTemplate":"https:\/\/globaltraining.com\/?s={search_term_string}"},"query-input":{"@type":"PropertyValueSpecification","valueRequired":true,"valueName":"search_term_string"}}],"inLanguage":"tr-TR"},{"@type":"Organization","@id":"https:\/\/globaltraining.com\/#organization","name":"K\u00fcresel G\u00fcvenlik ve \u00c7evre","url":"https:\/\/globaltraining.com\/","logo":{"@type":"ImageObject","inLanguage":"tr-TR","@id":"https:\/\/globaltraining.com\/#\/schema\/logo\/image\/","url":"https:\/\/globaltraining.com\/wp-content\/uploads\/2021\/01\/GSE-Logo-for-email.png","contentUrl":"https:\/\/globaltraining.com\/wp-content\/uploads\/2021\/01\/GSE-Logo-for-email.png","width":400,"height":101,"caption":"Global Safety & Environmental"},"image":{"@id":"https:\/\/globaltraining.com\/#\/schema\/logo\/image\/"}}]}},"_links":{"self":[{"href":"https:\/\/globaltraining.com\/tr\/wp-json\/wp\/v2\/product\/28330","targetHints":{"allow":["GET"]}}],"collection":[{"href":"https:\/\/globaltraining.com\/tr\/wp-json\/wp\/v2\/product"}],"about":[{"href":"https:\/\/globaltraining.com\/tr\/wp-json\/wp\/v2\/types\/product"}],"wp:featuredmedia":[{"embeddable":true,"href":"https:\/\/globaltraining.com\/tr\/wp-json\/wp\/v2\/media\/27148"}],"wp:attachment":[{"href":"https:\/\/globaltraining.com\/tr\/wp-json\/wp\/v2\/media?parent=28330"}],"wp:term":[{"taxonomy":"product_brand","embeddable":true,"href":"https:\/\/globaltraining.com\/tr\/wp-json\/wp\/v2\/product_brand?post=28330"},{"taxonomy":"product_cat","embeddable":true,"href":"https:\/\/globaltraining.com\/tr\/wp-json\/wp\/v2\/product_cat?post=28330"},{"taxonomy":"product_tag","embeddable":true,"href":"https:\/\/globaltraining.com\/tr\/wp-json\/wp\/v2\/product_tag?post=28330"}],"curies":[{"name":"wp","href":"https:\/\/api.w.org\/{rel}","templated":true}]}}