{"id":28329,"date":"2023-08-29T16:42:13","date_gmt":"2023-08-29T21:42:13","guid":{"rendered":"https:\/\/globaltraining.com\/?post_type=product&#038;p=28329"},"modified":"2024-12-06T13:01:34","modified_gmt":"2024-12-06T19:01:34","slug":"kapali-alan-testi","status":"publish","type":"product","link":"https:\/\/globaltraining.com\/tr\/product\/confined-space-testing\/","title":{"rendered":"Kapal\u0131 Alan Testi"},"content":{"rendered":"<h2>Kapal\u0131 Alanlarda Test: Dar Alanlarda G\u00fcvenli\u011fin Sa\u011flanmas\u0131<\/h2>\n<p>Kapal\u0131 alan testi hakk\u0131ndaki kapsaml\u0131 kursumuza ho\u015f geldiniz. Bu programda, bu t\u00fcr ortamlarda \u00e7al\u0131\u015fanlar\u0131n g\u00fcvenli\u011fini sa\u011flamak i\u00e7in kapal\u0131 alan atmosferik testlerinin kritik y\u00f6nlerini derinlemesine inceleyece\u011fiz. \u0130ster tecr\u00fcbeli bir profesyonel olun ister alana yeni ba\u015fl\u0131yor olun, kursumuz sizi kapal\u0131 alanlarda etkili atmosfer testi i\u00e7in gerekli bilgi ve becerilerle donatmak \u00fczere tasarlanm\u0131\u015ft\u0131r.<\/p>\n<h2>Kapal\u0131 Alan\u0131 Anlamak<\/h2>\n<p>Kapal\u0131 alan atmosferik testi, kapal\u0131 alanlarda \u00e7al\u0131\u015fanlar\u0131n hayatlar\u0131n\u0131 koruyan \u00e7ok \u00f6nemli bir s\u00fcre\u00e7tir. Bu alanlar depolama tanklar\u0131n\u0131, yer alt\u0131 tonozlar\u0131n\u0131, boru hatlar\u0131n\u0131 ve daha fazlas\u0131n\u0131 i\u00e7erebilir. Bu testin temel amac\u0131, zehirli gazlar, yan\u0131c\u0131 maddeler veya yetersiz oksijen seviyeleri gibi potansiyel tehlikeleri tespit etmek i\u00e7in bu alanlardaki hava kalitesini de\u011ferlendirmek ve izlemektir.<\/p>\n<p>Kurs s\u0131ras\u0131nda kapal\u0131 alanlarda test yapman\u0131n ard\u0131ndaki temel ilkeleri \u00f6\u011freneceksiniz. Do\u011fru test ekipman\u0131n\u0131 se\u00e7menin \u00f6nemini, gaz dedekt\u00f6rlerinin do\u011fru \u015fekilde nas\u0131l kullan\u0131laca\u011f\u0131n\u0131 ve numune toplama ve analiz tekniklerini ele alaca\u011f\u0131z. Uygulamal\u0131 al\u0131\u015ft\u0131rmalar ve ger\u00e7ek d\u00fcnya senaryolar\u0131yla, kapal\u0131 alanlarda atmosfer testlerini g\u00fcvenle y\u00fcr\u00fctmek i\u00e7in pratik deneyim kazanacaks\u0131n\u0131z.<\/p>\n<h2>Kapal\u0131 Alanlarda Atmosfer Testi ile G\u00fcvenli\u011fin Sa\u011flanmas\u0131<\/h2>\n<p>Kapal\u0131 alanlarda atmosfer testi, kazalar\u0131n \u00f6nlenmesi ve g\u00fcvenli bir \u00e7al\u0131\u015fma ortam\u0131n\u0131n sa\u011flanmas\u0131 a\u00e7\u0131s\u0131ndan \u00f6nemlidir. Kursumuz, testler yap\u0131l\u0131rken s\u0131k\u0131 g\u00fcvenlik protokollerine ve standartlar\u0131na uyman\u0131n \u00f6nemini vurgulamaktad\u0131r. Farkl\u0131 kapal\u0131 alan t\u00fcrlerini ve her biriyle ili\u015fkili belirli riskleri inceleyerek test yakla\u015f\u0131m\u0131n\u0131z\u0131 buna g\u00f6re uyarlaman\u0131za olanak sa\u011flayaca\u011f\u0131z.<\/p>\n<p>Dahas\u0131, test sonu\u00e7lar\u0131n\u0131 yorumlama ve bilin\u00e7li kararlar verme konusunda yetkin hale geleceksiniz. \u00c7e\u015fitli tehlikeli maddeler i\u00e7in izin verilen maruz kalma s\u0131n\u0131rlar\u0131n\u0131 (PEL&#039;ler) ve d\u00fczenleyici gerekliliklere nas\u0131l uyum sa\u011flanabilece\u011fini tart\u0131\u015faca\u011f\u0131z. Etkin atmosfer testi yoluyla riskleri de\u011ferlendirme ve azaltma beceriniz, her i\u015fyeri i\u00e7in de\u011ferli bir varl\u0131k olacakt\u0131r.<\/p>\n<h2>Sertifikal\u0131 Test Uzman\u0131 Olun<\/h2>\n<p>Kapal\u0131 alan atmosferik test kursumuzu ba\u015far\u0131yla tamamlad\u0131ktan sonra uzmanl\u0131\u011f\u0131n\u0131z\u0131 do\u011frulayan bir sertifika alacaks\u0131n\u0131z. Bu sertifika sadece bir ka\u011f\u0131t par\u00e7as\u0131 de\u011fil; g\u00fcvenli\u011fe olan ba\u011fl\u0131l\u0131\u011f\u0131n\u0131z\u0131 ve kapal\u0131 alanlardaki ya\u015famlar\u0131 koruma yetene\u011finizi temsil eder. \u0130\u015fverenler sertifikal\u0131 profesyonellere de\u011fer verir ve bu da sizi i\u015f piyasas\u0131nda aranan bir aday yapar.<\/p>\n<p>Becerilerinizi geli\u015ftirmek ve kariyerinizde ilerlemek i\u00e7in bu f\u0131rsat\u0131 ka\u00e7\u0131rmay\u0131n. Kursumuza bug\u00fcn kaydolun ve kendinden emin ve yetkin kapal\u0131 alan test uzmanlar\u0131n\u0131n saflar\u0131na kat\u0131l\u0131n.<\/p>","protected":false},"excerpt":{"rendered":"<p>Kapal\u0131 alan testi kursumuz, kapal\u0131 alanlarda atmosfer testini g\u00fcvenli bir \u015fekilde ger\u00e7ekle\u015ftirmenizi sa\u011flayacak becerilerle donat\u0131r. Sertifika al\u0131n ve kariyer olanaklar\u0131n\u0131z\u0131 art\u0131r\u0131n.<\/p>","protected":false},"featured_media":27152,"template":"","meta":{"_et_pb_use_builder":"","_et_pb_old_content":"","_et_gb_content_width":""},"product_brand":[],"product_cat":[118,121,137,156],"product_tag":[],"class_list":{"0":"post-28329","1":"product","2":"type-product","3":"status-publish","4":"has-post-thumbnail","6":"product_cat-air-and-gas-monitoring","7":"product_cat-confined-space","8":"product_cat-gases","9":"product_cat-occupational-health-and-safety","11":"first","12":"instock","13":"virtual","14":"sold-individually","15":"purchasable","16":"product-type-simple"},"yoast_head":"<!-- This site is optimized with the Yoast SEO plugin v27.3 - https:\/\/yoast.com\/product\/yoast-seo-wordpress\/ -->\n<title>Confined Space Testing - Global Safety &amp; Environmental<\/title>\n<meta name=\"description\" content=\"Learn confined space testing and atmosphere testing techniques to ensure workplace safety. Get certified and advance your career. Enroll now!\" \/>\n<meta name=\"robots\" content=\"index, follow, max-snippet:-1, max-image-preview:large, max-video-preview:-1\" \/>\n<link rel=\"canonical\" href=\"https:\/\/globaltraining.com\/tr\/urun\/kapali-alan-testi\/\" \/>\n<meta property=\"og:locale\" content=\"tr_TR\" \/>\n<meta property=\"og:type\" content=\"article\" \/>\n<meta property=\"og:title\" content=\"Confined Space Testing - Global Safety &amp; Environmental\" \/>\n<meta property=\"og:description\" content=\"Learn confined space testing and atmosphere testing techniques to ensure workplace safety. Get certified and advance your career. Enroll now!\" \/>\n<meta property=\"og:url\" content=\"https:\/\/globaltraining.com\/tr\/urun\/kapali-alan-testi\/\" \/>\n<meta property=\"og:site_name\" content=\"Global Safety &amp; Environmental\" \/>\n<meta property=\"article:modified_time\" content=\"2024-12-06T19:01:34+00:00\" \/>\n<meta property=\"og:image\" content=\"https:\/\/globaltraining.com\/wp-content\/uploads\/2021\/10\/atmospheric-testing.jpg\" \/>\n\t<meta property=\"og:image:width\" content=\"1200\" \/>\n\t<meta property=\"og:image:height\" content=\"797\" \/>\n\t<meta property=\"og:image:type\" content=\"image\/jpeg\" \/>\n<meta name=\"twitter:card\" content=\"summary_large_image\" \/>\n<meta name=\"twitter:label1\" content=\"Est. reading time\" \/>\n\t<meta name=\"twitter:data1\" content=\"2 minutes\" \/>\n<script type=\"application\/ld+json\" class=\"yoast-schema-graph\">{\"@context\":\"https:\\\/\\\/schema.org\",\"@graph\":[{\"@type\":\"WebPage\",\"@id\":\"https:\\\/\\\/globaltraining.com\\\/product\\\/confined-space-testing\\\/\",\"url\":\"https:\\\/\\\/globaltraining.com\\\/product\\\/confined-space-testing\\\/\",\"name\":\"Confined Space Testing - Global Safety &amp; Environmental\",\"isPartOf\":{\"@id\":\"https:\\\/\\\/globaltraining.com\\\/#website\"},\"primaryImageOfPage\":{\"@id\":\"https:\\\/\\\/globaltraining.com\\\/product\\\/confined-space-testing\\\/#primaryimage\"},\"image\":{\"@id\":\"https:\\\/\\\/globaltraining.com\\\/product\\\/confined-space-testing\\\/#primaryimage\"},\"thumbnailUrl\":\"https:\\\/\\\/globaltraining.com\\\/wp-content\\\/uploads\\\/2021\\\/10\\\/atmospheric-testing.jpg\",\"datePublished\":\"2023-08-29T21:42:13+00:00\",\"dateModified\":\"2024-12-06T19:01:34+00:00\",\"description\":\"Learn confined space testing and atmosphere testing techniques to ensure workplace safety. Get certified and advance your career. Enroll now!\",\"breadcrumb\":{\"@id\":\"https:\\\/\\\/globaltraining.com\\\/product\\\/confined-space-testing\\\/#breadcrumb\"},\"inLanguage\":\"tr-TR\",\"potentialAction\":[{\"@type\":\"ReadAction\",\"target\":[\"https:\\\/\\\/globaltraining.com\\\/product\\\/confined-space-testing\\\/\"]}]},{\"@type\":\"ImageObject\",\"inLanguage\":\"tr-TR\",\"@id\":\"https:\\\/\\\/globaltraining.com\\\/product\\\/confined-space-testing\\\/#primaryimage\",\"url\":\"https:\\\/\\\/globaltraining.com\\\/wp-content\\\/uploads\\\/2021\\\/10\\\/atmospheric-testing.jpg\",\"contentUrl\":\"https:\\\/\\\/globaltraining.com\\\/wp-content\\\/uploads\\\/2021\\\/10\\\/atmospheric-testing.jpg\",\"width\":1200,\"height\":797,\"caption\":\"confined space testing\"},{\"@type\":\"BreadcrumbList\",\"@id\":\"https:\\\/\\\/globaltraining.com\\\/product\\\/confined-space-testing\\\/#breadcrumb\",\"itemListElement\":[{\"@type\":\"ListItem\",\"position\":1,\"name\":\"Home\",\"item\":\"https:\\\/\\\/globaltraining.com\\\/\"},{\"@type\":\"ListItem\",\"position\":2,\"name\":\"Productos\",\"item\":\"https:\\\/\\\/globaltraining.com\\\/es\\\/shop\\\/\"},{\"@type\":\"ListItem\",\"position\":3,\"name\":\"Confined Space Testing\"}]},{\"@type\":\"WebSite\",\"@id\":\"https:\\\/\\\/globaltraining.com\\\/#website\",\"url\":\"https:\\\/\\\/globaltraining.com\\\/\",\"name\":\"Global Safety & Environmental\",\"description\":\"Full Service Health, Safety, and Environmental Courses\",\"publisher\":{\"@id\":\"https:\\\/\\\/globaltraining.com\\\/#organization\"},\"potentialAction\":[{\"@type\":\"SearchAction\",\"target\":{\"@type\":\"EntryPoint\",\"urlTemplate\":\"https:\\\/\\\/globaltraining.com\\\/?s={search_term_string}\"},\"query-input\":{\"@type\":\"PropertyValueSpecification\",\"valueRequired\":true,\"valueName\":\"search_term_string\"}}],\"inLanguage\":\"tr-TR\"},{\"@type\":\"Organization\",\"@id\":\"https:\\\/\\\/globaltraining.com\\\/#organization\",\"name\":\"Global Safety & Environmental\",\"url\":\"https:\\\/\\\/globaltraining.com\\\/\",\"logo\":{\"@type\":\"ImageObject\",\"inLanguage\":\"tr-TR\",\"@id\":\"https:\\\/\\\/globaltraining.com\\\/#\\\/schema\\\/logo\\\/image\\\/\",\"url\":\"https:\\\/\\\/globaltraining.com\\\/wp-content\\\/uploads\\\/2021\\\/01\\\/GSE-Logo-for-email.png\",\"contentUrl\":\"https:\\\/\\\/globaltraining.com\\\/wp-content\\\/uploads\\\/2021\\\/01\\\/GSE-Logo-for-email.png\",\"width\":400,\"height\":101,\"caption\":\"Global Safety & Environmental\"},\"image\":{\"@id\":\"https:\\\/\\\/globaltraining.com\\\/#\\\/schema\\\/logo\\\/image\\\/\"}}]}<\/script>\n<!-- \/ Yoast SEO plugin. -->","yoast_head_json":{"title":"S\u0131n\u0131rl\u0131 Alan Testi - K\u00fcresel G\u00fcvenlik ve \u00c7evre","description":"\u0130\u015fyeri g\u00fcvenli\u011fini sa\u011flamak i\u00e7in kapal\u0131 alan testi ve atmosfer testi tekniklerini \u00f6\u011frenin. Sertifika al\u0131n ve kariyerinizi ilerletin. Hemen kaydolun!","robots":{"index":"index","follow":"follow","max-snippet":"max-snippet:-1","max-image-preview":"max-image-preview:large","max-video-preview":"max-video-preview:-1"},"canonical":"https:\/\/globaltraining.com\/tr\/urun\/kapali-alan-testi\/","og_locale":"tr_TR","og_type":"article","og_title":"Confined Space Testing - Global Safety &amp; Environmental","og_description":"Learn confined space testing and atmosphere testing techniques to ensure workplace safety. Get certified and advance your career. Enroll now!","og_url":"https:\/\/globaltraining.com\/tr\/urun\/kapali-alan-testi\/","og_site_name":"Global Safety &amp; Environmental","article_modified_time":"2024-12-06T19:01:34+00:00","og_image":[{"width":1200,"height":797,"url":"https:\/\/globaltraining.com\/wp-content\/uploads\/2021\/10\/atmospheric-testing.jpg","type":"image\/jpeg"}],"twitter_card":"summary_large_image","twitter_misc":{"Est. reading time":"2 minutes"},"schema":{"@context":"https:\/\/schema.org","@graph":[{"@type":"WebPage","@id":"https:\/\/globaltraining.com\/product\/confined-space-testing\/","url":"https:\/\/globaltraining.com\/product\/confined-space-testing\/","name":"S\u0131n\u0131rl\u0131 Alan Testi - K\u00fcresel G\u00fcvenlik ve \u00c7evre","isPartOf":{"@id":"https:\/\/globaltraining.com\/#website"},"primaryImageOfPage":{"@id":"https:\/\/globaltraining.com\/product\/confined-space-testing\/#primaryimage"},"image":{"@id":"https:\/\/globaltraining.com\/product\/confined-space-testing\/#primaryimage"},"thumbnailUrl":"https:\/\/globaltraining.com\/wp-content\/uploads\/2021\/10\/atmospheric-testing.jpg","datePublished":"2023-08-29T21:42:13+00:00","dateModified":"2024-12-06T19:01:34+00:00","description":"\u0130\u015fyeri g\u00fcvenli\u011fini sa\u011flamak i\u00e7in kapal\u0131 alan testi ve atmosfer testi tekniklerini \u00f6\u011frenin. Sertifika al\u0131n ve kariyerinizi ilerletin. Hemen kaydolun!","breadcrumb":{"@id":"https:\/\/globaltraining.com\/product\/confined-space-testing\/#breadcrumb"},"inLanguage":"tr-TR","potentialAction":[{"@type":"ReadAction","target":["https:\/\/globaltraining.com\/product\/confined-space-testing\/"]}]},{"@type":"ImageObject","inLanguage":"tr-TR","@id":"https:\/\/globaltraining.com\/product\/confined-space-testing\/#primaryimage","url":"https:\/\/globaltraining.com\/wp-content\/uploads\/2021\/10\/atmospheric-testing.jpg","contentUrl":"https:\/\/globaltraining.com\/wp-content\/uploads\/2021\/10\/atmospheric-testing.jpg","width":1200,"height":797,"caption":"confined space testing"},{"@type":"BreadcrumbList","@id":"https:\/\/globaltraining.com\/product\/confined-space-testing\/#breadcrumb","itemListElement":[{"@type":"ListItem","position":1,"name":"Home","item":"https:\/\/globaltraining.com\/"},{"@type":"ListItem","position":2,"name":"Productos","item":"https:\/\/globaltraining.com\/es\/shop\/"},{"@type":"ListItem","position":3,"name":"Confined Space Testing"}]},{"@type":"WebSite","@id":"https:\/\/globaltraining.com\/#website","url":"https:\/\/globaltraining.com\/","name":"K\u00fcresel G\u00fcvenlik ve \u00c7evre","description":"Tam Hizmet Sa\u011fl\u0131k, G\u00fcvenlik ve \u00c7evre Kurslar\u0131","publisher":{"@id":"https:\/\/globaltraining.com\/#organization"},"potentialAction":[{"@type":"SearchAction","target":{"@type":"EntryPoint","urlTemplate":"https:\/\/globaltraining.com\/?s={search_term_string}"},"query-input":{"@type":"PropertyValueSpecification","valueRequired":true,"valueName":"search_term_string"}}],"inLanguage":"tr-TR"},{"@type":"Organization","@id":"https:\/\/globaltraining.com\/#organization","name":"K\u00fcresel G\u00fcvenlik ve \u00c7evre","url":"https:\/\/globaltraining.com\/","logo":{"@type":"ImageObject","inLanguage":"tr-TR","@id":"https:\/\/globaltraining.com\/#\/schema\/logo\/image\/","url":"https:\/\/globaltraining.com\/wp-content\/uploads\/2021\/01\/GSE-Logo-for-email.png","contentUrl":"https:\/\/globaltraining.com\/wp-content\/uploads\/2021\/01\/GSE-Logo-for-email.png","width":400,"height":101,"caption":"Global Safety & Environmental"},"image":{"@id":"https:\/\/globaltraining.com\/#\/schema\/logo\/image\/"}}]}},"_links":{"self":[{"href":"https:\/\/globaltraining.com\/tr\/wp-json\/wp\/v2\/product\/28329","targetHints":{"allow":["GET"]}}],"collection":[{"href":"https:\/\/globaltraining.com\/tr\/wp-json\/wp\/v2\/product"}],"about":[{"href":"https:\/\/globaltraining.com\/tr\/wp-json\/wp\/v2\/types\/product"}],"wp:featuredmedia":[{"embeddable":true,"href":"https:\/\/globaltraining.com\/tr\/wp-json\/wp\/v2\/media\/27152"}],"wp:attachment":[{"href":"https:\/\/globaltraining.com\/tr\/wp-json\/wp\/v2\/media?parent=28329"}],"wp:term":[{"taxonomy":"product_brand","embeddable":true,"href":"https:\/\/globaltraining.com\/tr\/wp-json\/wp\/v2\/product_brand?post=28329"},{"taxonomy":"product_cat","embeddable":true,"href":"https:\/\/globaltraining.com\/tr\/wp-json\/wp\/v2\/product_cat?post=28329"},{"taxonomy":"product_tag","embeddable":true,"href":"https:\/\/globaltraining.com\/tr\/wp-json\/wp\/v2\/product_tag?post=28329"}],"curies":[{"name":"wp","href":"https:\/\/api.w.org\/{rel}","templated":true}]}}