{"id":28328,"date":"2023-08-29T16:38:22","date_gmt":"2023-08-29T21:38:22","guid":{"rendered":"https:\/\/globaltraining.com\/?post_type=product&#038;p=28328"},"modified":"2024-12-06T13:02:54","modified_gmt":"2024-12-06T19:02:54","slug":"basincli-gaz-guvenligi-egitimi","status":"publish","type":"product","link":"https:\/\/globaltraining.com\/tr\/product\/compressed-gas-safety-training\/","title":{"rendered":"Bas\u0131n\u00e7l\u0131 Gaz G\u00fcvenli\u011fi E\u011fitimi"},"content":{"rendered":"<h2>Bas\u0131n\u00e7l\u0131 Gaz G\u00fcvenli\u011fi E\u011fitimi: \u0130\u015fyeri G\u00fcvenli\u011fi \u0130\u00e7in Temel Bilgiler<\/h2>\n<p>S\u0131k\u0131\u015ft\u0131r\u0131lm\u0131\u015f gazlar\u0131n kullan\u0131ld\u0131\u011f\u0131 end\u00fcstrilerde personelin ve tesislerin g\u00fcvenli\u011finin sa\u011flanmas\u0131 \u00e7ok \u00f6nemlidir. Bas\u0131n\u00e7l\u0131 gaz g\u00fcvenli\u011finin devreye girdi\u011fi yer buras\u0131d\u0131r. Bu kapsaml\u0131 k\u0131lavuz, s\u0131k\u0131\u015ft\u0131r\u0131lm\u0131\u015f gaz t\u00fcp\u00fc g\u00fcvenlik e\u011fitiminin \u00f6nemini ve i\u015fyerinde gaz kullan\u0131m\u0131yla ili\u015fkili risklerin nas\u0131l azalt\u0131labilece\u011fini ele alacakt\u0131r.<\/p>\n<h2>S\u0131k\u0131\u015ft\u0131r\u0131lm\u0131\u015f Gaz T\u00fcp\u00fcn\u00fcn G\u00fcvenli\u011fi Neden \u00d6nemlidir?<\/h2>\n<p>S\u0131k\u0131\u015ft\u0131r\u0131lm\u0131\u015f gazlar\u0131n uygun e\u011fitim olmadan kullan\u0131lmas\u0131 \u00f6nemli tehlikeler olu\u015fturabilir. Gaz t\u00fcplerinin kar\u0131\u015ft\u0131\u011f\u0131 kazalar yaralanmalara, maddi hasara ve hatta \u00f6l\u00fcmlere yol a\u00e7abilir. S\u0131k\u0131\u015ft\u0131r\u0131lm\u0131\u015f gaz t\u00fcp\u00fc g\u00fcvenlik e\u011fitimi, \u00e7al\u0131\u015fanlar\u0131 s\u0131k\u0131\u015ft\u0131r\u0131lm\u0131\u015f gazlar\u0131 g\u00fcvenli bir \u015fekilde kullanmak, depolamak ve ta\u015f\u0131mak i\u00e7in gereken bilgi ve becerilerle donat\u0131r.<\/p>\n<h2>Gaz T\u00fcp\u00fc G\u00fcvenli\u011finin Faydalar\u0131<\/h2>\n<p>Gaz t\u00fcp\u00fc g\u00fcvenli\u011fi e\u011fitimine yat\u0131r\u0131m yapmak hem i\u015fverenler hem de \u00e7al\u0131\u015fanlar i\u00e7in \u00e7ok say\u0131da fayda sa\u011flar. \u0130\u015fyeri g\u00fcvenli\u011fini art\u0131r\u0131r, kaza riskini azalt\u0131r ve g\u00fcvenlik d\u00fczenlemelerine uyumu sa\u011flar. Bu e\u011fitimi alan \u00e7al\u0131\u015fanlar potansiyel tehlikeleri tespit etme, acil durumlara m\u00fcdahale etme ve g\u00fcvenli bir \u00e7al\u0131\u015fma ortam\u0131 s\u00fcrd\u00fcrme konusunda daha haz\u0131rl\u0131kl\u0131 olurlar.<\/p>\n<h2>Bas\u0131n\u00e7l\u0131 Gaz G\u00fcvenli\u011fi E\u011fitiminde Kapsanan Temel Konular<\/h2>\n<p>Kapsaml\u0131 bir s\u0131k\u0131\u015ft\u0131r\u0131lm\u0131\u015f gaz g\u00fcvenli\u011fi program\u0131, a\u015fa\u011f\u0131dakiler dahil ancak bunlarla s\u0131n\u0131rl\u0131 olmamak \u00fczere \u00e7ok \u00e7e\u015fitli konular\u0131 kapsar:<\/p>\n<ul>\n<li>Gaz silindiri tan\u0131mlama ve etiketleme<\/li>\n<li>Uygun depolama ve ta\u015f\u0131ma teknikleri<\/li>\n<li>Gaz\u0131n \u00f6zelliklerini ve tehlikelerini anlamak<\/li>\n<li>Acil m\u00fcdahale ve ilk yard\u0131m<\/li>\n<li>OSHA gereklilikleri de dahil olmak \u00fczere mevzuata uygunluk<\/li>\n<\/ul>\n<p>Kat\u0131l\u0131mc\u0131lar bu kritik alanlar\u0131 inceleyerek s\u0131k\u0131\u015ft\u0131r\u0131lm\u0131\u015f gazlarla g\u00fcvenli bir \u015fekilde \u00e7al\u0131\u015fmak, kaza potansiyelini azaltmak ve g\u00fcvenli bir i\u015f yeri sa\u011flamak i\u00e7in gereken uzmanl\u0131\u011f\u0131 kazan\u0131rlar.<\/p>\n<h2>\u0130\u015fyeri G\u00fcvenli\u011finin ve Uyumlulu\u011fun Sa\u011flanmas\u0131<\/h2>\n<p>\u0130\u015fverenlerin g\u00fcvenli bir \u00e7al\u0131\u015fma ortam\u0131 sa\u011flama konusunda yasal ve etik sorumlulu\u011fu vard\u0131r. S\u0131k\u0131\u015ft\u0131r\u0131lm\u0131\u015f gaz g\u00fcvenli\u011fi yaln\u0131zca d\u00fczenleyici gereksinimleri kar\u015f\u0131lamakla kalmaz, ayn\u0131 zamanda \u00e7al\u0131\u015fanlar\u0131n refah\u0131na olan ba\u011fl\u0131l\u0131\u011f\u0131 da g\u00f6sterir. Y\u00fcksek maliyetli kaza ve yasal sorumluluk riskini en aza indirerek her kurulu\u015f i\u00e7in ak\u0131ll\u0131 bir yat\u0131r\u0131m haline getirir.<\/p>\n<p>\u0130\u015f yerinizde g\u00fcvenli\u011fe ve uyumlulu\u011fa \u00f6ncelik vermeye haz\u0131r m\u0131s\u0131n\u0131z? S\u0131k\u0131\u015ft\u0131r\u0131lm\u0131\u015f Gaz G\u00fcvenli\u011fi kursumuza bug\u00fcn kaydolun ve ekibinizi, s\u0131k\u0131\u015ft\u0131r\u0131lm\u0131\u015f gazlar\u0131 g\u00fcvenli ve sorumlu bir \u015fekilde kullanmak i\u00e7in gerekli bilgi ve becerilerle donat\u0131n.<\/p>","protected":false},"excerpt":{"rendered":"<p>S\u0131k\u0131\u015ft\u0131r\u0131lm\u0131\u015f Gaz G\u00fcvenli\u011fi E\u011fitimi kursumuzla i\u015fyeri g\u00fcvenli\u011fini ve uyumlulu\u011fu art\u0131r\u0131n. Ekibinizi s\u0131k\u0131\u015ft\u0131r\u0131lm\u0131\u015f gazlar\u0131 g\u00fcvenli bir \u015fekilde kullanma bilgisiyle donat\u0131n. Daha g\u00fcvenli bir \u00e7al\u0131\u015fma ortam\u0131 i\u00e7in hemen kaydolun!<\/p>","protected":false},"featured_media":27116,"template":"","meta":{"_et_pb_use_builder":"","_et_pb_old_content":"","_et_gb_content_width":""},"product_brand":[],"product_cat":[118,132,137,138],"product_tag":[],"class_list":{"0":"post-28328","1":"product","2":"type-product","3":"status-publish","4":"has-post-thumbnail","6":"product_cat-air-and-gas-monitoring","7":"product_cat-equipment","8":"product_cat-gases","9":"product_cat-general-industry","11":"first","12":"instock","13":"virtual","14":"sold-individually","15":"purchasable","16":"product-type-simple"},"yoast_head":"<!-- This site is optimized with the Yoast SEO plugin v27.4 - https:\/\/yoast.com\/product\/yoast-seo-wordpress\/ -->\n<title>Compressed Gas Safety Training - Global Safety &amp; Environmental<\/title>\n<meta name=\"description\" content=\"Discover the importance of compressed gas safety training in workplace safety. Our course covers gas cylinder safety and regulatory compliance.\" \/>\n<meta name=\"robots\" content=\"index, follow, max-snippet:-1, max-image-preview:large, max-video-preview:-1\" \/>\n<link rel=\"canonical\" href=\"https:\/\/globaltraining.com\/tr\/urun\/basincli-gaz-guvenligi-egitimi\/\" \/>\n<meta property=\"og:locale\" content=\"tr_TR\" \/>\n<meta property=\"og:type\" content=\"article\" \/>\n<meta property=\"og:title\" content=\"Compressed Gas Safety Training - Global Safety &amp; Environmental\" \/>\n<meta property=\"og:description\" content=\"Discover the importance of compressed gas safety training in workplace safety. Our course covers gas cylinder safety and regulatory compliance.\" \/>\n<meta property=\"og:url\" content=\"https:\/\/globaltraining.com\/tr\/urun\/basincli-gaz-guvenligi-egitimi\/\" \/>\n<meta property=\"og:site_name\" content=\"Global Safety &amp; Environmental\" \/>\n<meta property=\"article:modified_time\" content=\"2024-12-06T19:02:54+00:00\" \/>\n<meta property=\"og:image\" content=\"https:\/\/globaltraining.com\/wp-content\/uploads\/2021\/12\/Compressed-Gas-Safety.jpg\" \/>\n\t<meta property=\"og:image:width\" content=\"1200\" \/>\n\t<meta property=\"og:image:height\" content=\"800\" \/>\n\t<meta property=\"og:image:type\" content=\"image\/jpeg\" \/>\n<meta name=\"twitter:card\" content=\"summary_large_image\" \/>\n<meta name=\"twitter:label1\" content=\"Est. reading time\" \/>\n\t<meta name=\"twitter:data1\" content=\"2 minutes\" \/>\n<script type=\"application\/ld+json\" class=\"yoast-schema-graph\">{\"@context\":\"https:\\\/\\\/schema.org\",\"@graph\":[{\"@type\":\"WebPage\",\"@id\":\"https:\\\/\\\/globaltraining.com\\\/product\\\/compressed-gas-safety-training\\\/\",\"url\":\"https:\\\/\\\/globaltraining.com\\\/product\\\/compressed-gas-safety-training\\\/\",\"name\":\"Compressed Gas Safety Training - Global Safety &amp; Environmental\",\"isPartOf\":{\"@id\":\"https:\\\/\\\/globaltraining.com\\\/#website\"},\"primaryImageOfPage\":{\"@id\":\"https:\\\/\\\/globaltraining.com\\\/product\\\/compressed-gas-safety-training\\\/#primaryimage\"},\"image\":{\"@id\":\"https:\\\/\\\/globaltraining.com\\\/product\\\/compressed-gas-safety-training\\\/#primaryimage\"},\"thumbnailUrl\":\"https:\\\/\\\/globaltraining.com\\\/wp-content\\\/uploads\\\/2021\\\/12\\\/Compressed-Gas-Safety.jpg\",\"datePublished\":\"2023-08-29T21:38:22+00:00\",\"dateModified\":\"2024-12-06T19:02:54+00:00\",\"description\":\"Discover the importance of compressed gas safety training in workplace safety. Our course covers gas cylinder safety and regulatory compliance.\",\"breadcrumb\":{\"@id\":\"https:\\\/\\\/globaltraining.com\\\/product\\\/compressed-gas-safety-training\\\/#breadcrumb\"},\"inLanguage\":\"tr-TR\",\"potentialAction\":[{\"@type\":\"ReadAction\",\"target\":[\"https:\\\/\\\/globaltraining.com\\\/product\\\/compressed-gas-safety-training\\\/\"]}]},{\"@type\":\"ImageObject\",\"inLanguage\":\"tr-TR\",\"@id\":\"https:\\\/\\\/globaltraining.com\\\/product\\\/compressed-gas-safety-training\\\/#primaryimage\",\"url\":\"https:\\\/\\\/globaltraining.com\\\/wp-content\\\/uploads\\\/2021\\\/12\\\/Compressed-Gas-Safety.jpg\",\"contentUrl\":\"https:\\\/\\\/globaltraining.com\\\/wp-content\\\/uploads\\\/2021\\\/12\\\/Compressed-Gas-Safety.jpg\",\"width\":1200,\"height\":800,\"caption\":\"Compressed Gas\"},{\"@type\":\"BreadcrumbList\",\"@id\":\"https:\\\/\\\/globaltraining.com\\\/product\\\/compressed-gas-safety-training\\\/#breadcrumb\",\"itemListElement\":[{\"@type\":\"ListItem\",\"position\":1,\"name\":\"Home\",\"item\":\"https:\\\/\\\/globaltraining.com\\\/\"},{\"@type\":\"ListItem\",\"position\":2,\"name\":\"Productos\",\"item\":\"https:\\\/\\\/globaltraining.com\\\/es\\\/shop\\\/\"},{\"@type\":\"ListItem\",\"position\":3,\"name\":\"Compressed Gas Safety Training\"}]},{\"@type\":\"WebSite\",\"@id\":\"https:\\\/\\\/globaltraining.com\\\/#website\",\"url\":\"https:\\\/\\\/globaltraining.com\\\/\",\"name\":\"Global Safety & Environmental\",\"description\":\"Full Service Health, Safety, and Environmental Courses\",\"publisher\":{\"@id\":\"https:\\\/\\\/globaltraining.com\\\/#organization\"},\"potentialAction\":[{\"@type\":\"SearchAction\",\"target\":{\"@type\":\"EntryPoint\",\"urlTemplate\":\"https:\\\/\\\/globaltraining.com\\\/?s={search_term_string}\"},\"query-input\":{\"@type\":\"PropertyValueSpecification\",\"valueRequired\":true,\"valueName\":\"search_term_string\"}}],\"inLanguage\":\"tr-TR\"},{\"@type\":\"Organization\",\"@id\":\"https:\\\/\\\/globaltraining.com\\\/#organization\",\"name\":\"Global Safety & Environmental\",\"url\":\"https:\\\/\\\/globaltraining.com\\\/\",\"logo\":{\"@type\":\"ImageObject\",\"inLanguage\":\"tr-TR\",\"@id\":\"https:\\\/\\\/globaltraining.com\\\/#\\\/schema\\\/logo\\\/image\\\/\",\"url\":\"https:\\\/\\\/globaltraining.com\\\/wp-content\\\/uploads\\\/2021\\\/01\\\/GSE-Logo-for-email.png\",\"contentUrl\":\"https:\\\/\\\/globaltraining.com\\\/wp-content\\\/uploads\\\/2021\\\/01\\\/GSE-Logo-for-email.png\",\"width\":400,\"height\":101,\"caption\":\"Global Safety & Environmental\"},\"image\":{\"@id\":\"https:\\\/\\\/globaltraining.com\\\/#\\\/schema\\\/logo\\\/image\\\/\"}}]}<\/script>\n<!-- \/ Yoast SEO plugin. -->","yoast_head_json":{"title":"S\u0131k\u0131\u015ft\u0131r\u0131lm\u0131\u015f Gaz G\u00fcvenlik E\u011fitimi - K\u00fcresel G\u00fcvenlik ve \u00c7evre","description":"\u0130\u015fyeri g\u00fcvenli\u011finde bas\u0131n\u00e7l\u0131 gaz g\u00fcvenli\u011fi e\u011fitiminin \u00f6nemini ke\u015ffedin. Kursumuz gaz silindiri g\u00fcvenli\u011fi ve d\u00fczenleyici uyumlulu\u011funu kapsar.","robots":{"index":"index","follow":"follow","max-snippet":"max-snippet:-1","max-image-preview":"max-image-preview:large","max-video-preview":"max-video-preview:-1"},"canonical":"https:\/\/globaltraining.com\/tr\/urun\/basincli-gaz-guvenligi-egitimi\/","og_locale":"tr_TR","og_type":"article","og_title":"Compressed Gas Safety Training - Global Safety &amp; Environmental","og_description":"Discover the importance of compressed gas safety training in workplace safety. Our course covers gas cylinder safety and regulatory compliance.","og_url":"https:\/\/globaltraining.com\/tr\/urun\/basincli-gaz-guvenligi-egitimi\/","og_site_name":"Global Safety &amp; Environmental","article_modified_time":"2024-12-06T19:02:54+00:00","og_image":[{"width":1200,"height":800,"url":"https:\/\/globaltraining.com\/wp-content\/uploads\/2021\/12\/Compressed-Gas-Safety.jpg","type":"image\/jpeg"}],"twitter_card":"summary_large_image","twitter_misc":{"Est. reading time":"2 minutes"},"schema":{"@context":"https:\/\/schema.org","@graph":[{"@type":"WebPage","@id":"https:\/\/globaltraining.com\/product\/compressed-gas-safety-training\/","url":"https:\/\/globaltraining.com\/product\/compressed-gas-safety-training\/","name":"S\u0131k\u0131\u015ft\u0131r\u0131lm\u0131\u015f Gaz G\u00fcvenlik E\u011fitimi - K\u00fcresel G\u00fcvenlik ve \u00c7evre","isPartOf":{"@id":"https:\/\/globaltraining.com\/#website"},"primaryImageOfPage":{"@id":"https:\/\/globaltraining.com\/product\/compressed-gas-safety-training\/#primaryimage"},"image":{"@id":"https:\/\/globaltraining.com\/product\/compressed-gas-safety-training\/#primaryimage"},"thumbnailUrl":"https:\/\/globaltraining.com\/wp-content\/uploads\/2021\/12\/Compressed-Gas-Safety.jpg","datePublished":"2023-08-29T21:38:22+00:00","dateModified":"2024-12-06T19:02:54+00:00","description":"\u0130\u015fyeri g\u00fcvenli\u011finde bas\u0131n\u00e7l\u0131 gaz g\u00fcvenli\u011fi e\u011fitiminin \u00f6nemini ke\u015ffedin. Kursumuz gaz silindiri g\u00fcvenli\u011fi ve d\u00fczenleyici uyumlulu\u011funu kapsar.","breadcrumb":{"@id":"https:\/\/globaltraining.com\/product\/compressed-gas-safety-training\/#breadcrumb"},"inLanguage":"tr-TR","potentialAction":[{"@type":"ReadAction","target":["https:\/\/globaltraining.com\/product\/compressed-gas-safety-training\/"]}]},{"@type":"ImageObject","inLanguage":"tr-TR","@id":"https:\/\/globaltraining.com\/product\/compressed-gas-safety-training\/#primaryimage","url":"https:\/\/globaltraining.com\/wp-content\/uploads\/2021\/12\/Compressed-Gas-Safety.jpg","contentUrl":"https:\/\/globaltraining.com\/wp-content\/uploads\/2021\/12\/Compressed-Gas-Safety.jpg","width":1200,"height":800,"caption":"Compressed Gas"},{"@type":"BreadcrumbList","@id":"https:\/\/globaltraining.com\/product\/compressed-gas-safety-training\/#breadcrumb","itemListElement":[{"@type":"ListItem","position":1,"name":"Home","item":"https:\/\/globaltraining.com\/"},{"@type":"ListItem","position":2,"name":"Productos","item":"https:\/\/globaltraining.com\/es\/shop\/"},{"@type":"ListItem","position":3,"name":"Compressed Gas Safety Training"}]},{"@type":"WebSite","@id":"https:\/\/globaltraining.com\/#website","url":"https:\/\/globaltraining.com\/","name":"K\u00fcresel G\u00fcvenlik ve \u00c7evre","description":"Tam Hizmet Sa\u011fl\u0131k, G\u00fcvenlik ve \u00c7evre Kurslar\u0131","publisher":{"@id":"https:\/\/globaltraining.com\/#organization"},"potentialAction":[{"@type":"SearchAction","target":{"@type":"EntryPoint","urlTemplate":"https:\/\/globaltraining.com\/?s={search_term_string}"},"query-input":{"@type":"PropertyValueSpecification","valueRequired":true,"valueName":"search_term_string"}}],"inLanguage":"tr-TR"},{"@type":"Organization","@id":"https:\/\/globaltraining.com\/#organization","name":"K\u00fcresel G\u00fcvenlik ve \u00c7evre","url":"https:\/\/globaltraining.com\/","logo":{"@type":"ImageObject","inLanguage":"tr-TR","@id":"https:\/\/globaltraining.com\/#\/schema\/logo\/image\/","url":"https:\/\/globaltraining.com\/wp-content\/uploads\/2021\/01\/GSE-Logo-for-email.png","contentUrl":"https:\/\/globaltraining.com\/wp-content\/uploads\/2021\/01\/GSE-Logo-for-email.png","width":400,"height":101,"caption":"Global Safety & Environmental"},"image":{"@id":"https:\/\/globaltraining.com\/#\/schema\/logo\/image\/"}}]}},"_links":{"self":[{"href":"https:\/\/globaltraining.com\/tr\/wp-json\/wp\/v2\/product\/28328","targetHints":{"allow":["GET"]}}],"collection":[{"href":"https:\/\/globaltraining.com\/tr\/wp-json\/wp\/v2\/product"}],"about":[{"href":"https:\/\/globaltraining.com\/tr\/wp-json\/wp\/v2\/types\/product"}],"wp:featuredmedia":[{"embeddable":true,"href":"https:\/\/globaltraining.com\/tr\/wp-json\/wp\/v2\/media\/27116"}],"wp:attachment":[{"href":"https:\/\/globaltraining.com\/tr\/wp-json\/wp\/v2\/media?parent=28328"}],"wp:term":[{"taxonomy":"product_brand","embeddable":true,"href":"https:\/\/globaltraining.com\/tr\/wp-json\/wp\/v2\/product_brand?post=28328"},{"taxonomy":"product_cat","embeddable":true,"href":"https:\/\/globaltraining.com\/tr\/wp-json\/wp\/v2\/product_cat?post=28328"},{"taxonomy":"product_tag","embeddable":true,"href":"https:\/\/globaltraining.com\/tr\/wp-json\/wp\/v2\/product_tag?post=28328"}],"curies":[{"name":"wp","href":"https:\/\/api.w.org\/{rel}","templated":true}]}}