{"id":28327,"date":"2023-08-29T16:28:25","date_gmt":"2023-08-29T21:28:25","guid":{"rendered":"https:\/\/globaltraining.com\/?post_type=product&#038;p=28327"},"modified":"2024-12-06T13:12:11","modified_gmt":"2024-12-06T19:12:11","slug":"soguk-hava-guvenligi","status":"publish","type":"product","link":"https:\/\/globaltraining.com\/tr\/product\/cold-weather-safety\/","title":{"rendered":"So\u011fuk Hava G\u00fcvenli\u011fi"},"content":{"rendered":"<h2>So\u011fuk Hava: So\u011fuk Ko\u015fullarda Kendinizi Korumak<\/h2>\n<p>C\u0131va d\u00fc\u015ft\u00fc\u011f\u00fcnde so\u011fuk hava g\u00fcvenli\u011fine \u00f6ncelik vermek \u00e7ok \u00f6nemlidir. \u0130ster a\u00e7\u0131k havada \u00e7al\u0131\u015f\u0131yor olun ister sadece do\u011fa \u015fartlar\u0131na kar\u015f\u0131 kar\u015f\u0131ya olun, so\u011fuk havalarda nas\u0131l g\u00fcvende kalaca\u011f\u0131n\u0131z\u0131 anlamak \u00e7ok \u00f6nemlidir. Bu kapsaml\u0131 k\u0131lavuzda, k\u0131\u015f havas\u0131 g\u00fcvenli\u011fi ipu\u00e7lar\u0131 ve OSHA&#039;n\u0131n so\u011fuk hava g\u00fcvenli\u011fi kurallar\u0131na uygunluk da dahil olmak \u00fczere, k\u0131\u015f havas\u0131 g\u00fcvenli\u011finin t\u00fcm y\u00f6nlerini ele alaca\u011f\u0131z.<\/p>\n<h2>K\u0131\u015f Hava G\u00fcvenli\u011fi<\/h2>\n<p>K\u0131\u015f mevsimi yakla\u015f\u0131rken getirdi\u011fi zorluklara kar\u015f\u0131 iyi haz\u0131rl\u0131kl\u0131 olmak hayati \u00f6nem ta\u015f\u0131yor. K\u0131\u015f mevsiminde hava g\u00fcvenli\u011fi, kendinizi ve ba\u015fkalar\u0131n\u0131 so\u011fukla ilgili tehlikelerden korumak i\u00e7in \u00e7e\u015fitli \u00f6nlemleri kapsar. Bu, katmanlar halinde giyinmeyi, uygun so\u011fuk hava k\u0131yafetleri giymeyi ve donma ve hipotermi gibi so\u011fukla ilgili hastal\u0131klar\u0131n belirtilerini bilmeyi i\u00e7erir.<\/p>\n<h2>OSHA&#039;ya uygunluk<\/h2>\n<p>Mesleki G\u00fcvenlik ve Sa\u011fl\u0131k \u0130daresi (OSHA), i\u015fyerinde k\u0131\u015f havas\u0131 g\u00fcvenli\u011fini sa\u011flamak i\u00e7in \u00f6zel kurallar sunmaktad\u0131r. Bu d\u00fczenlemeler, i\u015f\u00e7ileri so\u011fu\u011fa ba\u011fl\u0131 yaralanma ve hastal\u0131klardan korumak i\u00e7in mevcuttur. \u0130\u015fverenler, \u00e7al\u0131\u015fanlar\u0131n bu y\u00f6nergelerden haberdar olmas\u0131n\u0131 sa\u011flamal\u0131 ve bunlar\u0131 etkili bir \u015fekilde uygulamak i\u00e7in gerekli kaynaklar\u0131 sa\u011flamal\u0131d\u0131r.<\/p>\n<p>OSHA&#039;n\u0131n so\u011fuk hava g\u00fcvenli\u011fi \u00f6nerileri aras\u0131nda uygun e\u011fitim, s\u0131cak alanlarda d\u00fczenli molalar ve yal\u0131t\u0131ml\u0131 giysi ve ekipman sa\u011flanmas\u0131 yer al\u0131yor. Uyumluluk yaln\u0131zca \u00e7al\u0131\u015fanlar\u0131 g\u00fcvende tutmakla kalmaz, ayn\u0131 zamanda yasal uyumu da sa\u011flar.<\/p>\n<h2>So\u011fukla \u0130lgili Olaylar\u0131n \u00d6nlenmesi<\/h2>\n<p>So\u011fukla ilgili olaylar\u0131 \u00f6nlemek i\u00e7in proaktif ad\u0131mlar atmak, k\u0131\u015f mevsiminde hava g\u00fcvenli\u011finin anahtar\u0131d\u0131r. So\u011fuk stresi ve havayla ilgili di\u011fer sa\u011fl\u0131k sorunlar\u0131n\u0131n belirtilerini tan\u0131ma konusunda kendinizi ve ekibinizi e\u011fitin. Semptomlar\u0131n bildirilmesini ve gerekti\u011finde derhal t\u0131bbi yard\u0131m al\u0131nmas\u0131n\u0131 te\u015fvik eden bir g\u00fcvenlik k\u00fclt\u00fcr\u00fcn\u00fc te\u015fvik edin.<\/p>\n<p>Sonu\u00e7 olarak, k\u0131\u015f mevsiminde hava g\u00fcvenli\u011fini benimsemek, ki\u015fisel refah ve i\u015fyeri g\u00fcvenli\u011fi i\u00e7in \u00e7ok \u00f6nemlidir. \u0130ster i\u015fveren ister birey olun, k\u0131\u015f\u0131n hava \u015fartlar\u0131na kar\u015f\u0131 g\u00fcvenlikle ilgili bilgi ve uygulamalar \u00f6nemli bir fark yaratabilir. So\u011fuk havan\u0131n sizi haz\u0131rl\u0131ks\u0131z yakalamas\u0131na izin vermeyin; haz\u0131rl\u0131kl\u0131 olun ve g\u00fcvende kal\u0131n.<\/p>","protected":false},"excerpt":{"rendered":"<p>So\u011fuk Hava G\u00fcvenli\u011fi Kursumuzla s\u0131cak, g\u00fcvenli ve OSHA uyumlu kal\u0131n. K\u0131\u015f aylar\u0131nda kendinizi so\u011fuktan nas\u0131l koruyaca\u011f\u0131n\u0131z\u0131 ve i\u015fyeri g\u00fcvenli\u011fini nas\u0131l sa\u011flayaca\u011f\u0131n\u0131z\u0131 \u00f6\u011frenin. Daha g\u00fcvenli bir k\u0131\u015f deneyimi i\u00e7in hemen kaydolun!<\/p>","protected":false},"featured_media":27150,"template":"","meta":{"_et_pb_use_builder":"","_et_pb_old_content":"","_et_gb_content_width":""},"product_brand":[],"product_cat":[174,143,156,160,170],"product_tag":[],"class_list":{"0":"post-28327","1":"product","2":"type-product","3":"status-publish","4":"has-post-thumbnail","6":"product_cat-environmental","7":"product_cat-health-and-safety","8":"product_cat-occupational-health-and-safety","9":"product_cat-ppe","10":"product_cat-weather","12":"first","13":"instock","14":"virtual","15":"sold-individually","16":"purchasable","17":"product-type-simple"},"yoast_head":"<!-- This site is optimized with the Yoast SEO plugin v27.3 - https:\/\/yoast.com\/product\/yoast-seo-wordpress\/ -->\n<title>Cold Weather Safety - Global Safety &amp; Environmental<\/title>\n<meta name=\"description\" content=\"Learn essential cold weather safety measures and OSHA compliance guidelines in our comprehensive guide. Stay safe and prepared in chilly conditions.\" \/>\n<meta name=\"robots\" content=\"index, follow, max-snippet:-1, max-image-preview:large, max-video-preview:-1\" \/>\n<link rel=\"canonical\" href=\"https:\/\/globaltraining.com\/tr\/urun\/soguk-hava-guvenligi\/\" \/>\n<meta property=\"og:locale\" content=\"tr_TR\" \/>\n<meta property=\"og:type\" content=\"article\" \/>\n<meta property=\"og:title\" content=\"Cold Weather Safety - Global Safety &amp; Environmental\" \/>\n<meta property=\"og:description\" content=\"Learn essential cold weather safety measures and OSHA compliance guidelines in our comprehensive guide. Stay safe and prepared in chilly conditions.\" \/>\n<meta property=\"og:url\" content=\"https:\/\/globaltraining.com\/tr\/urun\/soguk-hava-guvenligi\/\" \/>\n<meta property=\"og:site_name\" content=\"Global Safety &amp; Environmental\" \/>\n<meta property=\"article:modified_time\" content=\"2024-12-06T19:12:11+00:00\" \/>\n<meta property=\"og:image\" content=\"https:\/\/globaltraining.com\/wp-content\/uploads\/2021\/08\/cold-working.jpg\" \/>\n\t<meta property=\"og:image:width\" content=\"1200\" \/>\n\t<meta property=\"og:image:height\" content=\"800\" \/>\n\t<meta property=\"og:image:type\" content=\"image\/jpeg\" \/>\n<meta name=\"twitter:card\" content=\"summary_large_image\" \/>\n<meta name=\"twitter:label1\" content=\"Est. reading time\" \/>\n\t<meta name=\"twitter:data1\" content=\"2 minutes\" \/>\n<script type=\"application\/ld+json\" class=\"yoast-schema-graph\">{\"@context\":\"https:\\\/\\\/schema.org\",\"@graph\":[{\"@type\":\"WebPage\",\"@id\":\"https:\\\/\\\/globaltraining.com\\\/product\\\/cold-weather-safety\\\/\",\"url\":\"https:\\\/\\\/globaltraining.com\\\/product\\\/cold-weather-safety\\\/\",\"name\":\"Cold Weather Safety - Global Safety &amp; Environmental\",\"isPartOf\":{\"@id\":\"https:\\\/\\\/globaltraining.com\\\/#website\"},\"primaryImageOfPage\":{\"@id\":\"https:\\\/\\\/globaltraining.com\\\/product\\\/cold-weather-safety\\\/#primaryimage\"},\"image\":{\"@id\":\"https:\\\/\\\/globaltraining.com\\\/product\\\/cold-weather-safety\\\/#primaryimage\"},\"thumbnailUrl\":\"https:\\\/\\\/globaltraining.com\\\/wp-content\\\/uploads\\\/2021\\\/08\\\/cold-working.jpg\",\"datePublished\":\"2023-08-29T21:28:25+00:00\",\"dateModified\":\"2024-12-06T19:12:11+00:00\",\"description\":\"Learn essential cold weather safety measures and OSHA compliance guidelines in our comprehensive guide. Stay safe and prepared in chilly conditions.\",\"breadcrumb\":{\"@id\":\"https:\\\/\\\/globaltraining.com\\\/product\\\/cold-weather-safety\\\/#breadcrumb\"},\"inLanguage\":\"tr-TR\",\"potentialAction\":[{\"@type\":\"ReadAction\",\"target\":[\"https:\\\/\\\/globaltraining.com\\\/product\\\/cold-weather-safety\\\/\"]}]},{\"@type\":\"ImageObject\",\"inLanguage\":\"tr-TR\",\"@id\":\"https:\\\/\\\/globaltraining.com\\\/product\\\/cold-weather-safety\\\/#primaryimage\",\"url\":\"https:\\\/\\\/globaltraining.com\\\/wp-content\\\/uploads\\\/2021\\\/08\\\/cold-working.jpg\",\"contentUrl\":\"https:\\\/\\\/globaltraining.com\\\/wp-content\\\/uploads\\\/2021\\\/08\\\/cold-working.jpg\",\"width\":1200,\"height\":800,\"caption\":\"cold weather safety\"},{\"@type\":\"BreadcrumbList\",\"@id\":\"https:\\\/\\\/globaltraining.com\\\/product\\\/cold-weather-safety\\\/#breadcrumb\",\"itemListElement\":[{\"@type\":\"ListItem\",\"position\":1,\"name\":\"Home\",\"item\":\"https:\\\/\\\/globaltraining.com\\\/\"},{\"@type\":\"ListItem\",\"position\":2,\"name\":\"Productos\",\"item\":\"https:\\\/\\\/globaltraining.com\\\/es\\\/shop\\\/\"},{\"@type\":\"ListItem\",\"position\":3,\"name\":\"Cold Weather Safety\"}]},{\"@type\":\"WebSite\",\"@id\":\"https:\\\/\\\/globaltraining.com\\\/#website\",\"url\":\"https:\\\/\\\/globaltraining.com\\\/\",\"name\":\"Global Safety & Environmental\",\"description\":\"Full Service Health, Safety, and Environmental Courses\",\"publisher\":{\"@id\":\"https:\\\/\\\/globaltraining.com\\\/#organization\"},\"potentialAction\":[{\"@type\":\"SearchAction\",\"target\":{\"@type\":\"EntryPoint\",\"urlTemplate\":\"https:\\\/\\\/globaltraining.com\\\/?s={search_term_string}\"},\"query-input\":{\"@type\":\"PropertyValueSpecification\",\"valueRequired\":true,\"valueName\":\"search_term_string\"}}],\"inLanguage\":\"tr-TR\"},{\"@type\":\"Organization\",\"@id\":\"https:\\\/\\\/globaltraining.com\\\/#organization\",\"name\":\"Global Safety & Environmental\",\"url\":\"https:\\\/\\\/globaltraining.com\\\/\",\"logo\":{\"@type\":\"ImageObject\",\"inLanguage\":\"tr-TR\",\"@id\":\"https:\\\/\\\/globaltraining.com\\\/#\\\/schema\\\/logo\\\/image\\\/\",\"url\":\"https:\\\/\\\/globaltraining.com\\\/wp-content\\\/uploads\\\/2021\\\/01\\\/GSE-Logo-for-email.png\",\"contentUrl\":\"https:\\\/\\\/globaltraining.com\\\/wp-content\\\/uploads\\\/2021\\\/01\\\/GSE-Logo-for-email.png\",\"width\":400,\"height\":101,\"caption\":\"Global Safety & Environmental\"},\"image\":{\"@id\":\"https:\\\/\\\/globaltraining.com\\\/#\\\/schema\\\/logo\\\/image\\\/\"}}]}<\/script>\n<!-- \/ Yoast SEO plugin. -->","yoast_head_json":{"title":"So\u011fuk Hava G\u00fcvenli\u011fi - K\u00fcresel G\u00fcvenlik ve \u00c7evre","description":"Kapsaml\u0131 rehberimizde temel so\u011fuk hava g\u00fcvenlik \u00f6nlemlerini ve OSHA uyumluluk y\u00f6nergelerini \u00f6\u011frenin. So\u011fuk ko\u015fullarda g\u00fcvende ve haz\u0131rl\u0131kl\u0131 kal\u0131n.","robots":{"index":"index","follow":"follow","max-snippet":"max-snippet:-1","max-image-preview":"max-image-preview:large","max-video-preview":"max-video-preview:-1"},"canonical":"https:\/\/globaltraining.com\/tr\/urun\/soguk-hava-guvenligi\/","og_locale":"tr_TR","og_type":"article","og_title":"Cold Weather Safety - Global Safety &amp; Environmental","og_description":"Learn essential cold weather safety measures and OSHA compliance guidelines in our comprehensive guide. Stay safe and prepared in chilly conditions.","og_url":"https:\/\/globaltraining.com\/tr\/urun\/soguk-hava-guvenligi\/","og_site_name":"Global Safety &amp; Environmental","article_modified_time":"2024-12-06T19:12:11+00:00","og_image":[{"width":1200,"height":800,"url":"https:\/\/globaltraining.com\/wp-content\/uploads\/2021\/08\/cold-working.jpg","type":"image\/jpeg"}],"twitter_card":"summary_large_image","twitter_misc":{"Est. reading time":"2 minutes"},"schema":{"@context":"https:\/\/schema.org","@graph":[{"@type":"WebPage","@id":"https:\/\/globaltraining.com\/product\/cold-weather-safety\/","url":"https:\/\/globaltraining.com\/product\/cold-weather-safety\/","name":"So\u011fuk Hava G\u00fcvenli\u011fi - K\u00fcresel G\u00fcvenlik ve \u00c7evre","isPartOf":{"@id":"https:\/\/globaltraining.com\/#website"},"primaryImageOfPage":{"@id":"https:\/\/globaltraining.com\/product\/cold-weather-safety\/#primaryimage"},"image":{"@id":"https:\/\/globaltraining.com\/product\/cold-weather-safety\/#primaryimage"},"thumbnailUrl":"https:\/\/globaltraining.com\/wp-content\/uploads\/2021\/08\/cold-working.jpg","datePublished":"2023-08-29T21:28:25+00:00","dateModified":"2024-12-06T19:12:11+00:00","description":"Kapsaml\u0131 rehberimizde temel so\u011fuk hava g\u00fcvenlik \u00f6nlemlerini ve OSHA uyumluluk y\u00f6nergelerini \u00f6\u011frenin. So\u011fuk ko\u015fullarda g\u00fcvende ve haz\u0131rl\u0131kl\u0131 kal\u0131n.","breadcrumb":{"@id":"https:\/\/globaltraining.com\/product\/cold-weather-safety\/#breadcrumb"},"inLanguage":"tr-TR","potentialAction":[{"@type":"ReadAction","target":["https:\/\/globaltraining.com\/product\/cold-weather-safety\/"]}]},{"@type":"ImageObject","inLanguage":"tr-TR","@id":"https:\/\/globaltraining.com\/product\/cold-weather-safety\/#primaryimage","url":"https:\/\/globaltraining.com\/wp-content\/uploads\/2021\/08\/cold-working.jpg","contentUrl":"https:\/\/globaltraining.com\/wp-content\/uploads\/2021\/08\/cold-working.jpg","width":1200,"height":800,"caption":"cold weather safety"},{"@type":"BreadcrumbList","@id":"https:\/\/globaltraining.com\/product\/cold-weather-safety\/#breadcrumb","itemListElement":[{"@type":"ListItem","position":1,"name":"Home","item":"https:\/\/globaltraining.com\/"},{"@type":"ListItem","position":2,"name":"Productos","item":"https:\/\/globaltraining.com\/es\/shop\/"},{"@type":"ListItem","position":3,"name":"Cold Weather Safety"}]},{"@type":"WebSite","@id":"https:\/\/globaltraining.com\/#website","url":"https:\/\/globaltraining.com\/","name":"K\u00fcresel G\u00fcvenlik ve \u00c7evre","description":"Tam Hizmet Sa\u011fl\u0131k, G\u00fcvenlik ve \u00c7evre Kurslar\u0131","publisher":{"@id":"https:\/\/globaltraining.com\/#organization"},"potentialAction":[{"@type":"SearchAction","target":{"@type":"EntryPoint","urlTemplate":"https:\/\/globaltraining.com\/?s={search_term_string}"},"query-input":{"@type":"PropertyValueSpecification","valueRequired":true,"valueName":"search_term_string"}}],"inLanguage":"tr-TR"},{"@type":"Organization","@id":"https:\/\/globaltraining.com\/#organization","name":"K\u00fcresel G\u00fcvenlik ve \u00c7evre","url":"https:\/\/globaltraining.com\/","logo":{"@type":"ImageObject","inLanguage":"tr-TR","@id":"https:\/\/globaltraining.com\/#\/schema\/logo\/image\/","url":"https:\/\/globaltraining.com\/wp-content\/uploads\/2021\/01\/GSE-Logo-for-email.png","contentUrl":"https:\/\/globaltraining.com\/wp-content\/uploads\/2021\/01\/GSE-Logo-for-email.png","width":400,"height":101,"caption":"Global Safety & Environmental"},"image":{"@id":"https:\/\/globaltraining.com\/#\/schema\/logo\/image\/"}}]}},"_links":{"self":[{"href":"https:\/\/globaltraining.com\/tr\/wp-json\/wp\/v2\/product\/28327","targetHints":{"allow":["GET"]}}],"collection":[{"href":"https:\/\/globaltraining.com\/tr\/wp-json\/wp\/v2\/product"}],"about":[{"href":"https:\/\/globaltraining.com\/tr\/wp-json\/wp\/v2\/types\/product"}],"wp:featuredmedia":[{"embeddable":true,"href":"https:\/\/globaltraining.com\/tr\/wp-json\/wp\/v2\/media\/27150"}],"wp:attachment":[{"href":"https:\/\/globaltraining.com\/tr\/wp-json\/wp\/v2\/media?parent=28327"}],"wp:term":[{"taxonomy":"product_brand","embeddable":true,"href":"https:\/\/globaltraining.com\/tr\/wp-json\/wp\/v2\/product_brand?post=28327"},{"taxonomy":"product_cat","embeddable":true,"href":"https:\/\/globaltraining.com\/tr\/wp-json\/wp\/v2\/product_cat?post=28327"},{"taxonomy":"product_tag","embeddable":true,"href":"https:\/\/globaltraining.com\/tr\/wp-json\/wp\/v2\/product_tag?post=28327"}],"curies":[{"name":"wp","href":"https:\/\/api.w.org\/{rel}","templated":true}]}}