{"id":28326,"date":"2023-08-29T16:25:21","date_gmt":"2023-08-29T21:25:21","guid":{"rendered":"https:\/\/globaltraining.com\/?post_type=product&#038;p=28326"},"modified":"2024-12-06T13:12:46","modified_gmt":"2024-12-06T19:12:46","slug":"soguk-stresi","status":"publish","type":"product","link":"https:\/\/globaltraining.com\/tr\/product\/cold-stress\/","title":{"rendered":"So\u011fuk Stresi"},"content":{"rendered":"<h2>So\u011fuk Stresini Anlamak: Belirtileri ve \u00d6nlenmesi<\/h2>\n<p>So\u011fuk stresi \u00f6zellikle so\u011fuk ortamlarda \u00e7al\u0131\u015fanlar i\u00e7in \u00f6nemli bir sorundur. D\u00fczg\u00fcn y\u00f6netilmedi\u011fi takdirde sa\u011fl\u0131k a\u00e7\u0131s\u0131ndan ciddi sonu\u00e7lar do\u011furabilir. Bu kapsaml\u0131 k\u0131lavuzda kavram\u0131 ve semptomlar\u0131n\u0131, \u00f6nleyici tedbirleri ve OSHA y\u00f6nergelerine uyumun \u00f6nemini inceleyece\u011fiz.<\/p>\n<h2>So\u011fuk alg\u0131nl\u0131\u011f\u0131 belirtileri<\/h2>\n<p>Bu semptomlar\u0131n tan\u0131nmas\u0131 hem i\u015fverenler hem de \u00e7al\u0131\u015fanlar i\u00e7in \u00e7ok \u00f6nemlidir. A\u015f\u0131r\u0131 so\u011fu\u011fa maruz kalmak donma, hipotermi ve di\u011fer sa\u011fl\u0131k sorunlar\u0131na yol a\u00e7abilir. Semptomlar uyu\u015fma, kar\u0131ncalanma, titreme, kafa kar\u0131\u015f\u0131kl\u0131\u011f\u0131 ve koordinasyon kayb\u0131n\u0131 i\u00e7erebilir. Bu i\u015faretler ortaya \u00e7\u0131karsa dikkatli olmak ve derhal harekete ge\u00e7mek \u00e7ok \u00f6nemlidir.<\/p>\n<h2>OSHA Y\u00f6nergelerine Uyum<\/h2>\n<p>Mesleki G\u00fcvenlik ve Sa\u011fl\u0131k \u0130daresi (OSHA), i\u015fyerinde so\u011fuk havay\u0131 ve stresi \u00f6nlemek ve y\u00f6netmek i\u00e7in a\u00e7\u0131k y\u00f6nergeler sa\u011flar. Bu d\u00fczenlemeler i\u015f\u00e7ileri korumak ve g\u00fcvenliklerini sa\u011flamak i\u00e7in tasarlanm\u0131\u015ft\u0131r. \u0130\u015fverenlerin g\u00fcvenli bir \u00e7al\u0131\u015fma ortam\u0131 yaratmak i\u00e7in OSHA&#039;n\u0131n tavsiyeleri konusunda bilgili olmas\u0131 gerekir.<\/p>\n<p>OSHA, yeterli koruyucu k\u0131yafet sa\u011flanmas\u0131, s\u0131cak b\u00f6lgelerde d\u00fczenli molalar verilmesi ve \u00e7al\u0131\u015fanlar\u0131n stres riskleri konusunda e\u011fitilmesi gibi \u00f6nlemler \u00f6nermektedir. Bu kurallara uymak, yaln\u0131zca \u015fiddetli hava ko\u015fullar\u0131nda stres riskini azaltmakla kalmaz, ayn\u0131 zamanda yasal uyumu da sa\u011flar.<\/p>\n<h2>So\u011fuk Stresini \u00d6nlemek<\/h2>\n<p>\u00d6nleme, so\u011fuk stresinin etkilerini azaltman\u0131n anahtar\u0131d\u0131r. \u0130\u015fverenler \u00e7al\u0131\u015fanlar\u0131n\u0131 korumak i\u00e7in proaktif bir yakla\u015f\u0131m uygulamal\u0131d\u0131r. Buna uygun k\u0131yafetlerin sa\u011flanmas\u0131, hava ko\u015fullar\u0131n\u0131n izlenmesi ve so\u011fuk havalarda stresin \u00f6nlenmesi ve tan\u0131nmas\u0131 konusunda e\u011fitim verilmesi de dahildir. \u00d6te yandan \u00e7al\u0131\u015fanlar, yal\u0131t\u0131ml\u0131 giysiler giyerek, kuru kalarak ve herhangi bir semptomu derhal bildirerek kendi sa\u011fl\u0131klar\u0131n\u0131n sorumlulu\u011funu \u00fcstlenmelidir. \u0130\u015fverenler ve \u00e7al\u0131\u015fanlar birlikte daha g\u00fcvenli bir \u00e7al\u0131\u015fma ortam\u0131 yaratabilirler.<\/p>\n<p>Sonu\u00e7 olarak bu belirtilerin anla\u015f\u0131lmas\u0131 ve \u00f6nleyici tedbirlerin al\u0131nmas\u0131, so\u011fuk ortamlarda \u00e7al\u0131\u015fanlar\u0131n korunmas\u0131 a\u00e7\u0131s\u0131ndan kritik \u00f6neme sahiptir. OSHA y\u00f6nergelerine uyum yaln\u0131zca yasal bir gereklilik de\u011fil ayn\u0131 zamanda ahlaki bir y\u00fck\u00fcml\u00fcl\u00fckt\u00fcr. \u00c7al\u0131\u015fanlar\u0131n refah\u0131n\u0131 \u00f6n planda tutmak, daha sa\u011fl\u0131kl\u0131 ve daha \u00fcretken bir i\u015f g\u00fcc\u00fc sa\u011flar.<\/p>","protected":false},"excerpt":{"rendered":"<p>G\u00fcvende kal\u0131n ve \u00e7al\u0131\u015fanlar\u0131n\u0131z\u0131n korunmas\u0131n\u0131 sa\u011flay\u0131n <strong>so\u011fuk stresi<\/strong> So\u011fuk Stresi Fark\u0131ndal\u0131k Kursumuz ile. Ekibinizi semptomlar\u0131 tan\u0131ma, olaylar\u0131 \u00f6nleme ve OSHA d\u00fczenlemelerine uyma bilgisiyle donat\u0131n. Daha g\u00fcvenli bir i\u015f yeri i\u00e7in hemen kaydolun!<\/p>","protected":false},"featured_media":27184,"template":"","meta":{"_et_pb_use_builder":"","_et_pb_old_content":"","_et_gb_content_width":""},"product_brand":[],"product_cat":[131,174,143,156,160,170],"product_tag":[],"class_list":{"0":"post-28326","1":"product","2":"type-product","3":"status-publish","4":"has-post-thumbnail","6":"product_cat-emergency-preparedness","7":"product_cat-environmental","8":"product_cat-health-and-safety","9":"product_cat-occupational-health-and-safety","10":"product_cat-ppe","11":"product_cat-weather","13":"first","14":"instock","15":"virtual","16":"sold-individually","17":"purchasable","18":"product-type-simple"},"yoast_head":"<!-- This site is optimized with the Yoast SEO plugin v27.4 - https:\/\/yoast.com\/product\/yoast-seo-wordpress\/ -->\n<title>Cold Stress - Global Safety &amp; Environmental<\/title>\n<meta name=\"description\" content=\"Learn about cold stress symptoms, prevention, and OSHA guidelines in our comprehensive guide. Protect your workforce from cold-related health risks.\" \/>\n<meta name=\"robots\" content=\"index, follow, max-snippet:-1, max-image-preview:large, max-video-preview:-1\" \/>\n<link rel=\"canonical\" href=\"https:\/\/globaltraining.com\/tr\/urun\/soguk-stresi\/\" \/>\n<meta property=\"og:locale\" content=\"tr_TR\" \/>\n<meta property=\"og:type\" content=\"article\" \/>\n<meta property=\"og:title\" content=\"Cold Stress - Global Safety &amp; Environmental\" \/>\n<meta property=\"og:description\" content=\"Learn about cold stress symptoms, prevention, and OSHA guidelines in our comprehensive guide. Protect your workforce from cold-related health risks.\" \/>\n<meta property=\"og:url\" content=\"https:\/\/globaltraining.com\/tr\/urun\/soguk-stresi\/\" \/>\n<meta property=\"og:site_name\" content=\"Global Safety &amp; Environmental\" \/>\n<meta property=\"article:modified_time\" content=\"2024-12-06T19:12:46+00:00\" \/>\n<meta property=\"og:image\" content=\"https:\/\/globaltraining.com\/wp-content\/uploads\/2021\/09\/red-black-snowblower-machine-in-the-process-of-wor-CM9R2UU.jpg\" \/>\n\t<meta property=\"og:image:width\" content=\"1200\" \/>\n\t<meta property=\"og:image:height\" content=\"800\" \/>\n\t<meta property=\"og:image:type\" content=\"image\/jpeg\" \/>\n<meta name=\"twitter:card\" content=\"summary_large_image\" \/>\n<meta name=\"twitter:label1\" content=\"Est. reading time\" \/>\n\t<meta name=\"twitter:data1\" content=\"2 minutes\" \/>\n<script type=\"application\/ld+json\" class=\"yoast-schema-graph\">{\"@context\":\"https:\\\/\\\/schema.org\",\"@graph\":[{\"@type\":\"WebPage\",\"@id\":\"https:\\\/\\\/globaltraining.com\\\/product\\\/cold-stress\\\/\",\"url\":\"https:\\\/\\\/globaltraining.com\\\/product\\\/cold-stress\\\/\",\"name\":\"Cold Stress - Global Safety &amp; Environmental\",\"isPartOf\":{\"@id\":\"https:\\\/\\\/globaltraining.com\\\/#website\"},\"primaryImageOfPage\":{\"@id\":\"https:\\\/\\\/globaltraining.com\\\/product\\\/cold-stress\\\/#primaryimage\"},\"image\":{\"@id\":\"https:\\\/\\\/globaltraining.com\\\/product\\\/cold-stress\\\/#primaryimage\"},\"thumbnailUrl\":\"https:\\\/\\\/globaltraining.com\\\/wp-content\\\/uploads\\\/2021\\\/09\\\/red-black-snowblower-machine-in-the-process-of-wor-CM9R2UU.jpg\",\"datePublished\":\"2023-08-29T21:25:21+00:00\",\"dateModified\":\"2024-12-06T19:12:46+00:00\",\"description\":\"Learn about cold stress symptoms, prevention, and OSHA guidelines in our comprehensive guide. Protect your workforce from cold-related health risks.\",\"breadcrumb\":{\"@id\":\"https:\\\/\\\/globaltraining.com\\\/product\\\/cold-stress\\\/#breadcrumb\"},\"inLanguage\":\"tr-TR\",\"potentialAction\":[{\"@type\":\"ReadAction\",\"target\":[\"https:\\\/\\\/globaltraining.com\\\/product\\\/cold-stress\\\/\"]}]},{\"@type\":\"ImageObject\",\"inLanguage\":\"tr-TR\",\"@id\":\"https:\\\/\\\/globaltraining.com\\\/product\\\/cold-stress\\\/#primaryimage\",\"url\":\"https:\\\/\\\/globaltraining.com\\\/wp-content\\\/uploads\\\/2021\\\/09\\\/red-black-snowblower-machine-in-the-process-of-wor-CM9R2UU.jpg\",\"contentUrl\":\"https:\\\/\\\/globaltraining.com\\\/wp-content\\\/uploads\\\/2021\\\/09\\\/red-black-snowblower-machine-in-the-process-of-wor-CM9R2UU.jpg\",\"width\":1200,\"height\":800,\"caption\":\"Cold Stress\"},{\"@type\":\"BreadcrumbList\",\"@id\":\"https:\\\/\\\/globaltraining.com\\\/product\\\/cold-stress\\\/#breadcrumb\",\"itemListElement\":[{\"@type\":\"ListItem\",\"position\":1,\"name\":\"Home\",\"item\":\"https:\\\/\\\/globaltraining.com\\\/\"},{\"@type\":\"ListItem\",\"position\":2,\"name\":\"Productos\",\"item\":\"https:\\\/\\\/globaltraining.com\\\/es\\\/shop\\\/\"},{\"@type\":\"ListItem\",\"position\":3,\"name\":\"Cold Stress\"}]},{\"@type\":\"WebSite\",\"@id\":\"https:\\\/\\\/globaltraining.com\\\/#website\",\"url\":\"https:\\\/\\\/globaltraining.com\\\/\",\"name\":\"Global Safety & Environmental\",\"description\":\"Full Service Health, Safety, and Environmental Courses\",\"publisher\":{\"@id\":\"https:\\\/\\\/globaltraining.com\\\/#organization\"},\"potentialAction\":[{\"@type\":\"SearchAction\",\"target\":{\"@type\":\"EntryPoint\",\"urlTemplate\":\"https:\\\/\\\/globaltraining.com\\\/?s={search_term_string}\"},\"query-input\":{\"@type\":\"PropertyValueSpecification\",\"valueRequired\":true,\"valueName\":\"search_term_string\"}}],\"inLanguage\":\"tr-TR\"},{\"@type\":\"Organization\",\"@id\":\"https:\\\/\\\/globaltraining.com\\\/#organization\",\"name\":\"Global Safety & Environmental\",\"url\":\"https:\\\/\\\/globaltraining.com\\\/\",\"logo\":{\"@type\":\"ImageObject\",\"inLanguage\":\"tr-TR\",\"@id\":\"https:\\\/\\\/globaltraining.com\\\/#\\\/schema\\\/logo\\\/image\\\/\",\"url\":\"https:\\\/\\\/globaltraining.com\\\/wp-content\\\/uploads\\\/2021\\\/01\\\/GSE-Logo-for-email.png\",\"contentUrl\":\"https:\\\/\\\/globaltraining.com\\\/wp-content\\\/uploads\\\/2021\\\/01\\\/GSE-Logo-for-email.png\",\"width\":400,\"height\":101,\"caption\":\"Global Safety & Environmental\"},\"image\":{\"@id\":\"https:\\\/\\\/globaltraining.com\\\/#\\\/schema\\\/logo\\\/image\\\/\"}}]}<\/script>\n<!-- \/ Yoast SEO plugin. -->","yoast_head_json":{"title":"So\u011fuk Stresi - K\u00fcresel G\u00fcvenlik ve \u00c7evre","description":"Kapsaml\u0131 rehberimizde so\u011fuk stresi belirtileri, \u00f6nleme ve OSHA y\u00f6nergeleri hakk\u0131nda bilgi edinin. \u0130\u015f g\u00fcc\u00fcn\u00fcz\u00fc so\u011fukla ilgili sa\u011fl\u0131k risklerinden koruyun.","robots":{"index":"index","follow":"follow","max-snippet":"max-snippet:-1","max-image-preview":"max-image-preview:large","max-video-preview":"max-video-preview:-1"},"canonical":"https:\/\/globaltraining.com\/tr\/urun\/soguk-stresi\/","og_locale":"tr_TR","og_type":"article","og_title":"Cold Stress - Global Safety &amp; Environmental","og_description":"Learn about cold stress symptoms, prevention, and OSHA guidelines in our comprehensive guide. Protect your workforce from cold-related health risks.","og_url":"https:\/\/globaltraining.com\/tr\/urun\/soguk-stresi\/","og_site_name":"Global Safety &amp; Environmental","article_modified_time":"2024-12-06T19:12:46+00:00","og_image":[{"width":1200,"height":800,"url":"https:\/\/globaltraining.com\/wp-content\/uploads\/2021\/09\/red-black-snowblower-machine-in-the-process-of-wor-CM9R2UU.jpg","type":"image\/jpeg"}],"twitter_card":"summary_large_image","twitter_misc":{"Est. reading time":"2 minutes"},"schema":{"@context":"https:\/\/schema.org","@graph":[{"@type":"WebPage","@id":"https:\/\/globaltraining.com\/product\/cold-stress\/","url":"https:\/\/globaltraining.com\/product\/cold-stress\/","name":"So\u011fuk Stresi - K\u00fcresel G\u00fcvenlik ve \u00c7evre","isPartOf":{"@id":"https:\/\/globaltraining.com\/#website"},"primaryImageOfPage":{"@id":"https:\/\/globaltraining.com\/product\/cold-stress\/#primaryimage"},"image":{"@id":"https:\/\/globaltraining.com\/product\/cold-stress\/#primaryimage"},"thumbnailUrl":"https:\/\/globaltraining.com\/wp-content\/uploads\/2021\/09\/red-black-snowblower-machine-in-the-process-of-wor-CM9R2UU.jpg","datePublished":"2023-08-29T21:25:21+00:00","dateModified":"2024-12-06T19:12:46+00:00","description":"Kapsaml\u0131 rehberimizde so\u011fuk stresi belirtileri, \u00f6nleme ve OSHA y\u00f6nergeleri hakk\u0131nda bilgi edinin. \u0130\u015f g\u00fcc\u00fcn\u00fcz\u00fc so\u011fukla ilgili sa\u011fl\u0131k risklerinden koruyun.","breadcrumb":{"@id":"https:\/\/globaltraining.com\/product\/cold-stress\/#breadcrumb"},"inLanguage":"tr-TR","potentialAction":[{"@type":"ReadAction","target":["https:\/\/globaltraining.com\/product\/cold-stress\/"]}]},{"@type":"ImageObject","inLanguage":"tr-TR","@id":"https:\/\/globaltraining.com\/product\/cold-stress\/#primaryimage","url":"https:\/\/globaltraining.com\/wp-content\/uploads\/2021\/09\/red-black-snowblower-machine-in-the-process-of-wor-CM9R2UU.jpg","contentUrl":"https:\/\/globaltraining.com\/wp-content\/uploads\/2021\/09\/red-black-snowblower-machine-in-the-process-of-wor-CM9R2UU.jpg","width":1200,"height":800,"caption":"Cold Stress"},{"@type":"BreadcrumbList","@id":"https:\/\/globaltraining.com\/product\/cold-stress\/#breadcrumb","itemListElement":[{"@type":"ListItem","position":1,"name":"Home","item":"https:\/\/globaltraining.com\/"},{"@type":"ListItem","position":2,"name":"Productos","item":"https:\/\/globaltraining.com\/es\/shop\/"},{"@type":"ListItem","position":3,"name":"Cold Stress"}]},{"@type":"WebSite","@id":"https:\/\/globaltraining.com\/#website","url":"https:\/\/globaltraining.com\/","name":"K\u00fcresel G\u00fcvenlik ve \u00c7evre","description":"Tam Hizmet Sa\u011fl\u0131k, G\u00fcvenlik ve \u00c7evre Kurslar\u0131","publisher":{"@id":"https:\/\/globaltraining.com\/#organization"},"potentialAction":[{"@type":"SearchAction","target":{"@type":"EntryPoint","urlTemplate":"https:\/\/globaltraining.com\/?s={search_term_string}"},"query-input":{"@type":"PropertyValueSpecification","valueRequired":true,"valueName":"search_term_string"}}],"inLanguage":"tr-TR"},{"@type":"Organization","@id":"https:\/\/globaltraining.com\/#organization","name":"K\u00fcresel G\u00fcvenlik ve \u00c7evre","url":"https:\/\/globaltraining.com\/","logo":{"@type":"ImageObject","inLanguage":"tr-TR","@id":"https:\/\/globaltraining.com\/#\/schema\/logo\/image\/","url":"https:\/\/globaltraining.com\/wp-content\/uploads\/2021\/01\/GSE-Logo-for-email.png","contentUrl":"https:\/\/globaltraining.com\/wp-content\/uploads\/2021\/01\/GSE-Logo-for-email.png","width":400,"height":101,"caption":"Global Safety & Environmental"},"image":{"@id":"https:\/\/globaltraining.com\/#\/schema\/logo\/image\/"}}]}},"_links":{"self":[{"href":"https:\/\/globaltraining.com\/tr\/wp-json\/wp\/v2\/product\/28326","targetHints":{"allow":["GET"]}}],"collection":[{"href":"https:\/\/globaltraining.com\/tr\/wp-json\/wp\/v2\/product"}],"about":[{"href":"https:\/\/globaltraining.com\/tr\/wp-json\/wp\/v2\/types\/product"}],"wp:featuredmedia":[{"embeddable":true,"href":"https:\/\/globaltraining.com\/tr\/wp-json\/wp\/v2\/media\/27184"}],"wp:attachment":[{"href":"https:\/\/globaltraining.com\/tr\/wp-json\/wp\/v2\/media?parent=28326"}],"wp:term":[{"taxonomy":"product_brand","embeddable":true,"href":"https:\/\/globaltraining.com\/tr\/wp-json\/wp\/v2\/product_brand?post=28326"},{"taxonomy":"product_cat","embeddable":true,"href":"https:\/\/globaltraining.com\/tr\/wp-json\/wp\/v2\/product_cat?post=28326"},{"taxonomy":"product_tag","embeddable":true,"href":"https:\/\/globaltraining.com\/tr\/wp-json\/wp\/v2\/product_tag?post=28326"}],"curies":[{"name":"wp","href":"https:\/\/api.w.org\/{rel}","templated":true}]}}