{"id":28323,"date":"2023-08-29T16:20:24","date_gmt":"2023-08-29T21:20:24","guid":{"rendered":"https:\/\/globaltraining.com\/?post_type=product&#038;p=28323"},"modified":"2024-12-06T13:16:45","modified_gmt":"2024-12-06T19:16:45","slug":"kimyasal-kanserojenler","status":"publish","type":"product","link":"https:\/\/globaltraining.com\/tr\/product\/chemical-carcinogens\/","title":{"rendered":"Kimyasal Kanserojenler"},"content":{"rendered":"<h2>Kimyasal Kanserojenleri Anlamak: Sa\u011fl\u0131\u011f\u0131n\u0131z\u0131 Korumak<\/h2>\n<p>Kapsaml\u0131 program\u0131m\u0131za ho\u015f geldiniz <strong>kimyasal kanserojen<\/strong> fark\u0131ndal\u0131k kursu G\u00fcn\u00fcm\u00fcz\u00fcn end\u00fcstriyel ve kimyasal madde yo\u011fun i\u015fyerlerinde, kimyasal kanserojenlerle ili\u015fkili risklerin anla\u015f\u0131lmas\u0131 ve y\u00f6netilmesi \u00e7ok \u00f6nemlidir. Bu k\u0131lavuz, kimyasal kanserojen e\u011fitiminin \u00f6nemini ve sa\u011fl\u0131\u011f\u0131n\u0131z\u0131 ve refah\u0131n\u0131z\u0131 korumada nas\u0131l \u00f6nemli bir rol oynad\u0131\u011f\u0131n\u0131 ele alacakt\u0131r.<\/p>\n<h2>Kimyasal Kanserojen Tehdidi<\/h2>\n<p><strong>Kimyasal kanserojenler<\/strong> kansere neden olma potansiyeline sahip maddeler veya ajanlard\u0131r. \u0130malat, in\u015faat ve sa\u011fl\u0131k hizmetleri de dahil olmak \u00fczere \u00e7e\u015fitli sekt\u00f6rlerde yayg\u0131nd\u0131rlar. Bu kanserojenlere maruz kalmak ciddi sa\u011fl\u0131k sonu\u00e7lar\u0131na yol a\u00e7abilir, bu da fark\u0131ndal\u0131k ve korumay\u0131 zorunlu hale getirir.<\/p>\n<h2>Kimyasal Kanserojen Fark\u0131ndal\u0131k Kursumuzda Neler \u00d6\u011freneceksiniz?<\/h2>\n<p>Kapsaml\u0131 kursumuz a\u015fa\u011f\u0131dakiler de dahil olmak \u00fczere \u00e7ok \u00e7e\u015fitli \u00f6nemli konular\u0131 kapsar:<\/p>\n<ul>\n<li>Yayg\u0131n kimyasal kanserojenlerin tan\u0131mlanmas\u0131<\/li>\n<li>Risk de\u011ferlendirmesi ve azaltma stratejileri<\/li>\n<li>G\u00fcvenli kullan\u0131m prosed\u00fcrleri ve koruyucu \u00f6nlemler<\/li>\n<li>Sa\u011fl\u0131k g\u00f6zetimi ve erken te\u015fhis<\/li>\n<\/ul>\n<p>Program\u0131m\u0131z\u0131 tamamlayarak, herhangi bir kimyasal kanserojenin tehlikelerini tan\u0131mak, de\u011ferlendirmek ve kendinizi bunlardan korumak i\u00e7in iyi bir donan\u0131ma sahip olacaks\u0131n\u0131z.<\/p>\n<h2>Kimyasal Kanserojen E\u011fitiminin Faydalar\u0131<\/h2>\n<p>Kimyasal kanserojenler bilin\u00e7lendirme kursumuza kaydolmak \u00e7ok say\u0131da fayda sa\u011flar:<\/p>\n<ul>\n<li>Kimyasal kanserojen riskleri konusunda artan fark\u0131ndal\u0131k<\/li>\n<li>Ki\u015fisel maruz kalma ve sa\u011fl\u0131k risklerinin azalt\u0131lmas\u0131<\/li>\n<li>G\u00fcvenlik d\u00fczenlemelerine ve end\u00fcstri standartlar\u0131na uygunluk<\/li>\n<li>Korundu\u011funuzu bilmenin rahatl\u0131\u011f\u0131<\/li>\n<\/ul>\n<p>E\u011fitimimiz size sa\u011fl\u0131\u011f\u0131n\u0131z\u0131 ve refah\u0131n\u0131z\u0131 korumada \u00f6nemli bir fark yaratabilecek de\u011ferli bilgi ve beceriler sa\u011flar.<\/p>\n<h2>Sa\u011fl\u0131\u011f\u0131n\u0131z\u0131 Bug\u00fcn Koruyun<\/h2>\n<p>Herhangi bir kimyasal kanserojen s\u00f6z konusu oldu\u011funda sa\u011fl\u0131\u011f\u0131n\u0131zdan \u00f6d\u00fcn vermeyin. Kimyasal kanserojen fark\u0131ndal\u0131k kursumuza bug\u00fcn kaydolun ve kendinizi g\u00fcvende kalmak i\u00e7in gereken bilgi ve becerilerle donat\u0131n. Kimyasallar\u0131n yo\u011fun oldu\u011fu i\u015fyerlerinde g\u00fcvenlik ve sa\u011fl\u0131k k\u00fclt\u00fcr\u00fcn\u00fc te\u015fvik etmek i\u00e7in bize kat\u0131l\u0131n. Birlikte sa\u011fl\u0131\u011f\u0131n\u0131z\u0131 ve refah\u0131n\u0131z\u0131 koruyabiliriz.<\/p>","protected":false},"excerpt":{"rendered":"<p>Kapsaml\u0131 Kimyasal Kanserojen Fark\u0131ndal\u0131k Kursumuzla i\u015f yerinizdeki kimyasal kanserojenlerden kendinizi nas\u0131l koruyaca\u011f\u0131n\u0131z\u0131 \u00f6\u011frenin. Daha g\u00fcvenli ve sa\u011fl\u0131kl\u0131 bir ortam sa\u011flayarak riskleri tan\u0131mak, de\u011ferlendirmek ve azaltmak i\u00e7in bilgi edinin. Bug\u00fcn kaydolun ve sa\u011fl\u0131\u011f\u0131n\u0131za \u00f6ncelik verin.<\/p>","protected":false},"featured_media":27063,"template":"","meta":{"_et_pb_use_builder":"","_et_pb_old_content":"","_et_gb_content_width":""},"product_brand":[],"product_cat":[125,141,143,160,161],"product_tag":[],"class_list":{"0":"post-28323","1":"product","2":"type-product","3":"status-publish","4":"has-post-thumbnail","6":"product_cat-dangerous-chemicals","7":"product_cat-hazardous-materials","8":"product_cat-health-and-safety","9":"product_cat-ppe","10":"product_cat-radiation","12":"first","13":"instock","14":"virtual","15":"sold-individually","16":"purchasable","17":"product-type-simple"},"yoast_head":"<!-- This site is optimized with the Yoast SEO plugin v27.4 - https:\/\/yoast.com\/product\/yoast-seo-wordpress\/ -->\n<title>Chemical Carcinogens - Global Safety &amp; Environmental<\/title>\n<meta name=\"description\" content=\"Protect your health from chemical carcinogens with our Chemical Carcinogens Awareness Course. Learn to identify, assess, and mitigate risks. Enroll now!\" \/>\n<meta name=\"robots\" content=\"index, follow, max-snippet:-1, max-image-preview:large, max-video-preview:-1\" \/>\n<link rel=\"canonical\" href=\"https:\/\/globaltraining.com\/tr\/urun\/kimyasal-kanserojenler\/\" \/>\n<meta property=\"og:locale\" content=\"tr_TR\" \/>\n<meta property=\"og:type\" content=\"article\" \/>\n<meta property=\"og:title\" content=\"Chemical Carcinogens - Global Safety &amp; Environmental\" \/>\n<meta property=\"og:description\" content=\"Protect your health from chemical carcinogens with our Chemical Carcinogens Awareness Course. Learn to identify, assess, and mitigate risks. Enroll now!\" \/>\n<meta property=\"og:url\" content=\"https:\/\/globaltraining.com\/tr\/urun\/kimyasal-kanserojenler\/\" \/>\n<meta property=\"og:site_name\" content=\"Global Safety &amp; Environmental\" \/>\n<meta property=\"article:modified_time\" content=\"2024-12-06T19:16:45+00:00\" \/>\n<meta property=\"og:image\" content=\"https:\/\/globaltraining.com\/wp-content\/uploads\/2022\/05\/Chemical-Carcinogens.jpg\" \/>\n\t<meta property=\"og:image:width\" content=\"1200\" \/>\n\t<meta property=\"og:image:height\" content=\"800\" \/>\n\t<meta property=\"og:image:type\" content=\"image\/jpeg\" \/>\n<meta name=\"twitter:card\" content=\"summary_large_image\" \/>\n<meta name=\"twitter:label1\" content=\"Est. reading time\" \/>\n\t<meta name=\"twitter:data1\" content=\"2 minutes\" \/>\n<script type=\"application\/ld+json\" class=\"yoast-schema-graph\">{\"@context\":\"https:\\\/\\\/schema.org\",\"@graph\":[{\"@type\":\"WebPage\",\"@id\":\"https:\\\/\\\/globaltraining.com\\\/product\\\/chemical-carcinogens\\\/\",\"url\":\"https:\\\/\\\/globaltraining.com\\\/product\\\/chemical-carcinogens\\\/\",\"name\":\"Chemical Carcinogens - Global Safety &amp; Environmental\",\"isPartOf\":{\"@id\":\"https:\\\/\\\/globaltraining.com\\\/#website\"},\"primaryImageOfPage\":{\"@id\":\"https:\\\/\\\/globaltraining.com\\\/product\\\/chemical-carcinogens\\\/#primaryimage\"},\"image\":{\"@id\":\"https:\\\/\\\/globaltraining.com\\\/product\\\/chemical-carcinogens\\\/#primaryimage\"},\"thumbnailUrl\":\"https:\\\/\\\/globaltraining.com\\\/wp-content\\\/uploads\\\/2022\\\/05\\\/Chemical-Carcinogens.jpg\",\"datePublished\":\"2023-08-29T21:20:24+00:00\",\"dateModified\":\"2024-12-06T19:16:45+00:00\",\"description\":\"Protect your health from chemical carcinogens with our Chemical Carcinogens Awareness Course. Learn to identify, assess, and mitigate risks. Enroll now!\",\"breadcrumb\":{\"@id\":\"https:\\\/\\\/globaltraining.com\\\/product\\\/chemical-carcinogens\\\/#breadcrumb\"},\"inLanguage\":\"tr-TR\",\"potentialAction\":[{\"@type\":\"ReadAction\",\"target\":[\"https:\\\/\\\/globaltraining.com\\\/product\\\/chemical-carcinogens\\\/\"]}]},{\"@type\":\"ImageObject\",\"inLanguage\":\"tr-TR\",\"@id\":\"https:\\\/\\\/globaltraining.com\\\/product\\\/chemical-carcinogens\\\/#primaryimage\",\"url\":\"https:\\\/\\\/globaltraining.com\\\/wp-content\\\/uploads\\\/2022\\\/05\\\/Chemical-Carcinogens.jpg\",\"contentUrl\":\"https:\\\/\\\/globaltraining.com\\\/wp-content\\\/uploads\\\/2022\\\/05\\\/Chemical-Carcinogens.jpg\",\"width\":1200,\"height\":800,\"caption\":\"Chemical Carcinogens\"},{\"@type\":\"BreadcrumbList\",\"@id\":\"https:\\\/\\\/globaltraining.com\\\/product\\\/chemical-carcinogens\\\/#breadcrumb\",\"itemListElement\":[{\"@type\":\"ListItem\",\"position\":1,\"name\":\"Home\",\"item\":\"https:\\\/\\\/globaltraining.com\\\/\"},{\"@type\":\"ListItem\",\"position\":2,\"name\":\"Productos\",\"item\":\"https:\\\/\\\/globaltraining.com\\\/es\\\/shop\\\/\"},{\"@type\":\"ListItem\",\"position\":3,\"name\":\"Chemical Carcinogens\"}]},{\"@type\":\"WebSite\",\"@id\":\"https:\\\/\\\/globaltraining.com\\\/#website\",\"url\":\"https:\\\/\\\/globaltraining.com\\\/\",\"name\":\"Global Safety & Environmental\",\"description\":\"Full Service Health, Safety, and Environmental Courses\",\"publisher\":{\"@id\":\"https:\\\/\\\/globaltraining.com\\\/#organization\"},\"potentialAction\":[{\"@type\":\"SearchAction\",\"target\":{\"@type\":\"EntryPoint\",\"urlTemplate\":\"https:\\\/\\\/globaltraining.com\\\/?s={search_term_string}\"},\"query-input\":{\"@type\":\"PropertyValueSpecification\",\"valueRequired\":true,\"valueName\":\"search_term_string\"}}],\"inLanguage\":\"tr-TR\"},{\"@type\":\"Organization\",\"@id\":\"https:\\\/\\\/globaltraining.com\\\/#organization\",\"name\":\"Global Safety & Environmental\",\"url\":\"https:\\\/\\\/globaltraining.com\\\/\",\"logo\":{\"@type\":\"ImageObject\",\"inLanguage\":\"tr-TR\",\"@id\":\"https:\\\/\\\/globaltraining.com\\\/#\\\/schema\\\/logo\\\/image\\\/\",\"url\":\"https:\\\/\\\/globaltraining.com\\\/wp-content\\\/uploads\\\/2021\\\/01\\\/GSE-Logo-for-email.png\",\"contentUrl\":\"https:\\\/\\\/globaltraining.com\\\/wp-content\\\/uploads\\\/2021\\\/01\\\/GSE-Logo-for-email.png\",\"width\":400,\"height\":101,\"caption\":\"Global Safety & Environmental\"},\"image\":{\"@id\":\"https:\\\/\\\/globaltraining.com\\\/#\\\/schema\\\/logo\\\/image\\\/\"}}]}<\/script>\n<!-- \/ Yoast SEO plugin. -->","yoast_head_json":{"title":"Kimyasal Kanserojenler - K\u00fcresel G\u00fcvenlik ve \u00c7evre","description":"Kimyasal Kanserojenler Fark\u0131ndal\u0131k Kursumuzla sa\u011fl\u0131\u011f\u0131n\u0131z\u0131 kimyasal kanserojenlerden koruyun. Riskleri tan\u0131mlamay\u0131, de\u011ferlendirmeyi ve azaltmay\u0131 \u00f6\u011frenin. Hemen kaydolun!","robots":{"index":"index","follow":"follow","max-snippet":"max-snippet:-1","max-image-preview":"max-image-preview:large","max-video-preview":"max-video-preview:-1"},"canonical":"https:\/\/globaltraining.com\/tr\/urun\/kimyasal-kanserojenler\/","og_locale":"tr_TR","og_type":"article","og_title":"Chemical Carcinogens - Global Safety &amp; Environmental","og_description":"Protect your health from chemical carcinogens with our Chemical Carcinogens Awareness Course. Learn to identify, assess, and mitigate risks. Enroll now!","og_url":"https:\/\/globaltraining.com\/tr\/urun\/kimyasal-kanserojenler\/","og_site_name":"Global Safety &amp; Environmental","article_modified_time":"2024-12-06T19:16:45+00:00","og_image":[{"width":1200,"height":800,"url":"https:\/\/globaltraining.com\/wp-content\/uploads\/2022\/05\/Chemical-Carcinogens.jpg","type":"image\/jpeg"}],"twitter_card":"summary_large_image","twitter_misc":{"Est. reading time":"2 minutes"},"schema":{"@context":"https:\/\/schema.org","@graph":[{"@type":"WebPage","@id":"https:\/\/globaltraining.com\/product\/chemical-carcinogens\/","url":"https:\/\/globaltraining.com\/product\/chemical-carcinogens\/","name":"Kimyasal Kanserojenler - K\u00fcresel G\u00fcvenlik ve \u00c7evre","isPartOf":{"@id":"https:\/\/globaltraining.com\/#website"},"primaryImageOfPage":{"@id":"https:\/\/globaltraining.com\/product\/chemical-carcinogens\/#primaryimage"},"image":{"@id":"https:\/\/globaltraining.com\/product\/chemical-carcinogens\/#primaryimage"},"thumbnailUrl":"https:\/\/globaltraining.com\/wp-content\/uploads\/2022\/05\/Chemical-Carcinogens.jpg","datePublished":"2023-08-29T21:20:24+00:00","dateModified":"2024-12-06T19:16:45+00:00","description":"Kimyasal Kanserojenler Fark\u0131ndal\u0131k Kursumuzla sa\u011fl\u0131\u011f\u0131n\u0131z\u0131 kimyasal kanserojenlerden koruyun. Riskleri tan\u0131mlamay\u0131, de\u011ferlendirmeyi ve azaltmay\u0131 \u00f6\u011frenin. Hemen kaydolun!","breadcrumb":{"@id":"https:\/\/globaltraining.com\/product\/chemical-carcinogens\/#breadcrumb"},"inLanguage":"tr-TR","potentialAction":[{"@type":"ReadAction","target":["https:\/\/globaltraining.com\/product\/chemical-carcinogens\/"]}]},{"@type":"ImageObject","inLanguage":"tr-TR","@id":"https:\/\/globaltraining.com\/product\/chemical-carcinogens\/#primaryimage","url":"https:\/\/globaltraining.com\/wp-content\/uploads\/2022\/05\/Chemical-Carcinogens.jpg","contentUrl":"https:\/\/globaltraining.com\/wp-content\/uploads\/2022\/05\/Chemical-Carcinogens.jpg","width":1200,"height":800,"caption":"Chemical Carcinogens"},{"@type":"BreadcrumbList","@id":"https:\/\/globaltraining.com\/product\/chemical-carcinogens\/#breadcrumb","itemListElement":[{"@type":"ListItem","position":1,"name":"Home","item":"https:\/\/globaltraining.com\/"},{"@type":"ListItem","position":2,"name":"Productos","item":"https:\/\/globaltraining.com\/es\/shop\/"},{"@type":"ListItem","position":3,"name":"Chemical Carcinogens"}]},{"@type":"WebSite","@id":"https:\/\/globaltraining.com\/#website","url":"https:\/\/globaltraining.com\/","name":"K\u00fcresel G\u00fcvenlik ve \u00c7evre","description":"Tam Hizmet Sa\u011fl\u0131k, G\u00fcvenlik ve \u00c7evre Kurslar\u0131","publisher":{"@id":"https:\/\/globaltraining.com\/#organization"},"potentialAction":[{"@type":"SearchAction","target":{"@type":"EntryPoint","urlTemplate":"https:\/\/globaltraining.com\/?s={search_term_string}"},"query-input":{"@type":"PropertyValueSpecification","valueRequired":true,"valueName":"search_term_string"}}],"inLanguage":"tr-TR"},{"@type":"Organization","@id":"https:\/\/globaltraining.com\/#organization","name":"K\u00fcresel G\u00fcvenlik ve \u00c7evre","url":"https:\/\/globaltraining.com\/","logo":{"@type":"ImageObject","inLanguage":"tr-TR","@id":"https:\/\/globaltraining.com\/#\/schema\/logo\/image\/","url":"https:\/\/globaltraining.com\/wp-content\/uploads\/2021\/01\/GSE-Logo-for-email.png","contentUrl":"https:\/\/globaltraining.com\/wp-content\/uploads\/2021\/01\/GSE-Logo-for-email.png","width":400,"height":101,"caption":"Global Safety & Environmental"},"image":{"@id":"https:\/\/globaltraining.com\/#\/schema\/logo\/image\/"}}]}},"_links":{"self":[{"href":"https:\/\/globaltraining.com\/tr\/wp-json\/wp\/v2\/product\/28323","targetHints":{"allow":["GET"]}}],"collection":[{"href":"https:\/\/globaltraining.com\/tr\/wp-json\/wp\/v2\/product"}],"about":[{"href":"https:\/\/globaltraining.com\/tr\/wp-json\/wp\/v2\/types\/product"}],"wp:featuredmedia":[{"embeddable":true,"href":"https:\/\/globaltraining.com\/tr\/wp-json\/wp\/v2\/media\/27063"}],"wp:attachment":[{"href":"https:\/\/globaltraining.com\/tr\/wp-json\/wp\/v2\/media?parent=28323"}],"wp:term":[{"taxonomy":"product_brand","embeddable":true,"href":"https:\/\/globaltraining.com\/tr\/wp-json\/wp\/v2\/product_brand?post=28323"},{"taxonomy":"product_cat","embeddable":true,"href":"https:\/\/globaltraining.com\/tr\/wp-json\/wp\/v2\/product_cat?post=28323"},{"taxonomy":"product_tag","embeddable":true,"href":"https:\/\/globaltraining.com\/tr\/wp-json\/wp\/v2\/product_tag?post=28323"}],"curies":[{"name":"wp","href":"https:\/\/api.w.org\/{rel}","templated":true}]}}