{"id":28322,"date":"2023-08-29T16:19:01","date_gmt":"2023-08-29T21:19:01","guid":{"rendered":"https:\/\/globaltraining.com\/?post_type=product&#038;p=28322"},"modified":"2023-09-22T13:26:48","modified_gmt":"2023-09-22T18:26:48","slug":"zincirli-testere-guvenligi","status":"publish","type":"product","link":"https:\/\/globaltraining.com\/tr\/product\/chain-saw-safety\/","title":{"rendered":"Testere Sertifikas\u0131"},"content":{"rendered":"<h2>Testere Sertifikas\u0131: \u00d6nce G\u00fcvenlik<\/h2>\n<p>Kapsaml\u0131 program\u0131m\u0131za ho\u015f geldiniz <strong>motorlu testere sertifikas\u0131<\/strong> G\u00fcvenli\u011fin en b\u00fcy\u00fck \u00f6nceli\u011fimiz oldu\u011fu program. Bu k\u0131lavuzda motorlu testere g\u00fcvenlik e\u011fitiminin \u00f6nemini ve kazalar\u0131n \u00f6nlenmesinde ve g\u00fcvenli motorlu testere kullan\u0131m\u0131n\u0131n sa\u011flanmas\u0131nda nas\u0131l \u00f6nemli bir rol oynad\u0131\u011f\u0131n\u0131 inceleyece\u011fiz.<\/p>\n<h2>Testere G\u00fcvenli\u011finin \u00d6nemi<\/h2>\n<p><strong>Motorlu Testereler<\/strong> ormanc\u0131l\u0131k, peyzaj ve in\u015faat alanlar\u0131nda yayg\u0131n olarak kullan\u0131lan g\u00fc\u00e7l\u00fc ara\u00e7lard\u0131r. \u0130nan\u0131lmaz derecede faydal\u0131 olsalar da, do\u011fru \u015fekilde kullan\u0131lmad\u0131klar\u0131 takdirde tehlikeli de olabilirler. Motorlu testere kazalar\u0131 a\u011f\u0131r yaralanmalara ve hatta \u00f6l\u00fcmlere neden olabilir. Bu y\u00fczden <strong>zincir testere g\u00fcvenlik e\u011fitimi<\/strong> bu makineleri \u00e7al\u0131\u015ft\u0131ran herkes i\u00e7in gereklidir.<\/p>\n<h2>Testere G\u00fcvenli\u011fi Kursumuzda Neler \u00d6\u011freneceksiniz?<\/h2>\n<p>Kapsaml\u0131 motorlu testere g\u00fcvenli\u011fi kursumuz a\u015fa\u011f\u0131dakiler de dahil olmak \u00fczere \u00e7ok \u00e7e\u015fitli \u00f6nemli konular\u0131 kapsar:<\/p>\n<ul>\n<li>Motorlu testerenin do\u011fru kullan\u0131m\u0131 ve \u00e7al\u0131\u015ft\u0131r\u0131lmas\u0131<\/li>\n<li>G\u00fcvenli \u00e7al\u0131\u015fma uygulamalar\u0131 ve teknikleri<\/li>\n<li>Ki\u015fisel koruyucu ekipman (KKD) kullan\u0131m\u0131<\/li>\n<li>Motorlu testere yaralanmalar\u0131nda acil m\u00fcdahale ve ilk yard\u0131m<\/li>\n<\/ul>\n<p>Program\u0131m\u0131z\u0131 tamamlayarak motorlu testereleri g\u00fcvenli bir \u015fekilde \u00e7al\u0131\u015ft\u0131rmak ve kaza riskini azaltmak i\u00e7in gereken bilgi ve becerileri kazanacaks\u0131n\u0131z.<\/p>\n<h2>Testere Sertifikasyonunun Faydalar\u0131<\/h2>\n<p>Kay\u0131t olmam\u0131z <strong>motorlu testere sertifikas\u0131<\/strong> program \u00e7ok say\u0131da avantaj sunar:<\/p>\n<ul>\n<li>Siz ve \u00e7evrenizdekiler i\u00e7in art\u0131r\u0131lm\u0131\u015f g\u00fcvenlik<\/li>\n<li>Motorlu testereye ba\u011fl\u0131 kaza riskinin azalmas\u0131<\/li>\n<li>G\u00fcvenlik d\u00fczenlemelerine ve standartlar\u0131na uygunluk<\/li>\n<li>Motorlu testere kullan\u0131m\u0131yla artan g\u00fcven ve yeterlilik<\/li>\n<\/ul>\n<p>E\u011fitimimiz, motorlu testereleri \u00e7e\u015fitli ortamlarda kullan\u0131rken g\u00fcvenli\u011fi birinci \u00f6ncelik haline getirmenizi sa\u011flar.<\/p>\n<h2>G\u00fcvenlik Sertifikas\u0131n\u0131 Bug\u00fcn Al\u0131n<\/h2>\n<p>Motorlu testere kullan\u0131m\u0131 s\u00f6z konusu oldu\u011funda g\u00fcvenlikten \u00f6d\u00fcn vermeyin. Kay\u0131t olun <strong>motorlu testere sertifikas\u0131<\/strong> Bug\u00fcn programlay\u0131n ve motorlu testereleri g\u00fcvenli bir \u015fekilde \u00e7al\u0131\u015ft\u0131rmak i\u00e7in gereken bilgi ve becerilerle kendinizi donat\u0131n. Bu g\u00fc\u00e7l\u00fc ara\u00e7lar\u0131n kullan\u0131m\u0131nda bir g\u00fcvenlik k\u00fclt\u00fcr\u00fcn\u00fcn geli\u015ftirilmesinde bize kat\u0131l\u0131n. Birlikte kazalar\u0131 \u00f6nleyebilir ve daha g\u00fcvenli bir \u00e7al\u0131\u015fma ortam\u0131 sa\u011flayabiliriz.<\/p>","protected":false},"excerpt":{"rendered":"<p>Kapsaml\u0131 Testere Sertifikasyon kursumuzla g\u00fcvenli motorlu testere kullanma sanat\u0131nda ustala\u015f\u0131n. Motorlu testereleri g\u00fcvenle kullanma, kazalar\u0131 azaltma ve g\u00fcvenlik standartlar\u0131na uyma becerilerini kazan\u0131n. Bug\u00fcn kaydolun ve i\u015finizde g\u00fcvenli\u011fe \u00f6ncelik verin.<\/p>","protected":false},"featured_media":27158,"template":"","meta":{"_et_pb_use_builder":"","_et_pb_old_content":"","_et_gb_content_width":""},"product_brand":[],"product_cat":[132,139,140,168],"product_tag":[],"class_list":{"0":"post-28322","1":"product","2":"type-product","3":"status-publish","4":"has-post-thumbnail","6":"product_cat-equipment","7":"product_cat-hand-and-power-tools","8":"product_cat-hand-protection","9":"product_cat-tools","11":"first","12":"instock","13":"virtual","14":"sold-individually","15":"purchasable","16":"product-type-course"},"yoast_head":"<!-- This site is optimized with the Yoast SEO plugin v27.3 - https:\/\/yoast.com\/product\/yoast-seo-wordpress\/ -->\n<title>Chainsaw Certification - Global Safety &amp; Environmental<\/title>\n<meta name=\"description\" content=\"Ensure safe chainsaw operation with our Chainsaw Certification. Learn proper handling, safety practices, and emergency response. Enroll now!\" \/>\n<meta name=\"robots\" content=\"index, follow, max-snippet:-1, max-image-preview:large, max-video-preview:-1\" \/>\n<link rel=\"canonical\" href=\"https:\/\/globaltraining.com\/tr\/urun\/zincirli-testere-guvenligi\/\" \/>\n<meta property=\"og:locale\" content=\"tr_TR\" \/>\n<meta property=\"og:type\" content=\"article\" \/>\n<meta property=\"og:title\" content=\"Chainsaw Certification - Global Safety &amp; Environmental\" \/>\n<meta property=\"og:description\" content=\"Ensure safe chainsaw operation with our Chainsaw Certification. Learn proper handling, safety practices, and emergency response. Enroll now!\" \/>\n<meta property=\"og:url\" content=\"https:\/\/globaltraining.com\/tr\/urun\/zincirli-testere-guvenligi\/\" \/>\n<meta property=\"og:site_name\" content=\"Global Safety &amp; Environmental\" \/>\n<meta property=\"article:modified_time\" content=\"2023-09-22T18:26:48+00:00\" \/>\n<meta property=\"og:image\" content=\"https:\/\/globaltraining.com\/wp-content\/uploads\/2021\/08\/chainsaw-safety.jpg\" \/>\n\t<meta property=\"og:image:width\" content=\"1200\" \/>\n\t<meta property=\"og:image:height\" content=\"800\" \/>\n\t<meta property=\"og:image:type\" content=\"image\/jpeg\" \/>\n<meta name=\"twitter:card\" content=\"summary_large_image\" \/>\n<meta name=\"twitter:label1\" content=\"Est. reading time\" \/>\n\t<meta name=\"twitter:data1\" content=\"2 minutes\" \/>\n<script type=\"application\/ld+json\" class=\"yoast-schema-graph\">{\"@context\":\"https:\\\/\\\/schema.org\",\"@graph\":[{\"@type\":\"WebPage\",\"@id\":\"https:\\\/\\\/globaltraining.com\\\/product\\\/chain-saw-safety\\\/\",\"url\":\"https:\\\/\\\/globaltraining.com\\\/product\\\/chain-saw-safety\\\/\",\"name\":\"Chainsaw Certification - Global Safety &amp; Environmental\",\"isPartOf\":{\"@id\":\"https:\\\/\\\/globaltraining.com\\\/#website\"},\"primaryImageOfPage\":{\"@id\":\"https:\\\/\\\/globaltraining.com\\\/product\\\/chain-saw-safety\\\/#primaryimage\"},\"image\":{\"@id\":\"https:\\\/\\\/globaltraining.com\\\/product\\\/chain-saw-safety\\\/#primaryimage\"},\"thumbnailUrl\":\"https:\\\/\\\/globaltraining.com\\\/wp-content\\\/uploads\\\/2021\\\/08\\\/chainsaw-safety.jpg\",\"datePublished\":\"2023-08-29T21:19:01+00:00\",\"dateModified\":\"2023-09-22T18:26:48+00:00\",\"description\":\"Ensure safe chainsaw operation with our Chainsaw Certification. Learn proper handling, safety practices, and emergency response. Enroll now!\",\"breadcrumb\":{\"@id\":\"https:\\\/\\\/globaltraining.com\\\/product\\\/chain-saw-safety\\\/#breadcrumb\"},\"inLanguage\":\"tr-TR\",\"potentialAction\":[{\"@type\":\"ReadAction\",\"target\":[\"https:\\\/\\\/globaltraining.com\\\/product\\\/chain-saw-safety\\\/\"]}]},{\"@type\":\"ImageObject\",\"inLanguage\":\"tr-TR\",\"@id\":\"https:\\\/\\\/globaltraining.com\\\/product\\\/chain-saw-safety\\\/#primaryimage\",\"url\":\"https:\\\/\\\/globaltraining.com\\\/wp-content\\\/uploads\\\/2021\\\/08\\\/chainsaw-safety.jpg\",\"contentUrl\":\"https:\\\/\\\/globaltraining.com\\\/wp-content\\\/uploads\\\/2021\\\/08\\\/chainsaw-safety.jpg\",\"width\":1200,\"height\":800,\"caption\":\"Chainsaw Certification\"},{\"@type\":\"BreadcrumbList\",\"@id\":\"https:\\\/\\\/globaltraining.com\\\/product\\\/chain-saw-safety\\\/#breadcrumb\",\"itemListElement\":[{\"@type\":\"ListItem\",\"position\":1,\"name\":\"Home\",\"item\":\"https:\\\/\\\/globaltraining.com\\\/\"},{\"@type\":\"ListItem\",\"position\":2,\"name\":\"Productos\",\"item\":\"https:\\\/\\\/globaltraining.com\\\/es\\\/shop\\\/\"},{\"@type\":\"ListItem\",\"position\":3,\"name\":\"Chainsaw Certification\"}]},{\"@type\":\"WebSite\",\"@id\":\"https:\\\/\\\/globaltraining.com\\\/#website\",\"url\":\"https:\\\/\\\/globaltraining.com\\\/\",\"name\":\"Global Safety & Environmental\",\"description\":\"Full Service Health, Safety, and Environmental Courses\",\"publisher\":{\"@id\":\"https:\\\/\\\/globaltraining.com\\\/#organization\"},\"potentialAction\":[{\"@type\":\"SearchAction\",\"target\":{\"@type\":\"EntryPoint\",\"urlTemplate\":\"https:\\\/\\\/globaltraining.com\\\/?s={search_term_string}\"},\"query-input\":{\"@type\":\"PropertyValueSpecification\",\"valueRequired\":true,\"valueName\":\"search_term_string\"}}],\"inLanguage\":\"tr-TR\"},{\"@type\":\"Organization\",\"@id\":\"https:\\\/\\\/globaltraining.com\\\/#organization\",\"name\":\"Global Safety & Environmental\",\"url\":\"https:\\\/\\\/globaltraining.com\\\/\",\"logo\":{\"@type\":\"ImageObject\",\"inLanguage\":\"tr-TR\",\"@id\":\"https:\\\/\\\/globaltraining.com\\\/#\\\/schema\\\/logo\\\/image\\\/\",\"url\":\"https:\\\/\\\/globaltraining.com\\\/wp-content\\\/uploads\\\/2021\\\/01\\\/GSE-Logo-for-email.png\",\"contentUrl\":\"https:\\\/\\\/globaltraining.com\\\/wp-content\\\/uploads\\\/2021\\\/01\\\/GSE-Logo-for-email.png\",\"width\":400,\"height\":101,\"caption\":\"Global Safety & Environmental\"},\"image\":{\"@id\":\"https:\\\/\\\/globaltraining.com\\\/#\\\/schema\\\/logo\\\/image\\\/\"}}]}<\/script>\n<!-- \/ Yoast SEO plugin. -->","yoast_head_json":{"title":"Testere Sertifikasyonu - K\u00fcresel G\u00fcvenlik ve \u00c7evre","description":"Zincirli Testere Sertifikam\u0131zla g\u00fcvenli zincirli testere \u00e7al\u0131\u015fmas\u0131n\u0131 garantileyin. Uygun kullan\u0131m, g\u00fcvenlik uygulamalar\u0131 ve acil durum m\u00fcdahalesini \u00f6\u011frenin. Hemen kaydolun!","robots":{"index":"index","follow":"follow","max-snippet":"max-snippet:-1","max-image-preview":"max-image-preview:large","max-video-preview":"max-video-preview:-1"},"canonical":"https:\/\/globaltraining.com\/tr\/urun\/zincirli-testere-guvenligi\/","og_locale":"tr_TR","og_type":"article","og_title":"Chainsaw Certification - Global Safety &amp; Environmental","og_description":"Ensure safe chainsaw operation with our Chainsaw Certification. Learn proper handling, safety practices, and emergency response. Enroll now!","og_url":"https:\/\/globaltraining.com\/tr\/urun\/zincirli-testere-guvenligi\/","og_site_name":"Global Safety &amp; Environmental","article_modified_time":"2023-09-22T18:26:48+00:00","og_image":[{"width":1200,"height":800,"url":"https:\/\/globaltraining.com\/wp-content\/uploads\/2021\/08\/chainsaw-safety.jpg","type":"image\/jpeg"}],"twitter_card":"summary_large_image","twitter_misc":{"Est. reading time":"2 minutes"},"schema":{"@context":"https:\/\/schema.org","@graph":[{"@type":"WebPage","@id":"https:\/\/globaltraining.com\/product\/chain-saw-safety\/","url":"https:\/\/globaltraining.com\/product\/chain-saw-safety\/","name":"Testere Sertifikasyonu - K\u00fcresel G\u00fcvenlik ve \u00c7evre","isPartOf":{"@id":"https:\/\/globaltraining.com\/#website"},"primaryImageOfPage":{"@id":"https:\/\/globaltraining.com\/product\/chain-saw-safety\/#primaryimage"},"image":{"@id":"https:\/\/globaltraining.com\/product\/chain-saw-safety\/#primaryimage"},"thumbnailUrl":"https:\/\/globaltraining.com\/wp-content\/uploads\/2021\/08\/chainsaw-safety.jpg","datePublished":"2023-08-29T21:19:01+00:00","dateModified":"2023-09-22T18:26:48+00:00","description":"Zincirli Testere Sertifikam\u0131zla g\u00fcvenli zincirli testere \u00e7al\u0131\u015fmas\u0131n\u0131 garantileyin. Uygun kullan\u0131m, g\u00fcvenlik uygulamalar\u0131 ve acil durum m\u00fcdahalesini \u00f6\u011frenin. Hemen kaydolun!","breadcrumb":{"@id":"https:\/\/globaltraining.com\/product\/chain-saw-safety\/#breadcrumb"},"inLanguage":"tr-TR","potentialAction":[{"@type":"ReadAction","target":["https:\/\/globaltraining.com\/product\/chain-saw-safety\/"]}]},{"@type":"ImageObject","inLanguage":"tr-TR","@id":"https:\/\/globaltraining.com\/product\/chain-saw-safety\/#primaryimage","url":"https:\/\/globaltraining.com\/wp-content\/uploads\/2021\/08\/chainsaw-safety.jpg","contentUrl":"https:\/\/globaltraining.com\/wp-content\/uploads\/2021\/08\/chainsaw-safety.jpg","width":1200,"height":800,"caption":"Chainsaw Certification"},{"@type":"BreadcrumbList","@id":"https:\/\/globaltraining.com\/product\/chain-saw-safety\/#breadcrumb","itemListElement":[{"@type":"ListItem","position":1,"name":"Home","item":"https:\/\/globaltraining.com\/"},{"@type":"ListItem","position":2,"name":"Productos","item":"https:\/\/globaltraining.com\/es\/shop\/"},{"@type":"ListItem","position":3,"name":"Chainsaw Certification"}]},{"@type":"WebSite","@id":"https:\/\/globaltraining.com\/#website","url":"https:\/\/globaltraining.com\/","name":"K\u00fcresel G\u00fcvenlik ve \u00c7evre","description":"Tam Hizmet Sa\u011fl\u0131k, G\u00fcvenlik ve \u00c7evre Kurslar\u0131","publisher":{"@id":"https:\/\/globaltraining.com\/#organization"},"potentialAction":[{"@type":"SearchAction","target":{"@type":"EntryPoint","urlTemplate":"https:\/\/globaltraining.com\/?s={search_term_string}"},"query-input":{"@type":"PropertyValueSpecification","valueRequired":true,"valueName":"search_term_string"}}],"inLanguage":"tr-TR"},{"@type":"Organization","@id":"https:\/\/globaltraining.com\/#organization","name":"K\u00fcresel G\u00fcvenlik ve \u00c7evre","url":"https:\/\/globaltraining.com\/","logo":{"@type":"ImageObject","inLanguage":"tr-TR","@id":"https:\/\/globaltraining.com\/#\/schema\/logo\/image\/","url":"https:\/\/globaltraining.com\/wp-content\/uploads\/2021\/01\/GSE-Logo-for-email.png","contentUrl":"https:\/\/globaltraining.com\/wp-content\/uploads\/2021\/01\/GSE-Logo-for-email.png","width":400,"height":101,"caption":"Global Safety & Environmental"},"image":{"@id":"https:\/\/globaltraining.com\/#\/schema\/logo\/image\/"}}]}},"_links":{"self":[{"href":"https:\/\/globaltraining.com\/tr\/wp-json\/wp\/v2\/product\/28322","targetHints":{"allow":["GET"]}}],"collection":[{"href":"https:\/\/globaltraining.com\/tr\/wp-json\/wp\/v2\/product"}],"about":[{"href":"https:\/\/globaltraining.com\/tr\/wp-json\/wp\/v2\/types\/product"}],"wp:featuredmedia":[{"embeddable":true,"href":"https:\/\/globaltraining.com\/tr\/wp-json\/wp\/v2\/media\/27158"}],"wp:attachment":[{"href":"https:\/\/globaltraining.com\/tr\/wp-json\/wp\/v2\/media?parent=28322"}],"wp:term":[{"taxonomy":"product_brand","embeddable":true,"href":"https:\/\/globaltraining.com\/tr\/wp-json\/wp\/v2\/product_brand?post=28322"},{"taxonomy":"product_cat","embeddable":true,"href":"https:\/\/globaltraining.com\/tr\/wp-json\/wp\/v2\/product_cat?post=28322"},{"taxonomy":"product_tag","embeddable":true,"href":"https:\/\/globaltraining.com\/tr\/wp-json\/wp\/v2\/product_tag?post=28322"}],"curies":[{"name":"wp","href":"https:\/\/api.w.org\/{rel}","templated":true}]}}