{"id":28321,"date":"2023-08-29T16:17:40","date_gmt":"2023-08-29T21:17:40","guid":{"rendered":"https:\/\/globaltraining.com\/?post_type=product&#038;p=28321"},"modified":"2024-12-06T13:18:28","modified_gmt":"2024-12-06T19:18:28","slug":"karbon-monoksit-egitimi","status":"publish","type":"product","link":"https:\/\/globaltraining.com\/tr\/product\/carbon-monoxide-training\/","title":{"rendered":"Karbonmonoksit E\u011fitimi"},"content":{"rendered":"<h2>Karbon Monoksit: Hayatlar\u0131 Korumak<\/h2>\n<p>Kapsaml\u0131 program\u0131m\u0131za ho\u015f geldiniz <strong>karbon monoksit e\u011fitimi<\/strong> hayatlar\u0131n korunmas\u0131na ve g\u00fcvenlik bilincinin geli\u015ftirilmesine adanm\u0131\u015f bir programd\u0131r. Bu k\u0131lavuzda, karbon monoksit g\u00fcvenli\u011fi e\u011fitiminin \u00f6nemini ve bunun karbon monoksit zehirlenmesi olaylar\u0131n\u0131 \u00f6nlemede nas\u0131l \u00f6nemli bir rol oynad\u0131\u011f\u0131n\u0131 inceleyece\u011fiz.<\/p>\n<h2>Karbon Monoksiti Anlamak<\/h2>\n<p><strong>Karbon monoksit (CO)<\/strong> yeterli miktarda solundu\u011funda \u00f6ld\u00fcr\u00fcc\u00fc olabilen renksiz, kokusuz bir gazd\u0131r. Genellikle &quot;sessiz katil&quot; olarak an\u0131l\u0131r \u00e7\u00fcnk\u00fc varl\u0131\u011f\u0131, uygun tespit ekipman\u0131 olmadan fark edilmez. CO, yak\u0131tlar\u0131n eksik yanmas\u0131 sonucu \u00fcretilir ve y\u00fcksek seviyelere maruz kalmak, bazen \u00f6l\u00fcmc\u00fcl sonu\u00e7lara yol a\u00e7acak \u015fekilde zehirlenmeye yol a\u00e7abilir.<\/p>\n<h2>Karbon Monoksit G\u00fcvenli\u011fi E\u011fitiminin \u00d6nemi<\/h2>\n<p>Bizim <strong>karbon monoksit g\u00fcvenli\u011fi e\u011fitimi<\/strong> Program, bireylere ve kurulu\u015flara CO zehirlenmesini \u00f6nlemek i\u00e7in gerekli bilgi ve becerileri sa\u011flamak \u00fczere tasarlanm\u0131\u015ft\u0131r. Kapsaml\u0131 e\u011fitimimiz a\u015fa\u011f\u0131dakiler de dahil olmak \u00fczere temel hususlar\u0131 kapsar:<\/p>\n<ul>\n<li>Karbon monoksit kaynaklar\u0131n\u0131n belirlenmesi<\/li>\n<li>Etkili havaland\u0131rma ve tespit y\u00f6ntemleri<\/li>\n<li>Yak\u0131t yakan cihazlar\u0131n g\u00fcvenli kullan\u0131m\u0131<\/li>\n<li>CO zehirlenmesinin semptomlar\u0131n\u0131 tan\u0131ma<\/li>\n<\/ul>\n<p>Program\u0131m\u0131z\u0131 ba\u015far\u0131yla tamamlayarak, karbon monoksite maruz kalma riskini en aza indirmeye ve daha g\u00fcvenli bir ya\u015fam ve \u00e7al\u0131\u015fma ortam\u0131 sa\u011flamaya haz\u0131rl\u0131kl\u0131 olacaks\u0131n\u0131z.<\/p>\n<h2>Zehirlenmeyi \u00d6nlemek<\/h2>\n<p><strong>Karbon monoksit (CO) zehirlenmesi<\/strong> evler, i\u015fyerleri ve dinlenme alanlar\u0131 dahil olmak \u00fczere \u00e7e\u015fitli ortamlarda ortaya \u00e7\u0131kabilir. CO zehirlenmesinin belirtileri aras\u0131nda ba\u015f a\u011fr\u0131s\u0131, ba\u015f d\u00f6nmesi, mide bulant\u0131s\u0131, kafa kar\u0131\u015f\u0131kl\u0131\u011f\u0131 ve hatta bilin\u00e7 kayb\u0131 yer al\u0131r. Kendinizi ve ba\u015fkalar\u0131n\u0131 bu gizli tehlikeden korumak i\u00e7in \u00f6nleyici tedbirler almak \u00e7ok \u00f6nemlidir.<\/p>\n<h2>Karbonmonoksit E\u011fitiminin Faydalar\u0131<\/h2>\n<p>Kay\u0131t olmam\u0131z <strong>karbon monoksit e\u011fitimi<\/strong> bireylere ve kurulu\u015flara \u00e7ok say\u0131da fayda sunar:<\/p>\n<ul>\n<li>Eviniz ve i\u015f yeriniz i\u00e7in art\u0131r\u0131lm\u0131\u015f g\u00fcvenlik<\/li>\n<li>CO zehirlenmesi vakalar\u0131n\u0131n azalt\u0131lm\u0131\u015f riski<\/li>\n<li>G\u00fcvenlik d\u00fczenlemelerine ve standartlar\u0131na uygunluk<\/li>\n<li>Korundu\u011funuzu bilmenin rahatl\u0131\u011f\u0131<\/li>\n<\/ul>\n<p>E\u011fitimimiz size \u00e7evrenizde g\u00fcvenli\u011fin sa\u011flanmas\u0131nda \u00f6nemli bir fark yaratabilecek de\u011ferli beceriler sa\u011flar.<\/p>\n<h2>Daha G\u00fcvenli Bir Ortam \u0130\u00e7in Harekete Ge\u00e7in<\/h2>\n<p>Tehlikeleri hafife almay\u0131n <strong>karbonmonoksit<\/strong>. Bug\u00fcn kaydolun ve kendinizi CO zehirlenmesini \u00f6nlemek i\u00e7in gereken bilgi ve becerilerle donat\u0131n. Herkes i\u00e7in daha g\u00fcvenli bir ya\u015fam ve \u00e7al\u0131\u015fma ortam\u0131 yaratmak i\u00e7in bize kat\u0131l\u0131n. Birlikte hayatlar\u0131 koruyabilir ve g\u00fcvenlik bilincini geli\u015ftirebiliriz.<\/p>","protected":false},"excerpt":{"rendered":"<p>Kapsaml\u0131 Karbonmonoksit E\u011fitimimizle kendinizi ve \u00e7evrenizi karbonmonoksit zehirlenmesinden koruyun. Kaynaklar\u0131 tan\u0131mlamay\u0131, tespit y\u00f6ntemlerini kullanmay\u0131 ve CO maruziyetini \u00f6nlemeyi \u00f6\u011frenin. \u015eimdi kaydolun ve daha g\u00fcvenli bir ya\u015fam ve \u00e7al\u0131\u015fma alan\u0131 sa\u011flay\u0131n.<\/p>","protected":false},"featured_media":27173,"template":"","meta":{"_et_pb_use_builder":"","_et_pb_old_content":"","_et_gb_content_width":""},"product_brand":[],"product_cat":[118,125,174,137,141,143],"product_tag":[],"class_list":{"0":"post-28321","1":"product","2":"type-product","3":"status-publish","4":"has-post-thumbnail","6":"product_cat-air-and-gas-monitoring","7":"product_cat-dangerous-chemicals","8":"product_cat-environmental","9":"product_cat-gases","10":"product_cat-hazardous-materials","11":"product_cat-health-and-safety","13":"first","14":"instock","15":"virtual","16":"sold-individually","17":"purchasable","18":"product-type-simple"},"yoast_head":"<!-- This site is optimized with the Yoast SEO plugin v27.3 - https:\/\/yoast.com\/product\/yoast-seo-wordpress\/ -->\n<title>Carbon Monoxide Training - Global Safety &amp; Environmental<\/title>\n<meta name=\"description\" content=\"Enhance safety with our Carbon Monoxide Training. Prevent poisoning incidents at home and work. Enroll now for a safer environment.\" \/>\n<meta name=\"robots\" content=\"index, follow, max-snippet:-1, max-image-preview:large, max-video-preview:-1\" \/>\n<link rel=\"canonical\" href=\"https:\/\/globaltraining.com\/tr\/urun\/karbon-monoksit-egitimi\/\" \/>\n<meta property=\"og:locale\" content=\"tr_TR\" \/>\n<meta property=\"og:type\" content=\"article\" \/>\n<meta property=\"og:title\" content=\"Carbon Monoxide Training - Global Safety &amp; Environmental\" \/>\n<meta property=\"og:description\" content=\"Enhance safety with our Carbon Monoxide Training. Prevent poisoning incidents at home and work. Enroll now for a safer environment.\" \/>\n<meta property=\"og:url\" content=\"https:\/\/globaltraining.com\/tr\/urun\/karbon-monoksit-egitimi\/\" \/>\n<meta property=\"og:site_name\" content=\"Global Safety &amp; Environmental\" \/>\n<meta property=\"article:modified_time\" content=\"2024-12-06T19:18:28+00:00\" \/>\n<meta property=\"og:image\" content=\"https:\/\/globaltraining.com\/wp-content\/uploads\/2021\/08\/carbon-monoxide.jpg\" \/>\n\t<meta property=\"og:image:width\" content=\"1200\" \/>\n\t<meta property=\"og:image:height\" content=\"800\" \/>\n\t<meta property=\"og:image:type\" content=\"image\/jpeg\" \/>\n<meta name=\"twitter:card\" content=\"summary_large_image\" \/>\n<meta name=\"twitter:label1\" content=\"Est. reading time\" \/>\n\t<meta name=\"twitter:data1\" content=\"2 minutes\" \/>\n<script type=\"application\/ld+json\" class=\"yoast-schema-graph\">{\"@context\":\"https:\\\/\\\/schema.org\",\"@graph\":[{\"@type\":\"WebPage\",\"@id\":\"https:\\\/\\\/globaltraining.com\\\/product\\\/carbon-monoxide-training\\\/\",\"url\":\"https:\\\/\\\/globaltraining.com\\\/product\\\/carbon-monoxide-training\\\/\",\"name\":\"Carbon Monoxide Training - Global Safety &amp; Environmental\",\"isPartOf\":{\"@id\":\"https:\\\/\\\/globaltraining.com\\\/#website\"},\"primaryImageOfPage\":{\"@id\":\"https:\\\/\\\/globaltraining.com\\\/product\\\/carbon-monoxide-training\\\/#primaryimage\"},\"image\":{\"@id\":\"https:\\\/\\\/globaltraining.com\\\/product\\\/carbon-monoxide-training\\\/#primaryimage\"},\"thumbnailUrl\":\"https:\\\/\\\/globaltraining.com\\\/wp-content\\\/uploads\\\/2021\\\/08\\\/carbon-monoxide.jpg\",\"datePublished\":\"2023-08-29T21:17:40+00:00\",\"dateModified\":\"2024-12-06T19:18:28+00:00\",\"description\":\"Enhance safety with our Carbon Monoxide Training. Prevent poisoning incidents at home and work. Enroll now for a safer environment.\",\"breadcrumb\":{\"@id\":\"https:\\\/\\\/globaltraining.com\\\/product\\\/carbon-monoxide-training\\\/#breadcrumb\"},\"inLanguage\":\"tr-TR\",\"potentialAction\":[{\"@type\":\"ReadAction\",\"target\":[\"https:\\\/\\\/globaltraining.com\\\/product\\\/carbon-monoxide-training\\\/\"]}]},{\"@type\":\"ImageObject\",\"inLanguage\":\"tr-TR\",\"@id\":\"https:\\\/\\\/globaltraining.com\\\/product\\\/carbon-monoxide-training\\\/#primaryimage\",\"url\":\"https:\\\/\\\/globaltraining.com\\\/wp-content\\\/uploads\\\/2021\\\/08\\\/carbon-monoxide.jpg\",\"contentUrl\":\"https:\\\/\\\/globaltraining.com\\\/wp-content\\\/uploads\\\/2021\\\/08\\\/carbon-monoxide.jpg\",\"width\":1200,\"height\":800,\"caption\":\"Carbon Monoxide Training\"},{\"@type\":\"BreadcrumbList\",\"@id\":\"https:\\\/\\\/globaltraining.com\\\/product\\\/carbon-monoxide-training\\\/#breadcrumb\",\"itemListElement\":[{\"@type\":\"ListItem\",\"position\":1,\"name\":\"Home\",\"item\":\"https:\\\/\\\/globaltraining.com\\\/\"},{\"@type\":\"ListItem\",\"position\":2,\"name\":\"Productos\",\"item\":\"https:\\\/\\\/globaltraining.com\\\/es\\\/shop\\\/\"},{\"@type\":\"ListItem\",\"position\":3,\"name\":\"Carbon Monoxide Training\"}]},{\"@type\":\"WebSite\",\"@id\":\"https:\\\/\\\/globaltraining.com\\\/#website\",\"url\":\"https:\\\/\\\/globaltraining.com\\\/\",\"name\":\"Global Safety & Environmental\",\"description\":\"Full Service Health, Safety, and Environmental Courses\",\"publisher\":{\"@id\":\"https:\\\/\\\/globaltraining.com\\\/#organization\"},\"potentialAction\":[{\"@type\":\"SearchAction\",\"target\":{\"@type\":\"EntryPoint\",\"urlTemplate\":\"https:\\\/\\\/globaltraining.com\\\/?s={search_term_string}\"},\"query-input\":{\"@type\":\"PropertyValueSpecification\",\"valueRequired\":true,\"valueName\":\"search_term_string\"}}],\"inLanguage\":\"tr-TR\"},{\"@type\":\"Organization\",\"@id\":\"https:\\\/\\\/globaltraining.com\\\/#organization\",\"name\":\"Global Safety & Environmental\",\"url\":\"https:\\\/\\\/globaltraining.com\\\/\",\"logo\":{\"@type\":\"ImageObject\",\"inLanguage\":\"tr-TR\",\"@id\":\"https:\\\/\\\/globaltraining.com\\\/#\\\/schema\\\/logo\\\/image\\\/\",\"url\":\"https:\\\/\\\/globaltraining.com\\\/wp-content\\\/uploads\\\/2021\\\/01\\\/GSE-Logo-for-email.png\",\"contentUrl\":\"https:\\\/\\\/globaltraining.com\\\/wp-content\\\/uploads\\\/2021\\\/01\\\/GSE-Logo-for-email.png\",\"width\":400,\"height\":101,\"caption\":\"Global Safety & Environmental\"},\"image\":{\"@id\":\"https:\\\/\\\/globaltraining.com\\\/#\\\/schema\\\/logo\\\/image\\\/\"}}]}<\/script>\n<!-- \/ Yoast SEO plugin. -->","yoast_head_json":{"title":"Karbon Monoksit E\u011fitimi - K\u00fcresel G\u00fcvenlik ve \u00c7evre","description":"Karbon Monoksit E\u011fitimimiz ile g\u00fcvenli\u011fi art\u0131r\u0131n. Evde ve i\u015fte zehirlenme olaylar\u0131n\u0131 \u00f6nleyin. Daha g\u00fcvenli bir ortam i\u00e7in hemen kaydolun.","robots":{"index":"index","follow":"follow","max-snippet":"max-snippet:-1","max-image-preview":"max-image-preview:large","max-video-preview":"max-video-preview:-1"},"canonical":"https:\/\/globaltraining.com\/tr\/urun\/karbon-monoksit-egitimi\/","og_locale":"tr_TR","og_type":"article","og_title":"Carbon Monoxide Training - Global Safety &amp; Environmental","og_description":"Enhance safety with our Carbon Monoxide Training. Prevent poisoning incidents at home and work. Enroll now for a safer environment.","og_url":"https:\/\/globaltraining.com\/tr\/urun\/karbon-monoksit-egitimi\/","og_site_name":"Global Safety &amp; Environmental","article_modified_time":"2024-12-06T19:18:28+00:00","og_image":[{"width":1200,"height":800,"url":"https:\/\/globaltraining.com\/wp-content\/uploads\/2021\/08\/carbon-monoxide.jpg","type":"image\/jpeg"}],"twitter_card":"summary_large_image","twitter_misc":{"Est. reading time":"2 minutes"},"schema":{"@context":"https:\/\/schema.org","@graph":[{"@type":"WebPage","@id":"https:\/\/globaltraining.com\/product\/carbon-monoxide-training\/","url":"https:\/\/globaltraining.com\/product\/carbon-monoxide-training\/","name":"Karbon Monoksit E\u011fitimi - K\u00fcresel G\u00fcvenlik ve \u00c7evre","isPartOf":{"@id":"https:\/\/globaltraining.com\/#website"},"primaryImageOfPage":{"@id":"https:\/\/globaltraining.com\/product\/carbon-monoxide-training\/#primaryimage"},"image":{"@id":"https:\/\/globaltraining.com\/product\/carbon-monoxide-training\/#primaryimage"},"thumbnailUrl":"https:\/\/globaltraining.com\/wp-content\/uploads\/2021\/08\/carbon-monoxide.jpg","datePublished":"2023-08-29T21:17:40+00:00","dateModified":"2024-12-06T19:18:28+00:00","description":"Karbon Monoksit E\u011fitimimiz ile g\u00fcvenli\u011fi art\u0131r\u0131n. Evde ve i\u015fte zehirlenme olaylar\u0131n\u0131 \u00f6nleyin. Daha g\u00fcvenli bir ortam i\u00e7in hemen kaydolun.","breadcrumb":{"@id":"https:\/\/globaltraining.com\/product\/carbon-monoxide-training\/#breadcrumb"},"inLanguage":"tr-TR","potentialAction":[{"@type":"ReadAction","target":["https:\/\/globaltraining.com\/product\/carbon-monoxide-training\/"]}]},{"@type":"ImageObject","inLanguage":"tr-TR","@id":"https:\/\/globaltraining.com\/product\/carbon-monoxide-training\/#primaryimage","url":"https:\/\/globaltraining.com\/wp-content\/uploads\/2021\/08\/carbon-monoxide.jpg","contentUrl":"https:\/\/globaltraining.com\/wp-content\/uploads\/2021\/08\/carbon-monoxide.jpg","width":1200,"height":800,"caption":"Carbon Monoxide Training"},{"@type":"BreadcrumbList","@id":"https:\/\/globaltraining.com\/product\/carbon-monoxide-training\/#breadcrumb","itemListElement":[{"@type":"ListItem","position":1,"name":"Home","item":"https:\/\/globaltraining.com\/"},{"@type":"ListItem","position":2,"name":"Productos","item":"https:\/\/globaltraining.com\/es\/shop\/"},{"@type":"ListItem","position":3,"name":"Carbon Monoxide Training"}]},{"@type":"WebSite","@id":"https:\/\/globaltraining.com\/#website","url":"https:\/\/globaltraining.com\/","name":"K\u00fcresel G\u00fcvenlik ve \u00c7evre","description":"Tam Hizmet Sa\u011fl\u0131k, G\u00fcvenlik ve \u00c7evre Kurslar\u0131","publisher":{"@id":"https:\/\/globaltraining.com\/#organization"},"potentialAction":[{"@type":"SearchAction","target":{"@type":"EntryPoint","urlTemplate":"https:\/\/globaltraining.com\/?s={search_term_string}"},"query-input":{"@type":"PropertyValueSpecification","valueRequired":true,"valueName":"search_term_string"}}],"inLanguage":"tr-TR"},{"@type":"Organization","@id":"https:\/\/globaltraining.com\/#organization","name":"K\u00fcresel G\u00fcvenlik ve \u00c7evre","url":"https:\/\/globaltraining.com\/","logo":{"@type":"ImageObject","inLanguage":"tr-TR","@id":"https:\/\/globaltraining.com\/#\/schema\/logo\/image\/","url":"https:\/\/globaltraining.com\/wp-content\/uploads\/2021\/01\/GSE-Logo-for-email.png","contentUrl":"https:\/\/globaltraining.com\/wp-content\/uploads\/2021\/01\/GSE-Logo-for-email.png","width":400,"height":101,"caption":"Global Safety & Environmental"},"image":{"@id":"https:\/\/globaltraining.com\/#\/schema\/logo\/image\/"}}]}},"_links":{"self":[{"href":"https:\/\/globaltraining.com\/tr\/wp-json\/wp\/v2\/product\/28321","targetHints":{"allow":["GET"]}}],"collection":[{"href":"https:\/\/globaltraining.com\/tr\/wp-json\/wp\/v2\/product"}],"about":[{"href":"https:\/\/globaltraining.com\/tr\/wp-json\/wp\/v2\/types\/product"}],"wp:featuredmedia":[{"embeddable":true,"href":"https:\/\/globaltraining.com\/tr\/wp-json\/wp\/v2\/media\/27173"}],"wp:attachment":[{"href":"https:\/\/globaltraining.com\/tr\/wp-json\/wp\/v2\/media?parent=28321"}],"wp:term":[{"taxonomy":"product_brand","embeddable":true,"href":"https:\/\/globaltraining.com\/tr\/wp-json\/wp\/v2\/product_brand?post=28321"},{"taxonomy":"product_cat","embeddable":true,"href":"https:\/\/globaltraining.com\/tr\/wp-json\/wp\/v2\/product_cat?post=28321"},{"taxonomy":"product_tag","embeddable":true,"href":"https:\/\/globaltraining.com\/tr\/wp-json\/wp\/v2\/product_tag?post=28321"}],"curies":[{"name":"wp","href":"https:\/\/api.w.org\/{rel}","templated":true}]}}