{"id":28320,"date":"2023-08-29T16:16:47","date_gmt":"2023-08-29T21:16:47","guid":{"rendered":"https:\/\/globaltraining.com\/?post_type=product&#038;p=28320"},"modified":"2024-12-06T13:19:06","modified_gmt":"2024-12-06T19:19:06","slug":"mavi-sinyal-korumasi","status":"publish","type":"product","link":"https:\/\/globaltraining.com\/tr\/product\/blue-signal-protection\/","title":{"rendered":"Mavi Sinyal Korumas\u0131"},"content":{"rendered":"<h2>Mavi Sinyal Koruma E\u011fitimi: Demiryolu G\u00fcvenli\u011fi<\/h2>\n<p>Kapsaml\u0131 program\u0131m\u0131za ho\u015f geldiniz <strong>mavi sinyal korumas\u0131<\/strong> Demiryolu end\u00fcstrisinde en \u00fcst d\u00fczeyde g\u00fcvenli\u011fin sa\u011flanmas\u0131na odaklanan e\u011fitim program\u0131. Bu k\u0131lavuzda mavi sinyal e\u011fitiminin \u00f6nemini ve demiryolunda hayatlar\u0131n korunmas\u0131 ve kazalar\u0131n \u00f6nlenmesindeki kritik rol\u00fcn\u00fc inceleyece\u011fiz.<\/p>\n<h2>Mavi Sinyali Anlamak<\/h2>\n<p><strong>Mavi sinyal korumas\u0131<\/strong> demiryolu end\u00fcstrisinde kullan\u0131lan hayati bir g\u00fcvenlik prosed\u00fcr\u00fcd\u00fcr. Demiryolu \u00e7al\u0131\u015fanlar\u0131n\u0131 korumak ve kazalar\u0131 \u00f6nlemek i\u00e7in mavi sinyallerin kullan\u0131lmas\u0131n\u0131 i\u00e7erir. Bu prosed\u00fcr, demiryolu raylar\u0131 \u00fczerinde veya yak\u0131n\u0131nda \u00e7al\u0131\u015fan personelin g\u00fcvenli\u011finin sa\u011flanmas\u0131 a\u00e7\u0131s\u0131ndan \u00e7ok \u00f6nemlidir ve demiryolu g\u00fcvenlik protokollerinin ayr\u0131lmaz bir par\u00e7as\u0131d\u0131r.<\/p>\n<h2>Demiryolu Mavi Sinyal Koruma E\u011fitiminin \u00d6nemi<\/h2>\n<p>Bizim <strong>demiryolu mavi sinyal e\u011fitimi<\/strong> Program, demiryolu i\u015f\u00e7ilerini mavi sinyali etkili bir \u015fekilde uygulamak i\u00e7in gerekli bilgi ve becerilerle donatmak \u00fczere tasarlanm\u0131\u015ft\u0131r. Kapsaml\u0131 e\u011fitimimiz a\u015fa\u011f\u0131dakiler de dahil olmak \u00fczere temel hususlar\u0131 kapsar:<\/p>\n<ul>\n<li>Mavi sinyal prosed\u00fcrlerini anlama<\/li>\n<li>Mavi sinyallerin do\u011fru kullan\u0131m\u0131<\/li>\n<li>Demiryolu end\u00fcstrisinde ileti\u015fim ve koordinasyon<\/li>\n<li>Sinyal ar\u0131zas\u0131 durumunda acil m\u00fcdahale<\/li>\n<\/ul>\n<p>Program\u0131m\u0131z\u0131 ba\u015far\u0131yla tamamlayarak demiryolu \u00e7al\u0131\u015fanlar\u0131n\u0131n g\u00fcvenli\u011fini sa\u011flamaya ve mavi sinyal korumas\u0131n\u0131n do\u011fru \u015fekilde uygulanmas\u0131 yoluyla kazalar\u0131 \u00f6nlemeye haz\u0131rl\u0131kl\u0131 olacaks\u0131n\u0131z.<\/p>\n<h2>Mavi Sinyal E\u011fitiminin Faydalar\u0131<\/h2>\n<p>Kay\u0131t olmam\u0131z <strong>mavi sinyal koruma e\u011fitimi<\/strong> hem demiryolu \u00e7al\u0131\u015fanlar\u0131 hem de bir b\u00fct\u00fcn olarak end\u00fcstri i\u00e7in \u00e7ok say\u0131da avantaj sunmaktad\u0131r:<\/p>\n<ul>\n<li>Geli\u015fmi\u015f G\u00fcvenlik: Mavi sinyalin do\u011fru \u015fekilde uygulanmas\u0131 demiryolundaki kaza ve yaralanma riskini \u00f6nemli \u00f6l\u00e7\u00fcde azalt\u0131r.<\/li>\n<li>G\u00fcvenlik Y\u00f6netmeliklerine Uyum: E\u011fitimimiz, g\u00fcvenlik protokolleri konusunda bilgili olman\u0131z\u0131 sa\u011flar ve end\u00fcstri d\u00fczenlemelerine uyman\u0131za yard\u0131mc\u0131 olur.<\/li>\n<li>Verimli \u0130leti\u015fim: Demiryolu sekt\u00f6r\u00fcnde g\u00fcvenlik i\u00e7in hayati \u00f6nem ta\u015f\u0131yan etkili ileti\u015fim ve koordinasyon y\u00f6ntemlerini \u00f6\u011frenin.<\/li>\n<li>H\u0131zl\u0131 Acil Durum M\u00fcdahalesi: Sinyal ar\u0131zalar\u0131 veya acil durumlarda e\u011fitimimiz sizi h\u0131zl\u0131 ve etkili bir \u015fekilde m\u00fcdahale etme becerileriyle donat\u0131r.<\/li>\n<\/ul>\n<p>E\u011fitim program\u0131m\u0131z sizi demiryolunda g\u00fcvenli\u011fi sa\u011flamak ve kazalar\u0131 \u00f6nlemek i\u00e7in gerekli olan de\u011ferli becerilerle g\u00fc\u00e7lendirir.<\/p>\n<h2>Demiryolu G\u00fcvenli\u011fi \u0130\u00e7in Harekete Ge\u00e7in<\/h2>\n<p>Demiryolu \u00e7al\u0131\u015fanlar\u0131n\u0131n ve yolcular\u0131n\u0131n g\u00fcvenli\u011fini \u015fansa b\u0131rakmay\u0131n. Kay\u0131t olun <strong>mavi sinyal koruma e\u011fitimi<\/strong> Bug\u00fcn kendinizi g\u00fcvenli bir demiryolu ortam\u0131 sa\u011flamak i\u00e7in gereken bilgi ve becerilerle donat\u0131n. Bize kat\u0131larak, hayatlar\u0131n korundu\u011fu ve kazalar\u0131n \u00f6nlendi\u011fi daha g\u00fcvenli bir demiryolu end\u00fcstrisi yaratman\u0131n ayr\u0131lmaz bir par\u00e7as\u0131 olursunuz. Hep birlikte demiryolunu herkes i\u00e7in daha g\u00fcvenli bir ula\u015f\u0131m arac\u0131 haline getirebiliriz.<\/p>","protected":false},"excerpt":{"rendered":"<p>Kapsaml\u0131 Mavi Sinyal Koruma E\u011fitimimizle demiryolu g\u00fcvenli\u011fine \u00f6ncelik verin. Mavi sinyallerin, etkili ileti\u015fimin ve acil durum m\u00fcdahalesinin \u00f6nemini \u00f6\u011frenin. Daha g\u00fcvenli bir demiryolu ortam\u0131 yaratmak i\u00e7in bize kat\u0131l\u0131n.<\/p>","protected":false},"featured_media":27046,"template":"","meta":{"_et_pb_use_builder":"","_et_pb_old_content":"","_et_gb_content_width":""},"product_brand":[],"product_cat":[163],"product_tag":[],"class_list":{"0":"post-28320","1":"product","2":"type-product","3":"status-publish","4":"has-post-thumbnail","6":"product_cat-safety-admin","8":"first","9":"instock","10":"virtual","11":"sold-individually","12":"purchasable","13":"product-type-simple"},"yoast_head":"<!-- This site is optimized with the Yoast SEO plugin v27.4 - https:\/\/yoast.com\/product\/yoast-seo-wordpress\/ -->\n<title>Blue Signal Protection - Global Safety &amp; Environmental<\/title>\n<meta name=\"description\" content=\"Elevate railroad safety with our comprehensive Blue Signal Protection Training. Enroll today and contribute to a safer railroad industry.\" \/>\n<meta name=\"robots\" content=\"index, follow, max-snippet:-1, max-image-preview:large, max-video-preview:-1\" \/>\n<link rel=\"canonical\" href=\"https:\/\/globaltraining.com\/tr\/urun\/mavi-sinyal-korumasi\/\" \/>\n<meta property=\"og:locale\" content=\"tr_TR\" \/>\n<meta property=\"og:type\" content=\"article\" \/>\n<meta property=\"og:title\" content=\"Blue Signal Protection - Global Safety &amp; Environmental\" \/>\n<meta property=\"og:description\" content=\"Elevate railroad safety with our comprehensive Blue Signal Protection Training. Enroll today and contribute to a safer railroad industry.\" \/>\n<meta property=\"og:url\" content=\"https:\/\/globaltraining.com\/tr\/urun\/mavi-sinyal-korumasi\/\" \/>\n<meta property=\"og:site_name\" content=\"Global Safety &amp; Environmental\" \/>\n<meta property=\"article:modified_time\" content=\"2024-12-06T19:19:06+00:00\" \/>\n<meta property=\"og:image\" content=\"https:\/\/globaltraining.com\/wp-content\/uploads\/2022\/07\/Blue-Signal-Featured.jpg\" \/>\n\t<meta property=\"og:image:width\" content=\"1200\" \/>\n\t<meta property=\"og:image:height\" content=\"800\" \/>\n\t<meta property=\"og:image:type\" content=\"image\/jpeg\" \/>\n<meta name=\"twitter:card\" content=\"summary_large_image\" \/>\n<meta name=\"twitter:label1\" content=\"Est. reading time\" \/>\n\t<meta name=\"twitter:data1\" content=\"2 minutes\" \/>\n<script type=\"application\/ld+json\" class=\"yoast-schema-graph\">{\"@context\":\"https:\\\/\\\/schema.org\",\"@graph\":[{\"@type\":\"WebPage\",\"@id\":\"https:\\\/\\\/globaltraining.com\\\/product\\\/blue-signal-protection\\\/\",\"url\":\"https:\\\/\\\/globaltraining.com\\\/product\\\/blue-signal-protection\\\/\",\"name\":\"Blue Signal Protection - Global Safety &amp; Environmental\",\"isPartOf\":{\"@id\":\"https:\\\/\\\/globaltraining.com\\\/#website\"},\"primaryImageOfPage\":{\"@id\":\"https:\\\/\\\/globaltraining.com\\\/product\\\/blue-signal-protection\\\/#primaryimage\"},\"image\":{\"@id\":\"https:\\\/\\\/globaltraining.com\\\/product\\\/blue-signal-protection\\\/#primaryimage\"},\"thumbnailUrl\":\"https:\\\/\\\/globaltraining.com\\\/wp-content\\\/uploads\\\/2022\\\/07\\\/Blue-Signal-Featured.jpg\",\"datePublished\":\"2023-08-29T21:16:47+00:00\",\"dateModified\":\"2024-12-06T19:19:06+00:00\",\"description\":\"Elevate railroad safety with our comprehensive Blue Signal Protection Training. Enroll today and contribute to a safer railroad industry.\",\"breadcrumb\":{\"@id\":\"https:\\\/\\\/globaltraining.com\\\/product\\\/blue-signal-protection\\\/#breadcrumb\"},\"inLanguage\":\"tr-TR\",\"potentialAction\":[{\"@type\":\"ReadAction\",\"target\":[\"https:\\\/\\\/globaltraining.com\\\/product\\\/blue-signal-protection\\\/\"]}]},{\"@type\":\"ImageObject\",\"inLanguage\":\"tr-TR\",\"@id\":\"https:\\\/\\\/globaltraining.com\\\/product\\\/blue-signal-protection\\\/#primaryimage\",\"url\":\"https:\\\/\\\/globaltraining.com\\\/wp-content\\\/uploads\\\/2022\\\/07\\\/Blue-Signal-Featured.jpg\",\"contentUrl\":\"https:\\\/\\\/globaltraining.com\\\/wp-content\\\/uploads\\\/2022\\\/07\\\/Blue-Signal-Featured.jpg\",\"width\":1200,\"height\":800,\"caption\":\"Blue Signal Protection\"},{\"@type\":\"BreadcrumbList\",\"@id\":\"https:\\\/\\\/globaltraining.com\\\/product\\\/blue-signal-protection\\\/#breadcrumb\",\"itemListElement\":[{\"@type\":\"ListItem\",\"position\":1,\"name\":\"Home\",\"item\":\"https:\\\/\\\/globaltraining.com\\\/\"},{\"@type\":\"ListItem\",\"position\":2,\"name\":\"Productos\",\"item\":\"https:\\\/\\\/globaltraining.com\\\/es\\\/shop\\\/\"},{\"@type\":\"ListItem\",\"position\":3,\"name\":\"Blue Signal Protection\"}]},{\"@type\":\"WebSite\",\"@id\":\"https:\\\/\\\/globaltraining.com\\\/#website\",\"url\":\"https:\\\/\\\/globaltraining.com\\\/\",\"name\":\"Global Safety & Environmental\",\"description\":\"Full Service Health, Safety, and Environmental Courses\",\"publisher\":{\"@id\":\"https:\\\/\\\/globaltraining.com\\\/#organization\"},\"potentialAction\":[{\"@type\":\"SearchAction\",\"target\":{\"@type\":\"EntryPoint\",\"urlTemplate\":\"https:\\\/\\\/globaltraining.com\\\/?s={search_term_string}\"},\"query-input\":{\"@type\":\"PropertyValueSpecification\",\"valueRequired\":true,\"valueName\":\"search_term_string\"}}],\"inLanguage\":\"tr-TR\"},{\"@type\":\"Organization\",\"@id\":\"https:\\\/\\\/globaltraining.com\\\/#organization\",\"name\":\"Global Safety & Environmental\",\"url\":\"https:\\\/\\\/globaltraining.com\\\/\",\"logo\":{\"@type\":\"ImageObject\",\"inLanguage\":\"tr-TR\",\"@id\":\"https:\\\/\\\/globaltraining.com\\\/#\\\/schema\\\/logo\\\/image\\\/\",\"url\":\"https:\\\/\\\/globaltraining.com\\\/wp-content\\\/uploads\\\/2021\\\/01\\\/GSE-Logo-for-email.png\",\"contentUrl\":\"https:\\\/\\\/globaltraining.com\\\/wp-content\\\/uploads\\\/2021\\\/01\\\/GSE-Logo-for-email.png\",\"width\":400,\"height\":101,\"caption\":\"Global Safety & Environmental\"},\"image\":{\"@id\":\"https:\\\/\\\/globaltraining.com\\\/#\\\/schema\\\/logo\\\/image\\\/\"}}]}<\/script>\n<!-- \/ Yoast SEO plugin. -->","yoast_head_json":{"title":"Mavi Sinyal Korumas\u0131 - K\u00fcresel G\u00fcvenlik ve \u00c7evre","description":"Kapsaml\u0131 Mavi Sinyal Koruma E\u011fitimimizle demiryolu g\u00fcvenli\u011fini art\u0131r\u0131n. Bug\u00fcn kaydolun ve daha g\u00fcvenli bir demiryolu sekt\u00f6r\u00fcne katk\u0131da bulunun.","robots":{"index":"index","follow":"follow","max-snippet":"max-snippet:-1","max-image-preview":"max-image-preview:large","max-video-preview":"max-video-preview:-1"},"canonical":"https:\/\/globaltraining.com\/tr\/urun\/mavi-sinyal-korumasi\/","og_locale":"tr_TR","og_type":"article","og_title":"Blue Signal Protection - Global Safety &amp; Environmental","og_description":"Elevate railroad safety with our comprehensive Blue Signal Protection Training. Enroll today and contribute to a safer railroad industry.","og_url":"https:\/\/globaltraining.com\/tr\/urun\/mavi-sinyal-korumasi\/","og_site_name":"Global Safety &amp; Environmental","article_modified_time":"2024-12-06T19:19:06+00:00","og_image":[{"width":1200,"height":800,"url":"https:\/\/globaltraining.com\/wp-content\/uploads\/2022\/07\/Blue-Signal-Featured.jpg","type":"image\/jpeg"}],"twitter_card":"summary_large_image","twitter_misc":{"Est. reading time":"2 minutes"},"schema":{"@context":"https:\/\/schema.org","@graph":[{"@type":"WebPage","@id":"https:\/\/globaltraining.com\/product\/blue-signal-protection\/","url":"https:\/\/globaltraining.com\/product\/blue-signal-protection\/","name":"Mavi Sinyal Korumas\u0131 - K\u00fcresel G\u00fcvenlik ve \u00c7evre","isPartOf":{"@id":"https:\/\/globaltraining.com\/#website"},"primaryImageOfPage":{"@id":"https:\/\/globaltraining.com\/product\/blue-signal-protection\/#primaryimage"},"image":{"@id":"https:\/\/globaltraining.com\/product\/blue-signal-protection\/#primaryimage"},"thumbnailUrl":"https:\/\/globaltraining.com\/wp-content\/uploads\/2022\/07\/Blue-Signal-Featured.jpg","datePublished":"2023-08-29T21:16:47+00:00","dateModified":"2024-12-06T19:19:06+00:00","description":"Kapsaml\u0131 Mavi Sinyal Koruma E\u011fitimimizle demiryolu g\u00fcvenli\u011fini art\u0131r\u0131n. Bug\u00fcn kaydolun ve daha g\u00fcvenli bir demiryolu sekt\u00f6r\u00fcne katk\u0131da bulunun.","breadcrumb":{"@id":"https:\/\/globaltraining.com\/product\/blue-signal-protection\/#breadcrumb"},"inLanguage":"tr-TR","potentialAction":[{"@type":"ReadAction","target":["https:\/\/globaltraining.com\/product\/blue-signal-protection\/"]}]},{"@type":"ImageObject","inLanguage":"tr-TR","@id":"https:\/\/globaltraining.com\/product\/blue-signal-protection\/#primaryimage","url":"https:\/\/globaltraining.com\/wp-content\/uploads\/2022\/07\/Blue-Signal-Featured.jpg","contentUrl":"https:\/\/globaltraining.com\/wp-content\/uploads\/2022\/07\/Blue-Signal-Featured.jpg","width":1200,"height":800,"caption":"Blue Signal Protection"},{"@type":"BreadcrumbList","@id":"https:\/\/globaltraining.com\/product\/blue-signal-protection\/#breadcrumb","itemListElement":[{"@type":"ListItem","position":1,"name":"Home","item":"https:\/\/globaltraining.com\/"},{"@type":"ListItem","position":2,"name":"Productos","item":"https:\/\/globaltraining.com\/es\/shop\/"},{"@type":"ListItem","position":3,"name":"Blue Signal Protection"}]},{"@type":"WebSite","@id":"https:\/\/globaltraining.com\/#website","url":"https:\/\/globaltraining.com\/","name":"K\u00fcresel G\u00fcvenlik ve \u00c7evre","description":"Tam Hizmet Sa\u011fl\u0131k, G\u00fcvenlik ve \u00c7evre Kurslar\u0131","publisher":{"@id":"https:\/\/globaltraining.com\/#organization"},"potentialAction":[{"@type":"SearchAction","target":{"@type":"EntryPoint","urlTemplate":"https:\/\/globaltraining.com\/?s={search_term_string}"},"query-input":{"@type":"PropertyValueSpecification","valueRequired":true,"valueName":"search_term_string"}}],"inLanguage":"tr-TR"},{"@type":"Organization","@id":"https:\/\/globaltraining.com\/#organization","name":"K\u00fcresel G\u00fcvenlik ve \u00c7evre","url":"https:\/\/globaltraining.com\/","logo":{"@type":"ImageObject","inLanguage":"tr-TR","@id":"https:\/\/globaltraining.com\/#\/schema\/logo\/image\/","url":"https:\/\/globaltraining.com\/wp-content\/uploads\/2021\/01\/GSE-Logo-for-email.png","contentUrl":"https:\/\/globaltraining.com\/wp-content\/uploads\/2021\/01\/GSE-Logo-for-email.png","width":400,"height":101,"caption":"Global Safety & Environmental"},"image":{"@id":"https:\/\/globaltraining.com\/#\/schema\/logo\/image\/"}}]}},"_links":{"self":[{"href":"https:\/\/globaltraining.com\/tr\/wp-json\/wp\/v2\/product\/28320","targetHints":{"allow":["GET"]}}],"collection":[{"href":"https:\/\/globaltraining.com\/tr\/wp-json\/wp\/v2\/product"}],"about":[{"href":"https:\/\/globaltraining.com\/tr\/wp-json\/wp\/v2\/types\/product"}],"wp:featuredmedia":[{"embeddable":true,"href":"https:\/\/globaltraining.com\/tr\/wp-json\/wp\/v2\/media\/27046"}],"wp:attachment":[{"href":"https:\/\/globaltraining.com\/tr\/wp-json\/wp\/v2\/media?parent=28320"}],"wp:term":[{"taxonomy":"product_brand","embeddable":true,"href":"https:\/\/globaltraining.com\/tr\/wp-json\/wp\/v2\/product_brand?post=28320"},{"taxonomy":"product_cat","embeddable":true,"href":"https:\/\/globaltraining.com\/tr\/wp-json\/wp\/v2\/product_cat?post=28320"},{"taxonomy":"product_tag","embeddable":true,"href":"https:\/\/globaltraining.com\/tr\/wp-json\/wp\/v2\/product_tag?post=28320"}],"curies":[{"name":"wp","href":"https:\/\/api.w.org\/{rel}","templated":true}]}}