{"id":28319,"date":"2023-08-29T16:15:29","date_gmt":"2023-08-29T21:15:29","guid":{"rendered":"https:\/\/globaltraining.com\/?post_type=product&#038;p=28319"},"modified":"2024-12-06T13:26:57","modified_gmt":"2024-12-06T19:26:57","slug":"kan-yoluyla-bulasan-patojenler","status":"publish","type":"product","link":"https:\/\/globaltraining.com\/tr\/product\/blood-borne-pathogens\/","title":{"rendered":"Kanla bula\u015fan patojenler"},"content":{"rendered":"<h2>Kanla Bula\u015fan Patojenleri Anlamak<\/h2>\n<p>Kan yoluyla bula\u015fan patojenler, insan kan\u0131nda bulunan ve di\u011fer ki\u015filere bula\u015ft\u0131\u011f\u0131nda hastal\u0131klara neden olma potansiyeline sahip mikroorganizmalard\u0131r. En iyi bilinen kan yoluyla bula\u015fan patojenler aras\u0131nda HIV, Hepatit B ve Hepatit C yer al\u0131r. Bu patojenlerin ve nas\u0131l yay\u0131ld\u0131klar\u0131n\u0131n derinlemesine anla\u015f\u0131lmas\u0131, i\u015fyerindeki enfeksiyonlar\u0131n \u00f6nlenmesi i\u00e7in \u00e7ok \u00f6nemlidir.<\/p>\n<h2>Kanla Bula\u015fan Patojenler E\u011fitiminin \u00d6nemi<\/h2>\n<p>Kanla bula\u015fan patojenler e\u011fitim program\u0131m\u0131z, kendinizi ve ba\u015fkalar\u0131n\u0131 bu patojenlerin tehlikelerinden korumak i\u00e7in gerekli bilgi ve becerileri size kazand\u0131rmak \u00fczere titizlikle tasarlanm\u0131\u015ft\u0131r. Kapsaml\u0131 e\u011fitimimizin kapsad\u0131\u011f\u0131 temel unsurlar \u015funlar\u0131 kapsamaktad\u0131r:<\/p>\n<ol>\n<li><strong>Kanla Bula\u015fan Patojenlerin Tan\u0131mlanmas\u0131:<\/strong> Sizi kan yoluyla bula\u015fan \u00e7e\u015fitli patojenleri nas\u0131l tan\u0131yaca\u011f\u0131n\u0131z ve ay\u0131rt edece\u011finiz konusunda e\u011fiterek proaktif \u00f6nlemler alman\u0131z\u0131 sa\u011fl\u0131yoruz.<\/li>\n<li><strong>G\u00fcvenli Kullan\u0131m Prosed\u00fcrleri:<\/strong> Potansiyel olarak kontamine olmu\u015f materyallerin veya durumlar\u0131n ele al\u0131nmas\u0131 hassasiyet gerektirir. E\u011fitimimiz sizi bu t\u00fcr senaryolar\u0131 g\u00fcvenli ve verimli bir \u015fekilde ele alma becerileriyle donat\u0131r.<\/li>\n<li><strong>Ki\u015fisel Koruyucu Ekipman\u0131n (KKD) Do\u011fru Kullan\u0131m\u0131:<\/strong> Maruz kalma riskini azaltmak i\u00e7in ki\u015fisel koruyucu ekipman\u0131 nas\u0131l etkili bir \u015fekilde kullanaca\u011f\u0131n\u0131z\u0131 \u00f6\u011frenin.<\/li>\n<li><strong>Maruziyet Sonras\u0131 Protokoller:<\/strong> Bir maruz kalma olay\u0131 durumunda at\u0131lacak do\u011fru ad\u0131mlar\u0131 bilmek hayati \u00f6nem ta\u015f\u0131r. Program\u0131m\u0131z size takip etmeniz gereken gerekli protokolleri sa\u011flar.<\/li>\n<\/ol>\n<p>Program\u0131m\u0131z\u0131 ba\u015far\u0131yla tamamlayarak kan yoluyla bula\u015fan patojenlere maruz kalma riskini en aza indirmeye haz\u0131rl\u0131kl\u0131 olacak ve daha g\u00fcvenli ve sa\u011fl\u0131kl\u0131 bir \u00e7al\u0131\u015fma ortam\u0131na katk\u0131da bulunacaks\u0131n\u0131z.<\/p>\n<h2>Kanla Bula\u015fan Patojenler E\u011fitiminin Faydalar\u0131<\/h2>\n<p>Kanla bula\u015fan patojenler e\u011fitimimize kaydolmak hem \u00e7al\u0131\u015fanlar hem de i\u015fverenler i\u00e7in bir dizi avantaj sunar:<\/p>\n<ul>\n<li><strong>Geli\u015fmi\u015f G\u00fcvenlik:<\/strong> Kan yoluyla bula\u015fan patojenlerin s\u00f6z konusu oldu\u011fu durumlarla ba\u015f etmede ustala\u015ft\u0131k\u00e7a, hem sizin hem de i\u015f arkada\u015flar\u0131n\u0131z\u0131n g\u00fcvenli\u011fi \u00f6nemli \u00f6l\u00e7\u00fcde artar.<\/li>\n<li><strong>Daha Az Enfeksiyon ve Hastal\u0131k Riski:<\/strong> E\u011fitimimizden edindi\u011finiz bilgi ve becerilerle donanm\u0131\u015f olarak, kan yoluyla bula\u015fan patojenlere ba\u011fl\u0131 enfeksiyonlara ve hastal\u0131klara kar\u015f\u0131 daha az duyarl\u0131 olacaks\u0131n\u0131z.<\/li>\n<li><strong>G\u00fcvenlik Y\u00f6netmeliklerine Uygunluk:<\/strong> Program\u0131m\u0131z, g\u00fcvenlik d\u00fczenlemeleri konusunda bilgili olman\u0131z\u0131 sa\u011flayarak i\u015f yerinizin gerekli uyumluluk standartlar\u0131na uymas\u0131na yard\u0131mc\u0131 olur.<\/li>\n<li><strong>\u0130\u00e7 huzur:<\/strong> Yeterince korundu\u011funuzu ve bilgilendirildi\u011finizi bilmek, gereksiz endi\u015feler olmadan i\u015finize odaklanman\u0131z i\u00e7in gereken g\u00f6n\u00fcl rahatl\u0131\u011f\u0131n\u0131 sa\u011flar.<\/li>\n<\/ul>\n<p>E\u011fitimimiz, g\u00fcvenli bir i\u015fyerinin korunmas\u0131nda \u00f6nemli bir fark yaratabilecek de\u011ferli beceriler kazand\u0131r\u0131r.<\/p>\n<h2>Sa\u011fl\u0131\u011f\u0131n\u0131z\u0131 Bug\u00fcn Koruyun<\/h2>\n<p>Kanla ta\u015f\u0131nan patojenlerle u\u011fra\u015f\u0131rken sa\u011fl\u0131\u011f\u0131n\u0131zdan asla \u00f6d\u00fcn verilmemelidir. Kanla ta\u015f\u0131nan patojenler e\u011fitimimize kaydolarak proaktif ad\u0131m\u0131 bug\u00fcn at\u0131n. Kendinizi ve meslekta\u015flar\u0131n\u0131z\u0131n g\u00fcvenli\u011fini sa\u011flamak i\u00e7in gerekli bilgi ve becerilerle kendinizi donat\u0131n. Bize kat\u0131larak, sa\u011fl\u0131k ve refah\u0131n \u00f6ncelikli oldu\u011fu daha g\u00fcvenli bir \u00e7al\u0131\u015fma ortam\u0131 yaratman\u0131n ayr\u0131lmaz bir par\u00e7as\u0131 olursunuz. Birlikte i\u015f yerinizi herkes i\u00e7in daha sa\u011fl\u0131kl\u0131 ve g\u00fcvenli bir yer haline getirebiliriz.<\/p>","protected":false},"excerpt":{"rendered":"<p>Kanla Bula\u015fan Patojenler E\u011fitimimizle i\u015f yeri g\u00fcvenli\u011fine \u00f6ncelik verin. Patojenleri, g\u00fcvenli kullan\u0131m\u0131 ve maruziyet sonras\u0131 protokolleri anlay\u0131n. Daha g\u00fcvenli bir \u00e7al\u0131\u015fma ortam\u0131 yaratmak i\u00e7in bize kat\u0131l\u0131n.<\/p>","protected":false},"featured_media":27203,"template":"","meta":{"_et_pb_use_builder":"","_et_pb_old_content":"","_et_gb_content_width":""},"product_brand":[],"product_cat":[143,153,156,163],"product_tag":[],"class_list":{"0":"post-28319","1":"product","2":"type-product","3":"status-publish","4":"has-post-thumbnail","6":"product_cat-health-and-safety","7":"product_cat-medical","8":"product_cat-occupational-health-and-safety","9":"product_cat-safety-admin","11":"first","12":"instock","13":"virtual","14":"sold-individually","15":"purchasable","16":"product-type-simple"},"yoast_head":"<!-- This site is optimized with the Yoast SEO plugin v27.4 - https:\/\/yoast.com\/product\/yoast-seo-wordpress\/ -->\n<title>Blood Borne Pathogens - Global Safety &amp; Environmental<\/title>\n<meta name=\"description\" content=\"Learn to protect against blood borne pathogens with our Blood Borne Pathogens Training. Enroll today for a safer and healthier workplace.\" \/>\n<meta name=\"robots\" content=\"index, follow, max-snippet:-1, max-image-preview:large, max-video-preview:-1\" \/>\n<link rel=\"canonical\" href=\"https:\/\/globaltraining.com\/tr\/urun\/kan-yoluyla-bulasan-patojenler\/\" \/>\n<meta property=\"og:locale\" content=\"tr_TR\" \/>\n<meta property=\"og:type\" content=\"article\" \/>\n<meta property=\"og:title\" content=\"Blood Borne Pathogens - Global Safety &amp; Environmental\" \/>\n<meta property=\"og:description\" content=\"Learn to protect against blood borne pathogens with our Blood Borne Pathogens Training. Enroll today for a safer and healthier workplace.\" \/>\n<meta property=\"og:url\" content=\"https:\/\/globaltraining.com\/tr\/urun\/kan-yoluyla-bulasan-patojenler\/\" \/>\n<meta property=\"og:site_name\" content=\"Global Safety &amp; Environmental\" \/>\n<meta property=\"article:modified_time\" content=\"2024-12-06T19:26:57+00:00\" \/>\n<meta property=\"og:image\" content=\"https:\/\/globaltraining.com\/wp-content\/uploads\/2021\/08\/bloodborne.jpg\" \/>\n\t<meta property=\"og:image:width\" content=\"1200\" \/>\n\t<meta property=\"og:image:height\" content=\"800\" \/>\n\t<meta property=\"og:image:type\" content=\"image\/jpeg\" \/>\n<meta name=\"twitter:card\" content=\"summary_large_image\" \/>\n<meta name=\"twitter:label1\" content=\"Est. reading time\" \/>\n\t<meta name=\"twitter:data1\" content=\"3 minutes\" \/>\n<script type=\"application\/ld+json\" class=\"yoast-schema-graph\">{\"@context\":\"https:\\\/\\\/schema.org\",\"@graph\":[{\"@type\":\"WebPage\",\"@id\":\"https:\\\/\\\/globaltraining.com\\\/product\\\/blood-borne-pathogens\\\/\",\"url\":\"https:\\\/\\\/globaltraining.com\\\/product\\\/blood-borne-pathogens\\\/\",\"name\":\"Blood Borne Pathogens - Global Safety &amp; Environmental\",\"isPartOf\":{\"@id\":\"https:\\\/\\\/globaltraining.com\\\/#website\"},\"primaryImageOfPage\":{\"@id\":\"https:\\\/\\\/globaltraining.com\\\/product\\\/blood-borne-pathogens\\\/#primaryimage\"},\"image\":{\"@id\":\"https:\\\/\\\/globaltraining.com\\\/product\\\/blood-borne-pathogens\\\/#primaryimage\"},\"thumbnailUrl\":\"https:\\\/\\\/globaltraining.com\\\/wp-content\\\/uploads\\\/2021\\\/08\\\/bloodborne.jpg\",\"datePublished\":\"2023-08-29T21:15:29+00:00\",\"dateModified\":\"2024-12-06T19:26:57+00:00\",\"description\":\"Learn to protect against blood borne pathogens with our Blood Borne Pathogens Training. Enroll today for a safer and healthier workplace.\",\"breadcrumb\":{\"@id\":\"https:\\\/\\\/globaltraining.com\\\/product\\\/blood-borne-pathogens\\\/#breadcrumb\"},\"inLanguage\":\"tr-TR\",\"potentialAction\":[{\"@type\":\"ReadAction\",\"target\":[\"https:\\\/\\\/globaltraining.com\\\/product\\\/blood-borne-pathogens\\\/\"]}]},{\"@type\":\"ImageObject\",\"inLanguage\":\"tr-TR\",\"@id\":\"https:\\\/\\\/globaltraining.com\\\/product\\\/blood-borne-pathogens\\\/#primaryimage\",\"url\":\"https:\\\/\\\/globaltraining.com\\\/wp-content\\\/uploads\\\/2021\\\/08\\\/bloodborne.jpg\",\"contentUrl\":\"https:\\\/\\\/globaltraining.com\\\/wp-content\\\/uploads\\\/2021\\\/08\\\/bloodborne.jpg\",\"width\":1200,\"height\":800,\"caption\":\"Blood borne Pathogens\"},{\"@type\":\"BreadcrumbList\",\"@id\":\"https:\\\/\\\/globaltraining.com\\\/product\\\/blood-borne-pathogens\\\/#breadcrumb\",\"itemListElement\":[{\"@type\":\"ListItem\",\"position\":1,\"name\":\"Home\",\"item\":\"https:\\\/\\\/globaltraining.com\\\/\"},{\"@type\":\"ListItem\",\"position\":2,\"name\":\"Productos\",\"item\":\"https:\\\/\\\/globaltraining.com\\\/es\\\/shop\\\/\"},{\"@type\":\"ListItem\",\"position\":3,\"name\":\"Blood Borne Pathogens\"}]},{\"@type\":\"WebSite\",\"@id\":\"https:\\\/\\\/globaltraining.com\\\/#website\",\"url\":\"https:\\\/\\\/globaltraining.com\\\/\",\"name\":\"Global Safety & Environmental\",\"description\":\"Full Service Health, Safety, and Environmental Courses\",\"publisher\":{\"@id\":\"https:\\\/\\\/globaltraining.com\\\/#organization\"},\"potentialAction\":[{\"@type\":\"SearchAction\",\"target\":{\"@type\":\"EntryPoint\",\"urlTemplate\":\"https:\\\/\\\/globaltraining.com\\\/?s={search_term_string}\"},\"query-input\":{\"@type\":\"PropertyValueSpecification\",\"valueRequired\":true,\"valueName\":\"search_term_string\"}}],\"inLanguage\":\"tr-TR\"},{\"@type\":\"Organization\",\"@id\":\"https:\\\/\\\/globaltraining.com\\\/#organization\",\"name\":\"Global Safety & Environmental\",\"url\":\"https:\\\/\\\/globaltraining.com\\\/\",\"logo\":{\"@type\":\"ImageObject\",\"inLanguage\":\"tr-TR\",\"@id\":\"https:\\\/\\\/globaltraining.com\\\/#\\\/schema\\\/logo\\\/image\\\/\",\"url\":\"https:\\\/\\\/globaltraining.com\\\/wp-content\\\/uploads\\\/2021\\\/01\\\/GSE-Logo-for-email.png\",\"contentUrl\":\"https:\\\/\\\/globaltraining.com\\\/wp-content\\\/uploads\\\/2021\\\/01\\\/GSE-Logo-for-email.png\",\"width\":400,\"height\":101,\"caption\":\"Global Safety & Environmental\"},\"image\":{\"@id\":\"https:\\\/\\\/globaltraining.com\\\/#\\\/schema\\\/logo\\\/image\\\/\"}}]}<\/script>\n<!-- \/ Yoast SEO plugin. -->","yoast_head_json":{"title":"Kan Yoluyla Bula\u015fan Patojenler - K\u00fcresel G\u00fcvenlik ve \u00c7evre","description":"Kan yoluyla bula\u015fan patojenlere kar\u015f\u0131 korunmay\u0131 Kan Yoluyla Bula\u015fan Patojenler E\u011fitimimiz ile \u00f6\u011frenin. Daha g\u00fcvenli ve sa\u011fl\u0131kl\u0131 bir i\u015f yeri i\u00e7in bug\u00fcn kaydolun.","robots":{"index":"index","follow":"follow","max-snippet":"max-snippet:-1","max-image-preview":"max-image-preview:large","max-video-preview":"max-video-preview:-1"},"canonical":"https:\/\/globaltraining.com\/tr\/urun\/kan-yoluyla-bulasan-patojenler\/","og_locale":"tr_TR","og_type":"article","og_title":"Blood Borne Pathogens - Global Safety &amp; Environmental","og_description":"Learn to protect against blood borne pathogens with our Blood Borne Pathogens Training. Enroll today for a safer and healthier workplace.","og_url":"https:\/\/globaltraining.com\/tr\/urun\/kan-yoluyla-bulasan-patojenler\/","og_site_name":"Global Safety &amp; Environmental","article_modified_time":"2024-12-06T19:26:57+00:00","og_image":[{"width":1200,"height":800,"url":"https:\/\/globaltraining.com\/wp-content\/uploads\/2021\/08\/bloodborne.jpg","type":"image\/jpeg"}],"twitter_card":"summary_large_image","twitter_misc":{"Est. reading time":"3 minutes"},"schema":{"@context":"https:\/\/schema.org","@graph":[{"@type":"WebPage","@id":"https:\/\/globaltraining.com\/product\/blood-borne-pathogens\/","url":"https:\/\/globaltraining.com\/product\/blood-borne-pathogens\/","name":"Kan Yoluyla Bula\u015fan Patojenler - K\u00fcresel G\u00fcvenlik ve \u00c7evre","isPartOf":{"@id":"https:\/\/globaltraining.com\/#website"},"primaryImageOfPage":{"@id":"https:\/\/globaltraining.com\/product\/blood-borne-pathogens\/#primaryimage"},"image":{"@id":"https:\/\/globaltraining.com\/product\/blood-borne-pathogens\/#primaryimage"},"thumbnailUrl":"https:\/\/globaltraining.com\/wp-content\/uploads\/2021\/08\/bloodborne.jpg","datePublished":"2023-08-29T21:15:29+00:00","dateModified":"2024-12-06T19:26:57+00:00","description":"Kan yoluyla bula\u015fan patojenlere kar\u015f\u0131 korunmay\u0131 Kan Yoluyla Bula\u015fan Patojenler E\u011fitimimiz ile \u00f6\u011frenin. Daha g\u00fcvenli ve sa\u011fl\u0131kl\u0131 bir i\u015f yeri i\u00e7in bug\u00fcn kaydolun.","breadcrumb":{"@id":"https:\/\/globaltraining.com\/product\/blood-borne-pathogens\/#breadcrumb"},"inLanguage":"tr-TR","potentialAction":[{"@type":"ReadAction","target":["https:\/\/globaltraining.com\/product\/blood-borne-pathogens\/"]}]},{"@type":"ImageObject","inLanguage":"tr-TR","@id":"https:\/\/globaltraining.com\/product\/blood-borne-pathogens\/#primaryimage","url":"https:\/\/globaltraining.com\/wp-content\/uploads\/2021\/08\/bloodborne.jpg","contentUrl":"https:\/\/globaltraining.com\/wp-content\/uploads\/2021\/08\/bloodborne.jpg","width":1200,"height":800,"caption":"Blood borne Pathogens"},{"@type":"BreadcrumbList","@id":"https:\/\/globaltraining.com\/product\/blood-borne-pathogens\/#breadcrumb","itemListElement":[{"@type":"ListItem","position":1,"name":"Home","item":"https:\/\/globaltraining.com\/"},{"@type":"ListItem","position":2,"name":"Productos","item":"https:\/\/globaltraining.com\/es\/shop\/"},{"@type":"ListItem","position":3,"name":"Blood Borne Pathogens"}]},{"@type":"WebSite","@id":"https:\/\/globaltraining.com\/#website","url":"https:\/\/globaltraining.com\/","name":"K\u00fcresel G\u00fcvenlik ve \u00c7evre","description":"Tam Hizmet Sa\u011fl\u0131k, G\u00fcvenlik ve \u00c7evre Kurslar\u0131","publisher":{"@id":"https:\/\/globaltraining.com\/#organization"},"potentialAction":[{"@type":"SearchAction","target":{"@type":"EntryPoint","urlTemplate":"https:\/\/globaltraining.com\/?s={search_term_string}"},"query-input":{"@type":"PropertyValueSpecification","valueRequired":true,"valueName":"search_term_string"}}],"inLanguage":"tr-TR"},{"@type":"Organization","@id":"https:\/\/globaltraining.com\/#organization","name":"K\u00fcresel G\u00fcvenlik ve \u00c7evre","url":"https:\/\/globaltraining.com\/","logo":{"@type":"ImageObject","inLanguage":"tr-TR","@id":"https:\/\/globaltraining.com\/#\/schema\/logo\/image\/","url":"https:\/\/globaltraining.com\/wp-content\/uploads\/2021\/01\/GSE-Logo-for-email.png","contentUrl":"https:\/\/globaltraining.com\/wp-content\/uploads\/2021\/01\/GSE-Logo-for-email.png","width":400,"height":101,"caption":"Global Safety & Environmental"},"image":{"@id":"https:\/\/globaltraining.com\/#\/schema\/logo\/image\/"}}]}},"_links":{"self":[{"href":"https:\/\/globaltraining.com\/tr\/wp-json\/wp\/v2\/product\/28319","targetHints":{"allow":["GET"]}}],"collection":[{"href":"https:\/\/globaltraining.com\/tr\/wp-json\/wp\/v2\/product"}],"about":[{"href":"https:\/\/globaltraining.com\/tr\/wp-json\/wp\/v2\/types\/product"}],"wp:featuredmedia":[{"embeddable":true,"href":"https:\/\/globaltraining.com\/tr\/wp-json\/wp\/v2\/media\/27203"}],"wp:attachment":[{"href":"https:\/\/globaltraining.com\/tr\/wp-json\/wp\/v2\/media?parent=28319"}],"wp:term":[{"taxonomy":"product_brand","embeddable":true,"href":"https:\/\/globaltraining.com\/tr\/wp-json\/wp\/v2\/product_brand?post=28319"},{"taxonomy":"product_cat","embeddable":true,"href":"https:\/\/globaltraining.com\/tr\/wp-json\/wp\/v2\/product_cat?post=28319"},{"taxonomy":"product_tag","embeddable":true,"href":"https:\/\/globaltraining.com\/tr\/wp-json\/wp\/v2\/product_tag?post=28319"}],"curies":[{"name":"wp","href":"https:\/\/api.w.org\/{rel}","templated":true}]}}