{"id":28318,"date":"2023-08-29T16:13:43","date_gmt":"2023-08-29T21:13:43","guid":{"rendered":"https:\/\/globaltraining.com\/?post_type=product&#038;p=28318"},"modified":"2024-12-06T13:39:49","modified_gmt":"2024-12-06T19:39:49","slug":"benzen-farkindalik-programi","status":"publish","type":"product","link":"https:\/\/globaltraining.com\/tr\/product\/benzene-awareness-program\/","title":{"rendered":"Benzen Fark\u0131ndal\u0131k Program\u0131"},"content":{"rendered":"<h2>Benzen Fark\u0131ndal\u0131k Program\u0131: Sa\u011fl\u0131\u011f\u0131n\u0131z\u0131 Korumak<\/h2>\n<p>Kapsaml\u0131 program\u0131m\u0131za ho\u015f geldiniz <strong>benzen fark\u0131ndal\u0131k program\u0131<\/strong>. Bu program sizi benzene maruz kalmayla ili\u015fkili riskleri anlamak, tan\u0131mlamak ve azaltmak i\u00e7in gereken bilgi ve becerilerle donatmak \u00fczere tasarlanm\u0131\u015ft\u0131r. Bu k\u0131lavuzda, bunun \u00f6nemini ke\u015ffedece\u011fiz. <strong>benzen fark\u0131ndal\u0131k e\u011fitimi<\/strong> ve sa\u011fl\u0131\u011f\u0131n\u0131z\u0131n ve refah\u0131n\u0131z\u0131n korunmas\u0131na nas\u0131l yard\u0131mc\u0131 olabilece\u011fi.<\/p>\n<h2>Benzeni Anlamak<\/h2>\n<p><strong>Benzen<\/strong> plastik, kau\u00e7uk ve yak\u0131t \u00fcretimi de dahil olmak \u00fczere end\u00fcstriyel i\u015flemlerde yayg\u0131n olarak bulunan kimyasal bir bile\u015fiktir. De\u011ferli bir end\u00fcstriyel kimyasal olmas\u0131na ra\u011fmen benzene maruz kalmak ciddi sa\u011fl\u0131k riskleri olu\u015fturabilir. Benzenle ilgili potansiyel tehlikeleri ve kendinizi ve i\u015f arkada\u015flar\u0131n\u0131z\u0131 zarardan nas\u0131l koruyaca\u011f\u0131n\u0131z\u0131 anlamak \u00e7ok \u00f6nemlidir.<\/p>\n<h2>Benzen Fark\u0131ndal\u0131k E\u011fitiminin \u00d6nemi<\/h2>\n<p>Bizim <strong>benzen fark\u0131ndal\u0131k e\u011fitimi<\/strong> Program, benzene maruz kalman\u0131n m\u00fcmk\u00fcn oldu\u011fu ortamlarda g\u00fcvenli bir \u015fekilde \u00e7al\u0131\u015fabilmeniz i\u00e7in size temel bilgi ve pratik becerileri sa\u011flamak \u00fczere tasarlanm\u0131\u015ft\u0131r. E\u011fitimimiz a\u015fa\u011f\u0131dakiler de dahil olmak \u00fczere temel hususlar\u0131 kapsamaktad\u0131r:<\/p>\n<ul>\n<li>Benzen kaynaklar\u0131n\u0131 tan\u0131ma<\/li>\n<li>Benzene maruz kalmayla ili\u015fkili sa\u011fl\u0131k riskleri<\/li>\n<li>G\u00fcvenli ta\u015f\u0131ma ve depolama prosed\u00fcrleri<\/li>\n<li>Acil m\u00fcdahale tedbirleri<\/li>\n<\/ul>\n<p>Program\u0131m\u0131z\u0131 tamamlayarak benzene maruz kalma risklerini en aza indirmeye ve daha g\u00fcvenli bir \u00e7al\u0131\u015fma ortam\u0131 sa\u011flamaya haz\u0131rl\u0131kl\u0131 olacaks\u0131n\u0131z.<\/p>\n<h2>Benzen Fark\u0131ndal\u0131\u011f\u0131n\u0131n Faydalar\u0131<\/h2>\n<p>Kay\u0131t olmam\u0131z <strong>benzen fark\u0131ndal\u0131k program\u0131<\/strong> a\u015fa\u011f\u0131dakiler de dahil olmak \u00fczere \u00e7ok say\u0131da avantaj sunar:<\/p>\n<ul>\n<li>Siz ve i\u015f arkada\u015flar\u0131n\u0131z i\u00e7in art\u0131r\u0131lm\u0131\u015f g\u00fcvenlik<\/li>\n<li>Benzen risklerinin daha iyi anla\u015f\u0131lmas\u0131<\/li>\n<li>G\u00fcvenlik d\u00fczenlemelerine uygunluk<\/li>\n<li>Sa\u011fl\u0131\u011f\u0131n\u0131z\u0131n ve refah\u0131n\u0131z\u0131n korunmas\u0131<\/li>\n<li>Benzenle ilgili g\u00f6revlerin yerine getirilmesinde artan g\u00fcven<\/li>\n<\/ul>\n<p>E\u011fitimimiz size i\u015f yerinizde g\u00fcvenli\u011fin sa\u011flanmas\u0131nda \u00f6nemli bir fark yaratabilecek de\u011ferli beceriler sa\u011flar.<\/p>\n<h2>Sa\u011fl\u0131\u011f\u0131n\u0131z\u0131 Bug\u00fcn Koruyun<\/h2>\n<p>Benzenle \u00e7al\u0131\u015f\u0131rken sa\u011fl\u0131\u011f\u0131n\u0131zdan \u00f6d\u00fcn vermeyin. Kay\u0131t olun <strong>benzen fark\u0131ndal\u0131k program\u0131<\/strong> Bug\u00fcn kendinizi g\u00fcvende kalmak i\u00e7in gereken bilgi ve becerilerle donat\u0131n. Sa\u011fl\u0131\u011f\u0131n\u0131z\u0131 ve meslekta\u015flar\u0131n\u0131z\u0131n refah\u0131n\u0131 korumak i\u00e7in bize kat\u0131l\u0131n. Birlikte herkes i\u00e7in daha g\u00fcvenli bir \u00e7al\u0131\u015fma ortam\u0131 yaratabiliriz.<\/p>","protected":false},"excerpt":{"rendered":"<p>Benzen Fark\u0131ndal\u0131k Program\u0131m\u0131zla i\u015fyeri g\u00fcvenli\u011fine \u00f6ncelik verin. Benzen tehlikelerini anlay\u0131n, uyumlulu\u011fu sa\u011flay\u0131n ve sa\u011fl\u0131\u011f\u0131n\u0131z\u0131 koruyun. Daha g\u00fcvenli bir \u00e7al\u0131\u015fma ortam\u0131 yaratmak i\u00e7in bize kat\u0131l\u0131n.<\/p>","protected":false},"featured_media":27187,"template":"","meta":{"_et_pb_use_builder":"","_et_pb_old_content":"","_et_gb_content_width":""},"product_brand":[],"product_cat":[125,174,141,156],"product_tag":[],"class_list":{"0":"post-28318","1":"product","2":"type-product","3":"status-publish","4":"has-post-thumbnail","6":"product_cat-dangerous-chemicals","7":"product_cat-environmental","8":"product_cat-hazardous-materials","9":"product_cat-occupational-health-and-safety","11":"first","12":"instock","13":"virtual","14":"sold-individually","15":"purchasable","16":"product-type-simple"},"yoast_head":"<!-- This site is optimized with the Yoast SEO plugin v27.4 - https:\/\/yoast.com\/product\/yoast-seo-wordpress\/ -->\n<title>Benzene Awareness Program - Global Safety &amp; Environmental<\/title>\n<meta name=\"description\" content=\"Learn about benzene, its risks, and how to protect your health with our Benzene Awareness Program. Enroll today for a safer workplace.\" \/>\n<meta name=\"robots\" content=\"index, follow, max-snippet:-1, max-image-preview:large, max-video-preview:-1\" \/>\n<link rel=\"canonical\" href=\"https:\/\/globaltraining.com\/tr\/urun\/benzen-farkindalik-programi\/\" \/>\n<meta property=\"og:locale\" content=\"tr_TR\" \/>\n<meta property=\"og:type\" content=\"article\" \/>\n<meta property=\"og:title\" content=\"Benzene Awareness Program - Global Safety &amp; Environmental\" \/>\n<meta property=\"og:description\" content=\"Learn about benzene, its risks, and how to protect your health with our Benzene Awareness Program. Enroll today for a safer workplace.\" \/>\n<meta property=\"og:url\" content=\"https:\/\/globaltraining.com\/tr\/urun\/benzen-farkindalik-programi\/\" \/>\n<meta property=\"og:site_name\" content=\"Global Safety &amp; Environmental\" \/>\n<meta property=\"article:modified_time\" content=\"2024-12-06T19:39:49+00:00\" \/>\n<meta property=\"og:image\" content=\"https:\/\/globaltraining.com\/wp-content\/uploads\/2021\/10\/benzene.jpg\" \/>\n\t<meta property=\"og:image:width\" content=\"1200\" \/>\n\t<meta property=\"og:image:height\" content=\"800\" \/>\n\t<meta property=\"og:image:type\" content=\"image\/jpeg\" \/>\n<meta name=\"twitter:card\" content=\"summary_large_image\" \/>\n<meta name=\"twitter:label1\" content=\"Est. reading time\" \/>\n\t<meta name=\"twitter:data1\" content=\"2 minutes\" \/>\n<script type=\"application\/ld+json\" class=\"yoast-schema-graph\">{\"@context\":\"https:\\\/\\\/schema.org\",\"@graph\":[{\"@type\":\"WebPage\",\"@id\":\"https:\\\/\\\/globaltraining.com\\\/product\\\/benzene-awareness-program\\\/\",\"url\":\"https:\\\/\\\/globaltraining.com\\\/product\\\/benzene-awareness-program\\\/\",\"name\":\"Benzene Awareness Program - Global Safety &amp; Environmental\",\"isPartOf\":{\"@id\":\"https:\\\/\\\/globaltraining.com\\\/#website\"},\"primaryImageOfPage\":{\"@id\":\"https:\\\/\\\/globaltraining.com\\\/product\\\/benzene-awareness-program\\\/#primaryimage\"},\"image\":{\"@id\":\"https:\\\/\\\/globaltraining.com\\\/product\\\/benzene-awareness-program\\\/#primaryimage\"},\"thumbnailUrl\":\"https:\\\/\\\/globaltraining.com\\\/wp-content\\\/uploads\\\/2021\\\/10\\\/benzene.jpg\",\"datePublished\":\"2023-08-29T21:13:43+00:00\",\"dateModified\":\"2024-12-06T19:39:49+00:00\",\"description\":\"Learn about benzene, its risks, and how to protect your health with our Benzene Awareness Program. Enroll today for a safer workplace.\",\"breadcrumb\":{\"@id\":\"https:\\\/\\\/globaltraining.com\\\/product\\\/benzene-awareness-program\\\/#breadcrumb\"},\"inLanguage\":\"tr-TR\",\"potentialAction\":[{\"@type\":\"ReadAction\",\"target\":[\"https:\\\/\\\/globaltraining.com\\\/product\\\/benzene-awareness-program\\\/\"]}]},{\"@type\":\"ImageObject\",\"inLanguage\":\"tr-TR\",\"@id\":\"https:\\\/\\\/globaltraining.com\\\/product\\\/benzene-awareness-program\\\/#primaryimage\",\"url\":\"https:\\\/\\\/globaltraining.com\\\/wp-content\\\/uploads\\\/2021\\\/10\\\/benzene.jpg\",\"contentUrl\":\"https:\\\/\\\/globaltraining.com\\\/wp-content\\\/uploads\\\/2021\\\/10\\\/benzene.jpg\",\"width\":1200,\"height\":800,\"caption\":\"benzene awareness program\"},{\"@type\":\"BreadcrumbList\",\"@id\":\"https:\\\/\\\/globaltraining.com\\\/product\\\/benzene-awareness-program\\\/#breadcrumb\",\"itemListElement\":[{\"@type\":\"ListItem\",\"position\":1,\"name\":\"Home\",\"item\":\"https:\\\/\\\/globaltraining.com\\\/\"},{\"@type\":\"ListItem\",\"position\":2,\"name\":\"Productos\",\"item\":\"https:\\\/\\\/globaltraining.com\\\/es\\\/shop\\\/\"},{\"@type\":\"ListItem\",\"position\":3,\"name\":\"Benzene Awareness Program\"}]},{\"@type\":\"WebSite\",\"@id\":\"https:\\\/\\\/globaltraining.com\\\/#website\",\"url\":\"https:\\\/\\\/globaltraining.com\\\/\",\"name\":\"Global Safety & Environmental\",\"description\":\"Full Service Health, Safety, and Environmental Courses\",\"publisher\":{\"@id\":\"https:\\\/\\\/globaltraining.com\\\/#organization\"},\"potentialAction\":[{\"@type\":\"SearchAction\",\"target\":{\"@type\":\"EntryPoint\",\"urlTemplate\":\"https:\\\/\\\/globaltraining.com\\\/?s={search_term_string}\"},\"query-input\":{\"@type\":\"PropertyValueSpecification\",\"valueRequired\":true,\"valueName\":\"search_term_string\"}}],\"inLanguage\":\"tr-TR\"},{\"@type\":\"Organization\",\"@id\":\"https:\\\/\\\/globaltraining.com\\\/#organization\",\"name\":\"Global Safety & Environmental\",\"url\":\"https:\\\/\\\/globaltraining.com\\\/\",\"logo\":{\"@type\":\"ImageObject\",\"inLanguage\":\"tr-TR\",\"@id\":\"https:\\\/\\\/globaltraining.com\\\/#\\\/schema\\\/logo\\\/image\\\/\",\"url\":\"https:\\\/\\\/globaltraining.com\\\/wp-content\\\/uploads\\\/2021\\\/01\\\/GSE-Logo-for-email.png\",\"contentUrl\":\"https:\\\/\\\/globaltraining.com\\\/wp-content\\\/uploads\\\/2021\\\/01\\\/GSE-Logo-for-email.png\",\"width\":400,\"height\":101,\"caption\":\"Global Safety & Environmental\"},\"image\":{\"@id\":\"https:\\\/\\\/globaltraining.com\\\/#\\\/schema\\\/logo\\\/image\\\/\"}}]}<\/script>\n<!-- \/ Yoast SEO plugin. -->","yoast_head_json":{"title":"Benzen Fark\u0131ndal\u0131k Program\u0131 - K\u00fcresel G\u00fcvenlik ve \u00c7evre","description":"Benzen Fark\u0131ndal\u0131k Program\u0131m\u0131zla benzen, riskleri ve sa\u011fl\u0131\u011f\u0131n\u0131z\u0131 nas\u0131l koruyaca\u011f\u0131n\u0131z hakk\u0131nda bilgi edinin. Daha g\u00fcvenli bir i\u015f yeri i\u00e7in bug\u00fcn kaydolun.","robots":{"index":"index","follow":"follow","max-snippet":"max-snippet:-1","max-image-preview":"max-image-preview:large","max-video-preview":"max-video-preview:-1"},"canonical":"https:\/\/globaltraining.com\/tr\/urun\/benzen-farkindalik-programi\/","og_locale":"tr_TR","og_type":"article","og_title":"Benzene Awareness Program - Global Safety &amp; Environmental","og_description":"Learn about benzene, its risks, and how to protect your health with our Benzene Awareness Program. Enroll today for a safer workplace.","og_url":"https:\/\/globaltraining.com\/tr\/urun\/benzen-farkindalik-programi\/","og_site_name":"Global Safety &amp; Environmental","article_modified_time":"2024-12-06T19:39:49+00:00","og_image":[{"width":1200,"height":800,"url":"https:\/\/globaltraining.com\/wp-content\/uploads\/2021\/10\/benzene.jpg","type":"image\/jpeg"}],"twitter_card":"summary_large_image","twitter_misc":{"Est. reading time":"2 minutes"},"schema":{"@context":"https:\/\/schema.org","@graph":[{"@type":"WebPage","@id":"https:\/\/globaltraining.com\/product\/benzene-awareness-program\/","url":"https:\/\/globaltraining.com\/product\/benzene-awareness-program\/","name":"Benzen Fark\u0131ndal\u0131k Program\u0131 - K\u00fcresel G\u00fcvenlik ve \u00c7evre","isPartOf":{"@id":"https:\/\/globaltraining.com\/#website"},"primaryImageOfPage":{"@id":"https:\/\/globaltraining.com\/product\/benzene-awareness-program\/#primaryimage"},"image":{"@id":"https:\/\/globaltraining.com\/product\/benzene-awareness-program\/#primaryimage"},"thumbnailUrl":"https:\/\/globaltraining.com\/wp-content\/uploads\/2021\/10\/benzene.jpg","datePublished":"2023-08-29T21:13:43+00:00","dateModified":"2024-12-06T19:39:49+00:00","description":"Benzen Fark\u0131ndal\u0131k Program\u0131m\u0131zla benzen, riskleri ve sa\u011fl\u0131\u011f\u0131n\u0131z\u0131 nas\u0131l koruyaca\u011f\u0131n\u0131z hakk\u0131nda bilgi edinin. Daha g\u00fcvenli bir i\u015f yeri i\u00e7in bug\u00fcn kaydolun.","breadcrumb":{"@id":"https:\/\/globaltraining.com\/product\/benzene-awareness-program\/#breadcrumb"},"inLanguage":"tr-TR","potentialAction":[{"@type":"ReadAction","target":["https:\/\/globaltraining.com\/product\/benzene-awareness-program\/"]}]},{"@type":"ImageObject","inLanguage":"tr-TR","@id":"https:\/\/globaltraining.com\/product\/benzene-awareness-program\/#primaryimage","url":"https:\/\/globaltraining.com\/wp-content\/uploads\/2021\/10\/benzene.jpg","contentUrl":"https:\/\/globaltraining.com\/wp-content\/uploads\/2021\/10\/benzene.jpg","width":1200,"height":800,"caption":"benzene awareness program"},{"@type":"BreadcrumbList","@id":"https:\/\/globaltraining.com\/product\/benzene-awareness-program\/#breadcrumb","itemListElement":[{"@type":"ListItem","position":1,"name":"Home","item":"https:\/\/globaltraining.com\/"},{"@type":"ListItem","position":2,"name":"Productos","item":"https:\/\/globaltraining.com\/es\/shop\/"},{"@type":"ListItem","position":3,"name":"Benzene Awareness Program"}]},{"@type":"WebSite","@id":"https:\/\/globaltraining.com\/#website","url":"https:\/\/globaltraining.com\/","name":"K\u00fcresel G\u00fcvenlik ve \u00c7evre","description":"Tam Hizmet Sa\u011fl\u0131k, G\u00fcvenlik ve \u00c7evre Kurslar\u0131","publisher":{"@id":"https:\/\/globaltraining.com\/#organization"},"potentialAction":[{"@type":"SearchAction","target":{"@type":"EntryPoint","urlTemplate":"https:\/\/globaltraining.com\/?s={search_term_string}"},"query-input":{"@type":"PropertyValueSpecification","valueRequired":true,"valueName":"search_term_string"}}],"inLanguage":"tr-TR"},{"@type":"Organization","@id":"https:\/\/globaltraining.com\/#organization","name":"K\u00fcresel G\u00fcvenlik ve \u00c7evre","url":"https:\/\/globaltraining.com\/","logo":{"@type":"ImageObject","inLanguage":"tr-TR","@id":"https:\/\/globaltraining.com\/#\/schema\/logo\/image\/","url":"https:\/\/globaltraining.com\/wp-content\/uploads\/2021\/01\/GSE-Logo-for-email.png","contentUrl":"https:\/\/globaltraining.com\/wp-content\/uploads\/2021\/01\/GSE-Logo-for-email.png","width":400,"height":101,"caption":"Global Safety & Environmental"},"image":{"@id":"https:\/\/globaltraining.com\/#\/schema\/logo\/image\/"}}]}},"_links":{"self":[{"href":"https:\/\/globaltraining.com\/tr\/wp-json\/wp\/v2\/product\/28318","targetHints":{"allow":["GET"]}}],"collection":[{"href":"https:\/\/globaltraining.com\/tr\/wp-json\/wp\/v2\/product"}],"about":[{"href":"https:\/\/globaltraining.com\/tr\/wp-json\/wp\/v2\/types\/product"}],"wp:featuredmedia":[{"embeddable":true,"href":"https:\/\/globaltraining.com\/tr\/wp-json\/wp\/v2\/media\/27187"}],"wp:attachment":[{"href":"https:\/\/globaltraining.com\/tr\/wp-json\/wp\/v2\/media?parent=28318"}],"wp:term":[{"taxonomy":"product_brand","embeddable":true,"href":"https:\/\/globaltraining.com\/tr\/wp-json\/wp\/v2\/product_brand?post=28318"},{"taxonomy":"product_cat","embeddable":true,"href":"https:\/\/globaltraining.com\/tr\/wp-json\/wp\/v2\/product_cat?post=28318"},{"taxonomy":"product_tag","embeddable":true,"href":"https:\/\/globaltraining.com\/tr\/wp-json\/wp\/v2\/product_tag?post=28318"}],"curies":[{"name":"wp","href":"https:\/\/api.w.org\/{rel}","templated":true}]}}