{"id":28314,"date":"2023-08-29T16:09:17","date_gmt":"2023-08-29T21:09:17","guid":{"rendered":"https:\/\/globaltraining.com\/?post_type=product&#038;p=28314"},"modified":"2024-12-06T14:04:19","modified_gmt":"2024-12-06T20:04:19","slug":"sirt-guvenligi-egitimi","status":"publish","type":"product","link":"https:\/\/globaltraining.com\/tr\/product\/back-safety-training\/","title":{"rendered":"S\u0131rt G\u00fcvenli\u011fi E\u011fitimi"},"content":{"rendered":"<h2>S\u0131rt G\u00fcvenli\u011fi E\u011fitimi: \u0130\u015fyerinde Yaralanmalar\u0131n \u00d6nlenmesi<\/h2>\n<p>Kapsaml\u0131 program\u0131m\u0131za ho\u015f geldiniz <strong>s\u0131rt g\u00fcvenli\u011fi e\u011fitimi<\/strong>. S\u0131rt yaralanmalar\u0131 i\u015fyerinde yayg\u0131n bir sorundur ancak do\u011fru bilgi ve uygulamalarla \u00f6nlenebilir. Bu k\u0131lavuzda s\u0131rt g\u00fcvenli\u011finin \u00f6nemini, OSHA s\u0131rt yaralanmalar\u0131n\u0131 \u00f6nleme ilkelerini ve s\u0131rt g\u00fcvenli\u011finin nas\u0131l oldu\u011funu ara\u015ft\u0131raca\u011f\u0131z. <strong>OSHA s\u0131rt g\u00fcvenli\u011fi e\u011fitimi<\/strong> sa\u011fl\u0131\u011f\u0131n\u0131z\u0131 ve refah\u0131n\u0131z\u0131 koruman\u0131za yard\u0131mc\u0131 olabilir.<\/p>\n<h2>S\u0131rt G\u00fcvenli\u011finin \u00d6nemi<\/h2>\n<p><strong>S\u0131rt g\u00fcvenli\u011fi<\/strong> sadece kald\u0131rma teknikleriyle ilgili de\u011fil; i\u015fyeri refah\u0131n\u0131n temel bir y\u00f6n\u00fcd\u00fcr. S\u0131rt yaralanmalar\u0131 zay\u0131flat\u0131c\u0131 olabilir ve uzun s\u00fcreli i\u015ften ayr\u0131lmalara yol a\u00e7abilir. Do\u011fru kald\u0131rma, duru\u015f ve ergonominin \u00f6nemini anlamak, bu yaralanmalar\u0131 \u00f6nlemek ve sa\u011fl\u0131kl\u0131 ve \u00fcretken bir i\u015f g\u00fcc\u00fcn\u00fc s\u00fcrd\u00fcrmek i\u00e7in \u00e7ok \u00f6nemlidir.<\/p>\n<h2>OSHA S\u0131rt Yaralanmas\u0131n\u0131 \u00d6nleme \u0130lkeleri<\/h2>\n<p>E\u011fitim program\u0131m\u0131z ilkelere uygundur. <strong>OSHA s\u0131rt yaralanmas\u0131n\u0131n \u00f6nlenmesi<\/strong>. Mesleki G\u00fcvenlik ve Sa\u011fl\u0131k \u0130daresi (OSHA), s\u0131rt yaralanmalar\u0131 riskini azaltmak i\u00e7in g\u00fcvenli i\u015fyeri uygulamalar\u0131n\u0131n \u00f6nemini vurgulamaktad\u0131r. Kursumuz sizi a\u015fa\u011f\u0131daki konularda bilgi sahibi yapacakt\u0131r:<\/p>\n<ul>\n<li>S\u0131rt yaralanmalar\u0131n\u0131n yayg\u0131n nedenlerini tan\u0131mlay\u0131n<\/li>\n<li>G\u00fcvenli kald\u0131rma tekniklerini uygulay\u0131n<\/li>\n<li>Uygun i\u015fyeri ergonomisini anlay\u0131n<\/li>\n<li>Zorlanma ve yaralanman\u0131n erken belirtilerini tan\u0131y\u0131n<\/li>\n<\/ul>\n<p>Bu ilkeleri benimseyerek yaln\u0131zca kendi s\u0131rt\u0131n\u0131z\u0131 korumakla kalmayacak, ayn\u0131 zamanda meslekta\u015flar\u0131n\u0131z i\u00e7in daha g\u00fcvenli bir \u00e7al\u0131\u015fma ortam\u0131na da katk\u0131da bulunacaks\u0131n\u0131z.<\/p>\n<h2>OSHA S\u0131rt G\u00fcvenli\u011fi E\u011fitimi<\/h2>\n<p>Bizim <strong>OSHA s\u0131rt g\u00fcvenli\u011fi e\u011fitimi<\/strong> Program, OSHA&#039;n\u0131n i\u015fyeri g\u00fcvenli\u011fine ili\u015fkin kat\u0131 standartlar\u0131n\u0131 kar\u015f\u0131lamak \u00fczere tasarlanm\u0131\u015ft\u0131r. Kursumuza kaydoldu\u011funuzda \u015funlar\u0131 alacaks\u0131n\u0131z:<\/p>\n<ul>\n<li>Kapsaml\u0131 e\u011fitim mod\u00fclleri<\/li>\n<li>\u0130nteraktif al\u0131\u015ft\u0131rmalar ve sim\u00fclasyonlar<\/li>\n<li>Pratik ipu\u00e7lar\u0131 ve y\u00f6nergeler<\/li>\n<li>Bitirme sertifikas\u0131<\/li>\n<\/ul>\n<p>Amac\u0131m\u0131z sizi s\u0131rt yaralanmalar\u0131n\u0131 \u00f6nlemek ve daha g\u00fcvenli, daha \u00fcretken bir i\u015f yeri yaratmak i\u00e7in gereken bilgi ve becerilerle g\u00fc\u00e7lendirmektir.<\/p>\n<h2>S\u0131rt Sa\u011fl\u0131\u011f\u0131n\u0131z\u0131n Kontrol\u00fcn\u00fc Elinize Al\u0131n<\/h2>\n<p>S\u0131rt g\u00fcvenli\u011finin \u00f6nemini anlamak i\u00e7in s\u0131rt\u0131n\u0131z\u0131n yaralanmas\u0131n\u0131 beklemeyin. Kay\u0131t olun <strong>s\u0131rt g\u00fcvenli\u011fi e\u011fitimi<\/strong> bug\u00fcn ve s\u0131rt sa\u011fl\u0131\u011f\u0131n\u0131z\u0131n kontrol\u00fcn\u00fc elinize al\u0131n. Kendinizi ve meslekta\u015flar\u0131n\u0131z\u0131 gereksiz ac\u0131 ve \u0131zd\u0131raplardan koruyun. Daha g\u00fcvenli ve sa\u011fl\u0131kl\u0131 bir i\u015fyerine do\u011fru yolculu\u011funuza \u015fimdi ba\u015flay\u0131n.<\/p>","protected":false},"excerpt":{"rendered":"<p>S\u0131rt G\u00fcvenli\u011fi E\u011fitimimizle daha g\u00fcvenli bir i\u015f yeri sa\u011flay\u0131n. OSHA ilkelerini ke\u015ffedin, g\u00fcvenli uygulamalar\u0131 benimseyin ve s\u0131rt\u0131n\u0131z\u0131 ve i\u015f arkada\u015flar\u0131n\u0131z\u0131 korumak i\u00e7in bir sertifika kazan\u0131n. S\u0131rt yaralanmalar\u0131n\u0131 \u00f6nlemek i\u00e7in bug\u00fcn bize kat\u0131l\u0131n!<\/p>","protected":false},"featured_media":27166,"template":"","meta":{"_et_pb_use_builder":"","_et_pb_old_content":"","_et_gb_content_width":""},"product_brand":[],"product_cat":[156],"product_tag":[],"class_list":{"0":"post-28314","1":"product","2":"type-product","3":"status-publish","4":"has-post-thumbnail","6":"product_cat-occupational-health-and-safety","8":"first","9":"instock","10":"virtual","11":"sold-individually","12":"purchasable","13":"product-type-simple"},"yoast_head":"<!-- This site is optimized with the Yoast SEO plugin v27.4 - https:\/\/yoast.com\/product\/yoast-seo-wordpress\/ -->\n<title>Back Safety Training - Global Safety &amp; Environmental<\/title>\n<meta name=\"description\" content=\"Prevent back injuries at work with our Back Safety Training. Learn OSHA principles, safe lifting, and earn a certification for workplace safety.\" \/>\n<meta name=\"robots\" content=\"index, follow, max-snippet:-1, max-image-preview:large, max-video-preview:-1\" \/>\n<link rel=\"canonical\" href=\"https:\/\/globaltraining.com\/tr\/urun\/sirt-guvenligi-egitimi\/\" \/>\n<meta property=\"og:locale\" content=\"tr_TR\" \/>\n<meta property=\"og:type\" content=\"article\" \/>\n<meta property=\"og:title\" content=\"Back Safety Training - Global Safety &amp; Environmental\" \/>\n<meta property=\"og:description\" content=\"Prevent back injuries at work with our Back Safety Training. Learn OSHA principles, safe lifting, and earn a certification for workplace safety.\" \/>\n<meta property=\"og:url\" content=\"https:\/\/globaltraining.com\/tr\/urun\/sirt-guvenligi-egitimi\/\" \/>\n<meta property=\"og:site_name\" content=\"Global Safety &amp; Environmental\" \/>\n<meta property=\"article:modified_time\" content=\"2024-12-06T20:04:19+00:00\" \/>\n<meta property=\"og:image\" content=\"https:\/\/globaltraining.com\/wp-content\/uploads\/2021\/10\/iStock-465659136.jpg\" \/>\n\t<meta property=\"og:image:width\" content=\"1200\" \/>\n\t<meta property=\"og:image:height\" content=\"800\" \/>\n\t<meta property=\"og:image:type\" content=\"image\/jpeg\" \/>\n<meta name=\"twitter:card\" content=\"summary_large_image\" \/>\n<meta name=\"twitter:label1\" content=\"Est. reading time\" \/>\n\t<meta name=\"twitter:data1\" content=\"2 minutes\" \/>\n<script type=\"application\/ld+json\" class=\"yoast-schema-graph\">{\"@context\":\"https:\\\/\\\/schema.org\",\"@graph\":[{\"@type\":\"WebPage\",\"@id\":\"https:\\\/\\\/globaltraining.com\\\/product\\\/back-safety-training\\\/\",\"url\":\"https:\\\/\\\/globaltraining.com\\\/product\\\/back-safety-training\\\/\",\"name\":\"Back Safety Training - Global Safety &amp; Environmental\",\"isPartOf\":{\"@id\":\"https:\\\/\\\/globaltraining.com\\\/#website\"},\"primaryImageOfPage\":{\"@id\":\"https:\\\/\\\/globaltraining.com\\\/product\\\/back-safety-training\\\/#primaryimage\"},\"image\":{\"@id\":\"https:\\\/\\\/globaltraining.com\\\/product\\\/back-safety-training\\\/#primaryimage\"},\"thumbnailUrl\":\"https:\\\/\\\/globaltraining.com\\\/wp-content\\\/uploads\\\/2021\\\/10\\\/iStock-465659136.jpg\",\"datePublished\":\"2023-08-29T21:09:17+00:00\",\"dateModified\":\"2024-12-06T20:04:19+00:00\",\"description\":\"Prevent back injuries at work with our Back Safety Training. Learn OSHA principles, safe lifting, and earn a certification for workplace safety.\",\"breadcrumb\":{\"@id\":\"https:\\\/\\\/globaltraining.com\\\/product\\\/back-safety-training\\\/#breadcrumb\"},\"inLanguage\":\"tr-TR\",\"potentialAction\":[{\"@type\":\"ReadAction\",\"target\":[\"https:\\\/\\\/globaltraining.com\\\/product\\\/back-safety-training\\\/\"]}]},{\"@type\":\"ImageObject\",\"inLanguage\":\"tr-TR\",\"@id\":\"https:\\\/\\\/globaltraining.com\\\/product\\\/back-safety-training\\\/#primaryimage\",\"url\":\"https:\\\/\\\/globaltraining.com\\\/wp-content\\\/uploads\\\/2021\\\/10\\\/iStock-465659136.jpg\",\"contentUrl\":\"https:\\\/\\\/globaltraining.com\\\/wp-content\\\/uploads\\\/2021\\\/10\\\/iStock-465659136.jpg\",\"width\":1200,\"height\":800,\"caption\":\"Back Safety Training\"},{\"@type\":\"BreadcrumbList\",\"@id\":\"https:\\\/\\\/globaltraining.com\\\/product\\\/back-safety-training\\\/#breadcrumb\",\"itemListElement\":[{\"@type\":\"ListItem\",\"position\":1,\"name\":\"Home\",\"item\":\"https:\\\/\\\/globaltraining.com\\\/\"},{\"@type\":\"ListItem\",\"position\":2,\"name\":\"Productos\",\"item\":\"https:\\\/\\\/globaltraining.com\\\/es\\\/shop\\\/\"},{\"@type\":\"ListItem\",\"position\":3,\"name\":\"Back Safety Training\"}]},{\"@type\":\"WebSite\",\"@id\":\"https:\\\/\\\/globaltraining.com\\\/#website\",\"url\":\"https:\\\/\\\/globaltraining.com\\\/\",\"name\":\"Global Safety & Environmental\",\"description\":\"Full Service Health, Safety, and Environmental Courses\",\"publisher\":{\"@id\":\"https:\\\/\\\/globaltraining.com\\\/#organization\"},\"potentialAction\":[{\"@type\":\"SearchAction\",\"target\":{\"@type\":\"EntryPoint\",\"urlTemplate\":\"https:\\\/\\\/globaltraining.com\\\/?s={search_term_string}\"},\"query-input\":{\"@type\":\"PropertyValueSpecification\",\"valueRequired\":true,\"valueName\":\"search_term_string\"}}],\"inLanguage\":\"tr-TR\"},{\"@type\":\"Organization\",\"@id\":\"https:\\\/\\\/globaltraining.com\\\/#organization\",\"name\":\"Global Safety & Environmental\",\"url\":\"https:\\\/\\\/globaltraining.com\\\/\",\"logo\":{\"@type\":\"ImageObject\",\"inLanguage\":\"tr-TR\",\"@id\":\"https:\\\/\\\/globaltraining.com\\\/#\\\/schema\\\/logo\\\/image\\\/\",\"url\":\"https:\\\/\\\/globaltraining.com\\\/wp-content\\\/uploads\\\/2021\\\/01\\\/GSE-Logo-for-email.png\",\"contentUrl\":\"https:\\\/\\\/globaltraining.com\\\/wp-content\\\/uploads\\\/2021\\\/01\\\/GSE-Logo-for-email.png\",\"width\":400,\"height\":101,\"caption\":\"Global Safety & Environmental\"},\"image\":{\"@id\":\"https:\\\/\\\/globaltraining.com\\\/#\\\/schema\\\/logo\\\/image\\\/\"}}]}<\/script>\n<!-- \/ Yoast SEO plugin. -->","yoast_head_json":{"title":"Geri G\u00fcvenlik E\u011fitimi - K\u00fcresel G\u00fcvenlik ve \u00c7evre","description":"S\u0131rt G\u00fcvenli\u011fi E\u011fitimimiz ile i\u015f yerinde s\u0131rt yaralanmalar\u0131n\u0131 \u00f6nleyin. OSHA prensiplerini, g\u00fcvenli kald\u0131rmay\u0131 \u00f6\u011frenin ve i\u015fyeri g\u00fcvenli\u011fi i\u00e7in sertifika kazan\u0131n.","robots":{"index":"index","follow":"follow","max-snippet":"max-snippet:-1","max-image-preview":"max-image-preview:large","max-video-preview":"max-video-preview:-1"},"canonical":"https:\/\/globaltraining.com\/tr\/urun\/sirt-guvenligi-egitimi\/","og_locale":"tr_TR","og_type":"article","og_title":"Back Safety Training - Global Safety &amp; Environmental","og_description":"Prevent back injuries at work with our Back Safety Training. Learn OSHA principles, safe lifting, and earn a certification for workplace safety.","og_url":"https:\/\/globaltraining.com\/tr\/urun\/sirt-guvenligi-egitimi\/","og_site_name":"Global Safety &amp; Environmental","article_modified_time":"2024-12-06T20:04:19+00:00","og_image":[{"width":1200,"height":800,"url":"https:\/\/globaltraining.com\/wp-content\/uploads\/2021\/10\/iStock-465659136.jpg","type":"image\/jpeg"}],"twitter_card":"summary_large_image","twitter_misc":{"Est. reading time":"2 minutes"},"schema":{"@context":"https:\/\/schema.org","@graph":[{"@type":"WebPage","@id":"https:\/\/globaltraining.com\/product\/back-safety-training\/","url":"https:\/\/globaltraining.com\/product\/back-safety-training\/","name":"Geri G\u00fcvenlik E\u011fitimi - K\u00fcresel G\u00fcvenlik ve \u00c7evre","isPartOf":{"@id":"https:\/\/globaltraining.com\/#website"},"primaryImageOfPage":{"@id":"https:\/\/globaltraining.com\/product\/back-safety-training\/#primaryimage"},"image":{"@id":"https:\/\/globaltraining.com\/product\/back-safety-training\/#primaryimage"},"thumbnailUrl":"https:\/\/globaltraining.com\/wp-content\/uploads\/2021\/10\/iStock-465659136.jpg","datePublished":"2023-08-29T21:09:17+00:00","dateModified":"2024-12-06T20:04:19+00:00","description":"S\u0131rt G\u00fcvenli\u011fi E\u011fitimimiz ile i\u015f yerinde s\u0131rt yaralanmalar\u0131n\u0131 \u00f6nleyin. OSHA prensiplerini, g\u00fcvenli kald\u0131rmay\u0131 \u00f6\u011frenin ve i\u015fyeri g\u00fcvenli\u011fi i\u00e7in sertifika kazan\u0131n.","breadcrumb":{"@id":"https:\/\/globaltraining.com\/product\/back-safety-training\/#breadcrumb"},"inLanguage":"tr-TR","potentialAction":[{"@type":"ReadAction","target":["https:\/\/globaltraining.com\/product\/back-safety-training\/"]}]},{"@type":"ImageObject","inLanguage":"tr-TR","@id":"https:\/\/globaltraining.com\/product\/back-safety-training\/#primaryimage","url":"https:\/\/globaltraining.com\/wp-content\/uploads\/2021\/10\/iStock-465659136.jpg","contentUrl":"https:\/\/globaltraining.com\/wp-content\/uploads\/2021\/10\/iStock-465659136.jpg","width":1200,"height":800,"caption":"Back Safety Training"},{"@type":"BreadcrumbList","@id":"https:\/\/globaltraining.com\/product\/back-safety-training\/#breadcrumb","itemListElement":[{"@type":"ListItem","position":1,"name":"Home","item":"https:\/\/globaltraining.com\/"},{"@type":"ListItem","position":2,"name":"Productos","item":"https:\/\/globaltraining.com\/es\/shop\/"},{"@type":"ListItem","position":3,"name":"Back Safety Training"}]},{"@type":"WebSite","@id":"https:\/\/globaltraining.com\/#website","url":"https:\/\/globaltraining.com\/","name":"K\u00fcresel G\u00fcvenlik ve \u00c7evre","description":"Tam Hizmet Sa\u011fl\u0131k, G\u00fcvenlik ve \u00c7evre Kurslar\u0131","publisher":{"@id":"https:\/\/globaltraining.com\/#organization"},"potentialAction":[{"@type":"SearchAction","target":{"@type":"EntryPoint","urlTemplate":"https:\/\/globaltraining.com\/?s={search_term_string}"},"query-input":{"@type":"PropertyValueSpecification","valueRequired":true,"valueName":"search_term_string"}}],"inLanguage":"tr-TR"},{"@type":"Organization","@id":"https:\/\/globaltraining.com\/#organization","name":"K\u00fcresel G\u00fcvenlik ve \u00c7evre","url":"https:\/\/globaltraining.com\/","logo":{"@type":"ImageObject","inLanguage":"tr-TR","@id":"https:\/\/globaltraining.com\/#\/schema\/logo\/image\/","url":"https:\/\/globaltraining.com\/wp-content\/uploads\/2021\/01\/GSE-Logo-for-email.png","contentUrl":"https:\/\/globaltraining.com\/wp-content\/uploads\/2021\/01\/GSE-Logo-for-email.png","width":400,"height":101,"caption":"Global Safety & Environmental"},"image":{"@id":"https:\/\/globaltraining.com\/#\/schema\/logo\/image\/"}}]}},"_links":{"self":[{"href":"https:\/\/globaltraining.com\/tr\/wp-json\/wp\/v2\/product\/28314","targetHints":{"allow":["GET"]}}],"collection":[{"href":"https:\/\/globaltraining.com\/tr\/wp-json\/wp\/v2\/product"}],"about":[{"href":"https:\/\/globaltraining.com\/tr\/wp-json\/wp\/v2\/types\/product"}],"wp:featuredmedia":[{"embeddable":true,"href":"https:\/\/globaltraining.com\/tr\/wp-json\/wp\/v2\/media\/27166"}],"wp:attachment":[{"href":"https:\/\/globaltraining.com\/tr\/wp-json\/wp\/v2\/media?parent=28314"}],"wp:term":[{"taxonomy":"product_brand","embeddable":true,"href":"https:\/\/globaltraining.com\/tr\/wp-json\/wp\/v2\/product_brand?post=28314"},{"taxonomy":"product_cat","embeddable":true,"href":"https:\/\/globaltraining.com\/tr\/wp-json\/wp\/v2\/product_cat?post=28314"},{"taxonomy":"product_tag","embeddable":true,"href":"https:\/\/globaltraining.com\/tr\/wp-json\/wp\/v2\/product_tag?post=28314"}],"curies":[{"name":"wp","href":"https:\/\/api.w.org\/{rel}","templated":true}]}}