{"id":28310,"date":"2023-08-29T16:07:25","date_gmt":"2023-08-29T21:07:25","guid":{"rendered":"https:\/\/globaltraining.com\/?post_type=product&#038;p=28310"},"modified":"2024-12-06T14:06:05","modified_gmt":"2024-12-06T20:06:05","slug":"asbest-farkindalik-egitimi","status":"publish","type":"product","link":"https:\/\/globaltraining.com\/tr\/product\/asbestos-awareness-training\/","title":{"rendered":"Asbest Fark\u0131ndal\u0131k E\u011fitimi"},"content":{"rendered":"<h2>Asbest Bilinci: Sa\u011fl\u0131\u011f\u0131n\u0131z\u0131 Korumak<\/h2>\n<p>Kapsaml\u0131 program\u0131m\u0131za ho\u015f geldiniz <strong>asbest fark\u0131ndal\u0131k e\u011fitimi<\/strong>. Bu k\u0131lavuzda asbest hakk\u0131nda bilin\u00e7li olman\u0131n \u00f6nemini, potansiyel sa\u011fl\u0131k risklerini ve asbestin nas\u0131l <strong>OSHA asbest fark\u0131ndal\u0131k e\u011fitimi<\/strong> kendinizi ve ba\u015fkalar\u0131n\u0131 bu tehlikeli maddeye maruz kalmaktan koruman\u0131za yard\u0131mc\u0131 olabilir.<\/p>\n<h2>Asbest Bilincinin \u00d6nemi<\/h2>\n<p><strong>Asbest fark\u0131ndal\u0131\u011f\u0131<\/strong> sadece uyumla ilgili de\u011fildir; kendi sa\u011fl\u0131\u011f\u0131n\u0131z\u0131 ve etraf\u0131n\u0131zdakilerin sa\u011fl\u0131\u011f\u0131n\u0131 korumakla ilgilidir. Bir zamanlar in\u015faatlarda yayg\u0131n olarak kullan\u0131lan asbest, lifleri havaya kar\u0131\u015f\u0131p solundu\u011funda ciddi sa\u011fl\u0131k riskleri olu\u015fturuyor. Asbest i\u00e7eren malzemelerin fark\u0131nda olmak ve bunlar\u0131n g\u00fcvenli bir \u015fekilde nas\u0131l kullan\u0131laca\u011f\u0131n\u0131 bilmek, maruz kalmay\u0131 \u00f6nlemek i\u00e7in \u00e7ok \u00f6nemlidir.<\/p>\n<h2>Asbest Risklerini Anlamak<\/h2>\n<p>E\u011fitim program\u0131m\u0131z, akci\u011fer hastal\u0131klar\u0131 da dahil olmak \u00fczere asbest maruziyetiyle ili\u015fkili \u00e7e\u015fitli riskleri ele almaktad\u0131r. Yenileme veya y\u0131k\u0131m projeleri s\u0131ras\u0131nda asbest liflerinin nas\u0131l havaya kar\u0131\u015farak i\u015f\u00e7ileri ve sakinleri riske atabilece\u011fini net bir \u015fekilde anlayacaks\u0131n\u0131z.<\/p>\n<h2>OSHA Asbest Fark\u0131ndal\u0131k E\u011fitimi<\/h2>\n<p>\u0130le uyumlu <strong>OSHA asbest fark\u0131ndal\u0131k e\u011fitimi<\/strong> asbestin mevcut oldu\u011fu sekt\u00f6rlerdeki i\u015fverenler ve \u00e7al\u0131\u015fanlar i\u00e7in \u00e7ok \u00f6nemlidir. Kursumuz, OSHA&#039;n\u0131n kat\u0131 gereksinimlerini kar\u015f\u0131layacak \u015fekilde tasarlanm\u0131\u015f olup, asbest g\u00fcvenlik protokolleri hakk\u0131nda en g\u00fcncel bilgileri alman\u0131z\u0131 sa\u011flar.<\/p>\n<p>E\u011fitim program\u0131m\u0131za kaydolarak \u015funlar\u0131 nas\u0131l yapaca\u011f\u0131n\u0131z\u0131 \u00f6\u011freneceksiniz:<\/p>\n<ul>\n<li>Asbest i\u00e7eren malzemeleri tan\u0131mlay\u0131n<\/li>\n<li>Uygun ta\u015f\u0131ma ve imha prosed\u00fcrlerini uygulay\u0131n<\/li>\n<li>Ki\u015fisel koruyucu ekipman\u0131 (KKD) etkili bir \u015fekilde kullan\u0131n<\/li>\n<li>Asbestle ilgili tehlikeleri tan\u0131mak ve raporlamak<\/li>\n<\/ul>\n<p>Ba\u015far\u0131l\u0131 bir \u015fekilde tamamlad\u0131\u011f\u0131n\u0131zda, asbest g\u00fcvenli\u011fine ve OSHA y\u00f6netmeliklerine uyumlulu\u011fa olan ba\u011fl\u0131l\u0131\u011f\u0131n\u0131z\u0131 g\u00f6steren bir sertifika alacaks\u0131n\u0131z.<\/p>\n<h2>Kendinizi ve Ba\u015fkalar\u0131n\u0131 Koruyun<\/h2>\n<p>Asbest fark\u0131ndal\u0131\u011f\u0131n\u0131n \u00f6nemini anlamak i\u00e7in bir sa\u011fl\u0131k krizini beklemeyin. Kay\u0131t olun <strong>asbest fark\u0131ndal\u0131k e\u011fitimi<\/strong> bug\u00fcn ve g\u00fcvenli\u011fin proaktif bir savunucusu olun. Kendinizi, meslekta\u015flar\u0131n\u0131z\u0131 ve sevdiklerinizi asbeste maruz kalman\u0131n gizli tehlikelerinden koruyun. Birlikte daha g\u00fcvenli, daha sa\u011fl\u0131kl\u0131 bir gelecek in\u015fa edebiliriz.<\/p>","protected":false},"excerpt":{"rendered":"<p>NFPA 70E e\u011fitimimizle kendinizi g\u00fc\u00e7lendirin. Elektrik ark\u0131 tehlikelerini anlay\u0131n, g\u00fcvenli\u011fi art\u0131r\u0131n ve g\u00fcvenli bir i\u015fyerine olan ba\u011fl\u0131l\u0131\u011f\u0131n\u0131z\u0131 g\u00f6steren bir sertifika kazan\u0131n. Daha g\u00fcvenli \u00e7al\u0131\u015fma ortamlar\u0131 yaratmak i\u00e7in bize kat\u0131l\u0131n.<\/p>","protected":false},"featured_media":27193,"template":"","meta":{"_et_pb_use_builder":"","_et_pb_old_content":"","_et_gb_content_width":""},"product_brand":[],"product_cat":[174,141,143,156],"product_tag":[],"class_list":{"0":"post-28310","1":"product","2":"type-product","3":"status-publish","4":"has-post-thumbnail","6":"product_cat-environmental","7":"product_cat-hazardous-materials","8":"product_cat-health-and-safety","9":"product_cat-occupational-health-and-safety","11":"first","12":"instock","13":"virtual","14":"purchasable","15":"product-type-simple"},"yoast_head":"<!-- This site is optimized with the Yoast SEO plugin v27.4 - https:\/\/yoast.com\/product\/yoast-seo-wordpress\/ -->\n<title>Asbestos Awareness Training - Global Safety &amp; Environmental<\/title>\n<meta name=\"description\" content=\"Learn asbestos awareness and OSHA compliance with our training. Protect your health and earn certification for safety with our asbestos awareness training.\" \/>\n<meta name=\"robots\" content=\"index, follow, max-snippet:-1, max-image-preview:large, max-video-preview:-1\" \/>\n<link rel=\"canonical\" href=\"https:\/\/globaltraining.com\/tr\/urun\/asbest-farkindalik-egitimi\/\" \/>\n<meta property=\"og:locale\" content=\"tr_TR\" \/>\n<meta property=\"og:type\" content=\"article\" \/>\n<meta property=\"og:title\" content=\"Asbestos Awareness Training - Global Safety &amp; Environmental\" \/>\n<meta property=\"og:description\" content=\"Learn asbestos awareness and OSHA compliance with our training. Protect your health and earn certification for safety with our asbestos awareness training.\" \/>\n<meta property=\"og:url\" content=\"https:\/\/globaltraining.com\/tr\/urun\/asbest-farkindalik-egitimi\/\" \/>\n<meta property=\"og:site_name\" content=\"Global Safety &amp; Environmental\" \/>\n<meta property=\"article:modified_time\" content=\"2024-12-06T20:06:05+00:00\" \/>\n<meta property=\"og:image\" content=\"https:\/\/globaltraining.com\/wp-content\/uploads\/2021\/08\/asbestos.jpg\" \/>\n\t<meta property=\"og:image:width\" content=\"1200\" \/>\n\t<meta property=\"og:image:height\" content=\"800\" \/>\n\t<meta property=\"og:image:type\" content=\"image\/jpeg\" \/>\n<meta name=\"twitter:card\" content=\"summary_large_image\" \/>\n<meta name=\"twitter:label1\" content=\"Est. reading time\" \/>\n\t<meta name=\"twitter:data1\" content=\"2 minutes\" \/>\n<script type=\"application\/ld+json\" class=\"yoast-schema-graph\">{\"@context\":\"https:\\\/\\\/schema.org\",\"@graph\":[{\"@type\":\"WebPage\",\"@id\":\"https:\\\/\\\/globaltraining.com\\\/product\\\/asbestos-awareness-training\\\/\",\"url\":\"https:\\\/\\\/globaltraining.com\\\/product\\\/asbestos-awareness-training\\\/\",\"name\":\"Asbestos Awareness Training - Global Safety &amp; Environmental\",\"isPartOf\":{\"@id\":\"https:\\\/\\\/globaltraining.com\\\/#website\"},\"primaryImageOfPage\":{\"@id\":\"https:\\\/\\\/globaltraining.com\\\/product\\\/asbestos-awareness-training\\\/#primaryimage\"},\"image\":{\"@id\":\"https:\\\/\\\/globaltraining.com\\\/product\\\/asbestos-awareness-training\\\/#primaryimage\"},\"thumbnailUrl\":\"https:\\\/\\\/globaltraining.com\\\/wp-content\\\/uploads\\\/2021\\\/08\\\/asbestos.jpg\",\"datePublished\":\"2023-08-29T21:07:25+00:00\",\"dateModified\":\"2024-12-06T20:06:05+00:00\",\"description\":\"Learn asbestos awareness and OSHA compliance with our training. Protect your health and earn certification for safety with our asbestos awareness training.\",\"breadcrumb\":{\"@id\":\"https:\\\/\\\/globaltraining.com\\\/product\\\/asbestos-awareness-training\\\/#breadcrumb\"},\"inLanguage\":\"tr-TR\",\"potentialAction\":[{\"@type\":\"ReadAction\",\"target\":[\"https:\\\/\\\/globaltraining.com\\\/product\\\/asbestos-awareness-training\\\/\"]}]},{\"@type\":\"ImageObject\",\"inLanguage\":\"tr-TR\",\"@id\":\"https:\\\/\\\/globaltraining.com\\\/product\\\/asbestos-awareness-training\\\/#primaryimage\",\"url\":\"https:\\\/\\\/globaltraining.com\\\/wp-content\\\/uploads\\\/2021\\\/08\\\/asbestos.jpg\",\"contentUrl\":\"https:\\\/\\\/globaltraining.com\\\/wp-content\\\/uploads\\\/2021\\\/08\\\/asbestos.jpg\",\"width\":1200,\"height\":800,\"caption\":\"Asbestos Awareness training\"},{\"@type\":\"BreadcrumbList\",\"@id\":\"https:\\\/\\\/globaltraining.com\\\/product\\\/asbestos-awareness-training\\\/#breadcrumb\",\"itemListElement\":[{\"@type\":\"ListItem\",\"position\":1,\"name\":\"Home\",\"item\":\"https:\\\/\\\/globaltraining.com\\\/\"},{\"@type\":\"ListItem\",\"position\":2,\"name\":\"Productos\",\"item\":\"https:\\\/\\\/globaltraining.com\\\/es\\\/shop\\\/\"},{\"@type\":\"ListItem\",\"position\":3,\"name\":\"Asbestos Awareness Training\"}]},{\"@type\":\"WebSite\",\"@id\":\"https:\\\/\\\/globaltraining.com\\\/#website\",\"url\":\"https:\\\/\\\/globaltraining.com\\\/\",\"name\":\"Global Safety & Environmental\",\"description\":\"Full Service Health, Safety, and Environmental Courses\",\"publisher\":{\"@id\":\"https:\\\/\\\/globaltraining.com\\\/#organization\"},\"potentialAction\":[{\"@type\":\"SearchAction\",\"target\":{\"@type\":\"EntryPoint\",\"urlTemplate\":\"https:\\\/\\\/globaltraining.com\\\/?s={search_term_string}\"},\"query-input\":{\"@type\":\"PropertyValueSpecification\",\"valueRequired\":true,\"valueName\":\"search_term_string\"}}],\"inLanguage\":\"tr-TR\"},{\"@type\":\"Organization\",\"@id\":\"https:\\\/\\\/globaltraining.com\\\/#organization\",\"name\":\"Global Safety & Environmental\",\"url\":\"https:\\\/\\\/globaltraining.com\\\/\",\"logo\":{\"@type\":\"ImageObject\",\"inLanguage\":\"tr-TR\",\"@id\":\"https:\\\/\\\/globaltraining.com\\\/#\\\/schema\\\/logo\\\/image\\\/\",\"url\":\"https:\\\/\\\/globaltraining.com\\\/wp-content\\\/uploads\\\/2021\\\/01\\\/GSE-Logo-for-email.png\",\"contentUrl\":\"https:\\\/\\\/globaltraining.com\\\/wp-content\\\/uploads\\\/2021\\\/01\\\/GSE-Logo-for-email.png\",\"width\":400,\"height\":101,\"caption\":\"Global Safety & Environmental\"},\"image\":{\"@id\":\"https:\\\/\\\/globaltraining.com\\\/#\\\/schema\\\/logo\\\/image\\\/\"}}]}<\/script>\n<!-- \/ Yoast SEO plugin. -->","yoast_head_json":{"title":"Asbest Fark\u0131ndal\u0131k E\u011fitimi - K\u00fcresel G\u00fcvenlik ve \u00c7evre","description":"E\u011fitimlerimizle asbest fark\u0131ndal\u0131\u011f\u0131n\u0131 ve OSHA uyumlulu\u011funu \u00f6\u011frenin. Sa\u011fl\u0131\u011f\u0131n\u0131z\u0131 koruyun ve asbest fark\u0131ndal\u0131\u011f\u0131 e\u011fitimlerimizle g\u00fcvenlik sertifikas\u0131 kazan\u0131n.","robots":{"index":"index","follow":"follow","max-snippet":"max-snippet:-1","max-image-preview":"max-image-preview:large","max-video-preview":"max-video-preview:-1"},"canonical":"https:\/\/globaltraining.com\/tr\/urun\/asbest-farkindalik-egitimi\/","og_locale":"tr_TR","og_type":"article","og_title":"Asbestos Awareness Training - Global Safety &amp; Environmental","og_description":"Learn asbestos awareness and OSHA compliance with our training. Protect your health and earn certification for safety with our asbestos awareness training.","og_url":"https:\/\/globaltraining.com\/tr\/urun\/asbest-farkindalik-egitimi\/","og_site_name":"Global Safety &amp; Environmental","article_modified_time":"2024-12-06T20:06:05+00:00","og_image":[{"width":1200,"height":800,"url":"https:\/\/globaltraining.com\/wp-content\/uploads\/2021\/08\/asbestos.jpg","type":"image\/jpeg"}],"twitter_card":"summary_large_image","twitter_misc":{"Est. reading time":"2 minutes"},"schema":{"@context":"https:\/\/schema.org","@graph":[{"@type":"WebPage","@id":"https:\/\/globaltraining.com\/product\/asbestos-awareness-training\/","url":"https:\/\/globaltraining.com\/product\/asbestos-awareness-training\/","name":"Asbest Fark\u0131ndal\u0131k E\u011fitimi - K\u00fcresel G\u00fcvenlik ve \u00c7evre","isPartOf":{"@id":"https:\/\/globaltraining.com\/#website"},"primaryImageOfPage":{"@id":"https:\/\/globaltraining.com\/product\/asbestos-awareness-training\/#primaryimage"},"image":{"@id":"https:\/\/globaltraining.com\/product\/asbestos-awareness-training\/#primaryimage"},"thumbnailUrl":"https:\/\/globaltraining.com\/wp-content\/uploads\/2021\/08\/asbestos.jpg","datePublished":"2023-08-29T21:07:25+00:00","dateModified":"2024-12-06T20:06:05+00:00","description":"E\u011fitimlerimizle asbest fark\u0131ndal\u0131\u011f\u0131n\u0131 ve OSHA uyumlulu\u011funu \u00f6\u011frenin. Sa\u011fl\u0131\u011f\u0131n\u0131z\u0131 koruyun ve asbest fark\u0131ndal\u0131\u011f\u0131 e\u011fitimlerimizle g\u00fcvenlik sertifikas\u0131 kazan\u0131n.","breadcrumb":{"@id":"https:\/\/globaltraining.com\/product\/asbestos-awareness-training\/#breadcrumb"},"inLanguage":"tr-TR","potentialAction":[{"@type":"ReadAction","target":["https:\/\/globaltraining.com\/product\/asbestos-awareness-training\/"]}]},{"@type":"ImageObject","inLanguage":"tr-TR","@id":"https:\/\/globaltraining.com\/product\/asbestos-awareness-training\/#primaryimage","url":"https:\/\/globaltraining.com\/wp-content\/uploads\/2021\/08\/asbestos.jpg","contentUrl":"https:\/\/globaltraining.com\/wp-content\/uploads\/2021\/08\/asbestos.jpg","width":1200,"height":800,"caption":"Asbestos Awareness training"},{"@type":"BreadcrumbList","@id":"https:\/\/globaltraining.com\/product\/asbestos-awareness-training\/#breadcrumb","itemListElement":[{"@type":"ListItem","position":1,"name":"Home","item":"https:\/\/globaltraining.com\/"},{"@type":"ListItem","position":2,"name":"Productos","item":"https:\/\/globaltraining.com\/es\/shop\/"},{"@type":"ListItem","position":3,"name":"Asbestos Awareness Training"}]},{"@type":"WebSite","@id":"https:\/\/globaltraining.com\/#website","url":"https:\/\/globaltraining.com\/","name":"K\u00fcresel G\u00fcvenlik ve \u00c7evre","description":"Tam Hizmet Sa\u011fl\u0131k, G\u00fcvenlik ve \u00c7evre Kurslar\u0131","publisher":{"@id":"https:\/\/globaltraining.com\/#organization"},"potentialAction":[{"@type":"SearchAction","target":{"@type":"EntryPoint","urlTemplate":"https:\/\/globaltraining.com\/?s={search_term_string}"},"query-input":{"@type":"PropertyValueSpecification","valueRequired":true,"valueName":"search_term_string"}}],"inLanguage":"tr-TR"},{"@type":"Organization","@id":"https:\/\/globaltraining.com\/#organization","name":"K\u00fcresel G\u00fcvenlik ve \u00c7evre","url":"https:\/\/globaltraining.com\/","logo":{"@type":"ImageObject","inLanguage":"tr-TR","@id":"https:\/\/globaltraining.com\/#\/schema\/logo\/image\/","url":"https:\/\/globaltraining.com\/wp-content\/uploads\/2021\/01\/GSE-Logo-for-email.png","contentUrl":"https:\/\/globaltraining.com\/wp-content\/uploads\/2021\/01\/GSE-Logo-for-email.png","width":400,"height":101,"caption":"Global Safety & Environmental"},"image":{"@id":"https:\/\/globaltraining.com\/#\/schema\/logo\/image\/"}}]}},"_links":{"self":[{"href":"https:\/\/globaltraining.com\/tr\/wp-json\/wp\/v2\/product\/28310","targetHints":{"allow":["GET"]}}],"collection":[{"href":"https:\/\/globaltraining.com\/tr\/wp-json\/wp\/v2\/product"}],"about":[{"href":"https:\/\/globaltraining.com\/tr\/wp-json\/wp\/v2\/types\/product"}],"wp:featuredmedia":[{"embeddable":true,"href":"https:\/\/globaltraining.com\/tr\/wp-json\/wp\/v2\/media\/27193"}],"wp:attachment":[{"href":"https:\/\/globaltraining.com\/tr\/wp-json\/wp\/v2\/media?parent=28310"}],"wp:term":[{"taxonomy":"product_brand","embeddable":true,"href":"https:\/\/globaltraining.com\/tr\/wp-json\/wp\/v2\/product_brand?post=28310"},{"taxonomy":"product_cat","embeddable":true,"href":"https:\/\/globaltraining.com\/tr\/wp-json\/wp\/v2\/product_cat?post=28310"},{"taxonomy":"product_tag","embeddable":true,"href":"https:\/\/globaltraining.com\/tr\/wp-json\/wp\/v2\/product_tag?post=28310"}],"curies":[{"name":"wp","href":"https:\/\/api.w.org\/{rel}","templated":true}]}}