{"id":28305,"date":"2023-08-29T15:23:14","date_gmt":"2023-08-29T20:23:14","guid":{"rendered":"https:\/\/globaltraining.com\/?post_type=product&#038;p=28305"},"modified":"2024-12-06T14:08:03","modified_gmt":"2024-12-06T20:08:03","slug":"nfpa-70e-egitimi","status":"publish","type":"product","link":"https:\/\/globaltraining.com\/tr\/product\/nfpa-70e-training\/","title":{"rendered":"NFPA 70E E\u011fitimi"},"content":{"rendered":"<h2>NFPA 70E: Elektrik G\u00fcvenli\u011finin Sa\u011flanmas\u0131<\/h2>\n<p>Kapsaml\u0131 program\u0131m\u0131za ho\u015f geldiniz <strong>NFPA 70E e\u011fitimi<\/strong>. \u0130\u015fyerinde elektrik g\u00fcvenli\u011fi sadece yasal bir gereklilik de\u011fil ayn\u0131 zamanda ahlaki bir y\u00fck\u00fcml\u00fcl\u00fckt\u00fcr. Bu k\u0131lavuzda NFPA 70E e\u011fitiminin \u00f6nemi, elektrik ark\u0131 tehlikelerinin \u00f6nlenmesi ve potansiyel olarak tehlikeli ortamlarda kendinizi ve i\u015f arkada\u015flar\u0131n\u0131z\u0131 nas\u0131l koruyabilece\u011finizi ele alaca\u011f\u0131z.<\/p>\n<h2>NFPA 70E E\u011fitiminin \u00d6nemi<\/h2>\n<p><strong>Arc Flash e\u011fitimi<\/strong> Elektrik sistemleri ve ekipmanlar\u0131yla \u00e7al\u0131\u015fan herkes i\u00e7in gereklidir. Ulusal Yang\u0131ndan Korunma Birli\u011fi (NFPA) taraf\u0131ndan geli\u015ftirilen bu standart, \u00e7al\u0131\u015fanlar\u0131 elektrik tehlikelerinden korumaya y\u00f6nelik g\u00fcvenlik gerekliliklerini \u00f6zetlemektedir. NFPA 70E&#039;ye uyum, yaln\u0131zca d\u00fczenlemelere uymakla ilgili de\u011fil, ayn\u0131 zamanda g\u00fcvenli\u011fe \u00f6ncelik veren bir i\u015fyeri k\u00fclt\u00fcr\u00fc olu\u015fturmakla da ilgilidir.<\/p>\n<h2>Elektrik Ark Tehlikelerinin \u00d6nlenmesi<\/h2>\n<p>Ba\u015fl\u0131ca odak noktalar\u0131ndan biri <strong>NFPA 70E e\u011fitimi<\/strong> elektrik ark\u0131 olaylar\u0131n\u0131n \u00f6nlenmesidir. Elektrik arklar\u0131, ciddi yan\u0131klara, yaralanmalara ve hatta \u00f6l\u00fcmlere yol a\u00e7abilecek ani elektrik enerjisi bo\u015falmalar\u0131d\u0131r. Elektrik arklar\u0131yla ilgili riskleri anlamak ve bunlar\u0131n nas\u0131l \u00f6nlenece\u011fini bilmek \u00e7ok \u00f6nemlidir.<\/p>\n<p>E\u011fitim program\u0131m\u0131z \u015funlar\u0131 kapsamaktad\u0131r:<\/p>\n<ul>\n<li>Elektrik ark\u0131 tehlikelerinin tan\u0131mlanmas\u0131<\/li>\n<li>G\u00fcvenli \u00e7al\u0131\u015fma uygulamalar\u0131 ve prosed\u00fcrleri<\/li>\n<li>Ki\u015fisel koruyucu ekipmanlar\u0131n (KKD) se\u00e7imi ve kullan\u0131m\u0131<\/li>\n<li>Risk de\u011ferlendirmeleri ve hafifletme<\/li>\n<\/ul>\n<p>Kursun sonunda potansiyel tehlikeleri tan\u0131ma ve elektrik ark\u0131 olaylar\u0131n\u0131 \u00f6nlemek i\u00e7in proaktif \u00f6nlemler alma konusunda bilgi sahibi olacaks\u0131n\u0131z.<\/p>\n<h2>Elektrik G\u00fcvenli\u011fi Savunucusu Olun<\/h2>\n<p>Kay\u0131t olmam\u0131z <strong>NFPA 70E kursu<\/strong> yaln\u0131zca g\u00fcvenli\u011finizi sa\u011flamakla kalmaz, ayn\u0131 zamanda i\u015f yerinizde elektrik g\u00fcvenli\u011finin savunucusu olman\u0131z\u0131 sa\u011flar. Ba\u015far\u0131l\u0131 bir \u015fekilde tamamlad\u0131\u011f\u0131n\u0131zda, g\u00fcvenli\u011fe ve NFPA standartlar\u0131na uyumlulu\u011fa olan ba\u011fl\u0131l\u0131\u011f\u0131n\u0131z\u0131 g\u00f6steren bir sertifika alacaks\u0131n\u0131z.<\/p>\n<h2>Daha G\u00fcvenli Bir \u0130\u015fyeri \u0130\u00e7in Harekete Ge\u00e7in<\/h2>\n<p>Bir elektrik kazas\u0131n\u0131n meydana gelmesini beklemeyin. G\u00fcvenli\u011finize ve i\u015f arkada\u015flar\u0131n\u0131z\u0131n g\u00fcvenli\u011fine yat\u0131r\u0131m yap\u0131n. Kay\u0131t olun <strong>NFPA 70E e\u011fitimi<\/strong> bug\u00fcn ve daha g\u00fcvenli bir i\u015f yeri yaratman\u0131n bir par\u00e7as\u0131 olun. Elektrik g\u00fcvenli\u011fine \u00f6ncelik verme konusunda bize kat\u0131l\u0131n ve her \u00e7al\u0131\u015fma ortam\u0131n\u0131n gereksiz risklerden ar\u0131nm\u0131\u015f olmas\u0131n\u0131 sa\u011flayal\u0131m.<\/p>","protected":false},"excerpt":{"rendered":"<p>NFPA 70E e\u011fitimimizle kendinizi g\u00fc\u00e7lendirin. Elektrik ark\u0131 tehlikelerini anlay\u0131n, g\u00fcvenli\u011fi art\u0131r\u0131n ve g\u00fcvenli bir i\u015fyerine olan ba\u011fl\u0131l\u0131\u011f\u0131n\u0131z\u0131 g\u00f6steren bir sertifika kazan\u0131n. Daha g\u00fcvenli \u00e7al\u0131\u015fma ortamlar\u0131 yaratmak i\u00e7in bize kat\u0131l\u0131n.<\/p>","protected":false},"featured_media":27151,"template":"","meta":{"_et_pb_use_builder":"off","_et_pb_old_content":"","_et_gb_content_width":""},"product_brand":[],"product_cat":[130,135],"product_tag":[],"class_list":{"0":"post-28305","1":"product","2":"type-product","3":"status-publish","4":"has-post-thumbnail","6":"product_cat-electrical","7":"product_cat-fire","9":"first","10":"instock","11":"virtual","12":"sold-individually","13":"purchasable","14":"product-type-simple"},"yoast_head":"<!-- This site is optimized with the Yoast SEO plugin v27.4 - https:\/\/yoast.com\/product\/yoast-seo-wordpress\/ -->\n<title>NFPA 70E Training - Global Safety &amp; Environmental<\/title>\n<meta name=\"description\" content=\"Enhance workplace safety with our NFPA 70E training. Learn to prevent electrical arc hazards and earn a certification for a safer workplace.\" \/>\n<meta name=\"robots\" content=\"index, follow, max-snippet:-1, max-image-preview:large, max-video-preview:-1\" \/>\n<link rel=\"canonical\" href=\"https:\/\/globaltraining.com\/tr\/urun\/nfpa-70e-egitimi\/\" \/>\n<meta property=\"og:locale\" content=\"tr_TR\" \/>\n<meta property=\"og:type\" content=\"article\" \/>\n<meta property=\"og:title\" content=\"NFPA 70E Training - Global Safety &amp; Environmental\" \/>\n<meta property=\"og:description\" content=\"Enhance workplace safety with our NFPA 70E training. Learn to prevent electrical arc hazards and earn a certification for a safer workplace.\" \/>\n<meta property=\"og:url\" content=\"https:\/\/globaltraining.com\/tr\/urun\/nfpa-70e-egitimi\/\" \/>\n<meta property=\"og:site_name\" content=\"Global Safety &amp; Environmental\" \/>\n<meta property=\"article:modified_time\" content=\"2024-12-06T20:08:03+00:00\" \/>\n<meta property=\"og:image\" content=\"https:\/\/globaltraining.com\/wp-content\/uploads\/2021\/08\/arc-flash.jpg\" \/>\n\t<meta property=\"og:image:width\" content=\"1200\" \/>\n\t<meta property=\"og:image:height\" content=\"797\" \/>\n\t<meta property=\"og:image:type\" content=\"image\/jpeg\" \/>\n<meta name=\"twitter:card\" content=\"summary_large_image\" \/>\n<meta name=\"twitter:label1\" content=\"Est. reading time\" \/>\n\t<meta name=\"twitter:data1\" content=\"2 minutes\" \/>\n<script type=\"application\/ld+json\" class=\"yoast-schema-graph\">{\"@context\":\"https:\\\/\\\/schema.org\",\"@graph\":[{\"@type\":\"WebPage\",\"@id\":\"https:\\\/\\\/globaltraining.com\\\/product\\\/nfpa-70e-training\\\/\",\"url\":\"https:\\\/\\\/globaltraining.com\\\/product\\\/nfpa-70e-training\\\/\",\"name\":\"NFPA 70E Training - Global Safety &amp; Environmental\",\"isPartOf\":{\"@id\":\"https:\\\/\\\/globaltraining.com\\\/#website\"},\"primaryImageOfPage\":{\"@id\":\"https:\\\/\\\/globaltraining.com\\\/product\\\/nfpa-70e-training\\\/#primaryimage\"},\"image\":{\"@id\":\"https:\\\/\\\/globaltraining.com\\\/product\\\/nfpa-70e-training\\\/#primaryimage\"},\"thumbnailUrl\":\"https:\\\/\\\/globaltraining.com\\\/wp-content\\\/uploads\\\/2021\\\/08\\\/arc-flash.jpg\",\"datePublished\":\"2023-08-29T20:23:14+00:00\",\"dateModified\":\"2024-12-06T20:08:03+00:00\",\"description\":\"Enhance workplace safety with our NFPA 70E training. Learn to prevent electrical arc hazards and earn a certification for a safer workplace.\",\"breadcrumb\":{\"@id\":\"https:\\\/\\\/globaltraining.com\\\/product\\\/nfpa-70e-training\\\/#breadcrumb\"},\"inLanguage\":\"tr-TR\",\"potentialAction\":[{\"@type\":\"ReadAction\",\"target\":[\"https:\\\/\\\/globaltraining.com\\\/product\\\/nfpa-70e-training\\\/\"]}]},{\"@type\":\"ImageObject\",\"inLanguage\":\"tr-TR\",\"@id\":\"https:\\\/\\\/globaltraining.com\\\/product\\\/nfpa-70e-training\\\/#primaryimage\",\"url\":\"https:\\\/\\\/globaltraining.com\\\/wp-content\\\/uploads\\\/2021\\\/08\\\/arc-flash.jpg\",\"contentUrl\":\"https:\\\/\\\/globaltraining.com\\\/wp-content\\\/uploads\\\/2021\\\/08\\\/arc-flash.jpg\",\"width\":1200,\"height\":797,\"caption\":\"Nfpa 70e training\"},{\"@type\":\"BreadcrumbList\",\"@id\":\"https:\\\/\\\/globaltraining.com\\\/product\\\/nfpa-70e-training\\\/#breadcrumb\",\"itemListElement\":[{\"@type\":\"ListItem\",\"position\":1,\"name\":\"Home\",\"item\":\"https:\\\/\\\/globaltraining.com\\\/\"},{\"@type\":\"ListItem\",\"position\":2,\"name\":\"Productos\",\"item\":\"https:\\\/\\\/globaltraining.com\\\/es\\\/shop\\\/\"},{\"@type\":\"ListItem\",\"position\":3,\"name\":\"NFPA 70E Training\"}]},{\"@type\":\"WebSite\",\"@id\":\"https:\\\/\\\/globaltraining.com\\\/#website\",\"url\":\"https:\\\/\\\/globaltraining.com\\\/\",\"name\":\"Global Safety & Environmental\",\"description\":\"Full Service Health, Safety, and Environmental Courses\",\"publisher\":{\"@id\":\"https:\\\/\\\/globaltraining.com\\\/#organization\"},\"potentialAction\":[{\"@type\":\"SearchAction\",\"target\":{\"@type\":\"EntryPoint\",\"urlTemplate\":\"https:\\\/\\\/globaltraining.com\\\/?s={search_term_string}\"},\"query-input\":{\"@type\":\"PropertyValueSpecification\",\"valueRequired\":true,\"valueName\":\"search_term_string\"}}],\"inLanguage\":\"tr-TR\"},{\"@type\":\"Organization\",\"@id\":\"https:\\\/\\\/globaltraining.com\\\/#organization\",\"name\":\"Global Safety & Environmental\",\"url\":\"https:\\\/\\\/globaltraining.com\\\/\",\"logo\":{\"@type\":\"ImageObject\",\"inLanguage\":\"tr-TR\",\"@id\":\"https:\\\/\\\/globaltraining.com\\\/#\\\/schema\\\/logo\\\/image\\\/\",\"url\":\"https:\\\/\\\/globaltraining.com\\\/wp-content\\\/uploads\\\/2021\\\/01\\\/GSE-Logo-for-email.png\",\"contentUrl\":\"https:\\\/\\\/globaltraining.com\\\/wp-content\\\/uploads\\\/2021\\\/01\\\/GSE-Logo-for-email.png\",\"width\":400,\"height\":101,\"caption\":\"Global Safety & Environmental\"},\"image\":{\"@id\":\"https:\\\/\\\/globaltraining.com\\\/#\\\/schema\\\/logo\\\/image\\\/\"}}]}<\/script>\n<!-- \/ Yoast SEO plugin. -->","yoast_head_json":{"title":"NFPA 70E E\u011fitimi - K\u00fcresel G\u00fcvenlik ve \u00c7evre","description":"NFPA 70E e\u011fitimimizle i\u015fyeri g\u00fcvenli\u011fini art\u0131r\u0131n. Elektrik ark\u0131 tehlikelerini \u00f6nlemeyi \u00f6\u011frenin ve daha g\u00fcvenli bir i\u015fyeri i\u00e7in sertifika kazan\u0131n.","robots":{"index":"index","follow":"follow","max-snippet":"max-snippet:-1","max-image-preview":"max-image-preview:large","max-video-preview":"max-video-preview:-1"},"canonical":"https:\/\/globaltraining.com\/tr\/urun\/nfpa-70e-egitimi\/","og_locale":"tr_TR","og_type":"article","og_title":"NFPA 70E Training - Global Safety &amp; Environmental","og_description":"Enhance workplace safety with our NFPA 70E training. Learn to prevent electrical arc hazards and earn a certification for a safer workplace.","og_url":"https:\/\/globaltraining.com\/tr\/urun\/nfpa-70e-egitimi\/","og_site_name":"Global Safety &amp; Environmental","article_modified_time":"2024-12-06T20:08:03+00:00","og_image":[{"width":1200,"height":797,"url":"https:\/\/globaltraining.com\/wp-content\/uploads\/2021\/08\/arc-flash.jpg","type":"image\/jpeg"}],"twitter_card":"summary_large_image","twitter_misc":{"Est. reading time":"2 minutes"},"schema":{"@context":"https:\/\/schema.org","@graph":[{"@type":"WebPage","@id":"https:\/\/globaltraining.com\/product\/nfpa-70e-training\/","url":"https:\/\/globaltraining.com\/product\/nfpa-70e-training\/","name":"NFPA 70E E\u011fitimi - K\u00fcresel G\u00fcvenlik ve \u00c7evre","isPartOf":{"@id":"https:\/\/globaltraining.com\/#website"},"primaryImageOfPage":{"@id":"https:\/\/globaltraining.com\/product\/nfpa-70e-training\/#primaryimage"},"image":{"@id":"https:\/\/globaltraining.com\/product\/nfpa-70e-training\/#primaryimage"},"thumbnailUrl":"https:\/\/globaltraining.com\/wp-content\/uploads\/2021\/08\/arc-flash.jpg","datePublished":"2023-08-29T20:23:14+00:00","dateModified":"2024-12-06T20:08:03+00:00","description":"NFPA 70E e\u011fitimimizle i\u015fyeri g\u00fcvenli\u011fini art\u0131r\u0131n. Elektrik ark\u0131 tehlikelerini \u00f6nlemeyi \u00f6\u011frenin ve daha g\u00fcvenli bir i\u015fyeri i\u00e7in sertifika kazan\u0131n.","breadcrumb":{"@id":"https:\/\/globaltraining.com\/product\/nfpa-70e-training\/#breadcrumb"},"inLanguage":"tr-TR","potentialAction":[{"@type":"ReadAction","target":["https:\/\/globaltraining.com\/product\/nfpa-70e-training\/"]}]},{"@type":"ImageObject","inLanguage":"tr-TR","@id":"https:\/\/globaltraining.com\/product\/nfpa-70e-training\/#primaryimage","url":"https:\/\/globaltraining.com\/wp-content\/uploads\/2021\/08\/arc-flash.jpg","contentUrl":"https:\/\/globaltraining.com\/wp-content\/uploads\/2021\/08\/arc-flash.jpg","width":1200,"height":797,"caption":"Nfpa 70e training"},{"@type":"BreadcrumbList","@id":"https:\/\/globaltraining.com\/product\/nfpa-70e-training\/#breadcrumb","itemListElement":[{"@type":"ListItem","position":1,"name":"Home","item":"https:\/\/globaltraining.com\/"},{"@type":"ListItem","position":2,"name":"Productos","item":"https:\/\/globaltraining.com\/es\/shop\/"},{"@type":"ListItem","position":3,"name":"NFPA 70E Training"}]},{"@type":"WebSite","@id":"https:\/\/globaltraining.com\/#website","url":"https:\/\/globaltraining.com\/","name":"K\u00fcresel G\u00fcvenlik ve \u00c7evre","description":"Tam Hizmet Sa\u011fl\u0131k, G\u00fcvenlik ve \u00c7evre Kurslar\u0131","publisher":{"@id":"https:\/\/globaltraining.com\/#organization"},"potentialAction":[{"@type":"SearchAction","target":{"@type":"EntryPoint","urlTemplate":"https:\/\/globaltraining.com\/?s={search_term_string}"},"query-input":{"@type":"PropertyValueSpecification","valueRequired":true,"valueName":"search_term_string"}}],"inLanguage":"tr-TR"},{"@type":"Organization","@id":"https:\/\/globaltraining.com\/#organization","name":"K\u00fcresel G\u00fcvenlik ve \u00c7evre","url":"https:\/\/globaltraining.com\/","logo":{"@type":"ImageObject","inLanguage":"tr-TR","@id":"https:\/\/globaltraining.com\/#\/schema\/logo\/image\/","url":"https:\/\/globaltraining.com\/wp-content\/uploads\/2021\/01\/GSE-Logo-for-email.png","contentUrl":"https:\/\/globaltraining.com\/wp-content\/uploads\/2021\/01\/GSE-Logo-for-email.png","width":400,"height":101,"caption":"Global Safety & Environmental"},"image":{"@id":"https:\/\/globaltraining.com\/#\/schema\/logo\/image\/"}}]}},"_links":{"self":[{"href":"https:\/\/globaltraining.com\/tr\/wp-json\/wp\/v2\/product\/28305","targetHints":{"allow":["GET"]}}],"collection":[{"href":"https:\/\/globaltraining.com\/tr\/wp-json\/wp\/v2\/product"}],"about":[{"href":"https:\/\/globaltraining.com\/tr\/wp-json\/wp\/v2\/types\/product"}],"wp:featuredmedia":[{"embeddable":true,"href":"https:\/\/globaltraining.com\/tr\/wp-json\/wp\/v2\/media\/27151"}],"wp:attachment":[{"href":"https:\/\/globaltraining.com\/tr\/wp-json\/wp\/v2\/media?parent=28305"}],"wp:term":[{"taxonomy":"product_brand","embeddable":true,"href":"https:\/\/globaltraining.com\/tr\/wp-json\/wp\/v2\/product_brand?post=28305"},{"taxonomy":"product_cat","embeddable":true,"href":"https:\/\/globaltraining.com\/tr\/wp-json\/wp\/v2\/product_cat?post=28305"},{"taxonomy":"product_tag","embeddable":true,"href":"https:\/\/globaltraining.com\/tr\/wp-json\/wp\/v2\/product_tag?post=28305"}],"curies":[{"name":"wp","href":"https:\/\/api.w.org\/{rel}","templated":true}]}}