{"id":28301,"date":"2023-08-29T15:19:09","date_gmt":"2023-08-29T20:19:09","guid":{"rendered":"https:\/\/globaltraining.com\/?post_type=product&#038;p=28301"},"modified":"2024-12-06T14:08:33","modified_gmt":"2024-12-06T20:08:33","slug":"hayvan-ve-bocek-tehlikeleri","status":"publish","type":"product","link":"https:\/\/globaltraining.com\/tr\/product\/animal-and-insect-hazards\/","title":{"rendered":"Hayvan ve B\u00f6cek Tehlikeleri"},"content":{"rendered":"<h2>Hayvan ve B\u00f6cek Tehlikesi: G\u00fcvende ve Bilgili Kal\u0131n<\/h2>\n<p>Kapsaml\u0131 kursumuza ho\u015f geldiniz <strong>Hayvan ve B\u00f6cek Tehlikeleri<\/strong>. Bu k\u0131lavuzda \u00e7e\u015fitli hayvan ve b\u00f6ceklerin olu\u015fturdu\u011fu potansiyel tehlikeleri ve kendinizi ve ba\u015fkalar\u0131n\u0131 bu tehlikelerden nas\u0131l koruyabilece\u011finizi inceleyece\u011fiz. \u0130ster a\u00e7\u0131k hava tutkunu olun, ister y\u00fcr\u00fcy\u00fc\u015f\u00e7\u00fc olun, ister yaln\u0131zca g\u00fcvenlik konusunda endi\u015feleniyor olun, bu riskleri anlamak daha g\u00fcvenli bir ortam i\u00e7in \u00e7ok \u00f6nemlidir.<\/p>\n<h2>Hayvan ve B\u00f6cek Tehlikesi Fark\u0131ndal\u0131\u011f\u0131n\u0131n \u00d6nemi<\/h2>\n<p>Fark\u0131nda olmak <strong>hayvan ve b\u00f6cek tehlikeleri<\/strong> mesele sadece g\u00fcvenlikle ilgili de\u011fil; do\u011fal d\u00fcnyayla sorumlu bir \u015fekilde bir arada ya\u015famakla ilgilidir. Kursumuz yaban hayat\u0131 ve b\u00f6ceklerle kar\u015f\u0131la\u015fma konusunda fark\u0131ndal\u0131\u011f\u0131n \u00f6nemini vurgulamaktad\u0131r. Zehirli y\u0131lanlardan hastal\u0131k ta\u015f\u0131yan kenelere kadar, neye bak\u0131laca\u011f\u0131n\u0131 ve nas\u0131l tepki verilece\u011fini bilmek b\u00fcy\u00fck fark yaratabilir.<\/p>\n<h2>Vah\u015fi Do\u011fadaki Tehlikelerin Belirlenmesi<\/h2>\n<p>Kursumuz en yayg\u0131n konulara derinlemesine bir dal\u0131\u015f yap\u0131yor <strong>hayvan ve b\u00f6cek tehlikeleri<\/strong> \u00e7e\u015fitli ortamlarda kar\u015f\u0131la\u015f\u0131l\u0131r. Zehirli yarat\u0131klar\u0131 tan\u0131mlamay\u0131, davran\u0131\u015flar\u0131n\u0131 anlamay\u0131 ve uyar\u0131 i\u015faretlerini tan\u0131may\u0131 \u00f6\u011frenin. \u0130ster kamp yap\u0131yor, ister y\u00fcr\u00fcy\u00fc\u015f yap\u0131yor, ister ke\u015fif yap\u0131yor olun, g\u00fcvende kalman\u0131z\u0131 ve potansiyel tehlikeleri \u00f6nlemenizi sa\u011flayacak bilgiyi edineceksiniz.<\/p>\n<h2>Riskleri En Aza \u0130ndirmek ve G\u00fcvende Kalmak<\/h2>\n<p>\u00d6nleme s\u00f6z konusu oldu\u011funda \u00e7ok \u00f6nemlidir <strong>hayvan ve b\u00f6cek tehlikeleri<\/strong>. Riskleri en aza indirmek, kendinizi ve sevdiklerinizi korumak i\u00e7in size pratik stratejiler \u00f6\u011fretece\u011fiz. Uygun k\u0131yafetten ilk yard\u0131m tekniklerine kadar her t\u00fcrl\u00fc beklenmedik kar\u015f\u0131la\u015fmayla ba\u015fa \u00e7\u0131kabilecek donan\u0131ma sahip olacaks\u0131n\u0131z. Bilgi en iyi savunman\u0131zd\u0131r.<\/p>\n<p>\u00c7al\u0131\u015fmalar\u0131m\u0131z\u0131 ba\u015far\u0131yla tamamlad\u0131ktan sonra <strong>Hayvan ve B\u00f6cek Tehlikeleri<\/strong> Elbette g\u00fcvenli\u011fe ve sorumlu a\u00e7\u0131k hava etkinliklerine olan ba\u011fl\u0131l\u0131\u011f\u0131n\u0131z\u0131 g\u00f6steren bir sertifika alacaks\u0131n\u0131z. \u0130ster hevesli bir macerac\u0131 olun ister sadece beklenmedik olaylara haz\u0131rl\u0131kl\u0131 olmak isteyin, kursumuz daha g\u00fcvenli ve daha bilgili bir deneyime a\u00e7\u0131lan kap\u0131n\u0131zd\u0131r.<\/p>\n<h2>Haberdar Olun, G\u00fcvende Kal\u0131n<\/h2>\n<p>Bilginin \u00f6nemini anlamak i\u00e7in tehlikeli bir kar\u015f\u0131la\u015fmay\u0131 beklemeyin. Kay\u0131t olun <strong>Hayvan ve B\u00f6cek Tehlikeleri<\/strong> Bug\u00fcn kursa kat\u0131l\u0131n ve daha g\u00fcvenli bir d\u0131\u015f mekan deneyimine do\u011fru ilk ad\u0131m\u0131 at\u0131n. Fark\u0131ndal\u0131\u011f\u0131n g\u00fcc\u00fcn\u00fc benimseyin ve maceralar\u0131n\u0131z\u0131n keyifli oldu\u011fu kadar g\u00fcvenli olmas\u0131n\u0131 da sa\u011flay\u0131n.<\/p>","protected":false},"excerpt":{"rendered":"<p>Vah\u015fi do\u011fay\u0131 g\u00fcvenle ke\u015ffedin! Hayvan ve B\u00f6cek Tehlikeleri kursumuz sizi do\u011fadaki potansiyel tehlikeleri tan\u0131mlamak ve bunlardan ka\u00e7\u0131nmak i\u00e7in gerekli becerilerle donat\u0131r. Sertifika al\u0131n ve a\u00e7\u0131k hava maceralar\u0131n\u0131z\u0131n hem heyecan verici hem de g\u00fcvenli olmas\u0131n\u0131 sa\u011flay\u0131n.<\/p>","protected":false},"featured_media":27128,"template":"","meta":{"_et_pb_use_builder":"","_et_pb_old_content":"","_et_gb_content_width":""},"product_brand":[],"product_cat":[174,143,150,153,156],"product_tag":[],"class_list":{"0":"post-28301","1":"product","2":"type-product","3":"status-publish","4":"has-post-thumbnail","6":"product_cat-environmental","7":"product_cat-health-and-safety","8":"product_cat-inspection","9":"product_cat-medical","10":"product_cat-occupational-health-and-safety","12":"first","13":"instock","14":"virtual","15":"sold-individually","16":"purchasable","17":"product-type-simple"},"yoast_head":"<!-- This site is optimized with the Yoast SEO plugin v27.3 - https:\/\/yoast.com\/product\/yoast-seo-wordpress\/ -->\n<title>Animal and Insect Hazards - Global Safety &amp; Environmental<\/title>\n<meta name=\"description\" content=\"Learn to stay safe in the outdoors with our Animal and Insect Hazard course. Gain vital knowledge and earn a certification for responsible adventures.\" \/>\n<meta name=\"robots\" content=\"index, follow, max-snippet:-1, max-image-preview:large, max-video-preview:-1\" \/>\n<link rel=\"canonical\" href=\"https:\/\/globaltraining.com\/tr\/urun\/hayvan-ve-bocek-tehlikeleri\/\" \/>\n<meta property=\"og:locale\" content=\"tr_TR\" \/>\n<meta property=\"og:type\" content=\"article\" \/>\n<meta property=\"og:title\" content=\"Animal and Insect Hazards - Global Safety &amp; Environmental\" \/>\n<meta property=\"og:description\" content=\"Learn to stay safe in the outdoors with our Animal and Insect Hazard course. Gain vital knowledge and earn a certification for responsible adventures.\" \/>\n<meta property=\"og:url\" content=\"https:\/\/globaltraining.com\/tr\/urun\/hayvan-ve-bocek-tehlikeleri\/\" \/>\n<meta property=\"og:site_name\" content=\"Global Safety &amp; Environmental\" \/>\n<meta property=\"article:modified_time\" content=\"2024-12-06T20:08:33+00:00\" \/>\n<meta property=\"og:image\" content=\"https:\/\/globaltraining.com\/wp-content\/uploads\/2021\/08\/iStock-1162834740.jpg\" \/>\n\t<meta property=\"og:image:width\" content=\"1200\" \/>\n\t<meta property=\"og:image:height\" content=\"800\" \/>\n\t<meta property=\"og:image:type\" content=\"image\/jpeg\" \/>\n<meta name=\"twitter:card\" content=\"summary_large_image\" \/>\n<meta name=\"twitter:label1\" content=\"Est. reading time\" \/>\n\t<meta name=\"twitter:data1\" content=\"2 minutes\" \/>\n<script type=\"application\/ld+json\" class=\"yoast-schema-graph\">{\"@context\":\"https:\\\/\\\/schema.org\",\"@graph\":[{\"@type\":\"WebPage\",\"@id\":\"https:\\\/\\\/globaltraining.com\\\/product\\\/animal-and-insect-hazards\\\/\",\"url\":\"https:\\\/\\\/globaltraining.com\\\/product\\\/animal-and-insect-hazards\\\/\",\"name\":\"Animal and Insect Hazards - Global Safety &amp; Environmental\",\"isPartOf\":{\"@id\":\"https:\\\/\\\/globaltraining.com\\\/#website\"},\"primaryImageOfPage\":{\"@id\":\"https:\\\/\\\/globaltraining.com\\\/product\\\/animal-and-insect-hazards\\\/#primaryimage\"},\"image\":{\"@id\":\"https:\\\/\\\/globaltraining.com\\\/product\\\/animal-and-insect-hazards\\\/#primaryimage\"},\"thumbnailUrl\":\"https:\\\/\\\/globaltraining.com\\\/wp-content\\\/uploads\\\/2021\\\/08\\\/iStock-1162834740.jpg\",\"datePublished\":\"2023-08-29T20:19:09+00:00\",\"dateModified\":\"2024-12-06T20:08:33+00:00\",\"description\":\"Learn to stay safe in the outdoors with our Animal and Insect Hazard course. Gain vital knowledge and earn a certification for responsible adventures.\",\"breadcrumb\":{\"@id\":\"https:\\\/\\\/globaltraining.com\\\/product\\\/animal-and-insect-hazards\\\/#breadcrumb\"},\"inLanguage\":\"tr-TR\",\"potentialAction\":[{\"@type\":\"ReadAction\",\"target\":[\"https:\\\/\\\/globaltraining.com\\\/product\\\/animal-and-insect-hazards\\\/\"]}]},{\"@type\":\"ImageObject\",\"inLanguage\":\"tr-TR\",\"@id\":\"https:\\\/\\\/globaltraining.com\\\/product\\\/animal-and-insect-hazards\\\/#primaryimage\",\"url\":\"https:\\\/\\\/globaltraining.com\\\/wp-content\\\/uploads\\\/2021\\\/08\\\/iStock-1162834740.jpg\",\"contentUrl\":\"https:\\\/\\\/globaltraining.com\\\/wp-content\\\/uploads\\\/2021\\\/08\\\/iStock-1162834740.jpg\",\"width\":1200,\"height\":800,\"caption\":\"Animal and Insect Hazards\"},{\"@type\":\"BreadcrumbList\",\"@id\":\"https:\\\/\\\/globaltraining.com\\\/product\\\/animal-and-insect-hazards\\\/#breadcrumb\",\"itemListElement\":[{\"@type\":\"ListItem\",\"position\":1,\"name\":\"Home\",\"item\":\"https:\\\/\\\/globaltraining.com\\\/\"},{\"@type\":\"ListItem\",\"position\":2,\"name\":\"Productos\",\"item\":\"https:\\\/\\\/globaltraining.com\\\/es\\\/shop\\\/\"},{\"@type\":\"ListItem\",\"position\":3,\"name\":\"Animal and Insect Hazards\"}]},{\"@type\":\"WebSite\",\"@id\":\"https:\\\/\\\/globaltraining.com\\\/#website\",\"url\":\"https:\\\/\\\/globaltraining.com\\\/\",\"name\":\"Global Safety & Environmental\",\"description\":\"Full Service Health, Safety, and Environmental Courses\",\"publisher\":{\"@id\":\"https:\\\/\\\/globaltraining.com\\\/#organization\"},\"potentialAction\":[{\"@type\":\"SearchAction\",\"target\":{\"@type\":\"EntryPoint\",\"urlTemplate\":\"https:\\\/\\\/globaltraining.com\\\/?s={search_term_string}\"},\"query-input\":{\"@type\":\"PropertyValueSpecification\",\"valueRequired\":true,\"valueName\":\"search_term_string\"}}],\"inLanguage\":\"tr-TR\"},{\"@type\":\"Organization\",\"@id\":\"https:\\\/\\\/globaltraining.com\\\/#organization\",\"name\":\"Global Safety & Environmental\",\"url\":\"https:\\\/\\\/globaltraining.com\\\/\",\"logo\":{\"@type\":\"ImageObject\",\"inLanguage\":\"tr-TR\",\"@id\":\"https:\\\/\\\/globaltraining.com\\\/#\\\/schema\\\/logo\\\/image\\\/\",\"url\":\"https:\\\/\\\/globaltraining.com\\\/wp-content\\\/uploads\\\/2021\\\/01\\\/GSE-Logo-for-email.png\",\"contentUrl\":\"https:\\\/\\\/globaltraining.com\\\/wp-content\\\/uploads\\\/2021\\\/01\\\/GSE-Logo-for-email.png\",\"width\":400,\"height\":101,\"caption\":\"Global Safety & Environmental\"},\"image\":{\"@id\":\"https:\\\/\\\/globaltraining.com\\\/#\\\/schema\\\/logo\\\/image\\\/\"}}]}<\/script>\n<!-- \/ Yoast SEO plugin. -->","yoast_head_json":{"title":"Hayvan ve B\u00f6cek Tehlikeleri - K\u00fcresel G\u00fcvenlik ve \u00c7evre","description":"Hayvan ve B\u00f6cek Tehlikesi kursumuzla a\u00e7\u0131k havada g\u00fcvende kalmay\u0131 \u00f6\u011frenin. Hayati bilgiler edinin ve sorumlu maceralar i\u00e7in sertifika kazan\u0131n.","robots":{"index":"index","follow":"follow","max-snippet":"max-snippet:-1","max-image-preview":"max-image-preview:large","max-video-preview":"max-video-preview:-1"},"canonical":"https:\/\/globaltraining.com\/tr\/urun\/hayvan-ve-bocek-tehlikeleri\/","og_locale":"tr_TR","og_type":"article","og_title":"Animal and Insect Hazards - Global Safety &amp; Environmental","og_description":"Learn to stay safe in the outdoors with our Animal and Insect Hazard course. Gain vital knowledge and earn a certification for responsible adventures.","og_url":"https:\/\/globaltraining.com\/tr\/urun\/hayvan-ve-bocek-tehlikeleri\/","og_site_name":"Global Safety &amp; Environmental","article_modified_time":"2024-12-06T20:08:33+00:00","og_image":[{"width":1200,"height":800,"url":"https:\/\/globaltraining.com\/wp-content\/uploads\/2021\/08\/iStock-1162834740.jpg","type":"image\/jpeg"}],"twitter_card":"summary_large_image","twitter_misc":{"Est. reading time":"2 minutes"},"schema":{"@context":"https:\/\/schema.org","@graph":[{"@type":"WebPage","@id":"https:\/\/globaltraining.com\/product\/animal-and-insect-hazards\/","url":"https:\/\/globaltraining.com\/product\/animal-and-insect-hazards\/","name":"Hayvan ve B\u00f6cek Tehlikeleri - K\u00fcresel G\u00fcvenlik ve \u00c7evre","isPartOf":{"@id":"https:\/\/globaltraining.com\/#website"},"primaryImageOfPage":{"@id":"https:\/\/globaltraining.com\/product\/animal-and-insect-hazards\/#primaryimage"},"image":{"@id":"https:\/\/globaltraining.com\/product\/animal-and-insect-hazards\/#primaryimage"},"thumbnailUrl":"https:\/\/globaltraining.com\/wp-content\/uploads\/2021\/08\/iStock-1162834740.jpg","datePublished":"2023-08-29T20:19:09+00:00","dateModified":"2024-12-06T20:08:33+00:00","description":"Hayvan ve B\u00f6cek Tehlikesi kursumuzla a\u00e7\u0131k havada g\u00fcvende kalmay\u0131 \u00f6\u011frenin. Hayati bilgiler edinin ve sorumlu maceralar i\u00e7in sertifika kazan\u0131n.","breadcrumb":{"@id":"https:\/\/globaltraining.com\/product\/animal-and-insect-hazards\/#breadcrumb"},"inLanguage":"tr-TR","potentialAction":[{"@type":"ReadAction","target":["https:\/\/globaltraining.com\/product\/animal-and-insect-hazards\/"]}]},{"@type":"ImageObject","inLanguage":"tr-TR","@id":"https:\/\/globaltraining.com\/product\/animal-and-insect-hazards\/#primaryimage","url":"https:\/\/globaltraining.com\/wp-content\/uploads\/2021\/08\/iStock-1162834740.jpg","contentUrl":"https:\/\/globaltraining.com\/wp-content\/uploads\/2021\/08\/iStock-1162834740.jpg","width":1200,"height":800,"caption":"Animal and Insect Hazards"},{"@type":"BreadcrumbList","@id":"https:\/\/globaltraining.com\/product\/animal-and-insect-hazards\/#breadcrumb","itemListElement":[{"@type":"ListItem","position":1,"name":"Home","item":"https:\/\/globaltraining.com\/"},{"@type":"ListItem","position":2,"name":"Productos","item":"https:\/\/globaltraining.com\/es\/shop\/"},{"@type":"ListItem","position":3,"name":"Animal and Insect Hazards"}]},{"@type":"WebSite","@id":"https:\/\/globaltraining.com\/#website","url":"https:\/\/globaltraining.com\/","name":"K\u00fcresel G\u00fcvenlik ve \u00c7evre","description":"Tam Hizmet Sa\u011fl\u0131k, G\u00fcvenlik ve \u00c7evre Kurslar\u0131","publisher":{"@id":"https:\/\/globaltraining.com\/#organization"},"potentialAction":[{"@type":"SearchAction","target":{"@type":"EntryPoint","urlTemplate":"https:\/\/globaltraining.com\/?s={search_term_string}"},"query-input":{"@type":"PropertyValueSpecification","valueRequired":true,"valueName":"search_term_string"}}],"inLanguage":"tr-TR"},{"@type":"Organization","@id":"https:\/\/globaltraining.com\/#organization","name":"K\u00fcresel G\u00fcvenlik ve \u00c7evre","url":"https:\/\/globaltraining.com\/","logo":{"@type":"ImageObject","inLanguage":"tr-TR","@id":"https:\/\/globaltraining.com\/#\/schema\/logo\/image\/","url":"https:\/\/globaltraining.com\/wp-content\/uploads\/2021\/01\/GSE-Logo-for-email.png","contentUrl":"https:\/\/globaltraining.com\/wp-content\/uploads\/2021\/01\/GSE-Logo-for-email.png","width":400,"height":101,"caption":"Global Safety & Environmental"},"image":{"@id":"https:\/\/globaltraining.com\/#\/schema\/logo\/image\/"}}]}},"_links":{"self":[{"href":"https:\/\/globaltraining.com\/tr\/wp-json\/wp\/v2\/product\/28301","targetHints":{"allow":["GET"]}}],"collection":[{"href":"https:\/\/globaltraining.com\/tr\/wp-json\/wp\/v2\/product"}],"about":[{"href":"https:\/\/globaltraining.com\/tr\/wp-json\/wp\/v2\/types\/product"}],"wp:featuredmedia":[{"embeddable":true,"href":"https:\/\/globaltraining.com\/tr\/wp-json\/wp\/v2\/media\/27128"}],"wp:attachment":[{"href":"https:\/\/globaltraining.com\/tr\/wp-json\/wp\/v2\/media?parent=28301"}],"wp:term":[{"taxonomy":"product_brand","embeddable":true,"href":"https:\/\/globaltraining.com\/tr\/wp-json\/wp\/v2\/product_brand?post=28301"},{"taxonomy":"product_cat","embeddable":true,"href":"https:\/\/globaltraining.com\/tr\/wp-json\/wp\/v2\/product_cat?post=28301"},{"taxonomy":"product_tag","embeddable":true,"href":"https:\/\/globaltraining.com\/tr\/wp-json\/wp\/v2\/product_tag?post=28301"}],"curies":[{"name":"wp","href":"https:\/\/api.w.org\/{rel}","templated":true}]}}