{"id":28300,"date":"2023-08-29T15:18:18","date_gmt":"2023-08-29T20:18:18","guid":{"rendered":"https:\/\/globaltraining.com\/?post_type=product&#038;p=28300"},"modified":"2024-12-06T14:12:10","modified_gmt":"2024-12-06T20:12:10","slug":"ofke-kontrolu-egitimi","status":"publish","type":"product","link":"https:\/\/globaltraining.com\/tr\/product\/anger-management-training\/","title":{"rendered":"\u00d6fke Y\u00f6netimi E\u011fitimi"},"content":{"rendered":"<h2>Etkili \u00d6fke Y\u00f6netimi E\u011fitimi<\/h2>\n<p>Duygular\u0131n\u0131z \u00fczerinde yeniden kontrol sahibi olman\u0131z\u0131 sa\u011flayacak de\u011ferli teknikleri ve stratejileri \u00f6\u011frenece\u011finiz kapsaml\u0131 kursumuza ho\u015f geldiniz. \u00d6fke g\u00fc\u00e7l\u00fc bir duygudur ve onu y\u00f6netmek daha sa\u011fl\u0131kl\u0131 ve mutlu bir ya\u015fam i\u00e7in \u015fartt\u0131r. Bu rehberimizde \u00f6fke y\u00f6netiminin \u00f6nemini, etkili \u00f6fke kontrol y\u00f6ntemlerini ve profesyonel \u00f6fke y\u00f6netimi e\u011fitiminin faydalar\u0131n\u0131 ele alaca\u011f\u0131z.<\/p>\n<h2>\u00d6fke Y\u00f6netimi E\u011fitiminin \u00d6nemi<\/h2>\n<p>\u00d6fke y\u00f6netimi g\u00fcn\u00fcm\u00fcz\u00fcn h\u0131zl\u0131 d\u00fcnyas\u0131nda \u00e7ok \u00f6nemli bir beceridir. Kontrols\u00fcz \u00f6fke ki\u015fisel ili\u015fkilerinizi, i\u015f ya\u015fam\u0131n\u0131z\u0131 ve genel refah\u0131n\u0131z\u0131 olumsuz y\u00f6nde etkileyebilir. \u00d6fkenizi etkili bir \u015fekilde y\u00f6netmeyi ve kanalize etmeyi \u00f6\u011frenmek, zihinsel ve fiziksel sa\u011fl\u0131\u011f\u0131n iyile\u015fmesine, stresin azalmas\u0131na ve etraf\u0131n\u0131zdakilerle daha iyi ileti\u015fim kurulmas\u0131na yol a\u00e7abilir.<\/p>\n<h2>Etkili \u00d6fke Kontrol Teknikleri<\/h2>\n<p>\u00d6fke kontrol\u00fc, tetikleyicileri tan\u0131mak ve \u00f6fkeyi t\u0131rmanmadan \u00f6nce etkisiz hale getirmek i\u00e7in stratejiler uygulamakla ilgilidir. Derin nefes egzersizleri, fark\u0131ndal\u0131k ve bili\u015fsel yeniden yap\u0131lanmay\u0131 i\u00e7erir. Kursumuz size \u00f6fke tetikleyicilerinizi nas\u0131l tan\u0131mlayaca\u011f\u0131n\u0131z\u0131 ve onlara sa\u011fl\u0131kl\u0131 ve yap\u0131c\u0131 bir \u015fekilde nas\u0131l yan\u0131t verece\u011finizi \u00f6\u011fretecektir. Duygular\u0131n\u0131z\u0131n kontrol\u00fcn\u00fc yeniden kazanman\u0131za yard\u0131mc\u0131 olacak meditasyon ve rahatlama egzersizleri gibi zihninizi sakinle\u015ftirecek teknikleri ke\u015ffedeceksiniz.<\/p>\n<h2>\u00d6fke Kontrol\u00fc E\u011fitiminin Faydalar\u0131<\/h2>\n<p>Profesyonel \u00f6fke y\u00f6netimi e\u011fitimine kaydolmak \u00e7ok say\u0131da avantaj sunar. \u00d6fkenizin temel nedenlerini anlama, ba\u015fa \u00e7\u0131kma mekanizmalar\u0131 geli\u015ftirme ve ileti\u015fim becerilerinizi geli\u015ftirme konusunda uzman rehberli\u011fi ve deste\u011fi alacaks\u0131n\u0131z. E\u011fitim program\u0131m\u0131z sizi ger\u00e7ek hayattaki durumlara uygulanabilecek pratik ara\u00e7larla donatmak i\u00e7in tasarlanm\u0131\u015ft\u0131r.<\/p>\n<p>Kurs boyunca \u015funlar\u0131 nas\u0131l yapaca\u011f\u0131n\u0131z\u0131 \u00f6\u011freneceksiniz:<\/p>\n<ul>\n<li>\u00d6fke tetikleyicilerini tan\u0131mlay\u0131n ve y\u00f6netin<\/li>\n<li>Etkili ileti\u015fim uygulay\u0131n<\/li>\n<li>Duygusal zekay\u0131 geli\u015ftirin<\/li>\n<li>Problem \u00e7\u00f6zme becerilerini geli\u015ftirin<\/li>\n<\/ul>\n<p>\u00d6fke y\u00f6netimi kursumuzu tamamlad\u0131\u011f\u0131n\u0131zda, yaln\u0131zca de\u011ferli bilgiler kazanmakla kalmayacak, ayn\u0131 zamanda ki\u015fisel geli\u015fim ve duygusal sa\u011fl\u0131\u011fa olan ba\u011fl\u0131l\u0131\u011f\u0131n\u0131z\u0131 takdir eden bir sertifika da alacaks\u0131n\u0131z.<\/p>\n<h2>Bug\u00fcn \u00d6fkenizi Kontrol Alt\u0131na Al\u0131n<\/h2>\n<p>\u00d6fkenin sizi kontrol etmesine izin vermeyin; onun yerine kontrol\u00fc ele al\u0131n. Kursumuz daha sakin, daha tatmin edici bir hayata giden yolunuzdur. \u015eimdi kaydolun ve daha sa\u011fl\u0131kl\u0131 ve daha mutlu bir kendinize do\u011fru yolculu\u011funuza ba\u015flay\u0131n. Etkili \u00f6fke y\u00f6netiminin g\u00fcc\u00fcn\u00fc benimseyin ve daha parlak bir gelece\u011fin kilidini a\u00e7\u0131n.<\/p>","protected":false},"excerpt":{"rendered":"<p>Kapsaml\u0131 kursumuzla \u00f6fke y\u00f6netimi sanat\u0131n\u0131 ke\u015ffedin. De\u011ferli beceriler kazan\u0131n, duygusal dengeye ula\u015f\u0131n ve sertifika kazan\u0131n. Daha mutlu olmak i\u00e7in yolculu\u011funuza bug\u00fcn ba\u015flay\u0131n!<\/p>","protected":false},"featured_media":27132,"template":"","meta":{"_et_pb_use_builder":"","_et_pb_old_content":"","_et_gb_content_width":""},"product_brand":[],"product_cat":[143,163,173],"product_tag":[],"class_list":{"0":"post-28300","1":"product","2":"type-product","3":"status-publish","4":"has-post-thumbnail","6":"product_cat-health-and-safety","7":"product_cat-safety-admin","8":"product_cat-workplace-violence","10":"first","11":"instock","12":"virtual","13":"sold-individually","14":"purchasable","15":"product-type-simple"},"yoast_head":"<!-- This site is optimized with the Yoast SEO plugin v27.3 - https:\/\/yoast.com\/product\/yoast-seo-wordpress\/ -->\n<title>Anger Management Training - Global Safety &amp; Environmental<\/title>\n<meta name=\"description\" content=\"Learn effective anger management techniques in our comprehensive course. Regain control of your emotions and improve your life.\" \/>\n<meta name=\"robots\" content=\"index, follow, max-snippet:-1, max-image-preview:large, max-video-preview:-1\" \/>\n<link rel=\"canonical\" href=\"https:\/\/globaltraining.com\/tr\/urun\/ofke-kontrolu-egitimi\/\" \/>\n<meta property=\"og:locale\" content=\"tr_TR\" \/>\n<meta property=\"og:type\" content=\"article\" \/>\n<meta property=\"og:title\" content=\"Anger Management Training - Global Safety &amp; Environmental\" \/>\n<meta property=\"og:description\" content=\"Learn effective anger management techniques in our comprehensive course. Regain control of your emotions and improve your life.\" \/>\n<meta property=\"og:url\" content=\"https:\/\/globaltraining.com\/tr\/urun\/ofke-kontrolu-egitimi\/\" \/>\n<meta property=\"og:site_name\" content=\"Global Safety &amp; Environmental\" \/>\n<meta property=\"article:modified_time\" content=\"2024-12-06T20:12:10+00:00\" \/>\n<meta property=\"og:image\" content=\"https:\/\/globaltraining.com\/wp-content\/uploads\/2021\/08\/anger-management.jpg\" \/>\n\t<meta property=\"og:image:width\" content=\"1200\" \/>\n\t<meta property=\"og:image:height\" content=\"800\" \/>\n\t<meta property=\"og:image:type\" content=\"image\/jpeg\" \/>\n<meta name=\"twitter:card\" content=\"summary_large_image\" \/>\n<meta name=\"twitter:label1\" content=\"Est. reading time\" \/>\n\t<meta name=\"twitter:data1\" content=\"2 minutes\" \/>\n<script type=\"application\/ld+json\" class=\"yoast-schema-graph\">{\"@context\":\"https:\\\/\\\/schema.org\",\"@graph\":[{\"@type\":\"WebPage\",\"@id\":\"https:\\\/\\\/globaltraining.com\\\/product\\\/anger-management-training\\\/\",\"url\":\"https:\\\/\\\/globaltraining.com\\\/product\\\/anger-management-training\\\/\",\"name\":\"Anger Management Training - Global Safety &amp; Environmental\",\"isPartOf\":{\"@id\":\"https:\\\/\\\/globaltraining.com\\\/#website\"},\"primaryImageOfPage\":{\"@id\":\"https:\\\/\\\/globaltraining.com\\\/product\\\/anger-management-training\\\/#primaryimage\"},\"image\":{\"@id\":\"https:\\\/\\\/globaltraining.com\\\/product\\\/anger-management-training\\\/#primaryimage\"},\"thumbnailUrl\":\"https:\\\/\\\/globaltraining.com\\\/wp-content\\\/uploads\\\/2021\\\/08\\\/anger-management.jpg\",\"datePublished\":\"2023-08-29T20:18:18+00:00\",\"dateModified\":\"2024-12-06T20:12:10+00:00\",\"description\":\"Learn effective anger management techniques in our comprehensive course. Regain control of your emotions and improve your life.\",\"breadcrumb\":{\"@id\":\"https:\\\/\\\/globaltraining.com\\\/product\\\/anger-management-training\\\/#breadcrumb\"},\"inLanguage\":\"tr-TR\",\"potentialAction\":[{\"@type\":\"ReadAction\",\"target\":[\"https:\\\/\\\/globaltraining.com\\\/product\\\/anger-management-training\\\/\"]}]},{\"@type\":\"ImageObject\",\"inLanguage\":\"tr-TR\",\"@id\":\"https:\\\/\\\/globaltraining.com\\\/product\\\/anger-management-training\\\/#primaryimage\",\"url\":\"https:\\\/\\\/globaltraining.com\\\/wp-content\\\/uploads\\\/2021\\\/08\\\/anger-management.jpg\",\"contentUrl\":\"https:\\\/\\\/globaltraining.com\\\/wp-content\\\/uploads\\\/2021\\\/08\\\/anger-management.jpg\",\"width\":1200,\"height\":800,\"caption\":\"Anger Management\"},{\"@type\":\"BreadcrumbList\",\"@id\":\"https:\\\/\\\/globaltraining.com\\\/product\\\/anger-management-training\\\/#breadcrumb\",\"itemListElement\":[{\"@type\":\"ListItem\",\"position\":1,\"name\":\"Home\",\"item\":\"https:\\\/\\\/globaltraining.com\\\/\"},{\"@type\":\"ListItem\",\"position\":2,\"name\":\"Productos\",\"item\":\"https:\\\/\\\/globaltraining.com\\\/es\\\/shop\\\/\"},{\"@type\":\"ListItem\",\"position\":3,\"name\":\"Anger Management Training\"}]},{\"@type\":\"WebSite\",\"@id\":\"https:\\\/\\\/globaltraining.com\\\/#website\",\"url\":\"https:\\\/\\\/globaltraining.com\\\/\",\"name\":\"Global Safety & Environmental\",\"description\":\"Full Service Health, Safety, and Environmental Courses\",\"publisher\":{\"@id\":\"https:\\\/\\\/globaltraining.com\\\/#organization\"},\"potentialAction\":[{\"@type\":\"SearchAction\",\"target\":{\"@type\":\"EntryPoint\",\"urlTemplate\":\"https:\\\/\\\/globaltraining.com\\\/?s={search_term_string}\"},\"query-input\":{\"@type\":\"PropertyValueSpecification\",\"valueRequired\":true,\"valueName\":\"search_term_string\"}}],\"inLanguage\":\"tr-TR\"},{\"@type\":\"Organization\",\"@id\":\"https:\\\/\\\/globaltraining.com\\\/#organization\",\"name\":\"Global Safety & Environmental\",\"url\":\"https:\\\/\\\/globaltraining.com\\\/\",\"logo\":{\"@type\":\"ImageObject\",\"inLanguage\":\"tr-TR\",\"@id\":\"https:\\\/\\\/globaltraining.com\\\/#\\\/schema\\\/logo\\\/image\\\/\",\"url\":\"https:\\\/\\\/globaltraining.com\\\/wp-content\\\/uploads\\\/2021\\\/01\\\/GSE-Logo-for-email.png\",\"contentUrl\":\"https:\\\/\\\/globaltraining.com\\\/wp-content\\\/uploads\\\/2021\\\/01\\\/GSE-Logo-for-email.png\",\"width\":400,\"height\":101,\"caption\":\"Global Safety & Environmental\"},\"image\":{\"@id\":\"https:\\\/\\\/globaltraining.com\\\/#\\\/schema\\\/logo\\\/image\\\/\"}}]}<\/script>\n<!-- \/ Yoast SEO plugin. -->","yoast_head_json":{"title":"\u00d6fke Y\u00f6netimi E\u011fitimi - K\u00fcresel G\u00fcvenlik ve \u00c7evre","description":"Kapsaml\u0131 kursumuzda etkili \u00f6fke y\u00f6netimi tekniklerini \u00f6\u011frenin. Duygular\u0131n\u0131z\u0131n kontrol\u00fcn\u00fc yeniden kazan\u0131n ve hayat\u0131n\u0131z\u0131 iyile\u015ftirin.","robots":{"index":"index","follow":"follow","max-snippet":"max-snippet:-1","max-image-preview":"max-image-preview:large","max-video-preview":"max-video-preview:-1"},"canonical":"https:\/\/globaltraining.com\/tr\/urun\/ofke-kontrolu-egitimi\/","og_locale":"tr_TR","og_type":"article","og_title":"Anger Management Training - Global Safety &amp; Environmental","og_description":"Learn effective anger management techniques in our comprehensive course. Regain control of your emotions and improve your life.","og_url":"https:\/\/globaltraining.com\/tr\/urun\/ofke-kontrolu-egitimi\/","og_site_name":"Global Safety &amp; Environmental","article_modified_time":"2024-12-06T20:12:10+00:00","og_image":[{"width":1200,"height":800,"url":"https:\/\/globaltraining.com\/wp-content\/uploads\/2021\/08\/anger-management.jpg","type":"image\/jpeg"}],"twitter_card":"summary_large_image","twitter_misc":{"Est. reading time":"2 minutes"},"schema":{"@context":"https:\/\/schema.org","@graph":[{"@type":"WebPage","@id":"https:\/\/globaltraining.com\/product\/anger-management-training\/","url":"https:\/\/globaltraining.com\/product\/anger-management-training\/","name":"\u00d6fke Y\u00f6netimi E\u011fitimi - K\u00fcresel G\u00fcvenlik ve \u00c7evre","isPartOf":{"@id":"https:\/\/globaltraining.com\/#website"},"primaryImageOfPage":{"@id":"https:\/\/globaltraining.com\/product\/anger-management-training\/#primaryimage"},"image":{"@id":"https:\/\/globaltraining.com\/product\/anger-management-training\/#primaryimage"},"thumbnailUrl":"https:\/\/globaltraining.com\/wp-content\/uploads\/2021\/08\/anger-management.jpg","datePublished":"2023-08-29T20:18:18+00:00","dateModified":"2024-12-06T20:12:10+00:00","description":"Kapsaml\u0131 kursumuzda etkili \u00f6fke y\u00f6netimi tekniklerini \u00f6\u011frenin. Duygular\u0131n\u0131z\u0131n kontrol\u00fcn\u00fc yeniden kazan\u0131n ve hayat\u0131n\u0131z\u0131 iyile\u015ftirin.","breadcrumb":{"@id":"https:\/\/globaltraining.com\/product\/anger-management-training\/#breadcrumb"},"inLanguage":"tr-TR","potentialAction":[{"@type":"ReadAction","target":["https:\/\/globaltraining.com\/product\/anger-management-training\/"]}]},{"@type":"ImageObject","inLanguage":"tr-TR","@id":"https:\/\/globaltraining.com\/product\/anger-management-training\/#primaryimage","url":"https:\/\/globaltraining.com\/wp-content\/uploads\/2021\/08\/anger-management.jpg","contentUrl":"https:\/\/globaltraining.com\/wp-content\/uploads\/2021\/08\/anger-management.jpg","width":1200,"height":800,"caption":"Anger Management"},{"@type":"BreadcrumbList","@id":"https:\/\/globaltraining.com\/product\/anger-management-training\/#breadcrumb","itemListElement":[{"@type":"ListItem","position":1,"name":"Home","item":"https:\/\/globaltraining.com\/"},{"@type":"ListItem","position":2,"name":"Productos","item":"https:\/\/globaltraining.com\/es\/shop\/"},{"@type":"ListItem","position":3,"name":"Anger Management Training"}]},{"@type":"WebSite","@id":"https:\/\/globaltraining.com\/#website","url":"https:\/\/globaltraining.com\/","name":"K\u00fcresel G\u00fcvenlik ve \u00c7evre","description":"Tam Hizmet Sa\u011fl\u0131k, G\u00fcvenlik ve \u00c7evre Kurslar\u0131","publisher":{"@id":"https:\/\/globaltraining.com\/#organization"},"potentialAction":[{"@type":"SearchAction","target":{"@type":"EntryPoint","urlTemplate":"https:\/\/globaltraining.com\/?s={search_term_string}"},"query-input":{"@type":"PropertyValueSpecification","valueRequired":true,"valueName":"search_term_string"}}],"inLanguage":"tr-TR"},{"@type":"Organization","@id":"https:\/\/globaltraining.com\/#organization","name":"K\u00fcresel G\u00fcvenlik ve \u00c7evre","url":"https:\/\/globaltraining.com\/","logo":{"@type":"ImageObject","inLanguage":"tr-TR","@id":"https:\/\/globaltraining.com\/#\/schema\/logo\/image\/","url":"https:\/\/globaltraining.com\/wp-content\/uploads\/2021\/01\/GSE-Logo-for-email.png","contentUrl":"https:\/\/globaltraining.com\/wp-content\/uploads\/2021\/01\/GSE-Logo-for-email.png","width":400,"height":101,"caption":"Global Safety & Environmental"},"image":{"@id":"https:\/\/globaltraining.com\/#\/schema\/logo\/image\/"}}]}},"_links":{"self":[{"href":"https:\/\/globaltraining.com\/tr\/wp-json\/wp\/v2\/product\/28300","targetHints":{"allow":["GET"]}}],"collection":[{"href":"https:\/\/globaltraining.com\/tr\/wp-json\/wp\/v2\/product"}],"about":[{"href":"https:\/\/globaltraining.com\/tr\/wp-json\/wp\/v2\/types\/product"}],"wp:featuredmedia":[{"embeddable":true,"href":"https:\/\/globaltraining.com\/tr\/wp-json\/wp\/v2\/media\/27132"}],"wp:attachment":[{"href":"https:\/\/globaltraining.com\/tr\/wp-json\/wp\/v2\/media?parent=28300"}],"wp:term":[{"taxonomy":"product_brand","embeddable":true,"href":"https:\/\/globaltraining.com\/tr\/wp-json\/wp\/v2\/product_brand?post=28300"},{"taxonomy":"product_cat","embeddable":true,"href":"https:\/\/globaltraining.com\/tr\/wp-json\/wp\/v2\/product_cat?post=28300"},{"taxonomy":"product_tag","embeddable":true,"href":"https:\/\/globaltraining.com\/tr\/wp-json\/wp\/v2\/product_tag?post=28300"}],"curies":[{"name":"wp","href":"https:\/\/api.w.org\/{rel}","templated":true}]}}