{"id":28297,"date":"2023-08-29T15:15:35","date_gmt":"2023-08-29T20:15:35","guid":{"rendered":"https:\/\/globaltraining.com\/?post_type=product&#038;p=28297"},"modified":"2024-12-06T14:15:55","modified_gmt":"2024-12-06T20:15:55","slug":"engelli-amerikalilar-kanun-egitimi","status":"publish","type":"product","link":"https:\/\/globaltraining.com\/tr\/product\/americans-with-disabilities-act-training\/","title":{"rendered":"Engelli Amerikal\u0131lar Yasas\u0131 E\u011fitimi"},"content":{"rendered":"<h2>Engelli Amerikal\u0131lar Yasas\u0131<\/h2>\n<p>Kapsaml\u0131 Engelli Amerikal\u0131lar Yasas\u0131 (ADA) e\u011fitim program\u0131m\u0131za ho\u015f geldiniz. ADA uyumlulu\u011fu yaln\u0131zca yasal bir gereklilik de\u011fildir; bu kapsay\u0131c\u0131l\u0131k taahh\u00fcd\u00fcd\u00fcr. Bu k\u0131lavuzda Engelli Amerikal\u0131lar Yasas\u0131 sertifikasyonunun \u00f6nemini ve ADA Ba\u015fl\u0131k II e\u011fitiminin kritik y\u00f6nlerini inceleyece\u011fiz.<\/p>\n<h2>Engelli Amerikal\u0131lar\u0131n \u00d6nemi Yasas\u0131 E\u011fitimi<\/h2>\n<p>Engelli Amerikal\u0131lar Yasas\u0131 (ADA) e\u011fitimi herkes i\u00e7in eri\u015filebilir ortamlar yaratmak a\u00e7\u0131s\u0131ndan hayati \u00f6neme sahiptir. Bu e\u011fitim, bireyleri ve kurulu\u015flar\u0131 ADA d\u00fczenlemelerinde gezinmek, e\u015fit f\u0131rsatlar\u0131 te\u015fvik ederken yasal riskleri azaltmak i\u00e7in gerekli bilgilerle donat\u0131r.<\/p>\n<h2>Engelli Amerikal\u0131lar Yasas\u0131 Sertifikas\u0131<\/h2>\n<p>ADA uyumlulu\u011fu konusundaki uzmanl\u0131klar\u0131n\u0131 geli\u015ftirmek isteyenler i\u00e7in Engelli Amerikal\u0131lar Yasas\u0131 sertifikasyonu ilerlemenin yoludur. Sertifikasyon, temel e\u011fitimin \u00f6tesine ge\u00e7erek derinlemesine bilgi sa\u011flar ve ADA uyumlulu\u011funa olan ba\u011fl\u0131l\u0131\u011f\u0131n\u0131z\u0131n resmi olarak tan\u0131nmas\u0131n\u0131 sa\u011flar.<\/p>\n<h2>ADA Ba\u015fl\u0131k II E\u011fitimi<\/h2>\n<p>ADA Ba\u015fl\u0131k II e\u011fitimi \u00f6zellikle eyalet ve yerel h\u00fck\u00fcmet kurumlar\u0131na y\u00f6nelik olup program ve hizmetlerinin engelli bireyler i\u00e7in eri\u015filebilir olmas\u0131n\u0131 sa\u011flar. Bu e\u011fitim, kamu hizmeti sorumluluklar\u0131n\u0131n ve ADA d\u00fczenlemelerine uygunlu\u011fun \u00f6z\u00fcne de\u011findi\u011finden kamu sekt\u00f6r\u00fc profesyonelleri i\u00e7in kritik \u00f6neme sahiptir.<\/p>\n<p>ADA Ba\u015fl\u0131k II e\u011fitiminde kat\u0131l\u0131mc\u0131lar ADA Ba\u015fl\u0131k II gerekliliklerini, etkili ileti\u015fim stratejilerini, makul d\u00fczenlemeleri ve uyumluluk stratejilerini anlama konusunda uzmanl\u0131k kazan\u0131rlar. Bu bilgi, devlet \u00e7al\u0131\u015fanlar\u0131n\u0131n ve kurumlar\u0131n\u0131n yasal y\u00fck\u00fcml\u00fcl\u00fcklerini yerine getirirken daha kapsay\u0131c\u0131 bir topluma aktif olarak katk\u0131da bulunmalar\u0131n\u0131 sa\u011flar.<\/p>\n<h2>ADA E\u011fitimi ve Sertifikasyonunun Tam Potansiyelini Ortaya \u00c7\u0131kar\u0131n<\/h2>\n<p>Art\u0131k ADA e\u011fitiminin ve sertifikasyonunun \u00f6nemini anlad\u0131\u011f\u0131n\u0131za g\u00f6re harekete ge\u00e7me zaman\u0131. Kapsaml\u0131 ADA e\u011fitim program\u0131m\u0131za kaydolun ve kurulu\u015funuzda de\u011fi\u015fimin kataliz\u00f6r\u00fc olun. Kapsay\u0131c\u0131l\u0131\u011f\u0131 te\u015fvik edin, yasal tuzaklardan ka\u00e7\u0131n\u0131n ve herkes i\u00e7in eri\u015filebilir ortamlar yarat\u0131n.<\/p>\n<p>Kal\u0131c\u0131 bir etki yaratmak i\u00e7in bu f\u0131rsat\u0131 ka\u00e7\u0131rmay\u0131n. \u015eimdi kaydolun ve ADA m\u00fckemmelli\u011fine giden yola \u00e7\u0131k\u0131n.<\/p>","protected":false},"excerpt":{"rendered":"<p>Engelli Amerikal\u0131lar Yasas\u0131 (ADA) e\u011fitimimizle uzmanl\u0131\u011f\u0131n\u0131z\u0131 geli\u015ftirin. Sertifika al\u0131n ve ADA Ba\u015fl\u0131k II uyumlulu\u011fu hakk\u0131nda derinlemesine bilgi edinin. Kapsay\u0131c\u0131l\u0131k yolculu\u011funuza bug\u00fcn ba\u015flay\u0131n!<\/p>","protected":false},"featured_media":27134,"template":"","meta":{"_et_pb_use_builder":"","_et_pb_old_content":"","_et_gb_content_width":""},"product_brand":[],"product_cat":[117,126,127,143,148],"product_tag":[],"class_list":{"0":"post-28297","1":"product","2":"type-product","3":"status-publish","4":"has-post-thumbnail","6":"product_cat-ada","7":"product_cat-disability","8":"product_cat-diversity","9":"product_cat-health-and-safety","10":"product_cat-hr","12":"first","13":"instock","14":"virtual","15":"sold-individually","16":"purchasable","17":"product-type-simple"},"yoast_head":"<!-- This site is optimized with the Yoast SEO plugin v27.4 - https:\/\/yoast.com\/product\/yoast-seo-wordpress\/ -->\n<title>Americans with Disabilities Act Training - Global Safety &amp; Environmental<\/title>\n<meta name=\"description\" content=\"Master ADA compliance with our comprehensive Americans with Disabilities Act training. Elevate your expertise with ADA certification and ADA Title II training.\" \/>\n<meta name=\"robots\" content=\"index, follow, max-snippet:-1, max-image-preview:large, max-video-preview:-1\" \/>\n<link rel=\"canonical\" href=\"https:\/\/globaltraining.com\/tr\/urun\/engelli-amerikalilar-kanun-egitimi\/\" \/>\n<meta property=\"og:locale\" content=\"tr_TR\" \/>\n<meta property=\"og:type\" content=\"article\" \/>\n<meta property=\"og:title\" content=\"Americans with Disabilities Act Training - Global Safety &amp; Environmental\" \/>\n<meta property=\"og:description\" content=\"Master ADA compliance with our comprehensive Americans with Disabilities Act training. Elevate your expertise with ADA certification and ADA Title II training.\" \/>\n<meta property=\"og:url\" content=\"https:\/\/globaltraining.com\/tr\/urun\/engelli-amerikalilar-kanun-egitimi\/\" \/>\n<meta property=\"og:site_name\" content=\"Global Safety &amp; Environmental\" \/>\n<meta property=\"article:modified_time\" content=\"2024-12-06T20:15:55+00:00\" \/>\n<meta property=\"og:image\" content=\"https:\/\/globaltraining.com\/wp-content\/uploads\/2021\/08\/iStock-1032712310.jpg\" \/>\n\t<meta property=\"og:image:width\" content=\"1200\" \/>\n\t<meta property=\"og:image:height\" content=\"800\" \/>\n\t<meta property=\"og:image:type\" content=\"image\/jpeg\" \/>\n<meta name=\"twitter:card\" content=\"summary_large_image\" \/>\n<meta name=\"twitter:label1\" content=\"Est. reading time\" \/>\n\t<meta name=\"twitter:data1\" content=\"2 minutes\" \/>\n<script type=\"application\/ld+json\" class=\"yoast-schema-graph\">{\"@context\":\"https:\\\/\\\/schema.org\",\"@graph\":[{\"@type\":\"WebPage\",\"@id\":\"https:\\\/\\\/globaltraining.com\\\/product\\\/americans-with-disabilities-act-training\\\/\",\"url\":\"https:\\\/\\\/globaltraining.com\\\/product\\\/americans-with-disabilities-act-training\\\/\",\"name\":\"Americans with Disabilities Act Training - Global Safety &amp; Environmental\",\"isPartOf\":{\"@id\":\"https:\\\/\\\/globaltraining.com\\\/#website\"},\"primaryImageOfPage\":{\"@id\":\"https:\\\/\\\/globaltraining.com\\\/product\\\/americans-with-disabilities-act-training\\\/#primaryimage\"},\"image\":{\"@id\":\"https:\\\/\\\/globaltraining.com\\\/product\\\/americans-with-disabilities-act-training\\\/#primaryimage\"},\"thumbnailUrl\":\"https:\\\/\\\/globaltraining.com\\\/wp-content\\\/uploads\\\/2021\\\/08\\\/iStock-1032712310.jpg\",\"datePublished\":\"2023-08-29T20:15:35+00:00\",\"dateModified\":\"2024-12-06T20:15:55+00:00\",\"description\":\"Master ADA compliance with our comprehensive Americans with Disabilities Act training. Elevate your expertise with ADA certification and ADA Title II training.\",\"breadcrumb\":{\"@id\":\"https:\\\/\\\/globaltraining.com\\\/product\\\/americans-with-disabilities-act-training\\\/#breadcrumb\"},\"inLanguage\":\"tr-TR\",\"potentialAction\":[{\"@type\":\"ReadAction\",\"target\":[\"https:\\\/\\\/globaltraining.com\\\/product\\\/americans-with-disabilities-act-training\\\/\"]}]},{\"@type\":\"ImageObject\",\"inLanguage\":\"tr-TR\",\"@id\":\"https:\\\/\\\/globaltraining.com\\\/product\\\/americans-with-disabilities-act-training\\\/#primaryimage\",\"url\":\"https:\\\/\\\/globaltraining.com\\\/wp-content\\\/uploads\\\/2021\\\/08\\\/iStock-1032712310.jpg\",\"contentUrl\":\"https:\\\/\\\/globaltraining.com\\\/wp-content\\\/uploads\\\/2021\\\/08\\\/iStock-1032712310.jpg\",\"width\":1200,\"height\":800,\"caption\":\"americans with disabilities act training\"},{\"@type\":\"BreadcrumbList\",\"@id\":\"https:\\\/\\\/globaltraining.com\\\/product\\\/americans-with-disabilities-act-training\\\/#breadcrumb\",\"itemListElement\":[{\"@type\":\"ListItem\",\"position\":1,\"name\":\"Home\",\"item\":\"https:\\\/\\\/globaltraining.com\\\/\"},{\"@type\":\"ListItem\",\"position\":2,\"name\":\"Productos\",\"item\":\"https:\\\/\\\/globaltraining.com\\\/es\\\/shop\\\/\"},{\"@type\":\"ListItem\",\"position\":3,\"name\":\"Americans with Disabilities Act Training\"}]},{\"@type\":\"WebSite\",\"@id\":\"https:\\\/\\\/globaltraining.com\\\/#website\",\"url\":\"https:\\\/\\\/globaltraining.com\\\/\",\"name\":\"Global Safety & Environmental\",\"description\":\"Full Service Health, Safety, and Environmental Courses\",\"publisher\":{\"@id\":\"https:\\\/\\\/globaltraining.com\\\/#organization\"},\"potentialAction\":[{\"@type\":\"SearchAction\",\"target\":{\"@type\":\"EntryPoint\",\"urlTemplate\":\"https:\\\/\\\/globaltraining.com\\\/?s={search_term_string}\"},\"query-input\":{\"@type\":\"PropertyValueSpecification\",\"valueRequired\":true,\"valueName\":\"search_term_string\"}}],\"inLanguage\":\"tr-TR\"},{\"@type\":\"Organization\",\"@id\":\"https:\\\/\\\/globaltraining.com\\\/#organization\",\"name\":\"Global Safety & Environmental\",\"url\":\"https:\\\/\\\/globaltraining.com\\\/\",\"logo\":{\"@type\":\"ImageObject\",\"inLanguage\":\"tr-TR\",\"@id\":\"https:\\\/\\\/globaltraining.com\\\/#\\\/schema\\\/logo\\\/image\\\/\",\"url\":\"https:\\\/\\\/globaltraining.com\\\/wp-content\\\/uploads\\\/2021\\\/01\\\/GSE-Logo-for-email.png\",\"contentUrl\":\"https:\\\/\\\/globaltraining.com\\\/wp-content\\\/uploads\\\/2021\\\/01\\\/GSE-Logo-for-email.png\",\"width\":400,\"height\":101,\"caption\":\"Global Safety & Environmental\"},\"image\":{\"@id\":\"https:\\\/\\\/globaltraining.com\\\/#\\\/schema\\\/logo\\\/image\\\/\"}}]}<\/script>\n<!-- \/ Yoast SEO plugin. -->","yoast_head_json":{"title":"Engelli Amerikal\u0131lar Yasas\u0131 E\u011fitimi - K\u00fcresel G\u00fcvenlik ve \u00c7evre","description":"Kapsaml\u0131 Engelli Amerikal\u0131lar Yasas\u0131 e\u011fitimimizle ADA uyumlulu\u011funda ustala\u015f\u0131n. ADA sertifikasyonu ve ADA Title II e\u011fitimiyle uzmanl\u0131\u011f\u0131n\u0131z\u0131 y\u00fckseltin.","robots":{"index":"index","follow":"follow","max-snippet":"max-snippet:-1","max-image-preview":"max-image-preview:large","max-video-preview":"max-video-preview:-1"},"canonical":"https:\/\/globaltraining.com\/tr\/urun\/engelli-amerikalilar-kanun-egitimi\/","og_locale":"tr_TR","og_type":"article","og_title":"Americans with Disabilities Act Training - Global Safety &amp; Environmental","og_description":"Master ADA compliance with our comprehensive Americans with Disabilities Act training. Elevate your expertise with ADA certification and ADA Title II training.","og_url":"https:\/\/globaltraining.com\/tr\/urun\/engelli-amerikalilar-kanun-egitimi\/","og_site_name":"Global Safety &amp; Environmental","article_modified_time":"2024-12-06T20:15:55+00:00","og_image":[{"width":1200,"height":800,"url":"https:\/\/globaltraining.com\/wp-content\/uploads\/2021\/08\/iStock-1032712310.jpg","type":"image\/jpeg"}],"twitter_card":"summary_large_image","twitter_misc":{"Est. reading time":"2 minutes"},"schema":{"@context":"https:\/\/schema.org","@graph":[{"@type":"WebPage","@id":"https:\/\/globaltraining.com\/product\/americans-with-disabilities-act-training\/","url":"https:\/\/globaltraining.com\/product\/americans-with-disabilities-act-training\/","name":"Engelli Amerikal\u0131lar Yasas\u0131 E\u011fitimi - K\u00fcresel G\u00fcvenlik ve \u00c7evre","isPartOf":{"@id":"https:\/\/globaltraining.com\/#website"},"primaryImageOfPage":{"@id":"https:\/\/globaltraining.com\/product\/americans-with-disabilities-act-training\/#primaryimage"},"image":{"@id":"https:\/\/globaltraining.com\/product\/americans-with-disabilities-act-training\/#primaryimage"},"thumbnailUrl":"https:\/\/globaltraining.com\/wp-content\/uploads\/2021\/08\/iStock-1032712310.jpg","datePublished":"2023-08-29T20:15:35+00:00","dateModified":"2024-12-06T20:15:55+00:00","description":"Kapsaml\u0131 Engelli Amerikal\u0131lar Yasas\u0131 e\u011fitimimizle ADA uyumlulu\u011funda ustala\u015f\u0131n. ADA sertifikasyonu ve ADA Title II e\u011fitimiyle uzmanl\u0131\u011f\u0131n\u0131z\u0131 y\u00fckseltin.","breadcrumb":{"@id":"https:\/\/globaltraining.com\/product\/americans-with-disabilities-act-training\/#breadcrumb"},"inLanguage":"tr-TR","potentialAction":[{"@type":"ReadAction","target":["https:\/\/globaltraining.com\/product\/americans-with-disabilities-act-training\/"]}]},{"@type":"ImageObject","inLanguage":"tr-TR","@id":"https:\/\/globaltraining.com\/product\/americans-with-disabilities-act-training\/#primaryimage","url":"https:\/\/globaltraining.com\/wp-content\/uploads\/2021\/08\/iStock-1032712310.jpg","contentUrl":"https:\/\/globaltraining.com\/wp-content\/uploads\/2021\/08\/iStock-1032712310.jpg","width":1200,"height":800,"caption":"americans with disabilities act training"},{"@type":"BreadcrumbList","@id":"https:\/\/globaltraining.com\/product\/americans-with-disabilities-act-training\/#breadcrumb","itemListElement":[{"@type":"ListItem","position":1,"name":"Home","item":"https:\/\/globaltraining.com\/"},{"@type":"ListItem","position":2,"name":"Productos","item":"https:\/\/globaltraining.com\/es\/shop\/"},{"@type":"ListItem","position":3,"name":"Americans with Disabilities Act Training"}]},{"@type":"WebSite","@id":"https:\/\/globaltraining.com\/#website","url":"https:\/\/globaltraining.com\/","name":"K\u00fcresel G\u00fcvenlik ve \u00c7evre","description":"Tam Hizmet Sa\u011fl\u0131k, G\u00fcvenlik ve \u00c7evre Kurslar\u0131","publisher":{"@id":"https:\/\/globaltraining.com\/#organization"},"potentialAction":[{"@type":"SearchAction","target":{"@type":"EntryPoint","urlTemplate":"https:\/\/globaltraining.com\/?s={search_term_string}"},"query-input":{"@type":"PropertyValueSpecification","valueRequired":true,"valueName":"search_term_string"}}],"inLanguage":"tr-TR"},{"@type":"Organization","@id":"https:\/\/globaltraining.com\/#organization","name":"K\u00fcresel G\u00fcvenlik ve \u00c7evre","url":"https:\/\/globaltraining.com\/","logo":{"@type":"ImageObject","inLanguage":"tr-TR","@id":"https:\/\/globaltraining.com\/#\/schema\/logo\/image\/","url":"https:\/\/globaltraining.com\/wp-content\/uploads\/2021\/01\/GSE-Logo-for-email.png","contentUrl":"https:\/\/globaltraining.com\/wp-content\/uploads\/2021\/01\/GSE-Logo-for-email.png","width":400,"height":101,"caption":"Global Safety & Environmental"},"image":{"@id":"https:\/\/globaltraining.com\/#\/schema\/logo\/image\/"}}]}},"_links":{"self":[{"href":"https:\/\/globaltraining.com\/tr\/wp-json\/wp\/v2\/product\/28297","targetHints":{"allow":["GET"]}}],"collection":[{"href":"https:\/\/globaltraining.com\/tr\/wp-json\/wp\/v2\/product"}],"about":[{"href":"https:\/\/globaltraining.com\/tr\/wp-json\/wp\/v2\/types\/product"}],"wp:featuredmedia":[{"embeddable":true,"href":"https:\/\/globaltraining.com\/tr\/wp-json\/wp\/v2\/media\/27134"}],"wp:attachment":[{"href":"https:\/\/globaltraining.com\/tr\/wp-json\/wp\/v2\/media?parent=28297"}],"wp:term":[{"taxonomy":"product_brand","embeddable":true,"href":"https:\/\/globaltraining.com\/tr\/wp-json\/wp\/v2\/product_brand?post=28297"},{"taxonomy":"product_cat","embeddable":true,"href":"https:\/\/globaltraining.com\/tr\/wp-json\/wp\/v2\/product_cat?post=28297"},{"taxonomy":"product_tag","embeddable":true,"href":"https:\/\/globaltraining.com\/tr\/wp-json\/wp\/v2\/product_tag?post=28297"}],"curies":[{"name":"wp","href":"https:\/\/api.w.org\/{rel}","templated":true}]}}