{"id":28296,"date":"2023-08-29T15:13:05","date_gmt":"2023-08-29T20:13:05","guid":{"rendered":"https:\/\/globaltraining.com\/?post_type=product&#038;p=28296"},"modified":"2024-12-06T14:16:31","modified_gmt":"2024-12-06T20:16:31","slug":"aktif-atici-egitimi","status":"publish","type":"product","link":"https:\/\/globaltraining.com\/tr\/product\/active-shooter-training\/","title":{"rendered":"Aktif At\u0131c\u0131l\u0131k E\u011fitimi"},"content":{"rendered":"<h2>Aktif Ni\u015fanc\u0131 E\u011fitimi: Ekibinizi D\u00fc\u015f\u00fcn\u00fclemez Durumlara Haz\u0131rlamak<\/h2>\n<p>G\u00fcn\u00fcm\u00fcz\u00fcn belirsiz d\u00fcnyas\u0131nda, i\u015f yeri g\u00fcvenli\u011fi her b\u00fcy\u00fckl\u00fckteki i\u015fletme i\u00e7in en \u00f6nemli endi\u015fe kayna\u011f\u0131d\u0131r. G\u00fcvenli bir \u00e7al\u0131\u015fma ortam\u0131 sa\u011flaman\u0131n en kritik y\u00f6nlerinden biri, \u00e7al\u0131\u015fanlar\u0131n\u0131z\u0131 aktif tetikleme durumlar\u0131 da dahil olmak \u00fczere acil durumlara haz\u0131rlamakt\u0131r. Global G\u00fcvenlik ve \u00c7evre olarak, ekibinizi bu t\u00fcr d\u00fc\u015f\u00fcn\u00fclemez durumlarda etkili bir \u015fekilde m\u00fcdahale etmek i\u00e7in gereken bilgi ve becerilerle donatan kapsaml\u0131 aktif at\u0131c\u0131 e\u011fitim kurslar\u0131 sunuyoruz.<\/p>\n<h2>Aktif At\u0131c\u0131 E\u011fitiminin \u00d6nemi<\/h2>\n<p>Aktif bir tetik\u00e7i olay\u0131 beklenmedik bir \u015fekilde ger\u00e7ekle\u015febilir ve bireylerin tepki vermesi i\u00e7in \u00e7ok az zaman b\u0131rak\u0131r. \u00c7al\u0131\u015fanlar\u0131n bask\u0131 alt\u0131nda kritik kararlar almas\u0131na ve potansiyel olarak hayat kurtarmas\u0131na yard\u0131mc\u0131 olmak i\u00e7in uygun e\u011fitim hayati \u00f6neme sahiptir. Aktif at\u0131c\u0131 e\u011fitim program\u0131m\u0131z, uyar\u0131 i\u015faretlerini tan\u0131ma, acil eylem plan\u0131 olu\u015fturma, ileti\u015fim stratejileri ve \u201cKo\u015f, Saklan, Sava\u015f\u201d m\u00fcdahalesinin uygulanmas\u0131 gibi temel konulara odaklanmaktad\u0131r. Bu e\u011fitime yat\u0131r\u0131m yaparak ekibinizin herhangi bir krize kar\u015f\u0131 haz\u0131rl\u0131kl\u0131 ve dayan\u0131kl\u0131 olmas\u0131n\u0131 sa\u011flars\u0131n\u0131z.<\/p>\n<h2>Aktif At\u0131c\u0131l\u0131k E\u011fitim Kursumuzun Avantajlar\u0131<\/h2>\n<p>1. H\u0131zl\u0131 ve Bilgilendirilmi\u015f M\u00fcdahale: E\u011fitimimiz, kat\u0131l\u0131mc\u0131lar\u0131 aktif bir tetik\u00e7i durumu s\u0131ras\u0131nda h\u0131zl\u0131 ve etkili bir \u015fekilde tepki verme becerileriyle donat\u0131r. \u00c7al\u0131\u015fanlar senaryoya dayal\u0131 al\u0131\u015ft\u0131rmalar arac\u0131l\u0131\u011f\u0131yla tehditleri de\u011ferlendirmeyi, yetkililerle ileti\u015fim kurmay\u0131 ve kendilerini ve ba\u015fkalar\u0131n\u0131 korumak i\u00e7in uygun \u00f6nlemleri almay\u0131 \u00f6\u011frenirler.<\/p>\n<p>2. G\u00fcvenlik Zihniyeti: Aktif at\u0131c\u0131l\u0131k e\u011fitimi, bireyleri yaln\u0131zca acil durumlara haz\u0131rlamakla kalmaz, ayn\u0131 zamanda g\u00fcnl\u00fck faaliyetlerinde g\u00fcvenlik zihniyetini de a\u015f\u0131lar. Bu artan fark\u0131ndal\u0131k, olaylar\u0131n \u00f6nlenmesine yard\u0131mc\u0131 olur ve genel olarak daha g\u00fcvenli bir i\u015f yeri sa\u011flar.<\/p>\n<p>3. Mevzuata Uygunluk: Baz\u0131 end\u00fcstrilerde aktif at\u0131c\u0131 e\u011fitimi yasal bir gereklilik olabilir. Kursumuz sekt\u00f6rdeki en iyi uygulamalar ve ilgili d\u00fczenlemelerle uyumlu olup kurulu\u015funuzun gerekli t\u00fcm uyumluluk standartlar\u0131n\u0131 kar\u015f\u0131lamas\u0131n\u0131 sa\u011flar.<\/p>\n<h2>Kriz Y\u00f6netimi: Aktif Ni\u015fanc\u0131 E\u011fitiminin \u00d6tesinde<\/h2>\n<p>Aktif ni\u015fanc\u0131 e\u011fitimi \u00f6nemli olsa da kapsaml\u0131 kriz y\u00f6netimi yaln\u0131zca belirli bir senaryonun \u00f6tesine ge\u00e7er. Kriz Y\u00f6netimi e\u011fitimimiz do\u011fal afetler, t\u0131bbi acil durumlar ve g\u00fcvenlik ihlalleri gibi daha geni\u015f bir acil durum yelpazesini i\u00e7erir.<\/p>\n<h2>Kriz Y\u00f6netimi E\u011fitiminin Faydalar\u0131<\/h2>\n<p>1. Acil Durum M\u00fcdahalesinde \u00c7ok Y\u00f6nl\u00fcl\u00fck: Kriz Y\u00f6netimi e\u011fitimi, \u00e7al\u0131\u015fanlar\u0131 \u00e7ok \u00e7e\u015fitli acil durumlarla ba\u015fa \u00e7\u0131kmaya haz\u0131rlar ve becerilerini farkl\u0131 durumlara etkili bir \u015fekilde uyarlamalar\u0131n\u0131 sa\u011flar.<\/p>\n<p>2. Ekip \u0130\u015fbirli\u011fi: Kriz Y\u00f6netimi e\u011fitimi, ekip \u00e7al\u0131\u015fmas\u0131n\u0131 ve koordinasyonu te\u015fvik ederek \u00e7al\u0131\u015fanlar\u0131n kaotik durumlarda sorunsuz bir \u015fekilde birlikte \u00e7al\u0131\u015fmas\u0131na olanak tan\u0131r.<\/p>\n<p>3. G\u00fcven ve Dayan\u0131kl\u0131l\u0131k: Kriz Y\u00f6netimi e\u011fitimiyle ekibiniz, beklenmedik zorluklarla so\u011fukkanl\u0131l\u0131k ve verimlilikle y\u00fczle\u015fmek i\u00e7in gereken g\u00fcveni ve dayan\u0131kl\u0131l\u0131\u011f\u0131 kazan\u0131r.<\/p>\n<h2>Acil Durum Eylem Plan\u0131: G\u00fcvenli\u011fe Giden Yol Haritan\u0131z<\/h2>\n<p>Etkin bir Acil Durum Eylem Plan\u0131 (EAP) krize haz\u0131rl\u0131\u011f\u0131n temelidir. EAP geli\u015ftirme hizmetimiz, kurulu\u015funuzun protokolleri, ileti\u015fim stratejilerini ve tahliye prosed\u00fcrlerini \u00f6zetleyen kapsaml\u0131 ve \u00f6zel bir plan olu\u015fturmas\u0131na yard\u0131mc\u0131 olur.<\/p>\n<h2>Acil Durum Eylem Plan\u0131n\u0131n De\u011feri<\/h2>\n<p>1. \u00d6zelle\u015ftirilmi\u015f \u00c7\u00f6z\u00fcmler: Uzmanlar\u0131m\u0131z, \u00f6zel ihtiya\u00e7lar\u0131n\u0131za uyan ve i\u015f yerinizdeki potansiyel g\u00fcvenlik a\u00e7\u0131klar\u0131n\u0131 ele alan bir EAP olu\u015fturmak i\u00e7in ekibinizle yak\u0131n i\u015fbirli\u011fi i\u00e7inde \u00e7al\u0131\u015f\u0131r.<\/p>\n<p>2. A\u00e7\u0131k \u0130leti\u015fim: Bir EAP, kurulu\u015funuzdaki herkesin acil bir durumda rollerini ve sorumluluklar\u0131n\u0131 anlamas\u0131n\u0131 sa\u011flar, kar\u0131\u015f\u0131kl\u0131\u011f\u0131 en aza indirir ve h\u0131zl\u0131 m\u00fcdahaleyi te\u015fvik eder.<\/p>\n<p>3. Mevzuata Uygunluk: Bir\u00e7ok d\u00fczenleyici kurum, i\u015fletmelerin yaz\u0131l\u0131 bir EAP&#039;ye sahip olmas\u0131n\u0131 \u015fart ko\u015far. Hizmetimiz kurulu\u015funuzun gerekli t\u00fcm uyumluluk standartlar\u0131n\u0131 kar\u015f\u0131lamas\u0131n\u0131 sa\u011flar.<\/p>\n<p>Kapsaml\u0131 aktif ni\u015fanc\u0131 e\u011fitimimiz, kriz y\u00f6netimi kurslar\u0131m\u0131z ve ustal\u0131kla haz\u0131rlanm\u0131\u015f Acil Durum Eylem Planlar\u0131m\u0131zla ekibinizi her t\u00fcrl\u00fc krize haz\u0131rlay\u0131n. Kurulu\u015funuzun g\u00fcvenli\u011fine ve dayan\u0131kl\u0131l\u0131\u011f\u0131na bug\u00fcn yat\u0131r\u0131m yap\u0131n. \u015eimdi kaydolun ve \u00e7al\u0131\u015fanlar\u0131n\u0131z\u0131 acil durumlarda g\u00fcvenle ilerlemek ve i\u015f yerinizi potansiyel tehditlerden korumak i\u00e7in gerekli becerilerle donat\u0131n. Global G\u00fcvenlik ve \u00c7evre&#039;nin e\u011fitim \u00e7\u00f6z\u00fcmleriyle i\u015fletmeniz i\u00e7in daha g\u00fcvenli bir gelecek sa\u011flay\u0131n. \u015eimdi harekete ge\u00e7in ve en de\u011ferli varl\u0131klar\u0131n\u0131z olan \u00e7al\u0131\u015fanlar\u0131n\u0131z\u0131 koruma konusunda proaktif olun.<\/p>\n<p>Bu kurs, y\u00f6neticiler ve \u00e7al\u0131\u015fanlar da dahil olmak \u00fczere bireylere, aktif bir tetik\u00e7i durumuna m\u00fcdahale etmeye haz\u0131rlanabilmeleri i\u00e7in rehberlik sa\u011flar. Bu kurs kolluk kuvvetleri i\u00e7in de\u011fil vatanda\u015flar i\u00e7in yaz\u0131lm\u0131\u015ft\u0131r. Materyal, kolluk kuvvetlerine, \u00e7al\u0131\u015fanlar\u0131n aktif bir silahl\u0131 sald\u0131r\u0131 durumuyla kar\u015f\u0131 kar\u015f\u0131ya kalmalar\u0131 durumunda almalar\u0131 gereken \u00f6nerilen eylemler hakk\u0131nda bilgi sa\u011flayabilir.<\/p>","protected":false},"excerpt":{"rendered":"<p>Bu kurs, y\u00f6neticiler ve \u00e7al\u0131\u015fanlar da dahil olmak \u00fczere bireylere, aktif bir tetik\u00e7i durumuna m\u00fcdahale etmeye haz\u0131rlanabilmeleri i\u00e7in rehberlik sa\u011flar. Bu kurs kolluk kuvvetleri i\u00e7in de\u011fil vatanda\u015flar i\u00e7in yaz\u0131lm\u0131\u015ft\u0131r. Materyal, kolluk kuvvetlerine, \u00e7al\u0131\u015fanlar\u0131n aktif bir silahl\u0131 sald\u0131r\u0131 durumuyla kar\u015f\u0131 kar\u015f\u0131ya kalmalar\u0131 durumunda almalar\u0131 gereken \u00f6nerilen eylemler hakk\u0131nda bilgi sa\u011flayabilir.<\/p>","protected":false},"featured_media":27164,"template":"","meta":{"_et_pb_use_builder":"off","_et_pb_old_content":"","_et_gb_content_width":""},"product_brand":[],"product_cat":[131,163,173],"product_tag":[],"class_list":{"0":"post-28296","1":"product","2":"type-product","3":"status-publish","4":"has-post-thumbnail","6":"product_cat-emergency-preparedness","7":"product_cat-safety-admin","8":"product_cat-workplace-violence","9":"pa_duration-40-minutes","11":"first","12":"instock","13":"virtual","14":"sold-individually","15":"purchasable","16":"product-type-simple"},"yoast_head":"<!-- This site is optimized with the Yoast SEO plugin v27.4 - https:\/\/yoast.com\/product\/yoast-seo-wordpress\/ -->\n<title>Active Shooter Training - Global Safety &amp; Environmental<\/title>\n<meta name=\"description\" content=\"Prepare your team for active shooter situations and other emergencies with our comprehensive training. Enroll now to protect your workplace\" \/>\n<meta name=\"robots\" content=\"index, follow, max-snippet:-1, max-image-preview:large, max-video-preview:-1\" \/>\n<link rel=\"canonical\" href=\"https:\/\/globaltraining.com\/tr\/urun\/aktif-atici-egitimi\/\" \/>\n<meta property=\"og:locale\" content=\"tr_TR\" \/>\n<meta property=\"og:type\" content=\"article\" \/>\n<meta property=\"og:title\" content=\"Active Shooter Training - Global Safety &amp; Environmental\" \/>\n<meta property=\"og:description\" content=\"Prepare your team for active shooter situations and other emergencies with our comprehensive training. Enroll now to protect your workplace\" \/>\n<meta property=\"og:url\" content=\"https:\/\/globaltraining.com\/tr\/urun\/aktif-atici-egitimi\/\" \/>\n<meta property=\"og:site_name\" content=\"Global Safety &amp; Environmental\" \/>\n<meta property=\"article:modified_time\" content=\"2024-12-06T20:16:31+00:00\" \/>\n<meta property=\"og:image\" content=\"https:\/\/globaltraining.com\/wp-content\/uploads\/2021\/08\/iStock-590150140.jpg\" \/>\n\t<meta property=\"og:image:width\" content=\"1200\" \/>\n\t<meta property=\"og:image:height\" content=\"800\" \/>\n\t<meta property=\"og:image:type\" content=\"image\/jpeg\" \/>\n<meta name=\"twitter:card\" content=\"summary_large_image\" \/>\n<meta name=\"twitter:label1\" content=\"Est. reading time\" \/>\n\t<meta name=\"twitter:data1\" content=\"4 minutes\" \/>\n<script type=\"application\/ld+json\" class=\"yoast-schema-graph\">{\"@context\":\"https:\\\/\\\/schema.org\",\"@graph\":[{\"@type\":\"WebPage\",\"@id\":\"https:\\\/\\\/globaltraining.com\\\/product\\\/active-shooter-training\\\/\",\"url\":\"https:\\\/\\\/globaltraining.com\\\/product\\\/active-shooter-training\\\/\",\"name\":\"Active Shooter Training - Global Safety &amp; Environmental\",\"isPartOf\":{\"@id\":\"https:\\\/\\\/globaltraining.com\\\/#website\"},\"primaryImageOfPage\":{\"@id\":\"https:\\\/\\\/globaltraining.com\\\/product\\\/active-shooter-training\\\/#primaryimage\"},\"image\":{\"@id\":\"https:\\\/\\\/globaltraining.com\\\/product\\\/active-shooter-training\\\/#primaryimage\"},\"thumbnailUrl\":\"https:\\\/\\\/globaltraining.com\\\/wp-content\\\/uploads\\\/2021\\\/08\\\/iStock-590150140.jpg\",\"datePublished\":\"2023-08-29T20:13:05+00:00\",\"dateModified\":\"2024-12-06T20:16:31+00:00\",\"description\":\"Prepare your team for active shooter situations and other emergencies with our comprehensive training. Enroll now to protect your workplace\",\"breadcrumb\":{\"@id\":\"https:\\\/\\\/globaltraining.com\\\/product\\\/active-shooter-training\\\/#breadcrumb\"},\"inLanguage\":\"tr-TR\",\"potentialAction\":[{\"@type\":\"ReadAction\",\"target\":[\"https:\\\/\\\/globaltraining.com\\\/product\\\/active-shooter-training\\\/\"]}]},{\"@type\":\"ImageObject\",\"inLanguage\":\"tr-TR\",\"@id\":\"https:\\\/\\\/globaltraining.com\\\/product\\\/active-shooter-training\\\/#primaryimage\",\"url\":\"https:\\\/\\\/globaltraining.com\\\/wp-content\\\/uploads\\\/2021\\\/08\\\/iStock-590150140.jpg\",\"contentUrl\":\"https:\\\/\\\/globaltraining.com\\\/wp-content\\\/uploads\\\/2021\\\/08\\\/iStock-590150140.jpg\",\"width\":1200,\"height\":800,\"caption\":\"Active Shooter\"},{\"@type\":\"BreadcrumbList\",\"@id\":\"https:\\\/\\\/globaltraining.com\\\/product\\\/active-shooter-training\\\/#breadcrumb\",\"itemListElement\":[{\"@type\":\"ListItem\",\"position\":1,\"name\":\"Home\",\"item\":\"https:\\\/\\\/globaltraining.com\\\/\"},{\"@type\":\"ListItem\",\"position\":2,\"name\":\"Productos\",\"item\":\"https:\\\/\\\/globaltraining.com\\\/es\\\/shop\\\/\"},{\"@type\":\"ListItem\",\"position\":3,\"name\":\"Active Shooter Training\"}]},{\"@type\":\"WebSite\",\"@id\":\"https:\\\/\\\/globaltraining.com\\\/#website\",\"url\":\"https:\\\/\\\/globaltraining.com\\\/\",\"name\":\"Global Safety & Environmental\",\"description\":\"Full Service Health, Safety, and Environmental Courses\",\"publisher\":{\"@id\":\"https:\\\/\\\/globaltraining.com\\\/#organization\"},\"potentialAction\":[{\"@type\":\"SearchAction\",\"target\":{\"@type\":\"EntryPoint\",\"urlTemplate\":\"https:\\\/\\\/globaltraining.com\\\/?s={search_term_string}\"},\"query-input\":{\"@type\":\"PropertyValueSpecification\",\"valueRequired\":true,\"valueName\":\"search_term_string\"}}],\"inLanguage\":\"tr-TR\"},{\"@type\":\"Organization\",\"@id\":\"https:\\\/\\\/globaltraining.com\\\/#organization\",\"name\":\"Global Safety & Environmental\",\"url\":\"https:\\\/\\\/globaltraining.com\\\/\",\"logo\":{\"@type\":\"ImageObject\",\"inLanguage\":\"tr-TR\",\"@id\":\"https:\\\/\\\/globaltraining.com\\\/#\\\/schema\\\/logo\\\/image\\\/\",\"url\":\"https:\\\/\\\/globaltraining.com\\\/wp-content\\\/uploads\\\/2021\\\/01\\\/GSE-Logo-for-email.png\",\"contentUrl\":\"https:\\\/\\\/globaltraining.com\\\/wp-content\\\/uploads\\\/2021\\\/01\\\/GSE-Logo-for-email.png\",\"width\":400,\"height\":101,\"caption\":\"Global Safety & Environmental\"},\"image\":{\"@id\":\"https:\\\/\\\/globaltraining.com\\\/#\\\/schema\\\/logo\\\/image\\\/\"}}]}<\/script>\n<!-- \/ Yoast SEO plugin. -->","yoast_head_json":{"title":"Aktif Ni\u015fanc\u0131 E\u011fitimi - K\u00fcresel G\u00fcvenlik ve \u00c7evre","description":"Kapsaml\u0131 e\u011fitimlerimizle ekibinizi aktif tetik\u00e7i durumlar\u0131na ve di\u011fer acil durumlara haz\u0131rlay\u0131n. \u0130\u015fyerinizi korumak i\u00e7in hemen kaydolun","robots":{"index":"index","follow":"follow","max-snippet":"max-snippet:-1","max-image-preview":"max-image-preview:large","max-video-preview":"max-video-preview:-1"},"canonical":"https:\/\/globaltraining.com\/tr\/urun\/aktif-atici-egitimi\/","og_locale":"tr_TR","og_type":"article","og_title":"Active Shooter Training - Global Safety &amp; Environmental","og_description":"Prepare your team for active shooter situations and other emergencies with our comprehensive training. Enroll now to protect your workplace","og_url":"https:\/\/globaltraining.com\/tr\/urun\/aktif-atici-egitimi\/","og_site_name":"Global Safety &amp; Environmental","article_modified_time":"2024-12-06T20:16:31+00:00","og_image":[{"width":1200,"height":800,"url":"https:\/\/globaltraining.com\/wp-content\/uploads\/2021\/08\/iStock-590150140.jpg","type":"image\/jpeg"}],"twitter_card":"summary_large_image","twitter_misc":{"Est. reading time":"4 minutes"},"schema":{"@context":"https:\/\/schema.org","@graph":[{"@type":"WebPage","@id":"https:\/\/globaltraining.com\/product\/active-shooter-training\/","url":"https:\/\/globaltraining.com\/product\/active-shooter-training\/","name":"Aktif Ni\u015fanc\u0131 E\u011fitimi - K\u00fcresel G\u00fcvenlik ve \u00c7evre","isPartOf":{"@id":"https:\/\/globaltraining.com\/#website"},"primaryImageOfPage":{"@id":"https:\/\/globaltraining.com\/product\/active-shooter-training\/#primaryimage"},"image":{"@id":"https:\/\/globaltraining.com\/product\/active-shooter-training\/#primaryimage"},"thumbnailUrl":"https:\/\/globaltraining.com\/wp-content\/uploads\/2021\/08\/iStock-590150140.jpg","datePublished":"2023-08-29T20:13:05+00:00","dateModified":"2024-12-06T20:16:31+00:00","description":"Kapsaml\u0131 e\u011fitimlerimizle ekibinizi aktif tetik\u00e7i durumlar\u0131na ve di\u011fer acil durumlara haz\u0131rlay\u0131n. \u0130\u015fyerinizi korumak i\u00e7in hemen kaydolun","breadcrumb":{"@id":"https:\/\/globaltraining.com\/product\/active-shooter-training\/#breadcrumb"},"inLanguage":"tr-TR","potentialAction":[{"@type":"ReadAction","target":["https:\/\/globaltraining.com\/product\/active-shooter-training\/"]}]},{"@type":"ImageObject","inLanguage":"tr-TR","@id":"https:\/\/globaltraining.com\/product\/active-shooter-training\/#primaryimage","url":"https:\/\/globaltraining.com\/wp-content\/uploads\/2021\/08\/iStock-590150140.jpg","contentUrl":"https:\/\/globaltraining.com\/wp-content\/uploads\/2021\/08\/iStock-590150140.jpg","width":1200,"height":800,"caption":"Active Shooter"},{"@type":"BreadcrumbList","@id":"https:\/\/globaltraining.com\/product\/active-shooter-training\/#breadcrumb","itemListElement":[{"@type":"ListItem","position":1,"name":"Home","item":"https:\/\/globaltraining.com\/"},{"@type":"ListItem","position":2,"name":"Productos","item":"https:\/\/globaltraining.com\/es\/shop\/"},{"@type":"ListItem","position":3,"name":"Active Shooter Training"}]},{"@type":"WebSite","@id":"https:\/\/globaltraining.com\/#website","url":"https:\/\/globaltraining.com\/","name":"K\u00fcresel G\u00fcvenlik ve \u00c7evre","description":"Tam Hizmet Sa\u011fl\u0131k, G\u00fcvenlik ve \u00c7evre Kurslar\u0131","publisher":{"@id":"https:\/\/globaltraining.com\/#organization"},"potentialAction":[{"@type":"SearchAction","target":{"@type":"EntryPoint","urlTemplate":"https:\/\/globaltraining.com\/?s={search_term_string}"},"query-input":{"@type":"PropertyValueSpecification","valueRequired":true,"valueName":"search_term_string"}}],"inLanguage":"tr-TR"},{"@type":"Organization","@id":"https:\/\/globaltraining.com\/#organization","name":"K\u00fcresel G\u00fcvenlik ve \u00c7evre","url":"https:\/\/globaltraining.com\/","logo":{"@type":"ImageObject","inLanguage":"tr-TR","@id":"https:\/\/globaltraining.com\/#\/schema\/logo\/image\/","url":"https:\/\/globaltraining.com\/wp-content\/uploads\/2021\/01\/GSE-Logo-for-email.png","contentUrl":"https:\/\/globaltraining.com\/wp-content\/uploads\/2021\/01\/GSE-Logo-for-email.png","width":400,"height":101,"caption":"Global Safety & Environmental"},"image":{"@id":"https:\/\/globaltraining.com\/#\/schema\/logo\/image\/"}}]}},"_links":{"self":[{"href":"https:\/\/globaltraining.com\/tr\/wp-json\/wp\/v2\/product\/28296","targetHints":{"allow":["GET"]}}],"collection":[{"href":"https:\/\/globaltraining.com\/tr\/wp-json\/wp\/v2\/product"}],"about":[{"href":"https:\/\/globaltraining.com\/tr\/wp-json\/wp\/v2\/types\/product"}],"wp:featuredmedia":[{"embeddable":true,"href":"https:\/\/globaltraining.com\/tr\/wp-json\/wp\/v2\/media\/27164"}],"wp:attachment":[{"href":"https:\/\/globaltraining.com\/tr\/wp-json\/wp\/v2\/media?parent=28296"}],"wp:term":[{"taxonomy":"product_brand","embeddable":true,"href":"https:\/\/globaltraining.com\/tr\/wp-json\/wp\/v2\/product_brand?post=28296"},{"taxonomy":"product_cat","embeddable":true,"href":"https:\/\/globaltraining.com\/tr\/wp-json\/wp\/v2\/product_cat?post=28296"},{"taxonomy":"product_tag","embeddable":true,"href":"https:\/\/globaltraining.com\/tr\/wp-json\/wp\/v2\/product_tag?post=28296"}],"curies":[{"name":"wp","href":"https:\/\/api.w.org\/{rel}","templated":true}]}}