{"id":32070,"date":"2025-01-07T10:49:35","date_gmt":"2025-01-07T16:49:35","guid":{"rendered":"https:\/\/globaltraining.com\/?page_id=32070"},"modified":"2025-01-07T10:55:29","modified_gmt":"2025-01-07T16:55:29","slug":"iade-ve-geri-odeme-politikasi","status":"publish","type":"page","link":"https:\/\/globaltraining.com\/tr\/return-and-refund-policy\/","title":{"rendered":"\u0130ade ve Geri \u00d6deme Politikas\u0131"},"content":{"rendered":"<h3 class=\"wp-block-heading\"><strong>Y\u00fcr\u00fcrl\u00fck Tarihi<\/strong>: 1\/1\/2025<\/h3>\n\n\n\n<p>Global Safety &amp; Environmental&#039;da bilgi ve becerilerinizi geli\u015ftirmek i\u00e7in y\u00fcksek kaliteli \u00e7evrimi\u00e7i kurslar sunmaya kararl\u0131y\u0131z. Adil ve \u015feffaf bir s\u00fcre\u00e7 sa\u011flamak i\u00e7in, iade ve geri \u00f6deme politikam\u0131z\u0131 a\u015fa\u011f\u0131da \u00f6zetledik.<\/p>\n\n\n\n<h4 class=\"wp-block-heading\"><strong>1. Geri \u00d6demelere Uygunluk<\/strong><\/h4>\n\n\n\n<p>\u0130ade taleplerinin de\u011ferlendirilmesi i\u00e7in a\u015fa\u011f\u0131daki ko\u015fullar\u0131n kar\u015f\u0131lanmas\u0131 gerekmektedir:<\/p>\n\n\n\n<ul class=\"wp-block-list\">\n<li>Talep \u015fu tarihte yap\u0131l\u0131r: <strong>7 g\u00fcn<\/strong> sat\u0131n alma.<\/li>\n\n\n\n<li>Ders tamamlanmad\u0131 (\u00f6rne\u011fin, ders i\u00e7eri\u011finin 20%&#039;den az\u0131na eri\u015fildi).<\/li>\n\n\n\n<li>Kurs do\u011frudan resmi web sitemiz arac\u0131l\u0131\u011f\u0131yla Advanced Safety LLC&#039;den sat\u0131n al\u0131nd\u0131.<\/li>\n<\/ul>\n\n\n\n<h4 class=\"wp-block-heading\"><strong>2. \u0130ade Edilemeyen \u00dcr\u00fcnler<\/strong><\/h4>\n\n\n\n<p>A\u015fa\u011f\u0131daki durumlar iade i\u00e7in ge\u00e7erli de\u011fildir:<\/p>\n\n\n\n<ul class=\"wp-block-list\">\n<li>Promosyonlar kapsam\u0131nda veya indirim kodlar\u0131yla sat\u0131n al\u0131nan kurslar.<\/li>\n\n\n\n<li>Eri\u015fim s\u00fcresi i\u00e7erisinde bir kursun tamamlanamamas\u0131.<\/li>\n\n\n\n<li>Platformumuzla ilgili olmayan teknik sorunlardan (\u00f6rne\u011fin kullan\u0131c\u0131n\u0131n internet veya cihaz sorunlar\u0131) kaynaklanan memnuniyetsizlik.<\/li>\n<\/ul>\n\n\n\n<h4 class=\"wp-block-heading\"><strong>3. Geri \u00d6deme Talebinde Bulunma<\/strong><\/h4>\n\n\n\n<p>Geri \u00f6deme talebinde bulunmak i\u00e7in l\u00fctfen:<\/p>\n\n\n\n<ol class=\"wp-block-list\">\n<li>Bize e-posta g\u00f6nderin <strong><a>info@globaltraining.com<\/a><\/strong> Sipari\u015f numaran\u0131z, kurs ad\u0131n\u0131z ve iade talebinizin sebebi ile birlikte bize e-posta g\u00f6nderebilirsiniz.<\/li>\n\n\n\n<li>Bize izin verin <strong>5 i\u015f g\u00fcn\u00fc<\/strong> Talebinizi incelemek i\u00e7in.<\/li>\n<\/ol>\n\n\n\n<h4 class=\"wp-block-heading\"><strong>4. Onaylanan Geri \u00d6demeler<\/strong><\/h4>\n\n\n\n<p>\u0130adeniz onaylan\u0131rsa:<\/p>\n\n\n\n<ul class=\"wp-block-list\">\n<li>Tutar, orijinal \u00f6deme y\u00f6nteminize geri yat\u0131r\u0131lacakt\u0131r. <strong>10 i\u015f g\u00fcn\u00fc<\/strong>.<\/li>\n\n\n\n<li>\u0130adeniz i\u015fleme al\u0131nd\u0131\u011f\u0131nda bir onay e-postas\u0131 g\u00f6nderilecektir.<\/li>\n<\/ul>\n\n\n\n<h4 class=\"wp-block-heading\"><strong>5. \u0130ade \u0130ncelemesi S\u0131ras\u0131nda Kurs Eri\u015fimi<\/strong><\/h4>\n\n\n\n<p>\u0130ade talebiniz incelenirken kursa eri\u015fiminiz ge\u00e7ici olarak k\u0131s\u0131tlanabilir.<\/p>\n\n\n\n<h4 class=\"wp-block-heading\"><strong>6. Bizimle \u0130leti\u015fime Ge\u00e7in<\/strong><\/h4>\n\n\n\n<p>\u0130ade politikam\u0131zla ilgili sorular\u0131n\u0131z veya endi\u015feleriniz varsa l\u00fctfen bizimle ileti\u015fime ge\u00e7in:<br><strong>Geli\u015fmi\u015f G\u00fcvenlik LLC<\/strong><br>319 Mekke Caddesi<br>Lafayette, LA 70508<br><strong>E-posta<\/strong>: <a>info@globaltraining.com<\/a><\/p>\n\n\n\n<p>Mesleki geli\u015fim ihtiya\u00e7lar\u0131n\u0131z i\u00e7in Advanced Safety LLC&#039;yi se\u00e7ti\u011finiz i\u00e7in te\u015fekk\u00fcr ederiz.<\/p>","protected":false},"excerpt":{"rendered":"<p>Effective Date: 1\/1\/2025 At Global Safety &amp; Environmental we are committed to providing high-quality online courses to enhance your knowledge and skills. To ensure a fair and transparent process, we have outlined our return and refund policy below. 1. Eligibility for Refunds Refund requests must meet the following conditions to be considered: 2. Non-Refundable Items [&hellip;]<\/p>\n","protected":false},"author":894,"featured_media":0,"parent":0,"menu_order":0,"comment_status":"closed","ping_status":"closed","template":"","meta":{"_et_pb_use_builder":"off","_et_pb_old_content":"","_et_gb_content_width":"","footnotes":""},"class_list":["post-32070","page","type-page","status-publish","hentry"],"yoast_head":"<!-- This site is optimized with the Yoast SEO plugin v27.4 - https:\/\/yoast.com\/product\/yoast-seo-wordpress\/ -->\n<title>Return and Refund Policy - Global Safety &amp; Environmental<\/title>\n<meta name=\"robots\" content=\"index, follow, max-snippet:-1, max-image-preview:large, max-video-preview:-1\" \/>\n<link rel=\"canonical\" href=\"https:\/\/globaltraining.com\/tr\/iade-ve-geri-odeme-politikasi\/\" \/>\n<meta property=\"og:locale\" content=\"tr_TR\" \/>\n<meta property=\"og:type\" content=\"article\" \/>\n<meta property=\"og:title\" content=\"Return and Refund Policy - Global Safety &amp; Environmental\" \/>\n<meta property=\"og:description\" content=\"Effective Date: 1\/1\/2025 At Global Safety &amp; Environmental we are committed to providing high-quality online courses to enhance your knowledge and skills. To ensure a fair and transparent process, we have outlined our return and refund policy below. 1. Eligibility for Refunds Refund requests must meet the following conditions to be considered: 2. Non-Refundable Items [&hellip;]\" \/>\n<meta property=\"og:url\" content=\"https:\/\/globaltraining.com\/tr\/iade-ve-geri-odeme-politikasi\/\" \/>\n<meta property=\"og:site_name\" content=\"Global Safety &amp; Environmental\" \/>\n<meta property=\"article:modified_time\" content=\"2025-01-07T16:55:29+00:00\" \/>\n<meta name=\"twitter:card\" content=\"summary_large_image\" \/>\n<meta name=\"twitter:label1\" content=\"Est. reading time\" \/>\n\t<meta name=\"twitter:data1\" content=\"2 minutes\" \/>\n<script type=\"application\/ld+json\" class=\"yoast-schema-graph\">{\"@context\":\"https:\\\/\\\/schema.org\",\"@graph\":[{\"@type\":\"WebPage\",\"@id\":\"https:\\\/\\\/globaltraining.com\\\/return-and-refund-policy\\\/\",\"url\":\"https:\\\/\\\/globaltraining.com\\\/return-and-refund-policy\\\/\",\"name\":\"Return and Refund Policy - Global Safety &amp; Environmental\",\"isPartOf\":{\"@id\":\"https:\\\/\\\/globaltraining.com\\\/#website\"},\"datePublished\":\"2025-01-07T16:49:35+00:00\",\"dateModified\":\"2025-01-07T16:55:29+00:00\",\"breadcrumb\":{\"@id\":\"https:\\\/\\\/globaltraining.com\\\/return-and-refund-policy\\\/#breadcrumb\"},\"inLanguage\":\"tr-TR\",\"potentialAction\":[{\"@type\":\"ReadAction\",\"target\":[\"https:\\\/\\\/globaltraining.com\\\/return-and-refund-policy\\\/\"]}]},{\"@type\":\"BreadcrumbList\",\"@id\":\"https:\\\/\\\/globaltraining.com\\\/return-and-refund-policy\\\/#breadcrumb\",\"itemListElement\":[{\"@type\":\"ListItem\",\"position\":1,\"name\":\"Home\",\"item\":\"https:\\\/\\\/globaltraining.com\\\/\"},{\"@type\":\"ListItem\",\"position\":2,\"name\":\"Return and Refund Policy\"}]},{\"@type\":\"WebSite\",\"@id\":\"https:\\\/\\\/globaltraining.com\\\/#website\",\"url\":\"https:\\\/\\\/globaltraining.com\\\/\",\"name\":\"Global Safety & Environmental\",\"description\":\"Full Service Health, Safety, and Environmental Courses\",\"publisher\":{\"@id\":\"https:\\\/\\\/globaltraining.com\\\/#organization\"},\"potentialAction\":[{\"@type\":\"SearchAction\",\"target\":{\"@type\":\"EntryPoint\",\"urlTemplate\":\"https:\\\/\\\/globaltraining.com\\\/?s={search_term_string}\"},\"query-input\":{\"@type\":\"PropertyValueSpecification\",\"valueRequired\":true,\"valueName\":\"search_term_string\"}}],\"inLanguage\":\"tr-TR\"},{\"@type\":\"Organization\",\"@id\":\"https:\\\/\\\/globaltraining.com\\\/#organization\",\"name\":\"Global Safety & Environmental\",\"url\":\"https:\\\/\\\/globaltraining.com\\\/\",\"logo\":{\"@type\":\"ImageObject\",\"inLanguage\":\"tr-TR\",\"@id\":\"https:\\\/\\\/globaltraining.com\\\/#\\\/schema\\\/logo\\\/image\\\/\",\"url\":\"https:\\\/\\\/globaltraining.com\\\/wp-content\\\/uploads\\\/2021\\\/01\\\/GSE-Logo-for-email.png\",\"contentUrl\":\"https:\\\/\\\/globaltraining.com\\\/wp-content\\\/uploads\\\/2021\\\/01\\\/GSE-Logo-for-email.png\",\"width\":400,\"height\":101,\"caption\":\"Global Safety & Environmental\"},\"image\":{\"@id\":\"https:\\\/\\\/globaltraining.com\\\/#\\\/schema\\\/logo\\\/image\\\/\"}}]}<\/script>\n<!-- \/ Yoast SEO plugin. -->","yoast_head_json":{"title":"\u0130ade ve Geri \u00d6deme Politikas\u0131 - K\u00fcresel G\u00fcvenlik ve \u00c7evre","robots":{"index":"index","follow":"follow","max-snippet":"max-snippet:-1","max-image-preview":"max-image-preview:large","max-video-preview":"max-video-preview:-1"},"canonical":"https:\/\/globaltraining.com\/tr\/iade-ve-geri-odeme-politikasi\/","og_locale":"tr_TR","og_type":"article","og_title":"Return and Refund Policy - Global Safety &amp; Environmental","og_description":"Effective Date: 1\/1\/2025 At Global Safety &amp; Environmental we are committed to providing high-quality online courses to enhance your knowledge and skills. To ensure a fair and transparent process, we have outlined our return and refund policy below. 1. Eligibility for Refunds Refund requests must meet the following conditions to be considered: 2. Non-Refundable Items [&hellip;]","og_url":"https:\/\/globaltraining.com\/tr\/iade-ve-geri-odeme-politikasi\/","og_site_name":"Global Safety &amp; Environmental","article_modified_time":"2025-01-07T16:55:29+00:00","twitter_card":"summary_large_image","twitter_misc":{"Est. reading time":"2 minutes"},"schema":{"@context":"https:\/\/schema.org","@graph":[{"@type":"WebPage","@id":"https:\/\/globaltraining.com\/return-and-refund-policy\/","url":"https:\/\/globaltraining.com\/return-and-refund-policy\/","name":"\u0130ade ve Geri \u00d6deme Politikas\u0131 - K\u00fcresel G\u00fcvenlik ve \u00c7evre","isPartOf":{"@id":"https:\/\/globaltraining.com\/#website"},"datePublished":"2025-01-07T16:49:35+00:00","dateModified":"2025-01-07T16:55:29+00:00","breadcrumb":{"@id":"https:\/\/globaltraining.com\/return-and-refund-policy\/#breadcrumb"},"inLanguage":"tr-TR","potentialAction":[{"@type":"ReadAction","target":["https:\/\/globaltraining.com\/return-and-refund-policy\/"]}]},{"@type":"BreadcrumbList","@id":"https:\/\/globaltraining.com\/return-and-refund-policy\/#breadcrumb","itemListElement":[{"@type":"ListItem","position":1,"name":"Home","item":"https:\/\/globaltraining.com\/"},{"@type":"ListItem","position":2,"name":"Return and Refund Policy"}]},{"@type":"WebSite","@id":"https:\/\/globaltraining.com\/#website","url":"https:\/\/globaltraining.com\/","name":"K\u00fcresel G\u00fcvenlik ve \u00c7evre","description":"Tam Hizmet Sa\u011fl\u0131k, G\u00fcvenlik ve \u00c7evre Kurslar\u0131","publisher":{"@id":"https:\/\/globaltraining.com\/#organization"},"potentialAction":[{"@type":"SearchAction","target":{"@type":"EntryPoint","urlTemplate":"https:\/\/globaltraining.com\/?s={search_term_string}"},"query-input":{"@type":"PropertyValueSpecification","valueRequired":true,"valueName":"search_term_string"}}],"inLanguage":"tr-TR"},{"@type":"Organization","@id":"https:\/\/globaltraining.com\/#organization","name":"K\u00fcresel G\u00fcvenlik ve \u00c7evre","url":"https:\/\/globaltraining.com\/","logo":{"@type":"ImageObject","inLanguage":"tr-TR","@id":"https:\/\/globaltraining.com\/#\/schema\/logo\/image\/","url":"https:\/\/globaltraining.com\/wp-content\/uploads\/2021\/01\/GSE-Logo-for-email.png","contentUrl":"https:\/\/globaltraining.com\/wp-content\/uploads\/2021\/01\/GSE-Logo-for-email.png","width":400,"height":101,"caption":"Global Safety & Environmental"},"image":{"@id":"https:\/\/globaltraining.com\/#\/schema\/logo\/image\/"}}]}},"_links":{"self":[{"href":"https:\/\/globaltraining.com\/tr\/wp-json\/wp\/v2\/pages\/32070","targetHints":{"allow":["GET"]}}],"collection":[{"href":"https:\/\/globaltraining.com\/tr\/wp-json\/wp\/v2\/pages"}],"about":[{"href":"https:\/\/globaltraining.com\/tr\/wp-json\/wp\/v2\/types\/page"}],"author":[{"embeddable":true,"href":"https:\/\/globaltraining.com\/tr\/wp-json\/wp\/v2\/users\/894"}],"replies":[{"embeddable":true,"href":"https:\/\/globaltraining.com\/tr\/wp-json\/wp\/v2\/comments?post=32070"}],"version-history":[{"count":2,"href":"https:\/\/globaltraining.com\/tr\/wp-json\/wp\/v2\/pages\/32070\/revisions"}],"predecessor-version":[{"id":32074,"href":"https:\/\/globaltraining.com\/tr\/wp-json\/wp\/v2\/pages\/32070\/revisions\/32074"}],"wp:attachment":[{"href":"https:\/\/globaltraining.com\/tr\/wp-json\/wp\/v2\/media?parent=32070"}],"curies":[{"name":"wp","href":"https:\/\/api.w.org\/{rel}","templated":true}]}}