{"id":28588,"date":"2023-09-12T11:19:31","date_gmt":"2023-09-12T16:19:31","guid":{"rendered":"https:\/\/globaltraining.com\/?post_type=product&#038;p=28588"},"modified":"2024-11-27T16:06:32","modified_gmt":"2024-11-27T22:06:32","slug":"seguridad-en-el-lugar-de-trabajo","status":"publish","type":"product","link":"https:\/\/globaltraining.com\/es\/product\/workplace-security\/","title":{"rendered":"Seguridad en el lugar de trabajo"},"content":{"rendered":"<h2>Bienvenido a Seguridad en el lugar de trabajo: capacitaci\u00f3n en l\u00ednea<\/h2>\n<p>\u00bfLe preocupa la seguridad y la protecci\u00f3n en el lugar de trabajo? Has venido al lugar correcto. Nuestro completo curso de capacitaci\u00f3n en l\u00ednea se enfoca en mejorar la seguridad en el lugar de trabajo, equip\u00e1ndolo con el conocimiento y las habilidades para crear un entorno m\u00e1s seguro para usted y sus colegas. La seguridad en el lugar de trabajo es nuestra principal palabra clave y estamos comprometidos a brindarle la mejor educaci\u00f3n en esta \u00e1rea vital.<\/p>\n<h2>\u00bfPor qu\u00e9 elegir la formaci\u00f3n online?<\/h2>\n<p>Es posible que los m\u00e9todos de formaci\u00f3n tradicionales no siempre sean accesibles o convenientes para todos. Con nuestro programa de capacitaci\u00f3n en l\u00ednea, tiene la flexibilidad de aprender a su propio ritmo, desde cualquier lugar con conexi\u00f3n a Internet. Ya sea que sea un profesional ocupado o alguien que busca mejorar su curr\u00edculum, nuestra plataforma en l\u00ednea hace que sea m\u00e1s f\u00e1cil que nunca adquirir experiencia en seguridad en el lugar de trabajo.<\/p>\n<h2>Seguridad y protecci\u00f3n en el lugar de trabajo<\/h2>\n<p>Crear un lugar de trabajo seguro es primordial para el bienestar de los empleados y el \u00e9xito de cualquier organizaci\u00f3n. Nuestro curso profundiza en los conceptos de seguridad y protecci\u00f3n, cubriendo temas como evaluaci\u00f3n de riesgos, respuesta a emergencias y resoluci\u00f3n de conflictos. Tambi\u00e9n aprender\u00e1 c\u00f3mo identificar amenazas potenciales e implementar medidas preventivas para mitigarlas.<\/p>\n<h2>Beneficios clave de nuestra capacitaci\u00f3n<\/h2>\n<p>1. Orientaci\u00f3n experta: Nuestros instructores son expertos de la industria con a\u00f1os de experiencia en seguridad en espacios de trabajo. Recibir\u00e1s orientaci\u00f3n de los mejores en el campo.<\/p>\n<p>2. Aprendizaje interactivo: nuestra plataforma en l\u00ednea ofrece m\u00f3dulos interactivos, cuestionarios y escenarios del mundo real para mejorar su experiencia de aprendizaje.<\/p>\n<p>3. Flexibilidad: aprende a tu propio ritmo y seg\u00fan tu horario. No es necesario apresurarse con el material; Tienes acceso 24\/7.<\/p>\n<h2>D\u00e9 el primer paso hacia un lugar de trabajo seguro<\/h2>\n<p>Invierta hoy en su futuro y en la seguridad de su lugar de trabajo. Inscr\u00edbase en nuestro curso de capacitaci\u00f3n en l\u00ednea y obtenga el conocimiento y las habilidades necesarias para crear un entorno seguro para todos. No esperes; Comience su viaje hacia la seguridad en el lugar de trabajo ahora.<!-- Call to Action --><\/p>\n<p>Asegure su lugar de trabajo y su carrera con nuestra capacitaci\u00f3n integral en l\u00ednea. \u00a1Enl\u00edstate ahora!<\/p>","protected":false},"excerpt":{"rendered":"<p>Empod\u00e9rate con nuestra Seguridad en el lugar de trabajo: capacitaci\u00f3n en l\u00ednea. Desarrollar habilidades esenciales y crear lugares de trabajo m\u00e1s seguros. \u00a1Inscr\u00edbete hoy!<\/p>","protected":false},"featured_media":15345,"template":"","meta":{"_et_pb_use_builder":"","_et_pb_old_content":"","_et_gb_content_width":""},"product_brand":[],"product_cat":[131,148,163,165,172,173],"product_tag":[],"class_list":{"0":"post-28588","1":"product","2":"type-product","3":"status-publish","4":"has-post-thumbnail","6":"product_cat-emergency-preparedness","7":"product_cat-hr","8":"product_cat-safety-admin","9":"product_cat-security","10":"product_cat-workplace-policies-and-procedures","11":"product_cat-workplace-violence","13":"first","14":"instock","15":"virtual","16":"sold-individually","17":"purchasable","18":"product-type-simple"},"yoast_head":"<!-- This site is optimized with the Yoast SEO plugin v27.3 - https:\/\/yoast.com\/product\/yoast-seo-wordpress\/ -->\n<title>Workplace Security - Global Safety &amp; Environmental<\/title>\n<meta name=\"description\" content=\"Enhance workplace security with our online training course. Learn safety and security in the workplace at your pace.\" \/>\n<meta name=\"robots\" content=\"index, follow, max-snippet:-1, max-image-preview:large, max-video-preview:-1\" \/>\n<link rel=\"canonical\" href=\"https:\/\/globaltraining.com\/es\/producto\/seguridad-en-el-lugar-de-trabajo\/\" \/>\n<meta property=\"og:locale\" content=\"es_MX\" \/>\n<meta property=\"og:type\" content=\"article\" \/>\n<meta property=\"og:title\" content=\"Workplace Security - Global Safety &amp; Environmental\" \/>\n<meta property=\"og:description\" content=\"Enhance workplace security with our online training course. Learn safety and security in the workplace at your pace.\" \/>\n<meta property=\"og:url\" content=\"https:\/\/globaltraining.com\/es\/producto\/seguridad-en-el-lugar-de-trabajo\/\" \/>\n<meta property=\"og:site_name\" content=\"Global Safety &amp; Environmental\" \/>\n<meta property=\"article:modified_time\" content=\"2024-11-27T22:06:32+00:00\" \/>\n<meta property=\"og:image\" content=\"https:\/\/globaltraining.com\/wp-content\/uploads\/2023\/06\/Workplace-Security-1.jpg\" \/>\n\t<meta property=\"og:image:width\" content=\"1200\" \/>\n\t<meta property=\"og:image:height\" content=\"800\" \/>\n\t<meta property=\"og:image:type\" content=\"image\/jpeg\" \/>\n<meta name=\"twitter:card\" content=\"summary_large_image\" \/>\n<meta name=\"twitter:label1\" content=\"Est. reading time\" \/>\n\t<meta name=\"twitter:data1\" content=\"2 minutes\" \/>\n<script type=\"application\/ld+json\" class=\"yoast-schema-graph\">{\"@context\":\"https:\\\/\\\/schema.org\",\"@graph\":[{\"@type\":\"WebPage\",\"@id\":\"https:\\\/\\\/globaltraining.com\\\/product\\\/workplace-security\\\/\",\"url\":\"https:\\\/\\\/globaltraining.com\\\/product\\\/workplace-security\\\/\",\"name\":\"Workplace Security - Global Safety &amp; Environmental\",\"isPartOf\":{\"@id\":\"https:\\\/\\\/globaltraining.com\\\/#website\"},\"primaryImageOfPage\":{\"@id\":\"https:\\\/\\\/globaltraining.com\\\/product\\\/workplace-security\\\/#primaryimage\"},\"image\":{\"@id\":\"https:\\\/\\\/globaltraining.com\\\/product\\\/workplace-security\\\/#primaryimage\"},\"thumbnailUrl\":\"https:\\\/\\\/globaltraining.com\\\/wp-content\\\/uploads\\\/2023\\\/06\\\/Workplace-Security-1.jpg\",\"datePublished\":\"2023-09-12T16:19:31+00:00\",\"dateModified\":\"2024-11-27T22:06:32+00:00\",\"description\":\"Enhance workplace security with our online training course. Learn safety and security in the workplace at your pace.\",\"breadcrumb\":{\"@id\":\"https:\\\/\\\/globaltraining.com\\\/product\\\/workplace-security\\\/#breadcrumb\"},\"inLanguage\":\"es-MX\",\"potentialAction\":[{\"@type\":\"ReadAction\",\"target\":[\"https:\\\/\\\/globaltraining.com\\\/product\\\/workplace-security\\\/\"]}]},{\"@type\":\"ImageObject\",\"inLanguage\":\"es-MX\",\"@id\":\"https:\\\/\\\/globaltraining.com\\\/product\\\/workplace-security\\\/#primaryimage\",\"url\":\"https:\\\/\\\/globaltraining.com\\\/wp-content\\\/uploads\\\/2023\\\/06\\\/Workplace-Security-1.jpg\",\"contentUrl\":\"https:\\\/\\\/globaltraining.com\\\/wp-content\\\/uploads\\\/2023\\\/06\\\/Workplace-Security-1.jpg\",\"width\":1200,\"height\":800,\"caption\":\"Workplace Security\"},{\"@type\":\"BreadcrumbList\",\"@id\":\"https:\\\/\\\/globaltraining.com\\\/product\\\/workplace-security\\\/#breadcrumb\",\"itemListElement\":[{\"@type\":\"ListItem\",\"position\":1,\"name\":\"Home\",\"item\":\"https:\\\/\\\/globaltraining.com\\\/\"},{\"@type\":\"ListItem\",\"position\":2,\"name\":\"Productos\",\"item\":\"https:\\\/\\\/globaltraining.com\\\/es\\\/shop\\\/\"},{\"@type\":\"ListItem\",\"position\":3,\"name\":\"Workplace Security\"}]},{\"@type\":\"WebSite\",\"@id\":\"https:\\\/\\\/globaltraining.com\\\/#website\",\"url\":\"https:\\\/\\\/globaltraining.com\\\/\",\"name\":\"Global Safety & Environmental\",\"description\":\"Full Service Health, Safety, and Environmental Courses\",\"publisher\":{\"@id\":\"https:\\\/\\\/globaltraining.com\\\/#organization\"},\"potentialAction\":[{\"@type\":\"SearchAction\",\"target\":{\"@type\":\"EntryPoint\",\"urlTemplate\":\"https:\\\/\\\/globaltraining.com\\\/?s={search_term_string}\"},\"query-input\":{\"@type\":\"PropertyValueSpecification\",\"valueRequired\":true,\"valueName\":\"search_term_string\"}}],\"inLanguage\":\"es-MX\"},{\"@type\":\"Organization\",\"@id\":\"https:\\\/\\\/globaltraining.com\\\/#organization\",\"name\":\"Global Safety & Environmental\",\"url\":\"https:\\\/\\\/globaltraining.com\\\/\",\"logo\":{\"@type\":\"ImageObject\",\"inLanguage\":\"es-MX\",\"@id\":\"https:\\\/\\\/globaltraining.com\\\/#\\\/schema\\\/logo\\\/image\\\/\",\"url\":\"https:\\\/\\\/globaltraining.com\\\/wp-content\\\/uploads\\\/2021\\\/01\\\/GSE-Logo-for-email.png\",\"contentUrl\":\"https:\\\/\\\/globaltraining.com\\\/wp-content\\\/uploads\\\/2021\\\/01\\\/GSE-Logo-for-email.png\",\"width\":400,\"height\":101,\"caption\":\"Global Safety & Environmental\"},\"image\":{\"@id\":\"https:\\\/\\\/globaltraining.com\\\/#\\\/schema\\\/logo\\\/image\\\/\"}}]}<\/script>\n<!-- \/ Yoast SEO plugin. -->","yoast_head_json":{"title":"Seguridad en el lugar de trabajo - Seguridad y medio ambiente global","description":"Mejore la seguridad en el lugar de trabajo con nuestro curso de capacitaci\u00f3n en l\u00ednea. Aprenda sobre seguridad y protecci\u00f3n en el lugar de trabajo a su propio ritmo.","robots":{"index":"index","follow":"follow","max-snippet":"max-snippet:-1","max-image-preview":"max-image-preview:large","max-video-preview":"max-video-preview:-1"},"canonical":"https:\/\/globaltraining.com\/es\/producto\/seguridad-en-el-lugar-de-trabajo\/","og_locale":"es_MX","og_type":"article","og_title":"Workplace Security - Global Safety &amp; Environmental","og_description":"Enhance workplace security with our online training course. Learn safety and security in the workplace at your pace.","og_url":"https:\/\/globaltraining.com\/es\/producto\/seguridad-en-el-lugar-de-trabajo\/","og_site_name":"Global Safety &amp; Environmental","article_modified_time":"2024-11-27T22:06:32+00:00","og_image":[{"width":1200,"height":800,"url":"https:\/\/globaltraining.com\/wp-content\/uploads\/2023\/06\/Workplace-Security-1.jpg","type":"image\/jpeg"}],"twitter_card":"summary_large_image","twitter_misc":{"Est. reading time":"2 minutes"},"schema":{"@context":"https:\/\/schema.org","@graph":[{"@type":"WebPage","@id":"https:\/\/globaltraining.com\/product\/workplace-security\/","url":"https:\/\/globaltraining.com\/product\/workplace-security\/","name":"Seguridad en el lugar de trabajo - Seguridad y medio ambiente global","isPartOf":{"@id":"https:\/\/globaltraining.com\/#website"},"primaryImageOfPage":{"@id":"https:\/\/globaltraining.com\/product\/workplace-security\/#primaryimage"},"image":{"@id":"https:\/\/globaltraining.com\/product\/workplace-security\/#primaryimage"},"thumbnailUrl":"https:\/\/globaltraining.com\/wp-content\/uploads\/2023\/06\/Workplace-Security-1.jpg","datePublished":"2023-09-12T16:19:31+00:00","dateModified":"2024-11-27T22:06:32+00:00","description":"Mejore la seguridad en el lugar de trabajo con nuestro curso de capacitaci\u00f3n en l\u00ednea. Aprenda sobre seguridad y protecci\u00f3n en el lugar de trabajo a su propio ritmo.","breadcrumb":{"@id":"https:\/\/globaltraining.com\/product\/workplace-security\/#breadcrumb"},"inLanguage":"es-MX","potentialAction":[{"@type":"ReadAction","target":["https:\/\/globaltraining.com\/product\/workplace-security\/"]}]},{"@type":"ImageObject","inLanguage":"es-MX","@id":"https:\/\/globaltraining.com\/product\/workplace-security\/#primaryimage","url":"https:\/\/globaltraining.com\/wp-content\/uploads\/2023\/06\/Workplace-Security-1.jpg","contentUrl":"https:\/\/globaltraining.com\/wp-content\/uploads\/2023\/06\/Workplace-Security-1.jpg","width":1200,"height":800,"caption":"Workplace Security"},{"@type":"BreadcrumbList","@id":"https:\/\/globaltraining.com\/product\/workplace-security\/#breadcrumb","itemListElement":[{"@type":"ListItem","position":1,"name":"Home","item":"https:\/\/globaltraining.com\/"},{"@type":"ListItem","position":2,"name":"Productos","item":"https:\/\/globaltraining.com\/es\/shop\/"},{"@type":"ListItem","position":3,"name":"Workplace Security"}]},{"@type":"WebSite","@id":"https:\/\/globaltraining.com\/#website","url":"https:\/\/globaltraining.com\/","name":"Seguridad y medio ambiente a nivel mundial","description":"Cursos completos de salud, seguridad y medio ambiente","publisher":{"@id":"https:\/\/globaltraining.com\/#organization"},"potentialAction":[{"@type":"SearchAction","target":{"@type":"EntryPoint","urlTemplate":"https:\/\/globaltraining.com\/?s={search_term_string}"},"query-input":{"@type":"PropertyValueSpecification","valueRequired":true,"valueName":"search_term_string"}}],"inLanguage":"es-MX"},{"@type":"Organization","@id":"https:\/\/globaltraining.com\/#organization","name":"Seguridad y medio ambiente a nivel mundial","url":"https:\/\/globaltraining.com\/","logo":{"@type":"ImageObject","inLanguage":"es-MX","@id":"https:\/\/globaltraining.com\/#\/schema\/logo\/image\/","url":"https:\/\/globaltraining.com\/wp-content\/uploads\/2021\/01\/GSE-Logo-for-email.png","contentUrl":"https:\/\/globaltraining.com\/wp-content\/uploads\/2021\/01\/GSE-Logo-for-email.png","width":400,"height":101,"caption":"Global Safety & Environmental"},"image":{"@id":"https:\/\/globaltraining.com\/#\/schema\/logo\/image\/"}}]}},"_links":{"self":[{"href":"https:\/\/globaltraining.com\/es\/wp-json\/wp\/v2\/product\/28588","targetHints":{"allow":["GET"]}}],"collection":[{"href":"https:\/\/globaltraining.com\/es\/wp-json\/wp\/v2\/product"}],"about":[{"href":"https:\/\/globaltraining.com\/es\/wp-json\/wp\/v2\/types\/product"}],"wp:featuredmedia":[{"embeddable":true,"href":"https:\/\/globaltraining.com\/es\/wp-json\/wp\/v2\/media\/15345"}],"wp:attachment":[{"href":"https:\/\/globaltraining.com\/es\/wp-json\/wp\/v2\/media?parent=28588"}],"wp:term":[{"taxonomy":"product_brand","embeddable":true,"href":"https:\/\/globaltraining.com\/es\/wp-json\/wp\/v2\/product_brand?post=28588"},{"taxonomy":"product_cat","embeddable":true,"href":"https:\/\/globaltraining.com\/es\/wp-json\/wp\/v2\/product_cat?post=28588"},{"taxonomy":"product_tag","embeddable":true,"href":"https:\/\/globaltraining.com\/es\/wp-json\/wp\/v2\/product_tag?post=28588"}],"curies":[{"name":"Gracias","href":"https:\/\/api.w.org\/{rel}","templated":true}]}}