{"id":28556,"date":"2023-09-11T11:55:35","date_gmt":"2023-09-11T16:55:35","guid":{"rendered":"https:\/\/globaltraining.com\/?post_type=product&#038;p=28556"},"modified":"2024-11-27T16:57:40","modified_gmt":"2024-11-27T22:57:40","slug":"seguridad-de-herramientas-accionadas-por-polvo","status":"publish","type":"product","link":"https:\/\/globaltraining.com\/es\/product\/powdered-actuated-tool-safety\/","title":{"rendered":"Seguridad de herramientas reales en polvo"},"content":{"rendered":"<h2>Comprender la seguridad de las herramientas reales con polvo: una habilidad vital en el lugar de trabajo<\/h2>\n<p>La seguridad de las herramientas reales en polvo es un aspecto crucial de la seguridad en el lugar de trabajo que nunca debe subestimarse. Esta capacitaci\u00f3n especializada brinda a los trabajadores el conocimiento y las habilidades necesarios para manipular y operar de manera segura herramientas reales en polvo. Nuestro curso integral sobre seguridad de herramientas reales en polvo est\u00e1 dise\u00f1ado para brindarle la experiencia necesaria para mitigar los riesgos y garantizar un entorno de trabajo seguro.<\/p>\n<h2>La importancia de las herramientas reales en polvo<\/h2>\n<p>Las herramientas reales en polvo desempe\u00f1an un papel fundamental en diversas industrias, incluidas la manufactura, la construcci\u00f3n y la automoci\u00f3n. Estas herramientas, como las pistolas de clavos accionadas por p\u00f3lvora, son muy eficientes pero pueden ser peligrosas si no se manejan correctamente. Nuestro curso profundiza en la importancia de las herramientas reales en polvo, sus aplicaciones y los riesgos potenciales que plantean cuando se usan incorrectamente.<\/p>\n<h2>Dominar la seguridad de las herramientas reales con polvo<\/h2>\n<p>Nuestro programa de capacitaci\u00f3n est\u00e1 dise\u00f1ado para ayudarlo a dominar la seguridad real de las herramientas con polvo. Conocer\u00e1s los diferentes tipos de herramientas reales en polvo, sus componentes y las medidas de seguridad imprescindibles para su funcionamiento. Hacemos hincapi\u00e9 en la capacitaci\u00f3n pr\u00e1ctica, garantizando que usted domine el manejo, carga y disparo seguros de estas herramientas, y al mismo tiempo minimizamos posibles incidentes en el lugar de trabajo.<\/p>\n<h2>\u00bfPor qu\u00e9 elegir nuestro curso?<\/h2>\n<p>Inscribirse en nuestro curso de Herramientas reales en polvo ofrece varias ventajas. Nuestros instructores experimentados son expertos en seguridad en el lugar de trabajo y lo guiar\u00e1n a trav\u00e9s de todo el proceso de capacitaci\u00f3n. Al finalizar con \u00e9xito, recibir\u00e1 una valiosa certificaci\u00f3n que demostrar\u00e1 su compromiso con la seguridad y lo convertir\u00e1 en un activo valioso en su industria. \u00a1\u00danase a nosotros hoy y mejore sus habilidades de seguridad en el lugar de trabajo!<\/p>\n<h2>\u00a1Da el primer paso hacia la seguridad real de las herramientas con polvo!<\/h2>\n<p>No espere hasta que ocurra un accidente debido al mal manejo de herramientas reales en polvo. Inscr\u00edbase ahora en nuestro curso de Herramientas reales en polvo y obtenga el conocimiento y las habilidades necesarias para prevenir incidentes en el lugar de trabajo. Si usted es un empleador que busca mejorar la seguridad en el lugar de trabajo o un empleado dedicado a protegerse a s\u00ed mismo y a sus colegas, nuestro curso es su puerta de entrada a un futuro m\u00e1s seguro.<\/p>","protected":false},"excerpt":{"rendered":"<p>Mejore la seguridad en el lugar de trabajo con nuestro curso especializado en seguridad de herramientas reales en polvo. Obtenga competencia en el manejo y operaci\u00f3n de herramientas reales en polvo, reduciendo los riesgos en el lugar de trabajo. Reciba una valiosa certificaci\u00f3n y contribuya a un ambiente de trabajo m\u00e1s seguro. \u00a1Inscr\u00edbase ahora para un futuro m\u00e1s seguro!<\/p>","protected":false},"featured_media":15325,"template":"","meta":{"_et_pb_use_builder":"","_et_pb_old_content":"","_et_gb_content_width":""},"product_brand":[],"product_cat":[122,132,139,175,168],"product_tag":[],"class_list":{"0":"post-28556","1":"product","2":"type-product","3":"status-publish","4":"has-post-thumbnail","6":"product_cat-construction","7":"product_cat-equipment","8":"product_cat-hand-and-power-tools","9":"product_cat-material-handling","10":"product_cat-tools","12":"first","13":"instock","14":"virtual","15":"sold-individually","16":"purchasable","17":"product-type-simple"},"yoast_head":"<!-- This site is optimized with the Yoast SEO plugin v27.3 - https:\/\/yoast.com\/product\/yoast-seo-wordpress\/ -->\n<title>Powdered Actual Tool Safety - Global Safety &amp; Environmental<\/title>\n<meta name=\"description\" content=\"Master powdered actual tool safety with our comprehensive course. Learn to handle and operate powdered actual tools safely. Enroll today!\" \/>\n<meta name=\"robots\" content=\"index, follow, max-snippet:-1, max-image-preview:large, max-video-preview:-1\" \/>\n<link rel=\"canonical\" href=\"https:\/\/globaltraining.com\/es\/producto\/seguridad-de-herramientas-accionadas-por-polvo\/\" \/>\n<meta property=\"og:locale\" content=\"es_MX\" \/>\n<meta property=\"og:type\" content=\"article\" \/>\n<meta property=\"og:title\" content=\"Powdered Actual Tool Safety - Global Safety &amp; Environmental\" \/>\n<meta property=\"og:description\" content=\"Master powdered actual tool safety with our comprehensive course. Learn to handle and operate powdered actual tools safely. Enroll today!\" \/>\n<meta property=\"og:url\" content=\"https:\/\/globaltraining.com\/es\/producto\/seguridad-de-herramientas-accionadas-por-polvo\/\" \/>\n<meta property=\"og:site_name\" content=\"Global Safety &amp; Environmental\" \/>\n<meta property=\"article:modified_time\" content=\"2024-11-27T22:57:40+00:00\" \/>\n<meta property=\"og:image\" content=\"https:\/\/globaltraining.com\/wp-content\/uploads\/2023\/06\/Powder-Actuated-Tool-Featured-1.jpg\" \/>\n\t<meta property=\"og:image:width\" content=\"1200\" \/>\n\t<meta property=\"og:image:height\" content=\"800\" \/>\n\t<meta property=\"og:image:type\" content=\"image\/jpeg\" \/>\n<meta name=\"twitter:card\" content=\"summary_large_image\" \/>\n<meta name=\"twitter:label1\" content=\"Est. reading time\" \/>\n\t<meta name=\"twitter:data1\" content=\"2 minutes\" \/>\n<script type=\"application\/ld+json\" class=\"yoast-schema-graph\">{\"@context\":\"https:\\\/\\\/schema.org\",\"@graph\":[{\"@type\":\"WebPage\",\"@id\":\"https:\\\/\\\/globaltraining.com\\\/product\\\/powdered-actuated-tool-safety\\\/\",\"url\":\"https:\\\/\\\/globaltraining.com\\\/product\\\/powdered-actuated-tool-safety\\\/\",\"name\":\"Powdered Actual Tool Safety - Global Safety &amp; Environmental\",\"isPartOf\":{\"@id\":\"https:\\\/\\\/globaltraining.com\\\/#website\"},\"primaryImageOfPage\":{\"@id\":\"https:\\\/\\\/globaltraining.com\\\/product\\\/powdered-actuated-tool-safety\\\/#primaryimage\"},\"image\":{\"@id\":\"https:\\\/\\\/globaltraining.com\\\/product\\\/powdered-actuated-tool-safety\\\/#primaryimage\"},\"thumbnailUrl\":\"https:\\\/\\\/globaltraining.com\\\/wp-content\\\/uploads\\\/2023\\\/06\\\/Powder-Actuated-Tool-Featured-1.jpg\",\"datePublished\":\"2023-09-11T16:55:35+00:00\",\"dateModified\":\"2024-11-27T22:57:40+00:00\",\"description\":\"Master powdered actual tool safety with our comprehensive course. Learn to handle and operate powdered actual tools safely. Enroll today!\",\"breadcrumb\":{\"@id\":\"https:\\\/\\\/globaltraining.com\\\/product\\\/powdered-actuated-tool-safety\\\/#breadcrumb\"},\"inLanguage\":\"es-MX\",\"potentialAction\":[{\"@type\":\"ReadAction\",\"target\":[\"https:\\\/\\\/globaltraining.com\\\/product\\\/powdered-actuated-tool-safety\\\/\"]}]},{\"@type\":\"ImageObject\",\"inLanguage\":\"es-MX\",\"@id\":\"https:\\\/\\\/globaltraining.com\\\/product\\\/powdered-actuated-tool-safety\\\/#primaryimage\",\"url\":\"https:\\\/\\\/globaltraining.com\\\/wp-content\\\/uploads\\\/2023\\\/06\\\/Powder-Actuated-Tool-Featured-1.jpg\",\"contentUrl\":\"https:\\\/\\\/globaltraining.com\\\/wp-content\\\/uploads\\\/2023\\\/06\\\/Powder-Actuated-Tool-Featured-1.jpg\",\"width\":1200,\"height\":800,\"caption\":\"Powdered Actuated Tool Safety\"},{\"@type\":\"BreadcrumbList\",\"@id\":\"https:\\\/\\\/globaltraining.com\\\/product\\\/powdered-actuated-tool-safety\\\/#breadcrumb\",\"itemListElement\":[{\"@type\":\"ListItem\",\"position\":1,\"name\":\"Home\",\"item\":\"https:\\\/\\\/globaltraining.com\\\/\"},{\"@type\":\"ListItem\",\"position\":2,\"name\":\"Productos\",\"item\":\"https:\\\/\\\/globaltraining.com\\\/es\\\/shop\\\/\"},{\"@type\":\"ListItem\",\"position\":3,\"name\":\"Powdered Actual Tool Safety\"}]},{\"@type\":\"WebSite\",\"@id\":\"https:\\\/\\\/globaltraining.com\\\/#website\",\"url\":\"https:\\\/\\\/globaltraining.com\\\/\",\"name\":\"Global Safety & Environmental\",\"description\":\"Full Service Health, Safety, and Environmental Courses\",\"publisher\":{\"@id\":\"https:\\\/\\\/globaltraining.com\\\/#organization\"},\"potentialAction\":[{\"@type\":\"SearchAction\",\"target\":{\"@type\":\"EntryPoint\",\"urlTemplate\":\"https:\\\/\\\/globaltraining.com\\\/?s={search_term_string}\"},\"query-input\":{\"@type\":\"PropertyValueSpecification\",\"valueRequired\":true,\"valueName\":\"search_term_string\"}}],\"inLanguage\":\"es-MX\"},{\"@type\":\"Organization\",\"@id\":\"https:\\\/\\\/globaltraining.com\\\/#organization\",\"name\":\"Global Safety & Environmental\",\"url\":\"https:\\\/\\\/globaltraining.com\\\/\",\"logo\":{\"@type\":\"ImageObject\",\"inLanguage\":\"es-MX\",\"@id\":\"https:\\\/\\\/globaltraining.com\\\/#\\\/schema\\\/logo\\\/image\\\/\",\"url\":\"https:\\\/\\\/globaltraining.com\\\/wp-content\\\/uploads\\\/2021\\\/01\\\/GSE-Logo-for-email.png\",\"contentUrl\":\"https:\\\/\\\/globaltraining.com\\\/wp-content\\\/uploads\\\/2021\\\/01\\\/GSE-Logo-for-email.png\",\"width\":400,\"height\":101,\"caption\":\"Global Safety & Environmental\"},\"image\":{\"@id\":\"https:\\\/\\\/globaltraining.com\\\/#\\\/schema\\\/logo\\\/image\\\/\"}}]}<\/script>\n<!-- \/ Yoast SEO plugin. -->","yoast_head_json":{"title":"Seguridad de herramientas reales en polvo - Seguridad y medio ambiente global","description":"Domine la seguridad con herramientas reales en polvo con nuestro curso completo. Aprenda a manipular y operar herramientas reales en polvo de forma segura. \u00a1Inscr\u00edbase hoy!","robots":{"index":"index","follow":"follow","max-snippet":"max-snippet:-1","max-image-preview":"max-image-preview:large","max-video-preview":"max-video-preview:-1"},"canonical":"https:\/\/globaltraining.com\/es\/producto\/seguridad-de-herramientas-accionadas-por-polvo\/","og_locale":"es_MX","og_type":"article","og_title":"Powdered Actual Tool Safety - Global Safety &amp; Environmental","og_description":"Master powdered actual tool safety with our comprehensive course. Learn to handle and operate powdered actual tools safely. Enroll today!","og_url":"https:\/\/globaltraining.com\/es\/producto\/seguridad-de-herramientas-accionadas-por-polvo\/","og_site_name":"Global Safety &amp; Environmental","article_modified_time":"2024-11-27T22:57:40+00:00","og_image":[{"width":1200,"height":800,"url":"https:\/\/globaltraining.com\/wp-content\/uploads\/2023\/06\/Powder-Actuated-Tool-Featured-1.jpg","type":"image\/jpeg"}],"twitter_card":"summary_large_image","twitter_misc":{"Est. reading time":"2 minutes"},"schema":{"@context":"https:\/\/schema.org","@graph":[{"@type":"WebPage","@id":"https:\/\/globaltraining.com\/product\/powdered-actuated-tool-safety\/","url":"https:\/\/globaltraining.com\/product\/powdered-actuated-tool-safety\/","name":"Seguridad de herramientas reales en polvo - Seguridad y medio ambiente global","isPartOf":{"@id":"https:\/\/globaltraining.com\/#website"},"primaryImageOfPage":{"@id":"https:\/\/globaltraining.com\/product\/powdered-actuated-tool-safety\/#primaryimage"},"image":{"@id":"https:\/\/globaltraining.com\/product\/powdered-actuated-tool-safety\/#primaryimage"},"thumbnailUrl":"https:\/\/globaltraining.com\/wp-content\/uploads\/2023\/06\/Powder-Actuated-Tool-Featured-1.jpg","datePublished":"2023-09-11T16:55:35+00:00","dateModified":"2024-11-27T22:57:40+00:00","description":"Domine la seguridad con herramientas reales en polvo con nuestro curso completo. Aprenda a manipular y operar herramientas reales en polvo de forma segura. \u00a1Inscr\u00edbase hoy!","breadcrumb":{"@id":"https:\/\/globaltraining.com\/product\/powdered-actuated-tool-safety\/#breadcrumb"},"inLanguage":"es-MX","potentialAction":[{"@type":"ReadAction","target":["https:\/\/globaltraining.com\/product\/powdered-actuated-tool-safety\/"]}]},{"@type":"ImageObject","inLanguage":"es-MX","@id":"https:\/\/globaltraining.com\/product\/powdered-actuated-tool-safety\/#primaryimage","url":"https:\/\/globaltraining.com\/wp-content\/uploads\/2023\/06\/Powder-Actuated-Tool-Featured-1.jpg","contentUrl":"https:\/\/globaltraining.com\/wp-content\/uploads\/2023\/06\/Powder-Actuated-Tool-Featured-1.jpg","width":1200,"height":800,"caption":"Powdered Actuated Tool Safety"},{"@type":"BreadcrumbList","@id":"https:\/\/globaltraining.com\/product\/powdered-actuated-tool-safety\/#breadcrumb","itemListElement":[{"@type":"ListItem","position":1,"name":"Home","item":"https:\/\/globaltraining.com\/"},{"@type":"ListItem","position":2,"name":"Productos","item":"https:\/\/globaltraining.com\/es\/shop\/"},{"@type":"ListItem","position":3,"name":"Powdered Actual Tool Safety"}]},{"@type":"WebSite","@id":"https:\/\/globaltraining.com\/#website","url":"https:\/\/globaltraining.com\/","name":"Seguridad y medio ambiente a nivel mundial","description":"Cursos completos de salud, seguridad y medio ambiente","publisher":{"@id":"https:\/\/globaltraining.com\/#organization"},"potentialAction":[{"@type":"SearchAction","target":{"@type":"EntryPoint","urlTemplate":"https:\/\/globaltraining.com\/?s={search_term_string}"},"query-input":{"@type":"PropertyValueSpecification","valueRequired":true,"valueName":"search_term_string"}}],"inLanguage":"es-MX"},{"@type":"Organization","@id":"https:\/\/globaltraining.com\/#organization","name":"Seguridad y medio ambiente a nivel mundial","url":"https:\/\/globaltraining.com\/","logo":{"@type":"ImageObject","inLanguage":"es-MX","@id":"https:\/\/globaltraining.com\/#\/schema\/logo\/image\/","url":"https:\/\/globaltraining.com\/wp-content\/uploads\/2021\/01\/GSE-Logo-for-email.png","contentUrl":"https:\/\/globaltraining.com\/wp-content\/uploads\/2021\/01\/GSE-Logo-for-email.png","width":400,"height":101,"caption":"Global Safety & Environmental"},"image":{"@id":"https:\/\/globaltraining.com\/#\/schema\/logo\/image\/"}}]}},"_links":{"self":[{"href":"https:\/\/globaltraining.com\/es\/wp-json\/wp\/v2\/product\/28556","targetHints":{"allow":["GET"]}}],"collection":[{"href":"https:\/\/globaltraining.com\/es\/wp-json\/wp\/v2\/product"}],"about":[{"href":"https:\/\/globaltraining.com\/es\/wp-json\/wp\/v2\/types\/product"}],"wp:featuredmedia":[{"embeddable":true,"href":"https:\/\/globaltraining.com\/es\/wp-json\/wp\/v2\/media\/15325"}],"wp:attachment":[{"href":"https:\/\/globaltraining.com\/es\/wp-json\/wp\/v2\/media?parent=28556"}],"wp:term":[{"taxonomy":"product_brand","embeddable":true,"href":"https:\/\/globaltraining.com\/es\/wp-json\/wp\/v2\/product_brand?post=28556"},{"taxonomy":"product_cat","embeddable":true,"href":"https:\/\/globaltraining.com\/es\/wp-json\/wp\/v2\/product_cat?post=28556"},{"taxonomy":"product_tag","embeddable":true,"href":"https:\/\/globaltraining.com\/es\/wp-json\/wp\/v2\/product_tag?post=28556"}],"curies":[{"name":"Gracias","href":"https:\/\/api.w.org\/{rel}","templated":true}]}}