{"id":28553,"date":"2023-09-11T11:34:28","date_gmt":"2023-09-11T16:34:28","guid":{"rendered":"https:\/\/globaltraining.com\/?post_type=product&#038;p=28553"},"modified":"2024-11-27T16:59:31","modified_gmt":"2024-11-27T22:59:31","slug":"mantenimiento-de-registros-de-osha","status":"publish","type":"product","link":"https:\/\/globaltraining.com\/es\/product\/osha-recordkeeping\/","title":{"rendered":"Mantenimiento de registros de OSHA"},"content":{"rendered":"<h2>Dominar el mantenimiento eficaz de registros de OSHA: simplificar el cumplimiento<\/h2>\n<p>El mantenimiento de registros de OSHA juega un papel fundamental para garantizar la seguridad en el lugar de trabajo y el cumplimiento de las regulaciones. Obtener una comprensi\u00f3n integral del mantenimiento de registros, que abarca el registro OSHA 300 y el formulario OSHA 300A, resulta indispensable tanto para los empleadores como para los empleados. Nuestro curso integral sobre mantenimiento de registros est\u00e1 dise\u00f1ado para brindarle el conocimiento y la experiencia necesarios para mantener registros precisos, garantizando as\u00ed el estricto cumplimiento de las regulaciones de OSHA.<\/p>\n<h2>Desmitificando el registro OSHA 300<\/h2>\n<p>El registro OSHA 300 es un documento crucial para rastrear y documentar lesiones y enfermedades en el lugar de trabajo. Sirve como un registro hist\u00f3rico que ayuda a reconocer patrones en el lugar de trabajo y \u00e1reas que requieren mejora. En nuestro curso, adquirir\u00e1 una comprensi\u00f3n profunda de c\u00f3mo utilizar y administrar eficientemente el registro OSHA 300, garantizando un mantenimiento de registros meticuloso y compatible.<\/p>\n<h2>Simplificaci\u00f3n de los informes de cumplimiento con el formulario 300A de OSHA<\/h2>\n<p>Completar el formulario OSHA 300A anualmente es una obligaci\u00f3n obligatoria que consolida los datos sobre lesiones y enfermedades en el lugar de trabajo del registro OSHA 300. Este formulario debe exhibirse en el lugar de trabajo y enviarse a OSHA. Nuestro curso brindar\u00e1 orientaci\u00f3n paso a paso sobre c\u00f3mo completar de manera precisa y puntual el formulario 300A de OSHA, agilizando los informes de cumplimiento y evitando posibles sanciones.<\/p>\n<h2>\u00bfPor qu\u00e9 optar por nuestro curso?<\/h2>\n<p>Inscribirse en nuestro curso ofrece una gran cantidad de ventajas. Adquirir\u00e1 una comprensi\u00f3n profunda de los requisitos previos y las mejores pr\u00e1cticas de mantenimiento de registros de OSHA, lo que garantizar\u00e1 su capacidad para mantener registros precisos y que cumplan con las normas. Nuestra certificaci\u00f3n no solo mejora su curr\u00edculum, sino que tambi\u00e9n significa su dedicaci\u00f3n inquebrantable a la seguridad en el lugar de trabajo y el cumplimiento de las regulaciones, elevando su valor para cualquier organizaci\u00f3n.<\/p>\n<h2>\u00a1Tome el mando del mantenimiento de registros de OSHA hoy!<\/h2>\n<p>No deje al azar el mantenimiento de registros de OSHA. Inscr\u00edbase hoy en nuestro curso y tome el control del cumplimiento y las medidas de seguridad de su lugar de trabajo. Ya sea que asuma el papel de un empleador responsable del mantenimiento de registros o de un empleado que se esfuerza por comprender el proceso, este curso le permitir\u00e1 navegar con confianza en el mantenimiento de registros. Obtenga su certificaci\u00f3n sin demora y contribuya activamente a un lugar de trabajo m\u00e1s seguro y que cumpla con las normas.<\/p>","protected":false},"excerpt":{"rendered":"<p>Mastering Effective OSHA Recordkeeping: Simplifying Compliance OSHA recordkeeping plays a pivotal role in ensuring workplace safety and adherence to regulations. Gaining a comprehensive understanding of recordkeeping, which encompasses the OSHA 300 log and OSHA Form 300A, proves indispensable for both employers and employees. Our all-inclusive course on record keeping is designed to provide you with [&hellip;]<\/p>\n","protected":false},"featured_media":27169,"template":"","meta":{"_et_pb_use_builder":"","_et_pb_old_content":"","_et_gb_content_width":""},"product_brand":[],"product_cat":[119,150,152,157],"product_tag":[],"class_list":{"0":"post-28553","1":"product","2":"type-product","3":"status-publish","4":"has-post-thumbnail","6":"product_cat-audit-readiness","7":"product_cat-inspection","8":"product_cat-management-training","9":"product_cat-occupational-safety-admin","11":"first","12":"instock","13":"virtual","14":"sold-individually","15":"purchasable","16":"product-type-simple"},"yoast_head":"<!-- This site is optimized with the Yoast SEO plugin v27.4 - https:\/\/yoast.com\/product\/yoast-seo-wordpress\/ -->\n<title>OSHA Recordkeeping - Global Safety &amp; Environmental<\/title>\n<meta name=\"description\" content=\"Master OSHA recordkeeping with our comprehensive course. Learn about OSHA 300 log and Form 300A. Ensure workplace compliance. Enroll today!\" \/>\n<meta name=\"robots\" content=\"index, follow, max-snippet:-1, max-image-preview:large, max-video-preview:-1\" \/>\n<link rel=\"canonical\" href=\"https:\/\/globaltraining.com\/es\/producto\/mantenimiento-de-registros-de-osha\/\" \/>\n<meta property=\"og:locale\" content=\"es_MX\" \/>\n<meta property=\"og:type\" content=\"article\" \/>\n<meta property=\"og:title\" content=\"OSHA Recordkeeping - Global Safety &amp; Environmental\" \/>\n<meta property=\"og:description\" content=\"Master OSHA recordkeeping with our comprehensive course. Learn about OSHA 300 log and Form 300A. Ensure workplace compliance. Enroll today!\" \/>\n<meta property=\"og:url\" content=\"https:\/\/globaltraining.com\/es\/producto\/mantenimiento-de-registros-de-osha\/\" \/>\n<meta property=\"og:site_name\" content=\"Global Safety &amp; Environmental\" \/>\n<meta property=\"article:modified_time\" content=\"2024-11-27T22:59:31+00:00\" \/>\n<meta property=\"og:image\" content=\"https:\/\/globaltraining.com\/wp-content\/uploads\/2021\/09\/folders-files-resources-shutterstock-e1621371915985.jpg\" \/>\n\t<meta property=\"og:image:width\" content=\"1200\" \/>\n\t<meta property=\"og:image:height\" content=\"801\" \/>\n\t<meta property=\"og:image:type\" content=\"image\/jpeg\" \/>\n<meta name=\"twitter:card\" content=\"summary_large_image\" \/>\n<meta name=\"twitter:label1\" content=\"Est. reading time\" \/>\n\t<meta name=\"twitter:data1\" content=\"2 minutes\" \/>\n<script type=\"application\/ld+json\" class=\"yoast-schema-graph\">{\"@context\":\"https:\\\/\\\/schema.org\",\"@graph\":[{\"@type\":\"WebPage\",\"@id\":\"https:\\\/\\\/globaltraining.com\\\/product\\\/osha-recordkeeping\\\/\",\"url\":\"https:\\\/\\\/globaltraining.com\\\/product\\\/osha-recordkeeping\\\/\",\"name\":\"OSHA Recordkeeping - Global Safety &amp; Environmental\",\"isPartOf\":{\"@id\":\"https:\\\/\\\/globaltraining.com\\\/#website\"},\"primaryImageOfPage\":{\"@id\":\"https:\\\/\\\/globaltraining.com\\\/product\\\/osha-recordkeeping\\\/#primaryimage\"},\"image\":{\"@id\":\"https:\\\/\\\/globaltraining.com\\\/product\\\/osha-recordkeeping\\\/#primaryimage\"},\"thumbnailUrl\":\"https:\\\/\\\/globaltraining.com\\\/wp-content\\\/uploads\\\/2021\\\/09\\\/folders-files-resources-shutterstock-e1621371915985.jpg\",\"datePublished\":\"2023-09-11T16:34:28+00:00\",\"dateModified\":\"2024-11-27T22:59:31+00:00\",\"description\":\"Master OSHA recordkeeping with our comprehensive course. Learn about OSHA 300 log and Form 300A. Ensure workplace compliance. Enroll today!\",\"breadcrumb\":{\"@id\":\"https:\\\/\\\/globaltraining.com\\\/product\\\/osha-recordkeeping\\\/#breadcrumb\"},\"inLanguage\":\"es-MX\",\"potentialAction\":[{\"@type\":\"ReadAction\",\"target\":[\"https:\\\/\\\/globaltraining.com\\\/product\\\/osha-recordkeeping\\\/\"]}]},{\"@type\":\"ImageObject\",\"inLanguage\":\"es-MX\",\"@id\":\"https:\\\/\\\/globaltraining.com\\\/product\\\/osha-recordkeeping\\\/#primaryimage\",\"url\":\"https:\\\/\\\/globaltraining.com\\\/wp-content\\\/uploads\\\/2021\\\/09\\\/folders-files-resources-shutterstock-e1621371915985.jpg\",\"contentUrl\":\"https:\\\/\\\/globaltraining.com\\\/wp-content\\\/uploads\\\/2021\\\/09\\\/folders-files-resources-shutterstock-e1621371915985.jpg\",\"width\":1200,\"height\":801,\"caption\":\"OSHA Recordkeeping\"},{\"@type\":\"BreadcrumbList\",\"@id\":\"https:\\\/\\\/globaltraining.com\\\/product\\\/osha-recordkeeping\\\/#breadcrumb\",\"itemListElement\":[{\"@type\":\"ListItem\",\"position\":1,\"name\":\"Home\",\"item\":\"https:\\\/\\\/globaltraining.com\\\/\"},{\"@type\":\"ListItem\",\"position\":2,\"name\":\"Productos\",\"item\":\"https:\\\/\\\/globaltraining.com\\\/es\\\/shop\\\/\"},{\"@type\":\"ListItem\",\"position\":3,\"name\":\"OSHA Recordkeeping\"}]},{\"@type\":\"WebSite\",\"@id\":\"https:\\\/\\\/globaltraining.com\\\/#website\",\"url\":\"https:\\\/\\\/globaltraining.com\\\/\",\"name\":\"Global Safety & Environmental\",\"description\":\"Full Service Health, Safety, and Environmental Courses\",\"publisher\":{\"@id\":\"https:\\\/\\\/globaltraining.com\\\/#organization\"},\"potentialAction\":[{\"@type\":\"SearchAction\",\"target\":{\"@type\":\"EntryPoint\",\"urlTemplate\":\"https:\\\/\\\/globaltraining.com\\\/?s={search_term_string}\"},\"query-input\":{\"@type\":\"PropertyValueSpecification\",\"valueRequired\":true,\"valueName\":\"search_term_string\"}}],\"inLanguage\":\"es-MX\"},{\"@type\":\"Organization\",\"@id\":\"https:\\\/\\\/globaltraining.com\\\/#organization\",\"name\":\"Global Safety & Environmental\",\"url\":\"https:\\\/\\\/globaltraining.com\\\/\",\"logo\":{\"@type\":\"ImageObject\",\"inLanguage\":\"es-MX\",\"@id\":\"https:\\\/\\\/globaltraining.com\\\/#\\\/schema\\\/logo\\\/image\\\/\",\"url\":\"https:\\\/\\\/globaltraining.com\\\/wp-content\\\/uploads\\\/2021\\\/01\\\/GSE-Logo-for-email.png\",\"contentUrl\":\"https:\\\/\\\/globaltraining.com\\\/wp-content\\\/uploads\\\/2021\\\/01\\\/GSE-Logo-for-email.png\",\"width\":400,\"height\":101,\"caption\":\"Global Safety & Environmental\"},\"image\":{\"@id\":\"https:\\\/\\\/globaltraining.com\\\/#\\\/schema\\\/logo\\\/image\\\/\"}}]}<\/script>\n<!-- \/ Yoast SEO plugin. -->","yoast_head_json":{"title":"Registro de OSHA - Seguridad y medio ambiente global","description":"Domine la gesti\u00f3n de registros de OSHA con nuestro curso integral. Aprenda sobre el registro OSHA 300 y el Formulario 300A. Garantice el cumplimiento en el lugar de trabajo. \u00a1Inscr\u00edbase hoy!","robots":{"index":"index","follow":"follow","max-snippet":"max-snippet:-1","max-image-preview":"max-image-preview:large","max-video-preview":"max-video-preview:-1"},"canonical":"https:\/\/globaltraining.com\/es\/producto\/mantenimiento-de-registros-de-osha\/","og_locale":"es_MX","og_type":"article","og_title":"OSHA Recordkeeping - Global Safety &amp; Environmental","og_description":"Master OSHA recordkeeping with our comprehensive course. Learn about OSHA 300 log and Form 300A. Ensure workplace compliance. Enroll today!","og_url":"https:\/\/globaltraining.com\/es\/producto\/mantenimiento-de-registros-de-osha\/","og_site_name":"Global Safety &amp; Environmental","article_modified_time":"2024-11-27T22:59:31+00:00","og_image":[{"width":1200,"height":801,"url":"https:\/\/globaltraining.com\/wp-content\/uploads\/2021\/09\/folders-files-resources-shutterstock-e1621371915985.jpg","type":"image\/jpeg"}],"twitter_card":"summary_large_image","twitter_misc":{"Est. reading time":"2 minutes"},"schema":{"@context":"https:\/\/schema.org","@graph":[{"@type":"WebPage","@id":"https:\/\/globaltraining.com\/product\/osha-recordkeeping\/","url":"https:\/\/globaltraining.com\/product\/osha-recordkeeping\/","name":"Registro de OSHA - Seguridad y medio ambiente global","isPartOf":{"@id":"https:\/\/globaltraining.com\/#website"},"primaryImageOfPage":{"@id":"https:\/\/globaltraining.com\/product\/osha-recordkeeping\/#primaryimage"},"image":{"@id":"https:\/\/globaltraining.com\/product\/osha-recordkeeping\/#primaryimage"},"thumbnailUrl":"https:\/\/globaltraining.com\/wp-content\/uploads\/2021\/09\/folders-files-resources-shutterstock-e1621371915985.jpg","datePublished":"2023-09-11T16:34:28+00:00","dateModified":"2024-11-27T22:59:31+00:00","description":"Domine la gesti\u00f3n de registros de OSHA con nuestro curso integral. Aprenda sobre el registro OSHA 300 y el Formulario 300A. Garantice el cumplimiento en el lugar de trabajo. \u00a1Inscr\u00edbase hoy!","breadcrumb":{"@id":"https:\/\/globaltraining.com\/product\/osha-recordkeeping\/#breadcrumb"},"inLanguage":"es-MX","potentialAction":[{"@type":"ReadAction","target":["https:\/\/globaltraining.com\/product\/osha-recordkeeping\/"]}]},{"@type":"ImageObject","inLanguage":"es-MX","@id":"https:\/\/globaltraining.com\/product\/osha-recordkeeping\/#primaryimage","url":"https:\/\/globaltraining.com\/wp-content\/uploads\/2021\/09\/folders-files-resources-shutterstock-e1621371915985.jpg","contentUrl":"https:\/\/globaltraining.com\/wp-content\/uploads\/2021\/09\/folders-files-resources-shutterstock-e1621371915985.jpg","width":1200,"height":801,"caption":"OSHA Recordkeeping"},{"@type":"BreadcrumbList","@id":"https:\/\/globaltraining.com\/product\/osha-recordkeeping\/#breadcrumb","itemListElement":[{"@type":"ListItem","position":1,"name":"Home","item":"https:\/\/globaltraining.com\/"},{"@type":"ListItem","position":2,"name":"Productos","item":"https:\/\/globaltraining.com\/es\/shop\/"},{"@type":"ListItem","position":3,"name":"OSHA Recordkeeping"}]},{"@type":"WebSite","@id":"https:\/\/globaltraining.com\/#website","url":"https:\/\/globaltraining.com\/","name":"Seguridad y medio ambiente a nivel mundial","description":"Cursos completos de salud, seguridad y medio ambiente","publisher":{"@id":"https:\/\/globaltraining.com\/#organization"},"potentialAction":[{"@type":"SearchAction","target":{"@type":"EntryPoint","urlTemplate":"https:\/\/globaltraining.com\/?s={search_term_string}"},"query-input":{"@type":"PropertyValueSpecification","valueRequired":true,"valueName":"search_term_string"}}],"inLanguage":"es-MX"},{"@type":"Organization","@id":"https:\/\/globaltraining.com\/#organization","name":"Seguridad y medio ambiente a nivel mundial","url":"https:\/\/globaltraining.com\/","logo":{"@type":"ImageObject","inLanguage":"es-MX","@id":"https:\/\/globaltraining.com\/#\/schema\/logo\/image\/","url":"https:\/\/globaltraining.com\/wp-content\/uploads\/2021\/01\/GSE-Logo-for-email.png","contentUrl":"https:\/\/globaltraining.com\/wp-content\/uploads\/2021\/01\/GSE-Logo-for-email.png","width":400,"height":101,"caption":"Global Safety & Environmental"},"image":{"@id":"https:\/\/globaltraining.com\/#\/schema\/logo\/image\/"}}]}},"_links":{"self":[{"href":"https:\/\/globaltraining.com\/es\/wp-json\/wp\/v2\/product\/28553","targetHints":{"allow":["GET"]}}],"collection":[{"href":"https:\/\/globaltraining.com\/es\/wp-json\/wp\/v2\/product"}],"about":[{"href":"https:\/\/globaltraining.com\/es\/wp-json\/wp\/v2\/types\/product"}],"wp:featuredmedia":[{"embeddable":true,"href":"https:\/\/globaltraining.com\/es\/wp-json\/wp\/v2\/media\/27169"}],"wp:attachment":[{"href":"https:\/\/globaltraining.com\/es\/wp-json\/wp\/v2\/media?parent=28553"}],"wp:term":[{"taxonomy":"product_brand","embeddable":true,"href":"https:\/\/globaltraining.com\/es\/wp-json\/wp\/v2\/product_brand?post=28553"},{"taxonomy":"product_cat","embeddable":true,"href":"https:\/\/globaltraining.com\/es\/wp-json\/wp\/v2\/product_cat?post=28553"},{"taxonomy":"product_tag","embeddable":true,"href":"https:\/\/globaltraining.com\/es\/wp-json\/wp\/v2\/product_tag?post=28553"}],"curies":[{"name":"Gracias","href":"https:\/\/api.w.org\/{rel}","templated":true}]}}